{"id":19368,"date":"2025-11-12T14:40:52","date_gmt":"2025-11-12T06:40:52","guid":{"rendered":"https:\/\/believeindustry.company\/?post_type=product&#038;p=19368"},"modified":"2025-11-12T15:18:43","modified_gmt":"2025-11-12T07:18:43","slug":"maquina-formadora-de-rollos-para-revestimiento-de-techos-y-paredes-con-nervaduras-trapezoidales","status":"publish","type":"product","link":"https:\/\/believeindustry.company\/es\/product\/trapezoidal-ribbed-spandeck-roof-and-wall-cladding-roll-forming-machine\/","title":{"rendered":"M\u00e1quina perfiladora de revestimientos de techos y paredes Spandeck con nervaduras trapezoidales"},"content":{"rendered":"<div data-elementor-type=\"product-post\" data-elementor-id=\"19368\" class=\"elementor elementor-19368\" data-elementor-post-type=\"product\">\n\t\t\t\t<div data-particle_enable=\"false\" data-particle-mobile-disabled=\"false\" class=\"elementor-element elementor-element-b5804d4 e-flex e-con-boxed e-con e-parent\" data-id=\"b5804d4\" data-element_type=\"container\" data-e-type=\"container\">\n\t\t\t\t\t<div class=\"e-con-inner\">\n\t\t\t\t<div class=\"elementor-element elementor-element-ae66b95 elementor-widget elementor-widget-heading\" data-id=\"ae66b95\" data-element_type=\"widget\" data-e-type=\"widget\" data-widget_type=\"heading.default\">\n\t\t\t\t<div class=\"elementor-widget-container\">\n\t\t\t\t\t<h2 class=\"elementor-heading-title elementor-size-default\">Breve introducci\u00f3n<\/h2>\t\t\t\t<\/div>\n\t\t\t\t<\/div>\n\t\t\t\t\t<\/div>\n\t\t\t\t<\/div>\n\t\t<div data-particle_enable=\"false\" data-particle-mobile-disabled=\"false\" class=\"elementor-element elementor-element-bd8d2d6 e-flex e-con-boxed e-con e-parent\" data-id=\"bd8d2d6\" data-element_type=\"container\" data-e-type=\"container\">\n\t\t\t\t\t<div class=\"e-con-inner\">\n\t\t\t\t<div class=\"elementor-element elementor-element-92201ec elementor-widget elementor-widget-text-editor\" data-id=\"92201ec\" data-element_type=\"widget\" data-e-type=\"widget\" data-widget_type=\"text-editor.default\">\n\t\t\t\t<div class=\"elementor-widget-container\">\n\t\t\t\t\t\t\t\t\t<p>La perfiladora de techos y revestimientos de paredes con nervaduras trapezoidales est\u00e1 dise\u00f1ada para la producci\u00f3n de paneles met\u00e1licos para techos y paredes con nervaduras trapezoidales. Controlada por un sistema PLC, la m\u00e1quina es f\u00e1cil de usar; los operadores solo tienen que introducir la cantidad y la longitud necesarias a trav\u00e9s de la pantalla t\u00e1ctil, tras lo cual la m\u00e1quina inicia autom\u00e1ticamente la producci\u00f3n y se detiene al finalizar la tarea programada.<\/p>\t\t\t\t\t\t\t\t<\/div>\n\t\t\t\t<\/div>\n\t\t\t\t\t<\/div>\n\t\t\t\t<\/div>\n\t\t<div data-particle_enable=\"false\" data-particle-mobile-disabled=\"false\" class=\"elementor-element elementor-element-727880a e-flex e-con-boxed e-con e-parent\" data-id=\"727880a\" data-element_type=\"container\" data-e-type=\"container\">\n\t\t\t\t\t<div class=\"e-con-inner\">\n\t\t\t\t<div class=\"elementor-element elementor-element-47b99bf elementor-widget elementor-widget-heading\" data-id=\"47b99bf\" data-element_type=\"widget\" data-e-type=\"widget\" data-widget_type=\"heading.default\">\n\t\t\t\t<div class=\"elementor-widget-container\">\n\t\t\t\t\t<h2 class=\"elementor-heading-title elementor-size-default\">Componentes clave de la m\u00e1quina y proceso de trabajo<\/h2>\t\t\t\t<\/div>\n\t\t\t\t<\/div>\n\t\t\t\t<div class=\"elementor-element elementor-element-b9679a3 elementor-widget elementor-widget-text-editor\" data-id=\"b9679a3\" data-element_type=\"widget\" data-e-type=\"widget\" data-widget_type=\"text-editor.default\">\n\t\t\t\t<div class=\"elementor-widget-container\">\n\t\t\t\t\t\t\t\t\t<ol><li>Desenrollador hidr\u00e1ulico de 5 toneladas<\/li><li>Dispositivo de recubrimiento de pel\u00edcula pl\u00e1stica<\/li><li>Gu\u00eda de alimentaci\u00f3n<\/li><li>Unidad de perfilado<\/li><li>Dispositivo de corte<\/li><li>Mesa de recolecci\u00f3n<\/li><\/ol>\t\t\t\t\t\t\t\t<\/div>\n\t\t\t\t<\/div>\n\t\t\t\t<div class=\"elementor-element elementor-element-9a6b23d elementor-widget elementor-widget-image\" data-id=\"9a6b23d\" data-element_type=\"widget\" data-e-type=\"widget\" data-widget_type=\"image.default\">\n\t\t\t\t<div class=\"elementor-widget-container\">\n\t\t\t\t\t\t\t\t\t\t\t\t\t\t\t<img fetchpriority=\"high\" decoding=\"async\" data-attachment-id=\"19305\" data-permalink=\"https:\/\/believeindustry.company\/es\/?attachment_id=19305\" data-orig-file=\"https:\/\/believeindustry.company\/wp-content\/uploads\/2025\/11\/75mm-Deep-Galvanized-Steel-Floor-Decking-Sheet-Roll-Forming-Machine-Layout.webp\" data-orig-size=\"1449,263\" data-comments-opened=\"1\" data-image-meta=\"{&quot;aperture&quot;:&quot;0&quot;,&quot;credit&quot;:&quot;&quot;,&quot;camera&quot;:&quot;&quot;,&quot;caption&quot;:&quot;&quot;,&quot;created_timestamp&quot;:&quot;0&quot;,&quot;copyright&quot;:&quot;&quot;,&quot;focal_length&quot;:&quot;0&quot;,&quot;iso&quot;:&quot;0&quot;,&quot;shutter_speed&quot;:&quot;0&quot;,&quot;title&quot;:&quot;&quot;,&quot;orientation&quot;:&quot;0&quot;}\" data-image-title=\"75mm Deep Galvanized Steel Floor Decking Sheet Roll Forming Machine Layout\" data-image-description=\"\" data-image-caption=\"\" data-large-file=\"https:\/\/believeindustry.company\/wp-content\/uploads\/2025\/11\/75mm-Deep-Galvanized-Steel-Floor-Decking-Sheet-Roll-Forming-Machine-Layout-1024x186.webp\" width=\"1024\" height=\"186\" src=\"https:\/\/believeindustry.company\/wp-content\/uploads\/2025\/11\/75mm-Deep-Galvanized-Steel-Floor-Decking-Sheet-Roll-Forming-Machine-Layout-1024x186.webp\" class=\"attachment-large size-large wp-image-19305\" alt=\"M\u00e1quina perfiladora de l\u00e1minas de acero galvanizado para entarimado de 75 mm de profundidad\" srcset=\"https:\/\/believeindustry.company\/wp-content\/uploads\/2025\/11\/75mm-Deep-Galvanized-Steel-Floor-Decking-Sheet-Roll-Forming-Machine-Layout-1024x186.webp 1024w, https:\/\/believeindustry.company\/wp-content\/uploads\/2025\/11\/75mm-Deep-Galvanized-Steel-Floor-Decking-Sheet-Roll-Forming-Machine-Layout-300x54.webp 300w, https:\/\/believeindustry.company\/wp-content\/uploads\/2025\/11\/75mm-Deep-Galvanized-Steel-Floor-Decking-Sheet-Roll-Forming-Machine-Layout-768x139.webp 768w, https:\/\/believeindustry.company\/wp-content\/uploads\/2025\/11\/75mm-Deep-Galvanized-Steel-Floor-Decking-Sheet-Roll-Forming-Machine-Layout-600x109.webp 600w, https:\/\/believeindustry.company\/wp-content\/uploads\/2025\/11\/75mm-Deep-Galvanized-Steel-Floor-Decking-Sheet-Roll-Forming-Machine-Layout.webp 1449w\" sizes=\"(max-width: 1024px) 100vw, 1024px\" \/>\t\t\t\t\t\t\t\t\t\t\t\t\t\t\t<\/div>\n\t\t\t\t<\/div>\n\t\t\t\t<div class=\"elementor-element elementor-element-b34e462 elementor-widget elementor-widget-text-editor\" data-id=\"b34e462\" data-element_type=\"widget\" data-e-type=\"widget\" data-widget_type=\"text-editor.default\">\n\t\t\t\t<div class=\"elementor-widget-container\">\n\t\t\t\t\t\t\t\t\t<p>Proceso de trabajo: desbobinado \u2014 recubrimiento de pel\u00edcula \u2014 alimentaci\u00f3n y guiado \u2014 conformado de rollos \u2014 corte \u2014 recolecci\u00f3n<\/p>\t\t\t\t\t\t\t\t<\/div>\n\t\t\t\t<\/div>\n\t\t\t\t\t<\/div>\n\t\t\t\t<\/div>\n\t\t<div data-particle_enable=\"false\" data-particle-mobile-disabled=\"false\" class=\"elementor-element elementor-element-a72ac5f e-flex e-con-boxed e-con e-parent\" data-id=\"a72ac5f\" data-element_type=\"container\" data-e-type=\"container\">\n\t\t\t\t\t<div class=\"e-con-inner\">\n\t\t\t\t<div class=\"elementor-element elementor-element-4351b83 elementor-widget elementor-widget-heading\" data-id=\"4351b83\" data-element_type=\"widget\" data-e-type=\"widget\" data-widget_type=\"heading.default\">\n\t\t\t\t<div class=\"elementor-widget-container\">\n\t\t\t\t\t<h2 class=\"elementor-heading-title elementor-size-default\">Especificaciones t\u00e9cnicas<\/h2>\t\t\t\t<\/div>\n\t\t\t\t<\/div>\n\t\t\t\t<div class=\"elementor-element elementor-element-38dc776 elementor-widget elementor-widget-text-editor\" data-id=\"38dc776\" data-element_type=\"widget\" data-e-type=\"widget\" data-widget_type=\"text-editor.default\">\n\t\t\t\t<div class=\"elementor-widget-container\">\n\t\t\t\t\t\t\t\t\t<p>La siguiente tabla presenta las especificaciones est\u00e1ndar de nuestra perfiladora Spandeck. Disponemos de opciones de personalizaci\u00f3n para satisfacer requisitos de producci\u00f3n espec\u00edficos.<\/p>\t\t\t\t\t\t\t\t<\/div>\n\t\t\t\t<\/div>\n\t\t\t\t<div class=\"elementor-element elementor-element-6b6fdc6 elementor-widget elementor-widget-text-editor\" data-id=\"6b6fdc6\" data-element_type=\"widget\" data-e-type=\"widget\" data-widget_type=\"text-editor.default\">\n\t\t\t\t<div class=\"elementor-widget-container\">\n\t\t\t\t\t\t\t\t\t<table><tbody><tr><td colspan=\"3\" width=\"698\"><p><strong><b>M\u00e1quina perfiladora de revestimientos de techos y paredes Spandeck con nervaduras trapezoidales<\/b><\/strong><\/p><\/td><\/tr><tr><td width=\"36\"><p>1.\u00a0<\/p><\/td><td width=\"267\"><p>Capacidad de la bobina<\/p><\/td><td width=\"395\"><p>M\u00e1ximo 5.000 kg<\/p><\/td><\/tr><tr><td width=\"36\"><p>2.\u00a0<\/p><\/td><td width=\"267\"><p>Rango de expansi\u00f3n interna de la bobina<\/p><\/td><td width=\"395\"><p>480-520 mm<\/p><\/td><\/tr><tr><td width=\"36\"><p>3.\u00a0<\/p><\/td><td width=\"267\"><p>Velocidad de desenrollado<\/p><\/td><td width=\"395\"><p>M\u00e1ximo 15 m\/min<\/p><\/td><\/tr><tr><td width=\"36\"><p>4.\u00a0<\/p><\/td><td width=\"267\"><p>Estaciones de rodillos<\/p><\/td><td width=\"395\"><p>20 estaciones<\/p><\/td><\/tr><tr><td width=\"36\"><p>5.\u00a0<\/p><\/td><td width=\"267\"><p>Material del eje<\/p><\/td><td width=\"395\"><p>40Cr, 75 mm de di\u00e1metro, HB 220-260<\/p><\/td><\/tr><tr><td width=\"36\"><p>6.\u00a0<\/p><\/td><td width=\"267\"><p>Material del rodillo<\/p><\/td><td width=\"395\"><p>Acero No.45, templado y revenido; cromado con espesor de 0,05 mm<\/p><\/td><\/tr><tr><td width=\"36\"><p>7.\u00a0<\/p><\/td><td width=\"267\"><p>Material del rodillo de estampado<\/p><\/td><td width=\"395\"><p>CR 12 MOV, tratamiento t\u00e9rmico 58-62<\/p><\/td><\/tr><tr><td width=\"36\"><p>8.\u00a0<\/p><\/td><td width=\"267\"><p>Velocidad de formaci\u00f3n<\/p><\/td><td width=\"395\"><p>15-20 m\/min<\/p><\/td><\/tr><tr><td width=\"36\"><p>9.\u00a0<\/p><\/td><td width=\"267\"><p>Potencia del motor<\/p><\/td><td width=\"395\"><p>7,5 kW<\/p><\/td><\/tr><tr><td width=\"36\"><p>10.\u00a0<\/p><\/td><td width=\"267\"><p>M\u00e9todo de conducci\u00f3n<\/p><\/td><td width=\"395\"><p>Transmisi\u00f3n por cadena de doble fila de 1,5\u201d<\/p><\/td><\/tr><tr><td width=\"36\"><p>11.\u00a0<\/p><\/td><td width=\"267\"><p>Poder de corte<\/p><\/td><td width=\"395\"><p>5,5 kW<\/p><\/td><\/tr><tr><td width=\"36\"><p>12.\u00a0<\/p><\/td><td width=\"267\"><p>Material de la cuchilla de corte<\/p><\/td><td width=\"395\"><p>Cr12 Mov, HRC58-62\u00b0<\/p><\/td><\/tr><tr><td width=\"36\"><p>13.\u00a0<\/p><\/td><td width=\"267\"><p>Tolerancia de longitud de corte<\/p><\/td><td width=\"395\"><p>\u00b12 mm para 6 metros<\/p><\/td><\/tr><\/tbody><\/table>\t\t\t\t\t\t\t\t<\/div>\n\t\t\t\t<\/div>\n\t\t\t\t<div class=\"elementor-element elementor-element-00451db elementor-widget elementor-widget-heading\" data-id=\"00451db\" data-element_type=\"widget\" data-e-type=\"widget\" data-widget_type=\"heading.default\">\n\t\t\t\t<div class=\"elementor-widget-container\">\n\t\t\t\t\t<h2 class=\"elementor-heading-title elementor-size-default\">\u00bfPor qu\u00e9 elegir la m\u00e1quina Spandeck de Beli RollForming?<\/h2>\t\t\t\t<\/div>\n\t\t\t\t<\/div>\n\t\t\t\t<div class=\"elementor-element elementor-element-ec765a0 elementor-widget elementor-widget-text-editor\" data-id=\"ec765a0\" data-element_type=\"widget\" data-e-type=\"widget\" data-widget_type=\"text-editor.default\">\n\t\t\t\t<div class=\"elementor-widget-container\">\n\t\t\t\t\t\t\t\t\t<p>Invertir en nuestra m\u00e1quina perfiladora de revestimientos de techos y paredes de spandeck con nervaduras trapezoidales representa un compromiso estrat\u00e9gico con el crecimiento futuro y la sostenibilidad de sus operaciones de fabricaci\u00f3n. Obtendr\u00e1 una ventaja competitiva gracias a una mejor calidad del producto, una alta eficiencia de producci\u00f3n y reducciones sustanciales en los costos de mano de obra y materiales.\u00a0 \u00a0<\/p><p>\u00bfListo para optimizar su l\u00ednea de producci\u00f3n? Explore nuestra gama completa de m\u00e1quinas perfiladoras de alto rendimiento o <a href=\"https:\/\/believeindustry.company\/es\/contacto\/\">Contacte con nuestro equipo de expertos<\/a> hoy para agendar una consulta personalizada y obtener una cotizaci\u00f3n detallada.<\/p>\t\t\t\t\t\t\t\t<\/div>\n\t\t\t\t<\/div>\n\t\t\t\t\t<\/div>\n\t\t\t\t<\/div>\n\t\t\t\t<\/div>","protected":false},"excerpt":{"rendered":"<p><strong>M\u00e1quina perfiladora de revestimientos de techos y paredes Spandeck con nervaduras trapezoidales<\/strong>Beli RollForming es la soluci\u00f3n industrial definitiva para fabricantes que buscan producir paneles de construcci\u00f3n duraderos y de alta calidad con precisi\u00f3n y velocidad inigualables. Esta avanzada m\u00e1quina est\u00e1 dise\u00f1ada para transformar bobinas de metal en bruto en robustos perfiles spandeck, un pilar fundamental de la construcci\u00f3n moderna.<\/p>","protected":false},"featured_media":19411,"comment_status":"closed","ping_status":"closed","template":"","meta":{"_angie_page":false,"jetpack_publicize_message":"","jetpack_publicize_feature_enabled":true,"jetpack_social_post_already_shared":true,"jetpack_social_options":{"image_generator_settings":{"template":"highway","default_image_id":0,"font":"","enabled":false},"version":2},"_wpas_customize_per_network":false},"product_brand":[],"product_cat":[607850689,607850687],"product_tag":[],"class_list":{"0":"post-19368","1":"product","2":"type-product","3":"status-publish","4":"has-post-thumbnail","6":"product_cat-metal-panel","7":"product_cat-steel-structure-and-construction","9":"first","10":"instock","11":"sale","12":"shipping-taxable","13":"purchasable","14":"product-type-simple"},"jetpack_publicize_connections":[],"jetpack_sharing_enabled":true,"jetpack_likes_enabled":false,"jetpack-related-posts":[{"id":4894,"url":"https:\/\/believeindustry.company\/es\/product\/roofseal-clip680-roll-forming-machine\/","url_meta":{"origin":19368,"position":0},"title":"M\u00e1quina formadora de rollos Roofseal Clip680","author":"Believe Industry Group","date":"marzo 13, 2019","format":false,"excerpt":"Roofseal Clip680 Roll Forming Machine Roofseal Clip680 Roll Forming Machine is for product Roofseal clip680 roof as desired length. Which is very famous in Malaysia. Roofseal clip680 Description A premium concealed fixing profile roll formed from high-tensile steel substrate protected with corrosion inhibitive treatment. Possibility of water leakage can be\u2026","rel":"","context":"Entrada similar","block_context":{"text":"Entrada similar","link":""},"img":{"alt_text":"roofseal deck762 roll forming machine","src":"https:\/\/i0.wp.com\/believeindustry.company\/wp-content\/uploads\/2019\/01\/roofseal-deck762-roll-forming-machine.jpg?resize=350%2C200&ssl=1","width":350,"height":200,"srcset":"https:\/\/i0.wp.com\/believeindustry.company\/wp-content\/uploads\/2019\/01\/roofseal-deck762-roll-forming-machine.jpg?resize=350%2C200&ssl=1 1x, https:\/\/i0.wp.com\/believeindustry.company\/wp-content\/uploads\/2019\/01\/roofseal-deck762-roll-forming-machine.jpg?resize=525%2C300&ssl=1 1.5x, https:\/\/i0.wp.com\/believeindustry.company\/wp-content\/uploads\/2019\/01\/roofseal-deck762-roll-forming-machine.jpg?resize=700%2C400&ssl=1 2x"},"classes":[]},{"id":5105,"url":"https:\/\/believeindustry.company\/es\/product\/metal-roof-deck-roll-forming-machine\/","url_meta":{"origin":19368,"position":1},"title":"M\u00e1quina perfiladora de cubiertas met\u00e1licas","author":"Believe Industry Group","date":"marzo 18, 2019","format":false,"excerpt":"Metal roof deck roll forming machine is for producing metal\/steel\/aluminum roof decks as per requirements. \u00a0 Metal Roof Deck Roll Forming Machine What's Metal Roof Deck? Metal deck is a cold formed corrugated steel sheet supported by steel joists\u00a0or beams. It is used to support concrete or insulating membrane of\u2026","rel":"","context":"Entrada similar","block_context":{"text":"Entrada similar","link":""},"img":{"alt_text":"Complete automated metal roof deck roll forming machine production line by Beli.","src":"https:\/\/i0.wp.com\/believeindustry.company\/wp-content\/uploads\/2019\/03\/metal-roof-deck-roll-forming-machine-1.webp?resize=350%2C200&ssl=1","width":350,"height":200,"srcset":"https:\/\/i0.wp.com\/believeindustry.company\/wp-content\/uploads\/2019\/03\/metal-roof-deck-roll-forming-machine-1.webp?resize=350%2C200&ssl=1 1x, https:\/\/i0.wp.com\/believeindustry.company\/wp-content\/uploads\/2019\/03\/metal-roof-deck-roll-forming-machine-1.webp?resize=525%2C300&ssl=1 1.5x, https:\/\/i0.wp.com\/believeindustry.company\/wp-content\/uploads\/2019\/03\/metal-roof-deck-roll-forming-machine-1.webp?resize=700%2C400&ssl=1 2x, https:\/\/i0.wp.com\/believeindustry.company\/wp-content\/uploads\/2019\/03\/metal-roof-deck-roll-forming-machine-1.webp?resize=1050%2C600&ssl=1 3x, https:\/\/i0.wp.com\/believeindustry.company\/wp-content\/uploads\/2019\/03\/metal-roof-deck-roll-forming-machine-1.webp?resize=1400%2C800&ssl=1 4x"},"classes":[]},{"id":1819,"url":"https:\/\/believeindustry.company\/es\/product\/corrugated-roof-sheet-roll-forming-machine\/","url_meta":{"origin":19368,"position":2},"title":"M\u00e1quina formadora de rollos de l\u00e1minas onduladas para techos","author":"Believe Industry Group","date":"mayo 17, 2018","format":false,"excerpt":"A corrugated roof sheet roll forming machine is a continuous metal processing system that bends flat steel or aluminum coils into corrugated roofing panels through a series of sequential roller stations. The machine feeds raw coil stock through 16 to 22 forming stations, where each pair of rollers incrementally bends\u2026","rel":"","context":"Entrada similar","block_context":{"text":"Entrada similar","link":""},"img":{"alt_text":"Fully Automatic Corrugated Roof Sheet Roll Forming Machine Production Line by Beli RollForming","src":"https:\/\/i0.wp.com\/believeindustry.company\/wp-content\/uploads\/2018\/05\/corrugated-roof-sheet-roll-forming-machine.webp?resize=350%2C200&ssl=1","width":350,"height":200,"srcset":"https:\/\/i0.wp.com\/believeindustry.company\/wp-content\/uploads\/2018\/05\/corrugated-roof-sheet-roll-forming-machine.webp?resize=350%2C200&ssl=1 1x, https:\/\/i0.wp.com\/believeindustry.company\/wp-content\/uploads\/2018\/05\/corrugated-roof-sheet-roll-forming-machine.webp?resize=525%2C300&ssl=1 1.5x, https:\/\/i0.wp.com\/believeindustry.company\/wp-content\/uploads\/2018\/05\/corrugated-roof-sheet-roll-forming-machine.webp?resize=700%2C400&ssl=1 2x, https:\/\/i0.wp.com\/believeindustry.company\/wp-content\/uploads\/2018\/05\/corrugated-roof-sheet-roll-forming-machine.webp?resize=1050%2C600&ssl=1 3x, https:\/\/i0.wp.com\/believeindustry.company\/wp-content\/uploads\/2018\/05\/corrugated-roof-sheet-roll-forming-machine.webp?resize=1400%2C800&ssl=1 4x"},"classes":[]},{"id":19473,"url":"https:\/\/believeindustry.company\/es\/product\/metal-tile-roof-panel-roll-forming-machine\/","url_meta":{"origin":19368,"position":3},"title":"M\u00e1quina perfiladora de paneles de tejas met\u00e1licas","author":"Believe Industry Group","date":"noviembre 13, 2025","format":false,"excerpt":"Las m\u00e1quinas perfiladoras de paneles de tejas met\u00e1licas para techos son la piedra angular de la fabricaci\u00f3n moderna y eficiente de materiales de construcci\u00f3n. En Beli RollForming, dise\u00f1amos estos sistemas avanzados para convertir bobinas de acero en bruto en paneles de tejas met\u00e1licas de alta precisi\u00f3n y est\u00e9ticamente atractivos, con una consistencia y velocidad excepcionales.","rel":"","context":"Entrada similar","block_context":{"text":"Entrada similar","link":""},"img":{"alt_text":"metal tile roof panel roll forming machine","src":"https:\/\/i0.wp.com\/believeindustry.company\/wp-content\/uploads\/2025\/11\/Metal-Tile-Roof-Panel-Roll-Forming-Machine.webp?resize=350%2C200&ssl=1","width":350,"height":200,"srcset":"https:\/\/i0.wp.com\/believeindustry.company\/wp-content\/uploads\/2025\/11\/Metal-Tile-Roof-Panel-Roll-Forming-Machine.webp?resize=350%2C200&ssl=1 1x, https:\/\/i0.wp.com\/believeindustry.company\/wp-content\/uploads\/2025\/11\/Metal-Tile-Roof-Panel-Roll-Forming-Machine.webp?resize=525%2C300&ssl=1 1.5x, https:\/\/i0.wp.com\/believeindustry.company\/wp-content\/uploads\/2025\/11\/Metal-Tile-Roof-Panel-Roll-Forming-Machine.webp?resize=700%2C400&ssl=1 2x"},"classes":[]},{"id":1777,"url":"https:\/\/believeindustry.company\/es\/product\/ibr-roof-sheeting-roll-forming-machine\/","url_meta":{"origin":19368,"position":4},"title":"M\u00e1quina perfiladora de l\u00e1minas para techos IBR","author":"Believe Industry Group","date":"mayo 15, 2018","format":false,"excerpt":"IBR Roof Sheeting Roll Forming Machine IBR Roof Sheeting Roll Forming Machine is a whole line to produce IBR Roof Sheeting as desired length. IBR sheet drawing Technical Specifications of IBR Roof Sheeting Roll Forming Machine Layout of IBR Sheet Roll Forming Machine M\/C of IBR Roof Sheeting Roll Forming\u2026","rel":"","context":"Entrada similar","block_context":{"text":"Entrada similar","link":""},"img":{"alt_text":"ibr roof sheeting roll forming machine","src":"https:\/\/i0.wp.com\/believeindustry.company\/wp-content\/uploads\/2018\/05\/ibr-roof-sheeting-roll-forming-machine.jpg?resize=350%2C200&ssl=1","width":350,"height":200,"srcset":"https:\/\/i0.wp.com\/believeindustry.company\/wp-content\/uploads\/2018\/05\/ibr-roof-sheeting-roll-forming-machine.jpg?resize=350%2C200&ssl=1 1x, https:\/\/i0.wp.com\/believeindustry.company\/wp-content\/uploads\/2018\/05\/ibr-roof-sheeting-roll-forming-machine.jpg?resize=525%2C300&ssl=1 1.5x, https:\/\/i0.wp.com\/believeindustry.company\/wp-content\/uploads\/2018\/05\/ibr-roof-sheeting-roll-forming-machine.jpg?resize=700%2C400&ssl=1 2x"},"classes":[]},{"id":2209,"url":"https:\/\/believeindustry.company\/es\/product\/ibr-roofing-sheet-making-machine\/","url_meta":{"origin":19368,"position":5},"title":"M\u00e1quina para fabricar l\u00e1minas para techos IBR","author":"Believe Industry Group","date":"junio 8, 2018","format":false,"excerpt":"IBR Roofing Sheet Making Machine IBR Roofing Sheet Making Machine is a whole line to produce \u00a0IBR Roof Sheeting as desired length. Believe Industry Have 2 types of roll forming machines for 686 and 890 IBR sheeting IBR sheet drawing Technical Specifications of IBR Roofing Sheet Making Machine Layout of\u2026","rel":"","context":"Entrada similar","block_context":{"text":"Entrada similar","link":""},"img":{"alt_text":"ibr roofing sheet making machine line","src":"https:\/\/i0.wp.com\/believeindustry.company\/wp-content\/uploads\/2018\/06\/ibr-roof-sheet-making-machine-line.jpg?resize=350%2C200&ssl=1","width":350,"height":200,"srcset":"https:\/\/i0.wp.com\/believeindustry.company\/wp-content\/uploads\/2018\/06\/ibr-roof-sheet-making-machine-line.jpg?resize=350%2C200&ssl=1 1x, https:\/\/i0.wp.com\/believeindustry.company\/wp-content\/uploads\/2018\/06\/ibr-roof-sheet-making-machine-line.jpg?resize=525%2C300&ssl=1 1.5x, https:\/\/i0.wp.com\/believeindustry.company\/wp-content\/uploads\/2018\/06\/ibr-roof-sheet-making-machine-line.jpg?resize=700%2C400&ssl=1 2x"},"classes":[]}],"amp_enabled":true,"_links":{"self":[{"href":"https:\/\/believeindustry.company\/es\/wp-json\/wp\/v2\/product\/19368","targetHints":{"allow":["GET"]}}],"collection":[{"href":"https:\/\/believeindustry.company\/es\/wp-json\/wp\/v2\/product"}],"about":[{"href":"https:\/\/believeindustry.company\/es\/wp-json\/wp\/v2\/types\/product"}],"replies":[{"embeddable":true,"href":"https:\/\/believeindustry.company\/es\/wp-json\/wp\/v2\/comments?post=19368"}],"version-history":[{"count":15,"href":"https:\/\/believeindustry.company\/es\/wp-json\/wp\/v2\/product\/19368\/revisions"}],"predecessor-version":[{"id":19441,"href":"https:\/\/believeindustry.company\/es\/wp-json\/wp\/v2\/product\/19368\/revisions\/19441"}],"wp:featuredmedia":[{"embeddable":true,"href":"https:\/\/believeindustry.company\/es\/wp-json\/wp\/v2\/media\/19411"}],"wp:attachment":[{"href":"https:\/\/believeindustry.company\/es\/wp-json\/wp\/v2\/media?parent=19368"}],"wp:term":[{"taxonomy":"product_brand","embeddable":true,"href":"https:\/\/believeindustry.company\/es\/wp-json\/wp\/v2\/product_brand?post=19368"},{"taxonomy":"product_cat","embeddable":true,"href":"https:\/\/believeindustry.company\/es\/wp-json\/wp\/v2\/product_cat?post=19368"},{"taxonomy":"product_tag","embeddable":true,"href":"https:\/\/believeindustry.company\/es\/wp-json\/wp\/v2\/product_tag?post=19368"}],"curies":[{"name":"wp","href":"https:\/\/api.w.org\/{rel}","templated":true}]}}