{"id":2814,"date":"2018-09-08T09:50:15","date_gmt":"2018-09-08T01:50:15","guid":{"rendered":"https:\/\/believeindustry.company\/?post_type=product&#038;p=2814"},"modified":"2025-10-16T11:20:04","modified_gmt":"2025-10-16T03:20:04","slug":"maquina-para-fabricar-azulejos-esmaltados-de-metal","status":"publish","type":"product","link":"https:\/\/believeindustry.company\/es\/product\/metal-glazed-tile-machine\/","title":{"rendered":"M\u00e1quina para fabricar azulejos esmaltados de metal"},"content":{"rendered":"<h1><span style=\"font-size: 18pt;\">M\u00e1quina para fabricar azulejos esmaltados de metal<\/span><\/h1>\n<p>La m\u00e1quina para fabricar baldosas met\u00e1licas esmaltadas es una l\u00ednea completamente autom\u00e1tica para la producci\u00f3n de baldosas esmaltadas. Los operarios solo necesitan introducir los datos deseados (longitud, cantidad y longitud del paso) en la pantalla t\u00e1ctil.<\/p>\n<h2><span style=\"font-size: 14pt;\">Dibujos de perfil de baldosas esmaltadas <\/span><\/h2>\n<p><span style=\"font-size: 14pt;\">Vidriado<\/span><span style=\"font-size: 14pt;\"> La m\u00e1quina perfiladora de azulejos es una l\u00ednea completamente autom\u00e1tica para producir azulejos esmaltados. Los operarios solo tienen que introducir los datos deseados (longitud, cantidad y longitud del paso) en la pantalla t\u00e1ctil.<\/span><\/p>\n<table style=\"height: 112px; width: 831px;\">\n<tbody>\n<tr>\n<td style=\"width: 95px;\">Tipo: 25-200<\/td>\n<td style=\"width: 720px;\"><img fetchpriority=\"high\" decoding=\"async\" data-attachment-id=\"1699\" data-permalink=\"https:\/\/believeindustry.company\/es\/?attachment_id=1699\" data-orig-file=\"https:\/\/believeindustry.company\/wp-content\/uploads\/2018\/05\/1000-steel-tile.jpg\" data-orig-size=\"750,112\" data-comments-opened=\"1\" data-image-meta=\"{&quot;aperture&quot;:&quot;0&quot;,&quot;credit&quot;:&quot;&quot;,&quot;camera&quot;:&quot;&quot;,&quot;caption&quot;:&quot;&quot;,&quot;created_timestamp&quot;:&quot;0&quot;,&quot;copyright&quot;:&quot;&quot;,&quot;focal_length&quot;:&quot;0&quot;,&quot;iso&quot;:&quot;0&quot;,&quot;shutter_speed&quot;:&quot;0&quot;,&quot;title&quot;:&quot;&quot;,&quot;orientation&quot;:&quot;0&quot;}\" data-image-title=\"1000 steel tile\" data-image-description=\"\" data-image-caption=\"\" data-large-file=\"https:\/\/believeindustry.company\/wp-content\/uploads\/2018\/05\/1000-steel-tile.jpg\" class=\"alignnone size-full wp-image-1699\" src=\"https:\/\/believeindustry.company\/wp-content\/uploads\/2018\/05\/1000-steel-tile.jpg\" alt=\"\" width=\"750\" height=\"112\" srcset=\"https:\/\/believeindustry.company\/wp-content\/uploads\/2018\/05\/1000-steel-tile.jpg 750w, https:\/\/believeindustry.company\/wp-content\/uploads\/2018\/05\/1000-steel-tile-600x90.jpg 600w, https:\/\/believeindustry.company\/wp-content\/uploads\/2018\/05\/1000-steel-tile-300x45.jpg 300w\" sizes=\"(max-width: 750px) 100vw, 750px\" \/><\/td>\n<\/tr>\n<tr>\n<td style=\"width: 95px;\">Tipo: 35-192<\/td>\n<td style=\"width: 720px;\"><img decoding=\"async\" data-attachment-id=\"1698\" data-permalink=\"https:\/\/believeindustry.company\/es\/?attachment_id=1698\" data-orig-file=\"https:\/\/believeindustry.company\/wp-content\/uploads\/2018\/05\/960-steel-tile.jpg\" data-orig-size=\"750,112\" data-comments-opened=\"1\" data-image-meta=\"{&quot;aperture&quot;:&quot;0&quot;,&quot;credit&quot;:&quot;&quot;,&quot;camera&quot;:&quot;&quot;,&quot;caption&quot;:&quot;&quot;,&quot;created_timestamp&quot;:&quot;0&quot;,&quot;copyright&quot;:&quot;&quot;,&quot;focal_length&quot;:&quot;0&quot;,&quot;iso&quot;:&quot;0&quot;,&quot;shutter_speed&quot;:&quot;0&quot;,&quot;title&quot;:&quot;&quot;,&quot;orientation&quot;:&quot;0&quot;}\" data-image-title=\"960 steel tile\" data-image-description=\"\" data-image-caption=\"\" data-large-file=\"https:\/\/believeindustry.company\/wp-content\/uploads\/2018\/05\/960-steel-tile.jpg\" class=\"alignnone size-full wp-image-1698\" src=\"https:\/\/believeindustry.company\/wp-content\/uploads\/2018\/05\/960-steel-tile.jpg\" alt=\"\" width=\"750\" height=\"112\" srcset=\"https:\/\/believeindustry.company\/wp-content\/uploads\/2018\/05\/960-steel-tile.jpg 750w, https:\/\/believeindustry.company\/wp-content\/uploads\/2018\/05\/960-steel-tile-600x90.jpg 600w, https:\/\/believeindustry.company\/wp-content\/uploads\/2018\/05\/960-steel-tile-300x45.jpg 300w\" sizes=\"(max-width: 750px) 100vw, 750px\" \/><\/td>\n<\/tr>\n<tr>\n<td style=\"width: 95px;\">Tipo: 28-176<\/td>\n<td style=\"width: 720px;\"><img decoding=\"async\" data-attachment-id=\"1697\" data-permalink=\"https:\/\/believeindustry.company\/es\/?attachment_id=1697\" data-orig-file=\"https:\/\/believeindustry.company\/wp-content\/uploads\/2018\/05\/704-steel-tile.jpg\" data-orig-size=\"750,127\" data-comments-opened=\"1\" data-image-meta=\"{&quot;aperture&quot;:&quot;0&quot;,&quot;credit&quot;:&quot;&quot;,&quot;camera&quot;:&quot;&quot;,&quot;caption&quot;:&quot;&quot;,&quot;created_timestamp&quot;:&quot;0&quot;,&quot;copyright&quot;:&quot;&quot;,&quot;focal_length&quot;:&quot;0&quot;,&quot;iso&quot;:&quot;0&quot;,&quot;shutter_speed&quot;:&quot;0&quot;,&quot;title&quot;:&quot;&quot;,&quot;orientation&quot;:&quot;0&quot;}\" data-image-title=\"704 steel tile\" data-image-description=\"\" data-image-caption=\"\" data-large-file=\"https:\/\/believeindustry.company\/wp-content\/uploads\/2018\/05\/704-steel-tile.jpg\" class=\"alignnone size-full wp-image-1697\" src=\"https:\/\/believeindustry.company\/wp-content\/uploads\/2018\/05\/704-steel-tile.jpg\" alt=\"\" width=\"750\" height=\"127\" srcset=\"https:\/\/believeindustry.company\/wp-content\/uploads\/2018\/05\/704-steel-tile.jpg 750w, https:\/\/believeindustry.company\/wp-content\/uploads\/2018\/05\/704-steel-tile-600x102.jpg 600w, https:\/\/believeindustry.company\/wp-content\/uploads\/2018\/05\/704-steel-tile-300x51.jpg 300w\" sizes=\"(max-width: 750px) 100vw, 750px\" \/><\/td>\n<\/tr>\n<tr>\n<td style=\"width: 95px;\">Tipo: 38-200<\/td>\n<td style=\"width: 720px;\"><img loading=\"lazy\" decoding=\"async\" data-attachment-id=\"1696\" data-permalink=\"https:\/\/believeindustry.company\/es\/?attachment_id=1696\" data-orig-file=\"https:\/\/believeindustry.company\/wp-content\/uploads\/2018\/05\/38-1000-steel-tile.jpg\" data-orig-size=\"750,132\" data-comments-opened=\"1\" data-image-meta=\"{&quot;aperture&quot;:&quot;0&quot;,&quot;credit&quot;:&quot;&quot;,&quot;camera&quot;:&quot;&quot;,&quot;caption&quot;:&quot;&quot;,&quot;created_timestamp&quot;:&quot;0&quot;,&quot;copyright&quot;:&quot;&quot;,&quot;focal_length&quot;:&quot;0&quot;,&quot;iso&quot;:&quot;0&quot;,&quot;shutter_speed&quot;:&quot;0&quot;,&quot;title&quot;:&quot;&quot;,&quot;orientation&quot;:&quot;0&quot;}\" data-image-title=\"38-1000 steel tile\" data-image-description=\"\" data-image-caption=\"\" data-large-file=\"https:\/\/believeindustry.company\/wp-content\/uploads\/2018\/05\/38-1000-steel-tile.jpg\" class=\"alignnone size-full wp-image-1696\" src=\"https:\/\/believeindustry.company\/wp-content\/uploads\/2018\/05\/38-1000-steel-tile.jpg\" alt=\"baldosas de acero\" width=\"750\" height=\"132\" srcset=\"https:\/\/believeindustry.company\/wp-content\/uploads\/2018\/05\/38-1000-steel-tile.jpg 750w, https:\/\/believeindustry.company\/wp-content\/uploads\/2018\/05\/38-1000-steel-tile-600x106.jpg 600w, https:\/\/believeindustry.company\/wp-content\/uploads\/2018\/05\/38-1000-steel-tile-300x53.jpg 300w\" sizes=\"(max-width: 750px) 100vw, 750px\" \/><\/td>\n<\/tr>\n<\/tbody>\n<\/table>\n<h2><span style=\"font-size: 14pt;\">\u00a0Disposici\u00f3n de la m\u00e1quina para fabricar baldosas met\u00e1licas esmaltadas<\/span><\/h2>\n<figure id=\"attachment_1700\" aria-describedby=\"caption-attachment-1700\" style=\"width: 720px\" class=\"wp-caption alignnone\"><img loading=\"lazy\" decoding=\"async\" data-attachment-id=\"1700\" data-permalink=\"https:\/\/believeindustry.company\/es\/?attachment_id=1700\" data-orig-file=\"https:\/\/believeindustry.company\/wp-content\/uploads\/2018\/05\/metal-tile-roll-forming-precess.jpg\" data-orig-size=\"720,201\" data-comments-opened=\"1\" data-image-meta=\"{&quot;aperture&quot;:&quot;0&quot;,&quot;credit&quot;:&quot;&quot;,&quot;camera&quot;:&quot;&quot;,&quot;caption&quot;:&quot;&quot;,&quot;created_timestamp&quot;:&quot;0&quot;,&quot;copyright&quot;:&quot;&quot;,&quot;focal_length&quot;:&quot;0&quot;,&quot;iso&quot;:&quot;0&quot;,&quot;shutter_speed&quot;:&quot;0&quot;,&quot;title&quot;:&quot;&quot;,&quot;orientation&quot;:&quot;0&quot;}\" data-image-title=\"Layout of Steel Tile Roll Forming Machine\" data-image-description=\"\" data-image-caption=\"&lt;p&gt;The layout of steel tile roll forming machine is Uncoling, Roll Forming Machine, Punching Step, Cutting Off, Collecting&lt;\/p&gt;\" data-large-file=\"https:\/\/believeindustry.company\/wp-content\/uploads\/2018\/05\/metal-tile-roll-forming-precess.jpg\" class=\"size-full wp-image-1700\" src=\"https:\/\/believeindustry.company\/wp-content\/uploads\/2018\/05\/metal-tile-roll-forming-precess.jpg\" alt=\"Proceso de la m\u00e1quina formadora de rodillos para tejas de acero\" width=\"720\" height=\"201\" srcset=\"https:\/\/believeindustry.company\/wp-content\/uploads\/2018\/05\/metal-tile-roll-forming-precess.jpg 720w, https:\/\/believeindustry.company\/wp-content\/uploads\/2018\/05\/metal-tile-roll-forming-precess-600x168.jpg 600w, https:\/\/believeindustry.company\/wp-content\/uploads\/2018\/05\/metal-tile-roll-forming-precess-300x84.jpg 300w\" sizes=\"(max-width: 720px) 100vw, 720px\" \/><figcaption id=\"caption-attachment-1700\" class=\"wp-caption-text\">El dise\u00f1o de la m\u00e1quina formadora de rollos para baldosas esmaltadas es desenrollado, formaci\u00f3n de rollos, perforaci\u00f3n, corte y recolecci\u00f3n.<\/figcaption><\/figure>\n<h2><span style=\"font-size: 14pt;\">Par\u00e1metros t\u00e9cnicos de la m\u00e1quina para fabricar baldosas met\u00e1licas esmaltadas<\/span><\/h2>\n<h3><span style=\"font-size: 12pt;\">Desenrollador hidr\u00e1ulico de 5 toneladas<\/span><\/h3>\n<figure id=\"attachment_779\" aria-describedby=\"caption-attachment-779\" style=\"width: 382px\" class=\"wp-caption alignright\"><img loading=\"lazy\" decoding=\"async\" data-attachment-id=\"779\" data-permalink=\"https:\/\/believeindustry.company\/es\/roll-forming-machine\/metal-sheet-roll-forming-machine\/metal-roof-tile-roll-forming-machine\/hydraulic-uncoiler\/\" data-orig-file=\"https:\/\/believeindustry.company\/wp-content\/uploads\/2018\/03\/hydraulic-uncoiler.jpg\" data-orig-size=\"509,358\" data-comments-opened=\"1\" data-image-meta=\"{&quot;aperture&quot;:&quot;0&quot;,&quot;credit&quot;:&quot;&quot;,&quot;camera&quot;:&quot;&quot;,&quot;caption&quot;:&quot;&quot;,&quot;created_timestamp&quot;:&quot;0&quot;,&quot;copyright&quot;:&quot;&quot;,&quot;focal_length&quot;:&quot;0&quot;,&quot;iso&quot;:&quot;0&quot;,&quot;shutter_speed&quot;:&quot;0&quot;,&quot;title&quot;:&quot;&quot;,&quot;orientation&quot;:&quot;0&quot;}\" data-image-title=\"hydraulic uncoiler\" data-image-description=\"&lt;p&gt;The hydraulic uncoiler is an option and widely used in roll forming line.&lt;\/p&gt;\" data-image-caption=\"&lt;p&gt;Hydraulic expansion and electric uncoiling&lt;\/p&gt;\" data-large-file=\"https:\/\/believeindustry.company\/wp-content\/uploads\/2018\/03\/hydraulic-uncoiler.jpg\" class=\"wp-image-779\" src=\"https:\/\/believeindustry.company\/wp-content\/uploads\/2018\/03\/hydraulic-uncoiler.jpg\" alt=\"Desenrollador hidr\u00e1ulico autom\u00e1tico\" width=\"382\" height=\"269\" srcset=\"https:\/\/believeindustry.company\/wp-content\/uploads\/2018\/03\/hydraulic-uncoiler.jpg 509w, https:\/\/believeindustry.company\/wp-content\/uploads\/2018\/03\/hydraulic-uncoiler-300x211.jpg 300w\" sizes=\"(max-width: 382px) 100vw, 382px\" \/><figcaption id=\"caption-attachment-779\" class=\"wp-caption-text\">Expansi\u00f3n hidr\u00e1ulica y desenrollado el\u00e9ctrico, todo autom\u00e1tico.<\/figcaption><\/figure>\n<ol>\n<li>La unidad de alimentaci\u00f3n est\u00e1 separada mec\u00e1nicamente del resto de la l\u00ednea de producci\u00f3n.<\/li>\n<li>Ancho de la bobina: 600-1250 mm<\/li>\n<li>Di\u00e1metro interior de la bobina: de 480 mm a 520 mm<\/li>\n<li>Di\u00e1metro exterior m\u00e1ximo: 1200 mm<\/li>\n<li>Peso m\u00e1ximo de la bobina: 5000 kg;<\/li>\n<li>Velocidad de desenrollado: ajustable de 0 a 15 m\/min<\/li>\n<li>Potencia del motor: Motor de CA de 5,5 kW<\/li>\n<li>Potencia hidr\u00e1ulica: 4 kW<\/li>\n<li>Velocidad controlada por convertidor de frecuencia marca: Yaskawa<\/li>\n<\/ol>\n<h3><span style=\"font-size: 12pt;\">M\u00e1quina perfiladora de rodillos<\/span><\/h3>\n<ol>\n<li>Estructura de la m\u00e1quina: Adopta vigas H de acero y paneles de pared soldados, material ASTM 1045<\/li>\n<li>Estaci\u00f3n de rodillos: 18 estaciones<\/li>\n<li>Di\u00e1metro del eje: 76 mm<\/li>\n<li>Material del eje: Acero 45# de alta calidad<\/li>\n<li>Material de los rodillos: Acero 45#, cromado de 0,05 mm de espesor<\/li>\n<li>Potencia del motor principal: 7,5 kW<\/li>\n<li>Transmisi\u00f3n de potencia: Cadenas y engranajes<\/li>\n<li>Control de velocidad: Mediante convertidor de frecuencia<\/li>\n<li>Velocidad de conformado: 3-4 m\/min (sin incluir punzonado ni corte)<\/li>\n<li>Peso total: Aproximadamente 8,5 toneladas<\/li>\n<\/ol>\n<figure id=\"attachment_1701\" aria-describedby=\"caption-attachment-1701\" style=\"width: 750px\" class=\"wp-caption alignnone\"><img loading=\"lazy\" decoding=\"async\" data-attachment-id=\"1701\" data-permalink=\"https:\/\/believeindustry.company\/es\/?attachment_id=1701\" data-orig-file=\"https:\/\/believeindustry.company\/wp-content\/uploads\/2018\/05\/steel-tile-roll-forming.jpg\" data-orig-size=\"750,421\" data-comments-opened=\"1\" data-image-meta=\"{&quot;aperture&quot;:&quot;0&quot;,&quot;credit&quot;:&quot;&quot;,&quot;camera&quot;:&quot;&quot;,&quot;caption&quot;:&quot;&quot;,&quot;created_timestamp&quot;:&quot;0&quot;,&quot;copyright&quot;:&quot;&quot;,&quot;focal_length&quot;:&quot;0&quot;,&quot;iso&quot;:&quot;0&quot;,&quot;shutter_speed&quot;:&quot;0&quot;,&quot;title&quot;:&quot;&quot;,&quot;orientation&quot;:&quot;0&quot;}\" data-image-title=\"steel tile roll forming\" data-image-description=\"\" data-image-caption=\"&lt;p&gt;Steel Tile Roll forming Mill. Quality design and safety&lt;\/p&gt;\" data-large-file=\"https:\/\/believeindustry.company\/wp-content\/uploads\/2018\/05\/steel-tile-roll-forming.jpg\" class=\"size-full wp-image-1701\" src=\"https:\/\/believeindustry.company\/wp-content\/uploads\/2018\/05\/steel-tile-roll-forming.jpg\" alt=\"laminado de tejas de acero\" width=\"750\" height=\"421\" srcset=\"https:\/\/believeindustry.company\/wp-content\/uploads\/2018\/05\/steel-tile-roll-forming.jpg 750w, https:\/\/believeindustry.company\/wp-content\/uploads\/2018\/05\/steel-tile-roll-forming-600x337.jpg 600w, https:\/\/believeindustry.company\/wp-content\/uploads\/2018\/05\/steel-tile-roll-forming-300x168.jpg 300w\" sizes=\"(max-width: 750px) 100vw, 750px\" \/><figcaption id=\"caption-attachment-1701\" class=\"wp-caption-text\">Molino formador de baldosas esmaltadas. Dise\u00f1o de calidad y seguridad. La superficie de los rodillos est\u00e1 pulida y cromada.<\/figcaption><\/figure>\n<h3><span style=\"font-size: 12pt;\">Pasos de perforaci\u00f3n y unidad de corte<\/span><\/h3>\n<ol>\n<li>Las punzonadoras estar\u00e1n conectadas a una \u00fanica unidad hidr\u00e1ulica. Esta unidad consta de un dep\u00f3sito, un motor, una bomba, v\u00e1lvulas de control de presi\u00f3n, man\u00f3metros, electrov\u00e1lvulas y mangueras hidr\u00e1ulicas. Todos estos componentes est\u00e1n dise\u00f1ados para funcionar de forma segura a la presi\u00f3n de funcionamiento requerida.<\/li>\n<li>Material de los punzones: Cr12, HRC 58-62, cromado<\/li>\n<li>Potencia hidr\u00e1ulica: 7,5 kW<\/li>\n<li>Presi\u00f3n de trabajo: 12-16 MPa<\/li>\n<li>Moldes de perforaci\u00f3n: 1 grupo<\/li>\n<li>Molde de corte: 1 grupo<\/li>\n<li>Adoptamos el dispositivo de corte y el molde de punzonado en un solo aparato.<\/li>\n<\/ol>\n<figure id=\"attachment_1702\" aria-describedby=\"caption-attachment-1702\" style=\"width: 750px\" class=\"wp-caption alignnone\"><img loading=\"lazy\" decoding=\"async\" data-attachment-id=\"1702\" data-permalink=\"https:\/\/believeindustry.company\/es\/?attachment_id=1702\" data-orig-file=\"https:\/\/believeindustry.company\/wp-content\/uploads\/2018\/05\/punch-and-cutting-of-steel-tile-roll-forming-machine.jpg\" data-orig-size=\"750,421\" data-comments-opened=\"1\" data-image-meta=\"{&quot;aperture&quot;:&quot;0&quot;,&quot;credit&quot;:&quot;&quot;,&quot;camera&quot;:&quot;&quot;,&quot;caption&quot;:&quot;&quot;,&quot;created_timestamp&quot;:&quot;0&quot;,&quot;copyright&quot;:&quot;&quot;,&quot;focal_length&quot;:&quot;0&quot;,&quot;iso&quot;:&quot;0&quot;,&quot;shutter_speed&quot;:&quot;0&quot;,&quot;title&quot;:&quot;&quot;,&quot;orientation&quot;:&quot;0&quot;}\" data-image-title=\"punch and cutting of steel tile roll forming machine\" data-image-description=\"\" data-image-caption=\"&lt;p&gt;Punch and Cutting Unit for punch the sheet into tiles and then cut off the tiles into desired length&lt;\/p&gt;\" data-large-file=\"https:\/\/believeindustry.company\/wp-content\/uploads\/2018\/05\/punch-and-cutting-of-steel-tile-roll-forming-machine.jpg\" class=\"size-full wp-image-1702\" src=\"https:\/\/believeindustry.company\/wp-content\/uploads\/2018\/05\/punch-and-cutting-of-steel-tile-roll-forming-machine.jpg\" alt=\"m\u00e1quina formadora de rollos de tejas de acero\" width=\"750\" height=\"421\" srcset=\"https:\/\/believeindustry.company\/wp-content\/uploads\/2018\/05\/punch-and-cutting-of-steel-tile-roll-forming-machine.jpg 750w, https:\/\/believeindustry.company\/wp-content\/uploads\/2018\/05\/punch-and-cutting-of-steel-tile-roll-forming-machine-600x337.jpg 600w, https:\/\/believeindustry.company\/wp-content\/uploads\/2018\/05\/punch-and-cutting-of-steel-tile-roll-forming-machine-300x168.jpg 300w\" sizes=\"(max-width: 750px) 100vw, 750px\" \/><figcaption id=\"caption-attachment-1702\" class=\"wp-caption-text\">Unidad de perforaci\u00f3n y corte para perforar la l\u00e1mina en baldosas y luego cortar las baldosas a la longitud deseada.<\/figcaption><\/figure>\n<h3><span style=\"font-size: 12pt;\">Estaci\u00f3n hidr\u00e1ulica<\/span><\/h3>\n<ol>\n<li>Potencia del motor hidr\u00e1ulico: 7,5 kW<\/li>\n<li>Presi\u00f3n de trabajo: 12-16 MPa<\/li>\n<li>V\u00e1lvula solenoide: Beijing Huade<\/li>\n<li>Aceite hidr\u00e1ulico: aceite hidr\u00e1ulico 46#<\/li>\n<\/ol>\n<h3><span style=\"font-size: 12pt;\">Sistema de control<\/span><\/h3>\n<ol>\n<li>El operario introduce la longitud y la cantidad del producto a trav\u00e9s de la pantalla t\u00e1ctil, hasta un total de 20 grupos; la pantalla t\u00e1ctil mostrar\u00e1 el estado de funcionamiento de la m\u00e1quina.<\/li>\n<li>Sistema de control por computadora: PLC Panasonic o Siemens<\/li>\n<li>Codificador y interruptor de l\u00edmite: marca Omron<\/li>\n<li>Convertidor de frecuencia: Yaskawa<\/li>\n<li>Pantalla t\u00e1ctil: MCSG<\/li>\n<li>Sistema de potencia controlado: protecci\u00f3n contra sobrecarga<\/li>\n<li>Tensi\u00f3n: 415 V, 50 Hz, trif\u00e1sica<\/li>\n<\/ol>\n<p><a href=\"http:\/\/www.belirollform.com\" target=\"_blank\" rel=\"noopener\">Compa\u00f1\u00eda de la Industria Believe<\/a> Tambi\u00e9n disponemos de m\u00e1quinas perfiladoras para, , \u00a0<a href=\"https:\/\/believeindustry.company\/es\/maquina-perfiladora-de-rodillos\/maquina-perfiladora-de-perfiles-personalizada\/maquina-perfiladora-de-losas-de-suelo-compuestas\/\">Cubierta del piso<\/a>, <a href=\"https:\/\/believeindustry.company\/es\/maquina-perfiladora-de-rodillos\/maquina-perfiladora-de-perfiles-personalizada\/maquina-perfiladora-de-losas-de-suelo-compuestas\/\">Bajante<\/a>, <a href=\"https:\/\/believeindustry.company\/es\/maquina-perfiladora-de-rodillos\/maquina-perfiladora-de-estanterias-para-palets\/maquina-formadora-de-rollos-de-bastidor-vertical\/\">Estante vertical<\/a>. Y tambi\u00e9n <a href=\"https:\/\/believeindustry.company\/es\/maquina-perfiladora-de-rodillos-personalizada\/\">m\u00e1quina perfiladora de rodillos personalizada<\/a> Est\u00e1 dise\u00f1ado para requisitos especiales.<\/p>\n<p><a href=\"https:\/\/believeindustry.company\/es\/maquina-perfiladora-de-rodillos\/maquina-formadora-de-rollos-de-chapa-metalica\/maquina-formadora-de-rollos-de-tejas-metalicas\/\">Ver m\u00e1s<\/a> Para la introducci\u00f3n de la m\u00e1quina formadora de tejas met\u00e1licas.<\/p>\n<p>&nbsp;<\/p>\n<p>&nbsp;<\/p>","protected":false},"excerpt":{"rendered":"<p>Metal Glazed Tile Machine Metal Glazed Tile Machine is a whole automatic line to produce Glazed Tiles. The workers only need input the desired data( length, quantity, step length) on the touch screen. Profile Drawings of Glazed Tiles Glazed Tile Roll Forming Machine is a whole automatic line to produce Glazed Tiles. The workers only [&hellip;]<\/p>\n","protected":false},"featured_media":2815,"comment_status":"closed","ping_status":"closed","template":"","meta":{"_angie_page":false,"jetpack_publicize_message":"","jetpack_publicize_feature_enabled":true,"jetpack_social_post_already_shared":true,"jetpack_social_options":{"image_generator_settings":{"template":"highway","default_image_id":0,"font":"","enabled":false},"version":2},"_wpas_customize_per_network":false},"product_brand":[],"product_cat":[],"product_tag":[607846169,607846170,607846171,607846122,607846166,607846168,607846167,607846172],"class_list":{"0":"post-2814","1":"product","2":"type-product","3":"status-publish","4":"has-post-thumbnail","6":"product_tag-glazed-tile-roll-forming-machine","7":"product_tag-metal-tile-roll-forming-machine","8":"product_tag-roof-tile-roll-forming-machine","9":"product_tag-steel-roll-forming-machine","10":"product_tag-steel-tile-roll-forming-machine","11":"product_tag-step-tile-roll-forming-machine","12":"product_tag-tile-roll-forming-machine","13":"product_tag-tile-roll-forming-machine-supplier","15":"first","16":"instock","17":"sale","18":"shipping-taxable","19":"purchasable","20":"product-type-simple"},"jetpack_publicize_connections":[],"jetpack_sharing_enabled":true,"jetpack_likes_enabled":false,"jetpack-related-posts":[],"amp_enabled":true,"_links":{"self":[{"href":"https:\/\/believeindustry.company\/es\/wp-json\/wp\/v2\/product\/2814","targetHints":{"allow":["GET"]}}],"collection":[{"href":"https:\/\/believeindustry.company\/es\/wp-json\/wp\/v2\/product"}],"about":[{"href":"https:\/\/believeindustry.company\/es\/wp-json\/wp\/v2\/types\/product"}],"replies":[{"embeddable":true,"href":"https:\/\/believeindustry.company\/es\/wp-json\/wp\/v2\/comments?post=2814"}],"version-history":[{"count":0,"href":"https:\/\/believeindustry.company\/es\/wp-json\/wp\/v2\/product\/2814\/revisions"}],"wp:featuredmedia":[{"embeddable":true,"href":"https:\/\/believeindustry.company\/es\/wp-json\/wp\/v2\/media\/2815"}],"wp:attachment":[{"href":"https:\/\/believeindustry.company\/es\/wp-json\/wp\/v2\/media?parent=2814"}],"wp:term":[{"taxonomy":"product_brand","embeddable":true,"href":"https:\/\/believeindustry.company\/es\/wp-json\/wp\/v2\/product_brand?post=2814"},{"taxonomy":"product_cat","embeddable":true,"href":"https:\/\/believeindustry.company\/es\/wp-json\/wp\/v2\/product_cat?post=2814"},{"taxonomy":"product_tag","embeddable":true,"href":"https:\/\/believeindustry.company\/es\/wp-json\/wp\/v2\/product_tag?post=2814"}],"curies":[{"name":"wp","href":"https:\/\/api.w.org\/{rel}","templated":true}]}}