{"id":3081,"date":"2018-10-04T17:01:16","date_gmt":"2018-10-04T09:01:16","guid":{"rendered":"https:\/\/believeindustry.company\/?post_type=product&#038;p=3081"},"modified":"2025-10-16T11:29:46","modified_gmt":"2025-10-16T03:29:46","slug":"maquina-de-correas-c-y-z","status":"publish","type":"product","link":"https:\/\/believeindustry.company\/es\/product\/c-and-z-purlin-machine\/","title":{"rendered":"M\u00e1quina para correas C y Z"},"content":{"rendered":"<p><strong>M\u00e1quina de correas C y Z<\/strong> Puede producir correas C y Z de cualquier tama\u00f1o. El operador puede ajustar el tama\u00f1o mediante el sistema de control PLC. Solo necesita introducir los datos de tama\u00f1o en la pantalla t\u00e1ctil y la m\u00e1quina los ajustar\u00e1 autom\u00e1ticamente.<!--more--><\/p>\n<h1><span style=\"font-size: 18pt;\">Componentes de la m\u00e1quina y par\u00e1metros t\u00e9cnicos<\/span><\/h1>\n<h2><span style=\"font-size: 14pt;\">Desenrollador hidr\u00e1ulico de 5 toneladas<\/span><\/h2>\n<ol>\n<li>Potencia del motor principal: 4 kW<\/li>\n<li>Material del eje: acero S45C<\/li>\n<li>Transmisi\u00f3n: cadenas de 1,2 pulgadas<\/li>\n<li>Di\u00e1metro del eje: 130 mm<\/li>\n<li>Motor hidr\u00e1ulico: 3 kW<\/li>\n<li>Tipo de bomba hidr\u00e1ulica: CB-E310, di\u00e1metro de la bomba es 110 mm. Capacidad de la bomba: 16L\/min Presi\u00f3n: 10Mpa.<\/li>\n<li>Distancia del contenedor de aceite: 120 mm<\/li>\n<li>Presi\u00f3n: 10 MPa<\/li>\n<li>Di\u00e1metro interior: 450-550 mm<\/li>\n<li>Di\u00e1metro m\u00e1ximo: 1400 mm<\/li>\n<li>Dimensiones: 1800 mm x 1200 mm x 1000 mm<\/li>\n<li>Peso: 4 toneladas<\/li>\n<li>Capacidad: 6 toneladas<\/li>\n<li>Desenrollador de 4 hojas y bloque<\/li>\n<li>El desenrollador tiene un brazo para controlar la velocidad.<\/li>\n<li>carro de bobina: 3KW<\/li>\n<li>El carro de bobinas puede cargar bobinas de 5 toneladas<\/li>\n<\/ol>\n<h2><span style=\"font-size: 18.6667px;\">Fresadora de correas en C y Z<\/span><\/h2>\n<ol>\n<li>Ancho de la bobina: depende del perfil<\/li>\n<li>Velocidad de trabajo: 12 m\u201415 m\/min (sin corte)<\/li>\n<li>estaci\u00f3n de rollo:\n<ol>\n<li>Alimentaci\u00f3n 2 estaciones (alimentaci\u00f3n manual)<\/li>\n<li>Nivelaci\u00f3n de 7 rodillos (arriba son 3 rodillos, abajo son 4 rodillos)<\/li>\n<li>Estaci\u00f3n principal de rollo 20 estaciones<\/li>\n<li>Estaci\u00f3n de rectificaci\u00f3n 1 (para hacer el producto m\u00e1s recto)<\/li>\n<\/ol>\n<\/li>\n<li>Material del rodillo: Gcr15, pulido y recubierto de cromo HRC58-62\u00b0<\/li>\n<li>Material del eje principal: acero forjado 45\u00b0 Di\u00e1metro del rodillo: \u042485mm<\/li>\n<li>Potencia principal: 15 kW<\/li>\n<li>Espesor de formaci\u00f3n: 1,5 mm\u20143,0 mm<\/li>\n<li>Transmisi\u00f3n: por cadena doble de 1,2 pulgadas<\/li>\n<li>Tama\u00f1o de la m\u00e1quina: aproximadamente 12000 \u00d7 1400 \u00d7 1000 mm<\/li>\n<li>Peso: unos 14000 kg<\/li>\n<li>color de la m\u00e1quina: azul<\/li>\n<li>Corte:\n<ol>\n<li>La m\u00e1quina adopta precorte hidr\u00e1ulico.<\/li>\n<li>Corte despu\u00e9s del conformado: corte la l\u00e1mina antes de conformarla al largo requerido<\/li>\n<li>Movimiento de corte: La m\u00e1quina principal se detiene autom\u00e1ticamente y comienza el corte. Despu\u00e9s del corte, la m\u00e1quina principal se pone en marcha autom\u00e1ticamente.<\/li>\n<li>Material de la hoja: CR12 con tratamiento t\u00e9rmico<\/li>\n<li>Medici\u00f3n de longitud: Medici\u00f3n de longitud autom\u00e1tica<\/li>\n<li>Tolerancia de longitud: 3M +\/- 1,5 mm<\/li>\n<\/ol>\n<\/li>\n<li>\u00a0pu\u00f1etazos\n<ol>\n<li>Esta cotizaci\u00f3n incluye una perforaci\u00f3n que depende de nuestra cotizaci\u00f3n est\u00e1ndar.<\/li>\n<li>Molde de punzonado: adopta CR12 con tratamiento t\u00e9rmico<\/li>\n<li>La distancia de perforaci\u00f3n se puede ajustar mediante el sistema de control PLC.<\/li>\n<li>Di\u00e1metro de la bomba de aceite: 120 mm<\/li>\n<li>distancia\u201450 mm<\/li>\n<li>Presi\u00f3n nominal\u2014-20MP<\/li>\n<li>Tama\u00f1o de perforaci\u00f3n: el di\u00e1metro de perforaci\u00f3n redondo es de 12 mm.<\/li>\n<li>Dibujo de perforaci\u00f3n como el siguiente dibujo<\/li>\n<\/ol>\n<\/li>\n<li>Para ajustar el tama\u00f1o o el grosor de la pieza, debe haber una regla en la m\u00e1quina para facilitar su verificaci\u00f3n.<\/li>\n<\/ol>\n<h2><span style=\"font-size: 12pt;\">Panel y caja controlados<\/span><\/h2>\n<ol>\n<li>Voltaje, frecuencia, fase: 380 V, 50 Hz, trif\u00e1sico<\/li>\n<li>Medici\u00f3n autom\u00e1tica de longitud:<\/li>\n<li>Medici\u00f3n autom\u00e1tica de cantidades<\/li>\n<li>Ordenador utilizado para controlar la longitud y la cantidad. La m\u00e1quina cortar\u00e1 autom\u00e1ticamente a la longitud deseada y se detendr\u00e1 al alcanzar la cantidad requerida.<\/li>\n<li>Las imprecisiones en la longitud se pueden corregir f\u00e1cilmente.<\/li>\n<li>Panel de control: Interruptor tipo bot\u00f3n y pantalla t\u00e1ctil<\/li>\n<li>Unidad de longitud: mil\u00edmetro (activado en el panel de control)<\/li>\n<li>Idioma: chino e ingl\u00e9s<\/li>\n<li>La conexi\u00f3n del cableado de la m\u00e1quina de correas C y Z adopta un enchufe de aviaci\u00f3n para una f\u00e1cil instalaci\u00f3n.<\/li>\n<\/ol>\n<p>Para m\u00e1s detalles, puedes consultar: <a href=\"https:\/\/believeindustry.company\/es\/maquina-perfiladora-de-rodillos\/maquina-formadora-de-perfiles\/maquina-formadora-de-perfiles-cz\/\">M\u00e1quina formadora de correas en C y Z<\/a>, o <a href=\"https:\/\/believeindustry.company\/es\/contacto\/\">Cont\u00e1ctanos<\/a> directamente. <a href=\"http:\/\/www.belirollform.com\" target=\"_blank\" rel=\"noopener\">Compa\u00f1\u00eda de la Industria Believe<\/a> Disponemos de una gama completa de m\u00e1quinas perfiladoras para correas en C y Z. Todas nuestras m\u00e1quinas se personalizan seg\u00fan las necesidades.<\/p>\n<p>&nbsp;<\/p>\n<p>&nbsp;<\/p>\n<p>&nbsp;<\/p>\n<p>&nbsp;<\/p>\n<p>&nbsp;<\/p>\n<p>&nbsp;<\/p>","protected":false},"excerpt":{"rendered":"<p>C and Z Purlin\u00a0 Machine can produce all the c and z purlins as desired sizes. The operator can adjust the size depend on the PLC control system. Just need input the size data ion the touch screen, the machine will automatically adjust the sizes.<\/p>","protected":false},"featured_media":3082,"comment_status":"closed","ping_status":"closed","template":"","meta":{"_angie_page":false,"jetpack_publicize_message":"","jetpack_publicize_feature_enabled":true,"jetpack_social_post_already_shared":true,"jetpack_social_options":{"image_generator_settings":{"template":"highway","default_image_id":0,"font":"","enabled":false},"version":2},"_wpas_customize_per_network":false},"product_brand":[],"product_cat":[],"product_tag":[607848558,607846086,607848559,607848560,607846090],"class_list":{"0":"post-3081","1":"product","2":"type-product","3":"status-publish","4":"has-post-thumbnail","6":"product_tag-c-and-z-purlin-machine","7":"product_tag-c-purlin-machine","8":"product_tag-c-z-purlin-machine","9":"product_tag-purlin-machine","10":"product_tag-z-purlin-machine","12":"first","13":"onbackorder","14":"sale","15":"shipping-taxable","16":"purchasable","17":"product-type-simple"},"jetpack_publicize_connections":[],"jetpack_sharing_enabled":true,"jetpack_likes_enabled":false,"jetpack-related-posts":[{"id":1669,"url":"https:\/\/believeindustry.company\/es\/product\/z-purlin-machine\/","url_meta":{"origin":3081,"position":0},"title":"M\u00e1quina de correas Z","author":"Believe Industry Group","date":"mayo 8, 2018","format":false,"excerpt":"La m\u00e1quina perfiladora de correas Z es una m\u00e1quina perfiladora continua que produce correas Z de diversos tama\u00f1os seg\u00fan las necesidades. El tama\u00f1o del alma y del ala se puede ajustar de forma manual o autom\u00e1tica.","rel":"","context":"Entrada similar","block_context":{"text":"Entrada similar","link":""},"img":{"alt_text":"Z Purlin Roll Forming Machine Cutter","src":"https:\/\/i0.wp.com\/believeindustry.company\/wp-content\/uploads\/2018\/05\/Z-Purlin-Roll-Forming-Machine-Cutter.webp?resize=350%2C200&ssl=1","width":350,"height":200,"srcset":"https:\/\/i0.wp.com\/believeindustry.company\/wp-content\/uploads\/2018\/05\/Z-Purlin-Roll-Forming-Machine-Cutter.webp?resize=350%2C200&ssl=1 1x, https:\/\/i0.wp.com\/believeindustry.company\/wp-content\/uploads\/2018\/05\/Z-Purlin-Roll-Forming-Machine-Cutter.webp?resize=525%2C300&ssl=1 1.5x, https:\/\/i0.wp.com\/believeindustry.company\/wp-content\/uploads\/2018\/05\/Z-Purlin-Roll-Forming-Machine-Cutter.webp?resize=700%2C400&ssl=1 2x"},"classes":[]},{"id":1660,"url":"https:\/\/believeindustry.company\/es\/product\/c-purlin-machine\/","url_meta":{"origin":3081,"position":1},"title":"M\u00e1quina de correas C","author":"Believe Industry Group","date":"mayo 8, 2018","format":false,"excerpt":"C Purlin Machine C Purlin Machine is a continuous line to produce various sizes of C Purlins as per desired requirements M\/C of C Purlin Machine 3 Ton Manual Uncoiler Coil width: 200-580 mm Coil I.D: 480 mm to 560 mm Max.capacity: 3 Ton Structure: Steel plate and Beam Welded\u2026","rel":"","context":"Entrada similar","block_context":{"text":"Entrada similar","link":""},"img":{"alt_text":"c purlin machine","src":"https:\/\/i0.wp.com\/believeindustry.company\/wp-content\/uploads\/2018\/05\/c-purlin-machine.jpg?resize=350%2C200&ssl=1","width":350,"height":200,"srcset":"https:\/\/i0.wp.com\/believeindustry.company\/wp-content\/uploads\/2018\/05\/c-purlin-machine.jpg?resize=350%2C200&ssl=1 1x, https:\/\/i0.wp.com\/believeindustry.company\/wp-content\/uploads\/2018\/05\/c-purlin-machine.jpg?resize=525%2C300&ssl=1 1.5x, https:\/\/i0.wp.com\/believeindustry.company\/wp-content\/uploads\/2018\/05\/c-purlin-machine.jpg?resize=700%2C400&ssl=1 2x"},"classes":[]},{"id":1672,"url":"https:\/\/believeindustry.company\/es\/product\/c-channel-roll-forming-machine\/","url_meta":{"origin":3081,"position":2},"title":"M\u00e1quina perfiladora de perfiles de canal C","author":"Believe Industry Group","date":"mayo 8, 2018","format":false,"excerpt":"The C Channel Roll Forming Machine automatically converts steel coil into precise, high-strength C-shaped purlins and profiles essential for structural building frames. Featuring an uncoiler, multiple forming stations, and a hydraulic cutter, this PLC-controlled line ensures efficient, continuous, and dimensionally accurate production of essential construction components.","rel":"","context":"Entrada similar","block_context":{"text":"Entrada similar","link":""},"img":{"alt_text":"Complete High-Efficiency C Channel Roll Forming Machine Line - Automated production line for C\/Z purlin or metal roof panels from Beli RollForming.","src":"https:\/\/i0.wp.com\/believeindustry.company\/wp-content\/uploads\/2018\/05\/C-Channel-Roll-Forming-Machine.webp?resize=350%2C200&ssl=1","width":350,"height":200,"srcset":"https:\/\/i0.wp.com\/believeindustry.company\/wp-content\/uploads\/2018\/05\/C-Channel-Roll-Forming-Machine.webp?resize=350%2C200&ssl=1 1x, https:\/\/i0.wp.com\/believeindustry.company\/wp-content\/uploads\/2018\/05\/C-Channel-Roll-Forming-Machine.webp?resize=525%2C300&ssl=1 1.5x, https:\/\/i0.wp.com\/believeindustry.company\/wp-content\/uploads\/2018\/05\/C-Channel-Roll-Forming-Machine.webp?resize=700%2C400&ssl=1 2x, https:\/\/i0.wp.com\/believeindustry.company\/wp-content\/uploads\/2018\/05\/C-Channel-Roll-Forming-Machine.webp?resize=1050%2C600&ssl=1 3x, https:\/\/i0.wp.com\/believeindustry.company\/wp-content\/uploads\/2018\/05\/C-Channel-Roll-Forming-Machine.webp?resize=1400%2C800&ssl=1 4x"},"classes":[]},{"id":5085,"url":"https:\/\/believeindustry.company\/es\/product\/c-z-purlin-roll-former\/","url_meta":{"origin":3081,"position":3},"title":"Formadora de rollos de correas C\/Z","author":"Believe Industry Group","date":"marzo 15, 2019","format":false,"excerpt":"A C \/Z purlin roll former is a specialized industrial machine designed to continuously shape flat steel coil into C-shaped and Z-shaped profiles (purlins), which are primarily used as horizontal structural supports in the roofs and walls of metal buildings. C\/Z Purlin Roll Former Believe Industry Company's latest design of\u2026","rel":"","context":"Entrada similar","block_context":{"text":"Entrada similar","link":""},"img":{"alt_text":"A complete view of a blue and yellow C\/Z purlin roll former machine, stretching across a clean factory floor with a large coil of steel at the input and multiple roll forming stations.","src":"https:\/\/i0.wp.com\/believeindustry.company\/wp-content\/uploads\/2019\/03\/high-speed-c-z-purlin-roll-forming-machine.webp?resize=350%2C200&ssl=1","width":350,"height":200,"srcset":"https:\/\/i0.wp.com\/believeindustry.company\/wp-content\/uploads\/2019\/03\/high-speed-c-z-purlin-roll-forming-machine.webp?resize=350%2C200&ssl=1 1x, https:\/\/i0.wp.com\/believeindustry.company\/wp-content\/uploads\/2019\/03\/high-speed-c-z-purlin-roll-forming-machine.webp?resize=525%2C300&ssl=1 1.5x, https:\/\/i0.wp.com\/believeindustry.company\/wp-content\/uploads\/2019\/03\/high-speed-c-z-purlin-roll-forming-machine.webp?resize=700%2C400&ssl=1 2x"},"classes":[]},{"id":1707,"url":"https:\/\/believeindustry.company\/es\/product\/tile-roll-forming-machine\/","url_meta":{"origin":3081,"position":4},"title":"M\u00e1quina formadora de rollos de tejas","author":"Believe Industry Group","date":"mayo 10, 2018","format":false,"excerpt":"Tile Roll Forming Machine Tile Roll Forming Machine is a whole automatic line to produce Tiles. The workers only need input the desired data( length, quantity, step length) on the touch screen. Profile Drawings of Tiles 25-200-1000 35-192-960 28-176-704 38-200-1000 \u00a0Layout of Tile Roll Forming Machine Technical Parameters of Tile\u2026","rel":"","context":"Entrada similar","block_context":{"text":"Entrada similar","link":""},"img":{"alt_text":"Tile Roll Forming Machine","src":"https:\/\/i0.wp.com\/believeindustry.company\/wp-content\/uploads\/2018\/05\/IMG_2766-e1525934403246.jpg?resize=350%2C200&ssl=1","width":350,"height":200,"srcset":"https:\/\/i0.wp.com\/believeindustry.company\/wp-content\/uploads\/2018\/05\/IMG_2766-e1525934403246.jpg?resize=350%2C200&ssl=1 1x, https:\/\/i0.wp.com\/believeindustry.company\/wp-content\/uploads\/2018\/05\/IMG_2766-e1525934403246.jpg?resize=525%2C300&ssl=1 1.5x, https:\/\/i0.wp.com\/believeindustry.company\/wp-content\/uploads\/2018\/05\/IMG_2766-e1525934403246.jpg?resize=700%2C400&ssl=1 2x"},"classes":[]},{"id":2814,"url":"https:\/\/believeindustry.company\/es\/product\/metal-glazed-tile-machine\/","url_meta":{"origin":3081,"position":5},"title":"M\u00e1quina para fabricar azulejos esmaltados de metal","author":"Believe Industry Group","date":"septiembre 8, 2018","format":false,"excerpt":"Metal Glazed Tile Machine Metal Glazed Tile Machine is a whole automatic line to produce Glazed Tiles. The workers only need input the desired data( length, quantity, step length) on the touch screen. Profile Drawings of Glazed Tiles Glazed Tile Roll Forming Machine is a whole automatic line to produce\u2026","rel":"","context":"Entrada similar","block_context":{"text":"Entrada similar","link":""},"img":{"alt_text":"metal glazed tile machine","src":"https:\/\/i0.wp.com\/believeindustry.company\/wp-content\/uploads\/2018\/09\/metal-glazed-tile-machine.jpg?resize=350%2C200&ssl=1","width":350,"height":200,"srcset":"https:\/\/i0.wp.com\/believeindustry.company\/wp-content\/uploads\/2018\/09\/metal-glazed-tile-machine.jpg?resize=350%2C200&ssl=1 1x, https:\/\/i0.wp.com\/believeindustry.company\/wp-content\/uploads\/2018\/09\/metal-glazed-tile-machine.jpg?resize=525%2C300&ssl=1 1.5x, https:\/\/i0.wp.com\/believeindustry.company\/wp-content\/uploads\/2018\/09\/metal-glazed-tile-machine.jpg?resize=700%2C400&ssl=1 2x, https:\/\/i0.wp.com\/believeindustry.company\/wp-content\/uploads\/2018\/09\/metal-glazed-tile-machine.jpg?resize=1050%2C600&ssl=1 3x, https:\/\/i0.wp.com\/believeindustry.company\/wp-content\/uploads\/2018\/09\/metal-glazed-tile-machine.jpg?resize=1400%2C800&ssl=1 4x"},"classes":[]}],"amp_enabled":true,"_links":{"self":[{"href":"https:\/\/believeindustry.company\/es\/wp-json\/wp\/v2\/product\/3081","targetHints":{"allow":["GET"]}}],"collection":[{"href":"https:\/\/believeindustry.company\/es\/wp-json\/wp\/v2\/product"}],"about":[{"href":"https:\/\/believeindustry.company\/es\/wp-json\/wp\/v2\/types\/product"}],"replies":[{"embeddable":true,"href":"https:\/\/believeindustry.company\/es\/wp-json\/wp\/v2\/comments?post=3081"}],"version-history":[{"count":0,"href":"https:\/\/believeindustry.company\/es\/wp-json\/wp\/v2\/product\/3081\/revisions"}],"wp:featuredmedia":[{"embeddable":true,"href":"https:\/\/believeindustry.company\/es\/wp-json\/wp\/v2\/media\/3082"}],"wp:attachment":[{"href":"https:\/\/believeindustry.company\/es\/wp-json\/wp\/v2\/media?parent=3081"}],"wp:term":[{"taxonomy":"product_brand","embeddable":true,"href":"https:\/\/believeindustry.company\/es\/wp-json\/wp\/v2\/product_brand?post=3081"},{"taxonomy":"product_cat","embeddable":true,"href":"https:\/\/believeindustry.company\/es\/wp-json\/wp\/v2\/product_cat?post=3081"},{"taxonomy":"product_tag","embeddable":true,"href":"https:\/\/believeindustry.company\/es\/wp-json\/wp\/v2\/product_tag?post=3081"}],"curies":[{"name":"wp","href":"https:\/\/api.w.org\/{rel}","templated":true}]}}