{"id":5079,"date":"2025-10-30T12:12:30","date_gmt":"2025-10-30T04:12:30","guid":{"rendered":"https:\/\/believeindustry.company\/?post_type=product&#038;p=5079"},"modified":"2025-11-12T15:20:15","modified_gmt":"2025-11-12T07:20:15","slug":"maquina-formadora-de-rollos-de-laminas-onduladas-para-techos-de-alta-velocidad","status":"publish","type":"product","link":"https:\/\/believeindustry.company\/es\/product\/high-speed-corrugated-roof-sheet-roll-forming-machine\/","title":{"rendered":"M\u00e1quina formadora de rollos de l\u00e1minas onduladas para techos de alta velocidad"},"content":{"rendered":"<p><strong>M\u00e1quina formadora de rollos de l\u00e1minas onduladas para techos de alta velocidad<\/strong> Se utiliza para producir l\u00e1minas corrugadas seg\u00fan planos. Seg\u00fan el dise\u00f1o est\u00e1ndar, la l\u00ednea de producci\u00f3n opera a una velocidad de 15 a 20 metros por minuto. Para clientes que requieren mayor productividad, hemos mejorado el dise\u00f1o de la m\u00e1quina para lograr una velocidad operativa de <em><span style=\"color: #993300;\">hasta 45 metros por minuto<\/span><\/em>. Para soportar esta mayor velocidad, se ha mejorado la potencia de la desbobinadora y la unidad perfiladora. Adem\u00e1s, se ha mejorado el sistema de transmisi\u00f3n, pasando de accionado por cadena a accionado por caja de engranajes, para mayor estabilidad y fiabilidad. El mecanismo de corte tambi\u00e9n se ha actualizado, pasando de un sistema de corte con tope a un sistema de corte con servocontrol para garantizar precisi\u00f3n y eficiencia a altas velocidades.<\/p>\n<p><strong>Disposici\u00f3n de una m\u00e1quina formadora de l\u00e1minas de techo corrugado de alta velocidad<br \/>\n<img fetchpriority=\"high\" decoding=\"async\" data-attachment-id=\"18876\" data-permalink=\"https:\/\/believeindustry.company\/es\/?attachment_id=18876\" data-orig-file=\"https:\/\/believeindustry.company\/wp-content\/uploads\/2025\/10\/High-Speed-Corrugated-Roof-Sheet-Roll-Forming-Machine-1.webp\" data-orig-size=\"1299,460\" data-comments-opened=\"1\" data-image-meta=\"{&quot;aperture&quot;:&quot;0&quot;,&quot;credit&quot;:&quot;&quot;,&quot;camera&quot;:&quot;&quot;,&quot;caption&quot;:&quot;&quot;,&quot;created_timestamp&quot;:&quot;0&quot;,&quot;copyright&quot;:&quot;&quot;,&quot;focal_length&quot;:&quot;0&quot;,&quot;iso&quot;:&quot;0&quot;,&quot;shutter_speed&quot;:&quot;0&quot;,&quot;title&quot;:&quot;&quot;,&quot;orientation&quot;:&quot;0&quot;}\" data-image-title=\"High Speed Corrugated Roof Sheet Roll Forming Machine (1)\" data-image-description=\"\" data-image-caption=\"\" data-medium-file=\"https:\/\/believeindustry.company\/wp-content\/uploads\/2025\/10\/High-Speed-Corrugated-Roof-Sheet-Roll-Forming-Machine-1-300x106.webp\" data-large-file=\"https:\/\/believeindustry.company\/wp-content\/uploads\/2025\/10\/High-Speed-Corrugated-Roof-Sheet-Roll-Forming-Machine-1-1024x363.webp\" class=\"aligncenter size-large wp-image-18876\" src=\"https:\/\/believeindustry.company\/wp-content\/uploads\/2025\/10\/High-Speed-Corrugated-Roof-Sheet-Roll-Forming-Machine-1-1024x363.webp\" alt=\"M\u00e1quina perfiladora de techos corrugados de alta velocidad\" width=\"1024\" height=\"363\" srcset=\"https:\/\/believeindustry.company\/wp-content\/uploads\/2025\/10\/High-Speed-Corrugated-Roof-Sheet-Roll-Forming-Machine-1-1024x363.webp 1024w, https:\/\/believeindustry.company\/wp-content\/uploads\/2025\/10\/High-Speed-Corrugated-Roof-Sheet-Roll-Forming-Machine-1-300x106.webp 300w, https:\/\/believeindustry.company\/wp-content\/uploads\/2025\/10\/High-Speed-Corrugated-Roof-Sheet-Roll-Forming-Machine-1-768x272.webp 768w, https:\/\/believeindustry.company\/wp-content\/uploads\/2025\/10\/High-Speed-Corrugated-Roof-Sheet-Roll-Forming-Machine-1-600x212.webp 600w, https:\/\/believeindustry.company\/wp-content\/uploads\/2025\/10\/High-Speed-Corrugated-Roof-Sheet-Roll-Forming-Machine-1.webp 1299w\" sizes=\"(max-width: 1024px) 100vw, 1024px\" \/><br \/>\n<\/strong><\/p>\n<p><strong>Proceso de trabajo<\/strong>: desbobinado \u2014 alimentaci\u00f3n y guiado \u2014 perfilado \u2014 corte con seguimiento servo \u2014 transporte \u2014 apilado<\/p>\n<p><strong>Informaci\u00f3n sobre materiales aplicables<\/strong><br \/>\n1. Tipo de material: bobinas de acero de color, bobinas de acero galvanizado<br \/>\n2. Espesor del material: 0,3-0,8 mm<br \/>\n3. Resistencia del material: 235-345 MPa<\/p>\n<p><strong>Par\u00e1metros t\u00e9cnicos principales de una m\u00e1quina perfiladora de l\u00e1minas de techo corrugado de alta velocidad<br \/>\n1. Desbobinador hidr\u00e1ulico<\/strong><br \/>\nEl desbobinador hidr\u00e1ulico est\u00e1 dise\u00f1ado para sujetar la bobina durante su funcionamiento. Incorpora un brazo de presi\u00f3n y un mecanismo de frenado para evitar el desenrollado excesivo y garantizar una alimentaci\u00f3n controlada del material.<br \/>\n1.1 Capacidad de carga del desbobinador: M\u00e1x. 5000 kg<br \/>\n1.2 Apriete y afloje interior de la bobina: tipo hidr\u00e1ulico, 4 kW<br \/>\n1.3 Desbobinado de bobinas: desbobinado el\u00e9ctrico, 3 kW<\/p>\n<p><strong>2. Unidad principal de perfilado<\/strong><br \/>\nTras el desbobinado, el material se introduce inicialmente en la unidad de alimentaci\u00f3n y guiado para asegurar una alineaci\u00f3n central precisa con la m\u00e1quina. Posteriormente, pasa a la unidad de perfilado, donde se le da forma gradualmente mediante una serie de etapas de conformado incrementales hasta lograr el perfil deseado.<br \/>\n2.1 Velocidad de la m\u00e1quina: M\u00e1x. 45 m\/min<br \/>\n2.2 M\u00e9todo de accionamiento: accionamiento el\u00e9ctrico mediante caja de cambios<br \/>\n2.3 Etapas de formaci\u00f3n: 20 pasos (seg\u00fan los perfiles de los clientes y el dise\u00f1o final)<br \/>\n2.4 Potencia para perfilado: 7,5KW<br \/>\n2.5 Material de los rodillos: acero No.45 de alta calidad, cromado con 0,05 mm de espesor<br \/>\n2.6 Material de los ejes: 40Cr, 75 mm de di\u00e1metro<\/p>\n<p><strong>3. Corte de seguimiento del servo<\/strong><br \/>\nEl sistema de corte servoasistido se utiliza para cortar l\u00e1minas de techo a la longitud deseada tras el perfilado. Hemos actualizado la unidad de corte estacionaria a un sistema servoasistido, lo que permite el funcionamiento continuo de toda la l\u00ednea de producci\u00f3n sin interrupciones.<br \/>\n3.1 Potencia del servomotor: 3KW<br \/>\n3.2 Potencia de corte hidr\u00e1ulica: 5,5KW<br \/>\n3.3 Material de la cuchilla de corte: Cr12Mov, HRC58-62<\/p>\n<p><strong>4. Mesa transportadora y apilador autom\u00e1tico<\/strong><br \/>\nLa mesa de recolecci\u00f3n se ha actualizado a una mesa transportadora integrada con un sistema de apilado autom\u00e1tico, lo que permite una coordinaci\u00f3n perfecta con una l\u00ednea de producci\u00f3n de alta velocidad.<br \/>\n4.1 Potencia para transporte: 1,5 kW<br \/>\n4.2 Tipo inferior de apilador autom\u00e1tico: baja hidr\u00e1ulicamente las l\u00e1minas del techo.<\/p>\n<p><strong>5. Sistema de control el\u00e9ctrico y sistema hidr\u00e1ulico<br \/>\n<\/strong>El sistema de control PLC permite operar la m\u00e1quina perfiladora de l\u00e1minas onduladas para techos de alta velocidad con facilidad. El sistema hidr\u00e1ulico alimenta tanto la unidad de corte como la de apilado.<br \/>\n5.1 Marca del sistema de control PLC: Siemens\/Panasonic<br \/>\n5.2 Inversor de frecuencia: YASKAWA<br \/>\n5.3 Codificador: Omron<br \/>\n5.4 Pantalla t\u00e1ctil: Siemens\/MCGS<br \/>\n5.5 Estaci\u00f3n hidr\u00e1ulica: Beijing Huade<br \/>\n5.6 V\u00e1lvula hidr\u00e1ulica:<\/p>\n<p><strong>Asociese con Beli RollForming para una calidad inmejorable<\/strong><br \/>\nInvertir en una<strong>M\u00e1quina formadora de rollos de l\u00e1minas onduladas para techos de alta velocidad<\/strong>Elegir Beli RollForming es una decisi\u00f3n estrat\u00e9gica para el crecimiento de su negocio. No solo compra una m\u00e1quina; adquiere un socio de productividad dedicado a su \u00e9xito. Nuestras m\u00e1quinas est\u00e1n dise\u00f1adas para durar, con soporte t\u00e9cnico 24\/7 que garantiza el buen funcionamiento de sus operaciones durante a\u00f1os.<\/p>","protected":false},"excerpt":{"rendered":"<p><strong>M\u00e1quina formadora de rollos de l\u00e1minas onduladas para techos de alta velocidad<\/strong> Sirve para producir l\u00e1minas corrugadas seg\u00fan dibujos deseados.<\/p>","protected":false},"featured_media":18869,"comment_status":"closed","ping_status":"closed","template":"","meta":{"_angie_page":false,"jetpack_post_was_ever_published":false,"jetpack_publicize_message":"","jetpack_publicize_feature_enabled":true,"jetpack_social_post_already_shared":true,"jetpack_social_options":{"image_generator_settings":{"template":"highway","default_image_id":0,"font":"","enabled":false},"version":2},"_wpas_customize_per_network":false},"product_brand":[607850681],"product_cat":[607850689,607850687],"product_tag":[607850669,607850670],"class_list":{"0":"post-5079","1":"product","2":"type-product","3":"status-publish","4":"has-post-thumbnail","6":"product_brand-believe-industry-company","7":"product_cat-metal-panel","8":"product_cat-steel-structure-and-construction","9":"product_tag-metal-roofing-sheet-roll-forming-machine","10":"product_tag-steel-roof-panel-roll-forming-machine","12":"first","13":"instock","14":"sale","15":"shipping-taxable","16":"purchasable","17":"product-type-simple"},"jetpack_publicize_connections":[],"jetpack_sharing_enabled":true,"jetpack_likes_enabled":false,"jetpack-related-posts":[{"id":1819,"url":"https:\/\/believeindustry.company\/es\/product\/corrugated-roof-sheet-roll-forming-machine\/","url_meta":{"origin":5079,"position":0},"title":"M\u00e1quina formadora de rollos de l\u00e1minas onduladas para techos","author":"Believe Industry Group","date":"mayo 17, 2018","format":false,"excerpt":"Corrugated Roof Sheet Roll Forming Machine is for producing various width of Corrugated Roof Sheets as desired length and width without any adjustment. Profile Drawings of Corrugated Roof Sheet Corrugated Roof Sheet Roll Forming Machine Layout The layout of corrugated roof sheet roll forming machine is : Uncoiling--Roll Forming--Cutting--Colllecting Machine\u2026","rel":"","context":"Entrada similar","block_context":{"text":"Entrada similar","link":""},"img":{"alt_text":"Fully Automatic Corrugated Roof Sheet Roll Forming Machine Production Line by Beli RollForming","src":"https:\/\/i0.wp.com\/believeindustry.company\/wp-content\/uploads\/2018\/05\/corrugated-roof-sheet-roll-forming-machine.webp?resize=350%2C200&ssl=1","width":350,"height":200,"srcset":"https:\/\/i0.wp.com\/believeindustry.company\/wp-content\/uploads\/2018\/05\/corrugated-roof-sheet-roll-forming-machine.webp?resize=350%2C200&ssl=1 1x, https:\/\/i0.wp.com\/believeindustry.company\/wp-content\/uploads\/2018\/05\/corrugated-roof-sheet-roll-forming-machine.webp?resize=525%2C300&ssl=1 1.5x, https:\/\/i0.wp.com\/believeindustry.company\/wp-content\/uploads\/2018\/05\/corrugated-roof-sheet-roll-forming-machine.webp?resize=700%2C400&ssl=1 2x, https:\/\/i0.wp.com\/believeindustry.company\/wp-content\/uploads\/2018\/05\/corrugated-roof-sheet-roll-forming-machine.webp?resize=1050%2C600&ssl=1 3x, https:\/\/i0.wp.com\/believeindustry.company\/wp-content\/uploads\/2018\/05\/corrugated-roof-sheet-roll-forming-machine.webp?resize=1400%2C800&ssl=1 4x"},"classes":[]},{"id":5105,"url":"https:\/\/believeindustry.company\/es\/product\/metal-roof-deck-roll-forming-machine\/","url_meta":{"origin":5079,"position":1},"title":"M\u00e1quina perfiladora de cubiertas met\u00e1licas","author":"Believe Industry Group","date":"marzo 18, 2019","format":false,"excerpt":"Metal roof deck roll forming machine is for producing metal\/steel\/aluminum roof decks as per requirements. \u00a0 Metal Roof Deck Roll Forming Machine What's Metal Roof Deck? Metal deck is a cold formed corrugated steel sheet supported by steel joists\u00a0or beams. It is used to support concrete or insulating membrane of\u2026","rel":"","context":"Entrada similar","block_context":{"text":"Entrada similar","link":""},"img":{"alt_text":"Complete automated metal roof deck roll forming machine production line by Beli.","src":"https:\/\/i0.wp.com\/believeindustry.company\/wp-content\/uploads\/2019\/03\/metal-roof-deck-roll-forming-machine-1.webp?resize=350%2C200&ssl=1","width":350,"height":200,"srcset":"https:\/\/i0.wp.com\/believeindustry.company\/wp-content\/uploads\/2019\/03\/metal-roof-deck-roll-forming-machine-1.webp?resize=350%2C200&ssl=1 1x, https:\/\/i0.wp.com\/believeindustry.company\/wp-content\/uploads\/2019\/03\/metal-roof-deck-roll-forming-machine-1.webp?resize=525%2C300&ssl=1 1.5x, https:\/\/i0.wp.com\/believeindustry.company\/wp-content\/uploads\/2019\/03\/metal-roof-deck-roll-forming-machine-1.webp?resize=700%2C400&ssl=1 2x, https:\/\/i0.wp.com\/believeindustry.company\/wp-content\/uploads\/2019\/03\/metal-roof-deck-roll-forming-machine-1.webp?resize=1050%2C600&ssl=1 3x, https:\/\/i0.wp.com\/believeindustry.company\/wp-content\/uploads\/2019\/03\/metal-roof-deck-roll-forming-machine-1.webp?resize=1400%2C800&ssl=1 4x"},"classes":[]},{"id":19368,"url":"https:\/\/believeindustry.company\/es\/product\/trapezoidal-ribbed-spandeck-roof-and-wall-cladding-roll-forming-machine\/","url_meta":{"origin":5079,"position":2},"title":"M\u00e1quina perfiladora de revestimientos de techos y paredes Spandeck con nervaduras trapezoidales","author":"Believe Industry Group","date":"noviembre 12, 2025","format":false,"excerpt":"Trapezoidal Ribbed Spandeck Roof and Wall Cladding Roll Forming Machine\u200b from Beli RollForming is the ultimate industrial solution for manufacturers seeking to produce high-quality, durable building panels with unmatched precision and speed. This advanced machine is engineered to transform raw metal coils into robust spandeck profiles, a cornerstone of modern\u2026","rel":"","context":"Entrada similar","block_context":{"text":"Entrada similar","link":""},"img":{"alt_text":"Trapezoidal Ribbed Spandeck Roof and Wall Cladding Roll Forming Machine","src":"https:\/\/i0.wp.com\/believeindustry.company\/wp-content\/uploads\/2025\/11\/Trapezoidal-Ribbed-Spandeck-Roof-and-Wall-Cladding-Roll-Forming-Machine.webp?resize=350%2C200&ssl=1","width":350,"height":200,"srcset":"https:\/\/i0.wp.com\/believeindustry.company\/wp-content\/uploads\/2025\/11\/Trapezoidal-Ribbed-Spandeck-Roof-and-Wall-Cladding-Roll-Forming-Machine.webp?resize=350%2C200&ssl=1 1x, https:\/\/i0.wp.com\/believeindustry.company\/wp-content\/uploads\/2025\/11\/Trapezoidal-Ribbed-Spandeck-Roof-and-Wall-Cladding-Roll-Forming-Machine.webp?resize=525%2C300&ssl=1 1.5x, https:\/\/i0.wp.com\/believeindustry.company\/wp-content\/uploads\/2025\/11\/Trapezoidal-Ribbed-Spandeck-Roof-and-Wall-Cladding-Roll-Forming-Machine.webp?resize=700%2C400&ssl=1 2x"},"classes":[]},{"id":18712,"url":"https:\/\/believeindustry.company\/es\/product\/double-layer-roofing-sheet-roll-forming-machine\/","url_meta":{"origin":5079,"position":3},"title":"M\u00e1quina perfiladora de l\u00e1minas para techos de doble capa","author":"Believe Industry Group","date":"octubre 16, 2025","format":false,"excerpt":"La m\u00e1quina perfiladora de l\u00e1minas para techos de doble capa, como su nombre indica, incorpora dos capas de perfilado independientes, cada una capaz de producir un perfil de techo distinto.","rel":"","context":"Entrada similar","block_context":{"text":"Entrada similar","link":""},"img":{"alt_text":"Double Layer Roofing Roll Forming Machine","src":"https:\/\/i0.wp.com\/believeindustry.company\/wp-content\/uploads\/2025\/10\/Double-Layer-Roofing-Roll-Forming-Machine.webp?resize=350%2C200&ssl=1","width":350,"height":200,"srcset":"https:\/\/i0.wp.com\/believeindustry.company\/wp-content\/uploads\/2025\/10\/Double-Layer-Roofing-Roll-Forming-Machine.webp?resize=350%2C200&ssl=1 1x, https:\/\/i0.wp.com\/believeindustry.company\/wp-content\/uploads\/2025\/10\/Double-Layer-Roofing-Roll-Forming-Machine.webp?resize=525%2C300&ssl=1 1.5x, https:\/\/i0.wp.com\/believeindustry.company\/wp-content\/uploads\/2025\/10\/Double-Layer-Roofing-Roll-Forming-Machine.webp?resize=700%2C400&ssl=1 2x, https:\/\/i0.wp.com\/believeindustry.company\/wp-content\/uploads\/2025\/10\/Double-Layer-Roofing-Roll-Forming-Machine.webp?resize=1050%2C600&ssl=1 3x, https:\/\/i0.wp.com\/believeindustry.company\/wp-content\/uploads\/2025\/10\/Double-Layer-Roofing-Roll-Forming-Machine.webp?resize=1400%2C800&ssl=1 4x"},"classes":[]},{"id":19273,"url":"https:\/\/believeindustry.company\/es\/product\/75mm-deep-galvanized-steel-floor-decking-sheet-roll-forming-machine\/","url_meta":{"origin":5079,"position":4},"title":"M\u00e1quina perfiladora de l\u00e1minas de acero galvanizado para entarimado de 75 mm de profundidad","author":"Believe Industry Group","date":"noviembre 11, 2025","format":false,"excerpt":"The \u200b75mm Deep Galvanized Steel Floor Decking Sheet Roll Forming Machine\u200b is a precision-engineered solution for manufacturing one of the most robust profiles in modern construction. At Beli RollForming, we design this machine to deliver unmatched reliability, speed, and consistency, enabling producers to meet the stringent demands of large-scale commercial\u2026","rel":"","context":"Entrada similar","block_context":{"text":"Entrada similar","link":""},"img":{"alt_text":"75mm Deep Galvanized Steel Floor Decking Sheet Roll Forming Machine","src":"https:\/\/i0.wp.com\/believeindustry.company\/wp-content\/uploads\/2025\/11\/75mm-Deep-Galvanized-Steel-Floor-Decking-Sheet-Roll-Forming-Machine.webp?resize=350%2C200&ssl=1","width":350,"height":200,"srcset":"https:\/\/i0.wp.com\/believeindustry.company\/wp-content\/uploads\/2025\/11\/75mm-Deep-Galvanized-Steel-Floor-Decking-Sheet-Roll-Forming-Machine.webp?resize=350%2C200&ssl=1 1x, https:\/\/i0.wp.com\/believeindustry.company\/wp-content\/uploads\/2025\/11\/75mm-Deep-Galvanized-Steel-Floor-Decking-Sheet-Roll-Forming-Machine.webp?resize=525%2C300&ssl=1 1.5x, https:\/\/i0.wp.com\/believeindustry.company\/wp-content\/uploads\/2025\/11\/75mm-Deep-Galvanized-Steel-Floor-Decking-Sheet-Roll-Forming-Machine.webp?resize=700%2C400&ssl=1 2x"},"classes":[]},{"id":19473,"url":"https:\/\/believeindustry.company\/es\/product\/metal-tile-roof-panel-roll-forming-machine\/","url_meta":{"origin":5079,"position":5},"title":"M\u00e1quina perfiladora de paneles de tejas met\u00e1licas","author":"Believe Industry Group","date":"noviembre 13, 2025","format":false,"excerpt":"Las m\u00e1quinas perfiladoras de paneles de tejas met\u00e1licas para techos son la piedra angular de la fabricaci\u00f3n moderna y eficiente de materiales de construcci\u00f3n. En Beli RollForming, dise\u00f1amos estos sistemas avanzados para convertir bobinas de acero en bruto en paneles de tejas met\u00e1licas de alta precisi\u00f3n y est\u00e9ticamente atractivos, con una consistencia y velocidad excepcionales.","rel":"","context":"Entrada similar","block_context":{"text":"Entrada similar","link":""},"img":{"alt_text":"metal tile roof panel roll forming machine","src":"https:\/\/i0.wp.com\/believeindustry.company\/wp-content\/uploads\/2025\/11\/Metal-Tile-Roof-Panel-Roll-Forming-Machine.webp?resize=350%2C200&ssl=1","width":350,"height":200,"srcset":"https:\/\/i0.wp.com\/believeindustry.company\/wp-content\/uploads\/2025\/11\/Metal-Tile-Roof-Panel-Roll-Forming-Machine.webp?resize=350%2C200&ssl=1 1x, https:\/\/i0.wp.com\/believeindustry.company\/wp-content\/uploads\/2025\/11\/Metal-Tile-Roof-Panel-Roll-Forming-Machine.webp?resize=525%2C300&ssl=1 1.5x, https:\/\/i0.wp.com\/believeindustry.company\/wp-content\/uploads\/2025\/11\/Metal-Tile-Roof-Panel-Roll-Forming-Machine.webp?resize=700%2C400&ssl=1 2x"},"classes":[]}],"amp_enabled":true,"_links":{"self":[{"href":"https:\/\/believeindustry.company\/es\/wp-json\/wp\/v2\/product\/5079","targetHints":{"allow":["GET"]}}],"collection":[{"href":"https:\/\/believeindustry.company\/es\/wp-json\/wp\/v2\/product"}],"about":[{"href":"https:\/\/believeindustry.company\/es\/wp-json\/wp\/v2\/types\/product"}],"replies":[{"embeddable":true,"href":"https:\/\/believeindustry.company\/es\/wp-json\/wp\/v2\/comments?post=5079"}],"version-history":[{"count":16,"href":"https:\/\/believeindustry.company\/es\/wp-json\/wp\/v2\/product\/5079\/revisions"}],"predecessor-version":[{"id":18880,"href":"https:\/\/believeindustry.company\/es\/wp-json\/wp\/v2\/product\/5079\/revisions\/18880"}],"wp:featuredmedia":[{"embeddable":true,"href":"https:\/\/believeindustry.company\/es\/wp-json\/wp\/v2\/media\/18869"}],"wp:attachment":[{"href":"https:\/\/believeindustry.company\/es\/wp-json\/wp\/v2\/media?parent=5079"}],"wp:term":[{"taxonomy":"product_brand","embeddable":true,"href":"https:\/\/believeindustry.company\/es\/wp-json\/wp\/v2\/product_brand?post=5079"},{"taxonomy":"product_cat","embeddable":true,"href":"https:\/\/believeindustry.company\/es\/wp-json\/wp\/v2\/product_cat?post=5079"},{"taxonomy":"product_tag","embeddable":true,"href":"https:\/\/believeindustry.company\/es\/wp-json\/wp\/v2\/product_tag?post=5079"}],"curies":[{"name":"wp","href":"https:\/\/api.w.org\/{rel}","templated":true}]}}