{"id":742,"date":"2018-03-28T16:18:39","date_gmt":"2018-03-28T08:18:39","guid":{"rendered":"https:\/\/believeindustry.company\/?page_id=742"},"modified":"2025-12-05T15:14:43","modified_gmt":"2025-12-05T07:14:43","slug":"tolok-cahaya-dipotong-kepada-garis-panjang","status":"publish","type":"page","link":"https:\/\/believeindustry.company\/ms\/coil-process-equipment\/cut-to-length-lines\/light-gauge-cut-to-length-line\/","title":{"rendered":"Tolok Cahaya Dipotong Kepada Garis Panjang"},"content":{"rendered":"<p>BELI\u00ae mempunyai rangkaian lengkap Peralatan Proses Gegelung: Garisan Celah, Garisan Potong Kepada Panjang, Garisan Kosong. Dan Garisan Potong Ke Panjang dikelaskan kepada 3 kelas: Tolok Berat, Tolok Sederhana dan Garisan Tolok Ringan Potong Ke Panjang. Semua talian kami disesuaikan untuk permintaan yang berbeza<\/p>\r\n\r\n\r\n\r\n<p><!--more--><\/p>\r\n\r\n\r\n\r\n<h1 class=\"wp-block-heading\"><span style=\"font-size: 18pt;\">Tolok Cahaya Dipotong Kepada Garis Panjang<\/span><\/h1>\r\n\r\n\r\n\r\n<h6 class=\"wp-block-heading\"><strong><b>Bahan Gegelung yang Sesuai dengan Tolok Ringan Dipotong Mengikut Garis Panjang<\/b><\/strong><\/h6>\r\n\r\n\r\n\r\n<ol class=\"wp-block-list\">\r\n<li>Bahan gegelung: gegelung gulungan sejuk, gegelung tergalvani, gegelung keluli tahan karat<\/li>\r\n<li>Kekuatan: \u03b4s\u2264350MPa, \u03b4b\u2264600MPa<\/li>\r\n<li>Ketebalan gegelung: 0.8mm-3mm<\/li>\r\n<li>Lebar Gegelung Ibu: Maks. 1600mm<\/li>\r\n<li>ID gegelung: 508mm<\/li>\r\n<li>Gegelung OD: Maks. 1800mm<\/li>\r\n<li>Berat gegelung: 25000kg<\/li>\r\n<\/ol>\r\n\r\n\r\n\r\n<h6 class=\"wp-block-heading\"><strong><b>Parameter Teknikal Utama Garisan Potong ke panjang<\/b><\/strong><\/h6>\r\n\r\n\r\n\r\n<ol class=\"wp-block-list\">\r\n<li>Kelajuan talian: 0-60 m\/min<\/li>\r\n<li>Panjang pemotongan: 500-4000 mm<\/li>\r\n<li>Kadar pemotongan: 15 keping\/min (apabila panjang pemotongan ialah 2000mm)<\/li>\r\n<li>Toleransi panjang: \u00b10.5 mm (apabila panjang pemotongan ialah 1000mm)<\/li>\r\n<li>Toleransi pepenjuru: \u00b10.5 mm (apabila panjang pemotongan ialah 1000mm)<\/li>\r\n<li>Toleransi meluruskan: \u00b11 mm\/m<sup>2<\/sup><\/li>\r\n<li>Jumlah kuasa: kira-kira 80 KW<\/li>\r\n<li>Jumlah berat: kira-kira 50 T<\/li>\r\n<li>Ruang yang diperlukan: Kira-kira 20 m\u00d78 m\u00d73 m(L\u00d7W\u00d7H)<\/li>\r\n<\/ol>\r\n\r\n\r\n\r\n<h6 class=\"wp-block-heading\"><strong><b>Komponen Utama Talian:<\/b><\/strong><\/h6>\r\n\r\n\r\n\r\n<ol class=\"wp-block-list\">\r\n<li>Meja penyediaan gegelung jenis V<\/li>\r\n<li>Kereta memuatkan gegelung<\/li>\r\n<li>Dekoiler satu lengan hidraulik<\/li>\r\n<li>Peranti pendahulu masukan gegelung, penyodok dan pelurus<\/li>\r\n<li>Peranti suapan gulung picit dan peranti pelurus 17-gelek<\/li>\r\n<li>Meja jambatan lubang gelung<\/li>\r\n<li>Peranti panduan<\/li>\r\n<li>Peranti meluruskan kemasan 9-roller<\/li>\r\n<li>Alat pemotong hidraulik<\/li>\r\n<li>Peranti menghantar dan menjatuhkan plat<\/li>\r\n<li>Peranti meratakan dan selari pneumatik<\/li>\r\n<li>Meja simpanan hidraulik<\/li>\r\n<li>Memunggah kereta<\/li>\r\n<li>Sistem hidraulik<\/li>\r\n<li>Sistem pneumatik<\/li>\r\n<li>Sistem elektrik<\/li>\r\n<\/ol>\r\n\r\n\r\n\r\n<figure class=\"wp-block-image\"><img fetchpriority=\"high\" decoding=\"async\" width=\"750\" height=\"499\" data-attachment-id=\"48\" data-permalink=\"https:\/\/believeindustry.company\/ms\/?attachment_id=48\" data-orig-file=\"https:\/\/believeindustry.company\/wp-content\/uploads\/2018\/03\/Layout-of-slitting-line.jpg\" data-orig-size=\"750,499\" data-comments-opened=\"1\" data-image-meta=\"{&quot;aperture&quot;:&quot;0&quot;,&quot;credit&quot;:&quot;&quot;,&quot;camera&quot;:&quot;&quot;,&quot;caption&quot;:&quot;&quot;,&quot;created_timestamp&quot;:&quot;0&quot;,&quot;copyright&quot;:&quot;&quot;,&quot;focal_length&quot;:&quot;0&quot;,&quot;iso&quot;:&quot;0&quot;,&quot;shutter_speed&quot;:&quot;0&quot;,&quot;title&quot;:&quot;&quot;,&quot;orientation&quot;:&quot;0&quot;}\" data-image-title=\"2\" data-image-description=\"\" data-image-caption=\"\" data-large-file=\"https:\/\/believeindustry.company\/wp-content\/uploads\/2018\/03\/Layout-of-slitting-line.jpg\" class=\"wp-image-48\" src=\"https:\/\/believeindustry.company\/wp-content\/uploads\/2018\/03\/Layout-of-slitting-line.jpg\" alt=\"\" srcset=\"https:\/\/believeindustry.company\/wp-content\/uploads\/2018\/03\/Layout-of-slitting-line.jpg 750w, https:\/\/believeindustry.company\/wp-content\/uploads\/2018\/03\/Layout-of-slitting-line-600x399.jpg 600w\" sizes=\"(max-width: 750px) 100vw, 750px\" \/><\/figure>\r\n\r\n\r\n\r\n<h6 class=\"wp-block-heading\">Soalan Lazim<\/h6>\r\n\r\n\r\n\r\n<ul class=\"wp-block-list\">\r\n<li><strong>S: Apakah maklumat yang perlu anda ketahui sebelum sebut harga kepada kami?<\/strong><br \/>A: Butiran Bahan: ketebalan, lebar, kekuatan. dan juga panjang maksimum helaian yang anda ingin potong.<\/li>\r\n<li><strong>S: Adakah mungkin untuk memotong julat ketebalan kepingan dari 0.2 hingga 5mm<\/strong><br \/>A: Lebih baik pilih 2 peranti pelurus untuk julat ketebalan sedemikian, satu untuk 0.2-2 mm, anter adalah untuk 2-5 mm. pemotongan ok, tetapi tahap kerataan juga penting<\/li>\r\n<\/ul>\r\n\r\n\r\n\r\n<p>BELI\u00ae juga mempunyai siri jenis mesin membentuk gulungan: <a title=\"Maklumat mesin pembentuk gulungan kepingan bumbung\" href=\"https:\/\/believeindustry.company\/ms\/mesin-membentuk-gulungan\/mesin-membentuk-gulungan-kepingan-logam\/mesin-membentuk-roll-lembaran-bumbung\/\" rel=\"\">Mesin Pembentuk Gulung Kepingan Bumbung<\/a>, Mesin Pembentuk Roll Pelapisan Dinding, <a title=\"Maklumat tentang mesin pembuat roll pintu keluli\" href=\"https:\/\/believeindustry.company\/ms\/mesin-membentuk-gulungan\/mesin-membentuk-roll-pintu-keluli\/\" rel=\"\">Mesin Pembentuk Roll Pintu Keluli<\/a>, <a title=\"Maklumat lanjut Purlin Roll Forming Machina\" href=\"https:\/\/believeindustry.company\/ms\/mesin-membentuk-gulungan\/mesin-membentuk-roll-purlin\/cz-mesin-pembentuk-roll-purlin\/\" rel=\"\">Mesin Pembentuk Gulung Purlin<\/a>, Mesin Pembentuk Gulung Stud dan Trek.  dan kami juga menerima Profil Tersuai kepada Mesin Pembentuk Roll Pengilang.<\/p>","protected":false},"excerpt":{"rendered":"<p>BELI\u00ae mempunyai rangkaian lengkap Peralatan Proses Gegelung: Garisan Celah, Garisan Potong Kepada Panjang, Garisan Kosong. Dan Garisan Potong Ke Panjang dikelaskan kepada 3 kelas: Tolok Berat, Tolok Sederhana dan Garisan Tolok Ringan Potong Ke Panjang. Semua talian kami disesuaikan untuk permintaan yang berbeza<\/p>","protected":false},"author":2,"featured_media":745,"parent":407,"menu_order":0,"comment_status":"closed","ping_status":"closed","template":"","meta":{"_angie_page":false,"footnotes":"","big_sky_generated":false},"tags":[],"class_list":["post-742","page","type-page","status-publish","has-post-thumbnail","hentry"],"blocksy_meta":[],"jetpack_sharing_enabled":true,"jetpack_shortlink":"https:\/\/wp.me\/P9K5n8-bY","jetpack_likes_enabled":false,"jetpack-related-posts":[{"id":407,"url":"https:\/\/believeindustry.company\/ms\/coil-process-equipment\/cut-to-length-lines\/","url_meta":{"origin":742,"position":0},"title":"Potong Kepada Garis Panjang","author":"Believe Industry Group","date":"Mac 16, 2018","format":false,"excerpt":"BELI\u00ae Cut To Length Lines(One of coil process equipment) is \u00a0used to cut the straightening metal strip into metal sheet and stack it automatically, Cut To Length Lines Depending on the requirements, we have 3 kinds or range cut to length line: Light Gauge Cut To Length Lines: (0.3-4mm)*2000mm Medium\u2026","rel":"","context":"In \"CR CTL Line\"","block_context":{"text":"CR CTL Line","link":"https:\/\/believeindustry.company\/ms\/tag\/cr-ctl-line\/"},"img":{"alt_text":"cut to length line","src":"https:\/\/i0.wp.com\/believeindustry.company\/wp-content\/uploads\/2018\/03\/26231297_150092292446410_1585691537264983272_n-e1522734138474.jpg?resize=350%2C200&ssl=1","width":350,"height":200,"srcset":"https:\/\/i0.wp.com\/believeindustry.company\/wp-content\/uploads\/2018\/03\/26231297_150092292446410_1585691537264983272_n-e1522734138474.jpg?resize=350%2C200&ssl=1 1x, https:\/\/i0.wp.com\/believeindustry.company\/wp-content\/uploads\/2018\/03\/26231297_150092292446410_1585691537264983272_n-e1522734138474.jpg?resize=525%2C300&ssl=1 1.5x, https:\/\/i0.wp.com\/believeindustry.company\/wp-content\/uploads\/2018\/03\/26231297_150092292446410_1585691537264983272_n-e1522734138474.jpg?resize=700%2C400&ssl=1 2x"},"classes":[]},{"id":2477,"url":"https:\/\/believeindustry.company\/ms\/coil-process-equipment\/cut-to-length-lines\/heavy-gauge-ctl-line\/","url_meta":{"origin":742,"position":1},"title":"Talian Ctl Tolok Berat","author":"Believe Industry Group","date":"Julai 19, 2018","format":false,"excerpt":"Heavy Gauge CTL Line is for cut 3.2mm -15mm thickness carbon steel coils into sheets. which coil weight is up to 25 Ton. Heavy Gauge CTL Line Work Flow and Layout of Cut-To-Length Line Heavy Gauge CTL Line \u00a0Parameters ITEM PARAMETER Specifications Material carbon steel plate Thickness 3.2mm\u201415mm Width 600mm\u20141600mm\u2026","rel":"","context":"In \"CR CTL Line\"","block_context":{"text":"CR CTL Line","link":"https:\/\/believeindustry.company\/ms\/tag\/cr-ctl-line\/"},"img":{"alt_text":"heavy gauge ctl line","src":"https:\/\/i0.wp.com\/believeindustry.company\/wp-content\/uploads\/2018\/07\/heavy-gauge-ctl-line.jpg?resize=350%2C200&ssl=1","width":350,"height":200,"srcset":"https:\/\/i0.wp.com\/believeindustry.company\/wp-content\/uploads\/2018\/07\/heavy-gauge-ctl-line.jpg?resize=350%2C200&ssl=1 1x, https:\/\/i0.wp.com\/believeindustry.company\/wp-content\/uploads\/2018\/07\/heavy-gauge-ctl-line.jpg?resize=525%2C300&ssl=1 1.5x, https:\/\/i0.wp.com\/believeindustry.company\/wp-content\/uploads\/2018\/07\/heavy-gauge-ctl-line.jpg?resize=700%2C400&ssl=1 2x, https:\/\/i0.wp.com\/believeindustry.company\/wp-content\/uploads\/2018\/07\/heavy-gauge-ctl-line.jpg?resize=1050%2C600&ssl=1 3x"},"classes":[]},{"id":475,"url":"https:\/\/believeindustry.company\/ms\/coil-process-equipment\/slitting-line\/medium-gauge-slitting-line\/","url_meta":{"origin":742,"position":2},"title":"Garisan Celah Tolok Sederhana","author":"Believe Industry Group","date":"Mac 16, 2018","format":false,"excerpt":"Medium Gauge Slitting Line, which is used to slitting the coils\/rolls(Thickness is 2-8mm, width: 500-2600mm, weight is 15-25 Ton) \u00a0into desired narrow coils\/rolls, Medium Gauge Slitting Line BELI\u00ae\u00a0is one of slitting line manufacturers in Wuxi, China, we have full range of Light Gauge Slitting Lines for different demands. please refer\u2026","rel":"","context":"In \"Coil Slitting Line\"","block_context":{"text":"Coil Slitting Line","link":"https:\/\/believeindustry.company\/ms\/tag\/coil-slitting-line\/"},"img":{"alt_text":"Medium Gauge Slitting Line","src":"https:\/\/i0.wp.com\/believeindustry.company\/wp-content\/uploads\/2018\/03\/Medium-Gauge-Slitting-Line-1.jpg?resize=350%2C200&ssl=1","width":350,"height":200,"srcset":"https:\/\/i0.wp.com\/believeindustry.company\/wp-content\/uploads\/2018\/03\/Medium-Gauge-Slitting-Line-1.jpg?resize=350%2C200&ssl=1 1x, https:\/\/i0.wp.com\/believeindustry.company\/wp-content\/uploads\/2018\/03\/Medium-Gauge-Slitting-Line-1.jpg?resize=525%2C300&ssl=1 1.5x, https:\/\/i0.wp.com\/believeindustry.company\/wp-content\/uploads\/2018\/03\/Medium-Gauge-Slitting-Line-1.jpg?resize=700%2C400&ssl=1 2x, https:\/\/i0.wp.com\/believeindustry.company\/wp-content\/uploads\/2018\/03\/Medium-Gauge-Slitting-Line-1.jpg?resize=1050%2C600&ssl=1 3x"},"classes":[]},{"id":1289,"url":"https:\/\/believeindustry.company\/ms\/coil-process-equipment\/slitting-line\/heavy-gauge-slitting-line\/","url_meta":{"origin":742,"position":3},"title":"Garisan Celah Tolok Berat","author":"Believe Industry Group","date":"April 16, 2018","format":false,"excerpt":"Heavy Gauge Slitting Line, which is used to slitting the coils\/rolls(Thickness is 8-20 mm, width: 600-2600mm, weight is 15-35Ton) \u00a0into desired narrow coils\/rolls, Heavy Gauge Slitting Line Details BELI\u00ae is engage in designing and manufacturing full range of Slitting Lines as per demands. We have a professional team with years'\u2026","rel":"","context":"In \"Coil Slitting Line\"","block_context":{"text":"Coil Slitting Line","link":"https:\/\/believeindustry.company\/ms\/tag\/coil-slitting-line\/"},"img":{"alt_text":"Heavy Gauge Slitting Line","src":"https:\/\/i0.wp.com\/believeindustry.company\/wp-content\/uploads\/2018\/03\/Heavy-Gauge-Slitting-Line-1.jpg?resize=350%2C200&ssl=1","width":350,"height":200,"srcset":"https:\/\/i0.wp.com\/believeindustry.company\/wp-content\/uploads\/2018\/03\/Heavy-Gauge-Slitting-Line-1.jpg?resize=350%2C200&ssl=1 1x, https:\/\/i0.wp.com\/believeindustry.company\/wp-content\/uploads\/2018\/03\/Heavy-Gauge-Slitting-Line-1.jpg?resize=525%2C300&ssl=1 1.5x, https:\/\/i0.wp.com\/believeindustry.company\/wp-content\/uploads\/2018\/03\/Heavy-Gauge-Slitting-Line-1.jpg?resize=700%2C400&ssl=1 2x, https:\/\/i0.wp.com\/believeindustry.company\/wp-content\/uploads\/2018\/03\/Heavy-Gauge-Slitting-Line-1.jpg?resize=1050%2C600&ssl=1 3x"},"classes":[]},{"id":472,"url":"https:\/\/believeindustry.company\/ms\/coil-process-equipment\/slitting-line\/light-gauge-slitting-line\/","url_meta":{"origin":742,"position":4},"title":"Garisan Celah Tolok Cahaya","author":"Believe Industry Group","date":"Mac 16, 2018","format":false,"excerpt":"Light Gauge Slitting Line, which is used to slitting the coils\/rolls(Thickness is 0.2-4mm, width: 500-2000mm, weight is 55-25 Ton) \u00a0into desired narrow coils\/rolls, Light Gauge Slitting Line Usually, light gauge slitting line is high precision and speed is up to 120m\/min or more. this line widely used in steel roofing\u2026","rel":"","context":"In \"Coil Slitting Line\"","block_context":{"text":"Coil Slitting Line","link":"https:\/\/believeindustry.company\/ms\/tag\/coil-slitting-line\/"},"img":{"alt_text":"Light Gauge Slitting Line","src":"https:\/\/i0.wp.com\/believeindustry.company\/wp-content\/uploads\/2018\/03\/Light-Gauge-Slitting-Line.jpg?resize=350%2C200&ssl=1","width":350,"height":200,"srcset":"https:\/\/i0.wp.com\/believeindustry.company\/wp-content\/uploads\/2018\/03\/Light-Gauge-Slitting-Line.jpg?resize=350%2C200&ssl=1 1x, https:\/\/i0.wp.com\/believeindustry.company\/wp-content\/uploads\/2018\/03\/Light-Gauge-Slitting-Line.jpg?resize=525%2C300&ssl=1 1.5x, https:\/\/i0.wp.com\/believeindustry.company\/wp-content\/uploads\/2018\/03\/Light-Gauge-Slitting-Line.jpg?resize=700%2C400&ssl=1 2x, https:\/\/i0.wp.com\/believeindustry.company\/wp-content\/uploads\/2018\/03\/Light-Gauge-Slitting-Line.jpg?resize=1050%2C600&ssl=1 3x"},"classes":[]},{"id":214,"url":"https:\/\/believeindustry.company\/ms\/why-choose-us\/","url_meta":{"origin":742,"position":5},"title":"Mengapa Memilih Kami","author":"Believe Industry Group","date":"Mac 15, 2018","format":false,"excerpt":"Believe Industry is\u00a0dedicated to producing high-quality, productivity-enhancing metal processing equipment for customers around the world. we have all the types of slitting lines and cut to length lines for different requirements. We should cosider the thickness of the material, the type of material, the weight of the coils to be\u2026","rel":"","context":"In \"Believe Industry\"","block_context":{"text":"Believe Industry","link":"https:\/\/believeindustry.company\/ms\/tag\/believe-industry\/"},"img":{"alt_text":"pexels-photo-886465","src":"https:\/\/i0.wp.com\/believeindustry.company\/wp-content\/uploads\/2018\/03\/pexels-photo-886465.jpeg?resize=350%2C200&ssl=1","width":350,"height":200,"srcset":"https:\/\/i0.wp.com\/believeindustry.company\/wp-content\/uploads\/2018\/03\/pexels-photo-886465.jpeg?resize=350%2C200&ssl=1 1x, https:\/\/i0.wp.com\/believeindustry.company\/wp-content\/uploads\/2018\/03\/pexels-photo-886465.jpeg?resize=525%2C300&ssl=1 1.5x, https:\/\/i0.wp.com\/believeindustry.company\/wp-content\/uploads\/2018\/03\/pexels-photo-886465.jpeg?resize=700%2C400&ssl=1 2x"},"classes":[]}],"amp_enabled":true,"_links":{"self":[{"href":"https:\/\/believeindustry.company\/ms\/wp-json\/wp\/v2\/pages\/742","targetHints":{"allow":["GET"]}}],"collection":[{"href":"https:\/\/believeindustry.company\/ms\/wp-json\/wp\/v2\/pages"}],"about":[{"href":"https:\/\/believeindustry.company\/ms\/wp-json\/wp\/v2\/types\/page"}],"author":[{"embeddable":true,"href":"https:\/\/believeindustry.company\/ms\/wp-json\/wp\/v2\/users\/2"}],"replies":[{"embeddable":true,"href":"https:\/\/believeindustry.company\/ms\/wp-json\/wp\/v2\/comments?post=742"}],"version-history":[{"count":1,"href":"https:\/\/believeindustry.company\/ms\/wp-json\/wp\/v2\/pages\/742\/revisions"}],"predecessor-version":[{"id":19702,"href":"https:\/\/believeindustry.company\/ms\/wp-json\/wp\/v2\/pages\/742\/revisions\/19702"}],"up":[{"embeddable":true,"href":"https:\/\/believeindustry.company\/ms\/wp-json\/wp\/v2\/pages\/407"}],"wp:featuredmedia":[{"embeddable":true,"href":"https:\/\/believeindustry.company\/ms\/wp-json\/wp\/v2\/media\/745"}],"wp:attachment":[{"href":"https:\/\/believeindustry.company\/ms\/wp-json\/wp\/v2\/media?parent=742"}],"wp:term":[{"taxonomy":"post_tag","embeddable":true,"href":"https:\/\/believeindustry.company\/ms\/wp-json\/wp\/v2\/tags?post=742"}],"curies":[{"name":"wp","href":"https:\/\/api.w.org\/{rel}","templated":true}]}}