{"id":1003,"date":"2018-04-09T15:00:38","date_gmt":"2018-04-09T07:00:38","guid":{"rendered":"https:\/\/believeindustry.company\/?page_id=1003"},"modified":"2026-04-06T12:46:02","modified_gmt":"2026-04-06T04:46:02","slug":"maquina-de-perfilagem-de-chapas-bemo","status":"publish","type":"page","link":"https:\/\/believeindustry.company\/pt\/roll-forming-machine\/metal-sheet-roll-forming-machine\/bemo-sheet-roll-forming-machine\/","title":{"rendered":"M\u00e1quina de perfilagem de chapas Bemo"},"content":{"rendered":"<p>A m\u00e1quina de perfilagem de chapas Bemo \u00e9 utilizada para produzir chapas Bemo com diversas larguras e formatos. Tamb\u00e9m \u00e9 conhecida como... <a href=\"https:\/\/believeindustry.company\/pt\/maquina-de-perfilagem-de-costura-vertical\/\">M\u00e1quina de perfilagem de rolos com costura vertical.<\/a><\/p>\n\n\n\n<!--more-->\n\n\n\n<h2 class=\"wp-block-heading\"><strong><span style=\"font-size: 18pt;\">M\u00e1quina de perfilagem de chapas Bemo<\/span><\/strong><\/h2>\n\n\n\n<h3 class=\"wp-block-heading\"><strong><span style=\"font-size: 14pt;\">O que \u00e9 a Folha BEMO?<\/span><\/strong><\/h3>\n\n\n\n<p>A telha BEMO, um tipo de telha com costura vertical, foi desenvolvida pela empresa BEMO. Os materiais utilizados na fabrica\u00e7\u00e3o das telhas BEMO s\u00e3o os seguintes:<\/p>\n\n\n\n<ul class=\"wp-block-list\"><li>As ligas de alum\u00ednio, totalmente recicl\u00e1veis, podem ser moldadas com seguran\u00e7a e s\u00e3o resistentes \u00e0 corros\u00e3o.<\/li><li>O a\u00e7o laminado a frio \u00e9 uma alternativa econ\u00f4mica que proporciona menor expans\u00e3o do revestimento.<\/li><li>A\u00e7o inoxid\u00e1vel, muito mais seguran\u00e7a em ambientes agressivos.<\/li><li>Cobre, longa vida \u00fatil e possibilidade de reciclagem. Al\u00e9m disso, possui uma apar\u00eancia cativante.<\/li><li>Zinco-tit\u00e2nio, com efeito autorreparador espec\u00edfico quando danificado.<\/li><li><\/li><\/ul>\n\n\n\n<h3 class=\"wp-block-heading\"><strong><span style=\"font-size: 12pt;\">V\u00e1rios formatos de folha Bemo<\/span><\/strong><\/h3>\n\n\n\n<p>O perfil de chapa Bemo com costura vertical permite a execu\u00e7\u00e3o de praticamente todos os projetos arquitet\u00f4nicos modernos. A Believe Industry Company oferece diversos tipos de m\u00e1quinas de perfilagem de chapas Bemo para atender a diferentes necessidades.<\/p>\n\n\n\n<figure class=\"wp-block-image alignnone wp-image-1201 size-full\"><img fetchpriority=\"high\" decoding=\"async\" width=\"719\" height=\"242\" data-attachment-id=\"1201\" data-permalink=\"https:\/\/believeindustry.company\/pt\/roll-forming-machine\/metal-sheet-roll-forming-machine\/bemo-sheet-roll-forming-machine\/bemo-sheet\/\" data-orig-file=\"https:\/\/believeindustry.company\/wp-content\/uploads\/2018\/04\/bemo-sheet.jpg\" data-orig-size=\"719,242\" data-comments-opened=\"1\" data-image-meta=\"{&quot;aperture&quot;:&quot;0&quot;,&quot;credit&quot;:&quot;&quot;,&quot;camera&quot;:&quot;&quot;,&quot;caption&quot;:&quot;&quot;,&quot;created_timestamp&quot;:&quot;0&quot;,&quot;copyright&quot;:&quot;&quot;,&quot;focal_length&quot;:&quot;0&quot;,&quot;iso&quot;:&quot;0&quot;,&quot;shutter_speed&quot;:&quot;0&quot;,&quot;title&quot;:&quot;&quot;,&quot;orientation&quot;:&quot;0&quot;}\" data-image-title=\"bemo sheet\" data-image-description=\"\" data-image-caption=\"&lt;p&gt;Bemo sheet is widely used for steel house&lt;\/p&gt;\" data-large-file=\"https:\/\/believeindustry.company\/wp-content\/uploads\/2018\/04\/bemo-sheet.jpg\" src=\"https:\/\/believeindustry.company\/wp-content\/uploads\/2018\/04\/bemo-sheet.jpg\" alt=\"Folha Bemo\" class=\"wp-image-1201\" srcset=\"https:\/\/believeindustry.company\/wp-content\/uploads\/2018\/04\/bemo-sheet.jpg 719w, https:\/\/believeindustry.company\/wp-content\/uploads\/2018\/04\/bemo-sheet-600x202.jpg 600w, https:\/\/believeindustry.company\/wp-content\/uploads\/2018\/04\/bemo-sheet-300x101.jpg 300w\" sizes=\"(max-width: 719px) 100vw, 719px\" \/><figcaption>A m\u00e1quina de perfilagem de chapas Bemo da Believe Industry pode produzir chapas Bemo em diversos formatos.<\/figcaption><\/figure>\n\n\n\n<p><strong>Apar\u00eancia diferente das Folhas Bemo<\/strong><\/p>\n\n\n\n<figure class=\"wp-block-image alignnone size-full wp-image-1203\"><img decoding=\"async\" width=\"894\" height=\"392\" data-attachment-id=\"1203\" data-permalink=\"https:\/\/believeindustry.company\/pt\/roll-forming-machine\/metal-sheet-roll-forming-machine\/bemo-sheet-roll-forming-machine\/curved-bemo-sheet-2\/\" data-orig-file=\"https:\/\/believeindustry.company\/wp-content\/uploads\/2018\/04\/curved-bemo-sheet-1.jpg\" data-orig-size=\"894,392\" data-comments-opened=\"1\" data-image-meta=\"{&quot;aperture&quot;:&quot;0&quot;,&quot;credit&quot;:&quot;&quot;,&quot;camera&quot;:&quot;&quot;,&quot;caption&quot;:&quot;&quot;,&quot;created_timestamp&quot;:&quot;0&quot;,&quot;copyright&quot;:&quot;&quot;,&quot;focal_length&quot;:&quot;0&quot;,&quot;iso&quot;:&quot;0&quot;,&quot;shutter_speed&quot;:&quot;0&quot;,&quot;title&quot;:&quot;&quot;,&quot;orientation&quot;:&quot;0&quot;}\" data-image-title=\"curved bemo sheet\" data-image-description=\"\" data-image-caption=\"&lt;p&gt;Curved Bemo Sheet &lt;\/p&gt;\" data-large-file=\"https:\/\/believeindustry.company\/wp-content\/uploads\/2018\/04\/curved-bemo-sheet-1.jpg\" src=\"https:\/\/believeindustry.company\/wp-content\/uploads\/2018\/04\/curved-bemo-sheet-1.jpg\" alt=\"Folhas Bemo Curvas \" class=\"wp-image-1203\" srcset=\"https:\/\/believeindustry.company\/wp-content\/uploads\/2018\/04\/curved-bemo-sheet-1.jpg 894w, https:\/\/believeindustry.company\/wp-content\/uploads\/2018\/04\/curved-bemo-sheet-1-600x263.jpg 600w, https:\/\/believeindustry.company\/wp-content\/uploads\/2018\/04\/curved-bemo-sheet-1-300x132.jpg 300w\" sizes=\"(max-width: 894px) 100vw, 894px\" \/><figcaption>As chapas curvas Bemo atendem a diferentes requisitos em projetos de constru\u00e7\u00e3o. Totalmente personaliz\u00e1veis e automatizadas.<\/figcaption><\/figure>\n\n\n\n<h3 class=\"wp-block-heading\"><strong><span style=\"font-size: 14pt;\">Detalhes da m\u00e1quina de perfilagem de chapas Bemo<\/span><\/strong><\/h3>\n\n\n\n<h4 class=\"wp-block-heading\"><strong><span style=\"font-size: 12pt;\">Material de bobina adequado <\/span><\/strong><\/h4>\n\n\n\n<ol class=\"wp-block-list\"><li> Largura do perfil: 305 mm, 333 mm, 400 mm, 500 mm, 600 mm <\/li><li>Material e espessura (mm): Alum\u00ednio, 0,8-1,2; A\u00e7o, 0,6-0,75; A\u00e7o inoxid\u00e1vel, 0,5-0,7; Cobre, 0,8-1,0; Zinco-tit\u00e2nio, 0,7-1,0.<\/li><li>A formadora de chapas bemo \u00e9 capaz de produzir chapas bemo de diferentes larguras com tempos de troca r\u00e1pidos.<\/li><\/ol>\n\n\n\n<h3 class=\"wp-block-heading\"><strong><span style=\"font-size: 12pt;\">Componentes da m\u00e1quina de chapas Bomo<\/span><\/strong><\/h3>\n\n\n\n<ol class=\"wp-block-list\"><li><a title=\"Tipos de Desbobinador\" href=\"https:\/\/believeindustry.company\/pt\/desenrolador\/\" rel=\"\">Desbobinador<\/a>, Capacidade de 5 toneladas.<\/li><li>Laminador de perfilagem, com laminador de perfilagem c\u00f4nico<\/li><li>Sistema de corte<\/li><li>Sistema hidr\u00e1ulico<\/li><li>Sistema controlado<\/li><li>M\u00e1quina de curvatura, convexa, c\u00f4ncava ou em \u201cS\u201d<\/li><li>Costura autom\u00e1tica ou manual<\/li><\/ol>\n\n\n\n<h3 class=\"wp-block-heading\"><strong><span style=\"font-size: 12pt;\">Par\u00e2metros detalhados da m\u00e1quina de corte Bemo<\/span><\/strong><\/h3>\n\n\n\n<ul class=\"wp-block-list\"><li>Velocidade de rolamento: 15-20 m\/min<\/li><li>Suportes para rolos de conforma\u00e7\u00e3o: 18-24<\/li><li>Material dos rolos: ASTM 1045, temperado e revenido, cromado com 0,05 mm de espessura.<\/li><li>Material do eixo: A\u00e7o carbono ASTM 1045, temperado.<\/li><li>Material do espa\u00e7ador: ASTM 1045, 15 mm de espessura, cromado<\/li><li>Pot\u00eancia do motor: 7,5 kW<\/li><li>L\u00e2mina de corte: CR12, temperada e tratada termicamente.<\/li><li>PLC Panasonic, inversor Yaskawa, tela sens\u00edvel ao toque MCGS, encoder Omron e interruptor de limite.<\/li><li>Tens\u00e3o: Personalizada, geralmente 380 V, 50 Hz, trif\u00e1sica.<\/li><li>Todas as partes m\u00f3veis da m\u00e1quina de chapas Bemo ser\u00e3o cobertas com rede de seguran\u00e7a.<\/li><\/ul>\n\n\n\n<p><a title=\"Believe Industry Company Group\" href=\"http:\/\/www.belirollforming.com\" rel=\"noopener\" target=\"_blank\">Believe Industry Company (BELI\u00ae)<\/a> tamb\u00e9m possuem outras m\u00e1quinas de perfilagem para <a title=\"M\u00e1quina de perfilagem de cumeeiras de telhado\" href=\"https:\/\/believeindustry.company\/pt\/maquina-de-perfilagem-de-rolos\/maquina-de-perfilagem-de-chapas-metalicas\/maquina-de-perfilagem-de-cumeeiras\/\" rel=\"\">Cumeeira do telhado<\/a>, <a title=\"M\u00e1quina de perfilagem de telhas met\u00e1licas\" href=\"https:\/\/believeindustry.company\/pt\/maquina-de-perfilagem-de-rolos\/maquina-de-perfilagem-de-chapas-metalicas\/maquina-de-perfilagem-de-telhas-metalicas\/\" rel=\"\">Telhas met\u00e1licas para telhados<\/a>, <a title=\"M\u00e1quina de perfilagem de chapas IBR\" href=\"https:\/\/believeindustry.company\/pt\/maquina-de-perfilagem-de-rolos\/maquina-de-perfilagem-de-chapas-metalicas\/maquina-de-perfilagem-de-chapas-ibr\/\" rel=\"\">Folhas IBR<\/a> e <a title=\"M\u00e1quina de perfilagem de chapas onduladas\" href=\"https:\/\/believeindustry.company\/pt\/maquina-de-perfilagem-de-rolos\/maquina-de-perfilagem-de-chapas-metalicas\/maquina-de-perfilagem-de-chapas-onduladas\/\" rel=\"\">Chapas onduladas<\/a>&nbsp; para constru\u00e7\u00f5es de a\u00e7o. E tamb\u00e9m para <a title=\"M\u00e1quina de perfilagem de calhas pluviais\" href=\"https:\/\/believeindustry.company\/pt\/maquina-de-perfilagem-de-rolos\/maquina-de-perfilagem-de-calhas-e-condutores-pluviais\/\" rel=\"\">Sistema de calhas e condutores pluviais<\/a>. <a href=\"https:\/\/believeindustry.company\/pt\/contate-nos\/\">Contate-nos<\/a> Para obter mais informa\u00e7\u00f5es.<\/p>","protected":false},"excerpt":{"rendered":"<p>A m\u00e1quina de perfilagem de chapas Bemo \u00e9 utilizada para produzir chapas Bemo com diversas larguras e formatos. Tamb\u00e9m \u00e9 conhecida como m\u00e1quina de perfilagem de costura vertical.<\/p>","protected":false},"author":2,"featured_media":1204,"parent":724,"menu_order":7,"comment_status":"closed","ping_status":"closed","template":"","meta":{"_angie_page":false,"jetpack_post_was_ever_published":false,"footnotes":"","big_sky_generated":false},"tags":[607848223,607848226,607848224,607848225,607845980,607849628,607845740],"class_list":["post-1003","page","type-page","status-publish","has-post-thumbnail","hentry","tag-bemo-sheet-machine","tag-bemo-sheet-roll-former","tag-bemo-sheet-roofing-panel-roll-forming-machine","tag-bemo-sheeting-machine","tag-metal-sheet-roll-forming-machine","tag-panel-lines","tag-roll-forming-machine"],"blocksy_meta":[],"jetpack_sharing_enabled":true,"jetpack_shortlink":"https:\/\/wp.me\/P9K5n8-gb","jetpack_likes_enabled":false,"jetpack-related-posts":[{"id":1608,"url":"https:\/\/believeindustry.company\/pt\/brochure-of-metal-sheets-roll-forming-machine\/","url_meta":{"origin":1003,"position":0},"title":"Cat\u00e1logo de M\u00e1quina de Conforma\u00e7\u00e3o de Chapas Met\u00e1licas","author":"Believe Industry Group","date":"Maio 5, 2018","format":false,"excerpt":"Believe Industry Company have the full range of roll forming machines for metal roofing sheets, such as: IBR sheet roll forming machine Corrugated sheets roll forming machine Bemo sheet roll forming machine Metal roof tile roll forming machine [3d-flip-book mode=\"fullscreen\" urlparam=\"fb3d-page\" id=\"1588\" title=\"true\" template=\"short-white-book-view\"]","rel":"","context":"In \"Roll Forming Machine\"","block_context":{"text":"Roll Forming Machine","link":"https:\/\/believeindustry.company\/pt\/tag\/roll-forming-machine\/"},"img":{"alt_text":"roofing sheets","src":"https:\/\/i0.wp.com\/believeindustry.company\/wp-content\/uploads\/2018\/05\/roofing-sheets.jpg?resize=350%2C200&ssl=1","width":350,"height":200,"srcset":"https:\/\/i0.wp.com\/believeindustry.company\/wp-content\/uploads\/2018\/05\/roofing-sheets.jpg?resize=350%2C200&ssl=1 1x, https:\/\/i0.wp.com\/believeindustry.company\/wp-content\/uploads\/2018\/05\/roofing-sheets.jpg?resize=525%2C300&ssl=1 1.5x, https:\/\/i0.wp.com\/believeindustry.company\/wp-content\/uploads\/2018\/05\/roofing-sheets.jpg?resize=700%2C400&ssl=1 2x, https:\/\/i0.wp.com\/believeindustry.company\/wp-content\/uploads\/2018\/05\/roofing-sheets.jpg?resize=1050%2C600&ssl=1 3x"},"classes":[]},{"id":2193,"url":"https:\/\/believeindustry.company\/pt\/roll-forming-machine\/metal-sheet-roll-forming-machine\/metal-wall-panel-roll-forming-machine\/","url_meta":{"origin":1003,"position":1},"title":"M\u00e1quina de perfilagem de pain\u00e9is de parede met\u00e1licos","author":"Believe Industry Group","date":"Junho 7, 2018","format":false,"excerpt":"Metal Wall Panel Roll Forming Machine is for producing wall panels automatically. The Machine can cutoff the wall panel profiles into desire length. Metal Wall Panel Roll Forming Machine Metal Wall Panel As we know, traditional wall panels is made by brick, which is\u00a0 composed of clay-bearing soil, sand, and\u2026","rel":"","context":"In \"Cold Roll Forming Machine\"","block_context":{"text":"Cold Roll Forming Machine","link":"https:\/\/believeindustry.company\/pt\/tag\/cold-roll-forming-machine\/"},"img":{"alt_text":"metal wall panel roll forming machine","src":"https:\/\/i0.wp.com\/believeindustry.company\/wp-content\/uploads\/2018\/06\/metal-wall-panel-roll-forming-machine-e1529031517454.jpg?resize=350%2C200&ssl=1","width":350,"height":200,"srcset":"https:\/\/i0.wp.com\/believeindustry.company\/wp-content\/uploads\/2018\/06\/metal-wall-panel-roll-forming-machine-e1529031517454.jpg?resize=350%2C200&ssl=1 1x, https:\/\/i0.wp.com\/believeindustry.company\/wp-content\/uploads\/2018\/06\/metal-wall-panel-roll-forming-machine-e1529031517454.jpg?resize=525%2C300&ssl=1 1.5x, https:\/\/i0.wp.com\/believeindustry.company\/wp-content\/uploads\/2018\/06\/metal-wall-panel-roll-forming-machine-e1529031517454.jpg?resize=700%2C400&ssl=1 2x, https:\/\/i0.wp.com\/believeindustry.company\/wp-content\/uploads\/2018\/06\/metal-wall-panel-roll-forming-machine-e1529031517454.jpg?resize=1050%2C600&ssl=1 3x"},"classes":[]},{"id":724,"url":"https:\/\/believeindustry.company\/pt\/roll-forming-machine\/metal-sheet-roll-forming-machine\/","url_meta":{"origin":1003,"position":2},"title":"M\u00e1quina de conforma\u00e7\u00e3o de rolos de chapas met\u00e1licas","author":"Believe Industry Group","date":"Mar\u00e7o 28, 2018","format":false,"excerpt":"Metal Sheet Roll Forming Machines, also named Steel Sheet Roll Forming Machines are widely used in Steel Structure Systems Manufacturers or Builders.Believe Industry Company have full range of Metal Sheet Roll Forming Machine to produce Roof Panels, Wall Cladding Sheets, Step Tiles with different types. Such as: Standing seamming Panel.\u2026","rel":"","context":"In \"believe industry machine\"","block_context":{"text":"believe industry machine","link":"https:\/\/believeindustry.company\/pt\/tag\/believe-industry-machine\/"},"img":{"alt_text":"sheet roll forming machine","src":"https:\/\/i0.wp.com\/believeindustry.company\/wp-content\/uploads\/2018\/03\/metal-sheet-roll-forming-machine.jpg?resize=350%2C200&ssl=1","width":350,"height":200,"srcset":"https:\/\/i0.wp.com\/believeindustry.company\/wp-content\/uploads\/2018\/03\/metal-sheet-roll-forming-machine.jpg?resize=350%2C200&ssl=1 1x, https:\/\/i0.wp.com\/believeindustry.company\/wp-content\/uploads\/2018\/03\/metal-sheet-roll-forming-machine.jpg?resize=525%2C300&ssl=1 1.5x, https:\/\/i0.wp.com\/believeindustry.company\/wp-content\/uploads\/2018\/03\/metal-sheet-roll-forming-machine.jpg?resize=700%2C400&ssl=1 2x"},"classes":[]},{"id":4419,"url":"https:\/\/believeindustry.company\/pt\/ibr-sheet-roll-forming-machine-video\/","url_meta":{"origin":1003,"position":3},"title":"V\u00eddeo da m\u00e1quina de perfilagem de chapas IBR","author":"Believe Industry Group","date":"Fevereiro 21, 2019","format":false,"excerpt":"IBR Sheet Roll Forming Machine video is photo in our South African factory. The machine is consist of Hydraulic Uncoiler, Roll Forming Mill, Cutter Off Unit, Hydraulic Station and Controlled Panel. View more about IBR Sheeting Roll Forming Machine. \u00a0 \ufeff \u00a0 Believe Industry have a full range of roll\u2026","rel":"","context":"In \"ibr sheet machine video\"","block_context":{"text":"ibr sheet machine video","link":"https:\/\/believeindustry.company\/pt\/tag\/ibr-sheet-machine-video\/"},"img":{"alt_text":"ibr sheet roll forming machine video","src":"https:\/\/i0.wp.com\/believeindustry.company\/wp-content\/uploads\/2019\/02\/ibr-sheet-roll-forming-machine-video.jpg?resize=350%2C200&ssl=1","width":350,"height":200,"srcset":"https:\/\/i0.wp.com\/believeindustry.company\/wp-content\/uploads\/2019\/02\/ibr-sheet-roll-forming-machine-video.jpg?resize=350%2C200&ssl=1 1x, https:\/\/i0.wp.com\/believeindustry.company\/wp-content\/uploads\/2019\/02\/ibr-sheet-roll-forming-machine-video.jpg?resize=525%2C300&ssl=1 1.5x, https:\/\/i0.wp.com\/believeindustry.company\/wp-content\/uploads\/2019\/02\/ibr-sheet-roll-forming-machine-video.jpg?resize=700%2C400&ssl=1 2x"},"classes":[]},{"id":1437,"url":"https:\/\/believeindustry.company\/pt\/roll-forming-machine\/customized-profile-roll-forming-machine\/steel-floor-deck-roll-forming-machine\/","url_meta":{"origin":1003,"position":4},"title":"M\u00e1quina de perfilagem de lajes de a\u00e7o","author":"Believe Industry Group","date":"Abril 23, 2018","format":false,"excerpt":"Steel Floor Deck Roll Forming Machine is for producing Metal Floor Decks with the thickness up to 2.0mm, yield strength 550 MPA Steel Floor Deck Roll Forming Machine Specifications What's Steel Floor Deck? A composite steel deck combines the high tensile strength of steel with the compressive strength of concrete\u2026","rel":"","context":"In \"Composite Floor Deck Roll Forming Machine\"","block_context":{"text":"Composite Floor Deck Roll Forming Machine","link":"https:\/\/believeindustry.company\/pt\/tag\/composite-floor-deck-roll-forming-machine\/"},"img":{"alt_text":"composite floor deck roll forming machine","src":"https:\/\/i0.wp.com\/believeindustry.company\/wp-content\/uploads\/2018\/06\/composite-floor-deck-roll-forming-machine-2.jpg?resize=350%2C200&ssl=1","width":350,"height":200,"srcset":"https:\/\/i0.wp.com\/believeindustry.company\/wp-content\/uploads\/2018\/06\/composite-floor-deck-roll-forming-machine-2.jpg?resize=350%2C200&ssl=1 1x, https:\/\/i0.wp.com\/believeindustry.company\/wp-content\/uploads\/2018\/06\/composite-floor-deck-roll-forming-machine-2.jpg?resize=525%2C300&ssl=1 1.5x, https:\/\/i0.wp.com\/believeindustry.company\/wp-content\/uploads\/2018\/06\/composite-floor-deck-roll-forming-machine-2.jpg?resize=700%2C400&ssl=1 2x, https:\/\/i0.wp.com\/believeindustry.company\/wp-content\/uploads\/2018\/06\/composite-floor-deck-roll-forming-machine-2.jpg?resize=1050%2C600&ssl=1 3x"},"classes":[]},{"id":593,"url":"https:\/\/believeindustry.company\/pt\/roll-forming-machine\/metal-sheet-roll-forming-machine\/roofing-sheet-roll-forming-machine\/","url_meta":{"origin":1003,"position":5},"title":"M\u00e1quina de perfilagem de chapas de cobertura","author":"Believe Industry Group","date":"Mar\u00e7o 22, 2018","format":false,"excerpt":"A m\u00e1quina de perfilagem de telhas met\u00e1licas foi projetada para produzir diversos tipos de telhas e revestimentos de parede, conforme o projeto e no comprimento desejado. A espessura varia normalmente de 0,2 a 0,8 mm e a resist\u00eancia de 235 MPa a 550 MPa. Introdu\u00e7\u00e3o \u00e0 m\u00e1quina de perfilagem de telhas met\u00e1licas. Onde encontrar\u2026","rel":"","context":"In \"Metal Sheet Roll Forming Machine\"","block_context":{"text":"Metal Sheet Roll Forming Machine","link":"https:\/\/believeindustry.company\/pt\/tag\/metal-sheet-roll-forming-machine\/"},"img":{"alt_text":"roof sheet roll forming machine","src":"https:\/\/i0.wp.com\/believeindustry.company\/wp-content\/uploads\/2018\/06\/roof-sheet-roll-forming-machine_%E5%89%AF%E6%9C%AC.jpg?resize=350%2C200&ssl=1","width":350,"height":200,"srcset":"https:\/\/i0.wp.com\/believeindustry.company\/wp-content\/uploads\/2018\/06\/roof-sheet-roll-forming-machine_%E5%89%AF%E6%9C%AC.jpg?resize=350%2C200&ssl=1 1x, https:\/\/i0.wp.com\/believeindustry.company\/wp-content\/uploads\/2018\/06\/roof-sheet-roll-forming-machine_%E5%89%AF%E6%9C%AC.jpg?resize=525%2C300&ssl=1 1.5x, https:\/\/i0.wp.com\/believeindustry.company\/wp-content\/uploads\/2018\/06\/roof-sheet-roll-forming-machine_%E5%89%AF%E6%9C%AC.jpg?resize=700%2C400&ssl=1 2x, https:\/\/i0.wp.com\/believeindustry.company\/wp-content\/uploads\/2018\/06\/roof-sheet-roll-forming-machine_%E5%89%AF%E6%9C%AC.jpg?resize=1050%2C600&ssl=1 3x"},"classes":[]}],"amp_enabled":true,"_links":{"self":[{"href":"https:\/\/believeindustry.company\/pt\/wp-json\/wp\/v2\/pages\/1003","targetHints":{"allow":["GET"]}}],"collection":[{"href":"https:\/\/believeindustry.company\/pt\/wp-json\/wp\/v2\/pages"}],"about":[{"href":"https:\/\/believeindustry.company\/pt\/wp-json\/wp\/v2\/types\/page"}],"author":[{"embeddable":true,"href":"https:\/\/believeindustry.company\/pt\/wp-json\/wp\/v2\/users\/2"}],"replies":[{"embeddable":true,"href":"https:\/\/believeindustry.company\/pt\/wp-json\/wp\/v2\/comments?post=1003"}],"version-history":[{"count":1,"href":"https:\/\/believeindustry.company\/pt\/wp-json\/wp\/v2\/pages\/1003\/revisions"}],"predecessor-version":[{"id":19719,"href":"https:\/\/believeindustry.company\/pt\/wp-json\/wp\/v2\/pages\/1003\/revisions\/19719"}],"up":[{"embeddable":true,"href":"https:\/\/believeindustry.company\/pt\/wp-json\/wp\/v2\/pages\/724"}],"wp:featuredmedia":[{"embeddable":true,"href":"https:\/\/believeindustry.company\/pt\/wp-json\/wp\/v2\/media\/1204"}],"wp:attachment":[{"href":"https:\/\/believeindustry.company\/pt\/wp-json\/wp\/v2\/media?parent=1003"}],"wp:term":[{"taxonomy":"post_tag","embeddable":true,"href":"https:\/\/believeindustry.company\/pt\/wp-json\/wp\/v2\/tags?post=1003"}],"curies":[{"name":"wp","href":"https:\/\/api.w.org\/{rel}","templated":true}]}}