{"id":1608,"date":"2018-05-05T15:59:46","date_gmt":"2018-05-05T07:59:46","guid":{"rendered":"https:\/\/believeindustry.company\/?page_id=1608"},"modified":"2025-12-05T15:10:54","modified_gmt":"2025-12-05T07:10:54","slug":"catalogo-de-maquinas-de-perfilagem-de-chapas-metalicas","status":"publish","type":"page","link":"https:\/\/believeindustry.company\/pt\/brochure-of-metal-sheets-roll-forming-machine\/","title":{"rendered":"Cat\u00e1logo de M\u00e1quina de Conforma\u00e7\u00e3o de Chapas Met\u00e1licas"},"content":{"rendered":"<p>Believe Industry Company have the full range of roll forming machines for metal roofing sheets, such as:<\/p>\n<ol>\n<li><a href=\"https:\/\/believeindustry.company\/roll-forming-machine\/metal-sheet-roll-forming-machine\/ibr-sheet-roll-forming-machine\/\" title=\"IBR sheet roll forming machine\" rel=\"\">IBR sheet roll forming machine<\/a><\/li>\n<li><a href=\"https:\/\/believeindustry.company\/roll-forming-machine\/metal-sheet-roll-forming-machine\/corrugated-sheet-roll-forming-machine\/\" title=\"corrugated sheet roll forming machine\" rel=\"\">Corrugated sheets roll forming machine<\/a><\/li>\n<li><a href=\"https:\/\/believeindustry.company\/roll-forming-machine\/metal-sheet-roll-forming-machine\/bemo-sheet-roll-forming-machine\/\" title=\"bemo sheet roll forming machine\" rel=\"\">Bemo sheet roll forming machine<\/a><\/li>\n<li><a href=\"https:\/\/believeindustry.company\/roll-forming-machine\/metal-sheet-roll-forming-machine\/metal-roof-tile-roll-forming-machine\/\" title=\"metal roof tile roll forming machine\" rel=\"\">Metal roof tile roll forming machine<\/a><\/li>\n<\/ol>\n<p>[3d-flip-book mode=&#8221;fullscreen&#8221; urlparam=&#8221;fb3d-page&#8221; id=&#8221;1588&#8243; title=&#8221;true&#8221; template=&#8221;short-white-book-view&#8221;]<\/p>\n","protected":false},"excerpt":{"rendered":"<p>Believe Industry Company have the full range of roll forming machines for metal roofing sheets, such as: IBR sheet roll forming machine Corrugated sheets roll forming machine Bemo sheet roll forming machine Metal roof tile roll forming machine [3d-flip-book mode=&#8221;fullscreen&#8221; urlparam=&#8221;fb3d-page&#8221; id=&#8221;1588&#8243; title=&#8221;true&#8221; template=&#8221;short-white-book-view&#8221;]<\/p>\n","protected":false},"author":2,"featured_media":1614,"parent":0,"menu_order":0,"comment_status":"closed","ping_status":"closed","template":"","meta":{"_angie_page":false,"footnotes":"","big_sky_generated":false},"tags":[607845740],"class_list":["post-1608","page","type-page","status-publish","has-post-thumbnail","hentry","tag-roll-forming-machine"],"blocksy_meta":[],"jetpack_sharing_enabled":true,"jetpack_shortlink":"https:\/\/wp.me\/P9K5n8-pW","jetpack_likes_enabled":false,"jetpack-related-posts":[],"amp_enabled":true,"_links":{"self":[{"href":"https:\/\/believeindustry.company\/pt\/wp-json\/wp\/v2\/pages\/1608","targetHints":{"allow":["GET"]}}],"collection":[{"href":"https:\/\/believeindustry.company\/pt\/wp-json\/wp\/v2\/pages"}],"about":[{"href":"https:\/\/believeindustry.company\/pt\/wp-json\/wp\/v2\/types\/page"}],"author":[{"embeddable":true,"href":"https:\/\/believeindustry.company\/pt\/wp-json\/wp\/v2\/users\/2"}],"replies":[{"embeddable":true,"href":"https:\/\/believeindustry.company\/pt\/wp-json\/wp\/v2\/comments?post=1608"}],"version-history":[{"count":2,"href":"https:\/\/believeindustry.company\/pt\/wp-json\/wp\/v2\/pages\/1608\/revisions"}],"predecessor-version":[{"id":19692,"href":"https:\/\/believeindustry.company\/pt\/wp-json\/wp\/v2\/pages\/1608\/revisions\/19692"}],"wp:featuredmedia":[{"embeddable":true,"href":"https:\/\/believeindustry.company\/pt\/wp-json\/wp\/v2\/media\/1614"}],"wp:attachment":[{"href":"https:\/\/believeindustry.company\/pt\/wp-json\/wp\/v2\/media?parent=1608"}],"wp:term":[{"taxonomy":"post_tag","embeddable":true,"href":"https:\/\/believeindustry.company\/pt\/wp-json\/wp\/v2\/tags?post=1608"}],"curies":[{"name":"wp","href":"https:\/\/api.w.org\/{rel}","templated":true}]}}