{"id":170,"date":"2018-03-14T18:00:46","date_gmt":"2018-03-14T10:00:46","guid":{"rendered":"https:\/\/believeindustry.company\/?page_id=170"},"modified":"2025-12-05T15:12:08","modified_gmt":"2025-12-05T07:12:08","slug":"equipamentos-de-processamento-de-bobinas","status":"publish","type":"page","link":"https:\/\/believeindustry.company\/pt\/coil-process-equipment\/","title":{"rendered":"Equipamentos para Processamento de Bobinas"},"content":{"rendered":"<h1>EQUIPAMENTOS PARA PROCESSAMENTO DE BOBINAS<\/h1>\n<p>Se voc\u00ea est\u00e1 procurando por um(a) [tipo de vaga] <strong>equipamentos de processamento de bobinas<\/strong>, Seja para linhas de corte longitudinal, linhas de corte transversal, ou simplesmente para adquirir um novo nivelador ou cortadora, ou ainda para substituir equipamentos antigos, a BELI\u00ae tem a solu\u00e7\u00e3o ideal para voc\u00ea. Somos o principal fabricante de linhas de corte longitudinal, linhas de corte transversal, etc., na China, e nossos equipamentos s\u00e3o confi\u00e1veis e dur\u00e1veis. S\u00e3o projetados para uso prolongado e (<a href=\"http:\/\/www.belirollform.com\" target=\"_blank\" rel=\"noopener\">Acredite na Ind\u00fastria<\/a> A BELI\u00ae oferece um servi\u00e7o p\u00f3s-venda completo e gratuito durante toda a vida \u00fatil da m\u00e1quina. Dispomos de uma linha completa de equipamentos, incluindo desbobinadores, equipamentos de entrada, niveladoras, guilhotinas mec\u00e2nicas, cortadoras, rebobinadeiras e muito mais. <a title=\"Clique para obter mais informa\u00e7\u00f5es sobre a m\u00e1quina de perfilagem.\" href=\"https:\/\/believeindustry.company\/pt\/maquina-de-perfilagem-de-rolos\/\" rel=\"\">M\u00e1quinas de perfilagem<\/a>, Prensa de Pun\u00e7\u00e3o.<\/p>\n<p>&nbsp;<\/p>\n<p>Voc\u00ea encontrar\u00e1 o adequado a\u00a0<strong>Equipamentos para Processamento de Bobinas<\/strong> de baixo<\/p>","protected":false},"excerpt":{"rendered":"<p>COIL PROCESS EQUIPMENT If you are looking for a suitable coil process equipment, such as Slitting Line, Cut To Length Line, or just a new leveler or slitters, or just want to replace some old requirements, BELI\u00ae has your solution. we are the leading manufacturer of Slitting Lines, Cut To Length Lines, etc in China, [&hellip;]<\/p>\n","protected":false},"author":2,"featured_media":1620,"parent":0,"menu_order":0,"comment_status":"closed","ping_status":"closed","template":"","meta":{"_angie_page":false,"jetpack_post_was_ever_published":false,"footnotes":"","big_sky_generated":false},"tags":[607845923,607846208,607846211,607844988,607846324,607846212,607846323,607844987,607846203,607846206,607846322],"class_list":["post-170","page","type-page","status-publish","has-post-thumbnail","hentry","tag-coil-process-equipment","tag-coil-slitting-line","tag-cr-slitting-line","tag-cut-to-length-line","tag-cutter","tag-hr-slitting-line","tag-leveler","tag-slitting-line","tag-slitting-line-machine","tag-steel-slitting-line","tag-uncoiler"],"blocksy_meta":[],"jetpack_sharing_enabled":false,"jetpack_shortlink":"https:\/\/wp.me\/P9K5n8-2K","jetpack_likes_enabled":false,"jetpack-related-posts":[{"id":1289,"url":"https:\/\/believeindustry.company\/pt\/coil-process-equipment\/slitting-line\/heavy-gauge-slitting-line\/","url_meta":{"origin":170,"position":0},"title":"Linha de corte longitudinal para materiais de alta espessura","author":"Believe Industry Group","date":"Abril 16, 2018","format":false,"excerpt":"Heavy Gauge Slitting Line, which is used to slitting the coils\/rolls(Thickness is 8-20 mm, width: 600-2600mm, weight is 15-35Ton) \u00a0into desired narrow coils\/rolls, Heavy Gauge Slitting Line Details BELI\u00ae is engage in designing and manufacturing full range of Slitting Lines as per demands. We have a professional team with years'\u2026","rel":"","context":"In \"Coil Slitting Line\"","block_context":{"text":"Coil Slitting Line","link":"https:\/\/believeindustry.company\/pt\/tag\/coil-slitting-line\/"},"img":{"alt_text":"Heavy Gauge Slitting Line","src":"https:\/\/i0.wp.com\/believeindustry.company\/wp-content\/uploads\/2018\/03\/Heavy-Gauge-Slitting-Line-1.jpg?resize=350%2C200&ssl=1","width":350,"height":200,"srcset":"https:\/\/i0.wp.com\/believeindustry.company\/wp-content\/uploads\/2018\/03\/Heavy-Gauge-Slitting-Line-1.jpg?resize=350%2C200&ssl=1 1x, https:\/\/i0.wp.com\/believeindustry.company\/wp-content\/uploads\/2018\/03\/Heavy-Gauge-Slitting-Line-1.jpg?resize=525%2C300&ssl=1 1.5x, https:\/\/i0.wp.com\/believeindustry.company\/wp-content\/uploads\/2018\/03\/Heavy-Gauge-Slitting-Line-1.jpg?resize=700%2C400&ssl=1 2x, https:\/\/i0.wp.com\/believeindustry.company\/wp-content\/uploads\/2018\/03\/Heavy-Gauge-Slitting-Line-1.jpg?resize=1050%2C600&ssl=1 3x"},"classes":[]},{"id":475,"url":"https:\/\/believeindustry.company\/pt\/coil-process-equipment\/slitting-line\/medium-gauge-slitting-line\/","url_meta":{"origin":170,"position":1},"title":"Linha de corte longitudinal de bitola m\u00e9dia","author":"Believe Industry Group","date":"Mar\u00e7o 16, 2018","format":false,"excerpt":"Medium Gauge Slitting Line, which is used to slitting the coils\/rolls(Thickness is 2-8mm, width: 500-2600mm, weight is 15-25 Ton) \u00a0into desired narrow coils\/rolls, Medium Gauge Slitting Line BELI\u00ae\u00a0is one of slitting line manufacturers in Wuxi, China, we have full range of Light Gauge Slitting Lines for different demands. please refer\u2026","rel":"","context":"In \"Coil Slitting Line\"","block_context":{"text":"Coil Slitting Line","link":"https:\/\/believeindustry.company\/pt\/tag\/coil-slitting-line\/"},"img":{"alt_text":"Medium Gauge Slitting Line","src":"https:\/\/i0.wp.com\/believeindustry.company\/wp-content\/uploads\/2018\/03\/Medium-Gauge-Slitting-Line-1.jpg?resize=350%2C200&ssl=1","width":350,"height":200,"srcset":"https:\/\/i0.wp.com\/believeindustry.company\/wp-content\/uploads\/2018\/03\/Medium-Gauge-Slitting-Line-1.jpg?resize=350%2C200&ssl=1 1x, https:\/\/i0.wp.com\/believeindustry.company\/wp-content\/uploads\/2018\/03\/Medium-Gauge-Slitting-Line-1.jpg?resize=525%2C300&ssl=1 1.5x, https:\/\/i0.wp.com\/believeindustry.company\/wp-content\/uploads\/2018\/03\/Medium-Gauge-Slitting-Line-1.jpg?resize=700%2C400&ssl=1 2x, https:\/\/i0.wp.com\/believeindustry.company\/wp-content\/uploads\/2018\/03\/Medium-Gauge-Slitting-Line-1.jpg?resize=1050%2C600&ssl=1 3x"},"classes":[]},{"id":2277,"url":"https:\/\/believeindustry.company\/pt\/coil-process-equipment\/slitting-line\/simple-slitting-line-price\/","url_meta":{"origin":170,"position":2},"title":"Linha de corte simples","author":"Believe Industry Group","date":"Junho 19, 2018","format":false,"excerpt":"Want to know more information of simple slitting line price. Which line speed is around 20m\/min. And which is a good choice for a small business. Simple Slitting Line Price Layout of Simple Slitting Line Brief information of Simple Slitting Line Coil Width: Max 1250mm Thickness: 0.5-1.5 mm Line Speed:\u2026","rel":"","context":"In \"mini slitting line\"","block_context":{"text":"mini slitting line","link":"https:\/\/believeindustry.company\/pt\/tag\/mini-slitting-line\/"},"img":{"alt_text":"simple slitting line price","src":"https:\/\/i0.wp.com\/believeindustry.company\/wp-content\/uploads\/2018\/06\/simple-slitting-line.jpg?resize=350%2C200&ssl=1","width":350,"height":200,"srcset":"https:\/\/i0.wp.com\/believeindustry.company\/wp-content\/uploads\/2018\/06\/simple-slitting-line.jpg?resize=350%2C200&ssl=1 1x, https:\/\/i0.wp.com\/believeindustry.company\/wp-content\/uploads\/2018\/06\/simple-slitting-line.jpg?resize=525%2C300&ssl=1 1.5x, https:\/\/i0.wp.com\/believeindustry.company\/wp-content\/uploads\/2018\/06\/simple-slitting-line.jpg?resize=700%2C400&ssl=1 2x, https:\/\/i0.wp.com\/believeindustry.company\/wp-content\/uploads\/2018\/06\/simple-slitting-line.jpg?resize=1050%2C600&ssl=1 3x"},"classes":[]},{"id":214,"url":"https:\/\/believeindustry.company\/pt\/why-choose-us\/","url_meta":{"origin":170,"position":3},"title":"Por que nos escolher?","author":"Believe Industry Group","date":"Mar\u00e7o 15, 2018","format":false,"excerpt":"Believe Industry is\u00a0dedicated to producing high-quality, productivity-enhancing metal processing equipment for customers around the world. we have all the types of slitting lines and cut to length lines for different requirements. We should cosider the thickness of the material, the type of material, the weight of the coils to be\u2026","rel":"","context":"In \"Believe Industry\"","block_context":{"text":"Believe Industry","link":"https:\/\/believeindustry.company\/pt\/tag\/believe-industry\/"},"img":{"alt_text":"pexels-photo-886465","src":"https:\/\/i0.wp.com\/believeindustry.company\/wp-content\/uploads\/2018\/03\/pexels-photo-886465.jpeg?resize=350%2C200&ssl=1","width":350,"height":200,"srcset":"https:\/\/i0.wp.com\/believeindustry.company\/wp-content\/uploads\/2018\/03\/pexels-photo-886465.jpeg?resize=350%2C200&ssl=1 1x, https:\/\/i0.wp.com\/believeindustry.company\/wp-content\/uploads\/2018\/03\/pexels-photo-886465.jpeg?resize=525%2C300&ssl=1 1.5x, https:\/\/i0.wp.com\/believeindustry.company\/wp-content\/uploads\/2018\/03\/pexels-photo-886465.jpeg?resize=700%2C400&ssl=1 2x"},"classes":[]},{"id":6801,"url":"https:\/\/believeindustry.company\/pt\/coil-process-equipment\/slitting-line\/silicon-steel-slitting-line\/","url_meta":{"origin":170,"position":4},"title":"Linha de corte longitudinal de a\u00e7o sil\u00edcio","author":"Believe Industry Group","date":"Junho 17, 2019","format":false,"excerpt":"The Silicon Steel slitting line is used to longitudinal cutting the wide CRGO coil into required width of strips and wind into rolled coil. It is necessary for transformer industry. Silicon Steel Slitting Line Parameters Input Coil Parameters MaterialSilicon, CR, HRThickness0.2-0.8 mmWidth800-1500 mmMechanical CharacterMax 550 MpaCoil I.D508 mmCoil O.DMax 2000\u2026","rel":"","context":"Similar post","block_context":{"text":"Similar post","link":""},"img":{"alt_text":"Silicon Slitting Line Machine","src":"https:\/\/i0.wp.com\/believeindustry.company\/wp-content\/uploads\/2019\/06\/Silicon-Slitting-Line-Machine.jpg?resize=350%2C200&ssl=1","width":350,"height":200,"srcset":"https:\/\/i0.wp.com\/believeindustry.company\/wp-content\/uploads\/2019\/06\/Silicon-Slitting-Line-Machine.jpg?resize=350%2C200&ssl=1 1x, https:\/\/i0.wp.com\/believeindustry.company\/wp-content\/uploads\/2019\/06\/Silicon-Slitting-Line-Machine.jpg?resize=525%2C300&ssl=1 1.5x, https:\/\/i0.wp.com\/believeindustry.company\/wp-content\/uploads\/2019\/06\/Silicon-Slitting-Line-Machine.jpg?resize=700%2C400&ssl=1 2x, https:\/\/i0.wp.com\/believeindustry.company\/wp-content\/uploads\/2019\/06\/Silicon-Slitting-Line-Machine.jpg?resize=1050%2C600&ssl=1 3x, https:\/\/i0.wp.com\/believeindustry.company\/wp-content\/uploads\/2019\/06\/Silicon-Slitting-Line-Machine.jpg?resize=1400%2C800&ssl=1 4x"},"classes":[]},{"id":3681,"url":"https:\/\/believeindustry.company\/pt\/steel-slitting-machine-line\/","url_meta":{"origin":170,"position":5},"title":"Linha de m\u00e1quinas de corte longitudinal de a\u00e7o","author":"Believe Industry Group","date":"Janeiro 3, 2019","format":false,"excerpt":"Believe Industry Company have a full range of steel slitting machine line for a different requirements. Contact us now for more information. Steel Slitting Machine Line What's Slitting Machine Line? Slitting is the operation of cutting a wide strip\u00a0into a number of narrow strips by passing the\u00a0strip between circular cutters\u2026","rel":"","context":"In \"Slitting Line\"","block_context":{"text":"Slitting Line","link":"https:\/\/believeindustry.company\/pt\/tag\/slitting-line\/"},"img":{"alt_text":"slitting machine line supplier","src":"https:\/\/i0.wp.com\/believeindustry.company\/wp-content\/uploads\/2019\/01\/slitting-machine-line-supplier.png?resize=350%2C200&ssl=1","width":350,"height":200,"srcset":"https:\/\/i0.wp.com\/believeindustry.company\/wp-content\/uploads\/2019\/01\/slitting-machine-line-supplier.png?resize=350%2C200&ssl=1 1x, https:\/\/i0.wp.com\/believeindustry.company\/wp-content\/uploads\/2019\/01\/slitting-machine-line-supplier.png?resize=525%2C300&ssl=1 1.5x, https:\/\/i0.wp.com\/believeindustry.company\/wp-content\/uploads\/2019\/01\/slitting-machine-line-supplier.png?resize=700%2C400&ssl=1 2x, https:\/\/i0.wp.com\/believeindustry.company\/wp-content\/uploads\/2019\/01\/slitting-machine-line-supplier.png?resize=1050%2C600&ssl=1 3x"},"classes":[]}],"amp_enabled":true,"_links":{"self":[{"href":"https:\/\/believeindustry.company\/pt\/wp-json\/wp\/v2\/pages\/170","targetHints":{"allow":["GET"]}}],"collection":[{"href":"https:\/\/believeindustry.company\/pt\/wp-json\/wp\/v2\/pages"}],"about":[{"href":"https:\/\/believeindustry.company\/pt\/wp-json\/wp\/v2\/types\/page"}],"author":[{"embeddable":true,"href":"https:\/\/believeindustry.company\/pt\/wp-json\/wp\/v2\/users\/2"}],"replies":[{"embeddable":true,"href":"https:\/\/believeindustry.company\/pt\/wp-json\/wp\/v2\/comments?post=170"}],"version-history":[{"count":1,"href":"https:\/\/believeindustry.company\/pt\/wp-json\/wp\/v2\/pages\/170\/revisions"}],"predecessor-version":[{"id":19695,"href":"https:\/\/believeindustry.company\/pt\/wp-json\/wp\/v2\/pages\/170\/revisions\/19695"}],"wp:featuredmedia":[{"embeddable":true,"href":"https:\/\/believeindustry.company\/pt\/wp-json\/wp\/v2\/media\/1620"}],"wp:attachment":[{"href":"https:\/\/believeindustry.company\/pt\/wp-json\/wp\/v2\/media?parent=170"}],"wp:term":[{"taxonomy":"post_tag","embeddable":true,"href":"https:\/\/believeindustry.company\/pt\/wp-json\/wp\/v2\/tags?post=170"}],"curies":[{"name":"wp","href":"https:\/\/api.w.org\/{rel}","templated":true}]}}