{"id":1712,"date":"2018-05-10T16:50:05","date_gmt":"2018-05-10T08:50:05","guid":{"rendered":"https:\/\/believeindustry.company\/?page_id=1712"},"modified":"2019-05-06T15:18:40","modified_gmt":"2019-05-06T07:18:40","slug":"video-da-maquina-de-perfilagem-de-lajes-de-piso","status":"publish","type":"page","link":"https:\/\/believeindustry.company\/pt\/video\/floor-deck-roll-forming-machine-video\/","title":{"rendered":"V\u00eddeo da m\u00e1quina de perfilagem de lajes de piso"},"content":{"rendered":"<p>O v\u00eddeo da m\u00e1quina de perfilagem de lajes de piso tem como objetivo ajudar os compradores a entender como as m\u00e1quinas funcionam.<\/p>\n\n\n\n<p><a href=\"http:\/\/www.belirollform.com\" target=\"_blank\" rel=\"noopener\">Acredite na Empresa do Setor<\/a> dedica-se ao projeto e fabrica\u00e7\u00e3o <a href=\"https:\/\/believeindustry.company\/pt\/video\/maquina-de-perfilagem-de-lajes-de-piso\/\">Conforma\u00e7\u00e3o a frio de lajes de a\u00e7o para pisos<\/a> M\u00e1quinas conforme as necessidades. <a href=\"https:\/\/believeindustry.company\/pt\/contate-nos\/\">Contate-nos<\/a> Para obter mais detalhes.<\/p>\n\n\n\n<!--more-->\n\n\n<div class=\"epyt-gallery\" data-currpage=\"1\" id=\"epyt_gallery_71004\"><figure class=\"wp-block-embed wp-block-embed-youtube is-type-video is-provider-youtube epyt-figure\"><div class=\"wp-block-embed__wrapper\"><iframe  id=\"_ytid_82046\"  width=\"1290\" height=\"726\"  data-origwidth=\"1290\" data-origheight=\"726\" src=\"https:\/\/www.youtube.com\/embed\/IOBIiaii6MA?enablejsapi=1&autoplay=0&cc_load_policy=0&cc_lang_pref=&iv_load_policy=1&loop=0&rel=1&fs=1&playsinline=0&autohide=2&theme=dark&color=red&controls=1&disablekb=0&\" class=\"__youtube_prefs__  no-lazyload\" title=\"reprodutor do YouTube\"  data-epytgalleryid=\"epyt_gallery_71004\"  allow=\"fullscreen; accelerometer; autoplay; clipboard-write; encrypted-media; gyroscope; picture-in-picture; web-share\" referrerpolicy=\"strict-origin-when-cross-origin\" allowfullscreen data-no-lazy=\"1\" data-skipgform_ajax_framebjll=\"\"><\/iframe><\/div><\/figure><div class=\"epyt-gallery-subscribe\"><a target=\"_blank\" class=\"epyt-gallery-subbutton\" href=\"https:\/\/www.youtube.com\/channel\/UC-yZD2eqy_NPQTl0tvGVnsw?sub_confirmation=1\" rel=\"noopener\"><img decoding=\"async\" alt=\"inscreva-se\" src=\"https:\/\/believeindustry.company\/wp-content\/plugins\/youtube-embed-plus\/images\/play-subscribe.png\" \/>Inscreva-se no meu canal<\/a><\/div><div class=\"epyt-gallery-list\"><div class=\"epyt-pagination\"><div tabindex=\"0\" role=\"button\" class=\"epyt-pagebutton epyt-prev  hide\" data-playlistid=\"PLIdLHSelevdLTjFzreu4wuu3NyhsIXwYt\" data-pagesize=\"9\" data-pagetoken=\"\" data-epcolumns=\"3\" data-showtitle=\"1\" data-showpaging=\"1\" data-autonext=\"0\" data-thumbplay=\"1\"><div class=\"epyt-arrow\">\u00ab<\/div> <div>Anterior<\/div><\/div><div class=\"epyt-pagenumbers hide\"><div class=\"epyt-current\">1<\/div><div class=\"epyt-pageseparator\"> \/ <\/div><div class=\"epyt-totalpages\">1<\/div><\/div><div tabindex=\"0\" role=\"button\" class=\"epyt-pagebutton epyt-next hide\" data-playlistid=\"PLIdLHSelevdLTjFzreu4wuu3NyhsIXwYt\" data-pagesize=\"9\" data-pagetoken=\"\" data-epcolumns=\"3\" data-showtitle=\"1\" data-showpaging=\"1\" data-autonext=\"0\" data-thumbplay=\"1\"><div>Pr\u00f3ximo<\/div> <div class=\"epyt-arrow\">\u00bb<\/div><\/div><div class=\"epyt-loader\"><img decoding=\"async\" alt=\"carregando\" width=\"16\" height=\"11\" src=\"https:\/\/believeindustry.company\/wp-content\/plugins\/youtube-embed-plus\/images\/gallery-page-loader.gif\"><\/div><\/div><div class=\"epyt-gallery-allthumbs  epyt-cols-3\"><div tabindex=\"0\" role=\"button\" data-videoid=\"IOBIiaii6MA\" class=\"epyt-gallery-thumb\"><div class=\"epyt-gallery-img-box\"><div class=\"epyt-gallery-img\" style=\"background-image: url(https:\/\/i.ytimg.com\/vi\/IOBIiaii6MA\/hqdefault.jpg)\"><div class=\"epyt-gallery-playhover\"><img decoding=\"async\" alt=\"jogar\" class=\"epyt-play-img\" width=\"30\" height=\"23\" src=\"https:\/\/believeindustry.company\/wp-content\/plugins\/youtube-embed-plus\/images\/playhover.png\" data-no-lazy=\"1\" data-skipgform_ajax_framebjll=\"\" \/><div class=\"epyt-gallery-playcrutch\"><\/div><\/div><\/div><\/div><div class=\"epyt-gallery-title\">M\u00e1quina de perfilagem de lajes met\u00e1licas para pisos, Believe Industry Company<\/div><\/div><div tabindex=\"0\" role=\"button\" data-videoid=\"aftjCNyG1sU\" class=\"epyt-gallery-thumb\"><div class=\"epyt-gallery-img-box\"><div class=\"epyt-gallery-img\" style=\"background-image: url(https:\/\/i.ytimg.com\/vi\/aftjCNyG1sU\/hqdefault.jpg)\"><div class=\"epyt-gallery-playhover\"><img decoding=\"async\" alt=\"jogar\" class=\"epyt-play-img\" width=\"30\" height=\"23\" src=\"https:\/\/believeindustry.company\/wp-content\/plugins\/youtube-embed-plus\/images\/playhover.png\" data-no-lazy=\"1\" data-skipgform_ajax_framebjll=\"\" \/><div class=\"epyt-gallery-playcrutch\"><\/div><\/div><\/div><\/div><div class=\"epyt-gallery-title\">V\u00eddeo da m\u00e1quina de perfilagem de lajes met\u00e1licas para pisos industriais Believe Industry<\/div><\/div><div tabindex=\"0\" role=\"button\" data-videoid=\"CyPv0V9gToU\" class=\"epyt-gallery-thumb\"><div class=\"epyt-gallery-img-box\"><div class=\"epyt-gallery-img\" style=\"background-image: url(https:\/\/i.ytimg.com\/vi\/CyPv0V9gToU\/hqdefault.jpg)\"><div class=\"epyt-gallery-playhover\"><img decoding=\"async\" alt=\"jogar\" class=\"epyt-play-img\" width=\"30\" height=\"23\" src=\"https:\/\/believeindustry.company\/wp-content\/plugins\/youtube-embed-plus\/images\/playhover.png\" data-no-lazy=\"1\" data-skipgform_ajax_framebjll=\"\" \/><div class=\"epyt-gallery-playcrutch\"><\/div><\/div><\/div><\/div><div class=\"epyt-gallery-title\">M\u00e1quina de perfilagem de lajes de piso<\/div><\/div><div class=\"epyt-gallery-rowbreak\"><\/div><div tabindex=\"0\" role=\"button\" data-videoid=\"u-so90Y-mxw\" class=\"epyt-gallery-thumb\"><div class=\"epyt-gallery-img-box\"><div class=\"epyt-gallery-img\" style=\"background-image: url(https:\/\/i.ytimg.com\/vi\/u-so90Y-mxw\/hqdefault.jpg)\"><div class=\"epyt-gallery-playhover\"><img decoding=\"async\" alt=\"jogar\" class=\"epyt-play-img\" width=\"30\" height=\"23\" src=\"https:\/\/believeindustry.company\/wp-content\/plugins\/youtube-embed-plus\/images\/playhover.png\" data-no-lazy=\"1\" data-skipgform_ajax_framebjll=\"\" \/><div class=\"epyt-gallery-playcrutch\"><\/div><\/div><\/div><\/div><div class=\"epyt-gallery-title\">M\u00e1quina de perfilagem de lajes de piso Angola | Believe Industry<\/div><\/div><div tabindex=\"0\" role=\"button\" data-videoid=\"JatpBYLG4dc\" class=\"epyt-gallery-thumb\"><div class=\"epyt-gallery-img-box\"><div class=\"epyt-gallery-img\" style=\"background-image: url(https:\/\/i.ytimg.com\/vi\/JatpBYLG4dc\/hqdefault.jpg)\"><div class=\"epyt-gallery-playhover\"><img decoding=\"async\" alt=\"jogar\" class=\"epyt-play-img\" width=\"30\" height=\"23\" src=\"https:\/\/believeindustry.company\/wp-content\/plugins\/youtube-embed-plus\/images\/playhover.png\" data-no-lazy=\"1\" data-skipgform_ajax_framebjll=\"\" \/><div class=\"epyt-gallery-playcrutch\"><\/div><\/div><\/div><\/div><div class=\"epyt-gallery-title\">M\u00e1quina de perfilagem de chapas de a\u00e7o para lajes de piso<\/div><\/div><div class=\"epyt-gallery-clear\"><\/div><\/div><div class=\"epyt-pagination\"><div tabindex=\"0\" role=\"button\" class=\"epyt-pagebutton epyt-prev  hide\" data-playlistid=\"PLIdLHSelevdLTjFzreu4wuu3NyhsIXwYt\" data-pagesize=\"9\" data-pagetoken=\"\" data-epcolumns=\"3\" data-showtitle=\"1\" data-showpaging=\"1\" data-autonext=\"0\" data-thumbplay=\"1\"><div class=\"epyt-arrow\">\u00ab<\/div> <div>Anterior<\/div><\/div><div class=\"epyt-pagenumbers hide\"><div class=\"epyt-current\">1<\/div><div class=\"epyt-pageseparator\"> \/ <\/div><div class=\"epyt-totalpages\">1<\/div><\/div><div tabindex=\"0\" role=\"button\" class=\"epyt-pagebutton epyt-next hide\" data-playlistid=\"PLIdLHSelevdLTjFzreu4wuu3NyhsIXwYt\" data-pagesize=\"9\" data-pagetoken=\"\" data-epcolumns=\"3\" data-showtitle=\"1\" data-showpaging=\"1\" data-autonext=\"0\" data-thumbplay=\"1\"><div>Pr\u00f3ximo<\/div> <div class=\"epyt-arrow\">\u00bb<\/div><\/div><div class=\"epyt-loader\"><img decoding=\"async\" alt=\"carregando\" width=\"16\" height=\"11\" src=\"https:\/\/believeindustry.company\/wp-content\/plugins\/youtube-embed-plus\/images\/gallery-page-loader.gif\"><\/div><\/div><\/div><\/div>","protected":false},"excerpt":{"rendered":"<p>O v\u00eddeo da m\u00e1quina de perfilagem de lajes de a\u00e7o tem como objetivo ajudar os compradores a entenderem o funcionamento das m\u00e1quinas. A Believe Industry Company dedica-se ao projeto e fabrica\u00e7\u00e3o de m\u00e1quinas de perfilagem de lajes de a\u00e7o conforme as necessidades do cliente. Entre em contato conosco para mais detalhes.<\/p>","protected":false},"author":2,"featured_media":1714,"parent":1272,"menu_order":4,"comment_status":"closed","ping_status":"closed","template":"","meta":{"_angie_page":false,"footnotes":"","big_sky_generated":false},"tags":[607846200,607846746,607846743,607848005],"class_list":["post-1712","page","type-page","status-publish","has-post-thumbnail","hentry","tag-floor-deck-roll-forming-machine","tag-floor-deck-roll-forming-machine-video","tag-roll-forming-machine-video","tag-video"],"blocksy_meta":[],"jetpack_sharing_enabled":true,"jetpack_shortlink":"https:\/\/wp.me\/P9K5n8-rC","jetpack_likes_enabled":false,"jetpack-related-posts":[{"id":1437,"url":"https:\/\/believeindustry.company\/pt\/roll-forming-machine\/customized-profile-roll-forming-machine\/steel-floor-deck-roll-forming-machine\/","url_meta":{"origin":1712,"position":0},"title":"M\u00e1quina de perfilagem de lajes de a\u00e7o","author":"Believe Industry Group","date":"Abril 23, 2018","format":false,"excerpt":"Steel Floor Deck Roll Forming Machine is for producing Metal Floor Decks with the thickness up to 2.0mm, yield strength 550 MPA Steel Floor Deck Roll Forming Machine Specifications What's Steel Floor Deck? A composite steel deck combines the high tensile strength of steel with the compressive strength of concrete\u2026","rel":"","context":"In \"Composite Floor Deck Roll Forming Machine\"","block_context":{"text":"Composite Floor Deck Roll Forming Machine","link":"https:\/\/believeindustry.company\/pt\/tag\/composite-floor-deck-roll-forming-machine\/"},"img":{"alt_text":"composite floor deck roll forming machine","src":"https:\/\/i0.wp.com\/believeindustry.company\/wp-content\/uploads\/2018\/06\/composite-floor-deck-roll-forming-machine-2.jpg?resize=350%2C200&ssl=1","width":350,"height":200,"srcset":"https:\/\/i0.wp.com\/believeindustry.company\/wp-content\/uploads\/2018\/06\/composite-floor-deck-roll-forming-machine-2.jpg?resize=350%2C200&ssl=1 1x, https:\/\/i0.wp.com\/believeindustry.company\/wp-content\/uploads\/2018\/06\/composite-floor-deck-roll-forming-machine-2.jpg?resize=525%2C300&ssl=1 1.5x, https:\/\/i0.wp.com\/believeindustry.company\/wp-content\/uploads\/2018\/06\/composite-floor-deck-roll-forming-machine-2.jpg?resize=700%2C400&ssl=1 2x, https:\/\/i0.wp.com\/believeindustry.company\/wp-content\/uploads\/2018\/06\/composite-floor-deck-roll-forming-machine-2.jpg?resize=1050%2C600&ssl=1 3x"},"classes":[]},{"id":8060,"url":"https:\/\/believeindustry.company\/pt\/roll-forming-machine\/customized-profile-roll-forming-machine\/b-deck-roll-forming-machine\/","url_meta":{"origin":1712,"position":1},"title":"M\u00e1quina de perfilagem de decks B","author":"Believe Industry Group","date":"Agosto 9, 2021","format":false,"excerpt":"B Deck Roll Forming Machine( also named as\u00a0B deck roll former) is for producing B Deck. Which is the most common structural metal decking in the industry in US market.. What's B Deck? B Deck is an ideal structural substrate on short to medium span conditions that range from three\u2026","rel":"","context":"In \"Construction and Steel Structure\"","block_context":{"text":"Construction and Steel Structure","link":"https:\/\/believeindustry.company\/pt\/tag\/construction-and-steel-structure\/"},"img":{"alt_text":"B Deck Roll Forming Machine","src":"https:\/\/i0.wp.com\/believeindustry.company\/wp-content\/uploads\/2021\/08\/B-Deck-Roll-Forming-Machine.jpg?resize=350%2C200&ssl=1","width":350,"height":200,"srcset":"https:\/\/i0.wp.com\/believeindustry.company\/wp-content\/uploads\/2021\/08\/B-Deck-Roll-Forming-Machine.jpg?resize=350%2C200&ssl=1 1x, https:\/\/i0.wp.com\/believeindustry.company\/wp-content\/uploads\/2021\/08\/B-Deck-Roll-Forming-Machine.jpg?resize=525%2C300&ssl=1 1.5x, https:\/\/i0.wp.com\/believeindustry.company\/wp-content\/uploads\/2021\/08\/B-Deck-Roll-Forming-Machine.jpg?resize=700%2C400&ssl=1 2x, https:\/\/i0.wp.com\/believeindustry.company\/wp-content\/uploads\/2021\/08\/B-Deck-Roll-Forming-Machine.jpg?resize=1050%2C600&ssl=1 3x"},"classes":[]},{"id":22047,"url":"https:\/\/believeindustry.company\/pt\/customized-profiles\/","url_meta":{"origin":1712,"position":2},"title":"Perfis personalizados","author":"Believe Industry Group","date":"Abril 12, 2026","format":false,"excerpt":"A roll forming machine for customized profiles is highly specialized manufacturing equipment engineered to produce unique, non-standard metal cross-sections tailored to specific proprietary designs or niche applications.Unlike standard machines built for common shapes like roofing or studs, these systems are custom-designed from the ground up. They utilize uniquely engineered roller\u2026","rel":"","context":"Similar post","block_context":{"text":"Similar post","link":""},"img":{"alt_text":"custom roll forming machine","src":"https:\/\/i0.wp.com\/believeindustry.company\/wp-content\/uploads\/2018\/05\/custom-roll-forming-machine.jpg?resize=350%2C200&ssl=1","width":350,"height":200,"srcset":"https:\/\/i0.wp.com\/believeindustry.company\/wp-content\/uploads\/2018\/05\/custom-roll-forming-machine.jpg?resize=350%2C200&ssl=1 1x, https:\/\/i0.wp.com\/believeindustry.company\/wp-content\/uploads\/2018\/05\/custom-roll-forming-machine.jpg?resize=525%2C300&ssl=1 1.5x, https:\/\/i0.wp.com\/believeindustry.company\/wp-content\/uploads\/2018\/05\/custom-roll-forming-machine.jpg?resize=700%2C400&ssl=1 2x, https:\/\/i0.wp.com\/believeindustry.company\/wp-content\/uploads\/2018\/05\/custom-roll-forming-machine.jpg?resize=1050%2C600&ssl=1 3x"},"classes":[]},{"id":19437,"url":"https:\/\/believeindustry.company\/pt\/product-2\/","url_meta":{"origin":1712,"position":3},"title":"Produto","author":"Believe Industry Group","date":"Novembro 12, 2025","format":false,"excerpt":"Energy and Electric Construction and Steel Structure Rack and Shelving Sale Rated 0 out of 5 Energy and Electric 41x41mm 41x82mm Solar Strut Channel Roll Forming Machine $85,000.00 Original price was: $85,000.00.$80,000.00Current price is: $80,000.00. View Product Sale Rated 0 out of 5 Metal Panel Trapezoidal Ribbed Spandeck Roof and\u2026","rel":"","context":"Similar post","block_context":{"text":"Similar post","link":""},"img":{"alt_text":"41x41mm 41x82mm Solar Strut Channel Roll Forming Machine","src":"https:\/\/i0.wp.com\/believeindustry.company\/wp-content\/uploads\/2025\/10\/41x41-41X82-Solar-Strut-Channel-Roll-Forming-Machine-300x214.webp?resize=350%2C200&ssl=1","width":350,"height":200},"classes":[]},{"id":4419,"url":"https:\/\/believeindustry.company\/pt\/ibr-sheet-roll-forming-machine-video\/","url_meta":{"origin":1712,"position":4},"title":"V\u00eddeo da m\u00e1quina de perfilagem de chapas IBR","author":"Believe Industry Group","date":"Fevereiro 21, 2019","format":false,"excerpt":"IBR Sheet Roll Forming Machine video is photo in our South African factory. The machine is consist of Hydraulic Uncoiler, Roll Forming Mill, Cutter Off Unit, Hydraulic Station and Controlled Panel. View more about IBR Sheeting Roll Forming Machine. \u00a0 \ufeff \u00a0 Believe Industry have a full range of roll\u2026","rel":"","context":"In \"ibr sheet machine video\"","block_context":{"text":"ibr sheet machine video","link":"https:\/\/believeindustry.company\/pt\/tag\/ibr-sheet-machine-video\/"},"img":{"alt_text":"ibr sheet roll forming machine video","src":"https:\/\/i0.wp.com\/believeindustry.company\/wp-content\/uploads\/2019\/02\/ibr-sheet-roll-forming-machine-video.jpg?resize=350%2C200&ssl=1","width":350,"height":200,"srcset":"https:\/\/i0.wp.com\/believeindustry.company\/wp-content\/uploads\/2019\/02\/ibr-sheet-roll-forming-machine-video.jpg?resize=350%2C200&ssl=1 1x, https:\/\/i0.wp.com\/believeindustry.company\/wp-content\/uploads\/2019\/02\/ibr-sheet-roll-forming-machine-video.jpg?resize=525%2C300&ssl=1 1.5x, https:\/\/i0.wp.com\/believeindustry.company\/wp-content\/uploads\/2019\/02\/ibr-sheet-roll-forming-machine-video.jpg?resize=700%2C400&ssl=1 2x"},"classes":[]},{"id":577,"url":"https:\/\/believeindustry.company\/pt\/roll-forming-machine\/","url_meta":{"origin":1712,"position":5},"title":"M\u00e1quina de perfilagem de rolos","author":"Believe Industry Group","date":"Mar\u00e7o 22, 2018","format":false,"excerpt":"As a premier manufacturer and exporter of machinery from Wuxi, China, Beli RollForming specializes in designing and building a vast range of high-performance roll forming machines for various global industries.Beli RollForming's Roll Forming Machines are advanced, continuous production systems that transform flat metal coils (steel, aluminum, etc.) into precise, long-length\u2026","rel":"","context":"In \"Coil Roll Forming Machine\"","block_context":{"text":"Coil Roll Forming Machine","link":"https:\/\/believeindustry.company\/pt\/tag\/coil-roll-forming-machine\/"},"img":{"alt_text":"roll forming mills","src":"https:\/\/i0.wp.com\/believeindustry.company\/wp-content\/uploads\/2018\/03\/roll-forming-mills-e1522722506357.jpg?resize=350%2C200&ssl=1","width":350,"height":200,"srcset":"https:\/\/i0.wp.com\/believeindustry.company\/wp-content\/uploads\/2018\/03\/roll-forming-mills-e1522722506357.jpg?resize=350%2C200&ssl=1 1x, https:\/\/i0.wp.com\/believeindustry.company\/wp-content\/uploads\/2018\/03\/roll-forming-mills-e1522722506357.jpg?resize=525%2C300&ssl=1 1.5x, https:\/\/i0.wp.com\/believeindustry.company\/wp-content\/uploads\/2018\/03\/roll-forming-mills-e1522722506357.jpg?resize=700%2C400&ssl=1 2x, https:\/\/i0.wp.com\/believeindustry.company\/wp-content\/uploads\/2018\/03\/roll-forming-mills-e1522722506357.jpg?resize=1050%2C600&ssl=1 3x"},"classes":[]}],"amp_enabled":true,"_links":{"self":[{"href":"https:\/\/believeindustry.company\/pt\/wp-json\/wp\/v2\/pages\/1712","targetHints":{"allow":["GET"]}}],"collection":[{"href":"https:\/\/believeindustry.company\/pt\/wp-json\/wp\/v2\/pages"}],"about":[{"href":"https:\/\/believeindustry.company\/pt\/wp-json\/wp\/v2\/types\/page"}],"author":[{"embeddable":true,"href":"https:\/\/believeindustry.company\/pt\/wp-json\/wp\/v2\/users\/2"}],"replies":[{"embeddable":true,"href":"https:\/\/believeindustry.company\/pt\/wp-json\/wp\/v2\/comments?post=1712"}],"version-history":[{"count":0,"href":"https:\/\/believeindustry.company\/pt\/wp-json\/wp\/v2\/pages\/1712\/revisions"}],"up":[{"embeddable":true,"href":"https:\/\/believeindustry.company\/pt\/wp-json\/wp\/v2\/pages\/1272"}],"wp:featuredmedia":[{"embeddable":true,"href":"https:\/\/believeindustry.company\/pt\/wp-json\/wp\/v2\/media\/1714"}],"wp:attachment":[{"href":"https:\/\/believeindustry.company\/pt\/wp-json\/wp\/v2\/media?parent=1712"}],"wp:term":[{"taxonomy":"post_tag","embeddable":true,"href":"https:\/\/believeindustry.company\/pt\/wp-json\/wp\/v2\/tags?post=1712"}],"curies":[{"name":"wp","href":"https:\/\/api.w.org\/{rel}","templated":true}]}}