{"id":20335,"date":"2026-01-06T11:23:57","date_gmt":"2026-01-06T03:23:57","guid":{"rendered":"https:\/\/believeindustry.company\/?page_id=20335"},"modified":"2026-01-06T11:23:59","modified_gmt":"2026-01-06T03:23:59","slug":"como-escolher-operar-e-fazer-a-manutencao-de-uma-maquina-de-perfilagem-de-rolos","status":"publish","type":"page","link":"https:\/\/believeindustry.company\/pt\/how-to-choose-operate-maintain-a-roll-forming-machine\/","title":{"rendered":"Como"},"content":{"rendered":"","protected":false},"excerpt":{"rendered":"","protected":false},"author":2,"featured_media":0,"parent":0,"menu_order":0,"comment_status":"closed","ping_status":"closed","template":"","meta":{"_angie_page":false,"footnotes":"","big_sky_generated":false},"tags":[],"class_list":["post-20335","page","type-page","status-publish","hentry"],"blocksy_meta":[],"jetpack_sharing_enabled":true,"jetpack_shortlink":"https:\/\/wp.me\/P9K5n8-5hZ","jetpack_likes_enabled":false,"jetpack-related-posts":[{"id":2427,"url":"https:\/\/believeindustry.company\/pt\/video\/how-to-operate-roll-forming-machine\/","url_meta":{"origin":20335,"position":0},"title":"Como operar uma m\u00e1quina de perfilagem","author":"Believe Industry Group","date":"Julho 6, 2018","format":false,"excerpt":"Esta p\u00e1gina mostrar\u00e1 como operar os v\u00e1rios tipos de m\u00e1quinas de perfilagem.\u00a0","rel":"","context":"In \"how to operate roll forming machine\"","block_context":{"text":"how to operate roll forming machine","link":"https:\/\/believeindustry.company\/pt\/tag\/how-to-operate-roll-forming-machine\/"},"img":{"alt_text":"how to operate roll forming machine","src":"https:\/\/i0.wp.com\/believeindustry.company\/wp-content\/uploads\/2018\/07\/how-to-operate-roll-forming-machine.jpg?resize=350%2C200&ssl=1","width":350,"height":200,"srcset":"https:\/\/i0.wp.com\/believeindustry.company\/wp-content\/uploads\/2018\/07\/how-to-operate-roll-forming-machine.jpg?resize=350%2C200&ssl=1 1x, https:\/\/i0.wp.com\/believeindustry.company\/wp-content\/uploads\/2018\/07\/how-to-operate-roll-forming-machine.jpg?resize=525%2C300&ssl=1 1.5x, https:\/\/i0.wp.com\/believeindustry.company\/wp-content\/uploads\/2018\/07\/how-to-operate-roll-forming-machine.jpg?resize=700%2C400&ssl=1 2x, https:\/\/i0.wp.com\/believeindustry.company\/wp-content\/uploads\/2018\/07\/how-to-operate-roll-forming-machine.jpg?resize=1050%2C600&ssl=1 3x"},"classes":[]},{"id":3449,"url":"https:\/\/believeindustry.company\/pt\/how-to-operate-believe-industry-roll-forming-machne\/","url_meta":{"origin":20335,"position":1},"title":"V\u00eddeo explicativo sobre como operar uma m\u00e1quina de perfilagem.","author":"Believe Industry Group","date":"Dezembro 3, 2018","format":false,"excerpt":"The video is for teaching you how to operate the roll forming machine step by step: Set the length and number( quantity), totally 5 groups Press \"Stop\" Button. Touch \" Manual\" into \" Automatic\" on the touch screen. Press the \" Oil Pump Start\" Button to start the hydraulic station.\u2026","rel":"","context":"In \"how to operate roll forming machine\"","block_context":{"text":"how to operate roll forming machine","link":"https:\/\/believeindustry.company\/pt\/tag\/how-to-operate-roll-forming-machine\/"},"img":{"alt_text":"how to operate roll forming machine video","src":"https:\/\/i0.wp.com\/believeindustry.company\/wp-content\/uploads\/2018\/12\/how-to-operate-roll-forming-machine-video.jpg?resize=350%2C200&ssl=1","width":350,"height":200,"srcset":"https:\/\/i0.wp.com\/believeindustry.company\/wp-content\/uploads\/2018\/12\/how-to-operate-roll-forming-machine-video.jpg?resize=350%2C200&ssl=1 1x, https:\/\/i0.wp.com\/believeindustry.company\/wp-content\/uploads\/2018\/12\/how-to-operate-roll-forming-machine-video.jpg?resize=525%2C300&ssl=1 1.5x, https:\/\/i0.wp.com\/believeindustry.company\/wp-content\/uploads\/2018\/12\/how-to-operate-roll-forming-machine-video.jpg?resize=700%2C400&ssl=1 2x, https:\/\/i0.wp.com\/believeindustry.company\/wp-content\/uploads\/2018\/12\/how-to-operate-roll-forming-machine-video.jpg?resize=1050%2C600&ssl=1 3x"},"classes":[]},{"id":1277,"url":"https:\/\/believeindustry.company\/pt\/video\/metal-tile-roll-forming-machine-video\/","url_meta":{"origin":20335,"position":2},"title":"V\u00eddeo da m\u00e1quina de perfilagem de telhas met\u00e1licas","author":"Believe Industry Group","date":"Abril 16, 2018","format":false,"excerpt":"The Metal Tile Roll Forming Machine Video will let you easy to know how the machine working and how to operate the machine. Contact us for more details of Metal Tile Roll Forming Machine","rel":"","context":"In \"Metal Tile Roll Forming Machine\"","block_context":{"text":"Metal Tile Roll Forming Machine","link":"https:\/\/believeindustry.company\/pt\/tag\/metal-tile-roll-forming-machine\/"},"img":{"alt_text":"roll forming machine for metal roof tile","src":"https:\/\/i0.wp.com\/believeindustry.company\/wp-content\/uploads\/2018\/05\/roll-forming-machine-for-metal-roof-tile.jpg?resize=350%2C200&ssl=1","width":350,"height":200,"srcset":"https:\/\/i0.wp.com\/believeindustry.company\/wp-content\/uploads\/2018\/05\/roll-forming-machine-for-metal-roof-tile.jpg?resize=350%2C200&ssl=1 1x, https:\/\/i0.wp.com\/believeindustry.company\/wp-content\/uploads\/2018\/05\/roll-forming-machine-for-metal-roof-tile.jpg?resize=525%2C300&ssl=1 1.5x, https:\/\/i0.wp.com\/believeindustry.company\/wp-content\/uploads\/2018\/05\/roll-forming-machine-for-metal-roof-tile.jpg?resize=700%2C400&ssl=1 2x, https:\/\/i0.wp.com\/believeindustry.company\/wp-content\/uploads\/2018\/05\/roll-forming-machine-for-metal-roof-tile.jpg?resize=1050%2C600&ssl=1 3x"},"classes":[]},{"id":1715,"url":"https:\/\/believeindustry.company\/pt\/video\/steel-door-roll-forming-machine-video\/","url_meta":{"origin":20335,"position":3},"title":"V\u00eddeo da m\u00e1quina de perfilagem de portas de a\u00e7o","author":"Believe Industry Group","date":"Maio 10, 2018","format":false,"excerpt":"Steel Door Roll Forming Machine Video will help you to know how the roll forming machine working, and how to operate the steel door machines. Believe Industry Company have a full range of roll forming machines for door components: rolling shutter door slats, door tracks, door frames, garage door panels,\u2026","rel":"","context":"In \"Roll Forming Machine Video\"","block_context":{"text":"Roll Forming Machine Video","link":"https:\/\/believeindustry.company\/pt\/tag\/roll-forming-machine-video\/"},"img":{"alt_text":"steel door roll forming machine video","src":"https:\/\/i0.wp.com\/believeindustry.company\/wp-content\/uploads\/2018\/05\/Industrial-Roller-Shutter.jpg?resize=350%2C200&ssl=1","width":350,"height":200,"srcset":"https:\/\/i0.wp.com\/believeindustry.company\/wp-content\/uploads\/2018\/05\/Industrial-Roller-Shutter.jpg?resize=350%2C200&ssl=1 1x, https:\/\/i0.wp.com\/believeindustry.company\/wp-content\/uploads\/2018\/05\/Industrial-Roller-Shutter.jpg?resize=525%2C300&ssl=1 1.5x, https:\/\/i0.wp.com\/believeindustry.company\/wp-content\/uploads\/2018\/05\/Industrial-Roller-Shutter.jpg?resize=700%2C400&ssl=1 2x, https:\/\/i0.wp.com\/believeindustry.company\/wp-content\/uploads\/2018\/05\/Industrial-Roller-Shutter.jpg?resize=1050%2C600&ssl=1 3x"},"classes":[]},{"id":1279,"url":"https:\/\/believeindustry.company\/pt\/video\/purlin-roll-forming-machine-video\/","url_meta":{"origin":20335,"position":4},"title":"V\u00eddeo da m\u00e1quina de perfilagem de ter\u00e7as","author":"Believe Industry Group","date":"Abril 16, 2018","format":false,"excerpt":"Purlin Roll Forming Machine Video will help you to know how the machine working and how to operate the c z purlin roll forming machine. requirements. Believe Industry Company have a full range of purlin roll forming machines for different:\u00a0C Purlin Roll Forming Machine, Z Purlin Roll Forming Machine. C\u2026","rel":"","context":"In \"Purlin Roll Forming Machine\"","block_context":{"text":"Purlin Roll Forming Machine","link":"https:\/\/believeindustry.company\/pt\/tag\/purlin-roll-forming-machine\/"},"img":{"alt_text":"c z purlin","src":"https:\/\/i0.wp.com\/believeindustry.company\/wp-content\/uploads\/2018\/05\/c-z-purlin.jpg?resize=350%2C200&ssl=1","width":350,"height":200,"srcset":"https:\/\/i0.wp.com\/believeindustry.company\/wp-content\/uploads\/2018\/05\/c-z-purlin.jpg?resize=350%2C200&ssl=1 1x, https:\/\/i0.wp.com\/believeindustry.company\/wp-content\/uploads\/2018\/05\/c-z-purlin.jpg?resize=525%2C300&ssl=1 1.5x, https:\/\/i0.wp.com\/believeindustry.company\/wp-content\/uploads\/2018\/05\/c-z-purlin.jpg?resize=700%2C400&ssl=1 2x, https:\/\/i0.wp.com\/believeindustry.company\/wp-content\/uploads\/2018\/05\/c-z-purlin.jpg?resize=1050%2C600&ssl=1 3x"},"classes":[]},{"id":3707,"url":"https:\/\/believeindustry.company\/pt\/trimdek-sheet-roll-forming-machine-video\/","url_meta":{"origin":20335,"position":5},"title":"V\u00eddeo da m\u00e1quina de perfilagem de chapas Trimdek","author":"Believe Industry Group","date":"Janeiro 4, 2019","format":false,"excerpt":"Trimdek Sheet Roll Forming Machine is for producing Trimdek Sheet which is a subtle square-fluted steel cladding, available in long lengths. So on most jobs you can have one sheet from ridge to gutter without end laps. And made of high strength steel and despite its lightness, provides excellent spanning\u2026","rel":"","context":"In \"trimdeck sheet roll former\"","block_context":{"text":"trimdeck sheet roll former","link":"https:\/\/believeindustry.company\/pt\/tag\/trimdeck-sheet-roll-former\/"},"img":{"alt_text":"trimdek sheet roll forming machine","src":"https:\/\/i0.wp.com\/believeindustry.company\/wp-content\/uploads\/2019\/01\/trimdek-sheet-roll-forming-machine.jpg?resize=350%2C200&ssl=1","width":350,"height":200,"srcset":"https:\/\/i0.wp.com\/believeindustry.company\/wp-content\/uploads\/2019\/01\/trimdek-sheet-roll-forming-machine.jpg?resize=350%2C200&ssl=1 1x, https:\/\/i0.wp.com\/believeindustry.company\/wp-content\/uploads\/2019\/01\/trimdek-sheet-roll-forming-machine.jpg?resize=525%2C300&ssl=1 1.5x, https:\/\/i0.wp.com\/believeindustry.company\/wp-content\/uploads\/2019\/01\/trimdek-sheet-roll-forming-machine.jpg?resize=700%2C400&ssl=1 2x, https:\/\/i0.wp.com\/believeindustry.company\/wp-content\/uploads\/2019\/01\/trimdek-sheet-roll-forming-machine.jpg?resize=1050%2C600&ssl=1 3x"},"classes":[]}],"amp_enabled":true,"_links":{"self":[{"href":"https:\/\/believeindustry.company\/pt\/wp-json\/wp\/v2\/pages\/20335","targetHints":{"allow":["GET"]}}],"collection":[{"href":"https:\/\/believeindustry.company\/pt\/wp-json\/wp\/v2\/pages"}],"about":[{"href":"https:\/\/believeindustry.company\/pt\/wp-json\/wp\/v2\/types\/page"}],"author":[{"embeddable":true,"href":"https:\/\/believeindustry.company\/pt\/wp-json\/wp\/v2\/users\/2"}],"replies":[{"embeddable":true,"href":"https:\/\/believeindustry.company\/pt\/wp-json\/wp\/v2\/comments?post=20335"}],"version-history":[{"count":10,"href":"https:\/\/believeindustry.company\/pt\/wp-json\/wp\/v2\/pages\/20335\/revisions"}],"predecessor-version":[{"id":20345,"href":"https:\/\/believeindustry.company\/pt\/wp-json\/wp\/v2\/pages\/20335\/revisions\/20345"}],"wp:attachment":[{"href":"https:\/\/believeindustry.company\/pt\/wp-json\/wp\/v2\/media?parent=20335"}],"wp:term":[{"taxonomy":"post_tag","embeddable":true,"href":"https:\/\/believeindustry.company\/pt\/wp-json\/wp\/v2\/tags?post=20335"}],"curies":[{"name":"wp","href":"https:\/\/api.w.org\/{rel}","templated":true}]}}