{"id":2193,"date":"2018-06-07T14:53:44","date_gmt":"2018-06-07T06:53:44","guid":{"rendered":"https:\/\/believeindustry.company\/?page_id=2193"},"modified":"2025-12-05T15:26:19","modified_gmt":"2025-12-05T07:26:19","slug":"maquina-de-perfilagem-de-paineis-de-parede-metalicos","status":"publish","type":"page","link":"https:\/\/believeindustry.company\/pt\/roll-forming-machine\/metal-sheet-roll-forming-machine\/metal-wall-panel-roll-forming-machine\/","title":{"rendered":"M\u00e1quina de perfilagem de pain\u00e9is de parede met\u00e1licos"},"content":{"rendered":"<p>A m\u00e1quina de perfilagem de pain\u00e9is de parede met\u00e1licos \u00e9 utilizada para a produ\u00e7\u00e3o autom\u00e1tica de pain\u00e9is de parede. A m\u00e1quina corta os perfis dos pain\u00e9is de parede no comprimento desejado.<\/p>\n\n\n\n<!--more-->\n\n\n\n<h2 class=\"wp-block-heading\"><strong><span style=\"font-size: 18pt;\">M\u00e1quina de perfilagem de pain\u00e9is de parede met\u00e1licos<\/span><\/strong><\/h2>\n\n\n\n<h3 class=\"wp-block-heading\"><strong><span style=\"font-size: 14pt;\">Painel de parede met\u00e1lico<\/span><\/strong><\/h3>\n\n\n\n<p>Como sabemos, os pain\u00e9is de parede tradicionais s\u00e3o feitos de tijolo, composto de solo argiloso, areia e cal, ou de concreto. Atualmente, os pain\u00e9is de parede met\u00e1licos s\u00e3o amplamente utilizados em est\u00e1dios, centros de conven\u00e7\u00f5es, pavilh\u00f5es de exposi\u00e7\u00f5es, esta\u00e7\u00f5es ferrovi\u00e1rias, resid\u00eancias de alto padr\u00e3o, aeroportos, teatros e muitos outros projetos arquitet\u00f4nicos.<\/p>\n\n\n\n<p>Os pain\u00e9is met\u00e1licos para paredes (telhas) s\u00e3o fabricados a partir de materiais met\u00e1licos comuns, com diferentes se\u00e7\u00f5es. Tamb\u00e9m podem ser compostos por materiais com isolamento t\u00e9rmico, impermeabiliza\u00e7\u00e3o e absor\u00e7\u00e3o ac\u00fastica, para uma ampla gama de aplica\u00e7\u00f5es. O material pode ser a\u00e7o galvanizado, a\u00e7o galvanizado pr\u00e9-pintado, alum\u00ednio ou a\u00e7o inoxid\u00e1vel. A espessura usual varia de 0,2 a 0,8 mm. A Believe Industry Company possui diferentes tipos de m\u00e1quinas de perfilagem para pain\u00e9is de parede, adequadas a diversos perfis. Tamb\u00e9m aceitamos encomendas de perfis personalizados.<\/p>\n\n\n\n<h3 class=\"wp-block-heading\"><strong><span style=\"font-size: 14pt;\">Classifica\u00e7\u00e3o de pain\u00e9is de parede met\u00e1licos<\/span><\/strong><\/h3>\n\n\n\n<ol class=\"wp-block-list\"><li>Utiliza\u00e7\u00e3o: Painel de parede interno, painel de parede externo, painel de parede decorativo<\/li><li>M\u00e9todo de instala\u00e7\u00e3o: Autotravante, horizontal, vertical.<\/li><li>Fun\u00e7\u00e3o: Manter aquecido, beleza, etc.<\/li><li>Material: liga de alum\u00ednio, PPGI, GI, cobre, etc.<\/li><\/ol>\n\n\n\n<p>A Believe Industry Company oferece uma linha completa de m\u00e1quinas de perfilagem para pain\u00e9is de parede met\u00e1licos, como: M\u00e1quina de Perfilagem para Chapas Onduladas Mini Orb, M\u00e1quina de Perfilagem para Encaixe Clip Lock, M\u00e1quina de Perfilagem para Pain\u00e9is de Parede Decorativos, etc.<\/p>\n\n\n\n<h3 class=\"wp-block-heading\"><strong><span style=\"font-size: 14pt;\">Componentes e especifica\u00e7\u00f5es da m\u00e1quina de perfilagem de pain\u00e9is met\u00e1licos para paredes.<\/span><\/strong><\/h3>\n\n\n\n<h4 class=\"wp-block-heading\"><strong><span style=\"font-size: 12pt;\">Desbobinador manual<\/span><\/strong><figure><img fetchpriority=\"high\" decoding=\"async\" data-attachment-id=\"2194\" data-permalink=\"https:\/\/believeindustry.company\/pt\/roll-forming-machine\/metal-sheet-roll-forming-machine\/metal-wall-panel-roll-forming-machine\/manual-uncoiler\/\" data-orig-file=\"https:\/\/believeindustry.company\/wp-content\/uploads\/2018\/06\/Manual-Uncoiler.jpg\" data-orig-size=\"604,423\" data-comments-opened=\"1\" data-image-meta=\"{&quot;aperture&quot;:&quot;0&quot;,&quot;credit&quot;:&quot;&quot;,&quot;camera&quot;:&quot;&quot;,&quot;caption&quot;:&quot;&quot;,&quot;created_timestamp&quot;:&quot;0&quot;,&quot;copyright&quot;:&quot;&quot;,&quot;focal_length&quot;:&quot;0&quot;,&quot;iso&quot;:&quot;0&quot;,&quot;shutter_speed&quot;:&quot;0&quot;,&quot;title&quot;:&quot;&quot;,&quot;orientation&quot;:&quot;0&quot;}\" data-image-title=\"Manual Uncoiler\" data-image-description=\"\" data-image-caption=\"\" data-large-file=\"https:\/\/believeindustry.company\/wp-content\/uploads\/2018\/06\/Manual-Uncoiler.jpg\" class=\"size-medium wp-image-2194 alignright\" style=\"font-family: Lato, 'Helvetica Neue', Helvetica, Arial, sans-serif; font-size: 16px;\" src=\"https:\/\/believeindustry.company\/wp-content\/uploads\/2018\/06\/Manual-Uncoiler-300x210.jpg\" alt=\"Desbobinador manual de 5 toneladas\" width=\"300\" height=\"210\" srcset=\"https:\/\/believeindustry.company\/wp-content\/uploads\/2018\/06\/Manual-Uncoiler-300x210.jpg 300w, https:\/\/believeindustry.company\/wp-content\/uploads\/2018\/06\/Manual-Uncoiler-600x420.jpg 600w, https:\/\/believeindustry.company\/wp-content\/uploads\/2018\/06\/Manual-Uncoiler.jpg 604w\" sizes=\"(max-width: 300px) 100vw, 300px\" \/><\/figure><\/h4>\n\n\n\n<ul class=\"wp-block-list\"><li>Di\u00e2metro interno da bobina: 460-520 mm<\/li><li>Di\u00e2metro externo da bobina: m\u00e1x. 1300 mm<\/li><li>Peso m\u00e1ximo de carga: 5 toneladas<\/li><li>Afrouxamento e tensionamento manuais, desenrolamento passivo.<\/li><\/ul>\n\n\n\n<h4 class=\"wp-block-heading\"><strong><span style=\"font-size: 12pt;\">Fresadora de perfilagem de pain\u00e9is de parede<\/span><\/strong><\/h4>\n\n\n\n<ul class=\"wp-block-list\"><li>Estrutura principal da m\u00e1quina: A\u00e7o 350 H, com chapa de a\u00e7o de 25 mm soldada.<\/li><li>N\u00famero do suporte de perfilagem:<b>18 grupos<\/b><\/li><li>Velocidade de forma\u00e7\u00e3o: Aprox. 15 m\/min<\/li><li>Di\u00e2metro do eixo: 80 mm<\/li><li>Material do eixo: a\u00e7o 45# com tratamento t\u00e9rmico superficial.<\/li><li>Material do rolo: a\u00e7o ASTM 1045 com tratamento de t\u00eampera HRC58-60 e cromagem de 0,05 mm de espessura.<\/li><li>Transmiss\u00e3o: Corrente e os dois primeiros e \u00faltimos suportes utilizam engrenagens para acionar os eixos superior e inferior.<\/li><li><b><\/b><strong><b>Motor<\/b><\/strong><strong><b>Poder<\/b><\/strong><strong><b>:<\/b><\/strong><strong><b>7,5 kW<\/b><\/strong><\/li><li>Todas as partes acionadas da m\u00e1quina de perfilagem de chapas de parede s\u00e3o cobertas com prote\u00e7\u00e3o de seguran\u00e7a.<\/li><\/ul>\n\n\n\n<figure class=\"wp-block-image\"><img decoding=\"async\" width=\"960\" height=\"640\" data-attachment-id=\"2195\" data-permalink=\"https:\/\/believeindustry.company\/pt\/roll-forming-machine\/metal-sheet-roll-forming-machine\/metal-wall-panel-roll-forming-machine\/1-3\/\" data-orig-file=\"https:\/\/believeindustry.company\/wp-content\/uploads\/2018\/06\/1.jpg\" data-orig-size=\"960,640\" data-comments-opened=\"1\" data-image-meta=\"{&quot;aperture&quot;:&quot;0&quot;,&quot;credit&quot;:&quot;&quot;,&quot;camera&quot;:&quot;&quot;,&quot;caption&quot;:&quot;&quot;,&quot;created_timestamp&quot;:&quot;0&quot;,&quot;copyright&quot;:&quot;&quot;,&quot;focal_length&quot;:&quot;0&quot;,&quot;iso&quot;:&quot;0&quot;,&quot;shutter_speed&quot;:&quot;0&quot;,&quot;title&quot;:&quot;&quot;,&quot;orientation&quot;:&quot;0&quot;}\" data-image-title=\"1\" data-image-description=\"\" data-image-caption=\"\" data-large-file=\"https:\/\/believeindustry.company\/wp-content\/uploads\/2018\/06\/1.jpg\" src=\"https:\/\/believeindustry.company\/wp-content\/uploads\/2018\/06\/1.jpg\" alt=\"M\u00e1quina de perfilagem de pain\u00e9is de parede met\u00e1licos\" class=\"wp-image-2195\" srcset=\"https:\/\/believeindustry.company\/wp-content\/uploads\/2018\/06\/1.jpg 960w, https:\/\/believeindustry.company\/wp-content\/uploads\/2018\/06\/1-600x400.jpg 600w, https:\/\/believeindustry.company\/wp-content\/uploads\/2018\/06\/1-300x200.jpg 300w, https:\/\/believeindustry.company\/wp-content\/uploads\/2018\/06\/1-272x182.jpg 272w\" sizes=\"(max-width: 960px) 100vw, 960px\" \/><\/figure>\n\n\n\n<h4 class=\"wp-block-heading\"><span style=\"font-size: 12pt;\"><strong><b>Dispositivo de corte hidr\u00e1ulico<\/b><\/strong><\/span><\/h4>\n\n\n\n<div class=\"wp-block-image wp-image-2051 size-medium\"><figure class=\"alignright\"><img decoding=\"async\" width=\"225\" height=\"300\" data-attachment-id=\"2051\" data-permalink=\"https:\/\/believeindustry.company\/pt\/roll-forming-machine\/customized-profile-roll-forming-machine\/highway-guardrail-roll-forming-machine\/cof-2\/\" data-orig-file=\"https:\/\/believeindustry.company\/wp-content\/uploads\/2018\/06\/controlled-cabinet-2.jpg\" data-orig-size=\"2976,3968\" data-comments-opened=\"1\" data-image-meta=\"{&quot;aperture&quot;:&quot;2.2&quot;,&quot;credit&quot;:&quot;&quot;,&quot;camera&quot;:&quot;VIE-AL10&quot;,&quot;caption&quot;:&quot;cof&quot;,&quot;created_timestamp&quot;:&quot;1497688628&quot;,&quot;copyright&quot;:&quot;&quot;,&quot;focal_length&quot;:&quot;4.5&quot;,&quot;iso&quot;:&quot;200&quot;,&quot;shutter_speed&quot;:&quot;0.02&quot;,&quot;title&quot;:&quot;cof&quot;,&quot;orientation&quot;:&quot;0&quot;}\" data-image-title=\"PLC Controlled Cabinet\" data-image-description=\"\" data-image-caption=\"&lt;p&gt;The worker can set all the data of length, quantity, holes position on the touch screen which will controll the machnne&lt;\/p&gt;\" data-large-file=\"https:\/\/believeindustry.company\/wp-content\/uploads\/2018\/06\/controlled-cabinet-2-768x1024.jpg\" src=\"https:\/\/believeindustry.company\/wp-content\/uploads\/2018\/06\/controlled-cabinet-2-225x300.jpg\" alt=\"gabinete controlado pela m\u00e1quina de guarda-corpo\" class=\"wp-image-2051\" srcset=\"https:\/\/believeindustry.company\/wp-content\/uploads\/2018\/06\/controlled-cabinet-2-225x300.jpg 225w, https:\/\/believeindustry.company\/wp-content\/uploads\/2018\/06\/controlled-cabinet-2-600x800.jpg 600w, https:\/\/believeindustry.company\/wp-content\/uploads\/2018\/06\/controlled-cabinet-2-768x1024.jpg 768w\" sizes=\"(max-width: 225px) 100vw, 225px\" \/><figcaption>O operador pode inserir todos os dados de comprimento, quantidade e posi\u00e7\u00e3o dos furos na tela sens\u00edvel ao toque, que controlar\u00e1 a m\u00e1quina.<\/figcaption><\/figure><\/div>\n\n\n\n<ul class=\"wp-block-list\"><li>Tipo: Parar corte hidr\u00e1ulico<\/li><li>Material do molde de corte: A\u00e7o Cr12 com tratamento t\u00e9rmico de t\u00eampera HRC 60-62, 2 grupos<\/li><li>Comprimento e quantidade de corte: Os clientes podem definir o comprimento e a quantidade na tela sens\u00edvel ao toque do PLC.<\/li><li>Pot\u00eancia da esta\u00e7\u00e3o hidr\u00e1ulica: 5,5 kW\n<p><\/p><\/li><\/ul>\n\n\n\n<h4 class=\"wp-block-heading\"><b><i><\/i><\/b><span style=\"font-size: 12pt;\"><strong><em><b><i>Sistema de controle<\/i><\/b><\/em><\/strong><\/span><\/h4>\n\n\n\n<ul class=\"wp-block-list\"><li>Sistema de controle computadorizado: PLC Panasonic<\/li><li>Tela sens\u00edvel ao toque: Kunluntongtai MCSG<\/li><li>Codificador: Marca Omron<\/li><li>Inversor: YASKAWA<\/li><li>Interruptor de limite: marca Omron<\/li><li>Press\u00e3o da esta\u00e7\u00e3o hidr\u00e1ulica: 16 MPa<\/li><li>Corrente: 380V corrente cont\u00ednua, 50Hz, trif\u00e1sica<\/li><li>Adote o plugue de avia\u00e7\u00e3o para facilitar a conex\u00e3o dos fios.<\/li><\/ul>\n\n\n\n<p>Al\u00e9m da m\u00e1quina de perfilagem para pain\u00e9is de parede, <a href=\"http:\/\/www.belirollform.com\" target=\"_blank\" rel=\"noopener\">Acredite na Ind\u00fastria<\/a> tamb\u00e9m possui m\u00e1quina de perfilagem para <a href=\"https:\/\/believeindustry.company\/pt\/maquina-de-perfilagem-de-rolos\/maquina-de-perfilagem-de-chapas-metalicas\/maquina-de-perfilagem-de-chapas-bemo\/\">folhas bemo<\/a>, <a href=\"https:\/\/believeindustry.company\/pt\/maquina-de-perfilagem-de-rolos\/maquina-de-perfilagem-de-chapas-metalicas\/maquina-de-perfilagem-de-chapas-ibr\/\">Folhas IBR<\/a>, <a href=\"https:\/\/believeindustry.company\/pt\/maquina-de-perfilagem-de-rolos\/maquina-de-perfilagem-personalizada\/maquina-de-perfilagem-de-canaletas-uni-strut\/\">canal de suporte,<\/a> <a href=\"https:\/\/believeindustry.company\/pt\/maquina-de-perfilagem-de-rolos\/maquina-de-perfilagem-de-rolos-para-estantes-de-paletes\/maquina-de-perfilagem-de-rolos-de-cremalheira-vertical\/\">estante vertical<\/a>, <a href=\"https:\/\/believeindustry.company\/pt\/maquina-de-perfilagem-de-rolos\/maquina-de-perfilagem-personalizada\/maquina-de-perfilagem-de-guarda-corpos-de-rodovias\/\">guarda-corpos<\/a>, etc.<\/p>\n\n\n\n<p><a href=\"https:\/\/believeindustry.company\/pt\/produto\/maquina-de-linha-de-corte-de-aco\/\">Contate-nos<\/a> Para obter mais informa\u00e7\u00f5es sobre m\u00e1quinas de perfilagem e <a href=\"https:\/\/believeindustry.company\/pt\/equipamentos-de-processamento-de-bobinas\/\">equipamentos de processamento de bobinas<\/a><\/p>","protected":false},"excerpt":{"rendered":"<p>A m\u00e1quina de perfilagem de pain\u00e9is de parede met\u00e1licos \u00e9 utilizada para a produ\u00e7\u00e3o autom\u00e1tica de pain\u00e9is de parede. A m\u00e1quina corta os perfis dos pain\u00e9is de parede no comprimento desejado.<\/p>","protected":false},"author":2,"featured_media":2199,"parent":724,"menu_order":8,"comment_status":"closed","ping_status":"closed","template":"","meta":{"_angie_page":false,"jetpack_post_was_ever_published":false,"footnotes":"","big_sky_generated":false},"tags":[607846024,607845980,607849628,607847026,607848169,607848170,607848168],"class_list":["post-2193","page","type-page","status-publish","has-post-thumbnail","hentry","tag-cold-roll-forming-machine","tag-metal-sheet-roll-forming-machine","tag-panel-lines","tag-wall-panel-roll-forming-machine","tag-wall-sheet-machine","tag-wall-sheet-roll-former","tag-wall-sheet-roll-forming-machine"],"blocksy_meta":[],"jetpack_sharing_enabled":true,"jetpack_shortlink":"https:\/\/wp.me\/P9K5n8-zn","jetpack_likes_enabled":false,"jetpack-related-posts":[{"id":593,"url":"https:\/\/believeindustry.company\/pt\/roll-forming-machine\/metal-sheet-roll-forming-machine\/roofing-sheet-roll-forming-machine\/","url_meta":{"origin":2193,"position":0},"title":"M\u00e1quina de perfilagem de chapas de cobertura","author":"Believe Industry Group","date":"Mar\u00e7o 22, 2018","format":false,"excerpt":"A m\u00e1quina de perfilagem de telhas met\u00e1licas foi projetada para produzir diversos tipos de telhas e revestimentos de parede, conforme o projeto e no comprimento desejado. A espessura varia normalmente de 0,2 a 0,8 mm e a resist\u00eancia de 235 MPa a 550 MPa. Introdu\u00e7\u00e3o \u00e0 m\u00e1quina de perfilagem de telhas met\u00e1licas. Onde encontrar\u2026","rel":"","context":"In \"Metal Sheet Roll Forming Machine\"","block_context":{"text":"Metal Sheet Roll Forming Machine","link":"https:\/\/believeindustry.company\/pt\/tag\/metal-sheet-roll-forming-machine\/"},"img":{"alt_text":"roof sheet roll forming machine","src":"https:\/\/i0.wp.com\/believeindustry.company\/wp-content\/uploads\/2018\/06\/roof-sheet-roll-forming-machine_%E5%89%AF%E6%9C%AC.jpg?resize=350%2C200&ssl=1","width":350,"height":200,"srcset":"https:\/\/i0.wp.com\/believeindustry.company\/wp-content\/uploads\/2018\/06\/roof-sheet-roll-forming-machine_%E5%89%AF%E6%9C%AC.jpg?resize=350%2C200&ssl=1 1x, https:\/\/i0.wp.com\/believeindustry.company\/wp-content\/uploads\/2018\/06\/roof-sheet-roll-forming-machine_%E5%89%AF%E6%9C%AC.jpg?resize=525%2C300&ssl=1 1.5x, https:\/\/i0.wp.com\/believeindustry.company\/wp-content\/uploads\/2018\/06\/roof-sheet-roll-forming-machine_%E5%89%AF%E6%9C%AC.jpg?resize=700%2C400&ssl=1 2x, https:\/\/i0.wp.com\/believeindustry.company\/wp-content\/uploads\/2018\/06\/roof-sheet-roll-forming-machine_%E5%89%AF%E6%9C%AC.jpg?resize=1050%2C600&ssl=1 3x"},"classes":[]},{"id":724,"url":"https:\/\/believeindustry.company\/pt\/roll-forming-machine\/metal-sheet-roll-forming-machine\/","url_meta":{"origin":2193,"position":1},"title":"M\u00e1quina de conforma\u00e7\u00e3o de rolos de chapas met\u00e1licas","author":"Believe Industry Group","date":"Mar\u00e7o 28, 2018","format":false,"excerpt":"Metal Sheet Roll Forming Machines, also named Steel Sheet Roll Forming Machines are widely used in Steel Structure Systems Manufacturers or Builders.Believe Industry Company have full range of Metal Sheet Roll Forming Machine to produce Roof Panels, Wall Cladding Sheets, Step Tiles with different types. Such as: Standing seamming Panel.\u2026","rel":"","context":"In \"believe industry machine\"","block_context":{"text":"believe industry machine","link":"https:\/\/believeindustry.company\/pt\/tag\/believe-industry-machine\/"},"img":{"alt_text":"sheet roll forming machine","src":"https:\/\/i0.wp.com\/believeindustry.company\/wp-content\/uploads\/2018\/03\/metal-sheet-roll-forming-machine.jpg?resize=350%2C200&ssl=1","width":350,"height":200,"srcset":"https:\/\/i0.wp.com\/believeindustry.company\/wp-content\/uploads\/2018\/03\/metal-sheet-roll-forming-machine.jpg?resize=350%2C200&ssl=1 1x, https:\/\/i0.wp.com\/believeindustry.company\/wp-content\/uploads\/2018\/03\/metal-sheet-roll-forming-machine.jpg?resize=525%2C300&ssl=1 1.5x, https:\/\/i0.wp.com\/believeindustry.company\/wp-content\/uploads\/2018\/03\/metal-sheet-roll-forming-machine.jpg?resize=700%2C400&ssl=1 2x"},"classes":[]},{"id":19437,"url":"https:\/\/believeindustry.company\/pt\/product-2\/","url_meta":{"origin":2193,"position":2},"title":"Produto","author":"Believe Industry Group","date":"Novembro 12, 2025","format":false,"excerpt":"Energy and Electric Construction and Steel Structure Rack and Shelving Sale Rated 0 out of 5 Energy and Electric 41x41mm 41x82mm Solar Strut Channel Roll Forming Machine $85,000.00 Original price was: $85,000.00.$80,000.00Current price is: $80,000.00. View Product Sale Rated 0 out of 5 Metal Panel Trapezoidal Ribbed Spandeck Roof and\u2026","rel":"","context":"Similar post","block_context":{"text":"Similar post","link":""},"img":{"alt_text":"41x41mm 41x82mm Solar Strut Channel Roll Forming Machine","src":"https:\/\/i0.wp.com\/believeindustry.company\/wp-content\/uploads\/2025\/10\/41x41-41X82-Solar-Strut-Channel-Roll-Forming-Machine-300x214.webp?resize=350%2C200&ssl=1","width":350,"height":200},"classes":[]},{"id":6731,"url":"https:\/\/believeindustry.company\/pt\/roll-forming-machine\/metal-sheet-roll-forming-machine\/ag-panel-roll-forming-machine\/","url_meta":{"origin":2193,"position":3},"title":"M\u00e1quina de perfilagem de pain\u00e9is AG","author":"Believe Industry Group","date":"Maio 9, 2019","format":false,"excerpt":"An AG Panel Roll Forming Machine is an industrial machine that continuously shapes flat metal coils (typically steel or aluminum) into the finished, ribbed profile known as the AG (Agricultural) Panel. What\u2019s AG Panel? AG Panel Metal Roof, a low depth profile, economical panel solution for residential, commercial and agricultural\u2026","rel":"","context":"In \"panel lines\"","block_context":{"text":"panel lines","link":"https:\/\/believeindustry.company\/pt\/tag\/panel-lines\/"},"img":{"alt_text":"AG Panel Roll Forming Machine","src":"https:\/\/i0.wp.com\/believeindustry.company\/wp-content\/uploads\/2023\/06\/AG-Panel-Roll-Forming-Machine.jpg?resize=350%2C200&ssl=1","width":350,"height":200,"srcset":"https:\/\/i0.wp.com\/believeindustry.company\/wp-content\/uploads\/2023\/06\/AG-Panel-Roll-Forming-Machine.jpg?resize=350%2C200&ssl=1 1x, https:\/\/i0.wp.com\/believeindustry.company\/wp-content\/uploads\/2023\/06\/AG-Panel-Roll-Forming-Machine.jpg?resize=525%2C300&ssl=1 1.5x, https:\/\/i0.wp.com\/believeindustry.company\/wp-content\/uploads\/2023\/06\/AG-Panel-Roll-Forming-Machine.jpg?resize=700%2C400&ssl=1 2x, https:\/\/i0.wp.com\/believeindustry.company\/wp-content\/uploads\/2023\/06\/AG-Panel-Roll-Forming-Machine.jpg?resize=1050%2C600&ssl=1 3x"},"classes":[]},{"id":2853,"url":"https:\/\/believeindustry.company\/pt\/roll-forming-machine\/customized-profile-roll-forming-machine\/metal-stud-and-track-roll-forming-machine\/","url_meta":{"origin":2193,"position":4},"title":"M\u00e1quina de perfilagem de pinos e trilhos","author":"Believe Industry Group","date":"Outubro 2, 2018","format":false,"excerpt":"Metal Stud and Track Roll Forming Machine is for produce studs and tracks with various types. Which is widely used in light steel construction industry. Metal Stud and Track Roll Forming Machine What's Stud and Track? The stud and track are very easy to install with the minimum of knowledge\u2026","rel":"","context":"In &quot;Company News&quot;","block_context":{"text":"Company News","link":"https:\/\/believeindustry.company\/pt\/category\/company-news\/"},"img":{"alt_text":"metal stud and track roll forming machine","src":"https:\/\/i0.wp.com\/believeindustry.company\/wp-content\/uploads\/2018\/10\/stud-and-track-roll-forming-machines-1.jpg?resize=350%2C200&ssl=1","width":350,"height":200,"srcset":"https:\/\/i0.wp.com\/believeindustry.company\/wp-content\/uploads\/2018\/10\/stud-and-track-roll-forming-machines-1.jpg?resize=350%2C200&ssl=1 1x, https:\/\/i0.wp.com\/believeindustry.company\/wp-content\/uploads\/2018\/10\/stud-and-track-roll-forming-machines-1.jpg?resize=525%2C300&ssl=1 1.5x, https:\/\/i0.wp.com\/believeindustry.company\/wp-content\/uploads\/2018\/10\/stud-and-track-roll-forming-machines-1.jpg?resize=700%2C400&ssl=1 2x, https:\/\/i0.wp.com\/believeindustry.company\/wp-content\/uploads\/2018\/10\/stud-and-track-roll-forming-machines-1.jpg?resize=1050%2C600&ssl=1 3x"},"classes":[]},{"id":777,"url":"https:\/\/believeindustry.company\/pt\/roll-forming-machine\/metal-sheet-roll-forming-machine\/metal-roof-tile-roll-forming-machine\/","url_meta":{"origin":2193,"position":5},"title":"M\u00e1quina de perfilagem de telhas met\u00e1licas","author":"Believe Industry Group","date":"Mar\u00e7o 29, 2018","format":false,"excerpt":"Metal Roof Tile Roll Forming Machine\u00a0is for producing the metal tiles which is similar to traditional tiles. While the quality and life is better. Introduction of Metal Roof Tile Roll Forming Machine Roof Tiles\u00a0are to keep out rain. And traditional made from locally available materials such as slate and terracotta.\u2026","rel":"","context":"In \"Metal Roof Tile Roll Forming Machine\"","block_context":{"text":"Metal Roof Tile Roll Forming Machine","link":"https:\/\/believeindustry.company\/pt\/tag\/metal-roof-tile-roll-forming-machine\/"},"img":{"alt_text":"roof tile roll forming machine","src":"https:\/\/i0.wp.com\/believeindustry.company\/wp-content\/uploads\/2018\/04\/roof-tile-roll-forming-machine-e1522726193554.jpg?resize=350%2C200&ssl=1","width":350,"height":200,"srcset":"https:\/\/i0.wp.com\/believeindustry.company\/wp-content\/uploads\/2018\/04\/roof-tile-roll-forming-machine-e1522726193554.jpg?resize=350%2C200&ssl=1 1x, https:\/\/i0.wp.com\/believeindustry.company\/wp-content\/uploads\/2018\/04\/roof-tile-roll-forming-machine-e1522726193554.jpg?resize=525%2C300&ssl=1 1.5x, https:\/\/i0.wp.com\/believeindustry.company\/wp-content\/uploads\/2018\/04\/roof-tile-roll-forming-machine-e1522726193554.jpg?resize=700%2C400&ssl=1 2x, https:\/\/i0.wp.com\/believeindustry.company\/wp-content\/uploads\/2018\/04\/roof-tile-roll-forming-machine-e1522726193554.jpg?resize=1050%2C600&ssl=1 3x"},"classes":[]}],"amp_enabled":true,"_links":{"self":[{"href":"https:\/\/believeindustry.company\/pt\/wp-json\/wp\/v2\/pages\/2193","targetHints":{"allow":["GET"]}}],"collection":[{"href":"https:\/\/believeindustry.company\/pt\/wp-json\/wp\/v2\/pages"}],"about":[{"href":"https:\/\/believeindustry.company\/pt\/wp-json\/wp\/v2\/types\/page"}],"author":[{"embeddable":true,"href":"https:\/\/believeindustry.company\/pt\/wp-json\/wp\/v2\/users\/2"}],"replies":[{"embeddable":true,"href":"https:\/\/believeindustry.company\/pt\/wp-json\/wp\/v2\/comments?post=2193"}],"version-history":[{"count":2,"href":"https:\/\/believeindustry.company\/pt\/wp-json\/wp\/v2\/pages\/2193\/revisions"}],"predecessor-version":[{"id":19720,"href":"https:\/\/believeindustry.company\/pt\/wp-json\/wp\/v2\/pages\/2193\/revisions\/19720"}],"up":[{"embeddable":true,"href":"https:\/\/believeindustry.company\/pt\/wp-json\/wp\/v2\/pages\/724"}],"wp:featuredmedia":[{"embeddable":true,"href":"https:\/\/believeindustry.company\/pt\/wp-json\/wp\/v2\/media\/2199"}],"wp:attachment":[{"href":"https:\/\/believeindustry.company\/pt\/wp-json\/wp\/v2\/media?parent=2193"}],"wp:term":[{"taxonomy":"post_tag","embeddable":true,"href":"https:\/\/believeindustry.company\/pt\/wp-json\/wp\/v2\/tags?post=2193"}],"curies":[{"name":"wp","href":"https:\/\/api.w.org\/{rel}","templated":true}]}}