{"id":2264,"date":"2018-06-19T13:03:09","date_gmt":"2018-06-19T05:03:09","guid":{"rendered":"https:\/\/believeindustry.company\/?page_id=2264"},"modified":"2025-12-05T15:43:47","modified_gmt":"2025-12-05T07:43:47","slug":"maquina-portatil-para-calhas-a-venda","status":"publish","type":"page","link":"https:\/\/believeindustry.company\/pt\/roll-forming-machine\/downspoutgutter-roll-forming-machine\/portable-gutter-machine-for-sale\/","title":{"rendered":"M\u00e1quina port\u00e1til para calhas"},"content":{"rendered":"<p>A Believe Industry Company oferece uma linha completa de m\u00e1quinas port\u00e1teis para calhas. Disponibilizamos m\u00e1quinas para calhas de 5&quot; e 6&quot; estilo K, calhas semicirculares de 6&quot; e m\u00e1quinas industriais para calhas de 7&quot;.<\/p>\n\n\n\n<!--more-->\n\n\n\n<h1 class=\"wp-block-heading\">M\u00e1quina port\u00e1til para calhas \u00e0 venda<\/h1>\n\n\n\n<h2 class=\"wp-block-heading\">O que \u00e9 uma sarjeta?<\/h2>\n\n\n\n<p>Uma calha pluvial \u00e9 um componente do sistema de escoamento de \u00e1gua de um edif\u00edcio. A \u00e1gua que escorre do telhado desce para uma calha de vale e, em seguida, segue pelo tubo de queda. Muitos materiais s\u00e3o usados na fabrica\u00e7\u00e3o de calhas: ferro fundido, PVC, alum\u00ednio, a\u00e7o, madeira, cobre, etc.<\/p>\n\n\n\n<p><a href=\"http:\/\/www.belirollform.com\" target=\"_blank\" rel=\"noopener\">Acredite na Empresa do Setor<\/a> A m\u00e1quina port\u00e1til para calhas \u00e9 capaz de produzir calhas com materiais como cobre, Alzc, PPGI e a\u00e7o galvanizado, com espessura de 0,3 a 0,5 mm.<\/p>\n\n\n\n<h3 class=\"wp-block-heading\">Desenhos de Calhas<\/h3>\n\n\n\n<figure class=\"wp-block-image\"><img fetchpriority=\"high\" decoding=\"async\" width=\"236\" height=\"300\" data-attachment-id=\"2266\" data-permalink=\"https:\/\/believeindustry.company\/pt\/roll-forming-machine\/downspoutgutter-roll-forming-machine\/portable-gutter-machine-for-sale\/half-round-gutter\/\" data-orig-file=\"https:\/\/believeindustry.company\/wp-content\/uploads\/2018\/06\/Half-Round-Gutter.jpg\" data-orig-size=\"556,706\" data-comments-opened=\"1\" data-image-meta=\"{&quot;aperture&quot;:&quot;0&quot;,&quot;credit&quot;:&quot;&quot;,&quot;camera&quot;:&quot;&quot;,&quot;caption&quot;:&quot;&quot;,&quot;created_timestamp&quot;:&quot;0&quot;,&quot;copyright&quot;:&quot;&quot;,&quot;focal_length&quot;:&quot;0&quot;,&quot;iso&quot;:&quot;0&quot;,&quot;shutter_speed&quot;:&quot;0&quot;,&quot;title&quot;:&quot;&quot;,&quot;orientation&quot;:&quot;0&quot;}\" data-image-title=\"Half Round Gutter\" data-image-description=\"\" data-image-caption=\"\" data-large-file=\"https:\/\/believeindustry.company\/wp-content\/uploads\/2018\/06\/Half-Round-Gutter.jpg\" src=\"https:\/\/believeindustry.company\/wp-content\/uploads\/2018\/06\/Half-Round-Gutter-236x300.jpg\" alt=\"Calhas redondas Hale\" class=\"wp-image-2266\" srcset=\"https:\/\/believeindustry.company\/wp-content\/uploads\/2018\/06\/Half-Round-Gutter-236x300.jpg 236w, https:\/\/believeindustry.company\/wp-content\/uploads\/2018\/06\/Half-Round-Gutter.jpg 556w\" sizes=\"(max-width: 236px) 100vw, 236px\" \/><\/figure>\n\n\n\n<figure class=\"wp-block-image\"><img decoding=\"async\" width=\"167\" height=\"300\" data-attachment-id=\"2267\" data-permalink=\"https:\/\/believeindustry.company\/pt\/roll-forming-machine\/downspoutgutter-roll-forming-machine\/portable-gutter-machine-for-sale\/k-style-gutter\/\" data-orig-file=\"https:\/\/believeindustry.company\/wp-content\/uploads\/2018\/06\/K-style-Gutter.gif\" data-orig-size=\"317,571\" data-comments-opened=\"1\" data-image-meta=\"{&quot;aperture&quot;:&quot;0&quot;,&quot;credit&quot;:&quot;&quot;,&quot;camera&quot;:&quot;&quot;,&quot;caption&quot;:&quot;&quot;,&quot;created_timestamp&quot;:&quot;0&quot;,&quot;copyright&quot;:&quot;&quot;,&quot;focal_length&quot;:&quot;0&quot;,&quot;iso&quot;:&quot;0&quot;,&quot;shutter_speed&quot;:&quot;0&quot;,&quot;title&quot;:&quot;&quot;,&quot;orientation&quot;:&quot;0&quot;}\" data-image-title=\"K style Gutter\" data-image-description=\"\" data-image-caption=\"\" data-large-file=\"https:\/\/believeindustry.company\/wp-content\/uploads\/2018\/06\/K-style-Gutter.gif\" src=\"https:\/\/believeindustry.company\/wp-content\/uploads\/2018\/06\/K-style-Gutter-167x300.gif\" alt=\"Calha estilo K\" class=\"wp-image-2267\"\/><\/figure>\n\n\n\n<h3 class=\"wp-block-heading\">Vis\u00e3o 3D da m\u00e1quina port\u00e1til para calhas<\/h3>\n\n\n\n<figure class=\"wp-block-image\"><img decoding=\"async\" width=\"664\" height=\"362\" data-attachment-id=\"2268\" data-permalink=\"https:\/\/believeindustry.company\/pt\/roll-forming-machine\/downspoutgutter-roll-forming-machine\/portable-gutter-machine-for-sale\/portable-gutter-machine-3d-view\/\" data-orig-file=\"https:\/\/believeindustry.company\/wp-content\/uploads\/2018\/06\/portable-gutter-machine-3d-view.jpg\" data-orig-size=\"664,362\" data-comments-opened=\"1\" data-image-meta=\"{&quot;aperture&quot;:&quot;0&quot;,&quot;credit&quot;:&quot;&quot;,&quot;camera&quot;:&quot;&quot;,&quot;caption&quot;:&quot;&quot;,&quot;created_timestamp&quot;:&quot;0&quot;,&quot;copyright&quot;:&quot;&quot;,&quot;focal_length&quot;:&quot;0&quot;,&quot;iso&quot;:&quot;0&quot;,&quot;shutter_speed&quot;:&quot;0&quot;,&quot;title&quot;:&quot;&quot;,&quot;orientation&quot;:&quot;0&quot;}\" data-image-title=\"portable gutter machine 3d view\" data-image-description=\"\" data-image-caption=\"\" data-large-file=\"https:\/\/believeindustry.company\/wp-content\/uploads\/2018\/06\/portable-gutter-machine-3d-view.jpg\" src=\"https:\/\/believeindustry.company\/wp-content\/uploads\/2018\/06\/portable-gutter-machine-3d-view.jpg\" alt=\"Vista 3D de uma m\u00e1quina port\u00e1til para calhas\" class=\"wp-image-2268\" srcset=\"https:\/\/believeindustry.company\/wp-content\/uploads\/2018\/06\/portable-gutter-machine-3d-view.jpg 664w, https:\/\/believeindustry.company\/wp-content\/uploads\/2018\/06\/portable-gutter-machine-3d-view-600x327.jpg 600w, https:\/\/believeindustry.company\/wp-content\/uploads\/2018\/06\/portable-gutter-machine-3d-view-300x164.jpg 300w\" sizes=\"(max-width: 664px) 100vw, 664px\" \/><\/figure>\n\n\n\n<figure class=\"wp-block-image\"><img loading=\"lazy\" decoding=\"async\" width=\"784\" height=\"337\" data-attachment-id=\"2269\" data-permalink=\"https:\/\/believeindustry.company\/pt\/roll-forming-machine\/downspoutgutter-roll-forming-machine\/portable-gutter-machine-for-sale\/portable-gutter-machine-for-sale\/\" data-orig-file=\"https:\/\/believeindustry.company\/wp-content\/uploads\/2018\/06\/portable-gutter-machine-for-sale.jpg\" data-orig-size=\"784,337\" data-comments-opened=\"1\" data-image-meta=\"{&quot;aperture&quot;:&quot;0&quot;,&quot;credit&quot;:&quot;&quot;,&quot;camera&quot;:&quot;&quot;,&quot;caption&quot;:&quot;&quot;,&quot;created_timestamp&quot;:&quot;0&quot;,&quot;copyright&quot;:&quot;&quot;,&quot;focal_length&quot;:&quot;0&quot;,&quot;iso&quot;:&quot;0&quot;,&quot;shutter_speed&quot;:&quot;0&quot;,&quot;title&quot;:&quot;&quot;,&quot;orientation&quot;:&quot;0&quot;}\" data-image-title=\"portable gutter machine for sale\" data-image-description=\"\" data-image-caption=\"\" data-large-file=\"https:\/\/believeindustry.company\/wp-content\/uploads\/2018\/06\/portable-gutter-machine-for-sale.jpg\" src=\"https:\/\/believeindustry.company\/wp-content\/uploads\/2018\/06\/portable-gutter-machine-for-sale.jpg\" alt=\"M\u00e1quina port\u00e1til para calhas \u00e0 venda\" class=\"wp-image-2269\" srcset=\"https:\/\/believeindustry.company\/wp-content\/uploads\/2018\/06\/portable-gutter-machine-for-sale.jpg 784w, https:\/\/believeindustry.company\/wp-content\/uploads\/2018\/06\/portable-gutter-machine-for-sale-600x258.jpg 600w, https:\/\/believeindustry.company\/wp-content\/uploads\/2018\/06\/portable-gutter-machine-for-sale-300x129.jpg 300w\" sizes=\"(max-width: 784px) 100vw, 784px\" \/><\/figure>\n\n\n\n<h2 class=\"wp-block-heading\"><strong>Especifica\u00e7\u00f5es da m\u00e1quina port\u00e1til para calhas<\/strong><\/h2>\n\n\n\n<table class=\"wp-block-table has-fixed-layout\"><tbody><tr><td><strong>Forma\u00e7\u00e3o principal<\/strong> m\u00e1quina<\/td><\/tr><tr><td>Gama de Produtos<\/td><td>G5\/6\/5 e 6K<\/td><\/tr><tr><td>Esta\u00e7\u00e3o formadora<\/td><td>Flutuante, a\u00e7o 45#, tratamento t\u00e9rmico, revestido com cromo.<\/td><\/tr><tr><td>Material do eixo principal<\/td><td>S45C, tratamento t\u00e9rmico HRC42~44, \u03a650mm<\/td><\/tr><tr><td>Folha de corte<\/td><td>Corte ap\u00f3s conforma\u00e7\u00e3o, tra\u00e7\u00e3o manual para frente com cremalheira e engrenagem e matrizes de a\u00e7o temperado.<\/td><\/tr><tr><td>Velocidade de forma\u00e7\u00e3o<\/td><td>0-10 m\/min<\/td><\/tr><tr><td>Produzindo velocidade<\/td><td>0-6 m\/min<\/td><\/tr><tr><td>Pot\u00eancia do motor principal<\/td><td>AC2.2KW, marca chinesa famosa<\/td><\/tr><tr><td>Sistema de transmiss\u00e3o<\/td><td>Rolos de acionamento superior e inferior em uretano para um acionamento suave, uniforme e sem tor\u00e7\u00e3o.<\/td><\/tr><tr><td>Sistema de controle<\/td><td>Caixa de controle el\u00e9trico simples<\/td><\/tr><tr><td>Dimens\u00f5es (C\u00d7L\u00d7A)<\/td><td>Dimens\u00f5es aproximadas: 3040\u00d7610\u00d7480 mm (sem incluir a embalagem)<\/td><\/tr><tr><td>Peso<\/td><td>Aproximadamente 490 kg<\/td><\/tr><tr><td><strong>Desbobinador <\/strong><\/td><\/tr><tr><td>Tipo de desenrolador<\/td><td>Desbobinador passivo, integrado ao corpo principal da m\u00e1quina.<\/td><\/tr><tr><td>Layout do desenrolador<\/td><td>Integrado ao corpo da m\u00e1quina de conforma\u00e7\u00e3o principal<\/td><\/tr><tr><td>Capacidade<\/td><td>M\u00e1x. 200 kg<\/td><\/tr><tr><td>Tipo expans\u00edvel<\/td><td>Por manual<\/td><\/tr><tr><td>bobinador de carregamento<\/td><td>Por manual<\/td><\/tr><tr><td>ID do enrolador<\/td><td>\u03a6390-420mm<\/td><\/tr><tr><td>Bobinador OD<\/td><td>Di\u00e2metro m\u00e1ximo de 1000 mm<\/td><\/tr><tr><td>Largura da bobinadeira<\/td><td>M\u00e1x. 400 mm<\/td><\/tr><tr><td>Dimens\u00f5es (C\u00d7L\u00d7A)<\/td><td>Aproximadamente 500\u00d7400\u00d7800 mm<\/td><\/tr><tr><td>Peso<\/td><td>Aproximadamente 30 kg<\/td><\/tr><tr><td><strong>Sistema el\u00e9trico<\/strong><\/td><\/tr><tr><td>marca PLC<\/td><td>N\u00c3O<\/td><\/tr><tr><td>Mesa cir\u00fargica<\/td><td>Bot\u00e3o<\/td><\/tr><tr><td>Controle de comprimento<\/td><td>Codificador<\/td><\/tr><tr><td>Controle de quantidade<\/td><td>N\u00c3O<\/td><\/tr><tr><td>Controle de movimento de corte<\/td><td>Semiautom\u00e1tico<\/td><\/tr><tr><td>Componentes el\u00e9tricos<\/td><td>Siemens\/Schneider<\/td><\/tr><tr><td>Marca do codificador<\/td><td>Omron, Jap\u00e3o<\/td><\/tr><tr><td>Marca do inversor<\/td><td>N\u00c3O<\/td><\/tr><tr><td>Fonte de energia<\/td><td>3\/4 HP; 110 VCA\/50 Hz Monof\u00e1sico<\/td><\/tr><tr><td><strong>Mesa externa <\/strong><\/td><\/tr><tr><td>Aplicativo<\/td><td>Suporte para produtos<\/td><\/tr><tr><td>Estrutura<\/td><td>Soldagem com cantoneiras de a\u00e7o, instaladas em conjunto com barras redondas de a\u00e7o.<\/td><\/tr><tr><td>Dimens\u00f5es (C\u00d7L\u00d7A)<\/td><td>Aproximadamente 2000 mm \u00d7 500 mm \u00d7 400 mm<\/td><\/tr><tr><td>Quantidade<\/td><td>1 unidade<\/td><\/tr><tr><td>Poder<\/td><td>N\u00e3o<\/td><\/tr><\/tbody><\/table>\n\n\n\n<p><a href=\"https:\/\/believeindustry.company\/pt\/contate-nos\/\">Contate-nos<\/a> Agora, para mais informa\u00e7\u00f5es.<\/p>","protected":false},"excerpt":{"rendered":"<p>A Believe Industry Company oferece uma linha completa de m\u00e1quinas port\u00e1teis para calhas. Disponibilizamos m\u00e1quinas para calhas de 5&quot; e 6&quot; estilo K, calhas semicirculares de 6&quot; e m\u00e1quinas industriais para calhas de 7&quot;.<\/p>","protected":false},"author":2,"featured_media":2273,"parent":1078,"menu_order":0,"comment_status":"closed","ping_status":"closed","template":"","meta":{"_angie_page":false,"footnotes":"","big_sky_generated":false},"tags":[607849633,607847042,607847043,607847044],"class_list":["post-2264","page","type-page","status-publish","has-post-thumbnail","hentry","tag-downspout-lines","tag-gutter-machine","tag-gutter-machine-for-sale","tag-portable-gutter-machine-for-sale"],"blocksy_meta":[],"jetpack_sharing_enabled":true,"jetpack_shortlink":"https:\/\/wp.me\/P9K5n8-Aw","jetpack_likes_enabled":false,"jetpack-related-posts":[],"amp_enabled":true,"_links":{"self":[{"href":"https:\/\/believeindustry.company\/pt\/wp-json\/wp\/v2\/pages\/2264","targetHints":{"allow":["GET"]}}],"collection":[{"href":"https:\/\/believeindustry.company\/pt\/wp-json\/wp\/v2\/pages"}],"about":[{"href":"https:\/\/believeindustry.company\/pt\/wp-json\/wp\/v2\/types\/page"}],"author":[{"embeddable":true,"href":"https:\/\/believeindustry.company\/pt\/wp-json\/wp\/v2\/users\/2"}],"replies":[{"embeddable":true,"href":"https:\/\/believeindustry.company\/pt\/wp-json\/wp\/v2\/comments?post=2264"}],"version-history":[{"count":1,"href":"https:\/\/believeindustry.company\/pt\/wp-json\/wp\/v2\/pages\/2264\/revisions"}],"predecessor-version":[{"id":19748,"href":"https:\/\/believeindustry.company\/pt\/wp-json\/wp\/v2\/pages\/2264\/revisions\/19748"}],"up":[{"embeddable":true,"href":"https:\/\/believeindustry.company\/pt\/wp-json\/wp\/v2\/pages\/1078"}],"wp:featuredmedia":[{"embeddable":true,"href":"https:\/\/believeindustry.company\/pt\/wp-json\/wp\/v2\/media\/2273"}],"wp:attachment":[{"href":"https:\/\/believeindustry.company\/pt\/wp-json\/wp\/v2\/media?parent=2264"}],"wp:term":[{"taxonomy":"post_tag","embeddable":true,"href":"https:\/\/believeindustry.company\/pt\/wp-json\/wp\/v2\/tags?post=2264"}],"curies":[{"name":"wp","href":"https:\/\/api.w.org\/{rel}","templated":true}]}}