{"id":2440,"date":"2018-07-09T11:51:27","date_gmt":"2018-07-09T03:51:27","guid":{"rendered":"https:\/\/believeindustry.company\/?page_id=2440"},"modified":"2025-12-05T15:51:58","modified_gmt":"2025-12-05T07:51:58","slug":"linha-de-maquinas-de-estampagem-em-metal","status":"publish","type":"page","link":"https:\/\/believeindustry.company\/pt\/roll-forming-machine\/customized-profile-roll-forming-machine\/metal-embossing-machine-line\/","title":{"rendered":"LINHA DE M\u00c1QUINAS DE RELEVO EM METAL"},"content":{"rendered":"<p>Uma linha de m\u00e1quinas de estampagem em metal \u00e9 uma unidade de processo de conforma\u00e7\u00e3o de metal que estampa uma s\u00e9rie de sulcos retos ou paralelos em uma chapa ou tira de metal.<\/p>\n\n\n\n<h1 class=\"wp-block-heading\"><span style=\"font-size: 18pt;\">Linha de m\u00e1quinas de estampagem em metal<\/span><\/h1>\n\n\n\n<p><strong>Uma bobina de metal em relevo<\/strong>&nbsp;A estampagem em linha \u00e9 um processo de fabrica\u00e7\u00e3o de chapas met\u00e1licas com diversos padr\u00f5es desenhados, onde a chapa ou tira de metal passa entre rolos com os padr\u00f5es desejados. A espessura da chapa varia de 0,2 mm a 5,0 mm.<\/p>\n\n\n\n<p>Para m\u00e1quinas de estampagem em metal, podemos projetar uma m\u00e1quina individual, parte de uma linha de perfilagem ou uma linha completa composta por desenrolador, m\u00e1quina de estampagem e enrolador.<\/p>\n\n\n\n<p>Embora alguns padr\u00f5es em relevo sejam meramente decorativos, uma das principais vantagens \u00e9 que o relevo aumenta a rela\u00e7\u00e3o resist\u00eancia\/peso da chapa met\u00e1lica conformada.<\/p>\n\n\n\n<p>Os usu\u00e1rios podem comprar chapas met\u00e1licas de baixa espessura e, em seguida, repux\u00e1-las para obter a resist\u00eancia adequada. O repuxo pode ser feito por estampagem ou lamina\u00e7\u00e3o. O m\u00e9todo de lamina\u00e7\u00e3o \u00e9 mais r\u00e1pido, pois utiliza pares de ferramentas rotativas acopladas para realizar o repuxo, concluindo a tarefa em uma velocidade muito maior.<\/p>\n\n\n\n<h2 class=\"wp-block-heading\"><span style=\"font-size: 14pt;\">Especifica\u00e7\u00f5es t\u00e9cnicas da linha de m\u00e1quinas de estampagem em metal<\/span><\/h2>\n\n\n\n<h3 class=\"wp-block-heading\">&nbsp;<span style=\"font-size: 12pt;\">Desbobinador hidr\u00e1ulico de 5 toneladas<\/span><\/h3>\n\n\n\n<figure class=\"wp-block-image alignright\"><img fetchpriority=\"high\" decoding=\"async\" width=\"300\" height=\"225\" data-attachment-id=\"2241\" data-permalink=\"https:\/\/believeindustry.company\/pt\/roll-forming-machine\/metal-sheet-roll-forming-machine\/corrugated-sheet-roll-forming-machine\/uncoiler-5\/\" data-orig-file=\"https:\/\/believeindustry.company\/wp-content\/uploads\/2018\/06\/Uncoiler-1.jpg\" data-orig-size=\"750,562\" data-comments-opened=\"1\" data-image-meta=\"{&quot;aperture&quot;:&quot;0&quot;,&quot;credit&quot;:&quot;&quot;,&quot;camera&quot;:&quot;&quot;,&quot;caption&quot;:&quot;&quot;,&quot;created_timestamp&quot;:&quot;0&quot;,&quot;copyright&quot;:&quot;&quot;,&quot;focal_length&quot;:&quot;0&quot;,&quot;iso&quot;:&quot;0&quot;,&quot;shutter_speed&quot;:&quot;0&quot;,&quot;title&quot;:&quot;&quot;,&quot;orientation&quot;:&quot;0&quot;}\" data-image-title=\"Uncoiler\" data-image-description=\"\" data-image-caption=\"\" data-large-file=\"https:\/\/believeindustry.company\/wp-content\/uploads\/2018\/06\/Uncoiler-1.jpg\" src=\"https:\/\/believeindustry.company\/wp-content\/uploads\/2018\/06\/Uncoiler-1-300x225.jpg\" alt=\"Desbobinador\" class=\"wp-image-2241\" srcset=\"https:\/\/believeindustry.company\/wp-content\/uploads\/2018\/06\/Uncoiler-1-300x225.jpg 300w, https:\/\/believeindustry.company\/wp-content\/uploads\/2018\/06\/Uncoiler-1-600x450.jpg 600w, https:\/\/believeindustry.company\/wp-content\/uploads\/2018\/06\/Uncoiler-1.jpg 750w\" sizes=\"(max-width: 300px) 100vw, 300px\" \/><figcaption><\/figcaption><\/figure>\n\n\n\n<p><\/p>\n\n\n\n<ol class=\"wp-block-list\">\n<li>Desenrolamento el\u00e9trico, afrouxamento e tensionamento hidr\u00e1ulicos<\/li>\n\n\n\n<li>Capacidade m\u00e1xima de 6 toneladas<\/li>\n\n\n\n<li>DI: 508 mm DE: 1350 mm<\/li>\n\n\n\n<li>Largura m\u00e1xima: 350 mm<\/li>\n\n\n\n<li>Pot\u00eancia do motor hidr\u00e1ulico: 3 kW<\/li>\n\n\n\n<li>Pot\u00eancia do motor el\u00e9trico: 5,5 kW<\/li>\n\n\n\n<li>Estrutura: Chapa de a\u00e7o e viga soldadas<\/li>\n\n\n\n<li>sustenta\u00e7\u00e3o e desenrolamento das tiras de a\u00e7o.<\/li>\n<\/ol>\n\n\n\n<h3 class=\"wp-block-heading\"><span style=\"font-size: 12pt;\">M\u00e1quina de Relevo<\/span><\/h3>\n\n\n\n<ol class=\"wp-block-list\">\n<li>Di\u00e2metro externo dos rolos de grava\u00e7\u00e3o em relevo: 450~500mm,<\/li>\n\n\n\n<li>Largura dos rolos de relevo: 1000~2000mm.<\/li>\n\n\n\n<li>Adequado para prensagem de chapas de 2 a 6 mm.<\/li>\n\n\n\n<li>Estrutura soldada em chapa de a\u00e7o, polida, temperada e usinada, com parede maci\u00e7a em a\u00e7o Q235 de 90 mm de espessura.<\/li>\n\n\n\n<li>A confec\u00e7\u00e3o do molde: conforme os desenhos ou amostras desejados.<\/li>\n\n\n\n<li>Ajuste a espessura da folha manualmente.<\/li>\n\n\n\n<li>Velocidade de trabalho: 1~20m\/min, a velocidade \u00e9 alterada por um conversor de frequ\u00eancia.<\/li>\n\n\n\n<li>Pot\u00eancia do motor: 11 kW<\/li>\n\n\n\n<li>Tens\u00e3o 380V\/50Hz\/3PH (Sujeito \u00e0 disponibilidade junto ao cliente)<\/li>\n<\/ol>\n\n\n\n<figure class=\"wp-block-image aligncenter\"><img decoding=\"async\" width=\"840\" height=\"542\" data-attachment-id=\"2441\" data-permalink=\"https:\/\/believeindustry.company\/pt\/roll-forming-machine\/customized-profile-roll-forming-machine\/metal-embossing-machine-line\/embossing-machine\/\" data-orig-file=\"https:\/\/believeindustry.company\/wp-content\/uploads\/2018\/07\/embossing-machine.jpg\" data-orig-size=\"840,542\" data-comments-opened=\"1\" data-image-meta=\"{&quot;aperture&quot;:&quot;0&quot;,&quot;credit&quot;:&quot;&quot;,&quot;camera&quot;:&quot;&quot;,&quot;caption&quot;:&quot;&quot;,&quot;created_timestamp&quot;:&quot;0&quot;,&quot;copyright&quot;:&quot;&quot;,&quot;focal_length&quot;:&quot;0&quot;,&quot;iso&quot;:&quot;0&quot;,&quot;shutter_speed&quot;:&quot;0&quot;,&quot;title&quot;:&quot;&quot;,&quot;orientation&quot;:&quot;0&quot;}\" data-image-title=\"embossing machine\" data-image-description=\"\" data-image-caption=\"\" data-large-file=\"https:\/\/believeindustry.company\/wp-content\/uploads\/2018\/07\/embossing-machine.jpg\" src=\"https:\/\/believeindustry.company\/wp-content\/uploads\/2018\/07\/embossing-machine.jpg\" alt=\"m\u00e1quina de grava\u00e7\u00e3o em relevo\" class=\"wp-image-2441\" srcset=\"https:\/\/believeindustry.company\/wp-content\/uploads\/2018\/07\/embossing-machine.jpg 840w, https:\/\/believeindustry.company\/wp-content\/uploads\/2018\/07\/embossing-machine-600x387.jpg 600w, https:\/\/believeindustry.company\/wp-content\/uploads\/2018\/07\/embossing-machine-300x194.jpg 300w\" sizes=\"(max-width: 840px) 100vw, 840px\" \/><figcaption><\/figcaption><\/figure>\n\n\n\n<h3 class=\"wp-block-heading\"><span style=\"font-size: 12pt;\">Recuador<\/span><\/h3>\n\n\n\n<ol class=\"wp-block-list\">\n<li>Largura m\u00e1xima: 2000 mm<\/li>\n\n\n\n<li>Capacidade m\u00e1xima de carga: 6 toneladas<\/li>\n\n\n\n<li>Pot\u00eancia de recuo: 11 kW<\/li>\n<\/ol>\n\n\n\n<p><a href=\"http:\/\/www.belirollform.com\" target=\"_blank\" rel=\"noopener\">Acredite na Ind\u00fastria<\/a> possuem uma gama completa de <a href=\"https:\/\/believeindustry.company\/pt\/linha-de-maquinas-de-perfilagem-de-rolos\/\">m\u00e1quina de perfilagem de rolos<\/a> e equipamentos auxiliares. Entre em contato conosco agora para obter mais informa\u00e7\u00f5es.<\/p>\n\n\n\n<p>&nbsp;<\/p>\n\n\n\n<p>&nbsp;<\/p>","protected":false},"excerpt":{"rendered":"<p>A Metal Embossing Machine Line &nbsp;is a metal forming process unit that emboss a series of straight or parallel ridges onto a metal sheet or strip. Metal Embossing Machine Line A Metal coil embossing&nbsp;line is&nbsp;a stamping process to produce various designed patterns in metal sheet by passing the sheet in roll or a strip of [&hellip;]<\/p>\n","protected":false},"author":2,"featured_media":2442,"parent":1257,"menu_order":10,"comment_status":"closed","ping_status":"closed","template":"","meta":{"_angie_page":false,"jetpack_post_was_ever_published":false,"footnotes":"","big_sky_generated":false},"tags":[607849634,607847231,607846685],"class_list":["post-2440","page","type-page","status-publish","has-post-thumbnail","hentry","tag-custom-designs","tag-metal-embossing-machine-line","tag-roll-forming-machine-components"],"blocksy_meta":[],"jetpack_sharing_enabled":true,"jetpack_shortlink":"https:\/\/wp.me\/P9K5n8-Dm","jetpack_likes_enabled":false,"jetpack-related-posts":[{"id":1014,"url":"https:\/\/believeindustry.company\/pt\/roll-forming-machine\/steel-door-roll-forming-machine\/garage-door-roll-forming-machine\/","url_meta":{"origin":2440,"position":0},"title":"M\u00e1quina de perfilagem de rolos para portas de garagem","author":"Believe Industry Group","date":"Abril 10, 2018","format":false,"excerpt":"Garage Door Roll Forming Machine is for produce Garage Door Panel as per designs. And also the machine can emboss\u00a0and punch pattern of the surface of the door panel. What is Garage Door? A whole garage door system is include door panel, guide rack, controlled system, security system, etc A\u2026","rel":"","context":"In \"door lines\"","block_context":{"text":"door lines","link":"https:\/\/believeindustry.company\/pt\/tag\/door-lines\/"},"img":{"alt_text":"garage door roll forming machine","src":"https:\/\/i0.wp.com\/believeindustry.company\/wp-content\/uploads\/2018\/04\/garage-door-roll-forming-machine-e1523344274653.jpg?resize=350%2C200&ssl=1","width":350,"height":200,"srcset":"https:\/\/i0.wp.com\/believeindustry.company\/wp-content\/uploads\/2018\/04\/garage-door-roll-forming-machine-e1523344274653.jpg?resize=350%2C200&ssl=1 1x, https:\/\/i0.wp.com\/believeindustry.company\/wp-content\/uploads\/2018\/04\/garage-door-roll-forming-machine-e1523344274653.jpg?resize=525%2C300&ssl=1 1.5x, https:\/\/i0.wp.com\/believeindustry.company\/wp-content\/uploads\/2018\/04\/garage-door-roll-forming-machine-e1523344274653.jpg?resize=700%2C400&ssl=1 2x"},"classes":[]},{"id":8060,"url":"https:\/\/believeindustry.company\/pt\/roll-forming-machine\/customized-profile-roll-forming-machine\/b-deck-roll-forming-machine\/","url_meta":{"origin":2440,"position":1},"title":"M\u00e1quina de perfilagem de decks B","author":"Believe Industry Group","date":"Agosto 9, 2021","format":false,"excerpt":"B Deck Roll Forming Machine( also named as\u00a0B deck roll former) is for producing B Deck. Which is the most common structural metal decking in the industry in US market.. What's B Deck? B Deck is an ideal structural substrate on short to medium span conditions that range from three\u2026","rel":"","context":"In \"custom designs\"","block_context":{"text":"custom designs","link":"https:\/\/believeindustry.company\/pt\/tag\/custom-designs\/"},"img":{"alt_text":"B Deck Roll Forming Machine","src":"https:\/\/i0.wp.com\/believeindustry.company\/wp-content\/uploads\/2021\/08\/B-Deck-Roll-Forming-Machine.jpg?resize=350%2C200&ssl=1","width":350,"height":200,"srcset":"https:\/\/i0.wp.com\/believeindustry.company\/wp-content\/uploads\/2021\/08\/B-Deck-Roll-Forming-Machine.jpg?resize=350%2C200&ssl=1 1x, https:\/\/i0.wp.com\/believeindustry.company\/wp-content\/uploads\/2021\/08\/B-Deck-Roll-Forming-Machine.jpg?resize=525%2C300&ssl=1 1.5x, https:\/\/i0.wp.com\/believeindustry.company\/wp-content\/uploads\/2021\/08\/B-Deck-Roll-Forming-Machine.jpg?resize=700%2C400&ssl=1 2x, https:\/\/i0.wp.com\/believeindustry.company\/wp-content\/uploads\/2021\/08\/B-Deck-Roll-Forming-Machine.jpg?resize=1050%2C600&ssl=1 3x"},"classes":[]},{"id":1281,"url":"https:\/\/believeindustry.company\/pt\/video\/metal-sheet-roll-forming-machine-video\/","url_meta":{"origin":2440,"position":2},"title":"V\u00eddeo da m\u00e1quina de perfilagem de chapas met\u00e1licas","author":"Believe Industry Group","date":"Abril 16, 2018","format":false,"excerpt":"From the Metal Sheet Roll Forming Machine Video, you will be easy to know how the machines work, and also the different designs of metal roofing sheet machine. Contact us for more details about Believe Industry Company\u00a0 machines.","rel":"","context":"In \"Metal Sheet Roll Forming Machine\"","block_context":{"text":"Metal Sheet Roll Forming Machine","link":"https:\/\/believeindustry.company\/pt\/tag\/metal-sheet-roll-forming-machine\/"},"img":{"alt_text":"metal sheet roll forming machine video","src":"https:\/\/i0.wp.com\/believeindustry.company\/wp-content\/uploads\/2018\/05\/metal-roofing-sheets.jpg?resize=350%2C200&ssl=1","width":350,"height":200,"srcset":"https:\/\/i0.wp.com\/believeindustry.company\/wp-content\/uploads\/2018\/05\/metal-roofing-sheets.jpg?resize=350%2C200&ssl=1 1x, https:\/\/i0.wp.com\/believeindustry.company\/wp-content\/uploads\/2018\/05\/metal-roofing-sheets.jpg?resize=525%2C300&ssl=1 1.5x, https:\/\/i0.wp.com\/believeindustry.company\/wp-content\/uploads\/2018\/05\/metal-roofing-sheets.jpg?resize=700%2C400&ssl=1 2x, https:\/\/i0.wp.com\/believeindustry.company\/wp-content\/uploads\/2018\/05\/metal-roofing-sheets.jpg?resize=1050%2C600&ssl=1 3x"},"classes":[]},{"id":724,"url":"https:\/\/believeindustry.company\/pt\/roll-forming-machine\/metal-sheet-roll-forming-machine\/","url_meta":{"origin":2440,"position":3},"title":"M\u00e1quina de conforma\u00e7\u00e3o de rolos de chapas met\u00e1licas","author":"Believe Industry Group","date":"Mar\u00e7o 28, 2018","format":false,"excerpt":"Metal Sheet Roll Forming Machines, also named Steel Sheet Roll Forming Machines are widely used in Steel Structure Systems Manufacturers or Builders.Believe Industry Company have full range of Metal Sheet Roll Forming Machine to produce Roof Panels, Wall Cladding Sheets, Step Tiles with different types. Such as: Standing seamming Panel.\u2026","rel":"","context":"In \"believe industry machine\"","block_context":{"text":"believe industry machine","link":"https:\/\/believeindustry.company\/pt\/tag\/believe-industry-machine\/"},"img":{"alt_text":"sheet roll forming machine","src":"https:\/\/i0.wp.com\/believeindustry.company\/wp-content\/uploads\/2018\/03\/metal-sheet-roll-forming-machine.jpg?resize=350%2C200&ssl=1","width":350,"height":200,"srcset":"https:\/\/i0.wp.com\/believeindustry.company\/wp-content\/uploads\/2018\/03\/metal-sheet-roll-forming-machine.jpg?resize=350%2C200&ssl=1 1x, https:\/\/i0.wp.com\/believeindustry.company\/wp-content\/uploads\/2018\/03\/metal-sheet-roll-forming-machine.jpg?resize=525%2C300&ssl=1 1.5x, https:\/\/i0.wp.com\/believeindustry.company\/wp-content\/uploads\/2018\/03\/metal-sheet-roll-forming-machine.jpg?resize=700%2C400&ssl=1 2x"},"classes":[]},{"id":777,"url":"https:\/\/believeindustry.company\/pt\/roll-forming-machine\/metal-sheet-roll-forming-machine\/metal-roof-tile-roll-forming-machine\/","url_meta":{"origin":2440,"position":4},"title":"M\u00e1quina de perfilagem de telhas met\u00e1licas","author":"Believe Industry Group","date":"Mar\u00e7o 29, 2018","format":false,"excerpt":"Metal Roof Tile Roll Forming Machine\u00a0is for producing the metal tiles which is similar to traditional tiles. While the quality and life is better. Introduction of Metal Roof Tile Roll Forming Machine Roof Tiles\u00a0are to keep out rain. And traditional made from locally available materials such as slate and terracotta.\u2026","rel":"","context":"In \"Construction and Steel Structure\"","block_context":{"text":"Construction and Steel Structure","link":"https:\/\/believeindustry.company\/pt\/tag\/construction-and-steel-structure\/"},"img":{"alt_text":"roof tile roll forming machine","src":"https:\/\/i0.wp.com\/believeindustry.company\/wp-content\/uploads\/2018\/04\/roof-tile-roll-forming-machine-e1522726193554.jpg?resize=350%2C200&ssl=1","width":350,"height":200,"srcset":"https:\/\/i0.wp.com\/believeindustry.company\/wp-content\/uploads\/2018\/04\/roof-tile-roll-forming-machine-e1522726193554.jpg?resize=350%2C200&ssl=1 1x, https:\/\/i0.wp.com\/believeindustry.company\/wp-content\/uploads\/2018\/04\/roof-tile-roll-forming-machine-e1522726193554.jpg?resize=525%2C300&ssl=1 1.5x, https:\/\/i0.wp.com\/believeindustry.company\/wp-content\/uploads\/2018\/04\/roof-tile-roll-forming-machine-e1522726193554.jpg?resize=700%2C400&ssl=1 2x, https:\/\/i0.wp.com\/believeindustry.company\/wp-content\/uploads\/2018\/04\/roof-tile-roll-forming-machine-e1522726193554.jpg?resize=1050%2C600&ssl=1 3x"},"classes":[]},{"id":1608,"url":"https:\/\/believeindustry.company\/pt\/brochure-of-metal-sheets-roll-forming-machine\/","url_meta":{"origin":2440,"position":5},"title":"Cat\u00e1logo de M\u00e1quina de Conforma\u00e7\u00e3o de Chapas Met\u00e1licas","author":"Believe Industry Group","date":"Maio 5, 2018","format":false,"excerpt":"Believe Industry Company have the full range of roll forming machines for metal roofing sheets, such as: IBR sheet roll forming machine Corrugated sheets roll forming machine Bemo sheet roll forming machine Metal roof tile roll forming machine [3d-flip-book mode=\"fullscreen\" urlparam=\"fb3d-page\" id=\"1588\" title=\"true\" template=\"short-white-book-view\"]","rel":"","context":"In \"Roll Forming Machine\"","block_context":{"text":"Roll Forming Machine","link":"https:\/\/believeindustry.company\/pt\/tag\/roll-forming-machine\/"},"img":{"alt_text":"roofing sheets","src":"https:\/\/i0.wp.com\/believeindustry.company\/wp-content\/uploads\/2018\/05\/roofing-sheets.jpg?resize=350%2C200&ssl=1","width":350,"height":200,"srcset":"https:\/\/i0.wp.com\/believeindustry.company\/wp-content\/uploads\/2018\/05\/roofing-sheets.jpg?resize=350%2C200&ssl=1 1x, https:\/\/i0.wp.com\/believeindustry.company\/wp-content\/uploads\/2018\/05\/roofing-sheets.jpg?resize=525%2C300&ssl=1 1.5x, https:\/\/i0.wp.com\/believeindustry.company\/wp-content\/uploads\/2018\/05\/roofing-sheets.jpg?resize=700%2C400&ssl=1 2x, https:\/\/i0.wp.com\/believeindustry.company\/wp-content\/uploads\/2018\/05\/roofing-sheets.jpg?resize=1050%2C600&ssl=1 3x"},"classes":[]}],"amp_enabled":true,"_links":{"self":[{"href":"https:\/\/believeindustry.company\/pt\/wp-json\/wp\/v2\/pages\/2440","targetHints":{"allow":["GET"]}}],"collection":[{"href":"https:\/\/believeindustry.company\/pt\/wp-json\/wp\/v2\/pages"}],"about":[{"href":"https:\/\/believeindustry.company\/pt\/wp-json\/wp\/v2\/types\/page"}],"author":[{"embeddable":true,"href":"https:\/\/believeindustry.company\/pt\/wp-json\/wp\/v2\/users\/2"}],"replies":[{"embeddable":true,"href":"https:\/\/believeindustry.company\/pt\/wp-json\/wp\/v2\/comments?post=2440"}],"version-history":[{"count":1,"href":"https:\/\/believeindustry.company\/pt\/wp-json\/wp\/v2\/pages\/2440\/revisions"}],"predecessor-version":[{"id":19761,"href":"https:\/\/believeindustry.company\/pt\/wp-json\/wp\/v2\/pages\/2440\/revisions\/19761"}],"up":[{"embeddable":true,"href":"https:\/\/believeindustry.company\/pt\/wp-json\/wp\/v2\/pages\/1257"}],"wp:featuredmedia":[{"embeddable":true,"href":"https:\/\/believeindustry.company\/pt\/wp-json\/wp\/v2\/media\/2442"}],"wp:attachment":[{"href":"https:\/\/believeindustry.company\/pt\/wp-json\/wp\/v2\/media?parent=2440"}],"wp:term":[{"taxonomy":"post_tag","embeddable":true,"href":"https:\/\/believeindustry.company\/pt\/wp-json\/wp\/v2\/tags?post=2440"}],"curies":[{"name":"wp","href":"https:\/\/api.w.org\/{rel}","templated":true}]}}