{"id":2477,"date":"2018-07-19T14:01:35","date_gmt":"2018-07-19T06:01:35","guid":{"rendered":"https:\/\/believeindustry.company\/?page_id=2477"},"modified":"2025-12-05T15:15:38","modified_gmt":"2025-12-05T07:15:38","slug":"linha-ctl-de-calibre-grosso","status":"publish","type":"page","link":"https:\/\/believeindustry.company\/pt\/coil-process-equipment\/cut-to-length-lines\/heavy-gauge-ctl-line\/","title":{"rendered":"Linha CTL de bitola grossa"},"content":{"rendered":"<p>A linha CTL para chapas de a\u00e7o de alta resist\u00eancia \u00e9 destinada ao corte de bobinas de a\u00e7o carbono com espessura de 3,2 mm a 15 mm, com peso de at\u00e9 25 toneladas.<!--more--><\/p>\n<h1><span style=\"font-size: 18pt;\">Linha CTL de bitola grossa<\/span><\/h1>\n<h2><span style=\"font-size: 14pt;\">Fluxo de trabalho e layout da linha de corte sob medida.<\/span><\/h2>\n<h2><img fetchpriority=\"high\" decoding=\"async\" data-attachment-id=\"2478\" data-permalink=\"https:\/\/believeindustry.company\/pt\/coil-process-equipment\/cut-to-length-lines\/heavy-gauge-ctl-line\/work-flow-of-cut-to-length-line\/\" data-orig-file=\"https:\/\/believeindustry.company\/wp-content\/uploads\/2018\/07\/work-flow-of-cut-to-length-line.jpg\" data-orig-size=\"1848,537\" data-comments-opened=\"1\" data-image-meta=\"{&quot;aperture&quot;:&quot;0&quot;,&quot;credit&quot;:&quot;&quot;,&quot;camera&quot;:&quot;&quot;,&quot;caption&quot;:&quot;&quot;,&quot;created_timestamp&quot;:&quot;0&quot;,&quot;copyright&quot;:&quot;&quot;,&quot;focal_length&quot;:&quot;0&quot;,&quot;iso&quot;:&quot;0&quot;,&quot;shutter_speed&quot;:&quot;0&quot;,&quot;title&quot;:&quot;&quot;,&quot;orientation&quot;:&quot;0&quot;}\" data-image-title=\"work flow of cut-to-length line\" data-image-description=\"\" data-image-caption=\"\" data-large-file=\"https:\/\/believeindustry.company\/wp-content\/uploads\/2018\/07\/work-flow-of-cut-to-length-line-1024x298.jpg\" class=\"size-full wp-image-2478 aligncenter\" src=\"https:\/\/believeindustry.company\/wp-content\/uploads\/2018\/07\/work-flow-of-cut-to-length-line.jpg\" alt=\"Fluxograma de trabalho da linha de corte em comprimento\" width=\"1848\" height=\"537\" srcset=\"https:\/\/believeindustry.company\/wp-content\/uploads\/2018\/07\/work-flow-of-cut-to-length-line.jpg 1848w, https:\/\/believeindustry.company\/wp-content\/uploads\/2018\/07\/work-flow-of-cut-to-length-line-600x174.jpg 600w, https:\/\/believeindustry.company\/wp-content\/uploads\/2018\/07\/work-flow-of-cut-to-length-line-300x87.jpg 300w, https:\/\/believeindustry.company\/wp-content\/uploads\/2018\/07\/work-flow-of-cut-to-length-line-1024x298.jpg 1024w\" sizes=\"(max-width: 1848px) 100vw, 1848px\" \/><\/h2>\n<h2><span style=\"font-size: 14pt;\">Par\u00e2metros da linha CTL de bitola grossa<\/span><\/h2>\n<table style=\"height: 1087px;\" width=\"733\">\n<tbody>\n<tr style=\"height: 72px;\">\n<td style=\"width: 341px; height: 72px;\" colspan=\"2\"><strong><b>ITEM<\/b><\/strong><\/td>\n<td style=\"width: 376px; height: 72px;\"><strong><b>PAR\u00c2METRO <\/b><\/strong><\/td>\n<\/tr>\n<tr style=\"height: 72px;\">\n<td style=\"width: 147px; height: 406px;\" rowspan=\"6\">Especifica\u00e7\u00f5es<\/td>\n<td style=\"width: 188px; height: 72px;\">Material<\/td>\n<td style=\"width: 376px; height: 72px;\">chapa de a\u00e7o carbono<\/td>\n<\/tr>\n<tr style=\"height: 72px;\">\n<td style=\"width: 188px; height: 72px;\">Grossura<\/td>\n<td style=\"width: 376px; height: 72px;\">3,2 mm a 15 mm<\/td>\n<\/tr>\n<tr style=\"height: 72px;\">\n<td style=\"width: 188px; height: 72px;\">Largura<\/td>\n<td style=\"width: 376px; height: 72px;\">600 mm a 1600 mm<\/td>\n<\/tr>\n<tr style=\"height: 72px;\">\n<td style=\"width: 188px; height: 72px;\">ID da placa da bobina.<\/td>\n<td style=\"width: 376px; height: 72px;\">\u03a6500mm\u2014\u03c6800mm<\/td>\n<\/tr>\n<tr style=\"height: 46px;\">\n<td style=\"width: 188px; height: 46px;\">di\u00e2metro externo da placa da bobina.<\/td>\n<td style=\"width: 376px; height: 46px;\">\u03c61000mm\u2014\u03c62100mm<\/td>\n<\/tr>\n<tr style=\"height: 72px;\">\n<td style=\"width: 188px; height: 72px;\">Peso m\u00e1ximo<\/td>\n<td style=\"width: 376px; height: 72px;\">25T<\/td>\n<\/tr>\n<tr style=\"height: 72px;\">\n<td style=\"width: 147px; height: 312px;\" rowspan=\"2\">Especifica\u00e7\u00f5es do produto final<\/td>\n<td style=\"width: 188px; height: 72px;\">Comprimento de refer\u00eancia para corte<\/td>\n<td style=\"width: 376px; height: 72px;\">500 mm a 12000 mm<\/td>\n<\/tr>\n<tr style=\"height: 240px;\">\n<td style=\"width: 188px; height: 240px;\">Precis\u00e3o de corte:<\/p>\n<p>Toler\u00e2ncia de comprimento<\/p>\n<p>Toler\u00e2ncia diagonal<\/p>\n<p>Outros<\/td>\n<td style=\"width: 376px; height: 240px;\">\u00b11,0 mm\/2 m<\/p>\n<p>\u22641,5 mm\/2 m<\/p>\n<p>de acordo com a estipula\u00e7\u00e3o GB\/T709-88<\/td>\n<\/tr>\n<tr style=\"height: 72px;\">\n<td style=\"width: 341px; height: 72px;\" colspan=\"2\">Velocidade de nivelamento (com placa de 8m)<\/td>\n<td style=\"width: 376px; height: 72px;\">0-26 m\/min<\/td>\n<\/tr>\n<tr style=\"height: 72px;\">\n<td style=\"width: 341px; height: 72px;\" colspan=\"2\">Espessura m\u00e1xima<\/td>\n<td style=\"width: 376px; height: 72px;\">15 mm<\/td>\n<\/tr>\n<tr style=\"height: 38px;\">\n<td style=\"width: 341px; height: 38px;\" colspan=\"2\">Eleva\u00e7\u00e3o da linha<\/td>\n<td style=\"width: 376px; height: 38px;\">1000 mm<\/td>\n<\/tr>\n<\/tbody>\n<\/table>\n<h2><span style=\"font-size: 14pt;\">Componentes e especifica\u00e7\u00f5es principais da linha de corte sob medida<\/span><\/h2>\n<h3><span style=\"font-size: 12pt;\">Selim de mola em forma de V<\/span><\/h3>\n<p>Serve para descarregar as bobinas. E pode evitar que o carro da bobina seja danificado quando a placa da bobina \u00e9 suspensa diretamente sobre ele.<\/p>\n<h3><span style=\"font-size: 12pt;\">Carro de bobina hidr\u00e1ulica<\/span><\/h3>\n<p>Serve para carregar e elevar a bobina at\u00e9 o desbobinador para carregamento. O motor da roda de apoio serve para cooperar com o desbobinador ao guiar a cabe\u00e7a. A linha CTL de bitola pesada utiliza sempre vag\u00f5es de bobina com capacidade de 25 a 35 toneladas para aumentar a capacidade de produ\u00e7\u00e3o.<\/p>\n<h3><span style=\"font-size: 12pt;\">Desbobinador c\u00f4nico hidr\u00e1ulico<\/span><\/h3>\n<p>Dois conjuntos de desenroladores fixam a bobina centralmente enquanto s\u00e3o elevados por um carro de carregamento hidr\u00e1ulico, no momento em que o n\u00facleo da bobina se alinha com o n\u00facleo do desenrolador. O cilindro de descarga de \u00f3leo centralizador pode funcionar individualmente ou em sincronia para o enrolamento. Quando h\u00e1 diverg\u00eancia entre o centro da bobina e o centro da linha de produ\u00e7\u00e3o, a m\u00e1quina pode carregar a bobina de forma sincronizada, centralizando-a \u00e0 esquerda ou \u00e0 direita. Durante o desenrolamento, o freio \u00e9 liberado e ajustado \u00e0 velocidade da roda de press\u00e3o e guia, conforme especificado, o que aumenta a pot\u00eancia de desenrolamento. Ao parar, o freio entra em a\u00e7\u00e3o.<\/p>\n<h3><span style=\"font-size: 12pt;\">Prensagem e guia hidr\u00e1ulicas, dispositivo hidr\u00e1ulico com cabe\u00e7a de p\u00e1, pin\u00e7a e pr\u00e9-nivelador<\/span><\/h3>\n<p>Ao ser carregada no desenrolador, a placa da bobina \u00e9 compactada por um bra\u00e7o de press\u00e3o e guia, que ent\u00e3o corta a fita de amarra\u00e7\u00e3o. Atrav\u00e9s da rota\u00e7\u00e3o da prensa el\u00e9trica e da roda guia, a cabe\u00e7a da placa e a p\u00e1 hidr\u00e1ulica se estendem. O cilindro hidr\u00e1ulico balanceado ajusta a altura da p\u00e1, que \u00e9 inserida na ranhura (sob a cabe\u00e7a da placa). A cabe\u00e7a da placa \u00e9 conectada e aberta. O abridor hidr\u00e1ulico da bobina a pressiona para cima e para baixo diversas vezes para que entre suavemente no dispositivo de pin\u00e7amento hidr\u00e1ulico.<\/p>\n<h4><span style=\"font-size: 10pt;\">Dispositivo hidr\u00e1ulico de prensagem e guia<\/span><\/h4>\n<p>Este sistema \u00e9 composto por um bra\u00e7o hidr\u00e1ulico de prensagem e guia, roda de prensagem e guia (coberta por borracha), roda dentada, corrente, abridor de bobina hidr\u00e1ulico, motor hidr\u00e1ulico a \u00f3leo, etc.<\/p>\n<h4><span style=\"font-size: 10pt;\">Dispositivo de cabe\u00e7a de p\u00e1 hidr\u00e1ulica<\/span><\/h4>\n<p>Este sistema \u00e9 composto por um dispositivo hidr\u00e1ulico de contra\u00e7\u00e3o da placa da p\u00e1, um dispositivo hidr\u00e1ulico de balanceamento, uma cobertura de prote\u00e7\u00e3o da p\u00e1, etc.<\/p>\n<h4><span style=\"font-size: 10pt;\">Dispositivo de pin\u00e7amento hidr\u00e1ulico e pr\u00e9-nivelador<\/span><\/h4>\n<p>\u00c9 composto por um deslizador, 2 roletes de press\u00e3o, dispositivo de press\u00e3o hidr\u00e1ulico, 2 roletes de pr\u00e9-nivelamento, pr\u00e9-nivelador hidr\u00e1ulico, etc.<\/p>\n<h3><span style=\"font-size: 12pt;\">Mesa de Trabalho Transit\u00f3ria<\/span><\/h3>\n<p>Serve para transportar pratos. Aproveita o atrito entre a divis\u00f3ria deslizante e a mesa de trabalho para proteger os pratos.<\/p>\n<h3><span style=\"font-size: 12pt;\">Dispositivo de guia hidr\u00e1ulica<\/span><\/h3>\n<p>Sua fun\u00e7\u00e3o \u00e9 centralizar a placa prensada e pr\u00e9-achatada no eixo da m\u00e1quina, a fim de evitar que as placas se desloquem.<\/p>\n<h3><span style=\"font-size: 12pt;\">M\u00e1quina de nivelamento<\/span><\/h3>\n<p>Adotou-se um sistema de distribui\u00e7\u00e3o de pot\u00eancia, onde cada rolo nivelador \u00e9 conectado por um acoplamento cruzado universal. Os rolos niveladores superior e inferior s\u00e3o ativos simultaneamente, e a velocidade linear \u00e9 constante. Assim, o atrito entre a superf\u00edcie do rolo e a placa diminui, o que contribui para a efici\u00eancia do nivelamento.<\/p>\n<p>Existem dois conjuntos de rolamentos de rolos em ambos os lados do eixo nivelador, e um conjunto de rolamentos de press\u00e3o planos usados para diminuir o atrito e evitar a libera\u00e7\u00e3o axial, o que pode aumentar a efici\u00eancia.<\/p>\n<p>A m\u00e1quina possui tr\u00eas conjuntos de rodas de apoio que podem ser ajustados para cima e para baixo, para a frente e para tr\u00e1s. Elas servem para suportar o rolo principal, aumentando sua dureza e melhorando a efici\u00eancia do nivelamento. Os rolamentos das rodas de apoio s\u00e3o selados, o que impede a entrada de esc\u00f3ria de \u00f3xido nos rolamentos.<\/p>\n<p>A m\u00e1quina adota engrenagem helicoidal e haste helicoidal, com grande tor\u00e7\u00e3o para ajuste bipolar de desacelera\u00e7\u00e3o e compress\u00e3o, e alta pot\u00eancia de compress\u00e3o. Pode ser ajustada individualmente e de forma s\u00edncrona para elevar e abaixar, al\u00e9m de possuir microajuste manual.<\/p>\n<p>O rolo nivelador possui t\u00eampera por indu\u00e7\u00e3o de m\u00e9dia frequ\u00eancia, proporcionando um nivelamento mais profundo, o que pode evitar a queima do rolamento em caso de falta de \u00f3leo e prolongar a vida \u00fatil da m\u00e1quina.<\/p>\n<p>A m\u00e1quina niveladora principal adota um sistema centralizado de lubrifica\u00e7\u00e3o a \u00f3leo, o que facilita sua opera\u00e7\u00e3o. Os principais componentes vibram por meio de um vibrador de \u00faltima gera\u00e7\u00e3o, fabricado no pa\u00eds, que elimina tens\u00f5es e reduz a flex\u00e3o. O motor \u00e9 de corrente cont\u00ednua com velocidade ajust\u00e1vel e acompanha uma placa central Eurotherm, que reduz o tempo de eleva\u00e7\u00e3o e frenagem (dois ter\u00e7os a menos do que os modelos convencionais), proporcionando maior efici\u00eancia no nivelamento.<\/p>\n<h3><span style=\"font-size: 12pt;\">Dispositivo de c\u00f3digo e medidor (pin\u00e7amento da placa traseira)<\/span><\/h3>\n<p>Adota um codificador de alta precis\u00e3o e alta sensibilidade para aumentar a precis\u00e3o do comprimento de medi\u00e7\u00e3o. O sistema de pin\u00e7amento da placa traseira retira a placa da borda de corte transversal por meio de pin\u00e7amento el\u00e9trico, facilitando a coleta.<\/p>\n<h3><span style=\"font-size: 12pt;\">M\u00e1quina de corte<\/span><\/h3>\n<p>Para aumentar a efici\u00eancia do trabalho e a qualidade do corte transversal, esta m\u00e1quina foi aprimorada profissionalmente para atender \u00e0s demandas desta linha de produ\u00e7\u00e3o, e foram adicionadas prote\u00e7\u00f5es \u00e0s l\u00e2minas, prolongando assim a vida \u00fatil da m\u00e1quina.<\/p>\n<h3><span style=\"font-size: 12pt;\">Dispositivo de pin\u00e7amento pendular<\/span><\/h3>\n<p>O dispositivo de pin\u00e7amento pneum\u00e1tico Pendulum serve para transportar as chapas aplainadas e calibradas para o vag\u00e3o de descarga, conforme o volume de chapas aumenta. A mesa de trabalho Pendulum \u00e9 instalada na linha de produ\u00e7\u00e3o e pode se mover para cima e para baixo com a estrutura superior da l\u00e2mina, a fim de proteger a aresta de corte e a planicidade das chapas aplainadas. A mesa de trabalho possui um sistema de deslizamento motorizado e um dispositivo de pin\u00e7amento pneum\u00e1tico de alta velocidade instalado na extremidade, para comprimir as chapas e direcion\u00e1-las para o vag\u00e3o de descarga.<\/p>\n<h3><span style=\"font-size: 12pt;\">Descarregando o carro<\/span><\/h3>\n<p>Quando as chapas cortadas caem no vag\u00e3o de descarga, o dispositivo de empilhamento as empilha at\u00e9 que o peso atinja um determinado valor (\u226410t), sendo ent\u00e3o enfardadas manualmente ap\u00f3s o levantamento com macaco hidr\u00e1ulico.<\/p>\n<h3><span style=\"font-size: 12pt;\">Sistema hidr\u00e1ulico da linha CTL de bitola grossa<\/span><\/h3>\n<p>O sistema hidr\u00e1ulico \u00e9 a parte mais importante desta linha, sendo uma das principais fontes de energia.<\/p>\n<ol>\n<li>\u00c9 composto por esta\u00e7\u00e3o hidr\u00e1ulica, placa de v\u00e1lvulas, diversas v\u00e1lvulas, cilindro hidr\u00e1ulico, conex\u00f5es, tubos r\u00edgidos e flex\u00edveis, etc.<\/li>\n<li>Par\u00e2metro<\/li>\n<\/ol>\n<table>\n<tbody>\n<tr>\n<td style=\"width: 277px;\"><strong><b>ITEM<\/b><\/strong><\/td>\n<td style=\"width: 278px;\"><strong><b>PAR\u00c2METRO<\/b><\/strong><\/td>\n<\/tr>\n<tr>\n<td style=\"width: 277px;\">Poder<\/td>\n<td style=\"width: 278px;\">11 kW<\/td>\n<\/tr>\n<tr>\n<td style=\"width: 277px;\">Press\u00e3o de trabalho nominal<\/td>\n<td style=\"width: 278px;\">16Mpa<\/td>\n<\/tr>\n<tr>\n<td style=\"width: 277px;\">Taxa de fluxo<\/td>\n<td style=\"width: 278px;\">40 L\/min<\/td>\n<\/tr>\n<tr>\n<td style=\"width: 277px;\">Press\u00e3o de trabalho comum, \u2264<\/td>\n<td style=\"width: 278px;\">10Mpa\u201412Mpa<\/td>\n<\/tr>\n<tr>\n<td style=\"width: 277px;\">Temperatura do \u00f3leo<\/td>\n<td style=\"width: 278px;\">-5\u2103\u2014+70\u2103<\/td>\n<\/tr>\n<\/tbody>\n<\/table>\n<h3><span style=\"font-size: 12pt;\">Sistema pneum\u00e1tico<\/span><\/h3>\n<p>A. O compressor de ar \u00e9 uma fonte de energia auxiliar, composto por v\u00e1lvula, tubula\u00e7\u00e3o de ar e conex\u00f5es, etc.<\/p>\n<p>B.Par\u00e2metro<\/p>\n<table>\n<tbody>\n<tr>\n<td width=\"270\"><strong><b>ITEM<\/b><\/strong><\/td>\n<td width=\"273\"><strong><b>PAR\u00c2METRO<\/b><\/strong><\/td>\n<\/tr>\n<tr>\n<td width=\"270\">Press\u00e3o do compressor de ar<\/td>\n<td width=\"273\">0,9Mpa\/m<\/td>\n<\/tr>\n<tr>\n<td width=\"270\">Press\u00e3o comum<\/td>\n<td width=\"273\">\u22640,8Mpa\/m<\/td>\n<\/tr>\n<tr>\n<td width=\"270\">Dosagem<\/td>\n<td width=\"273\">1,5 m<sup>3<\/sup>\/min<\/td>\n<\/tr>\n<\/tbody>\n<\/table>\n<h3><span style=\"font-size: 12pt;\">Sistema el\u00e9trico para linha CTL de bitola grossa<\/span><\/h3>\n<ol>\n<li>O sistema el\u00e9trico de nivelamento e alinhamento \u00e9 composto por 1 painel CC, 1 painel de opera\u00e7\u00e3o principal e 2 pain\u00e9is de opera\u00e7\u00e3o auxiliares. O CLP (Controlador L\u00f3gico Program\u00e1vel) \u00e9 respons\u00e1vel pela opera\u00e7\u00e3o e comunica\u00e7\u00e3o dos quatro pain\u00e9is. A tela sens\u00edvel ao toque realiza a intera\u00e7\u00e3o homem-m\u00e1quina (defini\u00e7\u00e3o do n\u00famero e comprimento de corte). O controle de movimento pode ser dividido em opera\u00e7\u00e3o acionada por fio ou por operador, controlando os movimentos de cada m\u00e1quina individualmente.<\/li>\n<li>O sistema de controle DC da m\u00e1quina de nivelamento adota o sistema digital Eurotherm, com suas caracter\u00edsticas de opera\u00e7\u00e3o em intervalos de um quarto de segundo, resposta de alta velocidade e boa atividade, acompanhado de um codificador de alta precis\u00e3o e alto impulso (Jap\u00e3o) para controlar efetivamente a precis\u00e3o da medi\u00e7\u00e3o e a velocidade de opera\u00e7\u00e3o das placas.<br \/>\nDe acordo com o material e a espessura, a m\u00e1quina de nivelamento pode ser controlada por um potenci\u00f4metro para permitir o ajuste cont\u00ednuo da velocidade.<\/li>\n<li>Esses tr\u00eas pain\u00e9is de opera\u00e7\u00e3o possuem um bot\u00e3o de emerg\u00eancia. Ao pressionar qualquer um deles, toda a linha ser\u00e1 interrompida, garantindo a seguran\u00e7a tanto do operador quanto do equipamento.<\/li>\n<\/ol>\n<p><a href=\"http:\/\/www.belirollform.com\" target=\"_blank\" rel=\"noopener\">Acredite na Empresa do Setor<\/a> Dispomos de uma gama completa de linhas CTL para diferentes requisitos. Tamb\u00e9m temos <a href=\"https:\/\/believeindustry.company\/pt\/equipamentos-de-processamento-de-bobinas\/linhas-de-corte-no-comprimento-desejado\/linha-de-corte-de-calibre-leve-no-comprimento-desejado\/\">linha de corte de calibre leve no comprimento desejado<\/a>, Linha de corte no comprimento desejado, de calibre m\u00e9dio. E produtos relacionados. <a href=\"https:\/\/believeindustry.company\/pt\/equipamentos-de-processamento-de-bobinas\/linha-de-corte\/\">Linhas de corte<\/a>. <a href=\"https:\/\/believeindustry.company\/pt\/contate-nos\/\">Contate-nos<\/a> Para obter mais informa\u00e7\u00f5es.<\/p>","protected":false},"excerpt":{"rendered":"<p>A linha CTL para chapas de a\u00e7o de alta resist\u00eancia \u00e9 destinada ao corte de bobinas de a\u00e7o carbono com espessura de 3,2 mm a 15 mm, com peso de at\u00e9 25 toneladas.<\/p>","protected":false},"author":2,"featured_media":2480,"parent":407,"menu_order":3,"comment_status":"closed","ping_status":"closed","template":"","meta":{"_angie_page":false,"footnotes":"","big_sky_generated":false},"tags":[607847308,607847306,607844988,607847307],"class_list":["post-2477","page","type-page","status-publish","has-post-thumbnail","hentry","tag-cr-ctl-line","tag-ctl-line","tag-cut-to-length-line","tag-hr-ctl-line"],"blocksy_meta":[],"jetpack_sharing_enabled":true,"jetpack_shortlink":"https:\/\/wp.me\/P9K5n8-DX","jetpack_likes_enabled":false,"jetpack-related-posts":[],"amp_enabled":true,"_links":{"self":[{"href":"https:\/\/believeindustry.company\/pt\/wp-json\/wp\/v2\/pages\/2477","targetHints":{"allow":["GET"]}}],"collection":[{"href":"https:\/\/believeindustry.company\/pt\/wp-json\/wp\/v2\/pages"}],"about":[{"href":"https:\/\/believeindustry.company\/pt\/wp-json\/wp\/v2\/types\/page"}],"author":[{"embeddable":true,"href":"https:\/\/believeindustry.company\/pt\/wp-json\/wp\/v2\/users\/2"}],"replies":[{"embeddable":true,"href":"https:\/\/believeindustry.company\/pt\/wp-json\/wp\/v2\/comments?post=2477"}],"version-history":[{"count":1,"href":"https:\/\/believeindustry.company\/pt\/wp-json\/wp\/v2\/pages\/2477\/revisions"}],"predecessor-version":[{"id":19703,"href":"https:\/\/believeindustry.company\/pt\/wp-json\/wp\/v2\/pages\/2477\/revisions\/19703"}],"up":[{"embeddable":true,"href":"https:\/\/believeindustry.company\/pt\/wp-json\/wp\/v2\/pages\/407"}],"wp:featuredmedia":[{"embeddable":true,"href":"https:\/\/believeindustry.company\/pt\/wp-json\/wp\/v2\/media\/2480"}],"wp:attachment":[{"href":"https:\/\/believeindustry.company\/pt\/wp-json\/wp\/v2\/media?parent=2477"}],"wp:term":[{"taxonomy":"post_tag","embeddable":true,"href":"https:\/\/believeindustry.company\/pt\/wp-json\/wp\/v2\/tags?post=2477"}],"curies":[{"name":"wp","href":"https:\/\/api.w.org\/{rel}","templated":true}]}}