{"id":2954,"date":"2018-09-27T14:18:24","date_gmt":"2018-09-27T06:18:24","guid":{"rendered":"https:\/\/believeindustry.company\/?page_id=2954"},"modified":"2025-12-05T15:43:27","modified_gmt":"2025-12-05T07:43:27","slug":"maquina-de-perfilagem-de-calhas-2","status":"publish","type":"page","link":"https:\/\/believeindustry.company\/pt\/roll-forming-machine\/downspoutgutter-roll-forming-machine\/gutter-roll-forming-machine-2\/","title":{"rendered":"M\u00e1quina de perfilagem de calhas"},"content":{"rendered":"<p><strong>M\u00e1quina de perfilagem de calhas <\/strong>Serve para produzir calhas conforme os desenhos e espessuras desejados.&nbsp;<\/p>\n\n\n\n<!--more-->\n\n\n\n<h2 class=\"wp-block-heading\"><span style=\"font-size: 18pt;\">M\u00e1quina de perfilagem de calhas<\/span><\/h2>\n\n\n\n<h3 class=\"wp-block-heading\"><span style=\"font-size: 14pt;\">Tipos de calhas<\/span><\/h3>\n\n\n\n<p>Existem muitos tipos diferentes de calhas, como a calha tipo K, a calha de beiral, a calha semicircular e a calha europeia.&nbsp; <a href=\"http:\/\/www.belirollform.com\" target=\"_blank\" rel=\"noopener\">Acredite na Empresa do Setor<\/a> Possu\u00edmos uma linha completa de m\u00e1quinas de perfilagem de calhas (moldadoras de rolos) para a fabrica\u00e7\u00e3o de calhas.&nbsp;<a href=\"https:\/\/believeindustry.company\/pt\/maquina-de-perfilagem-de-rolos\/maquina-de-perfilagem-de-calhas-e-condutores-pluviais\/maquina-portatil-para-calhas-a-venda\/\">&nbsp;m\u00e1quinas port\u00e1teis para calhas<\/a> Podem ser transportadas em reboques at\u00e9 os locais de trabalho e produzir calhas pluviais no local. Uma m\u00e1quina de calhas port\u00e1til geralmente \u00e9 configurada para produzir apenas um tipo de calha e, normalmente, apenas um tamanho.<\/p>\n\n\n\n<h3 class=\"wp-block-heading\"><span style=\"font-size: 14pt;\">Material de calha<\/span><\/h3>\n\n\n\n<ul class=\"wp-block-list\"><li>Alum\u00ednio<\/li><li>Cobre<\/li><li>Galvanizado<\/li><li>Galvanizado pr\u00e9-pintado<\/li><li>A\u00e7o inoxid\u00e1vel<\/li><\/ul>\n\n\n\n<h2 class=\"wp-block-heading\"><span style=\"font-size: 14pt;\">&nbsp;Componentes da m\u00e1quina de calhas<\/span><\/h2>\n\n\n\n<ol class=\"wp-block-list\"><li>Desbobinador hidr\u00e1ulico de 3 toneladas<\/li><li>Laminador de perfilagem<\/li><li>Alisador de cabelo<\/li><li>Dispositivo de corte<\/li><li>Esta\u00e7\u00e3o Hidr\u00e1ulica<\/li><li>Caixa Controlada<\/li><li>Mesa de coleta<\/li><\/ol>\n\n\n\n<h3 class=\"wp-block-heading\"><span style=\"font-size: 14pt;\">Par\u00e2metros da m\u00e1quina de perfilagem de calhas<\/span><\/h3>\n\n\n\n<h4 class=\"wp-block-heading\"><span style=\"font-size: 12pt;\">Desbobinador hidr\u00e1ulico de 3 toneladas<\/span><\/h4>\n\n\n\n<ol class=\"wp-block-list\"><li>Estrutura e fun\u00e7\u00e3o: Estrutura soldada em chapa e viga de a\u00e7o, utilizada para suportar e desenrolar bobinas de a\u00e7o.<\/li><li>Expans\u00e3o e tensionamento do mandril do desenrolador: Expans\u00e3o e tensionamento hidr\u00e1ulicos, com acionamento hidr\u00e1ulico fornecido por motor el\u00e9trico de 3 kW.<\/li><li>Faixa de expans\u00e3o do mandril: 480 mm a 520 mm<\/li><li>Desenrolamento: Pot\u00eancia do motor de 3 kW para desenrolamento.<\/li><li>Velocidade de desenrolamento: 0-15 m\/min, ajust\u00e1vel<\/li><li>Controle de velocidade: por conversor de frequ\u00eancia, marca YASKAWA<\/li><li>Capacidade m\u00e1xima: 3000 kg<\/li><li>Di\u00e2metro interno da bobina: 508 mm; Di\u00e2metro externo m\u00e1ximo da bobina: 1350 mm<\/li><\/ol>\n\n\n\n<h4 class=\"wp-block-heading\"><span style=\"font-size: 12pt;\">Laminador de perfilagem<\/span><\/h4>\n\n\n\n<ol class=\"wp-block-list\"><li>Estrutura da m\u00e1quina: Estrutura soldada em a\u00e7o com perfil H como base da m\u00e1quina; usinagem realizada por fresadora CNC de p\u00f3rtico.<\/li><li>Suportes laterais com roletes: suportes tipo guia aparafusados na base da m\u00e1quina.<\/li><li>Esta\u00e7\u00f5es de rolos\/Etapas de conforma\u00e7\u00e3o: 22 etapas<\/li><li>Material do eixo: 40Cr; Di\u00e2metro: 75 mm<\/li><li>Material do rolo: a\u00e7o n\u00ba 45, usinagem fina com t\u00eampera e revenido; superf\u00edcie do rolo com revestimento de cromo de 0,05 mm.<\/li><li>Rolamento: Rolamento NSK<\/li><li>Pot\u00eancia do motor principal: 7,5 kW<\/li><li>Velocidade de conforma\u00e7\u00e3o por rolos: 10-15 m\/min<\/li><li>Transmiss\u00e3o: transmiss\u00e3o por corrente de 1,2 polegadas.<\/li><li>Controle de velocidade: por inversor de frequ\u00eancia<\/li><\/ol>\n\n\n\n<h4 class=\"wp-block-heading\"><span style=\"font-size: 12pt;\">Dispositivo de corte hidr\u00e1ulico<\/span><\/h4>\n\n\n\n<ol class=\"wp-block-list\"><li>Comprimento e quantidade de corte: Controlados por um sistema de controle PLC, os usu\u00e1rios inserem o comprimento e a quantidade desejados na tela sens\u00edvel ao toque.<\/li><li>Material do molde de corte: Cr12MoV, HRC 58-62<\/li><li>Medi\u00e7\u00e3o do comprimento de corte: Medi\u00e7\u00e3o por encoder; Marca Omron<\/li><li>Pot\u00eancia da esta\u00e7\u00e3o hidr\u00e1ulica: 4 kW<\/li><li>Toler\u00e2ncia do comprimento de corte: +\/- 1,5 mm<\/li><\/ol>\n\n\n\n<h4 class=\"wp-block-heading\"><span style=\"font-size: 12pt;\">Sistema controlado<\/span><\/h4>\n\n\n\n<ol class=\"wp-block-list\"><li>Sistema de controle: Sistema de controle PLC da Siemens<\/li><li>Codificador: Marca Omron<\/li><li>Inversor: Marca Yaskawa<\/li><li>Motor: Marca Siemens<\/li><li>Tela sens\u00edvel ao toque: Siemens<\/li><li>Press\u00e3o da esta\u00e7\u00e3o hidr\u00e1ulica: \u226512 MPa<\/li><li>Corrente: 380V Corrente Cont\u00ednua, 50Hz, Trif\u00e1sica<\/li><li>Os usu\u00e1rios inserem o comprimento e a quantidade do produto atrav\u00e9s da tela sens\u00edvel ao toque, e o toque exibir\u00e1 o status de funcionamento da m\u00e1quina.<\/li><\/ol>\n\n\n\n<div class=\"wp-block-image\"><figure class=\"aligncenter is-resized\"><img fetchpriority=\"high\" decoding=\"async\" data-attachment-id=\"2962\" data-permalink=\"https:\/\/believeindustry.company\/pt\/rain-gutter-roll-forming-machine\/\" data-orig-file=\"https:\/\/believeindustry.company\/wp-content\/uploads\/2018\/09\/rain-gutter-roll-forming-machine.jpg\" data-orig-size=\"447,497\" data-comments-opened=\"1\" data-image-meta=\"{&quot;aperture&quot;:&quot;0&quot;,&quot;credit&quot;:&quot;&quot;,&quot;camera&quot;:&quot;&quot;,&quot;caption&quot;:&quot;&quot;,&quot;created_timestamp&quot;:&quot;0&quot;,&quot;copyright&quot;:&quot;&quot;,&quot;focal_length&quot;:&quot;0&quot;,&quot;iso&quot;:&quot;0&quot;,&quot;shutter_speed&quot;:&quot;0&quot;,&quot;title&quot;:&quot;&quot;,&quot;orientation&quot;:&quot;0&quot;}\" data-image-title=\"rain gutter roll forming machine\" data-image-description=\"\" data-image-caption=\"\" data-large-file=\"https:\/\/believeindustry.company\/wp-content\/uploads\/2018\/09\/rain-gutter-roll-forming-machine.jpg\" src=\"https:\/\/believeindustry.company\/wp-content\/uploads\/2018\/09\/rain-gutter-roll-forming-machine.jpg\" alt=\"m\u00e1quina de perfilagem de calhas pluviais\" class=\"wp-image-2962\" width=\"580\" height=\"645\" srcset=\"https:\/\/believeindustry.company\/wp-content\/uploads\/2018\/09\/rain-gutter-roll-forming-machine.jpg 447w, https:\/\/believeindustry.company\/wp-content\/uploads\/2018\/09\/rain-gutter-roll-forming-machine-270x300.jpg 270w\" sizes=\"(max-width: 580px) 100vw, 580px\" \/><\/figure><\/div>\n\n\n\n<p>&nbsp;<\/p>","protected":false},"excerpt":{"rendered":"<p>A m\u00e1quina de perfilagem de calhas serve para produzir calhas conforme os desenhos e espessuras desejados.&nbsp;<\/p>","protected":false},"author":2,"featured_media":2966,"parent":1078,"menu_order":0,"comment_status":"closed","ping_status":"closed","template":"","meta":{"_angie_page":false,"footnotes":"","big_sky_generated":false},"tags":[607849633,607847042,607848464,607848465,607848463,607848467,607848466],"class_list":["post-2954","page","type-page","status-publish","has-post-thumbnail","hentry","tag-downspout-lines","tag-gutter-machine","tag-gutter-roll-former","tag-gutter-roll-forming-machine","tag-portable-gutter-machine","tag-rain-gutter-roll-forming-machine","tag-water-gutter-roll-forming-machine"],"blocksy_meta":[],"jetpack_sharing_enabled":true,"jetpack_shortlink":"https:\/\/wp.me\/P9K5n8-LE","jetpack_likes_enabled":false,"jetpack-related-posts":[{"id":22021,"url":"https:\/\/believeindustry.company\/pt\/elementor-page-22021\/","url_meta":{"origin":2954,"position":0},"title":"Calha e tubo de queda","author":"Believe Industry Group","date":"Abril 12, 2026","format":false,"excerpt":"A roll forming machine for rain downspout and gutter is specialized manufacturing equipment designed to produce the vital components of residential and commercial roof drainage systems.These machines continuously profile flat coils of aluminum, galvanized steel, or copper into functional, weather-resistant water management products. The equipment generally falls into two categories:\u2026","rel":"","context":"Similar post","block_context":{"text":"Similar post","link":""},"img":{"alt_text":"downspout and gutter","src":"https:\/\/i0.wp.com\/believeindustry.company\/wp-content\/uploads\/2026\/04\/downspout-and-gutter.webp?resize=350%2C200&ssl=1","width":350,"height":200,"srcset":"https:\/\/i0.wp.com\/believeindustry.company\/wp-content\/uploads\/2026\/04\/downspout-and-gutter.webp?resize=350%2C200&ssl=1 1x, https:\/\/i0.wp.com\/believeindustry.company\/wp-content\/uploads\/2026\/04\/downspout-and-gutter.webp?resize=525%2C300&ssl=1 1.5x, https:\/\/i0.wp.com\/believeindustry.company\/wp-content\/uploads\/2026\/04\/downspout-and-gutter.webp?resize=700%2C400&ssl=1 2x, https:\/\/i0.wp.com\/believeindustry.company\/wp-content\/uploads\/2026\/04\/downspout-and-gutter.webp?resize=1050%2C600&ssl=1 3x, https:\/\/i0.wp.com\/believeindustry.company\/wp-content\/uploads\/2026\/04\/downspout-and-gutter.webp?resize=1400%2C800&ssl=1 4x"},"classes":[]},{"id":2264,"url":"https:\/\/believeindustry.company\/pt\/roll-forming-machine\/downspoutgutter-roll-forming-machine\/portable-gutter-machine-for-sale\/","url_meta":{"origin":2954,"position":1},"title":"M\u00e1quina port\u00e1til para calhas","author":"Believe Industry Group","date":"Junho 19, 2018","format":false,"excerpt":"Believe Industry Company have a full range of portable gutter machine for sale. 5\" and 6\" K style, 6\" half round gutter and 7\" industrial gutter machines. Portable Gutter Machine For Sale What's A Gutter? A rain gutter is a components of water discharge system for a building. Water from\u2026","rel":"","context":"In \"downspout lines\"","block_context":{"text":"downspout lines","link":"https:\/\/believeindustry.company\/pt\/tag\/downspout-lines\/"},"img":{"alt_text":"portable gutter machine for sale (2)","src":"https:\/\/i0.wp.com\/believeindustry.company\/wp-content\/uploads\/2018\/06\/portable-gutter-machine-for-sale-2.jpg?resize=350%2C200&ssl=1","width":350,"height":200,"srcset":"https:\/\/i0.wp.com\/believeindustry.company\/wp-content\/uploads\/2018\/06\/portable-gutter-machine-for-sale-2.jpg?resize=350%2C200&ssl=1 1x, https:\/\/i0.wp.com\/believeindustry.company\/wp-content\/uploads\/2018\/06\/portable-gutter-machine-for-sale-2.jpg?resize=525%2C300&ssl=1 1.5x, https:\/\/i0.wp.com\/believeindustry.company\/wp-content\/uploads\/2018\/06\/portable-gutter-machine-for-sale-2.jpg?resize=700%2C400&ssl=1 2x, https:\/\/i0.wp.com\/believeindustry.company\/wp-content\/uploads\/2018\/06\/portable-gutter-machine-for-sale-2.jpg?resize=1050%2C600&ssl=1 3x"},"classes":[]},{"id":7463,"url":"https:\/\/believeindustry.company\/pt\/hydroponic-hanging-gutter-roll-former\/","url_meta":{"origin":2954,"position":2},"title":"Formador de rolos para calhas suspensas hidrop\u00f4nicas","author":"Believe Industry Group","date":"Mar\u00e7o 18, 2020","format":false,"excerpt":"Hydroponic Hanging Gutter Roll Former is designed to manufacture suspended gutters for hydroponic growing with recirculation in the farm and customizable to the measure of each farm in length.\u00a0And makes it easier to install and transport to the greenhouse and reduces storage and logistics problems. Our new design hanging gutter\u2026","rel":"","context":"In \"downspout lines\"","block_context":{"text":"downspout lines","link":"https:\/\/believeindustry.company\/pt\/tag\/downspout-lines\/"},"img":{"alt_text":"Beli RollForming mobile Cultivation Gutter Roll Former for greenhouse installation","src":"https:\/\/i0.wp.com\/believeindustry.company\/wp-content\/uploads\/2020\/03\/Hydroponic-Hanging-Gutter-Roll-Former.jpg?resize=350%2C200&ssl=1","width":350,"height":200,"srcset":"https:\/\/i0.wp.com\/believeindustry.company\/wp-content\/uploads\/2020\/03\/Hydroponic-Hanging-Gutter-Roll-Former.jpg?resize=350%2C200&ssl=1 1x, https:\/\/i0.wp.com\/believeindustry.company\/wp-content\/uploads\/2020\/03\/Hydroponic-Hanging-Gutter-Roll-Former.jpg?resize=525%2C300&ssl=1 1.5x, https:\/\/i0.wp.com\/believeindustry.company\/wp-content\/uploads\/2020\/03\/Hydroponic-Hanging-Gutter-Roll-Former.jpg?resize=700%2C400&ssl=1 2x, https:\/\/i0.wp.com\/believeindustry.company\/wp-content\/uploads\/2020\/03\/Hydroponic-Hanging-Gutter-Roll-Former.jpg?resize=1050%2C600&ssl=1 3x, https:\/\/i0.wp.com\/believeindustry.company\/wp-content\/uploads\/2020\/03\/Hydroponic-Hanging-Gutter-Roll-Former.jpg?resize=1400%2C800&ssl=1 4x"},"classes":[]},{"id":8080,"url":"https:\/\/believeindustry.company\/pt\/cultivation-gutter-system-and-machine\/","url_meta":{"origin":2954,"position":3},"title":"Sistema e m\u00e1quina de calhas para cultivo","author":"Believe Industry Group","date":"Julho 8, 2024","format":false,"excerpt":"Greenhouse Cultivation Gutter System Believe Industry has been developing and implementing crop-specific gutter systems and machines. Over the years we have developed various cultivation gutter models. Believe Industry therefore supplies a complete range of gutters for every crop. In close consultation we can supply the right gutter, components and also\u2026","rel":"","context":"Similar post","block_context":{"text":"Similar post","link":""},"img":{"alt_text":"Beli-205-Gutter","src":"https:\/\/i0.wp.com\/believeindustry.company\/wp-content\/uploads\/2021\/09\/Beli-205-Gutter-150x150.jpg?resize=350%2C200&ssl=1","width":350,"height":200,"srcset":"https:\/\/i0.wp.com\/believeindustry.company\/wp-content\/uploads\/2021\/09\/Beli-205-Gutter-150x150.jpg?resize=350%2C200&ssl=1 1x, https:\/\/i0.wp.com\/believeindustry.company\/wp-content\/uploads\/2021\/09\/Beli-205-Gutter-150x150.jpg?resize=525%2C300&ssl=1 1.5x"},"classes":[]},{"id":19437,"url":"https:\/\/believeindustry.company\/pt\/product-2\/","url_meta":{"origin":2954,"position":4},"title":"Produto","author":"Believe Industry Group","date":"Novembro 12, 2025","format":false,"excerpt":"Energy and Electric Construction and Steel Structure Rack and Shelving Sale Rated 0 out of 5 Energy and Electric 41x41mm 41x82mm Solar Strut Channel Roll Forming Machine $85,000.00 Original price was: $85,000.00.$80,000.00Current price is: $80,000.00. View Product Sale Rated 0 out of 5 Metal Panel Trapezoidal Ribbed Spandeck Roof and\u2026","rel":"","context":"Similar post","block_context":{"text":"Similar post","link":""},"img":{"alt_text":"41x41mm 41x82mm Solar Strut Channel Roll Forming Machine","src":"https:\/\/i0.wp.com\/believeindustry.company\/wp-content\/uploads\/2025\/10\/41x41-41X82-Solar-Strut-Channel-Roll-Forming-Machine-300x214.webp?resize=350%2C200&ssl=1","width":350,"height":200},"classes":[]},{"id":1078,"url":"https:\/\/believeindustry.company\/pt\/roll-forming-machine\/downspoutgutter-roll-forming-machine\/","url_meta":{"origin":2954,"position":5},"title":"M\u00e1quina de perfilagem de calhas e condutores pluviais","author":"Believe Industry Group","date":"Abril 10, 2018","format":false,"excerpt":"","rel":"","context":"In \"believe industry machine\"","block_context":{"text":"believe industry machine","link":"https:\/\/believeindustry.company\/pt\/tag\/believe-industry-machine\/"},"img":{"alt_text":"DownspoutGutter Roll Forming Machines","src":"https:\/\/i0.wp.com\/believeindustry.company\/wp-content\/uploads\/2018\/04\/copper-gutter-outlet-elbows-scupper-and-downspout.jpg?resize=350%2C200&ssl=1","width":350,"height":200,"srcset":"https:\/\/i0.wp.com\/believeindustry.company\/wp-content\/uploads\/2018\/04\/copper-gutter-outlet-elbows-scupper-and-downspout.jpg?resize=350%2C200&ssl=1 1x, https:\/\/i0.wp.com\/believeindustry.company\/wp-content\/uploads\/2018\/04\/copper-gutter-outlet-elbows-scupper-and-downspout.jpg?resize=525%2C300&ssl=1 1.5x, https:\/\/i0.wp.com\/believeindustry.company\/wp-content\/uploads\/2018\/04\/copper-gutter-outlet-elbows-scupper-and-downspout.jpg?resize=700%2C400&ssl=1 2x"},"classes":[]}],"amp_enabled":true,"_links":{"self":[{"href":"https:\/\/believeindustry.company\/pt\/wp-json\/wp\/v2\/pages\/2954","targetHints":{"allow":["GET"]}}],"collection":[{"href":"https:\/\/believeindustry.company\/pt\/wp-json\/wp\/v2\/pages"}],"about":[{"href":"https:\/\/believeindustry.company\/pt\/wp-json\/wp\/v2\/types\/page"}],"author":[{"embeddable":true,"href":"https:\/\/believeindustry.company\/pt\/wp-json\/wp\/v2\/users\/2"}],"replies":[{"embeddable":true,"href":"https:\/\/believeindustry.company\/pt\/wp-json\/wp\/v2\/comments?post=2954"}],"version-history":[{"count":1,"href":"https:\/\/believeindustry.company\/pt\/wp-json\/wp\/v2\/pages\/2954\/revisions"}],"predecessor-version":[{"id":19747,"href":"https:\/\/believeindustry.company\/pt\/wp-json\/wp\/v2\/pages\/2954\/revisions\/19747"}],"up":[{"embeddable":true,"href":"https:\/\/believeindustry.company\/pt\/wp-json\/wp\/v2\/pages\/1078"}],"wp:featuredmedia":[{"embeddable":true,"href":"https:\/\/believeindustry.company\/pt\/wp-json\/wp\/v2\/media\/2966"}],"wp:attachment":[{"href":"https:\/\/believeindustry.company\/pt\/wp-json\/wp\/v2\/media?parent=2954"}],"wp:term":[{"taxonomy":"post_tag","embeddable":true,"href":"https:\/\/believeindustry.company\/pt\/wp-json\/wp\/v2\/tags?post=2954"}],"curies":[{"name":"wp","href":"https:\/\/api.w.org\/{rel}","templated":true}]}}