{"id":312,"date":"2018-03-15T18:13:36","date_gmt":"2018-03-15T10:13:36","guid":{"rendered":"https:\/\/believeindustry.company\/?page_id=312"},"modified":"2018-11-24T10:01:51","modified_gmt":"2018-11-24T02:01:51","slug":"nossa-missao","status":"publish","type":"page","link":"https:\/\/believeindustry.company\/pt\/our-mission\/","title":{"rendered":"NOSSA MISS\u00c3O"},"content":{"rendered":"<p>Para ajudar voc\u00ea a comprar facilmente um produto personalizado. <a title=\"Equipamentos para Processamento de Bobinas\" rel=\"\" href=\"https:\/\/believeindustry.company\/pt\/equipamentos-de-processamento-de-bobinas\/\">Equipamentos para Processamento de Bobinas<\/a>(Linha de corte longitudinal, Linha de corte longitudinal), <a title=\"M\u00e1quina de perfilagem de rolos\" rel=\"\" href=\"https:\/\/believeindustry.company\/pt\/maquina-de-perfilagem-de-rolos\/\">M\u00e1quina de perfilagem de rolos<\/a>(M\u00e1quinas para telhados, m\u00e1quinas para estruturas met\u00e1licas), etc., para atender \u00e0s suas necessidades, para que voc\u00ea possa iniciar a produ\u00e7\u00e3o de a\u00e7o em pouco tempo. &quot;Servi\u00e7o completo&quot; \u00e9 o nosso objetivo.<\/p>\n\n\n\n<p> Nossos diferentes designs de linhas permitem que voc\u00ea escolha facilmente a linha mais adequada, proporcionando a melhor qualidade para a produ\u00e7\u00e3o de bobinas, tiras ou chapas para seus clientes. E n\u00f3s sabemos o que \u00e9 melhor para voc\u00ea, por isso oferecemos linhas de alta qualidade e um servi\u00e7o completo.\u201c<\/p>\n\n\n\n<!--more-->","protected":false},"excerpt":{"rendered":"<p>To help you easily purchase a customized Coil Process Equipment\uff08Slitting Line, Cut To Length Line), Roll Forming Machine( Roof Machine, Steel Structure Machine), etc \u00a0for your requirements, so you can be up and running on the steel factory \u00a0in no time at all. &#8220;One Stop Service&#8221; is our Goal. Our different design of the lines [&hellip;]<\/p>\n","protected":false},"author":2,"featured_media":211,"parent":0,"menu_order":0,"comment_status":"closed","ping_status":"closed","template":"","meta":{"_angie_page":false,"footnotes":"","big_sky_generated":false},"tags":[607845741],"class_list":["post-312","page","type-page","status-publish","has-post-thumbnail","hentry","tag-believe-industry"],"blocksy_meta":[],"jetpack_sharing_enabled":true,"jetpack_shortlink":"https:\/\/wp.me\/P9K5n8-52","jetpack_likes_enabled":false,"jetpack-related-posts":[{"id":2607,"url":"https:\/\/believeindustry.company\/pt\/roll-forming-machine\/customized-profile-roll-forming-machine\/steel-stud-roll-forming-machine\/","url_meta":{"origin":312,"position":0},"title":"M\u00c1QUINA DE CONFORMA\u00c7\u00c3O DE PERFIS DE A\u00c7O","author":"Believe Industry Group","date":"Agosto 6, 2018","format":false,"excerpt":"A m\u00e1quina de perfilagem de perfis de a\u00e7o \u00e9 utilizada para produzir perfis de a\u00e7o para paredes e telhados, conforme desejado. A m\u00e1quina pode produzir perfis de a\u00e7o em diversos tamanhos. A Believe Industry Company dedica-se ao projeto e fabrica\u00e7\u00e3o de uma linha completa de m\u00e1quinas de perfilagem para perfis de a\u00e7o.","rel":"","context":"In \"custom designs\"","block_context":{"text":"custom designs","link":"https:\/\/believeindustry.company\/pt\/tag\/custom-designs\/"},"img":{"alt_text":"Steel Stud Roll Forming Machine","src":"https:\/\/i0.wp.com\/believeindustry.company\/wp-content\/uploads\/2018\/08\/Steel-Stud-Roll-Forming-Machine.jpg?resize=350%2C200&ssl=1","width":350,"height":200,"srcset":"https:\/\/i0.wp.com\/believeindustry.company\/wp-content\/uploads\/2018\/08\/Steel-Stud-Roll-Forming-Machine.jpg?resize=350%2C200&ssl=1 1x, https:\/\/i0.wp.com\/believeindustry.company\/wp-content\/uploads\/2018\/08\/Steel-Stud-Roll-Forming-Machine.jpg?resize=525%2C300&ssl=1 1.5x, https:\/\/i0.wp.com\/believeindustry.company\/wp-content\/uploads\/2018\/08\/Steel-Stud-Roll-Forming-Machine.jpg?resize=700%2C400&ssl=1 2x, https:\/\/i0.wp.com\/believeindustry.company\/wp-content\/uploads\/2018\/08\/Steel-Stud-Roll-Forming-Machine.jpg?resize=1050%2C600&ssl=1 3x"},"classes":[]},{"id":403,"url":"https:\/\/believeindustry.company\/pt\/coil-process-equipment\/slitting-line\/","url_meta":{"origin":312,"position":1},"title":"Linha de corte","author":"Believe Industry Group","date":"Mar\u00e7o 16, 2018","format":false,"excerpt":"BELI \u00ae Slitting Line is used\u00a0to slit the big wide rolls\/coils into narrow rolls, and packaging it automatically. Slitting Line Information Coil\u00a0Slitting line Machine\u00a0from BELI\u00ae \u00a0are well-known \u00a0full range production: Light Gauge Coil Slitting Line Machine :(0.2-4mm)*2000mm, 20 Ton Weight. Medium\u00a0Gauge Slitting Line : (2-8 mm)*2000mm, 20 Ton Weight Heavy\u2026","rel":"","context":"Similar post","block_context":{"text":"Similar post","link":""},"img":{"alt_text":"pre-devider","src":"https:\/\/i0.wp.com\/believeindustry.company\/wp-content\/uploads\/2018\/04\/Pre-devider.jpg?resize=350%2C200&ssl=1","width":350,"height":200,"srcset":"https:\/\/i0.wp.com\/believeindustry.company\/wp-content\/uploads\/2018\/04\/Pre-devider.jpg?resize=350%2C200&ssl=1 1x, https:\/\/i0.wp.com\/believeindustry.company\/wp-content\/uploads\/2018\/04\/Pre-devider.jpg?resize=525%2C300&ssl=1 1.5x, https:\/\/i0.wp.com\/believeindustry.company\/wp-content\/uploads\/2018\/04\/Pre-devider.jpg?resize=700%2C400&ssl=1 2x"},"classes":[]},{"id":3681,"url":"https:\/\/believeindustry.company\/pt\/steel-slitting-machine-line\/","url_meta":{"origin":312,"position":2},"title":"Linha de m\u00e1quinas de corte longitudinal de a\u00e7o","author":"Believe Industry Group","date":"Janeiro 3, 2019","format":false,"excerpt":"Believe Industry Company have a full range of steel slitting machine line for a different requirements. Contact us now for more information. Steel Slitting Machine Line What's Slitting Machine Line? Slitting is the operation of cutting a wide strip\u00a0into a number of narrow strips by passing the\u00a0strip between circular cutters\u2026","rel":"","context":"In \"Slitting Line\"","block_context":{"text":"Slitting Line","link":"https:\/\/believeindustry.company\/pt\/tag\/slitting-line\/"},"img":{"alt_text":"slitting machine line supplier","src":"https:\/\/i0.wp.com\/believeindustry.company\/wp-content\/uploads\/2019\/01\/slitting-machine-line-supplier.png?resize=350%2C200&ssl=1","width":350,"height":200,"srcset":"https:\/\/i0.wp.com\/believeindustry.company\/wp-content\/uploads\/2019\/01\/slitting-machine-line-supplier.png?resize=350%2C200&ssl=1 1x, https:\/\/i0.wp.com\/believeindustry.company\/wp-content\/uploads\/2019\/01\/slitting-machine-line-supplier.png?resize=525%2C300&ssl=1 1.5x, https:\/\/i0.wp.com\/believeindustry.company\/wp-content\/uploads\/2019\/01\/slitting-machine-line-supplier.png?resize=700%2C400&ssl=1 2x, https:\/\/i0.wp.com\/believeindustry.company\/wp-content\/uploads\/2019\/01\/slitting-machine-line-supplier.png?resize=1050%2C600&ssl=1 3x"},"classes":[]},{"id":3586,"url":"https:\/\/believeindustry.company\/pt\/ppgi-coil\/","url_meta":{"origin":312,"position":3},"title":"Bobina PPGI","author":"Believe Industry Group","date":"Dezembro 25, 2018","format":false,"excerpt":"Believe Industry Company have a long-time partner who supply PPGI coil for over than 20 years. We also export coils \u00a0in a variety of specifications. PPGI Coil What's PPGI\/PPGL Coil? PPGI\/PPGL\u00a0Coil\u00a0is pre-painted\u00a0galvanised iron, also known as pre-coated steel, coil coated steel, color coated steel etc., typically with a hot dip\u2026","rel":"","context":"In \"coil\"","block_context":{"text":"coil","link":"https:\/\/believeindustry.company\/pt\/tag\/coil\/"},"img":{"alt_text":"","src":"https:\/\/i0.wp.com\/believeindustry.company\/wp-content\/uploads\/2018\/12\/ppgi-coils-1.jpg?resize=350%2C200&ssl=1","width":350,"height":200,"srcset":"https:\/\/i0.wp.com\/believeindustry.company\/wp-content\/uploads\/2018\/12\/ppgi-coils-1.jpg?resize=350%2C200&ssl=1 1x, https:\/\/i0.wp.com\/believeindustry.company\/wp-content\/uploads\/2018\/12\/ppgi-coils-1.jpg?resize=525%2C300&ssl=1 1.5x, https:\/\/i0.wp.com\/believeindustry.company\/wp-content\/uploads\/2018\/12\/ppgi-coils-1.jpg?resize=700%2C400&ssl=1 2x"},"classes":[]},{"id":6801,"url":"https:\/\/believeindustry.company\/pt\/coil-process-equipment\/slitting-line\/silicon-steel-slitting-line\/","url_meta":{"origin":312,"position":4},"title":"Linha de corte longitudinal de a\u00e7o sil\u00edcio","author":"Believe Industry Group","date":"Junho 17, 2019","format":false,"excerpt":"The Silicon Steel slitting line is used to longitudinal cutting the wide CRGO coil into required width of strips and wind into rolled coil. It is necessary for transformer industry. Silicon Steel Slitting Line Parameters Input Coil Parameters MaterialSilicon, CR, HRThickness0.2-0.8 mmWidth800-1500 mmMechanical CharacterMax 550 MpaCoil I.D508 mmCoil O.DMax 2000\u2026","rel":"","context":"Similar post","block_context":{"text":"Similar post","link":""},"img":{"alt_text":"Silicon Slitting Line Machine","src":"https:\/\/i0.wp.com\/believeindustry.company\/wp-content\/uploads\/2019\/06\/Silicon-Slitting-Line-Machine.jpg?resize=350%2C200&ssl=1","width":350,"height":200,"srcset":"https:\/\/i0.wp.com\/believeindustry.company\/wp-content\/uploads\/2019\/06\/Silicon-Slitting-Line-Machine.jpg?resize=350%2C200&ssl=1 1x, https:\/\/i0.wp.com\/believeindustry.company\/wp-content\/uploads\/2019\/06\/Silicon-Slitting-Line-Machine.jpg?resize=525%2C300&ssl=1 1.5x, https:\/\/i0.wp.com\/believeindustry.company\/wp-content\/uploads\/2019\/06\/Silicon-Slitting-Line-Machine.jpg?resize=700%2C400&ssl=1 2x, https:\/\/i0.wp.com\/believeindustry.company\/wp-content\/uploads\/2019\/06\/Silicon-Slitting-Line-Machine.jpg?resize=1050%2C600&ssl=1 3x, https:\/\/i0.wp.com\/believeindustry.company\/wp-content\/uploads\/2019\/06\/Silicon-Slitting-Line-Machine.jpg?resize=1400%2C800&ssl=1 4x"},"classes":[]},{"id":1257,"url":"https:\/\/believeindustry.company\/pt\/roll-forming-machine\/customized-profile-roll-forming-machine\/","url_meta":{"origin":312,"position":5},"title":"M\u00e1quina de perfilagem personalizada","author":"Believe Industry Group","date":"Abril 16, 2018","format":false,"excerpt":"Beli RollForming's Customized Profile Roll Forming Machine is a powerful engineering solution designed to transform flat metal coils (like GI, Aluminum, Stainless Steel, etc.) into complex, specific cross-sections. Unlike standard machines, this equipment is entirely tailored to your unique profile drawings and production needs, featuring amazing precision, integrated in-line processes\u2026","rel":"","context":"In \"believe industry machine\"","block_context":{"text":"believe industry machine","link":"https:\/\/believeindustry.company\/pt\/tag\/believe-industry-machine\/"},"img":{"alt_text":"customized profile roll forming machine","src":"https:\/\/i0.wp.com\/believeindustry.company\/wp-content\/uploads\/2018\/04\/customized-profiles.jpg?resize=350%2C200&ssl=1","width":350,"height":200,"srcset":"https:\/\/i0.wp.com\/believeindustry.company\/wp-content\/uploads\/2018\/04\/customized-profiles.jpg?resize=350%2C200&ssl=1 1x, https:\/\/i0.wp.com\/believeindustry.company\/wp-content\/uploads\/2018\/04\/customized-profiles.jpg?resize=525%2C300&ssl=1 1.5x, https:\/\/i0.wp.com\/believeindustry.company\/wp-content\/uploads\/2018\/04\/customized-profiles.jpg?resize=700%2C400&ssl=1 2x, https:\/\/i0.wp.com\/believeindustry.company\/wp-content\/uploads\/2018\/04\/customized-profiles.jpg?resize=1050%2C600&ssl=1 3x"},"classes":[]}],"amp_enabled":true,"_links":{"self":[{"href":"https:\/\/believeindustry.company\/pt\/wp-json\/wp\/v2\/pages\/312","targetHints":{"allow":["GET"]}}],"collection":[{"href":"https:\/\/believeindustry.company\/pt\/wp-json\/wp\/v2\/pages"}],"about":[{"href":"https:\/\/believeindustry.company\/pt\/wp-json\/wp\/v2\/types\/page"}],"author":[{"embeddable":true,"href":"https:\/\/believeindustry.company\/pt\/wp-json\/wp\/v2\/users\/2"}],"replies":[{"embeddable":true,"href":"https:\/\/believeindustry.company\/pt\/wp-json\/wp\/v2\/comments?post=312"}],"version-history":[{"count":0,"href":"https:\/\/believeindustry.company\/pt\/wp-json\/wp\/v2\/pages\/312\/revisions"}],"wp:featuredmedia":[{"embeddable":true,"href":"https:\/\/believeindustry.company\/pt\/wp-json\/wp\/v2\/media\/211"}],"wp:attachment":[{"href":"https:\/\/believeindustry.company\/pt\/wp-json\/wp\/v2\/media?parent=312"}],"wp:term":[{"taxonomy":"post_tag","embeddable":true,"href":"https:\/\/believeindustry.company\/pt\/wp-json\/wp\/v2\/tags?post=312"}],"curies":[{"name":"wp","href":"https:\/\/api.w.org\/{rel}","templated":true}]}}