{"id":3148,"date":"2018-10-15T13:54:11","date_gmt":"2018-10-15T05:54:11","guid":{"rendered":"https:\/\/believeindustry.company\/?page_id=3148"},"modified":"2026-04-11T22:01:13","modified_gmt":"2026-04-11T14:01:13","slug":"maquina-de-perfilagem-de-ladrilhos-esmaltados","status":"publish","type":"page","link":"https:\/\/believeindustry.company\/pt\/roll-forming-machine\/metal-sheet-roll-forming-machine\/glazed-tile-roll-forming-machine\/","title":{"rendered":"M\u00e1quina de perfilagem de ladrilhos esmaltados"},"content":{"rendered":"<p><strong>M\u00e1quina de perfilagem de ladrilhos esmaltados<\/strong> \u00c9 utilizada para produzir azulejos met\u00e1licos esmaltados conforme os desenhos desejados. A nova m\u00e1quina de azulejos da Believe Industry Company tem uma velocidade de produ\u00e7\u00e3o de at\u00e9 6 metros por minuto.<\/p>\n\n\n\n<h2 class=\"wp-block-heading\"><p><span style=\"font-size: inherit;\"> <\/span><strong style=\"font-size: inherit;\"><span style=\"font-size: 18pt;\">M\u00e1quina de perfilagem de ladrilhos esmaltados<\/span><\/strong><\/p><\/h2>\n\n\n\n<h3 class=\"wp-block-heading\"><strong><span style=\"font-size: 14pt;\">Componentes de m\u00e1quinas<\/span><\/strong><\/h3>\n\n\n\n<ol class=\"wp-block-list\">\n<li>Desbobinador hidr\u00e1ulico<\/li>\n\n\n\n<li>Guia e Alimentador<\/li>\n\n\n\n<li>Pr\u00e9-cortador<\/li>\n\n\n\n<li>Laminador de perfilagem<\/li>\n\n\n\n<li>Dispositivo hidr\u00e1ulico de corte e puncionamento de corpo \u00fanico<\/li>\n\n\n\n<li>Mesa de coleta<\/li>\n\n\n\n<li>Esta\u00e7\u00e3o Hidr\u00e1ulica<\/li>\n\n\n\n<li>Painel de controle<\/li>\n<\/ol>\n\n\n\n<h3 class=\"wp-block-heading\"><strong><span style=\"font-size: 14pt;\">Fluxo de trabalho<\/span><\/strong><\/h3>\n\n\n\n<figure class=\"wp-block-image\"><img fetchpriority=\"high\" decoding=\"async\" width=\"1374\" height=\"397\" data-attachment-id=\"2558\" data-permalink=\"https:\/\/believeindustry.company\/pt\/roll-forming-machine\/metal-sheet-roll-forming-machine\/steel-tile-profile-roll-forming-machine\/layout-of-steel-tile-profile-roll-forming-machine\/\" data-orig-file=\"https:\/\/believeindustry.company\/wp-content\/uploads\/2018\/08\/Layout-of-Steel-Tile-Profile-Roll-Forming-Machine.jpg\" data-orig-size=\"1374,397\" data-comments-opened=\"1\" data-image-meta=\"{&quot;aperture&quot;:&quot;0&quot;,&quot;credit&quot;:&quot;&quot;,&quot;camera&quot;:&quot;&quot;,&quot;caption&quot;:&quot;&quot;,&quot;created_timestamp&quot;:&quot;0&quot;,&quot;copyright&quot;:&quot;&quot;,&quot;focal_length&quot;:&quot;0&quot;,&quot;iso&quot;:&quot;0&quot;,&quot;shutter_speed&quot;:&quot;0&quot;,&quot;title&quot;:&quot;&quot;,&quot;orientation&quot;:&quot;0&quot;}\" data-image-title=\"Layout of Steel Tile Profile Roll Forming Machine\" data-image-description=\"\" data-image-caption=\"\" data-large-file=\"https:\/\/believeindustry.company\/wp-content\/uploads\/2018\/08\/Layout-of-Steel-Tile-Profile-Roll-Forming-Machine-1024x296.jpg\" src=\"https:\/\/believeindustry.company\/wp-content\/uploads\/2018\/08\/Layout-of-Steel-Tile-Profile-Roll-Forming-Machine.jpg\" alt=\"Layout da m\u00e1quina de perfilagem de telhas de a\u00e7o\" class=\"wp-image-2558\" srcset=\"https:\/\/believeindustry.company\/wp-content\/uploads\/2018\/08\/Layout-of-Steel-Tile-Profile-Roll-Forming-Machine.jpg 1374w, https:\/\/believeindustry.company\/wp-content\/uploads\/2018\/08\/Layout-of-Steel-Tile-Profile-Roll-Forming-Machine-600x173.jpg 600w, https:\/\/believeindustry.company\/wp-content\/uploads\/2018\/08\/Layout-of-Steel-Tile-Profile-Roll-Forming-Machine-300x87.jpg 300w, https:\/\/believeindustry.company\/wp-content\/uploads\/2018\/08\/Layout-of-Steel-Tile-Profile-Roll-Forming-Machine-1024x296.jpg 1024w\" sizes=\"(max-width: 1374px) 100vw, 1374px\" \/><\/figure>\n\n\n\n<p>O processo de produ\u00e7\u00e3o da m\u00e1quina de perfilagem de telhas met\u00e1licas esmaltadas \u00e9: Desenrolamento \u2013 Alimenta\u00e7\u00e3o e Guiamento \u2013 Perfilagem \u2013 Pun\u00e7\u00e3o \u2013 Corte \u2013 Coleta<\/p>\n\n\n\n<h3 class=\"wp-block-heading\"><strong><span style=\"font-size: 14pt;\">Especifica\u00e7\u00f5es da m\u00e1quina de perfilagem de ladrilhos esmaltados<\/span><\/strong><\/h3>\n\n\n\n<h4 class=\"wp-block-heading\"><strong><span style=\"font-size: 12pt;\">Desbobinador hidr\u00e1ulico de 5 toneladas<\/span><\/strong><\/h4>\n\n\n\n<p>O desenrolador serve para segurar as bobinas e desenrol\u00e1-las na m\u00e1quina principal de fabrica\u00e7\u00e3o de telhas met\u00e1licas.<\/p>\n\n\n\n<ol class=\"wp-block-list\">\n<li> Pot\u00eancia do motor principal: 4 kW<\/li>\n\n\n\n<li> Material do eixo: a\u00e7o ASTM1045\u00a0<\/li>\n\n\n\n<li>Transmiss\u00e3o: correntes de 1,2 polegadas<\/li>\n\n\n\n<li>Di\u00e2metro do eixo: 130 mm<\/li>\n\n\n\n<li>Motor hidr\u00e1ulico: 3 kW\u00a0<\/li>\n\n\n\n<li>Trajeto do recipiente de \u00f3leo: 120 mm\u00a0<\/li>\n\n\n\n<li>Press\u00e3o: 10 MPa<\/li>\n\n\n\n<li>Di\u00e2metro interno: 480-530 mm<\/li>\n\n\n\n<li>Di\u00e2metro m\u00e1ximo: 1600 mm<\/li>\n\n\n\n<li>Capacidade: 5 toneladas<\/li>\n<\/ol>\n\n\n\n<h4 class=\"wp-block-heading\"><strong><span style=\"font-size: 12pt;\">Laminador de perfilagem<\/span><\/strong><\/h4>\n\n\n\n<ol class=\"wp-block-list\">\n<li>Estrutura da m\u00e1quina: A\u00e7o H soldado, suportes cromados como bra\u00e7o de sustenta\u00e7\u00e3o.<\/li>\n\n\n\n<li>Perfil de a\u00e7o com espessura de 0,3 a 0,6 mm, em a\u00e7o carbono e a\u00e7o inoxid\u00e1vel.<\/li>\n\n\n\n<li>Pot\u00eancia do motor principal: 7,5 kW, motor CA.,\u00a0<\/li>\n\n\n\n<li>Tens\u00e3o, frequ\u00eancia e fase da m\u00e1quina: 380 V, 50 Hz, trif\u00e1sico.,\u00a0<\/li>\n\n\n\n<li>Esta\u00e7\u00e3o de rolos: 16 esta\u00e7\u00f5es<\/li>\n\n\n\n<li>Material do rolo: ASTM1045, dureza e superf\u00edcie cromada<\/li>\n\n\n\n<li>Di\u00e2metro do eixo: 76 mm; material: ASTM1045\u00a0<\/li>\n\n\n\n<li>Velocidade da m\u00e1quina de telhas met\u00e1licas: 6-8 m\/min<\/li>\n\n\n\n<li>Transmiss\u00e3o: por corrente<\/li>\n<\/ol>\n\n\n\n<h4 class=\"wp-block-heading\"><strong><span style=\"font-size: 12pt;\">Pun\u00e7\u00e3o e corte hidr\u00e1ulicos<\/span><\/strong><\/h4>\n\n\n\n<ol class=\"wp-block-list\">\n<li>Adota um design monobloco com quatro colunas, mais resistente e com melhor apar\u00eancia.<\/li>\n\n\n\n<li>Material do molde de puncionamento e corte: CR12, temperado a 58-62 graus<\/li>\n\n\n\n<li>Medi\u00e7\u00e3o de comprimento, marca: Omron<\/li>\n\n\n\n<li>Toler\u00e2ncia de comprimento: 3000 mm +\/- 1,5 mm<\/li>\n<\/ol>\n\n\n\n<h4 class=\"wp-block-heading\"><strong><span style=\"font-size: 12pt;\">Esta\u00e7\u00e3o Hidr\u00e1ulica<\/span><\/strong><\/h4>\n\n\n\n<ol class=\"wp-block-list\">\n<li>Pot\u00eancia hidr\u00e1ulica: 11 kW com tanque de armazenamento de energia<\/li>\n\n\n\n<li>Press\u00e3o de trabalho: 10-12 MPa ajust\u00e1vel<\/li>\n\n\n\n<li>V\u00e1lvula solenoide: 2 grupos<\/li>\n\n\n\n<li>\u00d3leo hidr\u00e1ulico: \u00f3leo hidr\u00e1ulico 46 #<\/li>\n<\/ol>\n\n\n\n<h4 class=\"wp-block-heading\"><strong><span style=\"font-size: 12pt;\">Painel de controle<\/span><\/strong><\/h4>\n\n\n\n<ol class=\"wp-block-list\">\n<li>Voc\u00ea pode definir a velocidade de produ\u00e7\u00e3o, o comprimento, o lote e a quantidade de placas de a\u00e7o na tela sens\u00edvel ao toque. A m\u00e1quina funcionar\u00e1 automaticamente. Ou voc\u00ea pode escolher o modo manual.<\/li>\n\n\n\n<li>Sistema de controle computadorizado: PLC Panasonic<\/li>\n\n\n\n<li>Tela sens\u00edvel ao toque: Kunluntongtai MCSG<\/li>\n\n\n\n<li>Codificador: Marca Omron<\/li>\n\n\n\n<li>Inversor: YASKAWA<\/li>\n\n\n\n<li>Interruptor de limite: marca Omron<\/li>\n\n\n\n<li>Press\u00e3o da esta\u00e7\u00e3o hidr\u00e1ulica: 16 MPa<\/li>\n\n\n\n<li>Corrente: 380V corrente cont\u00ednua, 50Hz, trif\u00e1sica<\/li>\n\n\n\n<li>Adote o plugue de avia\u00e7\u00e3o para facilitar a conex\u00e3o dos fios.<\/li>\n<\/ol>\n\n\n\n<p><strong><a href=\"http:\/\/www.belirollform.com\" target=\"_blank\" rel=\"noopener\">Acredite na Empresa do Setor<\/a><\/strong> possuem uma gama completa de <a href=\"https:\/\/believeindustry.company\/pt\/maquina-de-perfilagem-de-rolos\/\">m\u00e1quinas de perfilagem de rolos<\/a> Para telhas e chapas met\u00e1licas para telhados. <a href=\"https:\/\/believeindustry.company\/pt\/contato\/\">Contate-nos<\/a> Para obter mais informa\u00e7\u00f5es.<\/p>\n\n\n\n<h3 class=\"wp-block-heading\"><strong>Fotos da m\u00e1quina de telhas de a\u00e7o<\/strong><\/h3>\n\n\n\n<figure class=\"wp-block-image is-resized\"><img decoding=\"async\" width=\"497\" height=\"677\" data-attachment-id=\"2559\" data-permalink=\"https:\/\/believeindustry.company\/pt\/roll-forming-machine\/metal-sheet-roll-forming-machine\/steel-tile-profile-roll-forming-machine\/steel-tile-profile-roll-forming-machine\/\" data-orig-file=\"https:\/\/believeindustry.company\/wp-content\/uploads\/2018\/08\/steel-tile-profile-roll-forming-machine.jpg\" data-orig-size=\"497,677\" data-comments-opened=\"1\" data-image-meta=\"{&quot;aperture&quot;:&quot;0&quot;,&quot;credit&quot;:&quot;&quot;,&quot;camera&quot;:&quot;&quot;,&quot;caption&quot;:&quot;&quot;,&quot;created_timestamp&quot;:&quot;0&quot;,&quot;copyright&quot;:&quot;&quot;,&quot;focal_length&quot;:&quot;0&quot;,&quot;iso&quot;:&quot;0&quot;,&quot;shutter_speed&quot;:&quot;0&quot;,&quot;title&quot;:&quot;&quot;,&quot;orientation&quot;:&quot;0&quot;}\" data-image-title=\"steel tile profile roll forming machine\" data-image-description=\"\" data-image-caption=\"\" data-large-file=\"https:\/\/believeindustry.company\/wp-content\/uploads\/2018\/08\/steel-tile-profile-roll-forming-machine.jpg\" src=\"https:\/\/believeindustry.company\/wp-content\/uploads\/2018\/08\/steel-tile-profile-roll-forming-machine.jpg\" alt=\"m\u00e1quina de perfilagem de perfis de telha de a\u00e7o\" class=\"wp-image-2559\" style=\"width:580px;height:790px\" srcset=\"https:\/\/believeindustry.company\/wp-content\/uploads\/2018\/08\/steel-tile-profile-roll-forming-machine.jpg 497w, https:\/\/believeindustry.company\/wp-content\/uploads\/2018\/08\/steel-tile-profile-roll-forming-machine-220x300.jpg 220w\" sizes=\"(max-width: 497px) 100vw, 497px\" \/><figcaption><\/figcaption><\/figure>\n\n\n\n<p>&nbsp;<\/p>","protected":false},"excerpt":{"rendered":"<p>Glazed Tile Roll Forming Machine is for produce metal glazed tiles as desired drawings. Believe Industry Company new design tile machine speed can be up to 6m per minute. Glazed Tile Roll Forming Machine Machine Components Work Flow The production process of the metal glazed tile roll forming machine is: Uncoiling&#8211; Feeding&amp;Guiding&#8211; Roll Forming&#8211; Punching&#8211; [&hellip;]<\/p>\n","protected":false},"author":2,"featured_media":3150,"parent":724,"menu_order":15,"comment_status":"closed","ping_status":"closed","template":"","meta":{"_angie_page":false,"footnotes":"","big_sky_generated":false},"tags":[607851244,607848639,607848642,607848641,607849628,607848640],"class_list":["post-3148","page","type-page","status-publish","has-post-thumbnail","hentry","tag-construction-and-steel-structure","tag-glazed-tile-machine","tag-glazed-tile-roll-forming-machine","tag-metal-glazed-tile-machine","tag-panel-lines","tag-steel-glazed-tile-machine"],"blocksy_meta":[],"jetpack_sharing_enabled":true,"jetpack_shortlink":"https:\/\/wp.me\/P9K5n8-OM","jetpack_likes_enabled":false,"jetpack-related-posts":[{"id":3494,"url":"https:\/\/believeindustry.company\/pt\/metal-glazed-tile-roll-forming-machine-video-2\/","url_meta":{"origin":3148,"position":0},"title":"V\u00eddeo da m\u00e1quina de perfilagem de ladrilhos met\u00e1licos esmaltados","author":"Believe Industry Group","date":"Dezembro 5, 2018","format":false,"excerpt":"https:\/\/believeindustry.company\/wp-content\/uploads\/2018\/12\/metal-glazed-tile-roll-forming-machine.mp4 The Metal Glazed Tile Roll Forming Machine Video will show you how the metal glazed tile roll forming machine working.\u00a0 Metal Tile Roll Forming Machine Components 5 Ton Hydraulic UncoilerFeeder and Guider Device. Pre-cutting DeviceChromed Guider Pillar Roll Forming MillOne-body Punch and Cutting DeviceControlled BoxHydraulic StationCollection Table Believe Industry\u2026","rel":"","context":"Similar post","block_context":{"text":"Similar post","link":""},"img":{"alt_text":"Metal Glazed Tile Roll Forming Machine Video","src":"https:\/\/i0.wp.com\/believeindustry.company\/wp-content\/uploads\/2018\/12\/metal-glazed-tile-roll-forming-machine-video-.jpg?resize=350%2C200&ssl=1","width":350,"height":200,"srcset":"https:\/\/i0.wp.com\/believeindustry.company\/wp-content\/uploads\/2018\/12\/metal-glazed-tile-roll-forming-machine-video-.jpg?resize=350%2C200&ssl=1 1x, https:\/\/i0.wp.com\/believeindustry.company\/wp-content\/uploads\/2018\/12\/metal-glazed-tile-roll-forming-machine-video-.jpg?resize=525%2C300&ssl=1 1.5x, https:\/\/i0.wp.com\/believeindustry.company\/wp-content\/uploads\/2018\/12\/metal-glazed-tile-roll-forming-machine-video-.jpg?resize=700%2C400&ssl=1 2x, https:\/\/i0.wp.com\/believeindustry.company\/wp-content\/uploads\/2018\/12\/metal-glazed-tile-roll-forming-machine-video-.jpg?resize=1050%2C600&ssl=1 3x"},"classes":[]},{"id":777,"url":"https:\/\/believeindustry.company\/pt\/roll-forming-machine\/metal-sheet-roll-forming-machine\/metal-roof-tile-roll-forming-machine\/","url_meta":{"origin":3148,"position":1},"title":"M\u00e1quina de perfilagem de telhas met\u00e1licas","author":"Believe Industry Group","date":"Mar\u00e7o 29, 2018","format":false,"excerpt":"Metal Roof Tile Roll Forming Machine\u00a0is for producing the metal tiles which is similar to traditional tiles. While the quality and life is better. Introduction of Metal Roof Tile Roll Forming Machine Roof Tiles\u00a0are to keep out rain. And traditional made from locally available materials such as slate and terracotta.\u2026","rel":"","context":"In \"Construction and Steel Structure\"","block_context":{"text":"Construction and Steel Structure","link":"https:\/\/believeindustry.company\/pt\/tag\/construction-and-steel-structure\/"},"img":{"alt_text":"roof tile roll forming machine","src":"https:\/\/i0.wp.com\/believeindustry.company\/wp-content\/uploads\/2018\/04\/roof-tile-roll-forming-machine-e1522726193554.jpg?resize=350%2C200&ssl=1","width":350,"height":200,"srcset":"https:\/\/i0.wp.com\/believeindustry.company\/wp-content\/uploads\/2018\/04\/roof-tile-roll-forming-machine-e1522726193554.jpg?resize=350%2C200&ssl=1 1x, https:\/\/i0.wp.com\/believeindustry.company\/wp-content\/uploads\/2018\/04\/roof-tile-roll-forming-machine-e1522726193554.jpg?resize=525%2C300&ssl=1 1.5x, https:\/\/i0.wp.com\/believeindustry.company\/wp-content\/uploads\/2018\/04\/roof-tile-roll-forming-machine-e1522726193554.jpg?resize=700%2C400&ssl=1 2x, https:\/\/i0.wp.com\/believeindustry.company\/wp-content\/uploads\/2018\/04\/roof-tile-roll-forming-machine-e1522726193554.jpg?resize=1050%2C600&ssl=1 3x"},"classes":[]},{"id":724,"url":"https:\/\/believeindustry.company\/pt\/roll-forming-machine\/metal-sheet-roll-forming-machine\/","url_meta":{"origin":3148,"position":2},"title":"M\u00e1quina de conforma\u00e7\u00e3o de rolos de chapas met\u00e1licas","author":"Believe Industry Group","date":"Mar\u00e7o 28, 2018","format":false,"excerpt":"Metal Sheet Roll Forming Machines, also named Steel Sheet Roll Forming Machines are widely used in Steel Structure Systems Manufacturers or Builders.Believe Industry Company have full range of Metal Sheet Roll Forming Machine to produce Roof Panels, Wall Cladding Sheets, Step Tiles with different types. Such as: Standing seamming Panel.\u2026","rel":"","context":"In \"believe industry machine\"","block_context":{"text":"believe industry machine","link":"https:\/\/believeindustry.company\/pt\/tag\/believe-industry-machine\/"},"img":{"alt_text":"sheet roll forming machine","src":"https:\/\/i0.wp.com\/believeindustry.company\/wp-content\/uploads\/2018\/03\/metal-sheet-roll-forming-machine.jpg?resize=350%2C200&ssl=1","width":350,"height":200,"srcset":"https:\/\/i0.wp.com\/believeindustry.company\/wp-content\/uploads\/2018\/03\/metal-sheet-roll-forming-machine.jpg?resize=350%2C200&ssl=1 1x, https:\/\/i0.wp.com\/believeindustry.company\/wp-content\/uploads\/2018\/03\/metal-sheet-roll-forming-machine.jpg?resize=525%2C300&ssl=1 1.5x, https:\/\/i0.wp.com\/believeindustry.company\/wp-content\/uploads\/2018\/03\/metal-sheet-roll-forming-machine.jpg?resize=700%2C400&ssl=1 2x"},"classes":[]},{"id":2555,"url":"https:\/\/believeindustry.company\/pt\/roll-forming-machine\/metal-sheet-roll-forming-machine\/steel-tile-profile-roll-forming-machine\/","url_meta":{"origin":3148,"position":3},"title":"M\u00e1quina de perfilagem de a\u00e7o para telhas","author":"Believe Industry Group","date":"Agosto 1, 2018","format":false,"excerpt":"A m\u00e1quina de perfilagem de telhas de a\u00e7o \u00e9 utilizada para produzir perfis de telhas de a\u00e7o conforme o design desejado. A profundidade m\u00e1xima do design \u00e9 de 30 mm. A Believe Industry Company atua no projeto e fabrica\u00e7\u00e3o de m\u00e1quinas de perfilagem de telhas de a\u00e7o h\u00e1 mais de 10 anos. N\u00f3s temos\u2026","rel":"","context":"In \"Construction and Steel Structure\"","block_context":{"text":"Construction and Steel Structure","link":"https:\/\/believeindustry.company\/pt\/tag\/construction-and-steel-structure\/"},"img":{"alt_text":"Tile Profile Roll Forming Machine","src":"https:\/\/i0.wp.com\/believeindustry.company\/wp-content\/uploads\/2018\/08\/Tile-Profile-Roll-Forming-Machine.jpg?resize=350%2C200&ssl=1","width":350,"height":200,"srcset":"https:\/\/i0.wp.com\/believeindustry.company\/wp-content\/uploads\/2018\/08\/Tile-Profile-Roll-Forming-Machine.jpg?resize=350%2C200&ssl=1 1x, https:\/\/i0.wp.com\/believeindustry.company\/wp-content\/uploads\/2018\/08\/Tile-Profile-Roll-Forming-Machine.jpg?resize=525%2C300&ssl=1 1.5x, https:\/\/i0.wp.com\/believeindustry.company\/wp-content\/uploads\/2018\/08\/Tile-Profile-Roll-Forming-Machine.jpg?resize=700%2C400&ssl=1 2x, https:\/\/i0.wp.com\/believeindustry.company\/wp-content\/uploads\/2018\/08\/Tile-Profile-Roll-Forming-Machine.jpg?resize=1050%2C600&ssl=1 3x"},"classes":[]},{"id":2353,"url":"https:\/\/believeindustry.company\/pt\/roll-forming-machine\/metal-sheet-roll-forming-machine\/monterey-v1100-tile-roll-forming-machine-for-sale\/","url_meta":{"origin":3148,"position":4},"title":"M\u00e1quina de perfilagem de ladrilhos Monterey V1100","author":"Believe Industry Group","date":"Junho 25, 2018","format":false,"excerpt":"Believe Industry have different design of \u00a0Monterey V1100 Tile Roll Forming Machine for sale \u00a0and all the machines are fully customized. Monterey V1100 Tile Roll Forming Machine For Sale What's Monterey V1100? Monterey V1100 is a very famous tile profile which is widely used in Russian. As usual, the tiles\u2026","rel":"","context":"In \"Construction and Steel Structure\"","block_context":{"text":"Construction and Steel Structure","link":"https:\/\/believeindustry.company\/pt\/tag\/construction-and-steel-structure\/"},"img":{"alt_text":"Monterey V1100 Tile Roll Forming Machine","src":"https:\/\/i0.wp.com\/believeindustry.company\/wp-content\/uploads\/2018\/06\/The-Monterey-V1100-Tile-Roll-Forming-Machine.jpg?resize=350%2C200&ssl=1","width":350,"height":200,"srcset":"https:\/\/i0.wp.com\/believeindustry.company\/wp-content\/uploads\/2018\/06\/The-Monterey-V1100-Tile-Roll-Forming-Machine.jpg?resize=350%2C200&ssl=1 1x, https:\/\/i0.wp.com\/believeindustry.company\/wp-content\/uploads\/2018\/06\/The-Monterey-V1100-Tile-Roll-Forming-Machine.jpg?resize=525%2C300&ssl=1 1.5x, https:\/\/i0.wp.com\/believeindustry.company\/wp-content\/uploads\/2018\/06\/The-Monterey-V1100-Tile-Roll-Forming-Machine.jpg?resize=700%2C400&ssl=1 2x, https:\/\/i0.wp.com\/believeindustry.company\/wp-content\/uploads\/2018\/06\/The-Monterey-V1100-Tile-Roll-Forming-Machine.jpg?resize=1050%2C600&ssl=1 3x"},"classes":[]},{"id":1277,"url":"https:\/\/believeindustry.company\/pt\/video\/metal-tile-roll-forming-machine-video\/","url_meta":{"origin":3148,"position":5},"title":"V\u00eddeo da m\u00e1quina de perfilagem de telhas met\u00e1licas","author":"Believe Industry Group","date":"Abril 16, 2018","format":false,"excerpt":"The Metal Tile Roll Forming Machine Video will let you easy to know how the machine working and how to operate the machine. Contact us for more details of Metal Tile Roll Forming Machine","rel":"","context":"In \"Metal Tile Roll Forming Machine\"","block_context":{"text":"Metal Tile Roll Forming Machine","link":"https:\/\/believeindustry.company\/pt\/tag\/metal-tile-roll-forming-machine\/"},"img":{"alt_text":"roll forming machine for metal roof tile","src":"https:\/\/i0.wp.com\/believeindustry.company\/wp-content\/uploads\/2018\/05\/roll-forming-machine-for-metal-roof-tile.jpg?resize=350%2C200&ssl=1","width":350,"height":200,"srcset":"https:\/\/i0.wp.com\/believeindustry.company\/wp-content\/uploads\/2018\/05\/roll-forming-machine-for-metal-roof-tile.jpg?resize=350%2C200&ssl=1 1x, https:\/\/i0.wp.com\/believeindustry.company\/wp-content\/uploads\/2018\/05\/roll-forming-machine-for-metal-roof-tile.jpg?resize=525%2C300&ssl=1 1.5x, https:\/\/i0.wp.com\/believeindustry.company\/wp-content\/uploads\/2018\/05\/roll-forming-machine-for-metal-roof-tile.jpg?resize=700%2C400&ssl=1 2x, https:\/\/i0.wp.com\/believeindustry.company\/wp-content\/uploads\/2018\/05\/roll-forming-machine-for-metal-roof-tile.jpg?resize=1050%2C600&ssl=1 3x"},"classes":[]}],"amp_enabled":true,"_links":{"self":[{"href":"https:\/\/believeindustry.company\/pt\/wp-json\/wp\/v2\/pages\/3148","targetHints":{"allow":["GET"]}}],"collection":[{"href":"https:\/\/believeindustry.company\/pt\/wp-json\/wp\/v2\/pages"}],"about":[{"href":"https:\/\/believeindustry.company\/pt\/wp-json\/wp\/v2\/types\/page"}],"author":[{"embeddable":true,"href":"https:\/\/believeindustry.company\/pt\/wp-json\/wp\/v2\/users\/2"}],"replies":[{"embeddable":true,"href":"https:\/\/believeindustry.company\/pt\/wp-json\/wp\/v2\/comments?post=3148"}],"version-history":[{"count":2,"href":"https:\/\/believeindustry.company\/pt\/wp-json\/wp\/v2\/pages\/3148\/revisions"}],"predecessor-version":[{"id":19726,"href":"https:\/\/believeindustry.company\/pt\/wp-json\/wp\/v2\/pages\/3148\/revisions\/19726"}],"up":[{"embeddable":true,"href":"https:\/\/believeindustry.company\/pt\/wp-json\/wp\/v2\/pages\/724"}],"wp:featuredmedia":[{"embeddable":true,"href":"https:\/\/believeindustry.company\/pt\/wp-json\/wp\/v2\/media\/3150"}],"wp:attachment":[{"href":"https:\/\/believeindustry.company\/pt\/wp-json\/wp\/v2\/media?parent=3148"}],"wp:term":[{"taxonomy":"post_tag","embeddable":true,"href":"https:\/\/believeindustry.company\/pt\/wp-json\/wp\/v2\/tags?post=3148"}],"curies":[{"name":"wp","href":"https:\/\/api.w.org\/{rel}","templated":true}]}}