{"id":3224,"date":"2018-10-30T16:02:08","date_gmt":"2018-10-30T08:02:08","guid":{"rendered":"https:\/\/believeindustry.company\/?page_id=3224"},"modified":"2026-03-13T15:27:24","modified_gmt":"2026-03-13T07:27:24","slug":"maquina-de-perfilagem-de-calhas","status":"publish","type":"page","link":"https:\/\/believeindustry.company\/pt\/roll-forming-machine\/downspoutgutter-roll-forming-machine\/downspout-roll-forming-machine\/","title":{"rendered":"M\u00e1quina de perfilagem de calhas pluviais"},"content":{"rendered":"<p><strong>M\u00e1quina de perfilagem de calhas pluviais<\/strong> \u00c9 utilizada para produzir tubos de queda retangulares ou redondos, sendo sempre equipada com uma m\u00e1quina de cotovelo.<!--more--><\/p>\n\n\n\n<h2 class=\"wp-block-heading\"><span style=\"font-size: 18pt;\">M\u00e1quina de perfilagem de calhas pluviais<\/span><\/h2>\n\n\n\n<h3 class=\"wp-block-heading\"><span style=\"font-size: 14pt;\">O que \u00e9 um tubo de descida?<\/span><\/h3>\n\n\n\n<p>Um tubo de descida tamb\u00e9m \u00e9 chamado de calha, tubo de drenagem, tubo de escoamento de \u00e1gua pluvial, tubo de drenagem do telhado ou tubo de drenagem. \u00c9 um tubo para conduzir a \u00e1gua da chuva da calha.<\/p>\n\n\n\n<p>As calhas geralmente s\u00e3o verticais e descem at\u00e9 o solo. A \u00e1gua da chuva \u00e9 direcionada para longe da funda\u00e7\u00e3o do edif\u00edcio, protegendo-o de danos causados pela \u00e1gua.&nbsp;<\/p>\n\n\n\n<p>Os materiais utilizados nos tubos de queda s\u00e3o geralmente PPGI, GI, cobre, alum\u00ednio, etc.<\/p>\n\n\n\n<h3 class=\"wp-block-heading\"><span style=\"font-size: 12pt;\">Componentes da m\u00e1quina de calha de drenagem<\/span><\/h3>\n\n\n\n<ol class=\"wp-block-list\">\n<li>Desbobinador el\u00e9trico de 3 toneladas<\/li>\n\n\n\n<li>M\u00e1quina de conforma\u00e7\u00e3o de rolos<\/li>\n\n\n\n<li>Alisador de cabelo<\/li>\n\n\n\n<li>Unidade de corte<\/li>\n\n\n\n<li>Painel de controle<\/li>\n\n\n\n<li>Mesa de coleta<\/li>\n\n\n\n<li>Esta\u00e7\u00e3o Hidr\u00e1ulica<\/li>\n\n\n\n<li>M\u00e1quina de cotovelo (opcional)<\/li>\n<\/ol>\n\n\n\n<h3 class=\"wp-block-heading\"><span style=\"font-size: 14pt;\">Par\u00e2metros t\u00e9cnicos da m\u00e1quina de perfilagem de calhas<\/span><\/h3>\n\n\n\n<h4 class=\"wp-block-heading\"><span style=\"font-size: 12pt;\">Desbobinador el\u00e9trico de 3 toneladas<\/span><\/h4>\n\n\n\n<ol class=\"wp-block-list\">\n<li>Capacidade: M\u00e1x. 3 toneladas<\/li>\n\n\n\n<li>Pot\u00eancia do motor: 2,2 kW<\/li>\n\n\n\n<li>Di\u00e2metro interno da bobina: 450-600 mm<\/li>\n\n\n\n<li>Di\u00e2metro externo da bobina: M\u00e1x. 1500 mm<\/li>\n\n\n\n<li>Ajuste manual de afrouxamento e tensionamento.\u00a0<\/li>\n<\/ol>\n\n\n\n<h4 class=\"wp-block-heading\"><span style=\"font-size: 12pt;\"><a href=\"https:\/\/believeindustry.company\/pt\/linha-de-maquinas-de-perfilagem-de-rolos\/\">M\u00e1quina de conforma\u00e7\u00e3o de rolos<\/a><\/span><\/h4>\n\n\n\n<ol class=\"wp-block-list\">\n<li>Base da m\u00e1quina: a\u00e7o soldado 350 H<\/li>\n\n\n\n<li>Estrutura da m\u00e1quina: Pilar cromado<\/li>\n\n\n\n<li>Material do rolo: ASTM 1045, cromado 0,05 mm<\/li>\n\n\n\n<li>Di\u00e2metro do eixo: 70 mm<\/li>\n\n\n\n<li>Pot\u00eancia do motor: 7,5 kW<\/li>\n\n\n\n<li>Velocidade da m\u00e1quina de instala\u00e7\u00e3o de calhas: 8-10 m\/min<\/li>\n\n\n\n<li>Etapas de forma\u00e7\u00e3o: 18<\/li>\n<\/ol>\n\n\n\n<h4 class=\"wp-block-heading\"><span style=\"font-size: 12pt;\">Unidade de corte<\/span><\/h4>\n\n\n\n<ol class=\"wp-block-list\">\n<li>Tipo de corte: Corte hidr\u00e1ulico, com parada da pe\u00e7a conformada por rolos durante o corte.<\/li>\n\n\n\n<li>Pot\u00eancia do motor hidr\u00e1ulico: 4 kW<\/li>\n\n\n\n<li>Press\u00e3o hidr\u00e1ulica de trabalho: 12-16 MPa<\/li>\n\n\n\n<li>Material da l\u00e2mina de corte: Cr12 com tratamento t\u00e9rmico<\/li>\n\n\n\n<li>Medi\u00e7\u00e3o de comprimento: Medi\u00e7\u00e3o autom\u00e1tica de comprimento por codificador (marca Omron).<\/li>\n\n\n\n<li>Toler\u00e2ncia de comprimento: \u00b11,0 mm<\/li>\n<\/ol>\n\n\n\n<h4 class=\"wp-block-heading\"><span style=\"font-size: 12pt;\">Painel de controle<\/span><\/h4>\n\n\n\n<ol class=\"wp-block-list\">\n<li>Tens\u00e3o e frequ\u00eancia: 415V, 50Hz, trif\u00e1sico<\/li>\n\n\n\n<li>Painel de controle: Tela sens\u00edvel ao toque com interruptor tipo bot\u00e3o<\/li>\n\n\n\n<li>Unidade de medida: Mil\u00edmetro (selecion\u00e1vel no painel de controle)<\/li>\n\n\n\n<li>Marca do PLC: Panasonic<\/li>\n\n\n\n<li>Conversor de frequ\u00eancia Marca: Yaskawa<\/li>\n\n\n\n<li>Marca do codificador: Omron<\/li>\n\n\n\n<li>Marca da tela sens\u00edvel ao toque: Siemens<\/li>\n\n\n\n<li>Utilizamos conectores de avia\u00e7\u00e3o para facilitar a conex\u00e3o dos fios pelos clientes.<\/li>\n\n\n\n<li>Voc\u00ea pode definir o comprimento e a quantidade de corte na tela sens\u00edvel ao toque. A m\u00e1quina parar\u00e1 automaticamente ap\u00f3s a conclus\u00e3o do programa de corte.<\/li>\n<\/ol>\n\n\n\n<h4 class=\"wp-block-heading\"><span style=\"font-size: 12pt;\">M\u00e1quina de cotovelo (opcional)<\/span><\/h4>\n\n\n\n<ol class=\"wp-block-list\">\n<li>\u00c2ngulo m\u00e1ximo de curvatura: 90 graus<\/li>\n\n\n\n<li>Fun\u00e7\u00e3o: dobrar e fixar ao mesmo tempo<\/li>\n\n\n\n<li>Pot\u00eancia el\u00e9trica: 2,2 kW<\/li>\n<\/ol>\n\n\n\n<figure class=\"wp-block-image\"><img fetchpriority=\"high\" decoding=\"async\" width=\"1024\" height=\"768\" data-attachment-id=\"3228\" data-permalink=\"https:\/\/believeindustry.company\/pt\/elbow-machine\/\" data-orig-file=\"https:\/\/believeindustry.company\/wp-content\/uploads\/2018\/10\/elbow-machine-e1540886664286.jpg\" data-orig-size=\"720,725\" data-comments-opened=\"1\" data-image-meta=\"{&quot;aperture&quot;:&quot;0&quot;,&quot;credit&quot;:&quot;&quot;,&quot;camera&quot;:&quot;&quot;,&quot;caption&quot;:&quot;&quot;,&quot;created_timestamp&quot;:&quot;0&quot;,&quot;copyright&quot;:&quot;&quot;,&quot;focal_length&quot;:&quot;0&quot;,&quot;iso&quot;:&quot;0&quot;,&quot;shutter_speed&quot;:&quot;0&quot;,&quot;title&quot;:&quot;&quot;,&quot;orientation&quot;:&quot;0&quot;}\" data-image-title=\"elbow machine\" data-image-description=\"\" data-image-caption=\"\" data-large-file=\"https:\/\/believeindustry.company\/wp-content\/uploads\/2018\/10\/elbow-machine-1024x768.jpg\" src=\"https:\/\/believeindustry.company\/wp-content\/uploads\/2018\/10\/elbow-machine-1024x768.jpg\" alt=\"m\u00e1quina de cotovelo\" class=\"wp-image-3228\"\/><\/figure>\n\n\n\n<p><a href=\"http:\/\/www.belirollforming.com\" data-type=\"link\" data-id=\"http:\/\/www.belirollforming.com\" target=\"_blank\" rel=\"noopener\">Acredite na Empresa do Setor <\/a>tamb\u00e9m t\u00eam um corpo <strong>m\u00e1quina de perfilagem de calhas<\/strong> que pode produzir tubos e curvas em uma \u00fanica m\u00e1quina. <a href=\"https:\/\/believeindustry.company\/pt\/contato\/\">Contate-nos<\/a> Para obter mais informa\u00e7\u00f5es.<\/p>","protected":false},"excerpt":{"rendered":"<p>A m\u00e1quina de perfilagem de calhas \u00e9 utilizada para produzir tubos de queda retangulares ou redondos, e \u00e9 sempre equipada com uma m\u00e1quina para curvas.<\/p>","protected":false},"author":2,"featured_media":3231,"parent":1078,"menu_order":3,"comment_status":"closed","ping_status":"closed","template":"","meta":{"_angie_page":false,"footnotes":"","big_sky_generated":false},"tags":[607848792,607849633,607848791,607849061,607848793],"class_list":["post-3224","page","type-page","status-publish","has-post-thumbnail","hentry","tag-downpipe-machine","tag-downspout-lines","tag-downspout-machine","tag-downspout-roll-forming-machine","tag-waterspout-machine"],"blocksy_meta":[],"jetpack_sharing_enabled":true,"jetpack_shortlink":"https:\/\/wp.me\/P9K5n8-Q0","jetpack_likes_enabled":false,"jetpack-related-posts":[{"id":22021,"url":"https:\/\/believeindustry.company\/pt\/elementor-page-22021\/","url_meta":{"origin":3224,"position":0},"title":"Calha e tubo de queda","author":"Believe Industry Group","date":"Abril 12, 2026","format":false,"excerpt":"A roll forming machine for rain downspout and gutter is specialized manufacturing equipment designed to produce the vital components of residential and commercial roof drainage systems.These machines continuously profile flat coils of aluminum, galvanized steel, or copper into functional, weather-resistant water management products. The equipment generally falls into two categories:\u2026","rel":"","context":"Similar post","block_context":{"text":"Similar post","link":""},"img":{"alt_text":"downspout and gutter","src":"https:\/\/i0.wp.com\/believeindustry.company\/wp-content\/uploads\/2026\/04\/downspout-and-gutter.webp?resize=350%2C200&ssl=1","width":350,"height":200,"srcset":"https:\/\/i0.wp.com\/believeindustry.company\/wp-content\/uploads\/2026\/04\/downspout-and-gutter.webp?resize=350%2C200&ssl=1 1x, https:\/\/i0.wp.com\/believeindustry.company\/wp-content\/uploads\/2026\/04\/downspout-and-gutter.webp?resize=525%2C300&ssl=1 1.5x, https:\/\/i0.wp.com\/believeindustry.company\/wp-content\/uploads\/2026\/04\/downspout-and-gutter.webp?resize=700%2C400&ssl=1 2x, https:\/\/i0.wp.com\/believeindustry.company\/wp-content\/uploads\/2026\/04\/downspout-and-gutter.webp?resize=1050%2C600&ssl=1 3x, https:\/\/i0.wp.com\/believeindustry.company\/wp-content\/uploads\/2026\/04\/downspout-and-gutter.webp?resize=1400%2C800&ssl=1 4x"},"classes":[]},{"id":6810,"url":"https:\/\/believeindustry.company\/pt\/roll-forming-machine\/downspoutgutter-roll-forming-machine\/downspout-and-elbow-roll-former\/","url_meta":{"origin":3224,"position":1},"title":"Formador de rolo para calha e cotovelo","author":"Believe Industry Group","date":"Junho 19, 2019","format":false,"excerpt":"Believe Industry new design downspout and elbow roll former(downpipe machine) offers a complete package for producing downspout and elbow products. Which also have the ability to bend elbow offsets which allows the production of many custom shapes in seamless pieces. Downspout and Elbow Roll Former Downspout and Elbow The new\u2026","rel":"","context":"Similar post","block_context":{"text":"Similar post","link":""},"img":{"alt_text":"downspout and elbow machine","src":"https:\/\/i0.wp.com\/believeindustry.company\/wp-content\/uploads\/2019\/06\/downspout-and-elbow-machine.png?resize=350%2C200&ssl=1","width":350,"height":200},"classes":[]},{"id":1078,"url":"https:\/\/believeindustry.company\/pt\/roll-forming-machine\/downspoutgutter-roll-forming-machine\/","url_meta":{"origin":3224,"position":2},"title":"M\u00e1quina de perfilagem de calhas e condutores pluviais","author":"Believe Industry Group","date":"Abril 10, 2018","format":false,"excerpt":"","rel":"","context":"In \"believe industry machine\"","block_context":{"text":"believe industry machine","link":"https:\/\/believeindustry.company\/pt\/tag\/believe-industry-machine\/"},"img":{"alt_text":"DownspoutGutter Roll Forming Machines","src":"https:\/\/i0.wp.com\/believeindustry.company\/wp-content\/uploads\/2018\/04\/copper-gutter-outlet-elbows-scupper-and-downspout.jpg?resize=350%2C200&ssl=1","width":350,"height":200,"srcset":"https:\/\/i0.wp.com\/believeindustry.company\/wp-content\/uploads\/2018\/04\/copper-gutter-outlet-elbows-scupper-and-downspout.jpg?resize=350%2C200&ssl=1 1x, https:\/\/i0.wp.com\/believeindustry.company\/wp-content\/uploads\/2018\/04\/copper-gutter-outlet-elbows-scupper-and-downspout.jpg?resize=525%2C300&ssl=1 1.5x, https:\/\/i0.wp.com\/believeindustry.company\/wp-content\/uploads\/2018\/04\/copper-gutter-outlet-elbows-scupper-and-downspout.jpg?resize=700%2C400&ssl=1 2x"},"classes":[]},{"id":577,"url":"https:\/\/believeindustry.company\/pt\/roll-forming-machine\/","url_meta":{"origin":3224,"position":3},"title":"M\u00e1quina de perfilagem de rolos","author":"Believe Industry Group","date":"Mar\u00e7o 22, 2018","format":false,"excerpt":"As a premier manufacturer and exporter of machinery from Wuxi, China, Beli RollForming specializes in designing and building a vast range of high-performance roll forming machines for various global industries.Beli RollForming's Roll Forming Machines are advanced, continuous production systems that transform flat metal coils (steel, aluminum, etc.) into precise, long-length\u2026","rel":"","context":"In \"Coil Roll Forming Machine\"","block_context":{"text":"Coil Roll Forming Machine","link":"https:\/\/believeindustry.company\/pt\/tag\/coil-roll-forming-machine\/"},"img":{"alt_text":"roll forming mills","src":"https:\/\/i0.wp.com\/believeindustry.company\/wp-content\/uploads\/2018\/03\/roll-forming-mills-e1522722506357.jpg?resize=350%2C200&ssl=1","width":350,"height":200,"srcset":"https:\/\/i0.wp.com\/believeindustry.company\/wp-content\/uploads\/2018\/03\/roll-forming-mills-e1522722506357.jpg?resize=350%2C200&ssl=1 1x, https:\/\/i0.wp.com\/believeindustry.company\/wp-content\/uploads\/2018\/03\/roll-forming-mills-e1522722506357.jpg?resize=525%2C300&ssl=1 1.5x, https:\/\/i0.wp.com\/believeindustry.company\/wp-content\/uploads\/2018\/03\/roll-forming-mills-e1522722506357.jpg?resize=700%2C400&ssl=1 2x, https:\/\/i0.wp.com\/believeindustry.company\/wp-content\/uploads\/2018\/03\/roll-forming-mills-e1522722506357.jpg?resize=1050%2C600&ssl=1 3x"},"classes":[]},{"id":2264,"url":"https:\/\/believeindustry.company\/pt\/roll-forming-machine\/downspoutgutter-roll-forming-machine\/portable-gutter-machine-for-sale\/","url_meta":{"origin":3224,"position":4},"title":"M\u00e1quina port\u00e1til para calhas","author":"Believe Industry Group","date":"Junho 19, 2018","format":false,"excerpt":"Believe Industry Company have a full range of portable gutter machine for sale. 5\" and 6\" K style, 6\" half round gutter and 7\" industrial gutter machines. Portable Gutter Machine For Sale What's A Gutter? A rain gutter is a components of water discharge system for a building. Water from\u2026","rel":"","context":"In \"downspout lines\"","block_context":{"text":"downspout lines","link":"https:\/\/believeindustry.company\/pt\/tag\/downspout-lines\/"},"img":{"alt_text":"portable gutter machine for sale (2)","src":"https:\/\/i0.wp.com\/believeindustry.company\/wp-content\/uploads\/2018\/06\/portable-gutter-machine-for-sale-2.jpg?resize=350%2C200&ssl=1","width":350,"height":200,"srcset":"https:\/\/i0.wp.com\/believeindustry.company\/wp-content\/uploads\/2018\/06\/portable-gutter-machine-for-sale-2.jpg?resize=350%2C200&ssl=1 1x, https:\/\/i0.wp.com\/believeindustry.company\/wp-content\/uploads\/2018\/06\/portable-gutter-machine-for-sale-2.jpg?resize=525%2C300&ssl=1 1.5x, https:\/\/i0.wp.com\/believeindustry.company\/wp-content\/uploads\/2018\/06\/portable-gutter-machine-for-sale-2.jpg?resize=700%2C400&ssl=1 2x, https:\/\/i0.wp.com\/believeindustry.company\/wp-content\/uploads\/2018\/06\/portable-gutter-machine-for-sale-2.jpg?resize=1050%2C600&ssl=1 3x"},"classes":[]},{"id":6869,"url":"https:\/\/believeindustry.company\/pt\/roll-forming-machine\/customized-profile-roll-forming-machine\/greenhouse-profile-roll-forming-machine\/","url_meta":{"origin":3224,"position":5},"title":"M\u00e1quina de perfilagem de rolos para estufas","author":"Believe Industry Group","date":"Julho 2, 2019","format":false,"excerpt":"Greenhouse Profile Roll Forming Machine is for producing greenhouse profiles. Such as steel angle, channel, conduit, or a hat-shaped fastener. Believe Industry Company help you roll your profiles with precision. Making a greenhouse frame that is sturdy is essential. Keeping your or your customers' greenhouse sturdy stands through all weather,\u2026","rel":"","context":"In \"custom designs\"","block_context":{"text":"custom designs","link":"https:\/\/believeindustry.company\/pt\/tag\/custom-designs\/"},"img":{"alt_text":"cropped greenhouse profile roll forming machine","src":"https:\/\/i0.wp.com\/believeindustry.company\/wp-content\/uploads\/2019\/07\/cropped-greenhouse-profile-roll-forming-machine.jpg?resize=350%2C200&ssl=1","width":350,"height":200,"srcset":"https:\/\/i0.wp.com\/believeindustry.company\/wp-content\/uploads\/2019\/07\/cropped-greenhouse-profile-roll-forming-machine.jpg?resize=350%2C200&ssl=1 1x, https:\/\/i0.wp.com\/believeindustry.company\/wp-content\/uploads\/2019\/07\/cropped-greenhouse-profile-roll-forming-machine.jpg?resize=525%2C300&ssl=1 1.5x, https:\/\/i0.wp.com\/believeindustry.company\/wp-content\/uploads\/2019\/07\/cropped-greenhouse-profile-roll-forming-machine.jpg?resize=700%2C400&ssl=1 2x"},"classes":[]}],"amp_enabled":true,"_links":{"self":[{"href":"https:\/\/believeindustry.company\/pt\/wp-json\/wp\/v2\/pages\/3224","targetHints":{"allow":["GET"]}}],"collection":[{"href":"https:\/\/believeindustry.company\/pt\/wp-json\/wp\/v2\/pages"}],"about":[{"href":"https:\/\/believeindustry.company\/pt\/wp-json\/wp\/v2\/types\/page"}],"author":[{"embeddable":true,"href":"https:\/\/believeindustry.company\/pt\/wp-json\/wp\/v2\/users\/2"}],"replies":[{"embeddable":true,"href":"https:\/\/believeindustry.company\/pt\/wp-json\/wp\/v2\/comments?post=3224"}],"version-history":[{"count":2,"href":"https:\/\/believeindustry.company\/pt\/wp-json\/wp\/v2\/pages\/3224\/revisions"}],"predecessor-version":[{"id":20910,"href":"https:\/\/believeindustry.company\/pt\/wp-json\/wp\/v2\/pages\/3224\/revisions\/20910"}],"up":[{"embeddable":true,"href":"https:\/\/believeindustry.company\/pt\/wp-json\/wp\/v2\/pages\/1078"}],"wp:featuredmedia":[{"embeddable":true,"href":"https:\/\/believeindustry.company\/pt\/wp-json\/wp\/v2\/media\/3231"}],"wp:attachment":[{"href":"https:\/\/believeindustry.company\/pt\/wp-json\/wp\/v2\/media?parent=3224"}],"wp:term":[{"taxonomy":"post_tag","embeddable":true,"href":"https:\/\/believeindustry.company\/pt\/wp-json\/wp\/v2\/tags?post=3224"}],"curies":[{"name":"wp","href":"https:\/\/api.w.org\/{rel}","templated":true}]}}