{"id":403,"date":"2018-03-16T14:09:25","date_gmt":"2018-03-16T06:09:25","guid":{"rendered":"https:\/\/believeindustry.company\/?page_id=403"},"modified":"2025-12-05T15:12:26","modified_gmt":"2025-12-05T07:12:26","slug":"linha-de-corte","status":"publish","type":"page","link":"https:\/\/believeindustry.company\/pt\/coil-process-equipment\/slitting-line\/","title":{"rendered":"Linha de corte"},"content":{"rendered":"<p><strong>BELI \u00ae <a title=\"Linha de corte\" href=\"https:\/\/believeindustry.company\/pt\/linha-de-corte\/\" rel=\"\">Linha de corte<\/a><\/strong> \u00e9 usado<strong>\u00a0<\/strong>Cortar os rolos\/bobinas grandes e largos em rolos estreitos e embal\u00e1-los automaticamente.<!--more--><\/p>\n<h1><span style=\"font-size: 12pt;\">Informa\u00e7\u00f5es sobre a linha de corte longitudinal<\/span><\/h1>\n<p>Bobina\u00a0<strong>M\u00e1quina de linha de corte\u00a0<\/strong>A BELI\u00ae \u00e9 uma marca reconhecida pela sua ampla gama de produtos:<\/p>\n<ul>\n<li><a href=\"https:\/\/believeindustry.company\/pt\/equipamentos-de-processamento-de-bobinas\/linha-de-corte\/linha-de-corte-longitudinal-de-bitola-fina\/\">M\u00e1quina de corte longitudinal de bobinas de bitola fina<\/a> :(0,2-4mm)*2000mm, Peso de 20 toneladas.<\/li>\n<li><a href=\"https:\/\/believeindustry.company\/pt\/equipamentos-de-processamento-de-bobinas\/linha-de-corte\/linha-de-corte-longitudinal-de-bitola-media\/\">Linha de corte longitudinal de bitola m\u00e9dia<\/a> : (2-8 mm)*2000 mm, Peso de 20 toneladas<\/li>\n<li><a href=\"https:\/\/believeindustry.company\/pt\/equipamentos-de-processamento-de-bobinas\/linha-de-corte\/linha-de-corte-longitudinal-de-bitola-grossa\/\">M\u00e1quina de linha de corte longitudinal para materiais de alta espessura<\/a>Dimens\u00f5es: (8-20 mm)*2600 mm, Peso: 35 toneladas<\/li>\n<\/ul>\n<p><strong><b>Tamb\u00e9m oferecemos linhas de corte longitudinal personalizadas para todos os tipos de tiras met\u00e1licas e em todas as dimens\u00f5es necess\u00e1rias.<\/b><\/strong><\/p>\n<p>As linhas de corte longitudinal, como o pr\u00f3prio nome indica, cortam grandes rolos de material em rolos estreitos, e toda a linha geralmente inclui um dispositivo de rebobinagem. Os materiais dos rolos podem ser: a\u00e7o laminado a quente, a\u00e7o laminado a frio, a\u00e7o galvanizado, a\u00e7o pr\u00e9-pintado, a\u00e7o inoxid\u00e1vel, cobre, etc.<\/p>\n<p>Uma f\u00e1brica de a\u00e7o precisa adquirir v\u00e1rias linhas de produ\u00e7\u00e3o para atender a diferentes requisitos ou para obter grande capacidade produtiva. As bobinas\/rolos estreitos s\u00e3o amplamente utilizados em f\u00e1bricas de tubos de a\u00e7o, f\u00e1bricas de estruturas met\u00e1licas e f\u00e1bricas de sistemas de armazenamento, em conjunto com m\u00e1quinas de perfilagem, puncionadeiras e laminadores de tubos.<\/p>\n<p><strong>Voc\u00ea poder\u00e1 encontrar a linha de corte adequada entre os produtos abaixo.<\/strong><\/p>\n<p>&nbsp;<\/p>","protected":false},"excerpt":{"rendered":"<p>BELI \u00ae Slitting Line is used\u00a0to slit the big wide rolls\/coils into narrow rolls, and packaging it automatically.<\/p>","protected":false},"author":2,"featured_media":926,"parent":170,"menu_order":1,"comment_status":"closed","ping_status":"closed","template":"","meta":{"_angie_page":false,"footnotes":"","big_sky_generated":false},"tags":[],"class_list":["post-403","page","type-page","status-publish","has-post-thumbnail","hentry"],"blocksy_meta":[],"jetpack_sharing_enabled":false,"jetpack_shortlink":"https:\/\/wp.me\/P9K5n8-6v","jetpack_likes_enabled":false,"jetpack-related-posts":[{"id":472,"url":"https:\/\/believeindustry.company\/pt\/coil-process-equipment\/slitting-line\/light-gauge-slitting-line\/","url_meta":{"origin":403,"position":0},"title":"Linha de corte longitudinal para bitola fina","author":"Believe Industry Group","date":"Mar\u00e7o 16, 2018","format":false,"excerpt":"Light Gauge Slitting Line, which is used to slitting the coils\/rolls(Thickness is 0.2-4mm, width: 500-2000mm, weight is 55-25 Ton) \u00a0into desired narrow coils\/rolls, Light Gauge Slitting Line Usually, light gauge slitting line is high precision and speed is up to 120m\/min or more. this line widely used in steel roofing\u2026","rel":"","context":"In \"Coil Slitting Line\"","block_context":{"text":"Coil Slitting Line","link":"https:\/\/believeindustry.company\/pt\/tag\/coil-slitting-line\/"},"img":{"alt_text":"Light Gauge Slitting Line","src":"https:\/\/i0.wp.com\/believeindustry.company\/wp-content\/uploads\/2018\/03\/Light-Gauge-Slitting-Line.jpg?resize=350%2C200&ssl=1","width":350,"height":200,"srcset":"https:\/\/i0.wp.com\/believeindustry.company\/wp-content\/uploads\/2018\/03\/Light-Gauge-Slitting-Line.jpg?resize=350%2C200&ssl=1 1x, https:\/\/i0.wp.com\/believeindustry.company\/wp-content\/uploads\/2018\/03\/Light-Gauge-Slitting-Line.jpg?resize=525%2C300&ssl=1 1.5x, https:\/\/i0.wp.com\/believeindustry.company\/wp-content\/uploads\/2018\/03\/Light-Gauge-Slitting-Line.jpg?resize=700%2C400&ssl=1 2x, https:\/\/i0.wp.com\/believeindustry.company\/wp-content\/uploads\/2018\/03\/Light-Gauge-Slitting-Line.jpg?resize=1050%2C600&ssl=1 3x"},"classes":[]},{"id":1289,"url":"https:\/\/believeindustry.company\/pt\/coil-process-equipment\/slitting-line\/heavy-gauge-slitting-line\/","url_meta":{"origin":403,"position":1},"title":"Linha de corte longitudinal para materiais de alta espessura","author":"Believe Industry Group","date":"Abril 16, 2018","format":false,"excerpt":"Heavy Gauge Slitting Line, which is used to slitting the coils\/rolls(Thickness is 8-20 mm, width: 600-2600mm, weight is 15-35Ton) \u00a0into desired narrow coils\/rolls, Heavy Gauge Slitting Line Details BELI\u00ae is engage in designing and manufacturing full range of Slitting Lines as per demands. We have a professional team with years'\u2026","rel":"","context":"In \"Coil Slitting Line\"","block_context":{"text":"Coil Slitting Line","link":"https:\/\/believeindustry.company\/pt\/tag\/coil-slitting-line\/"},"img":{"alt_text":"Heavy Gauge Slitting Line","src":"https:\/\/i0.wp.com\/believeindustry.company\/wp-content\/uploads\/2018\/03\/Heavy-Gauge-Slitting-Line-1.jpg?resize=350%2C200&ssl=1","width":350,"height":200,"srcset":"https:\/\/i0.wp.com\/believeindustry.company\/wp-content\/uploads\/2018\/03\/Heavy-Gauge-Slitting-Line-1.jpg?resize=350%2C200&ssl=1 1x, https:\/\/i0.wp.com\/believeindustry.company\/wp-content\/uploads\/2018\/03\/Heavy-Gauge-Slitting-Line-1.jpg?resize=525%2C300&ssl=1 1.5x, https:\/\/i0.wp.com\/believeindustry.company\/wp-content\/uploads\/2018\/03\/Heavy-Gauge-Slitting-Line-1.jpg?resize=700%2C400&ssl=1 2x, https:\/\/i0.wp.com\/believeindustry.company\/wp-content\/uploads\/2018\/03\/Heavy-Gauge-Slitting-Line-1.jpg?resize=1050%2C600&ssl=1 3x"},"classes":[]},{"id":475,"url":"https:\/\/believeindustry.company\/pt\/coil-process-equipment\/slitting-line\/medium-gauge-slitting-line\/","url_meta":{"origin":403,"position":2},"title":"Linha de corte longitudinal de bitola m\u00e9dia","author":"Believe Industry Group","date":"Mar\u00e7o 16, 2018","format":false,"excerpt":"Medium Gauge Slitting Line, which is used to slitting the coils\/rolls(Thickness is 2-8mm, width: 500-2600mm, weight is 15-25 Ton) \u00a0into desired narrow coils\/rolls, Medium Gauge Slitting Line BELI\u00ae\u00a0is one of slitting line manufacturers in Wuxi, China, we have full range of Light Gauge Slitting Lines for different demands. please refer\u2026","rel":"","context":"In \"Coil Slitting Line\"","block_context":{"text":"Coil Slitting Line","link":"https:\/\/believeindustry.company\/pt\/tag\/coil-slitting-line\/"},"img":{"alt_text":"Medium Gauge Slitting Line","src":"https:\/\/i0.wp.com\/believeindustry.company\/wp-content\/uploads\/2018\/03\/Medium-Gauge-Slitting-Line-1.jpg?resize=350%2C200&ssl=1","width":350,"height":200,"srcset":"https:\/\/i0.wp.com\/believeindustry.company\/wp-content\/uploads\/2018\/03\/Medium-Gauge-Slitting-Line-1.jpg?resize=350%2C200&ssl=1 1x, https:\/\/i0.wp.com\/believeindustry.company\/wp-content\/uploads\/2018\/03\/Medium-Gauge-Slitting-Line-1.jpg?resize=525%2C300&ssl=1 1.5x, https:\/\/i0.wp.com\/believeindustry.company\/wp-content\/uploads\/2018\/03\/Medium-Gauge-Slitting-Line-1.jpg?resize=700%2C400&ssl=1 2x, https:\/\/i0.wp.com\/believeindustry.company\/wp-content\/uploads\/2018\/03\/Medium-Gauge-Slitting-Line-1.jpg?resize=1050%2C600&ssl=1 3x"},"classes":[]},{"id":3681,"url":"https:\/\/believeindustry.company\/pt\/steel-slitting-machine-line\/","url_meta":{"origin":403,"position":3},"title":"Linha de m\u00e1quinas de corte longitudinal de a\u00e7o","author":"Believe Industry Group","date":"Janeiro 3, 2019","format":false,"excerpt":"Believe Industry Company have a full range of steel slitting machine line for a different requirements. Contact us now for more information. Steel Slitting Machine Line What's Slitting Machine Line? Slitting is the operation of cutting a wide strip\u00a0into a number of narrow strips by passing the\u00a0strip between circular cutters\u2026","rel":"","context":"In \"Slitting Line\"","block_context":{"text":"Slitting Line","link":"https:\/\/believeindustry.company\/pt\/tag\/slitting-line\/"},"img":{"alt_text":"slitting machine line supplier","src":"https:\/\/i0.wp.com\/believeindustry.company\/wp-content\/uploads\/2019\/01\/slitting-machine-line-supplier.png?resize=350%2C200&ssl=1","width":350,"height":200,"srcset":"https:\/\/i0.wp.com\/believeindustry.company\/wp-content\/uploads\/2019\/01\/slitting-machine-line-supplier.png?resize=350%2C200&ssl=1 1x, https:\/\/i0.wp.com\/believeindustry.company\/wp-content\/uploads\/2019\/01\/slitting-machine-line-supplier.png?resize=525%2C300&ssl=1 1.5x, https:\/\/i0.wp.com\/believeindustry.company\/wp-content\/uploads\/2019\/01\/slitting-machine-line-supplier.png?resize=700%2C400&ssl=1 2x, https:\/\/i0.wp.com\/believeindustry.company\/wp-content\/uploads\/2019\/01\/slitting-machine-line-supplier.png?resize=1050%2C600&ssl=1 3x"},"classes":[]},{"id":6801,"url":"https:\/\/believeindustry.company\/pt\/coil-process-equipment\/slitting-line\/silicon-steel-slitting-line\/","url_meta":{"origin":403,"position":4},"title":"Linha de corte longitudinal de a\u00e7o sil\u00edcio","author":"Believe Industry Group","date":"Junho 17, 2019","format":false,"excerpt":"The Silicon Steel slitting line is used to longitudinal cutting the wide CRGO coil into required width of strips and wind into rolled coil. It is necessary for transformer industry. Silicon Steel Slitting Line Parameters Input Coil Parameters MaterialSilicon, CR, HRThickness0.2-0.8 mmWidth800-1500 mmMechanical CharacterMax 550 MpaCoil I.D508 mmCoil O.DMax 2000\u2026","rel":"","context":"Similar post","block_context":{"text":"Similar post","link":""},"img":{"alt_text":"Silicon Slitting Line Machine","src":"https:\/\/i0.wp.com\/believeindustry.company\/wp-content\/uploads\/2019\/06\/Silicon-Slitting-Line-Machine.jpg?resize=350%2C200&ssl=1","width":350,"height":200,"srcset":"https:\/\/i0.wp.com\/believeindustry.company\/wp-content\/uploads\/2019\/06\/Silicon-Slitting-Line-Machine.jpg?resize=350%2C200&ssl=1 1x, https:\/\/i0.wp.com\/believeindustry.company\/wp-content\/uploads\/2019\/06\/Silicon-Slitting-Line-Machine.jpg?resize=525%2C300&ssl=1 1.5x, https:\/\/i0.wp.com\/believeindustry.company\/wp-content\/uploads\/2019\/06\/Silicon-Slitting-Line-Machine.jpg?resize=700%2C400&ssl=1 2x, https:\/\/i0.wp.com\/believeindustry.company\/wp-content\/uploads\/2019\/06\/Silicon-Slitting-Line-Machine.jpg?resize=1050%2C600&ssl=1 3x, https:\/\/i0.wp.com\/believeindustry.company\/wp-content\/uploads\/2019\/06\/Silicon-Slitting-Line-Machine.jpg?resize=1400%2C800&ssl=1 4x"},"classes":[]},{"id":2277,"url":"https:\/\/believeindustry.company\/pt\/coil-process-equipment\/slitting-line\/simple-slitting-line-price\/","url_meta":{"origin":403,"position":5},"title":"Linha de corte simples","author":"Believe Industry Group","date":"Junho 19, 2018","format":false,"excerpt":"Want to know more information of simple slitting line price. Which line speed is around 20m\/min. And which is a good choice for a small business. Simple Slitting Line Price Layout of Simple Slitting Line Brief information of Simple Slitting Line Coil Width: Max 1250mm Thickness: 0.5-1.5 mm Line Speed:\u2026","rel":"","context":"In \"mini slitting line\"","block_context":{"text":"mini slitting line","link":"https:\/\/believeindustry.company\/pt\/tag\/mini-slitting-line\/"},"img":{"alt_text":"simple slitting line price","src":"https:\/\/i0.wp.com\/believeindustry.company\/wp-content\/uploads\/2018\/06\/simple-slitting-line.jpg?resize=350%2C200&ssl=1","width":350,"height":200,"srcset":"https:\/\/i0.wp.com\/believeindustry.company\/wp-content\/uploads\/2018\/06\/simple-slitting-line.jpg?resize=350%2C200&ssl=1 1x, https:\/\/i0.wp.com\/believeindustry.company\/wp-content\/uploads\/2018\/06\/simple-slitting-line.jpg?resize=525%2C300&ssl=1 1.5x, https:\/\/i0.wp.com\/believeindustry.company\/wp-content\/uploads\/2018\/06\/simple-slitting-line.jpg?resize=700%2C400&ssl=1 2x, https:\/\/i0.wp.com\/believeindustry.company\/wp-content\/uploads\/2018\/06\/simple-slitting-line.jpg?resize=1050%2C600&ssl=1 3x"},"classes":[]}],"amp_enabled":true,"_links":{"self":[{"href":"https:\/\/believeindustry.company\/pt\/wp-json\/wp\/v2\/pages\/403","targetHints":{"allow":["GET"]}}],"collection":[{"href":"https:\/\/believeindustry.company\/pt\/wp-json\/wp\/v2\/pages"}],"about":[{"href":"https:\/\/believeindustry.company\/pt\/wp-json\/wp\/v2\/types\/page"}],"author":[{"embeddable":true,"href":"https:\/\/believeindustry.company\/pt\/wp-json\/wp\/v2\/users\/2"}],"replies":[{"embeddable":true,"href":"https:\/\/believeindustry.company\/pt\/wp-json\/wp\/v2\/comments?post=403"}],"version-history":[{"count":1,"href":"https:\/\/believeindustry.company\/pt\/wp-json\/wp\/v2\/pages\/403\/revisions"}],"predecessor-version":[{"id":19696,"href":"https:\/\/believeindustry.company\/pt\/wp-json\/wp\/v2\/pages\/403\/revisions\/19696"}],"up":[{"embeddable":true,"href":"https:\/\/believeindustry.company\/pt\/wp-json\/wp\/v2\/pages\/170"}],"wp:featuredmedia":[{"embeddable":true,"href":"https:\/\/believeindustry.company\/pt\/wp-json\/wp\/v2\/media\/926"}],"wp:attachment":[{"href":"https:\/\/believeindustry.company\/pt\/wp-json\/wp\/v2\/media?parent=403"}],"wp:term":[{"taxonomy":"post_tag","embeddable":true,"href":"https:\/\/believeindustry.company\/pt\/wp-json\/wp\/v2\/tags?post=403"}],"curies":[{"name":"wp","href":"https:\/\/api.w.org\/{rel}","templated":true}]}}