{"id":407,"date":"2018-03-16T14:34:25","date_gmt":"2018-03-16T06:34:25","guid":{"rendered":"https:\/\/believeindustry.company\/?page_id=407"},"modified":"2025-12-05T15:14:21","modified_gmt":"2025-12-05T07:14:21","slug":"linhas-de-corte-no-comprimento-desejado","status":"publish","type":"page","link":"https:\/\/believeindustry.company\/pt\/coil-process-equipment\/cut-to-length-lines\/","title":{"rendered":"Linha de corte no comprimento desejado"},"content":{"rendered":"<p>Linhas de corte BELI\u00ae (Uma das <a title=\"Clique para saber mais detalhes sobre equipamentos de processamento de bobinas.\" href=\"https:\/\/believeindustry.company\/pt\/equipamentos-de-processamento-de-bobinas\/\" rel=\"\">equipamentos de processamento de bobinas<\/a>) \u00e9 utilizada para cortar a tira met\u00e1lica de endireitamento em chapa met\u00e1lica e empilh\u00e1-la automaticamente,<!--more--><\/p>\n<h1><span style=\"font-size: 14pt;\">Linhas de corte no comprimento desejado<\/span><\/h1>\n<p>Dependendo das necessidades, temos 3 tipos ou gamas de linhas de corte sob medida:<\/p>\n<ul>\n<li>Linhas de corte sob medida para bitola fina: (0,3-4 mm) * 2000 mm<\/li>\n<li>Calibre M\u00e9dio <a title=\"Saiba mais sobre a linha de corte sob medida.\" href=\"https:\/\/believeindustry.company\/pt\/corte-no-comprimento-desejado\/\" rel=\"\">Linha de corte no comprimento desejado<\/a>: (2-12mm)*2200mm<\/li>\n<li><a title=\"Saiba mais detalhes sobre linhas de corte sob medida.\" href=\"https:\/\/believeindustry.company\/pt\/equipamentos-de-processamento-de-bobinas\/linhas-de-corte-no-comprimento-desejado\/\" rel=\"\">Linha de corte sob medida de calibre grosso<\/a>: (6-20mm)*2600<\/li>\n<\/ul>\n<p>Tamb\u00e9m oferecemos servi\u00e7os de corte personalizado sob medida para todos os tipos de tiras met\u00e1licas e em todas as dimens\u00f5es necess\u00e1rias.<\/p>\n<p>Dependendo da qualidade exigida, do n\u00edvel de planicidade e do acabamento superficial da chapa met\u00e1lica, a linha de corte transversal pode ser complementada com nossa m\u00e1quina de nivelamento de precis\u00e3o, guilhotina de corte de bordas ou dispositivo de lamina\u00e7\u00e3o de folha.<\/p>\n<p>Dependendo da necessidade e da produtividade, nossas linhas de corte em comprimento s\u00e3o equipadas com tesouras de corte em comprimento com parada e rastreamento ou tesouras de corte em movimento e o sistema de empilhamento adequado.<\/p>\n<div class=\"mceTemp\"><\/div>\n<p>&nbsp;<\/p>","protected":false},"excerpt":{"rendered":"<p>As linhas de corte BELI\u00ae (um dos equipamentos para processamento de bobinas) s\u00e3o usadas para cortar a tira de metal endireitada em chapas met\u00e1licas e empilh\u00e1-las automaticamente.,<\/p>","protected":false},"author":2,"featured_media":504,"parent":170,"menu_order":2,"comment_status":"closed","ping_status":"closed","template":"","meta":{"_angie_page":false,"footnotes":"","big_sky_generated":false},"tags":[607847308,607847306,607844988,607847307],"class_list":["post-407","page","type-page","status-publish","has-post-thumbnail","hentry","tag-cr-ctl-line","tag-ctl-line","tag-cut-to-length-line","tag-hr-ctl-line"],"blocksy_meta":[],"jetpack_sharing_enabled":false,"jetpack_shortlink":"https:\/\/wp.me\/P9K5n8-6z","jetpack_likes_enabled":false,"jetpack-related-posts":[{"id":2477,"url":"https:\/\/believeindustry.company\/pt\/coil-process-equipment\/cut-to-length-lines\/heavy-gauge-ctl-line\/","url_meta":{"origin":407,"position":0},"title":"Linha CTL de bitola grossa","author":"Believe Industry Group","date":"Julho 19, 2018","format":false,"excerpt":"Heavy Gauge CTL Line is for cut 3.2mm -15mm thickness carbon steel coils into sheets. which coil weight is up to 25 Ton. Heavy Gauge CTL Line Work Flow and Layout of Cut-To-Length Line Heavy Gauge CTL Line \u00a0Parameters ITEM PARAMETER Specifications Material carbon steel plate Thickness 3.2mm\u201415mm Width 600mm\u20141600mm\u2026","rel":"","context":"In \"CR CTL Line\"","block_context":{"text":"CR CTL Line","link":"https:\/\/believeindustry.company\/pt\/tag\/cr-ctl-line\/"},"img":{"alt_text":"heavy gauge ctl line","src":"https:\/\/i0.wp.com\/believeindustry.company\/wp-content\/uploads\/2018\/07\/heavy-gauge-ctl-line.jpg?resize=350%2C200&ssl=1","width":350,"height":200,"srcset":"https:\/\/i0.wp.com\/believeindustry.company\/wp-content\/uploads\/2018\/07\/heavy-gauge-ctl-line.jpg?resize=350%2C200&ssl=1 1x, https:\/\/i0.wp.com\/believeindustry.company\/wp-content\/uploads\/2018\/07\/heavy-gauge-ctl-line.jpg?resize=525%2C300&ssl=1 1.5x, https:\/\/i0.wp.com\/believeindustry.company\/wp-content\/uploads\/2018\/07\/heavy-gauge-ctl-line.jpg?resize=700%2C400&ssl=1 2x, https:\/\/i0.wp.com\/believeindustry.company\/wp-content\/uploads\/2018\/07\/heavy-gauge-ctl-line.jpg?resize=1050%2C600&ssl=1 3x"},"classes":[]},{"id":742,"url":"https:\/\/believeindustry.company\/pt\/coil-process-equipment\/cut-to-length-lines\/light-gauge-cut-to-length-line\/","url_meta":{"origin":407,"position":1},"title":"Linha de corte sob medida para bitola leve","author":"Believe Industry Group","date":"Mar\u00e7o 28, 2018","format":false,"excerpt":"A BELI\u00ae possui uma linha completa de equipamentos para processamento de bobinas: linhas de corte longitudinal, linhas de corte transversal e linhas de corte de blanks. A linha de corte transversal \u00e9 classificada em 3 classes: para bobinas de bitola grossa, m\u00e9dia e fina. Todas as nossas linhas s\u00e3o personalizadas para atender a diferentes demandas.","rel":"","context":"Similar post","block_context":{"text":"Similar post","link":""},"img":{"alt_text":"light gauge cut to length line","src":"https:\/\/i0.wp.com\/believeindustry.company\/wp-content\/uploads\/2018\/03\/DSC_3370-e1522227763287.jpg?resize=350%2C200&ssl=1","width":350,"height":200,"srcset":"https:\/\/i0.wp.com\/believeindustry.company\/wp-content\/uploads\/2018\/03\/DSC_3370-e1522227763287.jpg?resize=350%2C200&ssl=1 1x, https:\/\/i0.wp.com\/believeindustry.company\/wp-content\/uploads\/2018\/03\/DSC_3370-e1522227763287.jpg?resize=525%2C300&ssl=1 1.5x, https:\/\/i0.wp.com\/believeindustry.company\/wp-content\/uploads\/2018\/03\/DSC_3370-e1522227763287.jpg?resize=700%2C400&ssl=1 2x"},"classes":[]},{"id":214,"url":"https:\/\/believeindustry.company\/pt\/why-choose-us\/","url_meta":{"origin":407,"position":2},"title":"Por que nos escolher?","author":"Believe Industry Group","date":"Mar\u00e7o 15, 2018","format":false,"excerpt":"Believe Industry is\u00a0dedicated to producing high-quality, productivity-enhancing metal processing equipment for customers around the world. we have all the types of slitting lines and cut to length lines for different requirements. We should cosider the thickness of the material, the type of material, the weight of the coils to be\u2026","rel":"","context":"In \"Believe Industry\"","block_context":{"text":"Believe Industry","link":"https:\/\/believeindustry.company\/pt\/tag\/believe-industry\/"},"img":{"alt_text":"pexels-photo-886465","src":"https:\/\/i0.wp.com\/believeindustry.company\/wp-content\/uploads\/2018\/03\/pexels-photo-886465.jpeg?resize=350%2C200&ssl=1","width":350,"height":200,"srcset":"https:\/\/i0.wp.com\/believeindustry.company\/wp-content\/uploads\/2018\/03\/pexels-photo-886465.jpeg?resize=350%2C200&ssl=1 1x, https:\/\/i0.wp.com\/believeindustry.company\/wp-content\/uploads\/2018\/03\/pexels-photo-886465.jpeg?resize=525%2C300&ssl=1 1.5x, https:\/\/i0.wp.com\/believeindustry.company\/wp-content\/uploads\/2018\/03\/pexels-photo-886465.jpeg?resize=700%2C400&ssl=1 2x"},"classes":[]},{"id":2407,"url":"https:\/\/believeindustry.company\/pt\/roll-forming-machine\/metal-sheet-roll-forming-machine\/box-profile-roofing-sheets-roll-forming-machine\/","url_meta":{"origin":407,"position":3},"title":"M\u00e1quina de perfilagem de chapas de cobertura com perfil trapezoidal","author":"Believe Industry Group","date":"Julho 4, 2018","format":false,"excerpt":"A m\u00e1quina de perfilagem para telhas de perfil trapezoidal \u00e9 utilizada na produ\u00e7\u00e3o de telhas de perfil trapezoidal, amplamente empregadas em telhados de concreto armado. A Believe Industry oferece uma linha completa de m\u00e1quinas de perfilagem para perfis trapezoidais, com todos os componentes personaliz\u00e1veis.","rel":"","context":"In \"Cold Roll Forming Machine\"","block_context":{"text":"Cold Roll Forming Machine","link":"https:\/\/believeindustry.company\/pt\/tag\/cold-roll-forming-machine\/"},"img":{"alt_text":"box profile roofing sheets roll forming machine","src":"https:\/\/i0.wp.com\/believeindustry.company\/wp-content\/uploads\/2018\/07\/box-profile-roofing-sheets-roll-forming-machine.jpg?resize=350%2C200&ssl=1","width":350,"height":200,"srcset":"https:\/\/i0.wp.com\/believeindustry.company\/wp-content\/uploads\/2018\/07\/box-profile-roofing-sheets-roll-forming-machine.jpg?resize=350%2C200&ssl=1 1x, https:\/\/i0.wp.com\/believeindustry.company\/wp-content\/uploads\/2018\/07\/box-profile-roofing-sheets-roll-forming-machine.jpg?resize=525%2C300&ssl=1 1.5x, https:\/\/i0.wp.com\/believeindustry.company\/wp-content\/uploads\/2018\/07\/box-profile-roofing-sheets-roll-forming-machine.jpg?resize=700%2C400&ssl=1 2x"},"classes":[]},{"id":2386,"url":"https:\/\/believeindustry.company\/pt\/roll-forming-machine\/pallet-racking-roll-forming-machine\/supermarket-shelving-panel-roll-forming-machine\/","url_meta":{"origin":407,"position":4},"title":"M\u00e1quina de perfilagem de pain\u00e9is para prateleiras de supermercado","author":"Believe Industry Group","date":"Junho 26, 2018","format":false,"excerpt":"A supermarket shelving panel roll forming machine automates the production of metal panels for shelves. It uses a series of rollers to shape coils into precise profiles. This process is efficient and reduces manual labor. At Beli RollForming, our machines are built with high-quality materials to ensure long-term performance. They\u2026","rel":"","context":"In &quot;Company News&quot;","block_context":{"text":"Company News","link":"https:\/\/believeindustry.company\/pt\/category\/company-news\/"},"img":{"alt_text":"Full view of the complete shelf post roll forming machine line, showing all 6 integrated components in sequence","src":"https:\/\/i0.wp.com\/believeindustry.company\/wp-content\/uploads\/2025\/12\/Supermarket-Shelving-Panel-Roll-Forming-Machine.webp?resize=350%2C200&ssl=1","width":350,"height":200,"srcset":"https:\/\/i0.wp.com\/believeindustry.company\/wp-content\/uploads\/2025\/12\/Supermarket-Shelving-Panel-Roll-Forming-Machine.webp?resize=350%2C200&ssl=1 1x, https:\/\/i0.wp.com\/believeindustry.company\/wp-content\/uploads\/2025\/12\/Supermarket-Shelving-Panel-Roll-Forming-Machine.webp?resize=525%2C300&ssl=1 1.5x, https:\/\/i0.wp.com\/believeindustry.company\/wp-content\/uploads\/2025\/12\/Supermarket-Shelving-Panel-Roll-Forming-Machine.webp?resize=700%2C400&ssl=1 2x"},"classes":[]},{"id":2853,"url":"https:\/\/believeindustry.company\/pt\/roll-forming-machine\/customized-profile-roll-forming-machine\/metal-stud-and-track-roll-forming-machine\/","url_meta":{"origin":407,"position":5},"title":"M\u00e1quina de perfilagem de pinos e trilhos","author":"Believe Industry Group","date":"Outubro 2, 2018","format":false,"excerpt":"Metal Stud and Track Roll Forming Machine is for produce studs and tracks with various types. Which is widely used in light steel construction industry. Metal Stud and Track Roll Forming Machine What's Stud and Track? The stud and track are very easy to install with the minimum of knowledge\u2026","rel":"","context":"In &quot;Company News&quot;","block_context":{"text":"Company News","link":"https:\/\/believeindustry.company\/pt\/category\/company-news\/"},"img":{"alt_text":"metal stud and track roll forming machine","src":"https:\/\/i0.wp.com\/believeindustry.company\/wp-content\/uploads\/2018\/10\/stud-and-track-roll-forming-machines-1.jpg?resize=350%2C200&ssl=1","width":350,"height":200,"srcset":"https:\/\/i0.wp.com\/believeindustry.company\/wp-content\/uploads\/2018\/10\/stud-and-track-roll-forming-machines-1.jpg?resize=350%2C200&ssl=1 1x, https:\/\/i0.wp.com\/believeindustry.company\/wp-content\/uploads\/2018\/10\/stud-and-track-roll-forming-machines-1.jpg?resize=525%2C300&ssl=1 1.5x, https:\/\/i0.wp.com\/believeindustry.company\/wp-content\/uploads\/2018\/10\/stud-and-track-roll-forming-machines-1.jpg?resize=700%2C400&ssl=1 2x, https:\/\/i0.wp.com\/believeindustry.company\/wp-content\/uploads\/2018\/10\/stud-and-track-roll-forming-machines-1.jpg?resize=1050%2C600&ssl=1 3x"},"classes":[]}],"amp_enabled":true,"_links":{"self":[{"href":"https:\/\/believeindustry.company\/pt\/wp-json\/wp\/v2\/pages\/407","targetHints":{"allow":["GET"]}}],"collection":[{"href":"https:\/\/believeindustry.company\/pt\/wp-json\/wp\/v2\/pages"}],"about":[{"href":"https:\/\/believeindustry.company\/pt\/wp-json\/wp\/v2\/types\/page"}],"author":[{"embeddable":true,"href":"https:\/\/believeindustry.company\/pt\/wp-json\/wp\/v2\/users\/2"}],"replies":[{"embeddable":true,"href":"https:\/\/believeindustry.company\/pt\/wp-json\/wp\/v2\/comments?post=407"}],"version-history":[{"count":1,"href":"https:\/\/believeindustry.company\/pt\/wp-json\/wp\/v2\/pages\/407\/revisions"}],"predecessor-version":[{"id":19701,"href":"https:\/\/believeindustry.company\/pt\/wp-json\/wp\/v2\/pages\/407\/revisions\/19701"}],"up":[{"embeddable":true,"href":"https:\/\/believeindustry.company\/pt\/wp-json\/wp\/v2\/pages\/170"}],"wp:featuredmedia":[{"embeddable":true,"href":"https:\/\/believeindustry.company\/pt\/wp-json\/wp\/v2\/media\/504"}],"wp:attachment":[{"href":"https:\/\/believeindustry.company\/pt\/wp-json\/wp\/v2\/media?parent=407"}],"wp:term":[{"taxonomy":"post_tag","embeddable":true,"href":"https:\/\/believeindustry.company\/pt\/wp-json\/wp\/v2\/tags?post=407"}],"curies":[{"name":"wp","href":"https:\/\/api.w.org\/{rel}","templated":true}]}}