{"id":462,"date":"2018-03-16T17:20:42","date_gmt":"2018-03-16T09:20:42","guid":{"rendered":"https:\/\/believeindustry.company\/?page_id=462"},"modified":"2025-12-05T15:17:30","modified_gmt":"2025-12-05T07:17:30","slug":"produto","status":"publish","type":"page","link":"https:\/\/believeindustry.company\/pt\/product\/","title":{"rendered":"Produto"},"content":{"rendered":"","protected":false},"excerpt":{"rendered":"","protected":false},"author":2,"featured_media":1826,"parent":0,"menu_order":0,"comment_status":"closed","ping_status":"closed","template":"","meta":{"_angie_page":false,"footnotes":"","big_sky_generated":false},"tags":[607846190,607847854,607846023,607846388,607848147,607845740,607846624,607846639,607848227],"class_list":["post-462","page","type-page","status-publish","has-post-thumbnail","hentry","tag-roll-former","tag-roll-former-machine","tag-roll-forming","tag-roll-forming-line","tag-roll-forming-line-machine","tag-roll-forming-machine","tag-roll-forming-machine-line","tag-roll-forming-product","tag-rollforming-machine"],"blocksy_meta":[],"jetpack_sharing_enabled":true,"jetpack_shortlink":"https:\/\/wp.me\/P9K5n8-7s","jetpack_likes_enabled":false,"jetpack-related-posts":[{"id":829,"url":"https:\/\/believeindustry.company\/pt\/roll-forming-machines\/","url_meta":{"origin":462,"position":0},"title":"Como funciona uma m\u00e1quina de perfilagem","author":"Believe Industry Group","date":"Abril 1, 2018","format":false,"excerpt":"A roll forming machine roll forming the metals at room temperature using a number of roll stands where fixed rollers both guide the metal and make the necessary roll forming. As the strip of metal goes through the roll forming machines, each set of rollers roll forming the metal a\u2026","rel":"","context":"In \"how roll forming machine work\"","block_context":{"text":"how roll forming machine work","link":"https:\/\/believeindustry.company\/pt\/tag\/how-roll-forming-machine-work\/"},"img":{"alt_text":"roll forming machines","src":"https:\/\/i0.wp.com\/believeindustry.company\/wp-content\/uploads\/2018\/04\/roll-forming-machines-2.jpg?resize=350%2C200&ssl=1","width":350,"height":200,"srcset":"https:\/\/i0.wp.com\/believeindustry.company\/wp-content\/uploads\/2018\/04\/roll-forming-machines-2.jpg?resize=350%2C200&ssl=1 1x, https:\/\/i0.wp.com\/believeindustry.company\/wp-content\/uploads\/2018\/04\/roll-forming-machines-2.jpg?resize=525%2C300&ssl=1 1.5x, https:\/\/i0.wp.com\/believeindustry.company\/wp-content\/uploads\/2018\/04\/roll-forming-machines-2.jpg?resize=700%2C400&ssl=1 2x, https:\/\/i0.wp.com\/believeindustry.company\/wp-content\/uploads\/2018\/04\/roll-forming-machines-2.jpg?resize=1050%2C600&ssl=1 3x"},"classes":[]},{"id":21922,"url":"https:\/\/believeindustry.company\/pt\/construction-and-steel-structure\/","url_meta":{"origin":462,"position":1},"title":"Constru\u00e7\u00e3o e Estrutura Met\u00e1lica","author":"Believe Industry Group","date":"Abril 12, 2026","format":false,"excerpt":"A roll forming machine for construction and steel structure is heavy-duty manufacturing equipment essential for fabricating the custom components used in pre-engineered buildings and structural frameworks.Functioning as an automated, high-speed production line, it continuously converts large, flat coils of raw steel into ready-to-install building materials\u2014such as C and Z purlins,\u2026","rel":"","context":"Similar post","block_context":{"text":"Similar post","link":""},"img":{"alt_text":"","src":"https:\/\/i0.wp.com\/believeindustry.company\/wp-content\/uploads\/2026\/04\/steel-structure-building-1-1.jpg?resize=350%2C200&ssl=1","width":350,"height":200,"srcset":"https:\/\/i0.wp.com\/believeindustry.company\/wp-content\/uploads\/2026\/04\/steel-structure-building-1-1.jpg?resize=350%2C200&ssl=1 1x, https:\/\/i0.wp.com\/believeindustry.company\/wp-content\/uploads\/2026\/04\/steel-structure-building-1-1.jpg?resize=525%2C300&ssl=1 1.5x, https:\/\/i0.wp.com\/believeindustry.company\/wp-content\/uploads\/2026\/04\/steel-structure-building-1-1.jpg?resize=700%2C400&ssl=1 2x"},"classes":[]},{"id":22047,"url":"https:\/\/believeindustry.company\/pt\/customized-profiles\/","url_meta":{"origin":462,"position":2},"title":"Perfis personalizados","author":"Believe Industry Group","date":"Abril 12, 2026","format":false,"excerpt":"A roll forming machine for customized profiles is highly specialized manufacturing equipment engineered to produce unique, non-standard metal cross-sections tailored to specific proprietary designs or niche applications.Unlike standard machines built for common shapes like roofing or studs, these systems are custom-designed from the ground up. They utilize uniquely engineered roller\u2026","rel":"","context":"Similar post","block_context":{"text":"Similar post","link":""},"img":{"alt_text":"custom roll forming machine","src":"https:\/\/i0.wp.com\/believeindustry.company\/wp-content\/uploads\/2018\/05\/custom-roll-forming-machine.jpg?resize=350%2C200&ssl=1","width":350,"height":200,"srcset":"https:\/\/i0.wp.com\/believeindustry.company\/wp-content\/uploads\/2018\/05\/custom-roll-forming-machine.jpg?resize=350%2C200&ssl=1 1x, https:\/\/i0.wp.com\/believeindustry.company\/wp-content\/uploads\/2018\/05\/custom-roll-forming-machine.jpg?resize=525%2C300&ssl=1 1.5x, https:\/\/i0.wp.com\/believeindustry.company\/wp-content\/uploads\/2018\/05\/custom-roll-forming-machine.jpg?resize=700%2C400&ssl=1 2x, https:\/\/i0.wp.com\/believeindustry.company\/wp-content\/uploads\/2018\/05\/custom-roll-forming-machine.jpg?resize=1050%2C600&ssl=1 3x"},"classes":[]},{"id":593,"url":"https:\/\/believeindustry.company\/pt\/roll-forming-machine\/metal-sheet-roll-forming-machine\/roofing-sheet-roll-forming-machine\/","url_meta":{"origin":462,"position":3},"title":"M\u00e1quina de perfilagem de chapas de cobertura","author":"Believe Industry Group","date":"Mar\u00e7o 22, 2018","format":false,"excerpt":"A m\u00e1quina de perfilagem de telhas met\u00e1licas foi projetada para produzir diversos tipos de telhas e revestimentos de parede, conforme o projeto e no comprimento desejado. A espessura varia normalmente de 0,2 a 0,8 mm e a resist\u00eancia de 235 MPa a 550 MPa. Introdu\u00e7\u00e3o \u00e0 m\u00e1quina de perfilagem de telhas met\u00e1licas. Onde encontrar\u2026","rel":"","context":"In \"Construction and Steel Structure\"","block_context":{"text":"Construction and Steel Structure","link":"https:\/\/believeindustry.company\/pt\/tag\/construction-and-steel-structure\/"},"img":{"alt_text":"roof sheet roll forming machine","src":"https:\/\/i0.wp.com\/believeindustry.company\/wp-content\/uploads\/2018\/06\/roof-sheet-roll-forming-machine_%E5%89%AF%E6%9C%AC.jpg?resize=350%2C200&ssl=1","width":350,"height":200,"srcset":"https:\/\/i0.wp.com\/believeindustry.company\/wp-content\/uploads\/2018\/06\/roof-sheet-roll-forming-machine_%E5%89%AF%E6%9C%AC.jpg?resize=350%2C200&ssl=1 1x, https:\/\/i0.wp.com\/believeindustry.company\/wp-content\/uploads\/2018\/06\/roof-sheet-roll-forming-machine_%E5%89%AF%E6%9C%AC.jpg?resize=525%2C300&ssl=1 1.5x, https:\/\/i0.wp.com\/believeindustry.company\/wp-content\/uploads\/2018\/06\/roof-sheet-roll-forming-machine_%E5%89%AF%E6%9C%AC.jpg?resize=700%2C400&ssl=1 2x, https:\/\/i0.wp.com\/believeindustry.company\/wp-content\/uploads\/2018\/06\/roof-sheet-roll-forming-machine_%E5%89%AF%E6%9C%AC.jpg?resize=1050%2C600&ssl=1 3x"},"classes":[]},{"id":4532,"url":"https:\/\/believeindustry.company\/pt\/roll-forming-machine\/purlin-roll-forming-machine\/multibeam-roll-forming-machine\/","url_meta":{"origin":462,"position":4},"title":"M\u00e1quina de perfilagem de rolos multifeixe","author":"Believe Industry Group","date":"Mar\u00e7o 1, 2019","format":false,"excerpt":"Multibeam Roll Forming MachineWhat's Multibeam?OverviewProfile drawings and Dimensions of MultibeamsMaterial DetailsSpecifications of Multibeam Roll Forming MachineMultibeam Machine ComponentsLayout of the Multibeam Beam Roll Forming MachineBrief Introduction of Multibeam Roll Forming Line Multibeam Roll Forming Machine is for producing series sizes of multi beams as per requirements. Multibeam Roll Forming Machine\u2026","rel":"","context":"In \"Construction and Steel Structure\"","block_context":{"text":"Construction and Steel Structure","link":"https:\/\/believeindustry.company\/pt\/tag\/construction-and-steel-structure\/"},"img":{"alt_text":"multibeam roll forming machine","src":"https:\/\/i0.wp.com\/believeindustry.company\/wp-content\/uploads\/2019\/03\/multibeam-roll-forming-machine.png?resize=350%2C200&ssl=1","width":350,"height":200,"srcset":"https:\/\/i0.wp.com\/believeindustry.company\/wp-content\/uploads\/2019\/03\/multibeam-roll-forming-machine.png?resize=350%2C200&ssl=1 1x, https:\/\/i0.wp.com\/believeindustry.company\/wp-content\/uploads\/2019\/03\/multibeam-roll-forming-machine.png?resize=525%2C300&ssl=1 1.5x, https:\/\/i0.wp.com\/believeindustry.company\/wp-content\/uploads\/2019\/03\/multibeam-roll-forming-machine.png?resize=700%2C400&ssl=1 2x"},"classes":[]},{"id":2692,"url":"https:\/\/believeindustry.company\/pt\/roll-forming-machine\/customized-profile-roll-forming-machine\/steel-silo-roll-forming-machine\/","url_meta":{"origin":462,"position":5},"title":"M\u00e1quina de conforma\u00e7\u00e3o de rolos para silos de a\u00e7o para gr\u00e3os","author":"Believe Industry Group","date":"Agosto 13, 2018","format":false,"excerpt":"","rel":"","context":"In \"custom designs\"","block_context":{"text":"custom designs","link":"https:\/\/believeindustry.company\/pt\/tag\/custom-designs\/"},"img":{"alt_text":"Steel Silo Roll Forming Machine","src":"https:\/\/i0.wp.com\/believeindustry.company\/wp-content\/uploads\/2018\/08\/Steel-Silo-Roll-Forming-Machine.jpg?resize=350%2C200&ssl=1","width":350,"height":200,"srcset":"https:\/\/i0.wp.com\/believeindustry.company\/wp-content\/uploads\/2018\/08\/Steel-Silo-Roll-Forming-Machine.jpg?resize=350%2C200&ssl=1 1x, https:\/\/i0.wp.com\/believeindustry.company\/wp-content\/uploads\/2018\/08\/Steel-Silo-Roll-Forming-Machine.jpg?resize=525%2C300&ssl=1 1.5x, https:\/\/i0.wp.com\/believeindustry.company\/wp-content\/uploads\/2018\/08\/Steel-Silo-Roll-Forming-Machine.jpg?resize=700%2C400&ssl=1 2x, https:\/\/i0.wp.com\/believeindustry.company\/wp-content\/uploads\/2018\/08\/Steel-Silo-Roll-Forming-Machine.jpg?resize=1050%2C600&ssl=1 3x"},"classes":[]}],"amp_enabled":true,"_links":{"self":[{"href":"https:\/\/believeindustry.company\/pt\/wp-json\/wp\/v2\/pages\/462","targetHints":{"allow":["GET"]}}],"collection":[{"href":"https:\/\/believeindustry.company\/pt\/wp-json\/wp\/v2\/pages"}],"about":[{"href":"https:\/\/believeindustry.company\/pt\/wp-json\/wp\/v2\/types\/page"}],"author":[{"embeddable":true,"href":"https:\/\/believeindustry.company\/pt\/wp-json\/wp\/v2\/users\/2"}],"replies":[{"embeddable":true,"href":"https:\/\/believeindustry.company\/pt\/wp-json\/wp\/v2\/comments?post=462"}],"version-history":[{"count":1,"href":"https:\/\/believeindustry.company\/pt\/wp-json\/wp\/v2\/pages\/462\/revisions"}],"predecessor-version":[{"id":19707,"href":"https:\/\/believeindustry.company\/pt\/wp-json\/wp\/v2\/pages\/462\/revisions\/19707"}],"wp:featuredmedia":[{"embeddable":true,"href":"https:\/\/believeindustry.company\/pt\/wp-json\/wp\/v2\/media\/1826"}],"wp:attachment":[{"href":"https:\/\/believeindustry.company\/pt\/wp-json\/wp\/v2\/media?parent=462"}],"wp:term":[{"taxonomy":"post_tag","embeddable":true,"href":"https:\/\/believeindustry.company\/pt\/wp-json\/wp\/v2\/tags?post=462"}],"curies":[{"name":"wp","href":"https:\/\/api.w.org\/{rel}","templated":true}]}}