{"id":593,"date":"2018-03-22T11:12:33","date_gmt":"2018-03-22T03:12:33","guid":{"rendered":"https:\/\/believeindustry.company\/?page_id=593"},"modified":"2026-04-11T21:58:58","modified_gmt":"2026-04-11T13:58:58","slug":"maquina-de-perfilagem-de-chapas-de-cobertura","status":"publish","type":"page","link":"https:\/\/believeindustry.company\/pt\/roll-forming-machine\/metal-sheet-roll-forming-machine\/roofing-sheet-roll-forming-machine\/","title":{"rendered":"M\u00e1quina de perfilagem de chapas de cobertura"},"content":{"rendered":"<p><strong>M\u00e1quina de perfilagem de chapas de cobertura<\/strong> \u00c9 projetada para produzir diversos tipos de telhas e revestimentos de parede conforme o projeto e o comprimento desejado. A espessura normalmente varia de 0,2 a 0,8 mm e a resist\u00eancia de 235 MPa a 550 MPa. <\/p>\n\n\n\n<h2 class=\"wp-block-heading\"><strong><span style=\"font-size: 18pt;\">Introdu\u00e7\u00e3o \u00e0 m\u00e1quina de perfilagem de chapas para telhados<\/span><\/strong><\/h2>\n\n\n\n<h3 class=\"wp-block-heading\"><strong><span style=\"font-size: 14pt;\">Onde usar a m\u00e1quina de perfilagem de pain\u00e9is de telhado?<\/span><\/strong><\/h3>\n\n\n\n<p>As m\u00e1quinas para fabrica\u00e7\u00e3o de telhas met\u00e1licas, como a perfiladeira de telhas met\u00e1licas e a perfiladeira de telhas trapezoidais, s\u00e3o utilizadas para produzir chapas met\u00e1licas para revestimento de telhados industriais, comerciais e residenciais. Embora existam diversos perfis de telhas met\u00e1licas, o processo de conforma\u00e7\u00e3o \u00e9 o mesmo. Bobinas (de a\u00e7o galvanizado, a\u00e7o pr\u00e9-moldado, a\u00e7o galvanizado a quente, a\u00e7o pr\u00e9-moldado a quente, etc.) passam por processos de desenrolamento, perfilagem, corte e, em seguida, resultam nos produtos de cobertura desejados.<\/p>\n\n\n\n<h3 class=\"wp-block-heading\"><span style=\"font-size: 14pt;\">Componentes de m\u00e1quinas&nbsp;<\/span><\/h3>\n\n\n\n<ol class=\"wp-block-list\"><li>Desbobinador de 5 toneladas: desenrola as bobinas em folhas planas.<\/li><li>Alimenta\u00e7\u00e3o e direcionamento: guie o material para evitar seu desvio.<\/li><li>Conforma\u00e7\u00e3o por rolos: moldar a chapa no perfil desejado.<\/li><li>Perfura\u00e7\u00e3o: para que a chapa perfilada forme o formato de um azulejo.<\/li><li>Corte: corte o perfil moldado no comprimento desejado.<\/li><li>Tabela de Produtos: suporte para evitar que o produto caia.<\/li><li>Sistema de controle el\u00e9trico: fornecimento de energia el\u00e9trica<\/li><li>Sistema hidr\u00e1ulico: fornece energia hidr\u00e1ulica.<\/li><\/ol>\n\n\n\n<h3 class=\"wp-block-heading\"><strong><span style=\"font-size: 14pt;\">&nbsp;Acess\u00f3rios opcionais para m\u00e1quina de perfilagem de chapas de cobertura<\/span><\/strong><\/h3>\n\n\n\n<figure class=\"wp-block-table\"><table><tbody><tr><td><strong><b>Item<\/b><\/strong><\/td><td><strong><b>Comum Usamos<\/b><\/strong><\/td><td><strong><b>Opcional<\/b><\/strong><\/td><\/tr><tr><td>1. Desbobinador<\/td><td>Desbobinador manual de 5 toneladas<\/td><td>Desbobinador hidr\u00e1ulico de 5 toneladas<\/td><\/tr><tr><td>2. Estrutura Lateral<\/td><td>Tipo de painel de parede<\/td><td>Tipo de pilar guia<\/td><\/tr><tr><td>3. Material do rolo<\/td><td>A\u00e7o 45#<\/td><td>A\u00e7o para rolamentos GCr15<\/td><\/tr><tr><td>4. Tabela de Produtos<\/td><td>Mesa sem energia<\/td><td>Empilhador autom\u00e1tico<\/td><\/tr><tr><td>5. Rolamento<\/td><td>HRB<\/td><td>SKF, FAG, NSK<\/td><\/tr><tr><td>6. Pe\u00e7as El\u00e9tricas<\/td><td>Marca nacional<\/td><td>Siemens, Panasonic, Mitsubishi<\/td><\/tr><\/tbody><\/table><\/figure>\n\n\n\n<h3 class=\"wp-block-heading\"><strong><span style=\"font-size: 14pt;\">Compara\u00e7\u00e3o entre os tipos de estrutura lateral de m\u00e1quinas para telhas met\u00e1licas<\/span><\/strong><\/h3>\n\n\n\n<div class=\"wp-block-image\"><figure class=\"alignright\"><img fetchpriority=\"high\" decoding=\"async\" width=\"391\" height=\"560\" data-attachment-id=\"1914\" data-permalink=\"https:\/\/believeindustry.company\/pt\/roll-forming-machine\/metal-sheet-roll-forming-machine\/roofing-sheet-roll-forming-machine\/metal-roofing-sheets-roll-forming-machine\/\" data-orig-file=\"https:\/\/believeindustry.company\/wp-content\/uploads\/2018\/05\/metal-roofing-sheets-roll-forming-machine.jpg\" data-orig-size=\"391,560\" data-comments-opened=\"1\" data-image-meta=\"{&quot;aperture&quot;:&quot;0&quot;,&quot;credit&quot;:&quot;&quot;,&quot;camera&quot;:&quot;&quot;,&quot;caption&quot;:&quot;&quot;,&quot;created_timestamp&quot;:&quot;0&quot;,&quot;copyright&quot;:&quot;&quot;,&quot;focal_length&quot;:&quot;0&quot;,&quot;iso&quot;:&quot;0&quot;,&quot;shutter_speed&quot;:&quot;0&quot;,&quot;title&quot;:&quot;&quot;,&quot;orientation&quot;:&quot;0&quot;}\" data-image-title=\"metal roofing sheets roll forming machine\" data-image-description=\"\" data-image-caption=\"\" data-large-file=\"https:\/\/believeindustry.company\/wp-content\/uploads\/2018\/05\/metal-roofing-sheets-roll-forming-machine.jpg\" src=\"https:\/\/believeindustry.company\/wp-content\/uploads\/2018\/05\/metal-roofing-sheets-roll-forming-machine.jpg\" alt=\"m\u00e1quina de perfilagem de chapas de cobertura\" class=\"wp-image-1914\" srcset=\"https:\/\/believeindustry.company\/wp-content\/uploads\/2018\/05\/metal-roofing-sheets-roll-forming-machine.jpg 391w, https:\/\/believeindustry.company\/wp-content\/uploads\/2018\/05\/metal-roofing-sheets-roll-forming-machine-209x300.jpg 209w\" sizes=\"(max-width: 391px) 100vw, 391px\" \/><\/figure><\/div>\n\n\n\n<p>Diferentes fabricantes podem ter designs diferentes para a estrutura do suporte dos rolos da m\u00e1quina. Para m\u00e1quinas de perfilagem de chapas met\u00e1licas, geralmente existem dois designs de estrutura lateral: tipo painel de parede e tipo coluna guia. A fun\u00e7\u00e3o do painel de parede e da coluna guia \u00e9 a mesma: fixar os blocos deslizantes, instalados nas duas extremidades do eixo. Alguns preferem o tipo painel de parede, acreditando que essa estrutura torna a m\u00e1quina mais robusta. Outros, por sua vez, preferem a estrutura com coluna guia, considerando-a mais inteligente. Independentemente da estrutura adotada, ambas desempenham um excelente trabalho. Na China, muitas f\u00e1bricas adotam a estrutura com chapas de a\u00e7o para reduzir o custo total da m\u00e1quina. Al\u00e9m disso, acreditamos que a estrutura com chapas de a\u00e7o \u00e9 mais resistente do que a estrutura com colunas.<\/p>\n\n\n\n<h3 class=\"wp-block-heading\"><strong><span style=\"font-size: 14pt;\">Par\u00e2metros t\u00e9cnicos da m\u00e1quina de perfilagem de chapas met\u00e1licas para telhados<\/span><\/strong><\/h3>\n\n\n\n<ol class=\"wp-block-list\"><li>Capacidade do desenrolador: 5 toneladas<\/li><li>Largura de desenrolamento: 600-1250 mm<\/li><li>Espessura do material: 0,2-0,8 mm<\/li><li>Pot\u00eancia do motor principal: 7,5 kW<\/li><li>Forma\u00e7\u00e3o de arquibancadas: 16-26<\/li><li>Material dos rolos: ASTM 1045, cromado, 0,05 mm de espessura<\/li><li>Material do eixo: ASTM 1045, di\u00e2metro externo de 76 mm<\/li><li>Pot\u00eancia hidr\u00e1ulica: 4 kW<\/li><li>Marca do PLC: Panasonic<\/li><\/ol>\n\n\n\n<p><b><a title=\"A China acredita na ind\u00fastria\" href=\"http:\/\/www.belirollform.com\" rel=\"noopener\" target=\"_blank\">BELI \u00ae<\/a> &nbsp;\u2018&#039;s <a href=\"https:\/\/believeindustry.company\/pt\/linha-de-maquinas-de-perfilagem-de-rolos\/\">m\u00e1quina de perfilagem de rolos<\/a> s\u00e3o personalizadas. Adotamos o software Copra para projetar a m\u00e1quina de perfilagem de acordo com os perfis personalizados. Voc\u00ea tamb\u00e9m pode visualizar o nosso <a href=\"https:\/\/believeindustry.company\/pt\/brochure\/catalogo-de-maquinas-de-perfilagem-de-chapas-metalicas\/\">folheto da m\u00e1quina de telhas met\u00e1licas<\/a> Para obter mais informa\u00e7\u00f5es.<\/b><\/p>","protected":false},"excerpt":{"rendered":"<p>Roofing Sheet Roll Forming Machine is designed to produce various kinds of roofing sheets, wall cladding as per design drawing with desired length. The thickness is normal from 0.2 to 0.8mm and the strength is from 235 Mpa to 550 Mpa. Introduction of Roofing Sheet Roll Forming Machine Where to use the roofing panel roll [&hellip;]<\/p>\n","protected":false},"author":2,"featured_media":2261,"parent":724,"menu_order":1,"comment_status":"closed","ping_status":"closed","template":"","meta":{"_angie_page":false,"footnotes":"","big_sky_generated":false},"tags":[607851244,607845980,607849628,607845740,607848238,607848239,607848240,607848237,607848166,607848167,607848165,607846198],"class_list":["post-593","page","type-page","status-publish","has-post-thumbnail","hentry","tag-construction-and-steel-structure","tag-metal-sheet-roll-forming-machine","tag-panel-lines","tag-roll-forming-machine","tag-roof-deck-machine","tag-roof-deck-roll-former","tag-roof-deck-roll-former-machine","tag-roof-deck-roll-forming-machine","tag-roof-panel-machine","tag-roof-panel-roll-former","tag-roof-panel-roll-forming-machine","tag-roofing-sheet-roll-forming-machine"],"blocksy_meta":[],"jetpack_sharing_enabled":true,"jetpack_shortlink":"https:\/\/wp.me\/P9K5n8-9z","jetpack_likes_enabled":false,"jetpack-related-posts":[{"id":724,"url":"https:\/\/believeindustry.company\/pt\/roll-forming-machine\/metal-sheet-roll-forming-machine\/","url_meta":{"origin":593,"position":0},"title":"M\u00e1quina de conforma\u00e7\u00e3o de rolos de chapas met\u00e1licas","author":"Believe Industry Group","date":"Mar\u00e7o 28, 2018","format":false,"excerpt":"Metal Sheet Roll Forming Machines, also named Steel Sheet Roll Forming Machines are widely used in Steel Structure Systems Manufacturers or Builders.Believe Industry Company have full range of Metal Sheet Roll Forming Machine to produce Roof Panels, Wall Cladding Sheets, Step Tiles with different types. Such as: Standing seamming Panel.\u2026","rel":"","context":"In \"believe industry machine\"","block_context":{"text":"believe industry machine","link":"https:\/\/believeindustry.company\/pt\/tag\/believe-industry-machine\/"},"img":{"alt_text":"sheet roll forming machine","src":"https:\/\/i0.wp.com\/believeindustry.company\/wp-content\/uploads\/2018\/03\/metal-sheet-roll-forming-machine.jpg?resize=350%2C200&ssl=1","width":350,"height":200,"srcset":"https:\/\/i0.wp.com\/believeindustry.company\/wp-content\/uploads\/2018\/03\/metal-sheet-roll-forming-machine.jpg?resize=350%2C200&ssl=1 1x, https:\/\/i0.wp.com\/believeindustry.company\/wp-content\/uploads\/2018\/03\/metal-sheet-roll-forming-machine.jpg?resize=525%2C300&ssl=1 1.5x, https:\/\/i0.wp.com\/believeindustry.company\/wp-content\/uploads\/2018\/03\/metal-sheet-roll-forming-machine.jpg?resize=700%2C400&ssl=1 2x"},"classes":[]},{"id":19437,"url":"https:\/\/believeindustry.company\/pt\/product-2\/","url_meta":{"origin":593,"position":1},"title":"Produto","author":"Believe Industry Group","date":"Novembro 12, 2025","format":false,"excerpt":"Energy and Electric Construction and Steel Structure Rack and Shelving Sale Rated 0 out of 5 Energy and Electric 41x41mm 41x82mm Solar Strut Channel Roll Forming Machine $85,000.00 Original price was: $85,000.00.$80,000.00Current price is: $80,000.00. View Product Sale Rated 0 out of 5 Metal Panel Trapezoidal Ribbed Spandeck Roof and\u2026","rel":"","context":"Similar post","block_context":{"text":"Similar post","link":""},"img":{"alt_text":"41x41mm 41x82mm Solar Strut Channel Roll Forming Machine","src":"https:\/\/i0.wp.com\/believeindustry.company\/wp-content\/uploads\/2025\/10\/41x41-41X82-Solar-Strut-Channel-Roll-Forming-Machine-300x214.webp?resize=350%2C200&ssl=1","width":350,"height":200},"classes":[]},{"id":6858,"url":"https:\/\/believeindustry.company\/pt\/roll-forming-machine\/metal-sheet-roll-forming-machine\/klip-lok-roof-sheet-roll-forming-machine\/","url_meta":{"origin":593,"position":2},"title":"M\u00e1quina de perfilagem de chapas de cobertura Klip-Lok","author":"Believe Industry Group","date":"Julho 1, 2019","format":false,"excerpt":"Klip-Lok Roof Sheet Roll Forming Machine also named Clip Lock Roof Sheet Roll Forming Machine, which is for producing klip-lok 700 or klip-lok 406 roof sheets as desired length. Klip-Lok Roof Sheet Roll Forming Machine What's Klip-Lok Roof Sheet? Klip-lok roof sheet is a wide-cover concealed fixed cladding with no\u2026","rel":"","context":"In \"Construction and Steel Structure\"","block_context":{"text":"Construction and Steel Structure","link":"https:\/\/believeindustry.company\/pt\/tag\/construction-and-steel-structure\/"},"img":{"alt_text":"cropped klip lok roof sheet roll forming machine","src":"https:\/\/i0.wp.com\/believeindustry.company\/wp-content\/uploads\/2019\/07\/cropped-klip-lok-roof-sheet-roll-forming-machine.jpg?resize=350%2C200&ssl=1","width":350,"height":200,"srcset":"https:\/\/i0.wp.com\/believeindustry.company\/wp-content\/uploads\/2019\/07\/cropped-klip-lok-roof-sheet-roll-forming-machine.jpg?resize=350%2C200&ssl=1 1x, https:\/\/i0.wp.com\/believeindustry.company\/wp-content\/uploads\/2019\/07\/cropped-klip-lok-roof-sheet-roll-forming-machine.jpg?resize=525%2C300&ssl=1 1.5x"},"classes":[]},{"id":2407,"url":"https:\/\/believeindustry.company\/pt\/roll-forming-machine\/metal-sheet-roll-forming-machine\/box-profile-roofing-sheets-roll-forming-machine\/","url_meta":{"origin":593,"position":3},"title":"M\u00e1quina de perfilagem de chapas de cobertura com perfil trapezoidal","author":"Believe Industry Group","date":"Julho 4, 2018","format":false,"excerpt":"A m\u00e1quina de perfilagem para telhas de perfil trapezoidal \u00e9 utilizada na produ\u00e7\u00e3o de telhas de perfil trapezoidal, amplamente empregadas em telhados de concreto armado. A Believe Industry oferece uma linha completa de m\u00e1quinas de perfilagem para perfis trapezoidais, com todos os componentes personaliz\u00e1veis.","rel":"","context":"In \"Cold Roll Forming Machine\"","block_context":{"text":"Cold Roll Forming Machine","link":"https:\/\/believeindustry.company\/pt\/tag\/cold-roll-forming-machine\/"},"img":{"alt_text":"box profile roofing sheets roll forming machine","src":"https:\/\/i0.wp.com\/believeindustry.company\/wp-content\/uploads\/2018\/07\/box-profile-roofing-sheets-roll-forming-machine.jpg?resize=350%2C200&ssl=1","width":350,"height":200,"srcset":"https:\/\/i0.wp.com\/believeindustry.company\/wp-content\/uploads\/2018\/07\/box-profile-roofing-sheets-roll-forming-machine.jpg?resize=350%2C200&ssl=1 1x, https:\/\/i0.wp.com\/believeindustry.company\/wp-content\/uploads\/2018\/07\/box-profile-roofing-sheets-roll-forming-machine.jpg?resize=525%2C300&ssl=1 1.5x, https:\/\/i0.wp.com\/believeindustry.company\/wp-content\/uploads\/2018\/07\/box-profile-roofing-sheets-roll-forming-machine.jpg?resize=700%2C400&ssl=1 2x"},"classes":[]},{"id":21922,"url":"https:\/\/believeindustry.company\/pt\/construction-and-steel-structure\/","url_meta":{"origin":593,"position":4},"title":"Constru\u00e7\u00e3o e Estrutura Met\u00e1lica","author":"Believe Industry Group","date":"Abril 12, 2026","format":false,"excerpt":"A roll forming machine for construction and steel structure is heavy-duty manufacturing equipment essential for fabricating the custom components used in pre-engineered buildings and structural frameworks.Functioning as an automated, high-speed production line, it continuously converts large, flat coils of raw steel into ready-to-install building materials\u2014such as C and Z purlins,\u2026","rel":"","context":"Similar post","block_context":{"text":"Similar post","link":""},"img":{"alt_text":"","src":"https:\/\/i0.wp.com\/believeindustry.company\/wp-content\/uploads\/2026\/04\/steel-structure-building-1-1.jpg?resize=350%2C200&ssl=1","width":350,"height":200,"srcset":"https:\/\/i0.wp.com\/believeindustry.company\/wp-content\/uploads\/2026\/04\/steel-structure-building-1-1.jpg?resize=350%2C200&ssl=1 1x, https:\/\/i0.wp.com\/believeindustry.company\/wp-content\/uploads\/2026\/04\/steel-structure-building-1-1.jpg?resize=525%2C300&ssl=1 1.5x, https:\/\/i0.wp.com\/believeindustry.company\/wp-content\/uploads\/2026\/04\/steel-structure-building-1-1.jpg?resize=700%2C400&ssl=1 2x"},"classes":[]},{"id":777,"url":"https:\/\/believeindustry.company\/pt\/roll-forming-machine\/metal-sheet-roll-forming-machine\/metal-roof-tile-roll-forming-machine\/","url_meta":{"origin":593,"position":5},"title":"M\u00e1quina de perfilagem de telhas met\u00e1licas","author":"Believe Industry Group","date":"Mar\u00e7o 29, 2018","format":false,"excerpt":"Metal Roof Tile Roll Forming Machine\u00a0is for producing the metal tiles which is similar to traditional tiles. While the quality and life is better. Introduction of Metal Roof Tile Roll Forming Machine Roof Tiles\u00a0are to keep out rain. And traditional made from locally available materials such as slate and terracotta.\u2026","rel":"","context":"In \"Construction and Steel Structure\"","block_context":{"text":"Construction and Steel Structure","link":"https:\/\/believeindustry.company\/pt\/tag\/construction-and-steel-structure\/"},"img":{"alt_text":"roof tile roll forming machine","src":"https:\/\/i0.wp.com\/believeindustry.company\/wp-content\/uploads\/2018\/04\/roof-tile-roll-forming-machine-e1522726193554.jpg?resize=350%2C200&ssl=1","width":350,"height":200,"srcset":"https:\/\/i0.wp.com\/believeindustry.company\/wp-content\/uploads\/2018\/04\/roof-tile-roll-forming-machine-e1522726193554.jpg?resize=350%2C200&ssl=1 1x, https:\/\/i0.wp.com\/believeindustry.company\/wp-content\/uploads\/2018\/04\/roof-tile-roll-forming-machine-e1522726193554.jpg?resize=525%2C300&ssl=1 1.5x, https:\/\/i0.wp.com\/believeindustry.company\/wp-content\/uploads\/2018\/04\/roof-tile-roll-forming-machine-e1522726193554.jpg?resize=700%2C400&ssl=1 2x, https:\/\/i0.wp.com\/believeindustry.company\/wp-content\/uploads\/2018\/04\/roof-tile-roll-forming-machine-e1522726193554.jpg?resize=1050%2C600&ssl=1 3x"},"classes":[]}],"amp_enabled":true,"_links":{"self":[{"href":"https:\/\/believeindustry.company\/pt\/wp-json\/wp\/v2\/pages\/593","targetHints":{"allow":["GET"]}}],"collection":[{"href":"https:\/\/believeindustry.company\/pt\/wp-json\/wp\/v2\/pages"}],"about":[{"href":"https:\/\/believeindustry.company\/pt\/wp-json\/wp\/v2\/types\/page"}],"author":[{"embeddable":true,"href":"https:\/\/believeindustry.company\/pt\/wp-json\/wp\/v2\/users\/2"}],"replies":[{"embeddable":true,"href":"https:\/\/believeindustry.company\/pt\/wp-json\/wp\/v2\/comments?post=593"}],"version-history":[{"count":2,"href":"https:\/\/believeindustry.company\/pt\/wp-json\/wp\/v2\/pages\/593\/revisions"}],"predecessor-version":[{"id":19711,"href":"https:\/\/believeindustry.company\/pt\/wp-json\/wp\/v2\/pages\/593\/revisions\/19711"}],"up":[{"embeddable":true,"href":"https:\/\/believeindustry.company\/pt\/wp-json\/wp\/v2\/pages\/724"}],"wp:featuredmedia":[{"embeddable":true,"href":"https:\/\/believeindustry.company\/pt\/wp-json\/wp\/v2\/media\/2261"}],"wp:attachment":[{"href":"https:\/\/believeindustry.company\/pt\/wp-json\/wp\/v2\/media?parent=593"}],"wp:term":[{"taxonomy":"post_tag","embeddable":true,"href":"https:\/\/believeindustry.company\/pt\/wp-json\/wp\/v2\/tags?post=593"}],"curies":[{"name":"wp","href":"https:\/\/api.w.org\/{rel}","templated":true}]}}