{"id":6781,"date":"2019-06-06T11:38:09","date_gmt":"2019-06-06T03:38:09","guid":{"rendered":"https:\/\/believeindustry.company\/?page_id=6781"},"modified":"2026-04-12T13:33:10","modified_gmt":"2026-04-12T05:33:10","slug":"maquina-de-perfilagem-de-barreira-de-protecao-de-viga-w","status":"publish","type":"page","link":"https:\/\/believeindustry.company\/pt\/roll-forming-machine\/customized-profile-roll-forming-machine\/w-beam-crash-barrier-roll-forming-machine\/","title":{"rendered":"M\u00e1quina de perfilagem de vigas W para barreiras de prote\u00e7\u00e3o"},"content":{"rendered":"<p><strong>M\u00e1quina de perfilagem de vigas W para barreiras de prote\u00e7\u00e3o<\/strong> &quot;e&quot; \u00e9 para a produ\u00e7\u00e3o de guarda-corpos\/barreiras de seguran\u00e7a com vigas em W perfuradas.<\/p>\n\n\n\n<h2 class=\"wp-block-heading\">M\u00e1quina de perfilagem de barreiras de seguran\u00e7a<\/h2>\n\n\n\n<h3 class=\"wp-block-heading\">Recurso da m\u00e1quina<\/h3>\n\n\n\n<ol class=\"wp-block-list\"><li>Adote pilares de ferro fundido como suportes para conforma\u00e7\u00e3o de rolos, que s\u00e3o muito mais resistentes.<\/li><li>Adota transmiss\u00e3o por caixa de engrenagens, que \u00e9 muito mais est\u00e1vel para materiais espessos.<\/li><li>Adota o design mais recente de molde de estampagem. N\u00facleo de tra\u00e7\u00e3o pneum\u00e1tica.<\/li><\/ol>\n\n\n\n<h3 class=\"wp-block-heading\">Componentes e layout da m\u00e1quina<\/h3>\n\n\n\n<h4 class=\"wp-block-heading\">Componentes de m\u00e1quinas<\/h4>\n\n\n\n<ol class=\"wp-block-list\"><li>Desbobinador hidr\u00e1ulico<\/li><li>Alimentador e Guia<\/li><li>Nivelador<\/li><li>Perfurador<\/li><li>Formador de rolos<\/li><li>Cortador<\/li><li>Controlador<\/li><li>Apoiador<\/li><\/ol>\n\n\n\n<h4 class=\"wp-block-heading\">Layout da m\u00e1quina de barreira de seguran\u00e7a<\/h4>\n\n\n\n<figure class=\"wp-block-image\"><img fetchpriority=\"high\" decoding=\"async\" width=\"1178\" height=\"344\" data-attachment-id=\"6782\" data-permalink=\"https:\/\/believeindustry.company\/pt\/roll-forming-machine\/customized-profile-roll-forming-machine\/w-beam-crash-barrier-roll-forming-machine\/crash-barrier-roll-forming-machine-layout\/\" data-orig-file=\"https:\/\/believeindustry.company\/wp-content\/uploads\/2019\/06\/crash-barrier-roll-forming-machine-layout.jpg\" data-orig-size=\"1178,344\" data-comments-opened=\"1\" data-image-meta=\"{&quot;aperture&quot;:&quot;0&quot;,&quot;credit&quot;:&quot;&quot;,&quot;camera&quot;:&quot;&quot;,&quot;caption&quot;:&quot;&quot;,&quot;created_timestamp&quot;:&quot;0&quot;,&quot;copyright&quot;:&quot;&quot;,&quot;focal_length&quot;:&quot;0&quot;,&quot;iso&quot;:&quot;0&quot;,&quot;shutter_speed&quot;:&quot;0&quot;,&quot;title&quot;:&quot;&quot;,&quot;orientation&quot;:&quot;0&quot;}\" data-image-title=\"crash barrier roll forming machine layout\" data-image-description=\"\" data-image-caption=\"\" data-large-file=\"https:\/\/believeindustry.company\/wp-content\/uploads\/2019\/06\/crash-barrier-roll-forming-machine-layout-1024x299.jpg\" src=\"https:\/\/i2.wp.com\/believeindustry.company\/wp-content\/uploads\/2019\/06\/crash-barrier-roll-forming-machine-layout.jpg?fit=1024%2C299&amp;ssl=1\" alt=\"layout da m\u00e1quina de perfilagem de barreiras de seguran\u00e7a\" class=\"wp-image-6782\" srcset=\"https:\/\/believeindustry.company\/wp-content\/uploads\/2019\/06\/crash-barrier-roll-forming-machine-layout.jpg 1178w, https:\/\/believeindustry.company\/wp-content\/uploads\/2019\/06\/crash-barrier-roll-forming-machine-layout-600x175.jpg 600w, https:\/\/believeindustry.company\/wp-content\/uploads\/2019\/06\/crash-barrier-roll-forming-machine-layout-300x88.jpg 300w, https:\/\/believeindustry.company\/wp-content\/uploads\/2019\/06\/crash-barrier-roll-forming-machine-layout-768x224.jpg 768w, https:\/\/believeindustry.company\/wp-content\/uploads\/2019\/06\/crash-barrier-roll-forming-machine-layout-1024x299.jpg 1024w, https:\/\/believeindustry.company\/wp-content\/uploads\/2019\/06\/crash-barrier-roll-forming-machine-layout-320x93.jpg 320w, https:\/\/believeindustry.company\/wp-content\/uploads\/2019\/06\/crash-barrier-roll-forming-machine-layout-640x187.jpg 640w, https:\/\/believeindustry.company\/wp-content\/uploads\/2019\/06\/crash-barrier-roll-forming-machine-layout-360x105.jpg 360w, https:\/\/believeindustry.company\/wp-content\/uploads\/2019\/06\/crash-barrier-roll-forming-machine-layout-720x210.jpg 720w, https:\/\/believeindustry.company\/wp-content\/uploads\/2019\/06\/crash-barrier-roll-forming-machine-layout-1080x315.jpg 1080w, https:\/\/believeindustry.company\/wp-content\/uploads\/2019\/06\/crash-barrier-roll-forming-machine-layout-800x234.jpg 800w\" sizes=\"(max-width: 1178px) 100vw, 1178px\" \/><\/figure>\n\n\n\n<h3 class=\"wp-block-heading\">Especifica\u00e7\u00f5es da M\u00e1quina de Conforma\u00e7\u00e3o de Perfis para Barreiras de Seguran\u00e7a<\/h3>\n\n\n\n<h4 class=\"wp-block-heading\">Desbobinador hidr\u00e1ulico<\/h4>\n\n\n<ol>\n<li>Tipo: Afrouxamento e tensionamento hidr\u00e1ulicos. Desenrolamento el\u00e9trico.<\/li>\n<li>Capacidade de carga: 5 toneladas<\/li>\n<li>Largura m\u00e1xima da bobina: 600 mm<\/li>\n<li>Di\u00e2metro interno da bobina: 480-600 mm<\/li>\n<li>Di\u00e2metro externo m\u00e1ximo da bobina: 1600 mm<\/li>\n<li>Pot\u00eancia do motor hidr\u00e1ulico: 3 kW<\/li>\n<li>Pot\u00eancia do motor de desenrolamento: 4 kW<\/li>\n<\/ol>\n\n\n<h4 class=\"wp-block-heading\"><strong>Alimenta\u00e7\u00e3o, orienta\u00e7\u00e3o e nivelamento<\/strong><\/h4>\n\n\n\n<ol class=\"wp-block-list\"><li> Adotando um design de alta qualidade para o dispositivo de alimenta\u00e7\u00e3o e guia, os trabalhadores podem ajustar a largura de alimenta\u00e7\u00e3o girando as rodas laterais.<\/li><li> Faixa de largura de 300 a 500 mm<\/li><li> Rolo de press\u00e3o em material ASTM 1045, superf\u00edcie cromada<\/li><li> Revestimento preto no painel lateral e nas rodas<\/li><li> Alavanca com roletes: 3 superiores, 4 inferiores<\/li><li> Rolos niveladores, material ASTM 1045, cromados, 76 mm de di\u00e2metro.<\/li><li> Caixa de transmiss\u00e3o dos rolos de alimenta\u00e7\u00e3o conectada \u00e0 m\u00e1quina principal<\/li><\/ol>\n\n\n\n<h4 class=\"wp-block-heading\"><strong>Aparelho para perfurar furos<\/strong><\/h4>\n\n\n\n<ol class=\"wp-block-list\"><li> Os pun\u00e7\u00f5es ser\u00e3o conectados a uma \u00fanica unidade hidr\u00e1ulica com tanque, motor, bomba, v\u00e1lvulas de controle de press\u00e3o, man\u00f4metros, v\u00e1lvulas solenoides e mangueiras hidr\u00e1ulicas, todos projetados para operar com seguran\u00e7a na press\u00e3o de opera\u00e7\u00e3o necess\u00e1ria.<\/li><li> Material do molde de estampagem: CR12, dureza Rockwell C de 60 a 62 graus.<\/li><li> Pot\u00eancia do motor hidr\u00e1ulico: 15 kW<\/li><li> Press\u00e3o de trabalho hidr\u00e1ulico: 12-16 MPa<\/li><li> Encoder Omron para medi\u00e7\u00e3o de comprimento <\/li><li> A esta\u00e7\u00e3o hidr\u00e1ulica ser\u00e1 equipada com ventilador de refrigera\u00e7\u00e3o para opera\u00e7\u00e3o em zona tropical.<\/li><\/ol>\n\n\n\n<h4 class=\"wp-block-heading\">M\u00e1quina de conforma\u00e7\u00e3o de rolos<\/h4>\n\n\n\n<ol class=\"wp-block-list\"><li> Estrutura da m\u00e1quina: Adota-se uma estrutura soldada em a\u00e7o com perfil H como base da m\u00e1quina, suportes em a\u00e7o fundido como estrutura principal e transmiss\u00e3o por caixa de engrenagens.<\/li><li> Espessura 3,2 mm<\/li><li> Esta\u00e7\u00f5es de rolos 13<\/li><li> Material do eixo: ASTM 1045, di\u00e2metro de 100 mm, HB 220-260<\/li><li> Material do rolo: GCR15, temperado a 58-62 \u00b0C, cromado na superf\u00edcie.<\/li><li> Pot\u00eancia do motor: 30 kW<\/li><li> Velocidade de forma\u00e7\u00e3o: 5-10 m\/min (incluindo perfura\u00e7\u00e3o e corte)<\/li><li> Caixa de engrenagens do m\u00e9todo de acionamento <\/li><li> A \u00e1rea de trabalho da m\u00e1quina ser\u00e1 coberta por uma tela de prote\u00e7\u00e3o de seguran\u00e7a.<\/li><\/ol>\n\n\n\n<h4 class=\"wp-block-heading\"><strong>Dispositivo de corte hidr\u00e1ulico<\/strong><\/h4>\n\n\n\n<ol class=\"wp-block-list\"><li>Design com 4 postes, parada de corte. Design com l\u00e2mina de corte de 3 pe\u00e7as.<\/li><li> Material do molde de corte: CR12, dureza Rockwell C de 60 a 62 graus.<\/li><li> Pot\u00eancia do motor hidr\u00e1ulico: 15 kW<\/li><li> Press\u00e3o de trabalho hidr\u00e1ulico: 12-16 MPa<\/li><li> Encoder Omron para medi\u00e7\u00e3o de comprimento <\/li><li> A esta\u00e7\u00e3o hidr\u00e1ulica ser\u00e1 equipada com ventilador de refrigera\u00e7\u00e3o para opera\u00e7\u00e3o em zona tropical.<\/li><\/ol>\n\n\n\n<p><strong>Caixa Controlada<\/strong><\/p>\n\n\n\n<ol class=\"wp-block-list\"><li>Os usu\u00e1rios inserem o comprimento e a quantidade do produto atrav\u00e9s da tela sens\u00edvel ao toque, que exibir\u00e1 o status de funcionamento da m\u00e1quina. A m\u00e1quina parar\u00e1 automaticamente ap\u00f3s a conclus\u00e3o do programa de corte.<\/li><li> Tens\u00e3o e frequ\u00eancia: 380V, 50Hz, trif\u00e1sico (por favor, confirme)<\/li><li> MCGS com tela sens\u00edvel ao toque<\/li><li> PLC Panasonic<\/li><li> Codificador Omron<\/li><li> Conversor de frequ\u00eancia da marca Yaskawa<\/li><li> Adote o plugue de avia\u00e7\u00e3o para facilitar a conex\u00e3o da fia\u00e7\u00e3o.<\/li><\/ol>\n\n\n\n<p><a href=\"http:\/\/www.belirollform.com\" target=\"_blank\" rel=\"noopener\">Acredite na Empresa do Setor<\/a> Dispomos de uma gama completa de m\u00e1quinas de perfilagem para sistemas de guarda-corpo. <a href=\"https:\/\/believeindustry.company\/pt\/contato\/\">Contate-nos<\/a> Para obter mais informa\u00e7\u00f5es<\/p>","protected":false},"excerpt":{"rendered":"<p>W Beam Crash Barrier Roll Forming Machine e is for producing W beam guardrails\/carsh barrier will hole punched. Crash Barrier Roll Forming Machine Machine Feature Adopt Iron Cast Pillar as roll forming stands which is much stronger Adopt Gear Box transmission which is much stable for thick material Adopt latest design of punch mould. Pneumatic [&hellip;]<\/p>\n","protected":false},"author":2,"featured_media":2050,"parent":1257,"menu_order":0,"comment_status":"closed","ping_status":"closed","template":"","meta":{"_angie_page":false,"footnotes":"","big_sky_generated":false},"tags":[607849634],"class_list":["post-6781","page","type-page","status-publish","has-post-thumbnail","hentry","tag-custom-designs"],"blocksy_meta":[],"jetpack_sharing_enabled":true,"jetpack_shortlink":"https:\/\/wp.me\/P9K5n8-1Ln","jetpack_likes_enabled":false,"jetpack-related-posts":[{"id":1515,"url":"https:\/\/believeindustry.company\/pt\/roll-forming-machine\/customized-profile-roll-forming-machine\/highway-guardrail-roll-forming-machine\/","url_meta":{"origin":6781,"position":0},"title":"M\u00e1quina de perfilagem de guarda-corpos rodovi\u00e1rios","author":"Believe Industry Group","date":"Abril 26, 2018","format":false,"excerpt":"Highway Guardrail Roll Forming Machine is for producing Guardrails with holes punched online. Believe Industry have several types of guardrails machines. We have different solutions for both W guardrails, Thrim Guardrails, etc. Feeder and Guider Puncher Auto stacker Guardrfail Production Line Hydraiulic puncher Uncoiler Guardrail Roll Forming Machine Highway Guardrail\u2026","rel":"","context":"In \"Crash Barrier Roll Forming Machine\"","block_context":{"text":"Crash Barrier Roll Forming Machine","link":"https:\/\/believeindustry.company\/pt\/tag\/crash-barrier-roll-forming-machine\/"},"img":{"alt_text":"","src":"https:\/\/i0.wp.com\/believeindustry.company\/wp-content\/uploads\/2022\/03\/guardrail-roll-forming-machine08.jpg?resize=350%2C200&ssl=1","width":350,"height":200,"srcset":"https:\/\/i0.wp.com\/believeindustry.company\/wp-content\/uploads\/2022\/03\/guardrail-roll-forming-machine08.jpg?resize=350%2C200&ssl=1 1x, https:\/\/i0.wp.com\/believeindustry.company\/wp-content\/uploads\/2022\/03\/guardrail-roll-forming-machine08.jpg?resize=525%2C300&ssl=1 1.5x, https:\/\/i0.wp.com\/believeindustry.company\/wp-content\/uploads\/2022\/03\/guardrail-roll-forming-machine08.jpg?resize=700%2C400&ssl=1 2x"},"classes":[]},{"id":7304,"url":"https:\/\/believeindustry.company\/pt\/upright-post-roll-forming-machine\/","url_meta":{"origin":6781,"position":1},"title":"M\u00e1quina de perfilagem vertical para postes","author":"Believe Industry Group","date":"Janeiro 8, 2020","format":false,"excerpt":"Upright Post Roll Forming Machine is for producing upright post as per requirement Upright Post Machine Components UncoilerLevrling MachineServo Feeder and Punch PressQuick replace punch die deviceAdjustable Roll Forming MachineServo Tracking Cutting DeviceCollection TableHydraulic StationController Panel Technical Parameters of Post Machine Line Speed: 10-15m\/minUncoiler Capacity: 5 TonPunch Press Capacity: 110\u2026","rel":"","context":"Similar post","block_context":{"text":"Similar post","link":""},"img":{"alt_text":"upright post roll forming machine","src":"https:\/\/i0.wp.com\/believeindustry.company\/wp-content\/uploads\/2020\/01\/upright-post-roll-forming-machine.jpg?resize=350%2C200&ssl=1","width":350,"height":200,"srcset":"https:\/\/i0.wp.com\/believeindustry.company\/wp-content\/uploads\/2020\/01\/upright-post-roll-forming-machine.jpg?resize=350%2C200&ssl=1 1x, https:\/\/i0.wp.com\/believeindustry.company\/wp-content\/uploads\/2020\/01\/upright-post-roll-forming-machine.jpg?resize=525%2C300&ssl=1 1.5x, https:\/\/i0.wp.com\/believeindustry.company\/wp-content\/uploads\/2020\/01\/upright-post-roll-forming-machine.jpg?resize=700%2C400&ssl=1 2x, https:\/\/i0.wp.com\/believeindustry.company\/wp-content\/uploads\/2020\/01\/upright-post-roll-forming-machine.jpg?resize=1050%2C600&ssl=1 3x, https:\/\/i0.wp.com\/believeindustry.company\/wp-content\/uploads\/2020\/01\/upright-post-roll-forming-machine.jpg?resize=1400%2C800&ssl=1 4x"},"classes":[]},{"id":10025,"url":"https:\/\/believeindustry.company\/pt\/roll-forming-machine\/pallet-racking-roll-forming-machine\/step-beam-roll-forming-machine\/","url_meta":{"origin":6781,"position":2},"title":"M\u00e1quina de perfilagem de vigas escalonadas","author":"Believe Industry Group","date":"Fevereiro 22, 2024","format":false,"excerpt":"Describtion Step Beam Roll Forming Machine is to producing Steps Beams with various dimensions. Believe Industry Company have different solutions of machines for step beams: Transmission\uff1a Chain or Gear Box Welding Way: Spot welded or Laser contunuous Welded Speed: 1-2m\/min or 6-8m\/min Step Beam Roll Forming Machine Layout Step Beam\u2026","rel":"","context":"In \"Roll Forming Machine\"","block_context":{"text":"Roll Forming Machine","link":"https:\/\/believeindustry.company\/pt\/tag\/roll-forming-machine\/"},"img":{"alt_text":"Step Beam Machine: 7 Powerful Strategies for Top Yield","src":"https:\/\/i0.wp.com\/believeindustry.company\/wp-content\/uploads\/2026\/03\/step-beam-roll-forming-machine.webp?resize=350%2C200&ssl=1","width":350,"height":200,"srcset":"https:\/\/i0.wp.com\/believeindustry.company\/wp-content\/uploads\/2026\/03\/step-beam-roll-forming-machine.webp?resize=350%2C200&ssl=1 1x, https:\/\/i0.wp.com\/believeindustry.company\/wp-content\/uploads\/2026\/03\/step-beam-roll-forming-machine.webp?resize=525%2C300&ssl=1 1.5x, https:\/\/i0.wp.com\/believeindustry.company\/wp-content\/uploads\/2026\/03\/step-beam-roll-forming-machine.webp?resize=700%2C400&ssl=1 2x, https:\/\/i0.wp.com\/believeindustry.company\/wp-content\/uploads\/2026\/03\/step-beam-roll-forming-machine.webp?resize=1050%2C600&ssl=1 3x, https:\/\/i0.wp.com\/believeindustry.company\/wp-content\/uploads\/2026\/03\/step-beam-roll-forming-machine.webp?resize=1400%2C800&ssl=1 4x"},"classes":[]},{"id":21970,"url":"https:\/\/believeindustry.company\/pt\/material-storage\/","url_meta":{"origin":6781,"position":3},"title":"Armazenamento de Materiais","author":"Believe Industry Group","date":"Abril 12, 2026","format":false,"excerpt":"A roll forming machine for material storage systems is a heavy-duty, automated production line engineered to fabricate the structural components of industrial warehouse racking.By continuously processing raw steel coils through progressive roller dies, the machine precisely shapes the core framework of the storage system. This includes the heavy-gauge vertical column\u2026","rel":"","context":"Similar post","block_context":{"text":"Similar post","link":""},"img":{"alt_text":"Automated Warehouse Racking Machinery","src":"https:\/\/i0.wp.com\/believeindustry.company\/wp-content\/uploads\/2026\/03\/pallet-Racking-System.jpg?resize=350%2C200&ssl=1","width":350,"height":200,"srcset":"https:\/\/i0.wp.com\/believeindustry.company\/wp-content\/uploads\/2026\/03\/pallet-Racking-System.jpg?resize=350%2C200&ssl=1 1x, https:\/\/i0.wp.com\/believeindustry.company\/wp-content\/uploads\/2026\/03\/pallet-Racking-System.jpg?resize=525%2C300&ssl=1 1.5x, https:\/\/i0.wp.com\/believeindustry.company\/wp-content\/uploads\/2026\/03\/pallet-Racking-System.jpg?resize=700%2C400&ssl=1 2x, https:\/\/i0.wp.com\/believeindustry.company\/wp-content\/uploads\/2026\/03\/pallet-Racking-System.jpg?resize=1050%2C600&ssl=1 3x, https:\/\/i0.wp.com\/believeindustry.company\/wp-content\/uploads\/2026\/03\/pallet-Racking-System.jpg?resize=1400%2C800&ssl=1 4x"},"classes":[]},{"id":4532,"url":"https:\/\/believeindustry.company\/pt\/roll-forming-machine\/purlin-roll-forming-machine\/multibeam-roll-forming-machine\/","url_meta":{"origin":6781,"position":4},"title":"M\u00e1quina de perfilagem de rolos multifeixe","author":"Believe Industry Group","date":"Mar\u00e7o 1, 2019","format":false,"excerpt":"Multibeam Roll Forming MachineWhat's Multibeam?OverviewProfile drawings and Dimensions of MultibeamsMaterial DetailsSpecifications of Multibeam Roll Forming MachineMultibeam Machine ComponentsLayout of the Multibeam Beam Roll Forming MachineBrief Introduction of Multibeam Roll Forming Line Multibeam Roll Forming Machine is for producing series sizes of multi beams as per requirements. Multibeam Roll Forming Machine\u2026","rel":"","context":"In \"Construction and Steel Structure\"","block_context":{"text":"Construction and Steel Structure","link":"https:\/\/believeindustry.company\/pt\/tag\/construction-and-steel-structure\/"},"img":{"alt_text":"multibeam roll forming machine","src":"https:\/\/i0.wp.com\/believeindustry.company\/wp-content\/uploads\/2019\/03\/multibeam-roll-forming-machine.png?resize=350%2C200&ssl=1","width":350,"height":200,"srcset":"https:\/\/i0.wp.com\/believeindustry.company\/wp-content\/uploads\/2019\/03\/multibeam-roll-forming-machine.png?resize=350%2C200&ssl=1 1x, https:\/\/i0.wp.com\/believeindustry.company\/wp-content\/uploads\/2019\/03\/multibeam-roll-forming-machine.png?resize=525%2C300&ssl=1 1.5x, https:\/\/i0.wp.com\/believeindustry.company\/wp-content\/uploads\/2019\/03\/multibeam-roll-forming-machine.png?resize=700%2C400&ssl=1 2x"},"classes":[]},{"id":3307,"url":"https:\/\/believeindustry.company\/pt\/roll-forming-machine\/pallet-racking-roll-forming-machine\/new-design-box-beam-roll-forming-machine\/","url_meta":{"origin":6781,"position":5},"title":"M\u00e1quina de perfilagem de vigas em caixa com novo design integrado","author":"Believe Industry Group","date":"Novembro 13, 2018","format":false,"excerpt":"New design integrated box beam machine is designed to produce box beams and no need an extra box beam seaming machine. It wills save material and labor cost. What's Box Beam? As we know,\u00a0Box beams\u00a0have no inset step, instead have four flat sides like a box. All load beams typically\u2026","rel":"","context":"In \"Box Beam Machine\"","block_context":{"text":"Box Beam Machine","link":"https:\/\/believeindustry.company\/pt\/tag\/box-beam-machine\/"},"img":{"alt_text":"new design box beam machine","src":"https:\/\/i0.wp.com\/believeindustry.company\/wp-content\/uploads\/2020\/03\/new-design-box-beam-machine.jpg?resize=350%2C200&ssl=1","width":350,"height":200,"srcset":"https:\/\/i0.wp.com\/believeindustry.company\/wp-content\/uploads\/2020\/03\/new-design-box-beam-machine.jpg?resize=350%2C200&ssl=1 1x, https:\/\/i0.wp.com\/believeindustry.company\/wp-content\/uploads\/2020\/03\/new-design-box-beam-machine.jpg?resize=525%2C300&ssl=1 1.5x, https:\/\/i0.wp.com\/believeindustry.company\/wp-content\/uploads\/2020\/03\/new-design-box-beam-machine.jpg?resize=700%2C400&ssl=1 2x, https:\/\/i0.wp.com\/believeindustry.company\/wp-content\/uploads\/2020\/03\/new-design-box-beam-machine.jpg?resize=1050%2C600&ssl=1 3x, https:\/\/i0.wp.com\/believeindustry.company\/wp-content\/uploads\/2020\/03\/new-design-box-beam-machine.jpg?resize=1400%2C800&ssl=1 4x"},"classes":[]}],"amp_enabled":true,"_links":{"self":[{"href":"https:\/\/believeindustry.company\/pt\/wp-json\/wp\/v2\/pages\/6781","targetHints":{"allow":["GET"]}}],"collection":[{"href":"https:\/\/believeindustry.company\/pt\/wp-json\/wp\/v2\/pages"}],"about":[{"href":"https:\/\/believeindustry.company\/pt\/wp-json\/wp\/v2\/types\/page"}],"author":[{"embeddable":true,"href":"https:\/\/believeindustry.company\/pt\/wp-json\/wp\/v2\/users\/2"}],"replies":[{"embeddable":true,"href":"https:\/\/believeindustry.company\/pt\/wp-json\/wp\/v2\/comments?post=6781"}],"version-history":[{"count":1,"href":"https:\/\/believeindustry.company\/pt\/wp-json\/wp\/v2\/pages\/6781\/revisions"}],"predecessor-version":[{"id":22053,"href":"https:\/\/believeindustry.company\/pt\/wp-json\/wp\/v2\/pages\/6781\/revisions\/22053"}],"up":[{"embeddable":true,"href":"https:\/\/believeindustry.company\/pt\/wp-json\/wp\/v2\/pages\/1257"}],"wp:featuredmedia":[{"embeddable":true,"href":"https:\/\/believeindustry.company\/pt\/wp-json\/wp\/v2\/media\/2050"}],"wp:attachment":[{"href":"https:\/\/believeindustry.company\/pt\/wp-json\/wp\/v2\/media?parent=6781"}],"wp:term":[{"taxonomy":"post_tag","embeddable":true,"href":"https:\/\/believeindustry.company\/pt\/wp-json\/wp\/v2\/tags?post=6781"}],"curies":[{"name":"wp","href":"https:\/\/api.w.org\/{rel}","templated":true}]}}