{"id":6842,"date":"2019-06-25T15:22:22","date_gmt":"2019-06-25T07:22:22","guid":{"rendered":"https:\/\/believeindustry.company\/?page_id=6842"},"modified":"2026-04-11T22:01:36","modified_gmt":"2026-04-11T14:01:36","slug":"maquina-de-perfilagem-de-tercas-multiviga","status":"publish","type":"page","link":"https:\/\/believeindustry.company\/pt\/roll-forming-machine\/purlin-roll-forming-machine\/multibeam-purlin-roll-forming-machine\/","title":{"rendered":"M\u00e1quina de perfilagem de ter\u00e7as multiviga"},"content":{"rendered":"<h2 class=\"wp-block-heading\">M\u00e1quina de perfilagem de ter\u00e7as multiviga<\/h2>\n\n\n\n<p><strong>M\u00e1quina de perfilagem de ter\u00e7as multiviga<\/strong> \u00c9 destinada \u00e0 produ\u00e7\u00e3o de perfis \u00f4mega com largura da alma de 100 a 450 mm e flange de 60 a 100 mm. Com um ajuste simples, a m\u00e1quina tamb\u00e9m pode produzir perfis em C. <\/p>\n\n\n\n<h3 class=\"wp-block-heading\">Layout de m\u00e1quina multifeixe<\/h3>\n\n\n\n<figure class=\"wp-block-image\"><img fetchpriority=\"high\" decoding=\"async\" width=\"549\" height=\"241\" data-attachment-id=\"6845\" data-permalink=\"https:\/\/believeindustry.company\/pt\/roll-forming-machine\/purlin-roll-forming-machine\/multibeam-purlin-roll-forming-machine\/multibeam-machine-layout\/\" data-orig-file=\"https:\/\/believeindustry.company\/wp-content\/uploads\/2019\/06\/multibeam-machine-layout.png\" data-orig-size=\"549,241\" data-comments-opened=\"1\" data-image-meta=\"{&quot;aperture&quot;:&quot;0&quot;,&quot;credit&quot;:&quot;&quot;,&quot;camera&quot;:&quot;&quot;,&quot;caption&quot;:&quot;&quot;,&quot;created_timestamp&quot;:&quot;0&quot;,&quot;copyright&quot;:&quot;&quot;,&quot;focal_length&quot;:&quot;0&quot;,&quot;iso&quot;:&quot;0&quot;,&quot;shutter_speed&quot;:&quot;0&quot;,&quot;title&quot;:&quot;&quot;,&quot;orientation&quot;:&quot;0&quot;}\" data-image-title=\"multibeam machine layout\" data-image-description=\"\" data-image-caption=\"\" data-large-file=\"https:\/\/believeindustry.company\/wp-content\/uploads\/2019\/06\/multibeam-machine-layout.png\" src=\"https:\/\/believeindustry.company\/wp-content\/uploads\/2019\/06\/multibeam-machine-layout.png\" alt=\"layout de m\u00e1quina multifeixe\" class=\"wp-image-6845\" srcset=\"https:\/\/believeindustry.company\/wp-content\/uploads\/2019\/06\/multibeam-machine-layout.png 549w, https:\/\/believeindustry.company\/wp-content\/uploads\/2019\/06\/multibeam-machine-layout-300x132.png 300w, https:\/\/believeindustry.company\/wp-content\/uploads\/2019\/06\/multibeam-machine-layout-320x140.png 320w, https:\/\/believeindustry.company\/wp-content\/uploads\/2019\/06\/multibeam-machine-layout-360x158.png 360w\" sizes=\"(max-width: 549px) 100vw, 549px\" \/><figcaption class=\"wp-element-caption\">Desenrolamento \u2192 alimenta\u00e7\u00e3o e guia \u2192 nivelamento \u2192 puncionamento \u2192 corte \u2192 conforma\u00e7\u00e3o por rolos<\/figcaption><\/figure>\n\n\n\n<h3 class=\"wp-block-heading\">Componentes de m\u00e1quinas<\/h3>\n\n\n\n<ol class=\"wp-block-list\">\n<li>Desbobinador<\/li>\n\n\n\n<li>Alimentador e guia<\/li>\n\n\n\n<li>Nivelador<\/li>\n\n\n\n<li>Dispositivo de perfura\u00e7\u00e3o<\/li>\n\n\n\n<li>Dispositivo de corte<\/li>\n\n\n\n<li>Conforma\u00e7\u00e3o por rolos <\/li>\n\n\n\n<li>Endireitamento<\/li>\n<\/ol>\n\n\n\n<h3 class=\"wp-block-heading\">V\u00eddeo<\/h3>\n\n\n\n<figure class=\"wp-block-video\"><div class=\"wp-block-embed__wrapper\">\n<iframe title=\"Reprodutor de v\u00eddeo VideoPress\" aria-label='Reprodutor de v\u00eddeo VideoPress' width='1290' height='726' src='https:\/\/videopress.com\/embed\/UY3fx2hb?cover=1&amp;controls=0&amp;preloadContent=metadata&amp;hd=0' frameborder='0' allowfullscreen data-resize-to-parent=\"true\" allow='clipboard-write'><\/iframe><script src='https:\/\/v0.wordpress.com\/js\/next\/videopress-iframe.js?m=1739540970'><\/script>\n<\/div><\/figure>\n\n\n\n<p><a href=\"http:\/\/www.belirollform.com\" target=\"_blank\" rel=\"noopener\">Acredite na Empresa do Setor<\/a> possuem uma gama completa de <a href=\"https:\/\/believeindustry.company\/pt\/maquina-de-perfilagem-de-rolos\/maquina-de-perfilagem-de-tercas\/\">m\u00e1quinas de perfilagem de rolos<\/a> Para vigas e ter\u00e7as. <a href=\"mailto:darren@believeindustry.com\">E-mail<\/a> ou <a href=\"https:\/\/wa.me\/8617351680080\" target=\"_blank\" rel=\"noopener\">WhatsApp<\/a> entre em contato para mais informa\u00e7\u00f5es.<\/p>","protected":false},"excerpt":{"rendered":"<p>Multibeam Purlin Roll Forming Machine Multibeam Purlin Roll Forming Machine is for producing Omega Purlin with web size from 100-450 mm, flange from 60-100 mm. And with simple adjustment, the machine also can produce c purlins. Multibeam Machine Layout Machine Components Video Believe Industry Company have a full range of roll forming machines for Beams [&hellip;]<\/p>\n","protected":false},"author":2,"featured_media":6849,"parent":727,"menu_order":5,"comment_status":"closed","ping_status":"closed","template":"","meta":{"_angie_page":false,"footnotes":"","big_sky_generated":false},"tags":[607851244,607849629],"class_list":["post-6842","page","type-page","status-publish","has-post-thumbnail","hentry","tag-construction-and-steel-structure","tag-purlin-lines"],"blocksy_meta":[],"jetpack_sharing_enabled":true,"jetpack_shortlink":"https:\/\/wp.me\/P9K5n8-1Mm","jetpack_likes_enabled":false,"jetpack-related-posts":[],"amp_enabled":true,"_links":{"self":[{"href":"https:\/\/believeindustry.company\/pt\/wp-json\/wp\/v2\/pages\/6842","targetHints":{"allow":["GET"]}}],"collection":[{"href":"https:\/\/believeindustry.company\/pt\/wp-json\/wp\/v2\/pages"}],"about":[{"href":"https:\/\/believeindustry.company\/pt\/wp-json\/wp\/v2\/types\/page"}],"author":[{"embeddable":true,"href":"https:\/\/believeindustry.company\/pt\/wp-json\/wp\/v2\/users\/2"}],"replies":[{"embeddable":true,"href":"https:\/\/believeindustry.company\/pt\/wp-json\/wp\/v2\/comments?post=6842"}],"version-history":[{"count":1,"href":"https:\/\/believeindustry.company\/pt\/wp-json\/wp\/v2\/pages\/6842\/revisions"}],"predecessor-version":[{"id":18836,"href":"https:\/\/believeindustry.company\/pt\/wp-json\/wp\/v2\/pages\/6842\/revisions\/18836"}],"up":[{"embeddable":true,"href":"https:\/\/believeindustry.company\/pt\/wp-json\/wp\/v2\/pages\/727"}],"wp:featuredmedia":[{"embeddable":true,"href":"https:\/\/believeindustry.company\/pt\/wp-json\/wp\/v2\/media\/6849"}],"wp:attachment":[{"href":"https:\/\/believeindustry.company\/pt\/wp-json\/wp\/v2\/media?parent=6842"}],"wp:term":[{"taxonomy":"post_tag","embeddable":true,"href":"https:\/\/believeindustry.company\/pt\/wp-json\/wp\/v2\/tags?post=6842"}],"curies":[{"name":"wp","href":"https:\/\/api.w.org\/{rel}","templated":true}]}}