{"id":6858,"date":"2019-07-01T13:41:36","date_gmt":"2019-07-01T05:41:36","guid":{"rendered":"https:\/\/believeindustry.company\/?page_id=6858"},"modified":"2026-04-11T21:58:50","modified_gmt":"2026-04-11T13:58:50","slug":"maquina-de-perfilagem-de-chapas-de-cobertura-klip-lok","status":"publish","type":"page","link":"https:\/\/believeindustry.company\/pt\/roll-forming-machine\/metal-sheet-roll-forming-machine\/klip-lok-roof-sheet-roll-forming-machine\/","title":{"rendered":"M\u00e1quina de perfilagem de chapas de cobertura Klip-Lok"},"content":{"rendered":"<p><amp-fit-text layout=\"fixed-height\" min-font-size=\"6\" max-font-size=\"72\" height=\"80\"><strong>M\u00e1quina de perfilagem de chapas de cobertura Klip-Lok<\/strong> Tamb\u00e9m chamada de M\u00e1quina de Conforma\u00e7\u00e3o de Chapas de Telhado Clip Lock, ela serve para produzir chapas de telhado Klip-Lok 700 ou Klip-Lok 406 no comprimento desejado.<\/amp-fit-text><\/p>\n\n\n\n<h2 class=\"wp-block-heading\">M\u00e1quina de perfilagem de chapas de cobertura Klip-Lok<\/h2>\n\n\n\n<h3 class=\"wp-block-heading\">O que \u00e9 a telha Klip-Lok?<\/h3>\n\n\n\n<p>A telha Klip-lok \u00e9 um revestimento de fixa\u00e7\u00e3o oculta de ampla cobertura, sem fixadores expostos, para telhados estanques. Visualmente, uma nervura marcante se destaca das chapas planas. A expans\u00e3o t\u00e9rmica em trechos longos e retos \u00e9 poss\u00edvel e, sem fixadores expostos, as linhas retas permanecem limpas e suaves. <\/p>\n\n\n\n<h4 class=\"wp-block-heading\">Tipos de Telhas Klip-lok<\/h4>\n\n\n\n<figure class=\"wp-block-gallery has-nested-images columns-default is-cropped wp-block-gallery-1 is-layout-flex wp-block-gallery-is-layout-flex\">\n<figure class=\"wp-block-image size-large\"><img fetchpriority=\"high\" decoding=\"async\" width=\"670\" height=\"400\" data-attachment-id=\"6860\" data-permalink=\"https:\/\/believeindustry.company\/pt\/roll-forming-machine\/metal-sheet-roll-forming-machine\/klip-lok-roof-sheet-roll-forming-machine\/klip-lok-700\/\" data-orig-file=\"https:\/\/believeindustry.company\/wp-content\/uploads\/2019\/07\/klip-lok-700.jpg\" data-orig-size=\"670,400\" data-comments-opened=\"1\" data-image-meta=\"{&quot;aperture&quot;:&quot;0&quot;,&quot;credit&quot;:&quot;&quot;,&quot;camera&quot;:&quot;&quot;,&quot;caption&quot;:&quot;&quot;,&quot;created_timestamp&quot;:&quot;0&quot;,&quot;copyright&quot;:&quot;&quot;,&quot;focal_length&quot;:&quot;0&quot;,&quot;iso&quot;:&quot;0&quot;,&quot;shutter_speed&quot;:&quot;0&quot;,&quot;title&quot;:&quot;&quot;,&quot;orientation&quot;:&quot;0&quot;}\" data-image-title=\"klip lok 700\" data-image-description=\"\" data-image-caption=\"\" data-large-file=\"https:\/\/believeindustry.company\/wp-content\/uploads\/2019\/07\/klip-lok-700.jpg\" data-id=\"6860\" src=\"https:\/\/believeindustry.company\/wp-content\/uploads\/2019\/07\/klip-lok-700.jpg\" alt=\"clipe lok 700\" class=\"wp-image-6860\" srcset=\"https:\/\/believeindustry.company\/wp-content\/uploads\/2019\/07\/klip-lok-700.jpg 670w, https:\/\/believeindustry.company\/wp-content\/uploads\/2019\/07\/klip-lok-700-600x358.jpg 600w, https:\/\/believeindustry.company\/wp-content\/uploads\/2019\/07\/klip-lok-700-300x179.jpg 300w, https:\/\/believeindustry.company\/wp-content\/uploads\/2019\/07\/klip-lok-700-320x191.jpg 320w, https:\/\/believeindustry.company\/wp-content\/uploads\/2019\/07\/klip-lok-700-640x382.jpg 640w, https:\/\/believeindustry.company\/wp-content\/uploads\/2019\/07\/klip-lok-700-360x215.jpg 360w, https:\/\/believeindustry.company\/wp-content\/uploads\/2019\/07\/klip-lok-700-370x220.jpg 370w\" sizes=\"(max-width: 670px) 100vw, 670px\" \/><figcaption><\/figcaption><\/figure>\n\n\n\n<figure class=\"wp-block-image size-large\"><img decoding=\"async\" width=\"670\" height=\"400\" data-attachment-id=\"6861\" data-permalink=\"https:\/\/believeindustry.company\/pt\/roll-forming-machine\/metal-sheet-roll-forming-machine\/klip-lok-roof-sheet-roll-forming-machine\/klip-lok-406\/\" data-orig-file=\"https:\/\/believeindustry.company\/wp-content\/uploads\/2019\/07\/klip-lok-406.jpg\" data-orig-size=\"670,400\" data-comments-opened=\"1\" data-image-meta=\"{&quot;aperture&quot;:&quot;0&quot;,&quot;credit&quot;:&quot;&quot;,&quot;camera&quot;:&quot;&quot;,&quot;caption&quot;:&quot;&quot;,&quot;created_timestamp&quot;:&quot;0&quot;,&quot;copyright&quot;:&quot;&quot;,&quot;focal_length&quot;:&quot;0&quot;,&quot;iso&quot;:&quot;0&quot;,&quot;shutter_speed&quot;:&quot;0&quot;,&quot;title&quot;:&quot;&quot;,&quot;orientation&quot;:&quot;0&quot;}\" data-image-title=\"klip lok 406\" data-image-description=\"\" data-image-caption=\"\" data-large-file=\"https:\/\/believeindustry.company\/wp-content\/uploads\/2019\/07\/klip-lok-406.jpg\" data-id=\"6861\" src=\"https:\/\/believeindustry.company\/wp-content\/uploads\/2019\/07\/klip-lok-406.jpg\" alt=\"clipe lok 406\" class=\"wp-image-6861\" srcset=\"https:\/\/believeindustry.company\/wp-content\/uploads\/2019\/07\/klip-lok-406.jpg 670w, https:\/\/believeindustry.company\/wp-content\/uploads\/2019\/07\/klip-lok-406-600x358.jpg 600w, https:\/\/believeindustry.company\/wp-content\/uploads\/2019\/07\/klip-lok-406-300x179.jpg 300w, https:\/\/believeindustry.company\/wp-content\/uploads\/2019\/07\/klip-lok-406-320x191.jpg 320w, https:\/\/believeindustry.company\/wp-content\/uploads\/2019\/07\/klip-lok-406-640x382.jpg 640w, https:\/\/believeindustry.company\/wp-content\/uploads\/2019\/07\/klip-lok-406-360x215.jpg 360w, https:\/\/believeindustry.company\/wp-content\/uploads\/2019\/07\/klip-lok-406-370x220.jpg 370w\" sizes=\"(max-width: 670px) 100vw, 670px\" \/><figcaption><\/figcaption><\/figure>\n\n\n\n<figure class=\"wp-block-image size-large\"><img decoding=\"async\" width=\"670\" height=\"400\" data-attachment-id=\"6862\" data-permalink=\"https:\/\/believeindustry.company\/pt\/roll-forming-machine\/metal-sheet-roll-forming-machine\/klip-lok-roof-sheet-roll-forming-machine\/klip-tite\/\" data-orig-file=\"https:\/\/believeindustry.company\/wp-content\/uploads\/2019\/07\/Klip-tite.jpg\" data-orig-size=\"670,400\" data-comments-opened=\"1\" data-image-meta=\"{&quot;aperture&quot;:&quot;0&quot;,&quot;credit&quot;:&quot;&quot;,&quot;camera&quot;:&quot;&quot;,&quot;caption&quot;:&quot;&quot;,&quot;created_timestamp&quot;:&quot;0&quot;,&quot;copyright&quot;:&quot;&quot;,&quot;focal_length&quot;:&quot;0&quot;,&quot;iso&quot;:&quot;0&quot;,&quot;shutter_speed&quot;:&quot;0&quot;,&quot;title&quot;:&quot;&quot;,&quot;orientation&quot;:&quot;0&quot;}\" data-image-title=\"Klip tite\" data-image-description=\"\" data-image-caption=\"\" data-large-file=\"https:\/\/believeindustry.company\/wp-content\/uploads\/2019\/07\/Klip-tite.jpg\" data-id=\"6862\" src=\"https:\/\/believeindustry.company\/wp-content\/uploads\/2019\/07\/Klip-tite.jpg\" alt=\"Klip tite\" class=\"wp-image-6862\" srcset=\"https:\/\/believeindustry.company\/wp-content\/uploads\/2019\/07\/Klip-tite.jpg 670w, https:\/\/believeindustry.company\/wp-content\/uploads\/2019\/07\/Klip-tite-600x358.jpg 600w, https:\/\/believeindustry.company\/wp-content\/uploads\/2019\/07\/Klip-tite-300x179.jpg 300w, https:\/\/believeindustry.company\/wp-content\/uploads\/2019\/07\/Klip-tite-320x191.jpg 320w, https:\/\/believeindustry.company\/wp-content\/uploads\/2019\/07\/Klip-tite-640x382.jpg 640w, https:\/\/believeindustry.company\/wp-content\/uploads\/2019\/07\/Klip-tite-360x215.jpg 360w, https:\/\/believeindustry.company\/wp-content\/uploads\/2019\/07\/Klip-tite-370x220.jpg 370w\" sizes=\"(max-width: 670px) 100vw, 670px\" \/><figcaption><\/figcaption><\/figure>\n<\/figure>\n\n\n\n<div style=\"height:20px\" aria-hidden=\"true\" class=\"wp-block-spacer\"><\/div>\n\n\n\n<p>O perfil dever\u00e1 ter 3 ou 4 nervuras trapezoidais com espa\u00e7amento de 233 mm, resultando em uma cobertura l\u00edquida de 406 ou 700 mm. A nervura macho dever\u00e1 possuir esporas para garantir um encaixe duplo seguro nas sobreposi\u00e7\u00f5es laterais. Cada bandeja dever\u00e1 incorporar duas nervuras de refor\u00e7o. <\/p>\n\n\n\n<p class=\"has-text-align-left\">As telhas do telhado devem ser do tipo Klip-Lok, com encaixe duplo e fixa\u00e7\u00e3o oculta, fabricadas em comprimentos cont\u00ednuos e cortadas no comprimento desejado por um processo de corte pneum\u00e1tico a partir de a\u00e7o galvanizado de 0,4 a 0,6 mm.<\/p>\n\n\n\n<h3 class=\"wp-block-heading\">Componentes de m\u00e1quina Klip-Lok<\/h3>\n\n\n\n<ol class=\"wp-block-list\">\n<li>Desbobinador, manual ou autom\u00e1tico<\/li>\n\n\n\n<li>Alimentador e Guia<\/li>\n\n\n\n<li>Laminador de perfilagem, rolos, eixos<\/li>\n\n\n\n<li>Unidade de corte<\/li>\n\n\n\n<li>Esta\u00e7\u00e3o Hidr\u00e1ulica<\/li>\n\n\n\n<li>Painel de controle<\/li>\n\n\n\n<li>Mesa de coleta<\/li>\n<\/ol>\n\n\n\n<h3 class=\"wp-block-heading\">Breve introdu\u00e7\u00e3o \u00e0 formadora de rolos Klip-lok<\/h3>\n\n\n\n<ol class=\"wp-block-list\">\n<li>Capacidade do desenrolador: 5 toneladas<\/li>\n\n\n\n<li>Di\u00e2metro interno da bobina: 500-650 mm<\/li>\n\n\n\n<li>Di\u00e2metro externo da bobina: M\u00e1x. 1500 mm<\/li>\n\n\n\n<li>Espessura da bobina: 0,4-0,6 mm<\/li>\n\n\n\n<li>Largura da bobina: 940 mm ou 610 mm<\/li>\n\n\n\n<li>Etapas de forma\u00e7\u00e3o: 32 <\/li>\n\n\n\n<li>Pot\u00eancia do motor principal: 15 kW<\/li>\n\n\n\n<li>Material do rolo: ASTM 1045, temperado e cromado, com 0,05 mm de espessura.<\/li>\n\n\n\n<li>Material do eixo: S\u00f3lido, 75 mm, ASTM 1045. <\/li>\n\n\n\n<li>M\u00e9todo de acionamento: por corrente e engrenagem<\/li>\n\n\n\n<li> O sistema de controle com PLC inteligente e tela sens\u00edvel ao toque HMI facilita a opera\u00e7\u00e3o da m\u00e1quina e a cria\u00e7\u00e3o de telhas Klip-Lok id\u00eanticas que atendem \u00e0s suas especifica\u00e7\u00f5es exatas. <\/li>\n<\/ol>\n\n\n\n<figure class=\"wp-block-image aligncenter size-large is-resized\"><img loading=\"lazy\" decoding=\"async\" width=\"800\" height=\"533\" data-attachment-id=\"6865\" data-permalink=\"https:\/\/believeindustry.company\/pt\/roll-forming-machine\/metal-sheet-roll-forming-machine\/klip-lok-roof-sheet-roll-forming-machine\/klip-lok-roof-sheet-machine-cutter\/\" data-orig-file=\"https:\/\/believeindustry.company\/wp-content\/uploads\/2019\/07\/klip-lok-roof-sheet-machine-cutter.jpg\" data-orig-size=\"800,533\" data-comments-opened=\"1\" data-image-meta=\"{&quot;aperture&quot;:&quot;0&quot;,&quot;credit&quot;:&quot;&quot;,&quot;camera&quot;:&quot;&quot;,&quot;caption&quot;:&quot;&quot;,&quot;created_timestamp&quot;:&quot;0&quot;,&quot;copyright&quot;:&quot;&quot;,&quot;focal_length&quot;:&quot;0&quot;,&quot;iso&quot;:&quot;0&quot;,&quot;shutter_speed&quot;:&quot;0&quot;,&quot;title&quot;:&quot;&quot;,&quot;orientation&quot;:&quot;1&quot;}\" data-image-title=\"klip lok roof sheet machine cutter\" data-image-description=\"\" data-image-caption=\"&lt;p&gt;Klip-Lok Roof Sheet Roll Forming Machine Cutting Device&lt;\/p&gt;\" data-large-file=\"https:\/\/believeindustry.company\/wp-content\/uploads\/2019\/07\/klip-lok-roof-sheet-machine-cutter.jpg\" src=\"https:\/\/believeindustry.company\/wp-content\/uploads\/2019\/07\/klip-lok-roof-sheet-machine-cutter.jpg\" alt=\"M\u00e1quina de corte de telhas Klip Lok\" class=\"wp-image-6865\" style=\"width:533px;height:355px\" srcset=\"https:\/\/believeindustry.company\/wp-content\/uploads\/2019\/07\/klip-lok-roof-sheet-machine-cutter.jpg 800w, https:\/\/believeindustry.company\/wp-content\/uploads\/2019\/07\/klip-lok-roof-sheet-machine-cutter-600x400.jpg 600w, https:\/\/believeindustry.company\/wp-content\/uploads\/2019\/07\/klip-lok-roof-sheet-machine-cutter-300x200.jpg 300w, https:\/\/believeindustry.company\/wp-content\/uploads\/2019\/07\/klip-lok-roof-sheet-machine-cutter-768x512.jpg 768w, https:\/\/believeindustry.company\/wp-content\/uploads\/2019\/07\/klip-lok-roof-sheet-machine-cutter-320x213.jpg 320w, https:\/\/believeindustry.company\/wp-content\/uploads\/2019\/07\/klip-lok-roof-sheet-machine-cutter-640x426.jpg 640w, https:\/\/believeindustry.company\/wp-content\/uploads\/2019\/07\/klip-lok-roof-sheet-machine-cutter-360x240.jpg 360w, https:\/\/believeindustry.company\/wp-content\/uploads\/2019\/07\/klip-lok-roof-sheet-machine-cutter-720x480.jpg 720w, https:\/\/believeindustry.company\/wp-content\/uploads\/2019\/07\/klip-lok-roof-sheet-machine-cutter-272x182.jpg 272w\" sizes=\"(max-width: 800px) 100vw, 800px\" \/><figcaption><\/figcaption><\/figure>\n\n\n\n<p>A Believe Industry Company possui uma linha completa de m\u00e1quinas de perfilagem para materiais de constru\u00e7\u00e3o. Entre elas:;<\/p>\n\n\n\n<ol class=\"wp-block-list\">\n<li><a href=\"https:\/\/believeindustry.company\/pt\/maquina-de-perfilagem-de-rolos\/maquina-de-perfilagem-de-tercas\/\">M\u00e1quina de perfilagem de ter\u00e7as<\/a><\/li>\n\n\n\n<li><a href=\"https:\/\/believeindustry.company\/pt\/maquina-de-perfilagem-de-rolos\/maquina-de-perfilagem-personalizada\/maquina-de-perfilagem-de-lajes-de-aco-para-pisos\/\">M\u00e1quina de perfilagem de lajes de piso<\/a><\/li>\n\n\n\n<li>M\u00e1quina de Azulejos<\/li>\n\n\n\n<li><a href=\"https:\/\/believeindustry.company\/pt\/maquina-de-perfilagem-de-rolos\/maquina-de-perfilagem-de-calhas-e-condutores-pluviais\/\">M\u00e1quinas para calhas e condutores pluviais<\/a><\/li>\n<\/ol>\n\n\n\n<p><a href=\"mailto:darren@believeindustry.com\">E-mail <\/a>ou <a href=\"https:\/\/wa.me\/8617351680080\" target=\"_blank\" rel=\"noopener\">WhatsApp<\/a> Para mais informa\u00e7\u00f5es, entre em contato conosco.<\/p>","protected":false},"excerpt":{"rendered":"<p>Klip-Lok Roof Sheet Roll Forming Machine also named Clip Lock Roof Sheet Roll Forming Machine, which is for producing klip-lok 700 or klip-lok 406 roof sheets as desired length. Klip-Lok Roof Sheet Roll Forming Machine What&#8217;s Klip-Lok Roof Sheet? Klip-lok roof sheet is a wide-cover concealed fixed cladding with no exposed fasteners for weathertight roofs. [&hellip;]<\/p>\n","protected":false},"author":2,"featured_media":6864,"parent":724,"menu_order":0,"comment_status":"closed","ping_status":"closed","template":"","meta":{"_angie_page":false,"footnotes":"","big_sky_generated":false},"tags":[607851244],"class_list":["post-6858","page","type-page","status-publish","has-post-thumbnail","hentry","tag-construction-and-steel-structure"],"blocksy_meta":[],"jetpack_sharing_enabled":true,"jetpack_shortlink":"https:\/\/wp.me\/P9K5n8-1MC","jetpack_likes_enabled":false,"jetpack-related-posts":[{"id":21922,"url":"https:\/\/believeindustry.company\/pt\/construction-and-steel-structure\/","url_meta":{"origin":6858,"position":0},"title":"Constru\u00e7\u00e3o e Estrutura Met\u00e1lica","author":"Believe Industry Group","date":"Abril 12, 2026","format":false,"excerpt":"A roll forming machine for construction and steel structure is heavy-duty manufacturing equipment essential for fabricating the custom components used in pre-engineered buildings and structural frameworks.Functioning as an automated, high-speed production line, it continuously converts large, flat coils of raw steel into ready-to-install building materials\u2014such as C and Z purlins,\u2026","rel":"","context":"Similar post","block_context":{"text":"Similar post","link":""},"img":{"alt_text":"","src":"https:\/\/i0.wp.com\/believeindustry.company\/wp-content\/uploads\/2026\/04\/steel-structure-building-1-1.jpg?resize=350%2C200&ssl=1","width":350,"height":200,"srcset":"https:\/\/i0.wp.com\/believeindustry.company\/wp-content\/uploads\/2026\/04\/steel-structure-building-1-1.jpg?resize=350%2C200&ssl=1 1x, https:\/\/i0.wp.com\/believeindustry.company\/wp-content\/uploads\/2026\/04\/steel-structure-building-1-1.jpg?resize=525%2C300&ssl=1 1.5x, https:\/\/i0.wp.com\/believeindustry.company\/wp-content\/uploads\/2026\/04\/steel-structure-building-1-1.jpg?resize=700%2C400&ssl=1 2x"},"classes":[]},{"id":2251,"url":"https:\/\/believeindustry.company\/pt\/roll-forming-machine\/metal-sheet-roll-forming-machine\/widespan-roof-sheeting-roll-forming-machine\/","url_meta":{"origin":6858,"position":1},"title":"M\u00e1quina de perfilagem de chapas de cobertura de grande v\u00e3o","author":"Believe Industry Group","date":"Junho 15, 2018","format":false,"excerpt":"A Widespan Roof Sheeting Roll Forming Machine is an industrial manufacturing system built to continuously shape flat metal coils into durable roofing sheets. Furthermore, this heavy-duty equipment uses a series of perfectly calibrated rollers to bend steel accurately at room temperature. Consequently, it provides a highly efficient and reliable solution\u2026","rel":"","context":"In \"Construction and Steel Structure\"","block_context":{"text":"Construction and Steel Structure","link":"https:\/\/believeindustry.company\/pt\/tag\/construction-and-steel-structure\/"},"img":{"alt_text":"A full-length view of a complete, industrial widespan roofing sheet roll forming production line, including the uncoiler, the main roll former, and a shearing or cutting unit at the exit end.","src":"https:\/\/i0.wp.com\/believeindustry.company\/wp-content\/uploads\/2025\/12\/widespan-roofing-sheet-roll-former.webp?resize=350%2C200&ssl=1","width":350,"height":200,"srcset":"https:\/\/i0.wp.com\/believeindustry.company\/wp-content\/uploads\/2025\/12\/widespan-roofing-sheet-roll-former.webp?resize=350%2C200&ssl=1 1x, https:\/\/i0.wp.com\/believeindustry.company\/wp-content\/uploads\/2025\/12\/widespan-roofing-sheet-roll-former.webp?resize=525%2C300&ssl=1 1.5x, https:\/\/i0.wp.com\/believeindustry.company\/wp-content\/uploads\/2025\/12\/widespan-roofing-sheet-roll-former.webp?resize=700%2C400&ssl=1 2x, https:\/\/i0.wp.com\/believeindustry.company\/wp-content\/uploads\/2025\/12\/widespan-roofing-sheet-roll-former.webp?resize=1050%2C600&ssl=1 3x, https:\/\/i0.wp.com\/believeindustry.company\/wp-content\/uploads\/2025\/12\/widespan-roofing-sheet-roll-former.webp?resize=1400%2C800&ssl=1 4x"},"classes":[]},{"id":593,"url":"https:\/\/believeindustry.company\/pt\/roll-forming-machine\/metal-sheet-roll-forming-machine\/roofing-sheet-roll-forming-machine\/","url_meta":{"origin":6858,"position":2},"title":"M\u00e1quina de perfilagem de chapas de cobertura","author":"Believe Industry Group","date":"Mar\u00e7o 22, 2018","format":false,"excerpt":"A m\u00e1quina de perfilagem de telhas met\u00e1licas foi projetada para produzir diversos tipos de telhas e revestimentos de parede, conforme o projeto e no comprimento desejado. A espessura varia normalmente de 0,2 a 0,8 mm e a resist\u00eancia de 235 MPa a 550 MPa. Introdu\u00e7\u00e3o \u00e0 m\u00e1quina de perfilagem de telhas met\u00e1licas. Onde encontrar\u2026","rel":"","context":"In \"Construction and Steel Structure\"","block_context":{"text":"Construction and Steel Structure","link":"https:\/\/believeindustry.company\/pt\/tag\/construction-and-steel-structure\/"},"img":{"alt_text":"roof sheet roll forming machine","src":"https:\/\/i0.wp.com\/believeindustry.company\/wp-content\/uploads\/2018\/06\/roof-sheet-roll-forming-machine_%E5%89%AF%E6%9C%AC.jpg?resize=350%2C200&ssl=1","width":350,"height":200,"srcset":"https:\/\/i0.wp.com\/believeindustry.company\/wp-content\/uploads\/2018\/06\/roof-sheet-roll-forming-machine_%E5%89%AF%E6%9C%AC.jpg?resize=350%2C200&ssl=1 1x, https:\/\/i0.wp.com\/believeindustry.company\/wp-content\/uploads\/2018\/06\/roof-sheet-roll-forming-machine_%E5%89%AF%E6%9C%AC.jpg?resize=525%2C300&ssl=1 1.5x, https:\/\/i0.wp.com\/believeindustry.company\/wp-content\/uploads\/2018\/06\/roof-sheet-roll-forming-machine_%E5%89%AF%E6%9C%AC.jpg?resize=700%2C400&ssl=1 2x, https:\/\/i0.wp.com\/believeindustry.company\/wp-content\/uploads\/2018\/06\/roof-sheet-roll-forming-machine_%E5%89%AF%E6%9C%AC.jpg?resize=1050%2C600&ssl=1 3x"},"classes":[]},{"id":6830,"url":"https:\/\/believeindustry.company\/pt\/economic-design-roofing-sheet-roll-forming-machine\/","url_meta":{"origin":6858,"position":3},"title":"M\u00e1quina de perfilagem de chapas de cobertura com design econ\u00f4mico","author":"Believe Industry Group","date":"Junho 25, 2019","format":false,"excerpt":"Economic Design Roofing Sheet Roll Forming Machine, not mean that the machine quality is bad. just adopt old design, H beam welded as the bottom base and steel wall plate as the roll forming stands. Which is cheapper than Chromed pillar and Iron case design. Short Description Forming Steps: 16-25\u2026","rel":"","context":"Similar post","block_context":{"text":"Similar post","link":""},"img":{"alt_text":"cropped Economic Design Roofing Sheet Roll Forming Machine","src":"https:\/\/i0.wp.com\/believeindustry.company\/wp-content\/uploads\/2019\/06\/cropped-Economic-Design-Roofing-Sheet-Roll-Forming-Machine.jpg?resize=350%2C200&ssl=1","width":350,"height":200,"srcset":"https:\/\/i0.wp.com\/believeindustry.company\/wp-content\/uploads\/2019\/06\/cropped-Economic-Design-Roofing-Sheet-Roll-Forming-Machine.jpg?resize=350%2C200&ssl=1 1x, https:\/\/i0.wp.com\/believeindustry.company\/wp-content\/uploads\/2019\/06\/cropped-Economic-Design-Roofing-Sheet-Roll-Forming-Machine.jpg?resize=525%2C300&ssl=1 1.5x, https:\/\/i0.wp.com\/believeindustry.company\/wp-content\/uploads\/2019\/06\/cropped-Economic-Design-Roofing-Sheet-Roll-Forming-Machine.jpg?resize=700%2C400&ssl=1 2x"},"classes":[]},{"id":1608,"url":"https:\/\/believeindustry.company\/pt\/brochure-of-metal-sheets-roll-forming-machine\/","url_meta":{"origin":6858,"position":4},"title":"Cat\u00e1logo de M\u00e1quina de Conforma\u00e7\u00e3o de Chapas Met\u00e1licas","author":"Believe Industry Group","date":"Maio 5, 2018","format":false,"excerpt":"Believe Industry Company have the full range of roll forming machines for metal roofing sheets, such as: IBR sheet roll forming machine Corrugated sheets roll forming machine Bemo sheet roll forming machine Metal roof tile roll forming machine [3d-flip-book mode=\"fullscreen\" urlparam=\"fb3d-page\" id=\"1588\" title=\"true\" template=\"short-white-book-view\"]","rel":"","context":"In \"Roll Forming Machine\"","block_context":{"text":"Roll Forming Machine","link":"https:\/\/believeindustry.company\/pt\/tag\/roll-forming-machine\/"},"img":{"alt_text":"roofing sheets","src":"https:\/\/i0.wp.com\/believeindustry.company\/wp-content\/uploads\/2018\/05\/roofing-sheets.jpg?resize=350%2C200&ssl=1","width":350,"height":200,"srcset":"https:\/\/i0.wp.com\/believeindustry.company\/wp-content\/uploads\/2018\/05\/roofing-sheets.jpg?resize=350%2C200&ssl=1 1x, https:\/\/i0.wp.com\/believeindustry.company\/wp-content\/uploads\/2018\/05\/roofing-sheets.jpg?resize=525%2C300&ssl=1 1.5x, https:\/\/i0.wp.com\/believeindustry.company\/wp-content\/uploads\/2018\/05\/roofing-sheets.jpg?resize=700%2C400&ssl=1 2x, https:\/\/i0.wp.com\/believeindustry.company\/wp-content\/uploads\/2018\/05\/roofing-sheets.jpg?resize=1050%2C600&ssl=1 3x"},"classes":[]},{"id":2407,"url":"https:\/\/believeindustry.company\/pt\/roll-forming-machine\/metal-sheet-roll-forming-machine\/box-profile-roofing-sheets-roll-forming-machine\/","url_meta":{"origin":6858,"position":5},"title":"M\u00e1quina de perfilagem de chapas de cobertura com perfil trapezoidal","author":"Believe Industry Group","date":"Julho 4, 2018","format":false,"excerpt":"A m\u00e1quina de perfilagem para telhas de perfil trapezoidal \u00e9 utilizada na produ\u00e7\u00e3o de telhas de perfil trapezoidal, amplamente empregadas em telhados de concreto armado. A Believe Industry oferece uma linha completa de m\u00e1quinas de perfilagem para perfis trapezoidais, com todos os componentes personaliz\u00e1veis.","rel":"","context":"In \"Cold Roll Forming Machine\"","block_context":{"text":"Cold Roll Forming Machine","link":"https:\/\/believeindustry.company\/pt\/tag\/cold-roll-forming-machine\/"},"img":{"alt_text":"box profile roofing sheets roll forming machine","src":"https:\/\/i0.wp.com\/believeindustry.company\/wp-content\/uploads\/2018\/07\/box-profile-roofing-sheets-roll-forming-machine.jpg?resize=350%2C200&ssl=1","width":350,"height":200,"srcset":"https:\/\/i0.wp.com\/believeindustry.company\/wp-content\/uploads\/2018\/07\/box-profile-roofing-sheets-roll-forming-machine.jpg?resize=350%2C200&ssl=1 1x, https:\/\/i0.wp.com\/believeindustry.company\/wp-content\/uploads\/2018\/07\/box-profile-roofing-sheets-roll-forming-machine.jpg?resize=525%2C300&ssl=1 1.5x, https:\/\/i0.wp.com\/believeindustry.company\/wp-content\/uploads\/2018\/07\/box-profile-roofing-sheets-roll-forming-machine.jpg?resize=700%2C400&ssl=1 2x"},"classes":[]}],"amp_enabled":true,"_links":{"self":[{"href":"https:\/\/believeindustry.company\/pt\/wp-json\/wp\/v2\/pages\/6858","targetHints":{"allow":["GET"]}}],"collection":[{"href":"https:\/\/believeindustry.company\/pt\/wp-json\/wp\/v2\/pages"}],"about":[{"href":"https:\/\/believeindustry.company\/pt\/wp-json\/wp\/v2\/types\/page"}],"author":[{"embeddable":true,"href":"https:\/\/believeindustry.company\/pt\/wp-json\/wp\/v2\/users\/2"}],"replies":[{"embeddable":true,"href":"https:\/\/believeindustry.company\/pt\/wp-json\/wp\/v2\/comments?post=6858"}],"version-history":[{"count":4,"href":"https:\/\/believeindustry.company\/pt\/wp-json\/wp\/v2\/pages\/6858\/revisions"}],"predecessor-version":[{"id":19710,"href":"https:\/\/believeindustry.company\/pt\/wp-json\/wp\/v2\/pages\/6858\/revisions\/19710"}],"up":[{"embeddable":true,"href":"https:\/\/believeindustry.company\/pt\/wp-json\/wp\/v2\/pages\/724"}],"wp:featuredmedia":[{"embeddable":true,"href":"https:\/\/believeindustry.company\/pt\/wp-json\/wp\/v2\/media\/6864"}],"wp:attachment":[{"href":"https:\/\/believeindustry.company\/pt\/wp-json\/wp\/v2\/media?parent=6858"}],"wp:term":[{"taxonomy":"post_tag","embeddable":true,"href":"https:\/\/believeindustry.company\/pt\/wp-json\/wp\/v2\/tags?post=6858"}],"curies":[{"name":"wp","href":"https:\/\/api.w.org\/{rel}","templated":true}]}}