{"id":6869,"date":"2019-07-02T13:16:05","date_gmt":"2019-07-02T05:16:05","guid":{"rendered":"https:\/\/believeindustry.company\/?page_id=6869"},"modified":"2021-12-20T10:49:13","modified_gmt":"2021-12-20T02:49:13","slug":"maquina-de-perfilagem-de-rolos-para-estufas","status":"publish","type":"page","link":"https:\/\/believeindustry.company\/pt\/roll-forming-machine\/customized-profile-roll-forming-machine\/greenhouse-profile-roll-forming-machine\/","title":{"rendered":"M\u00e1quina de perfilagem de rolos para estufas"},"content":{"rendered":"<p><strong>M\u00e1quina de perfilagem de rolos para estufas<\/strong> Serve para produzir perfis para estufas. Como cantoneiras de a\u00e7o, perfis U, condu\u00edtes ou fixadores em forma de chap\u00e9u. <\/p>\n\n\n\n<!--more-->\n\n\n\n<p>A Believe Industry Company ajuda voc\u00ea a fabricar seus perfis com precis\u00e3o. Construir uma estrutura de estufa robusta \u00e9 essencial. Manter a estufa, sua ou de seus clientes, firme em todas as condi\u00e7\u00f5es clim\u00e1ticas, protegendo as preciosas plantas em seu interior.  <\/p>\n\n\n\n<h2 class=\"wp-block-heading\">M\u00e1quina de perfilagem de rolos para estufas<\/h2>\n\n\n\n<h3 class=\"wp-block-heading\">Perfis de estufa<\/h3>\n\n\n\n<figure class=\"wp-block-image size-large is-resized\"><img fetchpriority=\"high\" decoding=\"async\" data-attachment-id=\"6870\" data-permalink=\"https:\/\/believeindustry.company\/pt\/roll-forming-machine\/customized-profile-roll-forming-machine\/greenhouse-profile-roll-forming-machine\/greenhouse\/\" data-orig-file=\"https:\/\/believeindustry.company\/wp-content\/uploads\/2019\/07\/greenhouse.jpg\" data-orig-size=\"414,122\" data-comments-opened=\"1\" data-image-meta=\"{&quot;aperture&quot;:&quot;0&quot;,&quot;credit&quot;:&quot;&quot;,&quot;camera&quot;:&quot;&quot;,&quot;caption&quot;:&quot;&quot;,&quot;created_timestamp&quot;:&quot;0&quot;,&quot;copyright&quot;:&quot;&quot;,&quot;focal_length&quot;:&quot;0&quot;,&quot;iso&quot;:&quot;0&quot;,&quot;shutter_speed&quot;:&quot;0&quot;,&quot;title&quot;:&quot;&quot;,&quot;orientation&quot;:&quot;0&quot;}\" data-image-title=\"greenhouse\" data-image-description=\"\" data-image-caption=\"\" data-large-file=\"https:\/\/believeindustry.company\/wp-content\/uploads\/2019\/07\/greenhouse.jpg\" src=\"https:\/\/believeindustry.company\/wp-content\/uploads\/2019\/07\/greenhouse.jpg\" alt=\"estufa\" class=\"wp-image-6870\" width=\"587\" height=\"173\" srcset=\"https:\/\/believeindustry.company\/wp-content\/uploads\/2019\/07\/greenhouse.jpg 414w, https:\/\/believeindustry.company\/wp-content\/uploads\/2019\/07\/greenhouse-300x88.jpg 300w, https:\/\/believeindustry.company\/wp-content\/uploads\/2019\/07\/greenhouse-320x94.jpg 320w, https:\/\/believeindustry.company\/wp-content\/uploads\/2019\/07\/greenhouse-360x106.jpg 360w\" sizes=\"(max-width: 587px) 100vw, 587px\" \/><figcaption><\/figcaption><\/figure>\n\n\n\n<p><em>O&nbsp;<\/em><strong>estrutura<\/strong><em>&nbsp;\u00e9 a estrutura do&nbsp;<\/em><strong>estufa<\/strong><em>, consistindo em colunas, vigas, cintas, etc., que sustentam o telhado, vento, chuva, neve, dispositivos instalados e sobrecarga de plantas treli\u00e7adas, etc.<\/em><\/p>\n\n\n\n<figure class=\"wp-block-image size-large\"><img decoding=\"async\" width=\"932\" height=\"790\" data-attachment-id=\"6872\" data-permalink=\"https:\/\/believeindustry.company\/pt\/roll-forming-machine\/customized-profile-roll-forming-machine\/greenhouse-profile-roll-forming-machine\/greenhouse-steel-profiles-1\/\" data-orig-file=\"https:\/\/believeindustry.company\/wp-content\/uploads\/2019\/07\/greenhouse-steel-profiles-1.jpg\" data-orig-size=\"932,790\" data-comments-opened=\"1\" data-image-meta=\"{&quot;aperture&quot;:&quot;0&quot;,&quot;credit&quot;:&quot;&quot;,&quot;camera&quot;:&quot;&quot;,&quot;caption&quot;:&quot;&quot;,&quot;created_timestamp&quot;:&quot;0&quot;,&quot;copyright&quot;:&quot;&quot;,&quot;focal_length&quot;:&quot;0&quot;,&quot;iso&quot;:&quot;0&quot;,&quot;shutter_speed&quot;:&quot;0&quot;,&quot;title&quot;:&quot;&quot;,&quot;orientation&quot;:&quot;0&quot;}\" data-image-title=\"greenhouse steel profiles 1\" data-image-description=\"\" data-image-caption=\"\" data-large-file=\"https:\/\/believeindustry.company\/wp-content\/uploads\/2019\/07\/greenhouse-steel-profiles-1.jpg\" src=\"https:\/\/believeindustry.company\/wp-content\/uploads\/2019\/07\/greenhouse-steel-profiles-1.jpg\" alt=\"Perfis de a\u00e7o para estufas 1\" class=\"wp-image-6872\" srcset=\"https:\/\/believeindustry.company\/wp-content\/uploads\/2019\/07\/greenhouse-steel-profiles-1.jpg 932w, https:\/\/believeindustry.company\/wp-content\/uploads\/2019\/07\/greenhouse-steel-profiles-1-600x509.jpg 600w, https:\/\/believeindustry.company\/wp-content\/uploads\/2019\/07\/greenhouse-steel-profiles-1-300x254.jpg 300w, https:\/\/believeindustry.company\/wp-content\/uploads\/2019\/07\/greenhouse-steel-profiles-1-768x651.jpg 768w, https:\/\/believeindustry.company\/wp-content\/uploads\/2019\/07\/greenhouse-steel-profiles-1-320x271.jpg 320w, https:\/\/believeindustry.company\/wp-content\/uploads\/2019\/07\/greenhouse-steel-profiles-1-640x542.jpg 640w, https:\/\/believeindustry.company\/wp-content\/uploads\/2019\/07\/greenhouse-steel-profiles-1-360x305.jpg 360w, https:\/\/believeindustry.company\/wp-content\/uploads\/2019\/07\/greenhouse-steel-profiles-1-720x610.jpg 720w, https:\/\/believeindustry.company\/wp-content\/uploads\/2019\/07\/greenhouse-steel-profiles-1-800x678.jpg 800w, https:\/\/believeindustry.company\/wp-content\/uploads\/2019\/07\/greenhouse-steel-profiles-1-119x100.jpg 119w\" sizes=\"(max-width: 932px) 100vw, 932px\" \/><figcaption><\/figcaption><\/figure>\n\n\n\n<h3 class=\"wp-block-heading\">Componentes da M\u00e1quina de Perfilagem de Estufa<\/h3>\n\n\n\n<ol class=\"wp-block-list\"><li>Desbobinador de bra\u00e7o \u00fanico<\/li><li>Nivelador<\/li><li>Alimentador Servo e M\u00e1quina de Pun\u00e7\u00e3o<\/li><li>Alimentador e Guia<\/li><li>M\u00e1quina de perfilagem de rolos<\/li><li>Dispositivo de corte<\/li><li>Painel de controle<\/li><li>Esta\u00e7\u00e3o Hidr\u00e1ulica<\/li><li>Mesa de coleta<\/li><li>Pe\u00e7as de reposi\u00e7\u00e3o<\/li><\/ol>\n\n\n\n<h3 class=\"wp-block-heading\">Layout da m\u00e1quina de perfilagem de rolos<\/h3>\n\n\n\n<figure class=\"wp-block-image size-large\"><img decoding=\"async\" width=\"1024\" height=\"257\" data-attachment-id=\"2726\" data-permalink=\"https:\/\/believeindustry.company\/pt\/roll-forming-machine\/customized-profile-roll-forming-machine\/walk-board-scaffold-plank-roll-forming-machine\/layout-of-scaffold-plank-roll-forming-machine\/\" data-orig-file=\"https:\/\/believeindustry.company\/wp-content\/uploads\/2018\/08\/layout-of-scaffold-plank-roll-forming-machine.png\" data-orig-size=\"1460,366\" data-comments-opened=\"1\" data-image-meta=\"{&quot;aperture&quot;:&quot;0&quot;,&quot;credit&quot;:&quot;&quot;,&quot;camera&quot;:&quot;&quot;,&quot;caption&quot;:&quot;&quot;,&quot;created_timestamp&quot;:&quot;0&quot;,&quot;copyright&quot;:&quot;&quot;,&quot;focal_length&quot;:&quot;0&quot;,&quot;iso&quot;:&quot;0&quot;,&quot;shutter_speed&quot;:&quot;0&quot;,&quot;title&quot;:&quot;&quot;,&quot;orientation&quot;:&quot;0&quot;}\" data-image-title=\"layout of scaffold plank roll forming machine\" data-image-description=\"\" data-image-caption=\"\" data-large-file=\"https:\/\/believeindustry.company\/wp-content\/uploads\/2018\/08\/layout-of-scaffold-plank-roll-forming-machine-1024x257.png\" src=\"https:\/\/believeindustry.company\/wp-content\/uploads\/2018\/08\/layout-of-scaffold-plank-roll-forming-machine-1024x257.png\" alt=\"Layout da m\u00e1quina de perfilagem de pranchas de andaime\" class=\"wp-image-2726\" srcset=\"https:\/\/believeindustry.company\/wp-content\/uploads\/2018\/08\/layout-of-scaffold-plank-roll-forming-machine-1024x257.png 1024w, https:\/\/believeindustry.company\/wp-content\/uploads\/2018\/08\/layout-of-scaffold-plank-roll-forming-machine-600x150.png 600w, https:\/\/believeindustry.company\/wp-content\/uploads\/2018\/08\/layout-of-scaffold-plank-roll-forming-machine-300x75.png 300w, https:\/\/believeindustry.company\/wp-content\/uploads\/2018\/08\/layout-of-scaffold-plank-roll-forming-machine.png 1460w\" sizes=\"(max-width: 1024px) 100vw, 1024px\" \/><figcaption>Desenrolamento \u2013 Nivelamento \u2013 Alimenta\u00e7\u00e3o e pun\u00e7\u00e3o servo \u2013 Guiamento \u2013 Conforma\u00e7\u00e3o por rolos \u2013 Corte<\/figcaption><\/figure>\n\n\n\n<h3 class=\"wp-block-heading\">Breves especifica\u00e7\u00f5es t\u00e9cnicas<\/h3>\n\n\n\n<ul class=\"wp-block-list\"><li>Tipo de desenrolador: Desenrolador el\u00e9trico de bra\u00e7o \u00fanico<\/li><li>Capacidade do desenrolador: 3 toneladas<\/li><li>Pot\u00eancia do motor do nivelador: 3 kW<\/li><li>Pot\u00eancia do motor servo do alimentador: 2,2 kW<\/li><li>Capacidade da prensa de estampagem: 60 toneladas<\/li><li>Material do molde de estampagem: SKD 11, HRD 58-62<\/li><li>Pot\u00eancia do motor de perfilagem: 7,5 kW - 15 kW<\/li><li>Material dos rolos: GCR 15, temperado e revenido.<\/li><li>Forma\u00e7\u00e3o de arquibancadas: 16-30<\/li><li>M\u00e9todo de transmiss\u00e3o: Corrente e engrenagem ou caixa de engrenagens<\/li><li>Velocidade da linha: 15-20 m\/min<\/li><li>Painel de controle: PLC e IHM<\/li><\/ul>\n\n\n\n<p>Al\u00e9m dos perfis acima, a Believe Industry Company tamb\u00e9m aceita perfis personalizados para estufas. H\u00e1 mais de 10 anos, dedicamo-nos ao projeto e fabrica\u00e7\u00e3o de m\u00e1quinas de perfilagem. Tamb\u00e9m dispomos de m\u00e1quinas para as seguintes aplica\u00e7\u00f5es:<\/p>\n\n\n\n<ol class=\"wp-block-list\"><li>Materiais de constru\u00e7\u00e3o<\/li><li>Sistemas de armazenamento e estantes<\/li><li>Sistema de calhas e condutores pluviais<\/li><li>Ind\u00fastria Solo<\/li><li>Batentes de portas<\/li><\/ol>\n\n\n\n<p><a href=\"https:\/\/believeindustry.company\/pt\/contato\/\">Contate-nos<\/a> Para obter mais informa\u00e7\u00f5es ou <a href=\"https:\/\/wa.me\/8617351680080\" target=\"_blank\" rel=\"noopener\">Envie-nos uma mensagem pelo WhatsApp<\/a> diretamente.<\/p>","protected":false},"excerpt":{"rendered":"<p>A m\u00e1quina de perfilagem para estufas \u00e9 utilizada para produzir perfis para estufas, como cantoneiras de a\u00e7o, perfis U, condu\u00edtes ou fixadores em formato de chap\u00e9u.<\/p>","protected":false},"author":2,"featured_media":6874,"parent":1257,"menu_order":0,"comment_status":"closed","ping_status":"closed","template":"","meta":{"_angie_page":false,"footnotes":"","big_sky_generated":false},"tags":[607849634],"class_list":["post-6869","page","type-page","status-publish","has-post-thumbnail","hentry","tag-custom-designs"],"blocksy_meta":[],"jetpack_sharing_enabled":true,"jetpack_shortlink":"https:\/\/wp.me\/P9K5n8-1MN","jetpack_likes_enabled":false,"jetpack-related-posts":[{"id":7463,"url":"https:\/\/believeindustry.company\/pt\/hydroponic-hanging-gutter-roll-former\/","url_meta":{"origin":6869,"position":0},"title":"Formador de rolos para calhas suspensas hidrop\u00f4nicas","author":"Believe Industry Group","date":"Mar\u00e7o 18, 2020","format":false,"excerpt":"Hydroponic Hanging Gutter Roll Former is designed to manufacture suspended gutters for hydroponic growing with recirculation in the farm and customizable to the measure of each farm in length.\u00a0And makes it easier to install and transport to the greenhouse and reduces storage and logistics problems. Our new design hanging gutter\u2026","rel":"","context":"In \"downspout lines\"","block_context":{"text":"downspout lines","link":"https:\/\/believeindustry.company\/pt\/tag\/downspout-lines\/"},"img":{"alt_text":"Beli RollForming mobile Cultivation Gutter Roll Former for greenhouse installation","src":"https:\/\/i0.wp.com\/believeindustry.company\/wp-content\/uploads\/2020\/03\/Hydroponic-Hanging-Gutter-Roll-Former.jpg?resize=350%2C200&ssl=1","width":350,"height":200,"srcset":"https:\/\/i0.wp.com\/believeindustry.company\/wp-content\/uploads\/2020\/03\/Hydroponic-Hanging-Gutter-Roll-Former.jpg?resize=350%2C200&ssl=1 1x, https:\/\/i0.wp.com\/believeindustry.company\/wp-content\/uploads\/2020\/03\/Hydroponic-Hanging-Gutter-Roll-Former.jpg?resize=525%2C300&ssl=1 1.5x, https:\/\/i0.wp.com\/believeindustry.company\/wp-content\/uploads\/2020\/03\/Hydroponic-Hanging-Gutter-Roll-Former.jpg?resize=700%2C400&ssl=1 2x, https:\/\/i0.wp.com\/believeindustry.company\/wp-content\/uploads\/2020\/03\/Hydroponic-Hanging-Gutter-Roll-Former.jpg?resize=1050%2C600&ssl=1 3x, https:\/\/i0.wp.com\/believeindustry.company\/wp-content\/uploads\/2020\/03\/Hydroponic-Hanging-Gutter-Roll-Former.jpg?resize=1400%2C800&ssl=1 4x"},"classes":[]},{"id":22021,"url":"https:\/\/believeindustry.company\/pt\/elementor-page-22021\/","url_meta":{"origin":6869,"position":1},"title":"Calha e tubo de queda","author":"Believe Industry Group","date":"Abril 12, 2026","format":false,"excerpt":"A roll forming machine for rain downspout and gutter is specialized manufacturing equipment designed to produce the vital components of residential and commercial roof drainage systems.These machines continuously profile flat coils of aluminum, galvanized steel, or copper into functional, weather-resistant water management products. The equipment generally falls into two categories:\u2026","rel":"","context":"Similar post","block_context":{"text":"Similar post","link":""},"img":{"alt_text":"downspout and gutter","src":"https:\/\/i0.wp.com\/believeindustry.company\/wp-content\/uploads\/2026\/04\/downspout-and-gutter.webp?resize=350%2C200&ssl=1","width":350,"height":200,"srcset":"https:\/\/i0.wp.com\/believeindustry.company\/wp-content\/uploads\/2026\/04\/downspout-and-gutter.webp?resize=350%2C200&ssl=1 1x, https:\/\/i0.wp.com\/believeindustry.company\/wp-content\/uploads\/2026\/04\/downspout-and-gutter.webp?resize=525%2C300&ssl=1 1.5x, https:\/\/i0.wp.com\/believeindustry.company\/wp-content\/uploads\/2026\/04\/downspout-and-gutter.webp?resize=700%2C400&ssl=1 2x, https:\/\/i0.wp.com\/believeindustry.company\/wp-content\/uploads\/2026\/04\/downspout-and-gutter.webp?resize=1050%2C600&ssl=1 3x, https:\/\/i0.wp.com\/believeindustry.company\/wp-content\/uploads\/2026\/04\/downspout-and-gutter.webp?resize=1400%2C800&ssl=1 4x"},"classes":[]},{"id":8080,"url":"https:\/\/believeindustry.company\/pt\/cultivation-gutter-system-and-machine\/","url_meta":{"origin":6869,"position":2},"title":"Sistema e m\u00e1quina de calhas para cultivo","author":"Believe Industry Group","date":"Julho 8, 2024","format":false,"excerpt":"Greenhouse Cultivation Gutter System Believe Industry has been developing and implementing crop-specific gutter systems and machines. Over the years we have developed various cultivation gutter models. Believe Industry therefore supplies a complete range of gutters for every crop. In close consultation we can supply the right gutter, components and also\u2026","rel":"","context":"Similar post","block_context":{"text":"Similar post","link":""},"img":{"alt_text":"Beli-205-Gutter","src":"https:\/\/i0.wp.com\/believeindustry.company\/wp-content\/uploads\/2021\/09\/Beli-205-Gutter-150x150.jpg?resize=350%2C200&ssl=1","width":350,"height":200,"srcset":"https:\/\/i0.wp.com\/believeindustry.company\/wp-content\/uploads\/2021\/09\/Beli-205-Gutter-150x150.jpg?resize=350%2C200&ssl=1 1x, https:\/\/i0.wp.com\/believeindustry.company\/wp-content\/uploads\/2021\/09\/Beli-205-Gutter-150x150.jpg?resize=525%2C300&ssl=1 1.5x"},"classes":[]},{"id":577,"url":"https:\/\/believeindustry.company\/pt\/roll-forming-machine\/","url_meta":{"origin":6869,"position":3},"title":"M\u00e1quina de perfilagem de rolos","author":"Believe Industry Group","date":"Mar\u00e7o 22, 2018","format":false,"excerpt":"As a premier manufacturer and exporter of machinery from Wuxi, China, Beli RollForming specializes in designing and building a vast range of high-performance roll forming machines for various global industries.Beli RollForming's Roll Forming Machines are advanced, continuous production systems that transform flat metal coils (steel, aluminum, etc.) into precise, long-length\u2026","rel":"","context":"In \"Coil Roll Forming Machine\"","block_context":{"text":"Coil Roll Forming Machine","link":"https:\/\/believeindustry.company\/pt\/tag\/coil-roll-forming-machine\/"},"img":{"alt_text":"roll forming mills","src":"https:\/\/i0.wp.com\/believeindustry.company\/wp-content\/uploads\/2018\/03\/roll-forming-mills-e1522722506357.jpg?resize=350%2C200&ssl=1","width":350,"height":200,"srcset":"https:\/\/i0.wp.com\/believeindustry.company\/wp-content\/uploads\/2018\/03\/roll-forming-mills-e1522722506357.jpg?resize=350%2C200&ssl=1 1x, https:\/\/i0.wp.com\/believeindustry.company\/wp-content\/uploads\/2018\/03\/roll-forming-mills-e1522722506357.jpg?resize=525%2C300&ssl=1 1.5x, https:\/\/i0.wp.com\/believeindustry.company\/wp-content\/uploads\/2018\/03\/roll-forming-mills-e1522722506357.jpg?resize=700%2C400&ssl=1 2x, https:\/\/i0.wp.com\/believeindustry.company\/wp-content\/uploads\/2018\/03\/roll-forming-mills-e1522722506357.jpg?resize=1050%2C600&ssl=1 3x"},"classes":[]},{"id":2692,"url":"https:\/\/believeindustry.company\/pt\/roll-forming-machine\/customized-profile-roll-forming-machine\/steel-silo-roll-forming-machine\/","url_meta":{"origin":6869,"position":4},"title":"M\u00e1quina de conforma\u00e7\u00e3o de rolos para silos de a\u00e7o para gr\u00e3os","author":"Believe Industry Group","date":"Agosto 13, 2018","format":false,"excerpt":"","rel":"","context":"In \"custom designs\"","block_context":{"text":"custom designs","link":"https:\/\/believeindustry.company\/pt\/tag\/custom-designs\/"},"img":{"alt_text":"Steel Silo Roll Forming Machine","src":"https:\/\/i0.wp.com\/believeindustry.company\/wp-content\/uploads\/2018\/08\/Steel-Silo-Roll-Forming-Machine.jpg?resize=350%2C200&ssl=1","width":350,"height":200,"srcset":"https:\/\/i0.wp.com\/believeindustry.company\/wp-content\/uploads\/2018\/08\/Steel-Silo-Roll-Forming-Machine.jpg?resize=350%2C200&ssl=1 1x, https:\/\/i0.wp.com\/believeindustry.company\/wp-content\/uploads\/2018\/08\/Steel-Silo-Roll-Forming-Machine.jpg?resize=525%2C300&ssl=1 1.5x, https:\/\/i0.wp.com\/believeindustry.company\/wp-content\/uploads\/2018\/08\/Steel-Silo-Roll-Forming-Machine.jpg?resize=700%2C400&ssl=1 2x, https:\/\/i0.wp.com\/believeindustry.company\/wp-content\/uploads\/2018\/08\/Steel-Silo-Roll-Forming-Machine.jpg?resize=1050%2C600&ssl=1 3x"},"classes":[]},{"id":2723,"url":"https:\/\/believeindustry.company\/pt\/roll-forming-machine\/customized-profile-roll-forming-machine\/walk-board-scaffold-plank-roll-forming-machine\/","url_meta":{"origin":6869,"position":5},"title":"M\u00e1quina de perfilagem de pranchas de andaime","author":"Believe Industry Group","date":"Janeiro 25, 2019","format":false,"excerpt":"","rel":"","context":"In \"custom designs\"","block_context":{"text":"custom designs","link":"https:\/\/believeindustry.company\/pt\/tag\/custom-designs\/"},"img":{"alt_text":"","src":"","width":0,"height":0},"classes":[]}],"amp_enabled":true,"_links":{"self":[{"href":"https:\/\/believeindustry.company\/pt\/wp-json\/wp\/v2\/pages\/6869","targetHints":{"allow":["GET"]}}],"collection":[{"href":"https:\/\/believeindustry.company\/pt\/wp-json\/wp\/v2\/pages"}],"about":[{"href":"https:\/\/believeindustry.company\/pt\/wp-json\/wp\/v2\/types\/page"}],"author":[{"embeddable":true,"href":"https:\/\/believeindustry.company\/pt\/wp-json\/wp\/v2\/users\/2"}],"replies":[{"embeddable":true,"href":"https:\/\/believeindustry.company\/pt\/wp-json\/wp\/v2\/comments?post=6869"}],"version-history":[{"count":1,"href":"https:\/\/believeindustry.company\/pt\/wp-json\/wp\/v2\/pages\/6869\/revisions"}],"predecessor-version":[{"id":8243,"href":"https:\/\/believeindustry.company\/pt\/wp-json\/wp\/v2\/pages\/6869\/revisions\/8243"}],"up":[{"embeddable":true,"href":"https:\/\/believeindustry.company\/pt\/wp-json\/wp\/v2\/pages\/1257"}],"wp:featuredmedia":[{"embeddable":true,"href":"https:\/\/believeindustry.company\/pt\/wp-json\/wp\/v2\/media\/6874"}],"wp:attachment":[{"href":"https:\/\/believeindustry.company\/pt\/wp-json\/wp\/v2\/media?parent=6869"}],"wp:term":[{"taxonomy":"post_tag","embeddable":true,"href":"https:\/\/believeindustry.company\/pt\/wp-json\/wp\/v2\/tags?post=6869"}],"curies":[{"name":"wp","href":"https:\/\/api.w.org\/{rel}","templated":true}]}}