{"id":7420,"date":"2020-02-25T08:53:44","date_gmt":"2020-02-25T00:53:44","guid":{"rendered":"https:\/\/believeindustry.company\/?page_id=7420"},"modified":"2026-04-12T12:56:23","modified_gmt":"2026-04-12T04:56:23","slug":"maquina-de-perfilagem-de-canaletas-de-transmissao-por-corrente","status":"publish","type":"page","link":"https:\/\/believeindustry.company\/pt\/chain-transmission-strut-channel-roll-forming-machine\/","title":{"rendered":"M\u00e1quina de perfilagem de canaletas com transmiss\u00e3o por corrente"},"content":{"rendered":"<figure class=\"wp-block-video wp-block-embed is-type-video is-provider-videopress\"><div class=\"wp-block-embed__wrapper\">\n<iframe title=\"Reprodutor de v\u00eddeo VideoPress\" aria-label='Reprodutor de v\u00eddeo VideoPress' width='1290' height='726' src='https:\/\/videopress.com\/embed\/Ot6y6qAy?cover=1&amp;preloadContent=metadata&amp;hd=0' frameborder='0' allowfullscreen data-resize-to-parent=\"true\" allow='clipboard-write'><\/iframe><script src='https:\/\/v0.wordpress.com\/js\/next\/videopress-iframe.js?m=1739540970'><\/script>\n<\/div><\/figure>\n\n\n\n<h4 class=\"wp-block-heading\" id=\"h-feature-of-the-machine\">Caracter\u00edsticas da m\u00e1quina:<\/h4>\n\n\n\n<ol class=\"wp-block-list\">\n<li>Econ\u00f4mico <\/li>\n\n\n\n<li>Economize espa\u00e7o<\/li>\n<\/ol>\n\n\n\n<h5 class=\"wp-block-heading\" id=\"h-brief-introduction-of-chain-transmission-strut-channel-roll-forming-machine\">Breve introdu\u00e7\u00e3o \u00e0 m\u00e1quina de perfilagem de canais com transmiss\u00e3o por corrente:<\/h5>\n\n\n\n<ol class=\"wp-block-list\">\n<li>Espessura: 1,0-2,0 mm<\/li>\n\n\n\n<li>Velocidade: 2-3 m\/min<\/li>\n\n\n\n<li>Comprimento da linha: M\u00e1ximo 15 metros<\/li>\n\n\n\n<li>Pot\u00eancia total: 15 kW<\/li>\n<\/ol>\n\n\n\n<p><a href=\"https:\/\/believeindustry.company\/pt\/contato\/\">Contate-nos<\/a> Para obter mais informa\u00e7\u00f5es<\/p>","protected":false},"excerpt":{"rendered":"<p>Feature of the machine: Brief Introduction of Chain Transmission Strut Channel Roll Forming Machine: Contact us for more information<\/p>","protected":false},"author":2,"featured_media":7423,"parent":0,"menu_order":0,"comment_status":"closed","ping_status":"closed","template":"","meta":{"_angie_page":false,"footnotes":"","big_sky_generated":false},"tags":[607851247],"class_list":["post-7420","page","type-page","status-publish","has-post-thumbnail","hentry","tag-energy-and-electric"],"blocksy_meta":[],"jetpack_sharing_enabled":true,"jetpack_shortlink":"https:\/\/wp.me\/P9K5n8-1VG","jetpack_likes_enabled":false,"jetpack-related-posts":[{"id":22002,"url":"https:\/\/believeindustry.company\/pt\/energy-and-electric\/","url_meta":{"origin":7420,"position":0},"title":"Energia e eletricidade","author":"Believe Industry Group","date":"Abril 12, 2026","format":false,"excerpt":"A roll forming machine for energy and electrical applications is a specialized, automated manufacturing system designed to produce the critical metal infrastructure used in power generation, solar farms, and electrical distribution.In these sectors, precision and high-volume production are paramount. These roll forming lines continuously shape flat steel or aluminum coils\u2026","rel":"","context":"Similar post","block_context":{"text":"Similar post","link":""},"img":{"alt_text":"engery and electric","src":"https:\/\/i0.wp.com\/believeindustry.company\/wp-content\/uploads\/2026\/04\/engery-and-electric.webp?resize=350%2C200&ssl=1","width":350,"height":200,"srcset":"https:\/\/i0.wp.com\/believeindustry.company\/wp-content\/uploads\/2026\/04\/engery-and-electric.webp?resize=350%2C200&ssl=1 1x, https:\/\/i0.wp.com\/believeindustry.company\/wp-content\/uploads\/2026\/04\/engery-and-electric.webp?resize=525%2C300&ssl=1 1.5x, https:\/\/i0.wp.com\/believeindustry.company\/wp-content\/uploads\/2026\/04\/engery-and-electric.webp?resize=700%2C400&ssl=1 2x, https:\/\/i0.wp.com\/believeindustry.company\/wp-content\/uploads\/2026\/04\/engery-and-electric.webp?resize=1050%2C600&ssl=1 3x, https:\/\/i0.wp.com\/believeindustry.company\/wp-content\/uploads\/2026\/04\/engery-and-electric.webp?resize=1400%2C800&ssl=1 4x"},"classes":[]},{"id":1837,"url":"https:\/\/believeindustry.company\/pt\/roll-forming-machine\/customized-profile-roll-forming-machine\/uni-strut-channel-roll-forming-machine\/","url_meta":{"origin":7420,"position":1},"title":"M\u00e1quina de perfilagem de canal Uni Sturt","author":"Believe Industry Group","date":"Maio 19, 2018","format":false,"excerpt":"A Uni Strut Channel Roll Forming Machine takes flat metal coils and bends them into U-shaped strut channels. These machines are very important for modern factories. Furthermore, they work automatically and make parts incredibly fast. Because they bend the metal smoothly, the final product is very strong. Consequently, top factories\u2026","rel":"","context":"In \"Channel Roll Forming Machine\"","block_context":{"text":"Channel Roll Forming Machine","link":"https:\/\/believeindustry.company\/pt\/tag\/channel-roll-forming-machine\/"},"img":{"alt_text":"High-speed flying saw cutting unit finalizes the finished channel product from the strut channel roll forming machine","src":"https:\/\/i0.wp.com\/believeindustry.company\/wp-content\/uploads\/2025\/12\/strut-channel-machine-cutting-saw.webp?resize=350%2C200&ssl=1","width":350,"height":200,"srcset":"https:\/\/i0.wp.com\/believeindustry.company\/wp-content\/uploads\/2025\/12\/strut-channel-machine-cutting-saw.webp?resize=350%2C200&ssl=1 1x, https:\/\/i0.wp.com\/believeindustry.company\/wp-content\/uploads\/2025\/12\/strut-channel-machine-cutting-saw.webp?resize=525%2C300&ssl=1 1.5x, https:\/\/i0.wp.com\/believeindustry.company\/wp-content\/uploads\/2025\/12\/strut-channel-machine-cutting-saw.webp?resize=700%2C400&ssl=1 2x, https:\/\/i0.wp.com\/believeindustry.company\/wp-content\/uploads\/2025\/12\/strut-channel-machine-cutting-saw.webp?resize=1050%2C600&ssl=1 3x, https:\/\/i0.wp.com\/believeindustry.company\/wp-content\/uploads\/2025\/12\/strut-channel-machine-cutting-saw.webp?resize=1400%2C800&ssl=1 4x"},"classes":[]},{"id":7324,"url":"https:\/\/believeindustry.company\/pt\/different-transmission-of-metal-panels-roll-forming-machine\/","url_meta":{"origin":7420,"position":2},"title":"Diferentes m\u00e9todos de transmiss\u00e3o para m\u00e1quinas de perfilagem de pain\u00e9is met\u00e1licos","author":"Believe Industry Group","date":"Janeiro 13, 2020","format":false,"excerpt":"https:\/\/videopress.com\/v\/qC4mAoSe?preloadContent=metadata Gear Box Transmission with Iron Cast Stands https:\/\/videopress.com\/v\/dCxJvlTl?preloadContent=metadata Chain -Sproket Transmission and Chromed Pillar Stands","rel":"","context":"Similar post","block_context":{"text":"Similar post","link":""},"img":{"alt_text":"","src":"","width":0,"height":0},"classes":[]},{"id":3543,"url":"https:\/\/believeindustry.company\/pt\/roll-forming-machine\/customized-profile-roll-forming-machine\/ceiling-channel-roll-forming-machine\/","url_meta":{"origin":7420,"position":3},"title":"M\u00e1quina de perfilagem de canaletas para forro","author":"Believe Industry Group","date":"Janeiro 9, 2019","format":false,"excerpt":"A m\u00e1quina de perfilagem de perfis para forro da Believe Industry Company pode fabricar perfis C, cantoneiras, perfis de gesso, forros falsos e perfis para estrutura de suporte, conforme as necessidades do cliente. O que s\u00e3o perfis para forro? Os perfis para forro s\u00e3o compostos pelos seguintes itens: Perfil para estrutura de suporte, Cantoneira, Perfil principal de gesso, Perfil para forro falso, Perfil intermedi\u00e1rio\u2026","rel":"","context":"In \"c channel roll forming machine\"","block_context":{"text":"c channel roll forming machine","link":"https:\/\/believeindustry.company\/pt\/tag\/c-channel-roll-forming-machine\/"},"img":{"alt_text":"ceiling channel roll forming machine supplier","src":"https:\/\/i0.wp.com\/believeindustry.company\/wp-content\/uploads\/2019\/01\/ceiling-channel-roll-forming-machine-supplier.jpg?resize=350%2C200&ssl=1","width":350,"height":200,"srcset":"https:\/\/i0.wp.com\/believeindustry.company\/wp-content\/uploads\/2019\/01\/ceiling-channel-roll-forming-machine-supplier.jpg?resize=350%2C200&ssl=1 1x, https:\/\/i0.wp.com\/believeindustry.company\/wp-content\/uploads\/2019\/01\/ceiling-channel-roll-forming-machine-supplier.jpg?resize=525%2C300&ssl=1 1.5x, https:\/\/i0.wp.com\/believeindustry.company\/wp-content\/uploads\/2019\/01\/ceiling-channel-roll-forming-machine-supplier.jpg?resize=700%2C400&ssl=1 2x, https:\/\/i0.wp.com\/believeindustry.company\/wp-content\/uploads\/2019\/01\/ceiling-channel-roll-forming-machine-supplier.jpg?resize=1050%2C600&ssl=1 3x, https:\/\/i0.wp.com\/believeindustry.company\/wp-content\/uploads\/2019\/01\/ceiling-channel-roll-forming-machine-supplier.jpg?resize=1400%2C800&ssl=1 4x"},"classes":[]},{"id":22047,"url":"https:\/\/believeindustry.company\/pt\/customized-profiles\/","url_meta":{"origin":7420,"position":4},"title":"Perfis personalizados","author":"Believe Industry Group","date":"Abril 12, 2026","format":false,"excerpt":"A roll forming machine for customized profiles is highly specialized manufacturing equipment engineered to produce unique, non-standard metal cross-sections tailored to specific proprietary designs or niche applications.Unlike standard machines built for common shapes like roofing or studs, these systems are custom-designed from the ground up. They utilize uniquely engineered roller\u2026","rel":"","context":"Similar post","block_context":{"text":"Similar post","link":""},"img":{"alt_text":"custom roll forming machine","src":"https:\/\/i0.wp.com\/believeindustry.company\/wp-content\/uploads\/2018\/05\/custom-roll-forming-machine.jpg?resize=350%2C200&ssl=1","width":350,"height":200,"srcset":"https:\/\/i0.wp.com\/believeindustry.company\/wp-content\/uploads\/2018\/05\/custom-roll-forming-machine.jpg?resize=350%2C200&ssl=1 1x, https:\/\/i0.wp.com\/believeindustry.company\/wp-content\/uploads\/2018\/05\/custom-roll-forming-machine.jpg?resize=525%2C300&ssl=1 1.5x, https:\/\/i0.wp.com\/believeindustry.company\/wp-content\/uploads\/2018\/05\/custom-roll-forming-machine.jpg?resize=700%2C400&ssl=1 2x, https:\/\/i0.wp.com\/believeindustry.company\/wp-content\/uploads\/2018\/05\/custom-roll-forming-machine.jpg?resize=1050%2C600&ssl=1 3x"},"classes":[]},{"id":2193,"url":"https:\/\/believeindustry.company\/pt\/roll-forming-machine\/metal-sheet-roll-forming-machine\/metal-wall-panel-roll-forming-machine\/","url_meta":{"origin":7420,"position":5},"title":"M\u00e1quina de perfilagem de pain\u00e9is de parede met\u00e1licos","author":"Believe Industry Group","date":"Junho 7, 2018","format":false,"excerpt":"Metal Wall Panel Roll Forming Machine is for producing wall panels automatically. The Machine can cutoff the wall panel profiles into desire length. Metal Wall Panel Roll Forming Machine Metal Wall Panel As we know, traditional wall panels is made by brick, which is\u00a0 composed of clay-bearing soil, sand, and\u2026","rel":"","context":"In \"Cold Roll Forming Machine\"","block_context":{"text":"Cold Roll Forming Machine","link":"https:\/\/believeindustry.company\/pt\/tag\/cold-roll-forming-machine\/"},"img":{"alt_text":"metal wall panel roll forming machine","src":"https:\/\/i0.wp.com\/believeindustry.company\/wp-content\/uploads\/2018\/06\/metal-wall-panel-roll-forming-machine-e1529031517454.jpg?resize=350%2C200&ssl=1","width":350,"height":200,"srcset":"https:\/\/i0.wp.com\/believeindustry.company\/wp-content\/uploads\/2018\/06\/metal-wall-panel-roll-forming-machine-e1529031517454.jpg?resize=350%2C200&ssl=1 1x, https:\/\/i0.wp.com\/believeindustry.company\/wp-content\/uploads\/2018\/06\/metal-wall-panel-roll-forming-machine-e1529031517454.jpg?resize=525%2C300&ssl=1 1.5x, https:\/\/i0.wp.com\/believeindustry.company\/wp-content\/uploads\/2018\/06\/metal-wall-panel-roll-forming-machine-e1529031517454.jpg?resize=700%2C400&ssl=1 2x, https:\/\/i0.wp.com\/believeindustry.company\/wp-content\/uploads\/2018\/06\/metal-wall-panel-roll-forming-machine-e1529031517454.jpg?resize=1050%2C600&ssl=1 3x"},"classes":[]}],"amp_enabled":true,"_links":{"self":[{"href":"https:\/\/believeindustry.company\/pt\/wp-json\/wp\/v2\/pages\/7420","targetHints":{"allow":["GET"]}}],"collection":[{"href":"https:\/\/believeindustry.company\/pt\/wp-json\/wp\/v2\/pages"}],"about":[{"href":"https:\/\/believeindustry.company\/pt\/wp-json\/wp\/v2\/types\/page"}],"author":[{"embeddable":true,"href":"https:\/\/believeindustry.company\/pt\/wp-json\/wp\/v2\/users\/2"}],"replies":[{"embeddable":true,"href":"https:\/\/believeindustry.company\/pt\/wp-json\/wp\/v2\/comments?post=7420"}],"version-history":[{"count":7,"href":"https:\/\/believeindustry.company\/pt\/wp-json\/wp\/v2\/pages\/7420\/revisions"}],"predecessor-version":[{"id":19498,"href":"https:\/\/believeindustry.company\/pt\/wp-json\/wp\/v2\/pages\/7420\/revisions\/19498"}],"wp:featuredmedia":[{"embeddable":true,"href":"https:\/\/believeindustry.company\/pt\/wp-json\/wp\/v2\/media\/7423"}],"wp:attachment":[{"href":"https:\/\/believeindustry.company\/pt\/wp-json\/wp\/v2\/media?parent=7420"}],"wp:term":[{"taxonomy":"post_tag","embeddable":true,"href":"https:\/\/believeindustry.company\/pt\/wp-json\/wp\/v2\/tags?post=7420"}],"curies":[{"name":"wp","href":"https:\/\/api.w.org\/{rel}","templated":true}]}}