{"id":777,"date":"2018-03-29T15:15:38","date_gmt":"2018-03-29T07:15:38","guid":{"rendered":"https:\/\/believeindustry.company\/?page_id=777"},"modified":"2026-04-11T21:59:05","modified_gmt":"2026-04-11T13:59:05","slug":"maquina-de-perfilagem-de-telhas-metalicas","status":"publish","type":"page","link":"https:\/\/believeindustry.company\/pt\/roll-forming-machine\/metal-sheet-roll-forming-machine\/metal-roof-tile-roll-forming-machine\/","title":{"rendered":"M\u00e1quina de perfilagem de telhas met\u00e1licas"},"content":{"rendered":"<p><strong>M\u00e1quina de perfilagem de telhas met\u00e1licas<\/strong>&nbsp;\u00c9 para a produ\u00e7\u00e3o de telhas met\u00e1licas semelhantes \u00e0s telhas tradicionais, por\u00e9m com qualidade e durabilidade superiores. <\/p>\n\n\n\n<!--nextpage-->\n\n\n\n<h2 class=\"wp-block-heading\">Introdu\u00e7\u00e3o \u00e0 m\u00e1quina de perfilagem de telhas met\u00e1licas <\/h2>\n\n\n\n<p><strong>Telhas<\/strong>&nbsp;As telhas met\u00e1licas servem para proteger da chuva. As telhas tradicionais s\u00e3o feitas de materiais dispon\u00edveis localmente, como ard\u00f3sia e terracota, enquanto as modernas utilizam materiais como concreto, pl\u00e1stico e metais. As telhas met\u00e1licas s\u00e3o especiais, compostas por uma alta porcentagem de material reciclado e s\u00e3o recicl\u00e1veis segundo a norma 100%. Al\u00e9m disso, as telhas met\u00e1licas s\u00e3o leves e podem ser instaladas sobre telhados j\u00e1 existentes. S\u00e3o muito \u00fateis para estruturas grandes e antigas (como estruturas de madeira). Seu encaixe proporciona maior resist\u00eancia ao vento em compara\u00e7\u00e3o com outros materiais para telhados. A BELI\u00ae desenvolveu quase 50 tipos de m\u00e1quinas de perfilagem de telhas met\u00e1licas para atender a diferentes necessidades.<\/p>\n\n\n\n<p>A m\u00e1quina de perfilagem de telhas met\u00e1licas tamb\u00e9m \u00e9 chamada de m\u00e1quina de perfilagem de telhas escalonadas.&nbsp;<a href=\"https:\/\/believeindustry.company\/pt\/maquina-de-perfilagem-de-rolos\/maquina-de-perfilagem-de-chapas-metalicas\/maquina-de-perfilagem-de-chapas-de-cobertura\/\">m\u00e1quina de perfilagem de telhados<\/a>, telha esmaltada&nbsp;<a href=\"https:\/\/believeindustry.company\/pt\/maquina-de-perfilagem-de-rolos\/maquina-de-perfilagem-de-chapas-metalicas\/\">m\u00e1quina de perfilagem de rolos<\/a>, M\u00e1quina de perfilagem de telhas 3D, etc. A Believe Industry (BELI\u00ae) possui m\u00e1quinas totalmente autom\u00e1ticas para telhas met\u00e1licas e tamb\u00e9m aceita projetos de perfis personalizados.<\/p>\n\n\n\n<h3 class=\"wp-block-heading\">Componentes de m\u00e1quinas para telhas met\u00e1licas<\/h3>\n\n\n\n<ol class=\"wp-block-list\"><li>Desbobinador hidr\u00e1ulico<\/li><li>Dispositivo de alimenta\u00e7\u00e3o e orienta\u00e7\u00e3o<\/li><li>Laminadores de perfilagem<\/li><li>Sistema de passos Punch<\/li><li>Unidade de corte<\/li><li>Mesa de coleta<\/li><li>Painel de controle<\/li><li>Esta\u00e7\u00f5es hidr\u00e1ulicas<\/li><\/ol>\n\n\n\n<h3 class=\"wp-block-heading\">Par\u00e2metros t\u00e9cnicos<\/h3>\n\n\n\n<h4 class=\"wp-block-heading\">Desbobinador hidr\u00e1ulico<\/h4>\n\n\n\n<div class=\"wp-block-media-text alignwide has-media-on-the-right\" style=\"grid-template-columns:auto 32%\"><figure class=\"wp-block-media-text__media\"><img fetchpriority=\"high\" decoding=\"async\" width=\"509\" height=\"358\" data-attachment-id=\"779\" data-permalink=\"https:\/\/believeindustry.company\/pt\/roll-forming-machine\/metal-sheet-roll-forming-machine\/metal-roof-tile-roll-forming-machine\/hydraulic-uncoiler\/\" data-orig-file=\"https:\/\/believeindustry.company\/wp-content\/uploads\/2018\/03\/hydraulic-uncoiler.jpg\" data-orig-size=\"509,358\" data-comments-opened=\"1\" data-image-meta=\"{&quot;aperture&quot;:&quot;0&quot;,&quot;credit&quot;:&quot;&quot;,&quot;camera&quot;:&quot;&quot;,&quot;caption&quot;:&quot;&quot;,&quot;created_timestamp&quot;:&quot;0&quot;,&quot;copyright&quot;:&quot;&quot;,&quot;focal_length&quot;:&quot;0&quot;,&quot;iso&quot;:&quot;0&quot;,&quot;shutter_speed&quot;:&quot;0&quot;,&quot;title&quot;:&quot;&quot;,&quot;orientation&quot;:&quot;0&quot;}\" data-image-title=\"hydraulic uncoiler\" data-image-description=\"&lt;p&gt;The hydraulic uncoiler is an option and widely used in roll forming line.&lt;\/p&gt;\" data-image-caption=\"&lt;p&gt;Hydraulic expansion and electric uncoiling&lt;\/p&gt;\" data-large-file=\"https:\/\/believeindustry.company\/wp-content\/uploads\/2018\/03\/hydraulic-uncoiler.jpg\" src=\"https:\/\/believeindustry.company\/wp-content\/uploads\/2018\/03\/hydraulic-uncoiler.jpg\" alt=\"desenrolador hidr\u00e1ulico\" class=\"wp-image-779\" srcset=\"https:\/\/believeindustry.company\/wp-content\/uploads\/2018\/03\/hydraulic-uncoiler.jpg 509w, https:\/\/believeindustry.company\/wp-content\/uploads\/2018\/03\/hydraulic-uncoiler-300x211.jpg 300w\" sizes=\"(max-width: 509px) 100vw, 509px\" \/><\/figure><div class=\"wp-block-media-text__content\">\n<ol class=\"wp-block-list\"><li>Expans\u00e3o hidr\u00e1ulica, desenrolamento el\u00e9trico<\/li><li>Di\u00e2metro interno da bobina: 480-560 mm<\/li><li>Di\u00e2metro externo da bobina: 1200 mm<\/li><li>Pot\u00eancia do motor de desenrolamento: 5,5 kW<\/li><li>Pot\u00eancia do motor hidr\u00e1ulico: 3 kW<\/li><li>Capacidade de carga: 5 toneladas (10 toneladas como op\u00e7\u00e3o)<\/li><li>Velocidade de desenrolamento: 20 m\/min, sincronizada com a m\u00e1quina principal de perfilagem.<\/li><\/ol>\n<\/div><\/div>\n\n\n\n<h4 class=\"wp-block-heading\">M\u00e1quina de perfilagem de rolos<\/h4>\n\n\n\n<ol class=\"wp-block-list\"><li>Espessura do material: 0,3-0,8 mm<\/li><li>Etapas de forma\u00e7\u00e3o: 18<\/li><li>Pot\u00eancia do motor acionado: 7,5 kW<\/li><li>Velocidade da linha: 4-6 m\/min<\/li><li>Material dos cilindros: ASTM 1045, tratamento de dureza e cromagem.<\/li><li>Material do eixo: ASTM 1045, di\u00e2metro externo de 76 mm<\/li><\/ol>\n\n\n\n<figure class=\"wp-block-image\"><img decoding=\"async\" width=\"1024\" height=\"576\" data-attachment-id=\"2815\" data-permalink=\"https:\/\/believeindustry.company\/pt\/?attachment_id=2815\" data-orig-file=\"https:\/\/believeindustry.company\/wp-content\/uploads\/2018\/09\/metal-glazed-tile-machine.jpg\" data-orig-size=\"5312,2988\" data-comments-opened=\"1\" data-image-meta=\"{&quot;aperture&quot;:&quot;1.9&quot;,&quot;credit&quot;:&quot;&quot;,&quot;camera&quot;:&quot;SM-G9280&quot;,&quot;caption&quot;:&quot;NID:SIZE:3.76M&quot;,&quot;created_timestamp&quot;:&quot;1460110512&quot;,&quot;copyright&quot;:&quot;&quot;,&quot;focal_length&quot;:&quot;4.3&quot;,&quot;iso&quot;:&quot;64&quot;,&quot;shutter_speed&quot;:&quot;0.01&quot;,&quot;title&quot;:&quot;NID:SIZE:3.76M&quot;,&quot;orientation&quot;:&quot;0&quot;}\" data-image-title=\"metal glazed tile machine\" data-image-description=\"\" data-image-caption=\"\" data-large-file=\"https:\/\/believeindustry.company\/wp-content\/uploads\/2018\/09\/metal-glazed-tile-machine-1024x576.jpg\" src=\"https:\/\/believeindustry.company\/wp-content\/uploads\/2018\/09\/metal-glazed-tile-machine-1024x576.jpg\" alt=\"m\u00e1quina de azulejos esmaltados de metal\" class=\"wp-image-2815\" srcset=\"https:\/\/believeindustry.company\/wp-content\/uploads\/2018\/09\/metal-glazed-tile-machine-1024x576.jpg 1024w, https:\/\/believeindustry.company\/wp-content\/uploads\/2018\/09\/metal-glazed-tile-machine-600x338.jpg 600w, https:\/\/believeindustry.company\/wp-content\/uploads\/2018\/09\/metal-glazed-tile-machine-300x169.jpg 300w\" sizes=\"(max-width: 1024px) 100vw, 1024px\" \/><\/figure>\n\n\n\n<h4 class=\"wp-block-heading\">Etapas de perfura\u00e7\u00e3o e sistema de corte<\/h4>\n\n\n\n<div class=\"wp-block-media-text alignwide is-vertically-aligned-center\" style=\"grid-template-columns:36% auto\"><figure class=\"wp-block-media-text__media\"><img decoding=\"async\" width=\"422\" height=\"419\" data-attachment-id=\"6601\" data-permalink=\"https:\/\/believeindustry.company\/pt\/roll-forming-machine\/metal-sheet-roll-forming-machine\/metal-roof-tile-roll-forming-machine\/punch-and-cutting-system\/\" data-orig-file=\"https:\/\/believeindustry.company\/wp-content\/uploads\/2019\/04\/punch-and-cutting-system.jpg\" data-orig-size=\"422,419\" data-comments-opened=\"1\" data-image-meta=\"{&quot;aperture&quot;:&quot;0&quot;,&quot;credit&quot;:&quot;&quot;,&quot;camera&quot;:&quot;&quot;,&quot;caption&quot;:&quot;&quot;,&quot;created_timestamp&quot;:&quot;0&quot;,&quot;copyright&quot;:&quot;&quot;,&quot;focal_length&quot;:&quot;0&quot;,&quot;iso&quot;:&quot;0&quot;,&quot;shutter_speed&quot;:&quot;0&quot;,&quot;title&quot;:&quot;&quot;,&quot;orientation&quot;:&quot;0&quot;}\" data-image-title=\"punch and cutting system\" data-image-description=\"\" data-image-caption=\"\" data-large-file=\"https:\/\/believeindustry.company\/wp-content\/uploads\/2019\/04\/punch-and-cutting-system.jpg\" src=\"https:\/\/believeindustry.company\/wp-content\/uploads\/2019\/04\/punch-and-cutting-system.jpg\" alt=\"sistema de perfura\u00e7\u00e3o e corte\" class=\"wp-image-6601\" srcset=\"https:\/\/believeindustry.company\/wp-content\/uploads\/2019\/04\/punch-and-cutting-system.jpg 422w, https:\/\/believeindustry.company\/wp-content\/uploads\/2019\/04\/punch-and-cutting-system-100x100.jpg 100w, https:\/\/believeindustry.company\/wp-content\/uploads\/2019\/04\/punch-and-cutting-system-150x150.jpg 150w, https:\/\/believeindustry.company\/wp-content\/uploads\/2019\/04\/punch-and-cutting-system-300x298.jpg 300w, https:\/\/believeindustry.company\/wp-content\/uploads\/2019\/04\/punch-and-cutting-system-320x318.jpg 320w, https:\/\/believeindustry.company\/wp-content\/uploads\/2019\/04\/punch-and-cutting-system-360x357.jpg 360w, https:\/\/believeindustry.company\/wp-content\/uploads\/2019\/04\/punch-and-cutting-system-75x75.jpg 75w, https:\/\/believeindustry.company\/wp-content\/uploads\/2019\/04\/punch-and-cutting-system-50x50.jpg 50w\" sizes=\"(max-width: 422px) 100vw, 422px\" \/><\/figure><div class=\"wp-block-media-text__content\">\n<ol class=\"wp-block-list\"><li>O sistema de pun\u00e7\u00e3o e corte \u00e9 independente; tamb\u00e9m temos um design de base comum.<\/li><li>Material do molde de pun\u00e7\u00e3o e da l\u00e2mina de corte: CR12 de alta qualidade<\/li><li>Pot\u00eancia do motor hidr\u00e1ulico: 11 kW com tanque de armazenamento<\/li><li>Os trabalhadores podem definir o comprimento dos degraus, o n\u00famero de ladrilhos e a quantidade na tela sens\u00edvel ao toque.<\/li><\/ol>\n<\/div><\/div>\n\n\n\n<p><a href=\"http:\/\/www.belirollform.com\/\" target=\"_blank\" rel=\"noopener\">Acredite na Empresa do Setor<\/a>&nbsp;est\u00e1 envolvida no projeto e fabrica\u00e7\u00e3o&nbsp;<a href=\"https:\/\/believeindustry.company\/pt\/linha-de-maquinas-de-perfilagem-de-rolos\/\">M\u00e1quinas de perfilagem<\/a>&nbsp;Conforme as exig\u00eancias. N\u00f3s tamb\u00e9m temos&nbsp;<a href=\"https:\/\/believeindustry.company\/pt\/equipamentos-de-processamento-de-bobinas\/\">equipamentos de processamento de bobinas<\/a>&nbsp;Para uma f\u00e1brica de a\u00e7o. Por exemplo:&nbsp;<a href=\"https:\/\/believeindustry.company\/pt\/equipamentos-de-processamento-de-bobinas\/linha-de-corte\/\">Linha de corte longitudinal de bobinas<\/a>, Linha de corte no comprimento desejado, etc.&nbsp;<a href=\"https:\/\/believeindustry.company\/pt\/contate-nos\/\">Contate-nos<\/a>&nbsp;Para obter mais informa\u00e7\u00f5es.\n\n<\/p>","protected":false},"excerpt":{"rendered":"<p>A m\u00e1quina de perfilagem de telhas met\u00e1licas \u00e9 utilizada para produzir telhas met\u00e1licas semelhantes \u00e0s telhas tradicionais, por\u00e9m com qualidade e durabilidade superiores.<\/p>","protected":false},"author":2,"featured_media":908,"parent":724,"menu_order":2,"comment_status":"closed","ping_status":"closed","template":"","meta":{"_angie_page":false,"footnotes":"","big_sky_generated":false},"tags":[607851244,607846325,607845980,607846711,607849628,607846218],"class_list":["post-777","page","type-page","status-publish","has-post-thumbnail","hentry","tag-construction-and-steel-structure","tag-metal-roof-tile-roll-forming-machine","tag-metal-sheet-roll-forming-machine","tag-metal-tile-roll-forming-machine","tag-panel-lines","tag-roof-tile-roll-forming-machine"],"blocksy_meta":[],"jetpack_sharing_enabled":true,"jetpack_shortlink":"https:\/\/wp.me\/P9K5n8-cx","jetpack_likes_enabled":false,"jetpack-related-posts":[{"id":991,"url":"https:\/\/believeindustry.company\/pt\/roll-forming-machine\/metal-sheet-roll-forming-machine\/roof-ridge-cap-roll-forming-machine\/","url_meta":{"origin":777,"position":0},"title":"M\u00e1quina de perfilagem de cumeeiras de telhado","author":"Believe Industry Group","date":"Abril 9, 2018","format":false,"excerpt":"The Ridge Cap Roll Forming Machine is an essential piece of equipment for producing high-quality roof ridge caps used in modern steel building systems. At Beli RollForming, we specialize in manufacturing durable and efficient machines that cater to the global construction market. As a leading manufacturer and exporter in China,\u2026","rel":"","context":"In \"Construction and Steel Structure\"","block_context":{"text":"Construction and Steel Structure","link":"https:\/\/believeindustry.company\/pt\/tag\/construction-and-steel-structure\/"},"img":{"alt_text":"Industrial roof tile ridge cap roll forming machine for manufacturing roof ridge caps, featuring control panel and steel roll forming components","src":"https:\/\/i0.wp.com\/believeindustry.company\/wp-content\/uploads\/2025\/12\/ridge-cap-roll-forming-machine.webp?resize=350%2C200&ssl=1","width":350,"height":200,"srcset":"https:\/\/i0.wp.com\/believeindustry.company\/wp-content\/uploads\/2025\/12\/ridge-cap-roll-forming-machine.webp?resize=350%2C200&ssl=1 1x, https:\/\/i0.wp.com\/believeindustry.company\/wp-content\/uploads\/2025\/12\/ridge-cap-roll-forming-machine.webp?resize=525%2C300&ssl=1 1.5x, https:\/\/i0.wp.com\/believeindustry.company\/wp-content\/uploads\/2025\/12\/ridge-cap-roll-forming-machine.webp?resize=700%2C400&ssl=1 2x, https:\/\/i0.wp.com\/believeindustry.company\/wp-content\/uploads\/2025\/12\/ridge-cap-roll-forming-machine.webp?resize=1050%2C600&ssl=1 3x, https:\/\/i0.wp.com\/believeindustry.company\/wp-content\/uploads\/2025\/12\/ridge-cap-roll-forming-machine.webp?resize=1400%2C800&ssl=1 4x"},"classes":[]},{"id":1277,"url":"https:\/\/believeindustry.company\/pt\/video\/metal-tile-roll-forming-machine-video\/","url_meta":{"origin":777,"position":1},"title":"V\u00eddeo da m\u00e1quina de perfilagem de telhas met\u00e1licas","author":"Believe Industry Group","date":"Abril 16, 2018","format":false,"excerpt":"The Metal Tile Roll Forming Machine Video will let you easy to know how the machine working and how to operate the machine. Contact us for more details of Metal Tile Roll Forming Machine","rel":"","context":"In \"Metal Tile Roll Forming Machine\"","block_context":{"text":"Metal Tile Roll Forming Machine","link":"https:\/\/believeindustry.company\/pt\/tag\/metal-tile-roll-forming-machine\/"},"img":{"alt_text":"roll forming machine for metal roof tile","src":"https:\/\/i0.wp.com\/believeindustry.company\/wp-content\/uploads\/2018\/05\/roll-forming-machine-for-metal-roof-tile.jpg?resize=350%2C200&ssl=1","width":350,"height":200,"srcset":"https:\/\/i0.wp.com\/believeindustry.company\/wp-content\/uploads\/2018\/05\/roll-forming-machine-for-metal-roof-tile.jpg?resize=350%2C200&ssl=1 1x, https:\/\/i0.wp.com\/believeindustry.company\/wp-content\/uploads\/2018\/05\/roll-forming-machine-for-metal-roof-tile.jpg?resize=525%2C300&ssl=1 1.5x, https:\/\/i0.wp.com\/believeindustry.company\/wp-content\/uploads\/2018\/05\/roll-forming-machine-for-metal-roof-tile.jpg?resize=700%2C400&ssl=1 2x, https:\/\/i0.wp.com\/believeindustry.company\/wp-content\/uploads\/2018\/05\/roll-forming-machine-for-metal-roof-tile.jpg?resize=1050%2C600&ssl=1 3x"},"classes":[]},{"id":724,"url":"https:\/\/believeindustry.company\/pt\/roll-forming-machine\/metal-sheet-roll-forming-machine\/","url_meta":{"origin":777,"position":2},"title":"M\u00e1quina de conforma\u00e7\u00e3o de rolos de chapas met\u00e1licas","author":"Believe Industry Group","date":"Mar\u00e7o 28, 2018","format":false,"excerpt":"Metal Sheet Roll Forming Machines, also named Steel Sheet Roll Forming Machines are widely used in Steel Structure Systems Manufacturers or Builders.Believe Industry Company have full range of Metal Sheet Roll Forming Machine to produce Roof Panels, Wall Cladding Sheets, Step Tiles with different types. Such as: Standing seamming Panel.\u2026","rel":"","context":"In \"believe industry machine\"","block_context":{"text":"believe industry machine","link":"https:\/\/believeindustry.company\/pt\/tag\/believe-industry-machine\/"},"img":{"alt_text":"sheet roll forming machine","src":"https:\/\/i0.wp.com\/believeindustry.company\/wp-content\/uploads\/2018\/03\/metal-sheet-roll-forming-machine.jpg?resize=350%2C200&ssl=1","width":350,"height":200,"srcset":"https:\/\/i0.wp.com\/believeindustry.company\/wp-content\/uploads\/2018\/03\/metal-sheet-roll-forming-machine.jpg?resize=350%2C200&ssl=1 1x, https:\/\/i0.wp.com\/believeindustry.company\/wp-content\/uploads\/2018\/03\/metal-sheet-roll-forming-machine.jpg?resize=525%2C300&ssl=1 1.5x, https:\/\/i0.wp.com\/believeindustry.company\/wp-content\/uploads\/2018\/03\/metal-sheet-roll-forming-machine.jpg?resize=700%2C400&ssl=1 2x"},"classes":[]},{"id":3148,"url":"https:\/\/believeindustry.company\/pt\/roll-forming-machine\/metal-sheet-roll-forming-machine\/glazed-tile-roll-forming-machine\/","url_meta":{"origin":777,"position":3},"title":"M\u00e1quina de perfilagem de ladrilhos esmaltados","author":"Believe Industry Group","date":"Outubro 15, 2018","format":false,"excerpt":"Glazed Tile Roll Forming Machine is for produce metal glazed tiles as desired drawings. Believe Industry Company new design tile machine speed can be up to 6m per minute. Glazed Tile Roll Forming Machine Machine Components Hydraulic Uncoiler Guider and Feeder Pre-cutter Roll Forming Mill One-body Hydraulic Punching and\u00a0Cutting Device\u2026","rel":"","context":"In \"Construction and Steel Structure\"","block_context":{"text":"Construction and Steel Structure","link":"https:\/\/believeindustry.company\/pt\/tag\/construction-and-steel-structure\/"},"img":{"alt_text":"glazed tile roll forming machine","src":"https:\/\/i0.wp.com\/believeindustry.company\/wp-content\/uploads\/2018\/10\/glazed-tile-roll-forming-machine-line-.jpg?resize=350%2C200&ssl=1","width":350,"height":200,"srcset":"https:\/\/i0.wp.com\/believeindustry.company\/wp-content\/uploads\/2018\/10\/glazed-tile-roll-forming-machine-line-.jpg?resize=350%2C200&ssl=1 1x, https:\/\/i0.wp.com\/believeindustry.company\/wp-content\/uploads\/2018\/10\/glazed-tile-roll-forming-machine-line-.jpg?resize=525%2C300&ssl=1 1.5x, https:\/\/i0.wp.com\/believeindustry.company\/wp-content\/uploads\/2018\/10\/glazed-tile-roll-forming-machine-line-.jpg?resize=700%2C400&ssl=1 2x, https:\/\/i0.wp.com\/believeindustry.company\/wp-content\/uploads\/2018\/10\/glazed-tile-roll-forming-machine-line-.jpg?resize=1050%2C600&ssl=1 3x"},"classes":[]},{"id":2555,"url":"https:\/\/believeindustry.company\/pt\/roll-forming-machine\/metal-sheet-roll-forming-machine\/steel-tile-profile-roll-forming-machine\/","url_meta":{"origin":777,"position":4},"title":"M\u00e1quina de perfilagem de a\u00e7o para telhas","author":"Believe Industry Group","date":"Agosto 1, 2018","format":false,"excerpt":"A m\u00e1quina de perfilagem de telhas de a\u00e7o \u00e9 utilizada para produzir perfis de telhas de a\u00e7o conforme o design desejado. A profundidade m\u00e1xima do design \u00e9 de 30 mm. A Believe Industry Company atua no projeto e fabrica\u00e7\u00e3o de m\u00e1quinas de perfilagem de telhas de a\u00e7o h\u00e1 mais de 10 anos. N\u00f3s temos\u2026","rel":"","context":"In \"Construction and Steel Structure\"","block_context":{"text":"Construction and Steel Structure","link":"https:\/\/believeindustry.company\/pt\/tag\/construction-and-steel-structure\/"},"img":{"alt_text":"Tile Profile Roll Forming Machine","src":"https:\/\/i0.wp.com\/believeindustry.company\/wp-content\/uploads\/2018\/08\/Tile-Profile-Roll-Forming-Machine.jpg?resize=350%2C200&ssl=1","width":350,"height":200,"srcset":"https:\/\/i0.wp.com\/believeindustry.company\/wp-content\/uploads\/2018\/08\/Tile-Profile-Roll-Forming-Machine.jpg?resize=350%2C200&ssl=1 1x, https:\/\/i0.wp.com\/believeindustry.company\/wp-content\/uploads\/2018\/08\/Tile-Profile-Roll-Forming-Machine.jpg?resize=525%2C300&ssl=1 1.5x, https:\/\/i0.wp.com\/believeindustry.company\/wp-content\/uploads\/2018\/08\/Tile-Profile-Roll-Forming-Machine.jpg?resize=700%2C400&ssl=1 2x, https:\/\/i0.wp.com\/believeindustry.company\/wp-content\/uploads\/2018\/08\/Tile-Profile-Roll-Forming-Machine.jpg?resize=1050%2C600&ssl=1 3x"},"classes":[]},{"id":2353,"url":"https:\/\/believeindustry.company\/pt\/roll-forming-machine\/metal-sheet-roll-forming-machine\/monterey-v1100-tile-roll-forming-machine-for-sale\/","url_meta":{"origin":777,"position":5},"title":"M\u00e1quina de perfilagem de ladrilhos Monterey V1100","author":"Believe Industry Group","date":"Junho 25, 2018","format":false,"excerpt":"Believe Industry have different design of \u00a0Monterey V1100 Tile Roll Forming Machine for sale \u00a0and all the machines are fully customized. Monterey V1100 Tile Roll Forming Machine For Sale What's Monterey V1100? Monterey V1100 is a very famous tile profile which is widely used in Russian. As usual, the tiles\u2026","rel":"","context":"In \"Construction and Steel Structure\"","block_context":{"text":"Construction and Steel Structure","link":"https:\/\/believeindustry.company\/pt\/tag\/construction-and-steel-structure\/"},"img":{"alt_text":"Monterey V1100 Tile Roll Forming Machine","src":"https:\/\/i0.wp.com\/believeindustry.company\/wp-content\/uploads\/2018\/06\/The-Monterey-V1100-Tile-Roll-Forming-Machine.jpg?resize=350%2C200&ssl=1","width":350,"height":200,"srcset":"https:\/\/i0.wp.com\/believeindustry.company\/wp-content\/uploads\/2018\/06\/The-Monterey-V1100-Tile-Roll-Forming-Machine.jpg?resize=350%2C200&ssl=1 1x, https:\/\/i0.wp.com\/believeindustry.company\/wp-content\/uploads\/2018\/06\/The-Monterey-V1100-Tile-Roll-Forming-Machine.jpg?resize=525%2C300&ssl=1 1.5x, https:\/\/i0.wp.com\/believeindustry.company\/wp-content\/uploads\/2018\/06\/The-Monterey-V1100-Tile-Roll-Forming-Machine.jpg?resize=700%2C400&ssl=1 2x, https:\/\/i0.wp.com\/believeindustry.company\/wp-content\/uploads\/2018\/06\/The-Monterey-V1100-Tile-Roll-Forming-Machine.jpg?resize=1050%2C600&ssl=1 3x"},"classes":[]}],"amp_enabled":true,"_links":{"self":[{"href":"https:\/\/believeindustry.company\/pt\/wp-json\/wp\/v2\/pages\/777","targetHints":{"allow":["GET"]}}],"collection":[{"href":"https:\/\/believeindustry.company\/pt\/wp-json\/wp\/v2\/pages"}],"about":[{"href":"https:\/\/believeindustry.company\/pt\/wp-json\/wp\/v2\/types\/page"}],"author":[{"embeddable":true,"href":"https:\/\/believeindustry.company\/pt\/wp-json\/wp\/v2\/users\/2"}],"replies":[{"embeddable":true,"href":"https:\/\/believeindustry.company\/pt\/wp-json\/wp\/v2\/comments?post=777"}],"version-history":[{"count":1,"href":"https:\/\/believeindustry.company\/pt\/wp-json\/wp\/v2\/pages\/777\/revisions"}],"predecessor-version":[{"id":19712,"href":"https:\/\/believeindustry.company\/pt\/wp-json\/wp\/v2\/pages\/777\/revisions\/19712"}],"up":[{"embeddable":true,"href":"https:\/\/believeindustry.company\/pt\/wp-json\/wp\/v2\/pages\/724"}],"wp:featuredmedia":[{"embeddable":true,"href":"https:\/\/believeindustry.company\/pt\/wp-json\/wp\/v2\/media\/908"}],"wp:attachment":[{"href":"https:\/\/believeindustry.company\/pt\/wp-json\/wp\/v2\/media?parent=777"}],"wp:term":[{"taxonomy":"post_tag","embeddable":true,"href":"https:\/\/believeindustry.company\/pt\/wp-json\/wp\/v2\/tags?post=777"}],"curies":[{"name":"wp","href":"https:\/\/api.w.org\/{rel}","templated":true}]}}