{"id":8060,"date":"2021-08-09T11:52:09","date_gmt":"2021-08-09T03:52:09","guid":{"rendered":"https:\/\/believeindustry.company\/?page_id=8060"},"modified":"2026-04-12T13:32:13","modified_gmt":"2026-04-12T05:32:13","slug":"maquina-de-perfilagem-de-deck-b","status":"publish","type":"page","link":"https:\/\/believeindustry.company\/pt\/roll-forming-machine\/customized-profile-roll-forming-machine\/b-deck-roll-forming-machine\/","title":{"rendered":"M\u00e1quina de perfilagem de decks B"},"content":{"rendered":"<div class=\"wp-block-columns is-layout-flex wp-container-core-columns-is-layout-28f84493 wp-block-columns-is-layout-flex\">\n<div class=\"wp-block-column is-layout-flow wp-block-column-is-layout-flow\" style=\"flex-basis:100%\">\n<p><strong>M\u00e1quina de perfilagem de decks B<\/strong>(tamb\u00e9m chamado de&nbsp;<strong>Formador de rolo de deck B<\/strong>) \u00e9 para a produ\u00e7\u00e3o de lajes tipo B. Que \u00e9 o revestimento met\u00e1lico estrutural mais comum na ind\u00fastria no mercado americano.<\/p>\n\n\n\n<h2 class=\"wp-block-heading\" id=\"h-what-s-b-deck\">O que \u00e9 o conv\u00e9s B?<\/h2>\n\n\n\n<p>O B Deck \u00e9 um substrato estrutural ideal para v\u00e3os curtos a m\u00e9dios, que variam de tr\u00eas a dez p\u00e9s de dist\u00e2ncia.<strong>&nbsp;\u00c9 leve, resistente, econ\u00f4mico e f\u00e1cil de instalar.&nbsp;<\/strong>O painel na imagem abaixo tem 1,5 polegadas de profundidade e 36 polegadas de largura. Ele tamb\u00e9m possui 6 nervuras (de 6 polegadas de largura) com encaixe macho e f\u00eamea para criar uma sobreposi\u00e7\u00e3o lateral interligada.<\/p>\n\n\n\n<p>O revestimento tipo B \u00e9 fabricado em revestimento de cobertura tipo B e revestimento de piso tipo B.<\/p>\n\n\n\n<p>Ambos os tipos t\u00eam dimens\u00f5es id\u00eanticas e s\u00e3o fabricados com diferentes conex\u00f5es de sobreposi\u00e7\u00e3o lateral. A \u00fanica diferen\u00e7a entre eles \u00e9 o&nbsp;<strong>Formlok<\/strong>&nbsp;Padr\u00e3o em relevo na laje do piso, ao qual o concreto adere.<\/p>\n\n\n\n<figure class=\"wp-block-image\"><img fetchpriority=\"high\" decoding=\"async\" width=\"600\" height=\"314\" data-attachment-id=\"8066\" data-permalink=\"https:\/\/believeindustry.company\/pt\/roll-forming-machine\/customized-profile-roll-forming-machine\/b-deck-roll-forming-machine\/b-deck-1\/\" data-orig-file=\"https:\/\/believeindustry.company\/wp-content\/uploads\/2021\/08\/B-Deck-1.jpg\" data-orig-size=\"600,314\" data-comments-opened=\"1\" data-image-meta=\"{&quot;aperture&quot;:&quot;0&quot;,&quot;credit&quot;:&quot;&quot;,&quot;camera&quot;:&quot;&quot;,&quot;caption&quot;:&quot;&quot;,&quot;created_timestamp&quot;:&quot;0&quot;,&quot;copyright&quot;:&quot;&quot;,&quot;focal_length&quot;:&quot;0&quot;,&quot;iso&quot;:&quot;0&quot;,&quot;shutter_speed&quot;:&quot;0&quot;,&quot;title&quot;:&quot;&quot;,&quot;orientation&quot;:&quot;0&quot;}\" data-image-title=\"B-Deck-1\" data-image-description=\"\" data-image-caption=\"\" data-large-file=\"https:\/\/believeindustry.company\/wp-content\/uploads\/2021\/08\/B-Deck-1.jpg\" src=\"https:\/\/believeindustry.company\/wp-content\/uploads\/2021\/08\/B-Deck-1.jpg\" alt=\"\" class=\"wp-image-8066\" srcset=\"https:\/\/believeindustry.company\/wp-content\/uploads\/2021\/08\/B-Deck-1.jpg 600w, https:\/\/believeindustry.company\/wp-content\/uploads\/2021\/08\/B-Deck-1-300x157.jpg 300w\" sizes=\"(max-width: 600px) 100vw, 600px\" \/><figcaption class=\"wp-element-caption\">Desenho do perfil do conv\u00e9s B<\/figcaption><\/figure>\n\n\n\n<h2 class=\"wp-block-heading\">Componentes da m\u00e1quina de perfilagem de decks B<\/h2>\n\n\n\n<ul class=\"wp-block-list\">\n<li>Desbobinador hidr\u00e1ulico de 10 toneladas com carro para bobinas<\/li>\n\n\n\n<li>Componentes principais da m\u00e1quina de perfilagem (incluindo alimentador e guia, perfiladeira, cortador)<\/li>\n\n\n\n<li>Caixa Controlada<\/li>\n\n\n\n<li>Esta\u00e7\u00e3o Hidr\u00e1ulica<\/li>\n\n\n\n<li>Mesa de coleta<\/li>\n<\/ul>\n\n\n\n<h2 class=\"wp-block-heading\">Par\u00e2metros t\u00e9cnicos da m\u00e1quina de conv\u00e9s B<\/h2>\n\n\n\n<ol class=\"wp-block-list\">\n<li>Material: PPGI, GI, PPGL, GL.<\/li>\n\n\n\n<li>Espessura: 0,3-0,8 mm para a laje de cobertura tipo B, 0,8-1,5 mm para a laje de piso tipo B.<\/li>\n\n\n\n<li>Est\u00e1gios de forma\u00e7\u00e3o: 24-28 est\u00e1gios<\/li>\n\n\n\n<li>Eixo: 40 CR, 90 mm de di\u00e2metro<\/li>\n\n\n\n<li>Rolos: GCR 15, tratamento t\u00e9rmico e cromagem superficial.<\/li>\n\n\n\n<li>Pot\u00eancia do motor: 22 kW x 2<\/li>\n<\/ol>\n\n\n\n<p><a href=\"http:\/\/rollformingmachine.company\/\" target=\"_blank\" rel=\"noopener\">Acredite na Empresa do Setor<\/a>&nbsp;Dispomos de uma gama completa de m\u00e1quinas de perfilagem para a S\u00e9rie B de Decks. Oferecemos diferentes solu\u00e7\u00f5es para diferentes necessidades. Tamb\u00e9m oferecemos&nbsp;<a href=\"https:\/\/believeindustry.company\/pt\/maquina-de-perfilagem-de-paineis-agricolas\/\">M\u00e1quina de perfilagem de pain\u00e9is AG<\/a>,&nbsp;<a href=\"https:\/\/believeindustry.company\/pt\/maquina-de-perfilagem-de-chapas-onduladas-chegou-a-malasia\/\">M\u00e1quina de perfilagem de chapas onduladas<\/a>,&nbsp;<a href=\"https:\/\/believeindustry.company\/pt\/video-da-maquina-de-perfilagem-de-colunas-soldadas\/\">M\u00e1quina de conforma\u00e7\u00e3o de rolos para colunas soldadas<\/a>&nbsp;e&nbsp;<a href=\"https:\/\/believeindustry.company\/pt\/maquina-de-perfilagem-de-rolos-de-aparas-2\/\">Formadora de rolos Multi-Trims<\/a>&nbsp;Para o mercado americano. Entre em contato conosco agora para obter mais informa\u00e7\u00f5es.<\/p>\n\n\n\n<figure class=\"wp-block-image\"><img decoding=\"async\" width=\"1024\" height=\"683\" data-attachment-id=\"9208\" data-permalink=\"https:\/\/believeindustry.company\/pt\/roll-forming-machine\/customized-profile-roll-forming-machine\/b-deck-roll-forming-machine\/b-deck-machine-cutter-1\/\" data-orig-file=\"https:\/\/believeindustry.company\/wp-content\/uploads\/2023\/05\/B-Deck-Machine-Cutter-1.jpg\" data-orig-size=\"1200,800\" data-comments-opened=\"1\" data-image-meta=\"{&quot;aperture&quot;:&quot;0&quot;,&quot;credit&quot;:&quot;&quot;,&quot;camera&quot;:&quot;&quot;,&quot;caption&quot;:&quot;&quot;,&quot;created_timestamp&quot;:&quot;0&quot;,&quot;copyright&quot;:&quot;&quot;,&quot;focal_length&quot;:&quot;0&quot;,&quot;iso&quot;:&quot;0&quot;,&quot;shutter_speed&quot;:&quot;0&quot;,&quot;title&quot;:&quot;&quot;,&quot;orientation&quot;:&quot;0&quot;}\" data-image-title=\"B-Deck-Machine-Cutter-1\" data-image-description=\"\" data-image-caption=\"\" data-large-file=\"https:\/\/believeindustry.company\/wp-content\/uploads\/2023\/05\/B-Deck-Machine-Cutter-1-1024x683.jpg\" src=\"https:\/\/believeindustry.company\/wp-content\/uploads\/2023\/05\/B-Deck-Machine-Cutter-1-1024x683.jpg\" alt=\"Cortador de m\u00e1quina de deck\" class=\"wp-image-9208\" srcset=\"https:\/\/believeindustry.company\/wp-content\/uploads\/2023\/05\/B-Deck-Machine-Cutter-1-1024x683.jpg 1024w, https:\/\/believeindustry.company\/wp-content\/uploads\/2023\/05\/B-Deck-Machine-Cutter-1-600x400.jpg?crop=1 600w, https:\/\/believeindustry.company\/wp-content\/uploads\/2023\/05\/B-Deck-Machine-Cutter-1-300x200.jpg 300w, https:\/\/believeindustry.company\/wp-content\/uploads\/2023\/05\/B-Deck-Machine-Cutter-1-768x512.jpg 768w, https:\/\/believeindustry.company\/wp-content\/uploads\/2023\/05\/B-Deck-Machine-Cutter-1-930x620.jpg 930w, https:\/\/believeindustry.company\/wp-content\/uploads\/2023\/05\/B-Deck-Machine-Cutter-1-272x182.jpg 272w, https:\/\/believeindustry.company\/wp-content\/uploads\/2023\/05\/B-Deck-Machine-Cutter-1.jpg 1200w\" sizes=\"(max-width: 1024px) 100vw, 1024px\" \/><\/figure>\n<\/div>\n<\/div>","protected":false},"excerpt":{"rendered":"<p>B Deck Roll Forming Machine( also named as&nbsp;B deck roll former) is for producing B Deck. Which is the most common structural metal decking in the industry in US market.. What&#8217;s B Deck? B Deck is an ideal structural substrate on short to medium span conditions that range from three feet to ten feet in [&hellip;]<\/p>\n","protected":false},"author":2,"featured_media":8067,"parent":1257,"menu_order":0,"comment_status":"closed","ping_status":"closed","template":"","meta":{"_angie_page":false,"footnotes":"","big_sky_generated":false},"tags":[607851244],"class_list":["post-8060","page","type-page","status-publish","has-post-thumbnail","hentry","tag-construction-and-steel-structure"],"blocksy_meta":[],"jetpack_sharing_enabled":true,"jetpack_shortlink":"https:\/\/wp.me\/P9K5n8-260","jetpack_likes_enabled":false,"jetpack-related-posts":[{"id":22047,"url":"https:\/\/believeindustry.company\/pt\/customized-profiles\/","url_meta":{"origin":8060,"position":0},"title":"Perfis personalizados","author":"Believe Industry Group","date":"Abril 12, 2026","format":false,"excerpt":"A roll forming machine for customized profiles is highly specialized manufacturing equipment engineered to produce unique, non-standard metal cross-sections tailored to specific proprietary designs or niche applications.Unlike standard machines built for common shapes like roofing or studs, these systems are custom-designed from the ground up. They utilize uniquely engineered roller\u2026","rel":"","context":"Similar post","block_context":{"text":"Similar post","link":""},"img":{"alt_text":"custom roll forming machine","src":"https:\/\/i0.wp.com\/believeindustry.company\/wp-content\/uploads\/2018\/05\/custom-roll-forming-machine.jpg?resize=350%2C200&ssl=1","width":350,"height":200,"srcset":"https:\/\/i0.wp.com\/believeindustry.company\/wp-content\/uploads\/2018\/05\/custom-roll-forming-machine.jpg?resize=350%2C200&ssl=1 1x, https:\/\/i0.wp.com\/believeindustry.company\/wp-content\/uploads\/2018\/05\/custom-roll-forming-machine.jpg?resize=525%2C300&ssl=1 1.5x, https:\/\/i0.wp.com\/believeindustry.company\/wp-content\/uploads\/2018\/05\/custom-roll-forming-machine.jpg?resize=700%2C400&ssl=1 2x, https:\/\/i0.wp.com\/believeindustry.company\/wp-content\/uploads\/2018\/05\/custom-roll-forming-machine.jpg?resize=1050%2C600&ssl=1 3x"},"classes":[]},{"id":1437,"url":"https:\/\/believeindustry.company\/pt\/roll-forming-machine\/customized-profile-roll-forming-machine\/steel-floor-deck-roll-forming-machine\/","url_meta":{"origin":8060,"position":1},"title":"M\u00e1quina de perfilagem de lajes de a\u00e7o","author":"Believe Industry Group","date":"Abril 23, 2018","format":false,"excerpt":"Steel Floor Deck Roll Forming Machine is for producing Metal Floor Decks with the thickness up to 2.0mm, yield strength 550 MPA Steel Floor Deck Roll Forming Machine Specifications What's Steel Floor Deck? A composite steel deck combines the high tensile strength of steel with the compressive strength of concrete\u2026","rel":"","context":"In \"Composite Floor Deck Roll Forming Machine\"","block_context":{"text":"Composite Floor Deck Roll Forming Machine","link":"https:\/\/believeindustry.company\/pt\/tag\/composite-floor-deck-roll-forming-machine\/"},"img":{"alt_text":"composite floor deck roll forming machine","src":"https:\/\/i0.wp.com\/believeindustry.company\/wp-content\/uploads\/2018\/06\/composite-floor-deck-roll-forming-machine-2.jpg?resize=350%2C200&ssl=1","width":350,"height":200,"srcset":"https:\/\/i0.wp.com\/believeindustry.company\/wp-content\/uploads\/2018\/06\/composite-floor-deck-roll-forming-machine-2.jpg?resize=350%2C200&ssl=1 1x, https:\/\/i0.wp.com\/believeindustry.company\/wp-content\/uploads\/2018\/06\/composite-floor-deck-roll-forming-machine-2.jpg?resize=525%2C300&ssl=1 1.5x, https:\/\/i0.wp.com\/believeindustry.company\/wp-content\/uploads\/2018\/06\/composite-floor-deck-roll-forming-machine-2.jpg?resize=700%2C400&ssl=1 2x, https:\/\/i0.wp.com\/believeindustry.company\/wp-content\/uploads\/2018\/06\/composite-floor-deck-roll-forming-machine-2.jpg?resize=1050%2C600&ssl=1 3x"},"classes":[]},{"id":1712,"url":"https:\/\/believeindustry.company\/pt\/video\/floor-deck-roll-forming-machine-video\/","url_meta":{"origin":8060,"position":2},"title":"V\u00eddeo da m\u00e1quina de perfilagem de lajes de piso","author":"Believe Industry Group","date":"Maio 10, 2018","format":false,"excerpt":"O v\u00eddeo da m\u00e1quina de perfilagem de lajes de a\u00e7o tem como objetivo ajudar os compradores a entenderem o funcionamento das m\u00e1quinas. A Believe Industry Company dedica-se ao projeto e fabrica\u00e7\u00e3o de m\u00e1quinas de perfilagem de lajes de a\u00e7o conforme as necessidades do cliente. Entre em contato conosco para mais detalhes.","rel":"","context":"In \"Floor Deck Roll Forming Machine\"","block_context":{"text":"Floor Deck Roll Forming Machine","link":"https:\/\/believeindustry.company\/pt\/tag\/floor-deck-roll-forming-machine\/"},"img":{"alt_text":"metal floor deck","src":"https:\/\/i0.wp.com\/believeindustry.company\/wp-content\/uploads\/2018\/05\/metal-floor-deck.jpg?resize=350%2C200&ssl=1","width":350,"height":200,"srcset":"https:\/\/i0.wp.com\/believeindustry.company\/wp-content\/uploads\/2018\/05\/metal-floor-deck.jpg?resize=350%2C200&ssl=1 1x, https:\/\/i0.wp.com\/believeindustry.company\/wp-content\/uploads\/2018\/05\/metal-floor-deck.jpg?resize=525%2C300&ssl=1 1.5x, https:\/\/i0.wp.com\/believeindustry.company\/wp-content\/uploads\/2018\/05\/metal-floor-deck.jpg?resize=700%2C400&ssl=1 2x, https:\/\/i0.wp.com\/believeindustry.company\/wp-content\/uploads\/2018\/05\/metal-floor-deck.jpg?resize=1050%2C600&ssl=1 3x"},"classes":[]},{"id":593,"url":"https:\/\/believeindustry.company\/pt\/roll-forming-machine\/metal-sheet-roll-forming-machine\/roofing-sheet-roll-forming-machine\/","url_meta":{"origin":8060,"position":3},"title":"M\u00e1quina de perfilagem de chapas de cobertura","author":"Believe Industry Group","date":"Mar\u00e7o 22, 2018","format":false,"excerpt":"A m\u00e1quina de perfilagem de telhas met\u00e1licas foi projetada para produzir diversos tipos de telhas e revestimentos de parede, conforme o projeto e no comprimento desejado. A espessura varia normalmente de 0,2 a 0,8 mm e a resist\u00eancia de 235 MPa a 550 MPa. Introdu\u00e7\u00e3o \u00e0 m\u00e1quina de perfilagem de telhas met\u00e1licas. Onde encontrar\u2026","rel":"","context":"In \"Construction and Steel Structure\"","block_context":{"text":"Construction and Steel Structure","link":"https:\/\/believeindustry.company\/pt\/tag\/construction-and-steel-structure\/"},"img":{"alt_text":"roof sheet roll forming machine","src":"https:\/\/i0.wp.com\/believeindustry.company\/wp-content\/uploads\/2018\/06\/roof-sheet-roll-forming-machine_%E5%89%AF%E6%9C%AC.jpg?resize=350%2C200&ssl=1","width":350,"height":200,"srcset":"https:\/\/i0.wp.com\/believeindustry.company\/wp-content\/uploads\/2018\/06\/roof-sheet-roll-forming-machine_%E5%89%AF%E6%9C%AC.jpg?resize=350%2C200&ssl=1 1x, https:\/\/i0.wp.com\/believeindustry.company\/wp-content\/uploads\/2018\/06\/roof-sheet-roll-forming-machine_%E5%89%AF%E6%9C%AC.jpg?resize=525%2C300&ssl=1 1.5x, https:\/\/i0.wp.com\/believeindustry.company\/wp-content\/uploads\/2018\/06\/roof-sheet-roll-forming-machine_%E5%89%AF%E6%9C%AC.jpg?resize=700%2C400&ssl=1 2x, https:\/\/i0.wp.com\/believeindustry.company\/wp-content\/uploads\/2018\/06\/roof-sheet-roll-forming-machine_%E5%89%AF%E6%9C%AC.jpg?resize=1050%2C600&ssl=1 3x"},"classes":[]},{"id":577,"url":"https:\/\/believeindustry.company\/pt\/roll-forming-machine\/","url_meta":{"origin":8060,"position":4},"title":"M\u00e1quina de perfilagem de rolos","author":"Believe Industry Group","date":"Mar\u00e7o 22, 2018","format":false,"excerpt":"As a premier manufacturer and exporter of machinery from Wuxi, China, Beli RollForming specializes in designing and building a vast range of high-performance roll forming machines for various global industries.Beli RollForming's Roll Forming Machines are advanced, continuous production systems that transform flat metal coils (steel, aluminum, etc.) into precise, long-length\u2026","rel":"","context":"In \"Coil Roll Forming Machine\"","block_context":{"text":"Coil Roll Forming Machine","link":"https:\/\/believeindustry.company\/pt\/tag\/coil-roll-forming-machine\/"},"img":{"alt_text":"roll forming mills","src":"https:\/\/i0.wp.com\/believeindustry.company\/wp-content\/uploads\/2018\/03\/roll-forming-mills-e1522722506357.jpg?resize=350%2C200&ssl=1","width":350,"height":200,"srcset":"https:\/\/i0.wp.com\/believeindustry.company\/wp-content\/uploads\/2018\/03\/roll-forming-mills-e1522722506357.jpg?resize=350%2C200&ssl=1 1x, https:\/\/i0.wp.com\/believeindustry.company\/wp-content\/uploads\/2018\/03\/roll-forming-mills-e1522722506357.jpg?resize=525%2C300&ssl=1 1.5x, https:\/\/i0.wp.com\/believeindustry.company\/wp-content\/uploads\/2018\/03\/roll-forming-mills-e1522722506357.jpg?resize=700%2C400&ssl=1 2x, https:\/\/i0.wp.com\/believeindustry.company\/wp-content\/uploads\/2018\/03\/roll-forming-mills-e1522722506357.jpg?resize=1050%2C600&ssl=1 3x"},"classes":[]},{"id":19437,"url":"https:\/\/believeindustry.company\/pt\/product-2\/","url_meta":{"origin":8060,"position":5},"title":"Produto","author":"Believe Industry Group","date":"Novembro 12, 2025","format":false,"excerpt":"Energy and Electric Construction and Steel Structure Rack and Shelving Sale Rated 0 out of 5 Energy and Electric 41x41mm 41x82mm Solar Strut Channel Roll Forming Machine $85,000.00 Original price was: $85,000.00.$80,000.00Current price is: $80,000.00. View Product Sale Rated 0 out of 5 Metal Panel Trapezoidal Ribbed Spandeck Roof and\u2026","rel":"","context":"Similar post","block_context":{"text":"Similar post","link":""},"img":{"alt_text":"41x41mm 41x82mm Solar Strut Channel Roll Forming Machine","src":"https:\/\/i0.wp.com\/believeindustry.company\/wp-content\/uploads\/2025\/10\/41x41-41X82-Solar-Strut-Channel-Roll-Forming-Machine-300x214.webp?resize=350%2C200&ssl=1","width":350,"height":200},"classes":[]}],"amp_enabled":true,"_links":{"self":[{"href":"https:\/\/believeindustry.company\/pt\/wp-json\/wp\/v2\/pages\/8060","targetHints":{"allow":["GET"]}}],"collection":[{"href":"https:\/\/believeindustry.company\/pt\/wp-json\/wp\/v2\/pages"}],"about":[{"href":"https:\/\/believeindustry.company\/pt\/wp-json\/wp\/v2\/types\/page"}],"author":[{"embeddable":true,"href":"https:\/\/believeindustry.company\/pt\/wp-json\/wp\/v2\/users\/2"}],"replies":[{"embeddable":true,"href":"https:\/\/believeindustry.company\/pt\/wp-json\/wp\/v2\/comments?post=8060"}],"version-history":[{"count":16,"href":"https:\/\/believeindustry.company\/pt\/wp-json\/wp\/v2\/pages\/8060\/revisions"}],"predecessor-version":[{"id":19751,"href":"https:\/\/believeindustry.company\/pt\/wp-json\/wp\/v2\/pages\/8060\/revisions\/19751"}],"up":[{"embeddable":true,"href":"https:\/\/believeindustry.company\/pt\/wp-json\/wp\/v2\/pages\/1257"}],"wp:featuredmedia":[{"embeddable":true,"href":"https:\/\/believeindustry.company\/pt\/wp-json\/wp\/v2\/media\/8067"}],"wp:attachment":[{"href":"https:\/\/believeindustry.company\/pt\/wp-json\/wp\/v2\/media?parent=8060"}],"wp:term":[{"taxonomy":"post_tag","embeddable":true,"href":"https:\/\/believeindustry.company\/pt\/wp-json\/wp\/v2\/tags?post=8060"}],"curies":[{"name":"wp","href":"https:\/\/api.w.org\/{rel}","templated":true}]}}