{"id":8190,"date":"2021-12-07T10:32:50","date_gmt":"2021-12-07T02:32:50","guid":{"rendered":"https:\/\/believeindustry.company\/?page_id=8190"},"modified":"2025-12-05T15:39:31","modified_gmt":"2025-12-05T07:39:31","slug":"maquina-de-perfilagem-de-vigas-p-para-estantes-de-paletes","status":"publish","type":"page","link":"https:\/\/believeindustry.company\/pt\/roll-forming-machine\/pallet-racking-roll-forming-machine\/pallet-racking-p-beam-roll-forming-machine\/","title":{"rendered":"M\u00e1quina de perfilagem de vigas P para estanteria de paletes"},"content":{"rendered":"<div id=\"wp-block-themeisle-blocks-advanced-columns-5e44edcf\" class=\"wp-block-themeisle-blocks-advanced-columns has-1-columns has-desktop-equal-layout has-tablet-equal-layout has-mobile-equal-layout has-vertical-unset has-default-gap\"><div class=\"wp-block-themeisle-blocks-advanced-columns-overlay\"><\/div><div class=\"innerblocks-wrap\">\n<div id=\"wp-block-themeisle-blocks-advanced-column-f3a0b2d0\" class=\"wp-block-themeisle-blocks-advanced-column\">\n<p>A m\u00e1quina de perfilagem de vigas P para paletiza\u00e7\u00e3o \u00e9 utilizada na produ\u00e7\u00e3o de vigas P de diversas dimens\u00f5es para sistemas de armazenamento de cargas pesadas. A m\u00e1quina da Believe Industry Company \u00e9 capaz de produzir vigas P de 2,5&quot; a 6&quot; com ajuste autom\u00e1tico.<\/p>\n\n\n\n<h2 class=\"wp-block-heading\" id=\"h-p-beam-roll-forming-machine-specifications\">Especifica\u00e7\u00f5es da m\u00e1quina de perfilagem de vigas P<\/h2>\n\n\n\n<h3 class=\"wp-block-heading\" id=\"h-machine-photo\">Foto da m\u00e1quina<\/h3>\n\n\n\n<figure class=\"wp-block-image size-large\"><img fetchpriority=\"high\" decoding=\"async\" width=\"1024\" height=\"768\" data-attachment-id=\"8193\" data-permalink=\"https:\/\/believeindustry.company\/pt\/roll-forming-machine\/pallet-racking-roll-forming-machine\/pallet-racking-p-beam-roll-forming-machine\/pallet-racking-p-beam-roll-forming-machine\/\" data-orig-file=\"https:\/\/believeindustry.company\/wp-content\/uploads\/2021\/12\/Pallet-Racking-P-Beam-Roll-Forming-Machine.jpg\" data-orig-size=\"1149,862\" data-comments-opened=\"1\" data-image-meta=\"{&quot;aperture&quot;:&quot;0&quot;,&quot;credit&quot;:&quot;&quot;,&quot;camera&quot;:&quot;&quot;,&quot;caption&quot;:&quot;&quot;,&quot;created_timestamp&quot;:&quot;0&quot;,&quot;copyright&quot;:&quot;&quot;,&quot;focal_length&quot;:&quot;0&quot;,&quot;iso&quot;:&quot;0&quot;,&quot;shutter_speed&quot;:&quot;0&quot;,&quot;title&quot;:&quot;&quot;,&quot;orientation&quot;:&quot;0&quot;}\" data-image-title=\"Pallet-Racking-P-Beam-Roll-Forming-Machine\" data-image-description=\"&lt;p&gt;pallet racking p beam roll forming machine&lt;\/p&gt;\" data-image-caption=\"&lt;p&gt;pallet racking p beam roll forming machine&lt;\/p&gt;\" data-medium-file=\"https:\/\/believeindustry.company\/wp-content\/uploads\/2021\/12\/Pallet-Racking-P-Beam-Roll-Forming-Machine-300x225.jpg\" data-large-file=\"https:\/\/believeindustry.company\/wp-content\/uploads\/2021\/12\/Pallet-Racking-P-Beam-Roll-Forming-Machine-1024x768.jpg\" src=\"https:\/\/believeindustry.company\/wp-content\/uploads\/2021\/12\/Pallet-Racking-P-Beam-Roll-Forming-Machine-1024x768.jpg\" alt=\"m\u00e1quina de perfilagem de vigas P para estantes de paletes\" class=\"wp-image-8193\" srcset=\"https:\/\/believeindustry.company\/wp-content\/uploads\/2021\/12\/Pallet-Racking-P-Beam-Roll-Forming-Machine-1024x768.jpg 1024w, https:\/\/believeindustry.company\/wp-content\/uploads\/2021\/12\/Pallet-Racking-P-Beam-Roll-Forming-Machine-600x450.jpg?crop=1 600w, https:\/\/believeindustry.company\/wp-content\/uploads\/2021\/12\/Pallet-Racking-P-Beam-Roll-Forming-Machine-300x225.jpg 300w, https:\/\/believeindustry.company\/wp-content\/uploads\/2021\/12\/Pallet-Racking-P-Beam-Roll-Forming-Machine-768x576.jpg 768w, https:\/\/believeindustry.company\/wp-content\/uploads\/2021\/12\/Pallet-Racking-P-Beam-Roll-Forming-Machine.jpg 1149w\" sizes=\"(max-width: 1024px) 100vw, 1024px\" \/><figcaption class=\"wp-element-caption\">m\u00e1quina de perfilagem de vigas P para estantes de paletes<\/figcaption><\/figure>\n\n\n\n<h3 class=\"wp-block-heading\" id=\"h-p-beam-drawings-and-dimensions\">Desenhos e dimens\u00f5es da viga P<\/h3>\n\n\n\n<figure class=\"wp-block-image size-full is-resized\"><img decoding=\"async\" data-attachment-id=\"8198\" data-permalink=\"https:\/\/believeindustry.company\/pt\/roll-forming-machine\/pallet-racking-roll-forming-machine\/pallet-racking-p-beam-roll-forming-machine\/p-beam-drawings-and-dimensions\/\" data-orig-file=\"https:\/\/believeindustry.company\/wp-content\/uploads\/2021\/12\/P-Beam-Drawings-and-Dimensions.jpg\" data-orig-size=\"616,765\" data-comments-opened=\"1\" data-image-meta=\"{&quot;aperture&quot;:&quot;0&quot;,&quot;credit&quot;:&quot;&quot;,&quot;camera&quot;:&quot;&quot;,&quot;caption&quot;:&quot;&quot;,&quot;created_timestamp&quot;:&quot;0&quot;,&quot;copyright&quot;:&quot;&quot;,&quot;focal_length&quot;:&quot;0&quot;,&quot;iso&quot;:&quot;0&quot;,&quot;shutter_speed&quot;:&quot;0&quot;,&quot;title&quot;:&quot;&quot;,&quot;orientation&quot;:&quot;0&quot;}\" data-image-title=\"P-Beam-Drawings-and-Dimensions\" data-image-description=\"\" data-image-caption=\"\" data-medium-file=\"https:\/\/believeindustry.company\/wp-content\/uploads\/2021\/12\/P-Beam-Drawings-and-Dimensions-242x300.jpg\" data-large-file=\"https:\/\/believeindustry.company\/wp-content\/uploads\/2021\/12\/P-Beam-Drawings-and-Dimensions.jpg\" src=\"https:\/\/believeindustry.company\/wp-content\/uploads\/2021\/12\/P-Beam-Drawings-and-Dimensions.jpg\" alt=\"Desenhos e dimens\u00f5es da viga P\" class=\"wp-image-8198\" width=\"680\" height=\"845\" srcset=\"https:\/\/believeindustry.company\/wp-content\/uploads\/2021\/12\/P-Beam-Drawings-and-Dimensions.jpg 616w, https:\/\/believeindustry.company\/wp-content\/uploads\/2021\/12\/P-Beam-Drawings-and-Dimensions-600x745.jpg 600w, https:\/\/believeindustry.company\/wp-content\/uploads\/2021\/12\/P-Beam-Drawings-and-Dimensions-242x300.jpg 242w\" sizes=\"(max-width: 680px) 100vw, 680px\" \/><\/figure>\n\n\n\n<h3 class=\"wp-block-heading\" id=\"h-machine-layout\">Layout da m\u00e1quina<\/h3>\n\n\n\n<figure class=\"wp-block-image size-large is-style-default\"><img decoding=\"async\" width=\"1024\" height=\"321\" data-attachment-id=\"8196\" data-permalink=\"https:\/\/believeindustry.company\/pt\/roll-forming-machine\/pallet-racking-roll-forming-machine\/pallet-racking-p-beam-roll-forming-machine\/p-beam-machine-layout\/\" data-orig-file=\"https:\/\/believeindustry.company\/wp-content\/uploads\/2021\/12\/P-Beam-Machine-Layout.jpg\" data-orig-size=\"1467,460\" data-comments-opened=\"1\" data-image-meta=\"{&quot;aperture&quot;:&quot;0&quot;,&quot;credit&quot;:&quot;&quot;,&quot;camera&quot;:&quot;&quot;,&quot;caption&quot;:&quot;&quot;,&quot;created_timestamp&quot;:&quot;0&quot;,&quot;copyright&quot;:&quot;&quot;,&quot;focal_length&quot;:&quot;0&quot;,&quot;iso&quot;:&quot;0&quot;,&quot;shutter_speed&quot;:&quot;0&quot;,&quot;title&quot;:&quot;&quot;,&quot;orientation&quot;:&quot;0&quot;}\" data-image-title=\"P-Beam-Machine-Layout\" data-image-description=\"\" data-image-caption=\"\" data-medium-file=\"https:\/\/believeindustry.company\/wp-content\/uploads\/2021\/12\/P-Beam-Machine-Layout-300x94.jpg\" data-large-file=\"https:\/\/believeindustry.company\/wp-content\/uploads\/2021\/12\/P-Beam-Machine-Layout-1024x321.jpg\" src=\"https:\/\/believeindustry.company\/wp-content\/uploads\/2021\/12\/P-Beam-Machine-Layout-1024x321.jpg\" alt=\"m\u00e1quina de perfilagem de vigas P para estantes de paletes\" class=\"wp-image-8196\" srcset=\"https:\/\/believeindustry.company\/wp-content\/uploads\/2021\/12\/P-Beam-Machine-Layout-1024x321.jpg 1024w, https:\/\/believeindustry.company\/wp-content\/uploads\/2021\/12\/P-Beam-Machine-Layout-600x188.jpg 600w, https:\/\/believeindustry.company\/wp-content\/uploads\/2021\/12\/P-Beam-Machine-Layout-300x94.jpg 300w, https:\/\/believeindustry.company\/wp-content\/uploads\/2021\/12\/P-Beam-Machine-Layout-768x241.jpg 768w, https:\/\/believeindustry.company\/wp-content\/uploads\/2021\/12\/P-Beam-Machine-Layout.jpg 1467w\" sizes=\"(max-width: 1024px) 100vw, 1024px\" \/><figcaption class=\"wp-element-caption\">Desenrolamento, alimenta\u00e7\u00e3o e guia \u2013 Nivelamento \u2013 Conforma\u00e7\u00e3o por rolos \u2013 Soldagem \u2013 Endireitamento \u2013 Corte \u2013 Coleta<\/figcaption><\/figure>\n\n\n\n<h3 class=\"wp-block-heading\" id=\"h-machine-components\">Componentes de m\u00e1quinas<\/h3>\n\n\n\n<ol class=\"wp-block-list\">\n<li>Desbobinador hidr\u00e1ulico de 5 toneladas<\/li>\n\n\n\n<li>Conforma\u00e7\u00e3o por rolos\n<ol class=\"wp-block-list\">\n<li>Alimentador e Guia<\/li>\n\n\n\n<li>Formador de rolos<\/li>\n\n\n\n<li>Soldador com rastreamento servo<\/li>\n\n\n\n<li>Dispositivo de corte de serra<\/li>\n<\/ol>\n<\/li>\n\n\n\n<li>Controlador<\/li>\n\n\n\n<li>Esta\u00e7\u00f5es hidr\u00e1ulicas<\/li>\n\n\n\n<li>Mesa de coleta<\/li>\n<\/ol>\n\n\n\n<h3 class=\"wp-block-heading\" id=\"h-brief-technical-pamaters-of-p-beam-machine\">Breves par\u00e2metros t\u00e9cnicos da m\u00e1quina de feixe P<\/h3>\n\n\n\n<ul class=\"wp-block-list\">\n<li>Desbobinador hidr\u00e1ulico de 5 toneladas\n<ol class=\"wp-block-list\">\n<li>Expans\u00e3o hidr\u00e1ulica, desenrolamento el\u00e9trico<\/li>\n\n\n\n<li>Montado com bra\u00e7o de press\u00e3o para evitar o desenrolamento da bobina.<\/li>\n\n\n\n<li>Largura m\u00e1xima da bobina de carregamento: 600 mm<\/li>\n\n\n\n<li>Peso m\u00e1ximo da bobina de carga: 5000 kg<\/li>\n\n\n\n<li>Pot\u00eancia de desenrolamento: 4 kW<\/li>\n\n\n\n<li>Pot\u00eancia hidr\u00e1ulica: 1,5 kW<\/li>\n<\/ol>\n<\/li>\n\n\n\n<li>M\u00e1quina de perfilagem de rolos\n<ol class=\"wp-block-list\">\n<li>Suportes de ferro fundido, transmiss\u00e3o por caixa de engrenagens<\/li>\n\n\n\n<li>Ajuste autom\u00e1tico<\/li>\n\n\n\n<li>Rolamento NSk<\/li>\n\n\n\n<li>2 conjuntos de soldadores e sistema de rastreamento para aumentar a velocidade da linha de produ\u00e7\u00e3o.<\/li>\n\n\n\n<li>24 est\u00e1gios de moldagem com rolos laterais<\/li>\n\n\n\n<li>Pot\u00eancia do motor de 30 kW<\/li>\n\n\n\n<li>2 conjuntos de servomotores para rastreamento de soldagem e corte<\/li>\n\n\n\n<li>Velocidade da linha: 8-10 m\/min<\/li>\n\n\n\n<li>Equipado com dispositivo de endireitamento para garantir a qualidade do produto.<\/li>\n<\/ol>\n<\/li>\n\n\n\n<li>Controlador\n<ol class=\"wp-block-list\">\n<li>Os usu\u00e1rios inserem o comprimento, a quantidade e a localiza\u00e7\u00e3o dos furos atrav\u00e9s da tela sens\u00edvel ao toque, que exibir\u00e1 o status de funcionamento da m\u00e1quina. <\/li>\n\n\n\n<li>E a m\u00e1quina come\u00e7ar\u00e1 a funcionar automaticamente e parar\u00e1 ap\u00f3s a conclus\u00e3o do programa.<\/li>\n\n\n\n<li>Todas as conex\u00f5es utilizam plugues de avia\u00e7\u00e3o.<\/li>\n\n\n\n<li>PLC e tela sens\u00edvel ao toque da Siemens<\/li>\n\n\n\n<li>Codificador Koyo<\/li>\n\n\n\n<li>Inversor Yaskawa<\/li>\n<\/ol>\n<\/li>\n\n\n\n<li>Esta\u00e7\u00e3o Hidr\u00e1ulica\n<ol class=\"wp-block-list\">\n<li>Fornecer energia para o desenrolador e para o movimento de corte da serra.<\/li>\n\n\n\n<li>Pot\u00eancia: 1,5 kW para o desenrolador e 2,2 kW para o corte com serra.<\/li>\n\n\n\n<li>Press\u00e3o: 10 MPa<\/li>\n\n\n\n<li>\u00d3leo hidr\u00e1ulico: 46 #<\/li>\n<\/ol>\n<\/li>\n<\/ul>\n\n\n\n<p>A Believe Industry Company possui uma linha completa de m\u00e1quinas de perfilagem para sistemas de estanteria de paletes. Entre elas: <a href=\"https:\/\/believeindustry.company\/pt\/maquina-de-perfilagem-de-rolos\/maquina-de-perfilagem-de-rolos-para-estantes-de-paletes\/maquina-de-perfilagem-de-rolos-de-cremalheira-vertical\/\">M\u00e1quina de rack vertical<\/a>, <a href=\"https:\/\/believeindustry.company\/pt\/maquina-de-perfilagem-de-rolos\/maquina-de-perfilagem-de-rolos-para-estantes-de-paletes\/maquina-de-perfilagem-de-vigas-de-caixa-para-sistema-de-estantes\/\">M\u00e1quina de Viga de Caixa<\/a>, <a href=\"https:\/\/believeindustry.company\/pt\/maquina-de-perfilagem-de-rolos\/maquina-de-perfilagem-de-rolos-para-estantes-de-paletes\/maquina-de-perfilagem-de-paineis-de-prateleiras-de-supermercado\/\">M\u00e1quina de pain\u00e9is de prateleiras<\/a>, etc. <a href=\"mailto:darren@believeindustry.com\">Envie-nos um e-mail<\/a> ou <a href=\"https:\/\/wa.me\/message\/CSFMTO4TIOICN1\" target=\"_blank\" rel=\"noopener\">Envie-nos uma mensagem pelo WhatsApp <\/a>Agora, para mais informa\u00e7\u00f5es.<\/p>\n<\/div>\n<\/div><\/div>","protected":false},"excerpt":{"rendered":"Pallet Racking P Beam Roll Forming Machine is for producing various dimensions of P beams for Heavy Storaging System. Believe Industry Company Machine is able to produce 2.5\" to 6\" P beams with automatically adjustment. P Beam Roll Forming Machine Specifications Machine Photo pallet racking p beam roll forming machine P Beam Drawings and Dimensions [...]","protected":false},"author":2,"featured_media":8193,"parent":1068,"menu_order":0,"comment_status":"closed","ping_status":"closed","template":"","meta":{"_angie_page":false,"jetpack_post_was_ever_published":false,"footnotes":"","big_sky_generated":false},"tags":[607849631],"class_list":["post-8190","page","type-page","status-publish","has-post-thumbnail","hentry","tag-storage-lines"],"blocksy_meta":[],"jetpack_sharing_enabled":true,"jetpack_shortlink":"https:\/\/wp.me\/P9K5n8-286","jetpack_likes_enabled":false,"jetpack-related-posts":[{"id":1068,"url":"https:\/\/believeindustry.company\/pt\/roll-forming-machine\/pallet-racking-roll-forming-machine\/","url_meta":{"origin":8190,"position":0},"title":"M\u00e1quina de perfilagem de rolos para estanterias de paletes","author":"Believe Industry Group","date":"Abril 10, 2018","format":false,"excerpt":"Pallet Racking Roll Forming Machine (s) is developed to produce Upright Racks, Box Beams, Shelf Panels. Which are components of Pallet Racking SystemsPallet Racking is a handling storage system designed to store materials\/goods on pallets. Although there are many kinds of pallet racking, all types allow for the storage of\u2026","rel":"","context":"In \"believe industry machine\"","block_context":{"text":"believe industry machine","link":"https:\/\/believeindustry.company\/pt\/tag\/believe-industry-machine\/"},"img":{"alt_text":"Pallet racking","src":"https:\/\/i0.wp.com\/believeindustry.company\/wp-content\/uploads\/2018\/04\/Pallet-racking-e1523353703177.jpg?resize=350%2C200&ssl=1","width":350,"height":200,"srcset":"https:\/\/i0.wp.com\/believeindustry.company\/wp-content\/uploads\/2018\/04\/Pallet-racking-e1523353703177.jpg?resize=350%2C200&ssl=1 1x, https:\/\/i0.wp.com\/believeindustry.company\/wp-content\/uploads\/2018\/04\/Pallet-racking-e1523353703177.jpg?resize=525%2C300&ssl=1 1.5x, https:\/\/i0.wp.com\/believeindustry.company\/wp-content\/uploads\/2018\/04\/Pallet-racking-e1523353703177.jpg?resize=700%2C400&ssl=1 2x"},"classes":[]},{"id":3307,"url":"https:\/\/believeindustry.company\/pt\/roll-forming-machine\/pallet-racking-roll-forming-machine\/new-design-box-beam-roll-forming-machine\/","url_meta":{"origin":8190,"position":1},"title":"M\u00e1quina de perfilagem de vigas em caixa com novo design integrado","author":"Believe Industry Group","date":"Novembro 13, 2018","format":false,"excerpt":"New design integrated box beam machine is designed to produce box beams and no need an extra box beam seaming machine. It wills save material and labor cost. What's Box Beam? As we know,\u00a0Box beams\u00a0have no inset step, instead have four flat sides like a box. All load beams typically\u2026","rel":"","context":"In \"Box Beam Machine\"","block_context":{"text":"Box Beam Machine","link":"https:\/\/believeindustry.company\/pt\/tag\/box-beam-machine\/"},"img":{"alt_text":"new design box beam machine","src":"https:\/\/i0.wp.com\/believeindustry.company\/wp-content\/uploads\/2020\/03\/new-design-box-beam-machine.jpg?resize=350%2C200&ssl=1","width":350,"height":200,"srcset":"https:\/\/i0.wp.com\/believeindustry.company\/wp-content\/uploads\/2020\/03\/new-design-box-beam-machine.jpg?resize=350%2C200&ssl=1 1x, https:\/\/i0.wp.com\/believeindustry.company\/wp-content\/uploads\/2020\/03\/new-design-box-beam-machine.jpg?resize=525%2C300&ssl=1 1.5x, https:\/\/i0.wp.com\/believeindustry.company\/wp-content\/uploads\/2020\/03\/new-design-box-beam-machine.jpg?resize=700%2C400&ssl=1 2x, https:\/\/i0.wp.com\/believeindustry.company\/wp-content\/uploads\/2020\/03\/new-design-box-beam-machine.jpg?resize=1050%2C600&ssl=1 3x, https:\/\/i0.wp.com\/believeindustry.company\/wp-content\/uploads\/2020\/03\/new-design-box-beam-machine.jpg?resize=1400%2C800&ssl=1 4x"},"classes":[]},{"id":10025,"url":"https:\/\/believeindustry.company\/pt\/roll-forming-machine\/pallet-racking-roll-forming-machine\/step-beam-roll-forming-machine\/","url_meta":{"origin":8190,"position":2},"title":"M\u00e1quina de perfilagem de vigas escalonadas","author":"Believe Industry Group","date":"Fevereiro 22, 2024","format":false,"excerpt":"Describtion Step Beam Roll Forming Machine is to producing Steps Beams with various dimensions. Believe Industry Company have different solutions of machines for step beams: Transmission\uff1a Chain or Gear Box Welding Way: Spot welded or Laser contunuous Welded Speed: 1-2m\/min or 6-8m\/min Step Beam Roll Forming Machine Layout Step Beam\u2026","rel":"","context":"In \"Roll Forming Machine\"","block_context":{"text":"Roll Forming Machine","link":"https:\/\/believeindustry.company\/pt\/tag\/roll-forming-machine\/"},"img":{"alt_text":"step beam roll forming machine","src":"https:\/\/i0.wp.com\/believeindustry.company\/wp-content\/uploads\/2024\/02\/step-beam-roll-forming-machine.jpg?resize=350%2C200&ssl=1","width":350,"height":200,"srcset":"https:\/\/i0.wp.com\/believeindustry.company\/wp-content\/uploads\/2024\/02\/step-beam-roll-forming-machine.jpg?resize=350%2C200&ssl=1 1x, https:\/\/i0.wp.com\/believeindustry.company\/wp-content\/uploads\/2024\/02\/step-beam-roll-forming-machine.jpg?resize=525%2C300&ssl=1 1.5x, https:\/\/i0.wp.com\/believeindustry.company\/wp-content\/uploads\/2024\/02\/step-beam-roll-forming-machine.jpg?resize=700%2C400&ssl=1 2x, https:\/\/i0.wp.com\/believeindustry.company\/wp-content\/uploads\/2024\/02\/step-beam-roll-forming-machine.jpg?resize=1050%2C600&ssl=1 3x"},"classes":[]},{"id":2371,"url":"https:\/\/believeindustry.company\/pt\/roll-forming-machine\/pallet-racking-roll-forming-machine\/racking-system-box-beam-roll-forming-machine\/","url_meta":{"origin":8190,"position":3},"title":"M\u00e1quina de perfilagem de vigas de se\u00e7\u00e3o caix\u00e3o para sistema de estantes","author":"Believe Industry Group","date":"Junho 26, 2018","format":false,"excerpt":"Racking System Box Beam Roll Forming Machine\u00a0is designed to produce various sizes of box beams as buyer\u2019s requirements. The Thickness is 0.8-2.0mm. What\u2019s Box Beam? Box beams\u00a0have no inset step, instead have four flat sides like a box. All load beams typically mount onto an upright frame column with integral\u2026","rel":"","context":"In \"Box Beam Machine\"","block_context":{"text":"Box Beam Machine","link":"https:\/\/believeindustry.company\/pt\/tag\/box-beam-machine\/"},"img":{"alt_text":"box beam roll forming machine","src":"https:\/\/i0.wp.com\/believeindustry.company\/wp-content\/uploads\/2023\/05\/box-beam-roll-forming-machine-seaming-machine.jpg?resize=350%2C200&ssl=1","width":350,"height":200,"srcset":"https:\/\/i0.wp.com\/believeindustry.company\/wp-content\/uploads\/2023\/05\/box-beam-roll-forming-machine-seaming-machine.jpg?resize=350%2C200&ssl=1 1x, https:\/\/i0.wp.com\/believeindustry.company\/wp-content\/uploads\/2023\/05\/box-beam-roll-forming-machine-seaming-machine.jpg?resize=525%2C300&ssl=1 1.5x, https:\/\/i0.wp.com\/believeindustry.company\/wp-content\/uploads\/2023\/05\/box-beam-roll-forming-machine-seaming-machine.jpg?resize=700%2C400&ssl=1 2x, https:\/\/i0.wp.com\/believeindustry.company\/wp-content\/uploads\/2023\/05\/box-beam-roll-forming-machine-seaming-machine.jpg?resize=1050%2C600&ssl=1 3x"},"classes":[]},{"id":6962,"url":"https:\/\/believeindustry.company\/pt\/roll-forming-machine\/pallet-racking-roll-forming-machine\/upright-rack-beam-automatic-welding-machine\/","url_meta":{"origin":8190,"position":4},"title":"M\u00e1quina de soldagem autom\u00e1tica de viga de cremalheira vertical","author":"Believe Industry Group","date":"Agosto 21, 2019","format":false,"excerpt":"Upright Rack beam automatic welding machine is composed of rack, 6 sets pf NBC300 welding machines and delta brand PLC and touch screen, stepper motor, ball screw and linear guide rail. The machine can weld P beams and Box Beams with the width from 50-220 mm and height 40-70 mm.\u2026","rel":"","context":"Similar post","block_context":{"text":"Similar post","link":""},"img":{"alt_text":"cropped Upright Rack Beam Automatic Welding Machine","src":"https:\/\/i0.wp.com\/believeindustry.company\/wp-content\/uploads\/2019\/08\/cropped-Upright-Rack-Beam-Automatic-Welding-Machine.jpg?resize=350%2C200&ssl=1","width":350,"height":200,"srcset":"https:\/\/i0.wp.com\/believeindustry.company\/wp-content\/uploads\/2019\/08\/cropped-Upright-Rack-Beam-Automatic-Welding-Machine.jpg?resize=350%2C200&ssl=1 1x, https:\/\/i0.wp.com\/believeindustry.company\/wp-content\/uploads\/2019\/08\/cropped-Upright-Rack-Beam-Automatic-Welding-Machine.jpg?resize=525%2C300&ssl=1 1.5x"},"classes":[]},{"id":6977,"url":"https:\/\/believeindustry.company\/pt\/roll-forming-machine\/pallet-racking-roll-forming-machine\/box-beam-welding-machine\/","url_meta":{"origin":8190,"position":5},"title":"M\u00e1quina de soldagem de vigas de caixa","author":"Believe Industry Group","date":"Setembro 3, 2019","format":false,"excerpt":"Box Beam Welder Machine The Box Beam Welding machine is used to weld upright beam and connector together.It uses the NBC-300 CO2 gas welding transformer, the new PLC touch screen, digital output, operation is very easy. The 4 welding units are working at the same time, to weld the both\u2026","rel":"","context":"In \"storage lines\"","block_context":{"text":"storage lines","link":"https:\/\/believeindustry.company\/pt\/tag\/storage-lines\/"},"img":{"alt_text":"box beam welding machine","src":"https:\/\/i0.wp.com\/believeindustry.company\/wp-content\/uploads\/2019\/09\/box-beam-welding-machine.png?resize=350%2C200&ssl=1","width":350,"height":200,"srcset":"https:\/\/i0.wp.com\/believeindustry.company\/wp-content\/uploads\/2019\/09\/box-beam-welding-machine.png?resize=350%2C200&ssl=1 1x, https:\/\/i0.wp.com\/believeindustry.company\/wp-content\/uploads\/2019\/09\/box-beam-welding-machine.png?resize=525%2C300&ssl=1 1.5x"},"classes":[]}],"amp_enabled":true,"_links":{"self":[{"href":"https:\/\/believeindustry.company\/pt\/wp-json\/wp\/v2\/pages\/8190","targetHints":{"allow":["GET"]}}],"collection":[{"href":"https:\/\/believeindustry.company\/pt\/wp-json\/wp\/v2\/pages"}],"about":[{"href":"https:\/\/believeindustry.company\/pt\/wp-json\/wp\/v2\/types\/page"}],"author":[{"embeddable":true,"href":"https:\/\/believeindustry.company\/pt\/wp-json\/wp\/v2\/users\/2"}],"replies":[{"embeddable":true,"href":"https:\/\/believeindustry.company\/pt\/wp-json\/wp\/v2\/comments?post=8190"}],"version-history":[{"count":13,"href":"https:\/\/believeindustry.company\/pt\/wp-json\/wp\/v2\/pages\/8190\/revisions"}],"predecessor-version":[{"id":19740,"href":"https:\/\/believeindustry.company\/pt\/wp-json\/wp\/v2\/pages\/8190\/revisions\/19740"}],"up":[{"embeddable":true,"href":"https:\/\/believeindustry.company\/pt\/wp-json\/wp\/v2\/pages\/1068"}],"wp:featuredmedia":[{"embeddable":true,"href":"https:\/\/believeindustry.company\/pt\/wp-json\/wp\/v2\/media\/8193"}],"wp:attachment":[{"href":"https:\/\/believeindustry.company\/pt\/wp-json\/wp\/v2\/media?parent=8190"}],"wp:term":[{"taxonomy":"post_tag","embeddable":true,"href":"https:\/\/believeindustry.company\/pt\/wp-json\/wp\/v2\/tags?post=8190"}],"curies":[{"name":"wp","href":"https:\/\/api.w.org\/{rel}","templated":true}]}}