{"id":829,"date":"2018-04-01T14:23:19","date_gmt":"2018-04-01T06:23:19","guid":{"rendered":"https:\/\/believeindustry.company\/?page_id=829"},"modified":"2018-08-29T09:33:32","modified_gmt":"2018-08-29T01:33:32","slug":"maquinas-de-perfilagem-de-rolos","status":"publish","type":"page","link":"https:\/\/believeindustry.company\/pt\/roll-forming-machines\/","title":{"rendered":"Como funciona uma m\u00e1quina de perfilagem"},"content":{"rendered":"<div>Uma m\u00e1quina de perfilagem conforma metais \u00e0 temperatura ambiente utilizando uma s\u00e9rie de suportes de rolos onde rolos fixos guiam o metal e realizam a conforma\u00e7\u00e3o necess\u00e1ria. \u00c0 medida que a tira de metal passa pela m\u00e1quina de perfilagem, cada conjunto de rolos conforma o metal um pouco mais do que o conjunto de rolos anterior.<\/div>\n<p><!--more--><\/p>\n<div><\/div>\n<div>Este m\u00e9todo progressivo de conforma\u00e7\u00e3o de metal por rolos garante a obten\u00e7\u00e3o do perfil transversal correto, mantendo a \u00e1rea da se\u00e7\u00e3o transversal da pe\u00e7a. Operando tipicamente a velocidades entre 12 e 40 rota\u00e7\u00f5es por minuto, as m\u00e1quinas de conforma\u00e7\u00e3o por rolos s\u00e3o uma boa op\u00e7\u00e3o para a fabrica\u00e7\u00e3o de grandes quantidades de pe\u00e7as ou pe\u00e7as muito longas.<\/div>\n<div><\/div>\n<h6>Componentes de m\u00e1quinas de perfilagem<\/h6>\n<p>O \u00a0<a title=\"M\u00e1quina de perfilagem de rolos\" href=\"https:\/\/believeindustry.company\/pt\/maquina-de-perfilagem-de-rolos\/\" rel=\"\">m\u00e1quina de perfilagem de rolos<\/a> \u00c9 uma linha de produ\u00e7\u00e3o composta por quatro partes principais. A primeira parte \u00e9 a se\u00e7\u00e3o de carregamento (desbobinador), onde o material em bobina \u00e9 carregado, com capacidade de 1 a 15 toneladas. A pr\u00f3xima parte, o laminador de perfilagem, \u00e9 onde ocorre a conforma\u00e7\u00e3o propriamente dita, onde as esta\u00e7\u00f5es est\u00e3o localizadas e onde o metal \u00e9 moldado ao longo do processo. O laminador de perfilagem n\u00e3o apenas molda o metal atrav\u00e9s dos rolos das esta\u00e7\u00f5es, mas tamb\u00e9m inclui a principal for\u00e7a motriz da m\u00e1quina. A pr\u00f3xima parte das m\u00e1quinas de perfilagem \u00e9 o dispositivo de corte, onde o metal \u00e9 cortado em um comprimento predeterminado. A parte final \u00e9 a mesa de coleta, onde o produto sai da m\u00e1quina para uma esteira ou mesa transportadora de rolos e \u00e9 retirado manualmente.<\/p>\n<h6><strong>Toler\u00e2ncias das m\u00e1quinas de perfilagem<\/strong><\/h6>\n<p>A varia\u00e7\u00e3o dimensional de uma pe\u00e7a fabricada por conforma\u00e7\u00e3o a frio depende do tipo de material utilizado, das m\u00e1quinas de conforma\u00e7\u00e3o e da aplica\u00e7\u00e3o espec\u00edfica. As toler\u00e2ncias podem ser influenciadas pela varia\u00e7\u00e3o da espessura ou largura do metal, pelo retorno el\u00e1stico do material durante a produ\u00e7\u00e3o, pela qualidade e desgaste das ferramentas de conforma\u00e7\u00e3o, pelas condi\u00e7\u00f5es reais da m\u00e1quina e pela experi\u00eancia dos operadores.<br \/>\n<b><\/b><\/p>\n<p>A Believe Industry \u00ae fornece diversos tipos de m\u00e1quinas de perfilagem de rolos, de acordo com perfis personalizados.<\/p>","protected":false},"excerpt":{"rendered":"<p>A roll forming machine roll forming the metals at room temperature using a number of roll stands where fixed rollers both guide the metal and make the necessary roll forming. As the strip of metal goes through the roll forming machines, each set of rollers roll forming the metal a little more than the previous [&hellip;]<\/p>\n","protected":false},"author":2,"featured_media":836,"parent":0,"menu_order":0,"comment_status":"closed","ping_status":"closed","template":"","meta":{"_angie_page":false,"jetpack_post_was_ever_published":false,"footnotes":"","big_sky_generated":false},"tags":[607846622,607846023,607846180,607846388,607845740,607846390],"class_list":["post-829","page","type-page","status-publish","has-post-thumbnail","hentry","tag-how-roll-forming-machine-work","tag-roll-forming","tag-roll-forming-equipment","tag-roll-forming-line","tag-roll-forming-machine","tag-roll-forming-mill"],"blocksy_meta":[],"jetpack_sharing_enabled":true,"jetpack_shortlink":"https:\/\/wp.me\/P9K5n8-dn","jetpack_likes_enabled":false,"jetpack-related-posts":[{"id":2193,"url":"https:\/\/believeindustry.company\/pt\/roll-forming-machine\/metal-sheet-roll-forming-machine\/metal-wall-panel-roll-forming-machine\/","url_meta":{"origin":829,"position":0},"title":"M\u00e1quina de perfilagem de pain\u00e9is de parede met\u00e1licos","author":"Believe Industry Group","date":"Junho 7, 2018","format":false,"excerpt":"Metal Wall Panel Roll Forming Machine is for producing wall panels automatically. The Machine can cutoff the wall panel profiles into desire length. Metal Wall Panel Roll Forming Machine Metal Wall Panel As we know, traditional wall panels is made by brick, which is\u00a0 composed of clay-bearing soil, sand, and\u2026","rel":"","context":"In \"Cold Roll Forming Machine\"","block_context":{"text":"Cold Roll Forming Machine","link":"https:\/\/believeindustry.company\/pt\/tag\/cold-roll-forming-machine\/"},"img":{"alt_text":"metal wall panel roll forming machine","src":"https:\/\/i0.wp.com\/believeindustry.company\/wp-content\/uploads\/2018\/06\/metal-wall-panel-roll-forming-machine-e1529031517454.jpg?resize=350%2C200&ssl=1","width":350,"height":200,"srcset":"https:\/\/i0.wp.com\/believeindustry.company\/wp-content\/uploads\/2018\/06\/metal-wall-panel-roll-forming-machine-e1529031517454.jpg?resize=350%2C200&ssl=1 1x, https:\/\/i0.wp.com\/believeindustry.company\/wp-content\/uploads\/2018\/06\/metal-wall-panel-roll-forming-machine-e1529031517454.jpg?resize=525%2C300&ssl=1 1.5x, https:\/\/i0.wp.com\/believeindustry.company\/wp-content\/uploads\/2018\/06\/metal-wall-panel-roll-forming-machine-e1529031517454.jpg?resize=700%2C400&ssl=1 2x, https:\/\/i0.wp.com\/believeindustry.company\/wp-content\/uploads\/2018\/06\/metal-wall-panel-roll-forming-machine-e1529031517454.jpg?resize=1050%2C600&ssl=1 3x"},"classes":[]},{"id":1277,"url":"https:\/\/believeindustry.company\/pt\/video\/metal-tile-roll-forming-machine-video\/","url_meta":{"origin":829,"position":1},"title":"V\u00eddeo da m\u00e1quina de perfilagem de telhas met\u00e1licas","author":"Believe Industry Group","date":"Abril 16, 2018","format":false,"excerpt":"The Metal Tile Roll Forming Machine Video will let you easy to know how the machine working and how to operate the machine. Contact us for more details of Metal Tile Roll Forming Machine","rel":"","context":"In \"Metal Tile Roll Forming Machine\"","block_context":{"text":"Metal Tile Roll Forming Machine","link":"https:\/\/believeindustry.company\/pt\/tag\/metal-tile-roll-forming-machine\/"},"img":{"alt_text":"roll forming machine for metal roof tile","src":"https:\/\/i0.wp.com\/believeindustry.company\/wp-content\/uploads\/2018\/05\/roll-forming-machine-for-metal-roof-tile.jpg?resize=350%2C200&ssl=1","width":350,"height":200,"srcset":"https:\/\/i0.wp.com\/believeindustry.company\/wp-content\/uploads\/2018\/05\/roll-forming-machine-for-metal-roof-tile.jpg?resize=350%2C200&ssl=1 1x, https:\/\/i0.wp.com\/believeindustry.company\/wp-content\/uploads\/2018\/05\/roll-forming-machine-for-metal-roof-tile.jpg?resize=525%2C300&ssl=1 1.5x, https:\/\/i0.wp.com\/believeindustry.company\/wp-content\/uploads\/2018\/05\/roll-forming-machine-for-metal-roof-tile.jpg?resize=700%2C400&ssl=1 2x, https:\/\/i0.wp.com\/believeindustry.company\/wp-content\/uploads\/2018\/05\/roll-forming-machine-for-metal-roof-tile.jpg?resize=1050%2C600&ssl=1 3x"},"classes":[]},{"id":2440,"url":"https:\/\/believeindustry.company\/pt\/roll-forming-machine\/customized-profile-roll-forming-machine\/metal-embossing-machine-line\/","url_meta":{"origin":829,"position":2},"title":"LINHA DE M\u00c1QUINAS DE RELEVO EM METAL","author":"Believe Industry Group","date":"Julho 9, 2018","format":false,"excerpt":"A Metal Embossing Machine Line \u00a0is a metal forming process unit that emboss a series of straight or parallel ridges onto a metal sheet or strip. Metal Embossing Machine Line A Metal coil embossing\u00a0line is\u00a0a stamping process to produce various designed patterns in metal sheet by passing the sheet in\u2026","rel":"","context":"In \"custom designs\"","block_context":{"text":"custom designs","link":"https:\/\/believeindustry.company\/pt\/tag\/custom-designs\/"},"img":{"alt_text":"metal embossing machine line","src":"https:\/\/i0.wp.com\/believeindustry.company\/wp-content\/uploads\/2018\/07\/metal-embossing-machine-line.jpg?resize=350%2C200&ssl=1","width":350,"height":200,"srcset":"https:\/\/i0.wp.com\/believeindustry.company\/wp-content\/uploads\/2018\/07\/metal-embossing-machine-line.jpg?resize=350%2C200&ssl=1 1x, https:\/\/i0.wp.com\/believeindustry.company\/wp-content\/uploads\/2018\/07\/metal-embossing-machine-line.jpg?resize=525%2C300&ssl=1 1.5x, https:\/\/i0.wp.com\/believeindustry.company\/wp-content\/uploads\/2018\/07\/metal-embossing-machine-line.jpg?resize=700%2C400&ssl=1 2x, https:\/\/i0.wp.com\/believeindustry.company\/wp-content\/uploads\/2018\/07\/metal-embossing-machine-line.jpg?resize=1050%2C600&ssl=1 3x"},"classes":[]},{"id":593,"url":"https:\/\/believeindustry.company\/pt\/roll-forming-machine\/metal-sheet-roll-forming-machine\/roofing-sheet-roll-forming-machine\/","url_meta":{"origin":829,"position":3},"title":"M\u00e1quina de perfilagem de chapas de cobertura","author":"Believe Industry Group","date":"Mar\u00e7o 22, 2018","format":false,"excerpt":"A m\u00e1quina de perfilagem de telhas met\u00e1licas foi projetada para produzir diversos tipos de telhas e revestimentos de parede, conforme o projeto e no comprimento desejado. A espessura varia normalmente de 0,2 a 0,8 mm e a resist\u00eancia de 235 MPa a 550 MPa. Introdu\u00e7\u00e3o \u00e0 m\u00e1quina de perfilagem de telhas met\u00e1licas. Onde encontrar\u2026","rel":"","context":"In \"Metal Sheet Roll Forming Machine\"","block_context":{"text":"Metal Sheet Roll Forming Machine","link":"https:\/\/believeindustry.company\/pt\/tag\/metal-sheet-roll-forming-machine\/"},"img":{"alt_text":"roof sheet roll forming machine","src":"https:\/\/i0.wp.com\/believeindustry.company\/wp-content\/uploads\/2018\/06\/roof-sheet-roll-forming-machine_%E5%89%AF%E6%9C%AC.jpg?resize=350%2C200&ssl=1","width":350,"height":200,"srcset":"https:\/\/i0.wp.com\/believeindustry.company\/wp-content\/uploads\/2018\/06\/roof-sheet-roll-forming-machine_%E5%89%AF%E6%9C%AC.jpg?resize=350%2C200&ssl=1 1x, https:\/\/i0.wp.com\/believeindustry.company\/wp-content\/uploads\/2018\/06\/roof-sheet-roll-forming-machine_%E5%89%AF%E6%9C%AC.jpg?resize=525%2C300&ssl=1 1.5x, https:\/\/i0.wp.com\/believeindustry.company\/wp-content\/uploads\/2018\/06\/roof-sheet-roll-forming-machine_%E5%89%AF%E6%9C%AC.jpg?resize=700%2C400&ssl=1 2x, https:\/\/i0.wp.com\/believeindustry.company\/wp-content\/uploads\/2018\/06\/roof-sheet-roll-forming-machine_%E5%89%AF%E6%9C%AC.jpg?resize=1050%2C600&ssl=1 3x"},"classes":[]},{"id":1281,"url":"https:\/\/believeindustry.company\/pt\/video\/metal-sheet-roll-forming-machine-video\/","url_meta":{"origin":829,"position":4},"title":"V\u00eddeo da m\u00e1quina de perfilagem de chapas met\u00e1licas","author":"Believe Industry Group","date":"Abril 16, 2018","format":false,"excerpt":"From the Metal Sheet Roll Forming Machine Video, you will be easy to know how the machines work, and also the different designs of metal roofing sheet machine. Contact us for more details about Believe Industry Company\u00a0 machines.","rel":"","context":"In \"Metal Sheet Roll Forming Machine\"","block_context":{"text":"Metal Sheet Roll Forming Machine","link":"https:\/\/believeindustry.company\/pt\/tag\/metal-sheet-roll-forming-machine\/"},"img":{"alt_text":"metal sheet roll forming machine video","src":"https:\/\/i0.wp.com\/believeindustry.company\/wp-content\/uploads\/2018\/05\/metal-roofing-sheets.jpg?resize=350%2C200&ssl=1","width":350,"height":200,"srcset":"https:\/\/i0.wp.com\/believeindustry.company\/wp-content\/uploads\/2018\/05\/metal-roofing-sheets.jpg?resize=350%2C200&ssl=1 1x, https:\/\/i0.wp.com\/believeindustry.company\/wp-content\/uploads\/2018\/05\/metal-roofing-sheets.jpg?resize=525%2C300&ssl=1 1.5x, https:\/\/i0.wp.com\/believeindustry.company\/wp-content\/uploads\/2018\/05\/metal-roofing-sheets.jpg?resize=700%2C400&ssl=1 2x, https:\/\/i0.wp.com\/believeindustry.company\/wp-content\/uploads\/2018\/05\/metal-roofing-sheets.jpg?resize=1050%2C600&ssl=1 3x"},"classes":[]},{"id":724,"url":"https:\/\/believeindustry.company\/pt\/roll-forming-machine\/metal-sheet-roll-forming-machine\/","url_meta":{"origin":829,"position":5},"title":"M\u00e1quina de conforma\u00e7\u00e3o de rolos de chapas met\u00e1licas","author":"Believe Industry Group","date":"Mar\u00e7o 28, 2018","format":false,"excerpt":"Metal Sheet Roll Forming Machines, also named Steel Sheet Roll Forming Machines are widely used in Steel Structure Systems Manufacturers or Builders.Believe Industry Company have full range of Metal Sheet Roll Forming Machine to produce Roof Panels, Wall Cladding Sheets, Step Tiles with different types. Such as: Standing seamming Panel.\u2026","rel":"","context":"In \"believe industry machine\"","block_context":{"text":"believe industry machine","link":"https:\/\/believeindustry.company\/pt\/tag\/believe-industry-machine\/"},"img":{"alt_text":"sheet roll forming machine","src":"https:\/\/i0.wp.com\/believeindustry.company\/wp-content\/uploads\/2018\/03\/metal-sheet-roll-forming-machine.jpg?resize=350%2C200&ssl=1","width":350,"height":200,"srcset":"https:\/\/i0.wp.com\/believeindustry.company\/wp-content\/uploads\/2018\/03\/metal-sheet-roll-forming-machine.jpg?resize=350%2C200&ssl=1 1x, https:\/\/i0.wp.com\/believeindustry.company\/wp-content\/uploads\/2018\/03\/metal-sheet-roll-forming-machine.jpg?resize=525%2C300&ssl=1 1.5x, https:\/\/i0.wp.com\/believeindustry.company\/wp-content\/uploads\/2018\/03\/metal-sheet-roll-forming-machine.jpg?resize=700%2C400&ssl=1 2x"},"classes":[]}],"amp_enabled":true,"_links":{"self":[{"href":"https:\/\/believeindustry.company\/pt\/wp-json\/wp\/v2\/pages\/829","targetHints":{"allow":["GET"]}}],"collection":[{"href":"https:\/\/believeindustry.company\/pt\/wp-json\/wp\/v2\/pages"}],"about":[{"href":"https:\/\/believeindustry.company\/pt\/wp-json\/wp\/v2\/types\/page"}],"author":[{"embeddable":true,"href":"https:\/\/believeindustry.company\/pt\/wp-json\/wp\/v2\/users\/2"}],"replies":[{"embeddable":true,"href":"https:\/\/believeindustry.company\/pt\/wp-json\/wp\/v2\/comments?post=829"}],"version-history":[{"count":0,"href":"https:\/\/believeindustry.company\/pt\/wp-json\/wp\/v2\/pages\/829\/revisions"}],"wp:featuredmedia":[{"embeddable":true,"href":"https:\/\/believeindustry.company\/pt\/wp-json\/wp\/v2\/media\/836"}],"wp:attachment":[{"href":"https:\/\/believeindustry.company\/pt\/wp-json\/wp\/v2\/media?parent=829"}],"wp:term":[{"taxonomy":"post_tag","embeddable":true,"href":"https:\/\/believeindustry.company\/pt\/wp-json\/wp\/v2\/tags?post=829"}],"curies":[{"name":"wp","href":"https:\/\/api.w.org\/{rel}","templated":true}]}}