{"id":838,"date":"2018-04-02T11:35:50","date_gmt":"2018-04-02T03:35:50","guid":{"rendered":"https:\/\/believeindustry.company\/?page_id=838"},"modified":"2026-04-11T22:01:23","modified_gmt":"2026-04-11T14:01:23","slug":"maquina-de-perfilagem-de-tercas-z","status":"publish","type":"page","link":"https:\/\/believeindustry.company\/pt\/roll-forming-machine\/purlin-roll-forming-machine\/z-purlin-roll-forming-machine\/","title":{"rendered":"M\u00e1quina de perfilagem de perfis Z"},"content":{"rendered":"<p>A m\u00e1quina de perfilagem de perfis Z \u00e9 utilizada para produzir perfis Z, cuja largura da alma varia de 80 a 350 mm, a largura da flange de 35 a 80 mm e a espessura de 1,5 a 5 mm.<\/p>\n\n\n\n<!--more-->\n\n\n\n<h1 class=\"wp-block-heading\"><strong><span style=\"font-size: 18pt;\">Introdu\u00e7\u00e3o \u00e0 m\u00e1quina de perfilagem de perfis Z<\/span><\/strong><\/h1>\n\n\n\n<h2 class=\"wp-block-heading\"><strong><span style=\"font-size: 14pt;\">O que \u00e9 uma ter\u00e7a Z?<\/span><\/strong><\/h2>\n\n\n\n<p>A ter\u00e7a em Z, que consiste em se\u00e7\u00f5es sim\u00e9tricas com formato semelhante \u00e0 letra &quot;Z&quot;, \u00e9 tamb\u00e9m amplamente utilizada em sistemas de constru\u00e7\u00e3o met\u00e1lica. <a title=\"Acredite na Empresa do Setor\" href=\"http:\/\/www.belirollform.com\" rel=\"noopener\" target=\"_blank\">Believe Industry (BELI\u00ae)<\/a> Dispomos de uma s\u00e9rie de m\u00e1quinas de perfilagem de perfis Z para atender a todas as necessidades.<\/p>\n\n\n\n<h2 class=\"wp-block-heading\"><strong><span style=\"font-size: 14pt;\">M\u00e1quina de perfilagem de perfis Z<\/span><\/strong><\/h2>\n\n\n\n<p>Semelhante a <a title=\"M\u00e1quina de perfilagem de ter\u00e7as C\" href=\"https:\/\/believeindustry.company\/pt\/maquina-de-perfilagem-de-rolos\/maquina-de-perfilagem-de-tercas\/maquina-de-perfilagem-de-tercas-c\/\" rel=\"\">M\u00e1quina de perfilagem de ter\u00e7as C<\/a>. As m\u00e1quinas de perfilagem de ter\u00e7as em Z formam uma linha completa para a produ\u00e7\u00e3o de ter\u00e7as em Z com as medidas e comprimentos desejados. Os modelos de m\u00e1quinas s\u00e3o os seguintes:<\/p>\n\n\n\n<ol class=\"wp-block-list\"><li><a href=\"https:\/\/believeindustry.company\/pt\/desenrolador\/\">Desbobinador<\/a>, carregue as tiras da bobina<\/li><li>Dispositivo para perfurar furos ou ranhuras.<\/li><li>M\u00e1quina de perfilagem de perfis Z, capaz de produzir perfis Z em diferentes dimens\u00f5es de alma (80-350 mm) e dimens\u00f5es de flange (40-80 mm).<\/li><li>Dispositivo de corte, corte a ter\u00e7a em Z no comprimento desejado.<\/li><li>Sistema controlado. Todas as opera\u00e7\u00f5es s\u00e3o realizadas na tela sens\u00edvel ao toque e por bot\u00f5es.<\/li><li>Esta\u00e7\u00e3o hidr\u00e1ulica, fonte de alimenta\u00e7\u00e3o para puncionamento e corte.<\/li><li>Mesa de coleta<\/li><\/ol>\n\n\n\n<h2 class=\"wp-block-heading\"><span style=\"font-size: 14pt;\">Diferentes modelos de v\u00e1rios <strong>M\u00e1quina de perfilagem de perfis Z<\/strong><\/span><\/h2>\n\n\n\n<p>Design tradicional: Ajuste manual dos espa\u00e7adores e substitui\u00e7\u00e3o da l\u00e2mina de corte. O tempo de troca \u00e9 de aproximadamente 3 horas. <\/p>\n\n\n\n<figure class=\"wp-block-image alignnone wp-image-844 size-appetite-standard-image\"><img fetchpriority=\"high\" decoding=\"async\" width=\"800\" height=\"224\" data-attachment-id=\"844\" data-permalink=\"https:\/\/believeindustry.company\/pt\/roll-forming-machine\/purlin-roll-forming-machine\/z-purlin-roll-forming-machine\/layout-z-purlin-roll-forming-machine\/\" data-orig-file=\"https:\/\/believeindustry.company\/wp-content\/uploads\/2018\/04\/layout-z-purlin-roll-forming-machine.jpg\" data-orig-size=\"800,224\" data-comments-opened=\"1\" data-image-meta=\"{&quot;aperture&quot;:&quot;0&quot;,&quot;credit&quot;:&quot;&quot;,&quot;camera&quot;:&quot;&quot;,&quot;caption&quot;:&quot;&quot;,&quot;created_timestamp&quot;:&quot;0&quot;,&quot;copyright&quot;:&quot;&quot;,&quot;focal_length&quot;:&quot;0&quot;,&quot;iso&quot;:&quot;0&quot;,&quot;shutter_speed&quot;:&quot;0&quot;,&quot;title&quot;:&quot;&quot;,&quot;orientation&quot;:&quot;0&quot;}\" data-image-title=\"layout-z-purlin-roll-forming-machine\" data-image-description=\"\" data-image-caption=\"\" data-large-file=\"https:\/\/believeindustry.company\/wp-content\/uploads\/2018\/04\/layout-z-purlin-roll-forming-machine.jpg\" src=\"https:\/\/believeindustry.company\/wp-content\/uploads\/2018\/04\/layout-z-purlin-roll-forming-machine-800x224.jpg\" alt=\"m\u00e1quina de perfilagem de ter\u00e7as z\" class=\"wp-image-844\" srcset=\"https:\/\/believeindustry.company\/wp-content\/uploads\/2018\/04\/layout-z-purlin-roll-forming-machine.jpg 800w, https:\/\/believeindustry.company\/wp-content\/uploads\/2018\/04\/layout-z-purlin-roll-forming-machine-600x168.jpg 600w, https:\/\/believeindustry.company\/wp-content\/uploads\/2018\/04\/layout-z-purlin-roll-forming-machine-300x84.jpg 300w\" sizes=\"(max-width: 800px) 100vw, 800px\" \/><figcaption>M\u00e1quina de perfilagem de ter\u00e7as Z de projeto normal, com ajuste manual e troca da l\u00e2mina de corte.<\/figcaption><\/figure>\n\n\n\n<p>Design de pr\u00e9-corte: ajuste manual dos espa\u00e7adores. N\u00e3o \u00e9 necess\u00e1rio trocar a l\u00e2mina de corte. O tempo de troca \u00e9 de aproximadamente 2,5 horas, mas as extremidades da ter\u00e7a em Z podem ficar um pouco deformadas. <\/p>\n\n\n\n<div class=\"wp-block-image wp-image-843\"><figure class=\"aligncenter is-resized\"><img decoding=\"async\" data-attachment-id=\"843\" data-permalink=\"https:\/\/believeindustry.company\/pt\/roll-forming-machine\/purlin-roll-forming-machine\/z-purlin-roll-forming-machine\/layout-of-z-purlin-rollformer\/\" data-orig-file=\"https:\/\/believeindustry.company\/wp-content\/uploads\/2018\/04\/Layout-of-Z-purlin-rollformer.jpg\" data-orig-size=\"632,203\" data-comments-opened=\"1\" data-image-meta=\"{&quot;aperture&quot;:&quot;0&quot;,&quot;credit&quot;:&quot;&quot;,&quot;camera&quot;:&quot;&quot;,&quot;caption&quot;:&quot;&quot;,&quot;created_timestamp&quot;:&quot;0&quot;,&quot;copyright&quot;:&quot;&quot;,&quot;focal_length&quot;:&quot;0&quot;,&quot;iso&quot;:&quot;0&quot;,&quot;shutter_speed&quot;:&quot;0&quot;,&quot;title&quot;:&quot;&quot;,&quot;orientation&quot;:&quot;0&quot;}\" data-image-title=\"Layout-of-Z-purlin-rollformer\" data-image-description=\"\" data-image-caption=\"&lt;p&gt;Normal design z purlin roll forming machine layout&lt;\/p&gt;\" data-large-file=\"https:\/\/believeindustry.company\/wp-content\/uploads\/2018\/04\/Layout-of-Z-purlin-rollformer.jpg\" src=\"https:\/\/believeindustry.company\/wp-content\/uploads\/2018\/04\/Layout-of-Z-purlin-rollformer.jpg\" alt=\"conforma\u00e7\u00e3o de rolos em m\u00e1quina de perfil Z\" class=\"wp-image-843\" width=\"580\" height=\"186\" srcset=\"https:\/\/believeindustry.company\/wp-content\/uploads\/2018\/04\/Layout-of-Z-purlin-rollformer.jpg 632w, https:\/\/believeindustry.company\/wp-content\/uploads\/2018\/04\/Layout-of-Z-purlin-rollformer-600x193.jpg 600w, https:\/\/believeindustry.company\/wp-content\/uploads\/2018\/04\/Layout-of-Z-purlin-rollformer-300x96.jpg 300w\" sizes=\"(max-width: 580px) 100vw, 580px\" \/><figcaption>Layout de m\u00e1quina de perfilagem de ter\u00e7as Z com pr\u00e9-corte<\/figcaption><\/figure><\/div>\n\n\n\n<p>Design de troca r\u00e1pida: Ajuste autom\u00e1tico das dimens\u00f5es da bobina e da flange inserindo os dados desejados na tela sens\u00edvel ao toque. A m\u00e1quina se ajustar\u00e1 automaticamente e adotar\u00e1 o corte multifuncional. O tempo de troca \u00e9 de apenas 2 minutos.<\/p>\n\n\n\n<div class=\"wp-block-image wp-image-847\"><figure class=\"aligncenter\"><img decoding=\"async\" width=\"800\" height=\"341\" data-attachment-id=\"847\" data-permalink=\"https:\/\/believeindustry.company\/pt\/roll-forming-machine\/purlin-roll-forming-machine\/z-purlin-roll-forming-machine\/layout-of-c-and-z-purlin-machine\/\" data-orig-file=\"https:\/\/believeindustry.company\/wp-content\/uploads\/2018\/04\/layout-of-c-and-z-purlin-machine.jpg\" data-orig-size=\"1100,250\" data-comments-opened=\"1\" data-image-meta=\"{&quot;aperture&quot;:&quot;0&quot;,&quot;credit&quot;:&quot;&quot;,&quot;camera&quot;:&quot;&quot;,&quot;caption&quot;:&quot;&quot;,&quot;created_timestamp&quot;:&quot;0&quot;,&quot;copyright&quot;:&quot;&quot;,&quot;focal_length&quot;:&quot;0&quot;,&quot;iso&quot;:&quot;0&quot;,&quot;shutter_speed&quot;:&quot;0&quot;,&quot;title&quot;:&quot;&quot;,&quot;orientation&quot;:&quot;0&quot;}\" data-image-title=\"layout of c and z purlin machine\" data-image-description=\"\" data-image-caption=\"&lt;p&gt;Qucik interchangeable Z Purlin Roll forming machine&lt;\/p&gt;\" data-large-file=\"https:\/\/believeindustry.company\/wp-content\/uploads\/2018\/04\/layout-of-c-and-z-purlin-machine-1024x233.jpg\" src=\"https:\/\/believeindustry.company\/wp-content\/uploads\/2018\/04\/layout-of-c-and-z-purlin-machine-800x341.jpg\" alt=\"Layout da m\u00e1quina de perfilagem de perfis Z\" class=\"wp-image-847\"\/><figcaption>M\u00e1quina de perfilagem de ter\u00e7as Z de troca r\u00e1pida, com tecnologia de ponta.<\/figcaption><\/figure><\/div>\n\n\n\n<h2 class=\"wp-block-heading\"><strong><span style=\"font-size: 14pt;\">Breve introdu\u00e7\u00e3o \u00e0 m\u00e1quina de perfilagem de perfis Z<\/span><\/strong><\/h2>\n\n\n\n<ol class=\"wp-block-list\"><li>Medidas tradicionais de uma ter\u00e7a em Z: alma de 100-350 mm, flange de 40-80 mm, aba de 10-15 mm, espessura de 1,5-3,5 mm.<\/li><li>M\u00e1quina niveladora de 9 rolos<\/li><li>Material dos rolos: GCR 15, temperado e revenido, cromado com 0,05 mm de espessura.<\/li><li>Suportes para roletes: 16-22<\/li><li>Pot\u00eancia do motor principal: 22 kW<\/li><li>Pot\u00eancia hidr\u00e1ulica: 15 kW<\/li><li>Material da l\u00e2mina de corte e do molde de pun\u00e7\u00e3o: CR12<\/li><li>PLC Siemens, inversor Yaskawa, encoder Omron, tela sens\u00edvel ao toque Siemens.<\/li><\/ol>\n\n\n\n<p><a href=\"https:\/\/believeindustry.company\/pt\/contate-nos\/\">Contate-nos<\/a> agora para mais informa\u00e7\u00f5es de <strong>M\u00e1quinas de perfilagem de perfis Z,<a href=\"https:\/\/believeindustry.company\/pt\/maquina-de-perfilagem-de-rolos\/maquina-de-perfilagem-de-tercas\/maquina-de-perfilagem-de-tercas-c\/\"> m\u00e1quina de perfilagem de ter\u00e7as c<\/a> e <a href=\"https:\/\/believeindustry.company\/pt\/maquina-de-perfilagem-de-rolos\/maquina-de-perfilagem-de-tercas\/maquina-de-perfilagem-de-tercas-cz\/\">M\u00e1quina de perfilagem de ter\u00e7as CZ.&nbsp;<\/a><\/strong><\/p>","protected":false},"excerpt":{"rendered":"<p>A m\u00e1quina de perfilagem de perfis Z \u00e9 utilizada para produzir perfis Z, cuja largura da alma varia de 80 a 350 mm, a largura da flange de 35 a 80 mm e a espessura de 1,5 a 5 mm.<\/p>","protected":false},"author":2,"featured_media":841,"parent":727,"menu_order":2,"comment_status":"closed","ping_status":"closed","template":"","meta":{"_angie_page":false,"footnotes":"","big_sky_generated":false},"tags":[607851244,607849629,607846025,607845740,607846319],"class_list":["post-838","page","type-page","status-publish","has-post-thumbnail","hentry","tag-construction-and-steel-structure","tag-purlin-lines","tag-purlin-roll-forming-machine","tag-roll-forming-machine","tag-z-purlin-roll-forming-machine"],"blocksy_meta":[],"jetpack_sharing_enabled":true,"jetpack_shortlink":"https:\/\/wp.me\/P9K5n8-dw","jetpack_likes_enabled":false,"jetpack-related-posts":[],"amp_enabled":true,"_links":{"self":[{"href":"https:\/\/believeindustry.company\/pt\/wp-json\/wp\/v2\/pages\/838","targetHints":{"allow":["GET"]}}],"collection":[{"href":"https:\/\/believeindustry.company\/pt\/wp-json\/wp\/v2\/pages"}],"about":[{"href":"https:\/\/believeindustry.company\/pt\/wp-json\/wp\/v2\/types\/page"}],"author":[{"embeddable":true,"href":"https:\/\/believeindustry.company\/pt\/wp-json\/wp\/v2\/users\/2"}],"replies":[{"embeddable":true,"href":"https:\/\/believeindustry.company\/pt\/wp-json\/wp\/v2\/comments?post=838"}],"version-history":[{"count":4,"href":"https:\/\/believeindustry.company\/pt\/wp-json\/wp\/v2\/pages\/838\/revisions"}],"predecessor-version":[{"id":21928,"href":"https:\/\/believeindustry.company\/pt\/wp-json\/wp\/v2\/pages\/838\/revisions\/21928"}],"up":[{"embeddable":true,"href":"https:\/\/believeindustry.company\/pt\/wp-json\/wp\/v2\/pages\/727"}],"wp:featuredmedia":[{"embeddable":true,"href":"https:\/\/believeindustry.company\/pt\/wp-json\/wp\/v2\/media\/841"}],"wp:attachment":[{"href":"https:\/\/believeindustry.company\/pt\/wp-json\/wp\/v2\/media?parent=838"}],"wp:term":[{"taxonomy":"post_tag","embeddable":true,"href":"https:\/\/believeindustry.company\/pt\/wp-json\/wp\/v2\/tags?post=838"}],"curies":[{"name":"wp","href":"https:\/\/api.w.org\/{rel}","templated":true}]}}