{"id":888,"date":"2018-04-04T14:11:42","date_gmt":"2018-04-04T06:11:42","guid":{"rendered":"https:\/\/believeindustry.company\/?page_id=888"},"modified":"2025-12-05T15:38:10","modified_gmt":"2025-12-05T07:38:10","slug":"maquina-de-perfilagem-de-trilhos-para-portas-de-enrolar","status":"publish","type":"page","link":"https:\/\/believeindustry.company\/pt\/roll-forming-machine\/steel-door-roll-forming-machine\/roller-shutter-door-track-roll-forming-machine\/","title":{"rendered":"M\u00e1quina de perfilagem de trilhos para portas de enrolar"},"content":{"rendered":"<p><strong>M\u00e1quina de perfilagem de trilhos para portas de enrolar<\/strong> Serve para produzir trilhos para portas de enrolar, respons\u00e1veis por levantar e abaixar as portas.<\/p>\n\n\n\n<!--more-->\n\n\n\n<h2 class=\"wp-block-heading\"><strong><span style=\"font-size: 18pt;\">Introdu\u00e7\u00e3o \u00e0 m\u00e1quina de perfilagem de trilhos para portas de enrolar<\/span><\/strong><\/h2>\n\n\n\n<h3 class=\"wp-block-heading\"><strong><span style=\"font-size: 14pt;\">O que \u00e9 um trilho para porta de enrolar?<\/span><\/strong><\/h3>\n\n\n\n<div class=\"wp-block-image wp-image-950\"><figure class=\"alignright\"><img decoding=\"async\" width=\"300\" height=\"151\" data-attachment-id=\"950\" data-permalink=\"https:\/\/believeindustry.company\/pt\/roll-forming-machine\/steel-door-roll-forming-machine\/roller-shutter-door-track-roll-forming-machine\/cof\/\" data-orig-file=\"https:\/\/believeindustry.company\/wp-content\/uploads\/2018\/04\/roller-shutter-door-track-e1522824712927.jpg\" data-orig-size=\"586,294\" data-comments-opened=\"1\" data-image-meta=\"{&quot;aperture&quot;:&quot;0&quot;,&quot;credit&quot;:&quot;&quot;,&quot;camera&quot;:&quot;&quot;,&quot;caption&quot;:&quot;&quot;,&quot;created_timestamp&quot;:&quot;0&quot;,&quot;copyright&quot;:&quot;&quot;,&quot;focal_length&quot;:&quot;0&quot;,&quot;iso&quot;:&quot;0&quot;,&quot;shutter_speed&quot;:&quot;0&quot;,&quot;title&quot;:&quot;&quot;,&quot;orientation&quot;:&quot;0&quot;}\" data-image-title=\"Roller shutter door track\" data-image-description=\"\" data-image-caption=\"&lt;p&gt;Curved roller shutter door track for Roller-Up door and garage roof.&lt;\/p&gt;\" data-large-file=\"https:\/\/believeindustry.company\/wp-content\/uploads\/2018\/04\/roller-shutter-door-track-e1522824712927.jpg\" src=\"https:\/\/believeindustry.company\/wp-content\/uploads\/2018\/04\/roller-shutter-door-track-e1522824712927-300x151.jpg\" alt=\"m\u00e1quina de perfilagem de trilhos para portas de enrolar\" class=\"wp-image-950\" srcset=\"https:\/\/believeindustry.company\/wp-content\/uploads\/2018\/04\/roller-shutter-door-track-e1522824712927-300x151.jpg 300w, https:\/\/believeindustry.company\/wp-content\/uploads\/2018\/04\/roller-shutter-door-track-e1522824712927.jpg 586w\" sizes=\"(max-width: 300px) 100vw, 300px\" \/><figcaption>Trilho curvo para porta de enrolar e porta de garagem.<\/figcaption><\/figure><\/div>\n\n\n\n<p>O trilho da persiana de enrolar \u00e9 um dispositivo para direcionar as portas da persiana de enrolar ou <a title=\"Porta de garagem da Wikip\u00e9dia\" href=\"https:\/\/en.wikipedia.org\/wiki\/Garage_door\" rel=\"noopener\" target=\"_blank\">Portas de garagem<\/a> Para cima e para baixo. Os trilhos das portas s\u00e3o produzidos em a\u00e7o galvanizado ou a\u00e7o laminado a frio com espessura de 0,8 a 1,5 mm. Al\u00e9m disso, possuem furos pr\u00e9-perfurados para facilitar a montagem. Ademais, a demanda por trilhos para portas curvas est\u00e1 crescendo consideravelmente devido \u00e0 necessidade de adapta\u00e7\u00e3o a paredes e portas curvas.<\/p>\n\n\n\n<h3 class=\"wp-block-heading\"><strong><span style=\"font-size: 14pt;\">Componentes de m\u00e1quinas<\/span><\/strong><\/h3>\n\n\n\n<ul class=\"wp-block-list\"><li>Desbobinador de bobinas, carrega as tiras de bobina. Capacidade m\u00e1xima de 1,5 tonelada. Dispon\u00edvel nos modelos manual e autom\u00e1tico.<\/li><li><a title=\"Linha de perfilagem\" rel=\"\" href=\"https:\/\/believeindustry.company\/pt\/linha-de-perfilagem\/\">Laminador de perfilagem<\/a>, as principais partes da linha. O design da cama e da estrutura \u00e9 personalizado.<\/li><li>Dispositivo de pr\u00e9-perfura\u00e7\u00e3o, perfura os furos para facilitar a montagem. (Opcional)<\/li><li>Turkey Head, endireite os trilhos em boas condi\u00e7\u00f5es.<\/li><li>A ferramenta de corte permite cortar os trilhos no comprimento desejado para se ajustarem \u00e0 altura da porta.<\/li><li>Sistema controlado, o operador pode configurar todos os dados (comprimento, quantidade, posi\u00e7\u00e3o dos furos) na tela sens\u00edvel ao toque.<\/li><li>Mesa de coleta, suporte o produto ap\u00f3s o corte, retire manualmente<\/li><\/ul>\n\n\n\n<h3 class=\"wp-block-heading\"><strong><span style=\"font-size: 14pt;\">Layout de trabalho<\/span><\/strong><\/h3>\n\n\n\n<figure class=\"wp-block-image alignnone wp-image-951 size-full\"><img fetchpriority=\"high\" decoding=\"async\" width=\"1100\" height=\"285\" data-attachment-id=\"951\" data-permalink=\"https:\/\/believeindustry.company\/pt\/roll-forming-machine\/steel-door-roll-forming-machine\/roller-shutter-door-track-roll-forming-machine\/layout\/\" data-orig-file=\"https:\/\/believeindustry.company\/wp-content\/uploads\/2018\/04\/layout-of-door-track-roll-forming-machine.jpg\" data-orig-size=\"1100,285\" data-comments-opened=\"1\" data-image-meta=\"{&quot;aperture&quot;:&quot;0&quot;,&quot;credit&quot;:&quot;&quot;,&quot;camera&quot;:&quot;&quot;,&quot;caption&quot;:&quot;&quot;,&quot;created_timestamp&quot;:&quot;0&quot;,&quot;copyright&quot;:&quot;&quot;,&quot;focal_length&quot;:&quot;0&quot;,&quot;iso&quot;:&quot;0&quot;,&quot;shutter_speed&quot;:&quot;0&quot;,&quot;title&quot;:&quot;&quot;,&quot;orientation&quot;:&quot;0&quot;}\" data-image-title=\"layout of the door track roll forming machine\" data-image-description=\"\" data-image-caption=\"&lt;p&gt;Working Flow:&lt;\/p&gt;\" data-large-file=\"https:\/\/believeindustry.company\/wp-content\/uploads\/2018\/04\/layout-of-door-track-roll-forming-machine-1024x265.jpg\" src=\"https:\/\/believeindustry.company\/wp-content\/uploads\/2018\/04\/layout-of-door-track-roll-forming-machine.jpg\" alt=\"Layout da m\u00e1quina de perfilagem de trilhos de portas\" class=\"wp-image-951\" srcset=\"https:\/\/believeindustry.company\/wp-content\/uploads\/2018\/04\/layout-of-door-track-roll-forming-machine.jpg 1100w, https:\/\/believeindustry.company\/wp-content\/uploads\/2018\/04\/layout-of-door-track-roll-forming-machine-600x155.jpg 600w, https:\/\/believeindustry.company\/wp-content\/uploads\/2018\/04\/layout-of-door-track-roll-forming-machine-300x78.jpg 300w, https:\/\/believeindustry.company\/wp-content\/uploads\/2018\/04\/layout-of-door-track-roll-forming-machine-1024x265.jpg 1024w\" sizes=\"(max-width: 1100px) 100vw, 1100px\" \/><figcaption>Fluxo de trabalho: Desenrolamento \u2013 Alimenta\u00e7\u00e3o e guia \u2013 Conforma\u00e7\u00e3o por rolos \u2013 Endireitamento \u2013 Corte \u2013 Recolhimento.<\/figcaption><\/figure>\n\n\n\n<h3 class=\"wp-block-heading\"><strong><span style=\"font-size: 14pt;\">Especifica\u00e7\u00f5es t\u00e9cnicas da m\u00e1quina guia de trilho de porta<\/span><\/strong><\/h3>\n\n\n\n<ol class=\"wp-block-list\"><li>Capacidade do desenrolador: 1,5 tonelada, di\u00e2metro interno de 480 a 560 mm<\/li><li>Velocidade da linha: 8-15 m\/min, excluindo o tempo de corte e perfura\u00e7\u00e3o.<\/li><li>Tens\u00e3o da m\u00e1quina: 380 V, 50 Hz (Personaliz\u00e1vel)<\/li><li>Material dos rolos: GCR 15, tratamento de dureza, cromado 0,05 mm<\/li><li>Formando arquibancadas: 16<\/li><li>Pot\u00eancia do motor: 5,5 kW, marca chinesa renomada (Siemens opcional)<\/li><li>Pot\u00eancia de corte hidr\u00e1ulico: 4 kW<\/li><li>Material do molde de pun\u00e7\u00e3o e da l\u00e2mina de corte: CR12, com tratamento t\u00e9rmico.<\/li><li>PLC Panasonic, inversor Yaskawa, encoder Omron, interruptor de limite Omron.<\/li><\/ol>\n\n\n\n<h3 class=\"wp-block-heading\"><strong><span style=\"font-size: 14pt;\">Instala\u00e7\u00e3o e Comissionamento<\/span><\/strong><\/h3>\n\n\n\n<p>Enviaremos um engenheiro para instalar a m\u00e1quina gratuitamente para o cliente. No entanto, as despesas, incluindo passagens a\u00e9reas de ida e volta, seguro, hospedagem local e tradutor, dever\u00e3o ser cobertas pelo comprador. A instala\u00e7\u00e3o e o comissionamento levar\u00e3o de 3 a 5 dias. &nbsp;<strong>M\u00e1quina de perfilagem de trilhos para portas de enrolar<\/strong>.<\/p>\n\n\n\n<p>A Believe Industry (BELI\u00ae) possui uma linha completa de m\u00e1quinas de perfilagem para sistemas de portas de a\u00e7o. <a href=\"https:\/\/believeindustry.company\/pt\/contate-nos\/\">Contate-nos<\/a> agora!<\/p>","protected":false},"excerpt":{"rendered":"<p>A m\u00e1quina de perfilagem de trilhos para portas de enrolar \u00e9 utilizada para produzir trilhos para portas de enrolar que permitem a abertura e o fechamento das mesmas.<\/p>","protected":false},"author":2,"featured_media":955,"parent":809,"menu_order":2,"comment_status":"closed","ping_status":"closed","template":"","meta":{"_angie_page":false,"footnotes":"","big_sky_generated":false},"tags":[607849630,607845740,607846751,607846747],"class_list":["post-888","page","type-page","status-publish","has-post-thumbnail","hentry","tag-door-lines","tag-roll-forming-machine","tag-rolling-shutter-door-roll-forming-machine","tag-steel-door-roll-forming-machine"],"blocksy_meta":[],"jetpack_sharing_enabled":true,"jetpack_shortlink":"https:\/\/wp.me\/P9K5n8-ek","jetpack_likes_enabled":false,"jetpack-related-posts":[],"amp_enabled":true,"_links":{"self":[{"href":"https:\/\/believeindustry.company\/pt\/wp-json\/wp\/v2\/pages\/888","targetHints":{"allow":["GET"]}}],"collection":[{"href":"https:\/\/believeindustry.company\/pt\/wp-json\/wp\/v2\/pages"}],"about":[{"href":"https:\/\/believeindustry.company\/pt\/wp-json\/wp\/v2\/types\/page"}],"author":[{"embeddable":true,"href":"https:\/\/believeindustry.company\/pt\/wp-json\/wp\/v2\/users\/2"}],"replies":[{"embeddable":true,"href":"https:\/\/believeindustry.company\/pt\/wp-json\/wp\/v2\/comments?post=888"}],"version-history":[{"count":1,"href":"https:\/\/believeindustry.company\/pt\/wp-json\/wp\/v2\/pages\/888\/revisions"}],"predecessor-version":[{"id":19736,"href":"https:\/\/believeindustry.company\/pt\/wp-json\/wp\/v2\/pages\/888\/revisions\/19736"}],"up":[{"embeddable":true,"href":"https:\/\/believeindustry.company\/pt\/wp-json\/wp\/v2\/pages\/809"}],"wp:featuredmedia":[{"embeddable":true,"href":"https:\/\/believeindustry.company\/pt\/wp-json\/wp\/v2\/media\/955"}],"wp:attachment":[{"href":"https:\/\/believeindustry.company\/pt\/wp-json\/wp\/v2\/media?parent=888"}],"wp:term":[{"taxonomy":"post_tag","embeddable":true,"href":"https:\/\/believeindustry.company\/pt\/wp-json\/wp\/v2\/tags?post=888"}],"curies":[{"name":"wp","href":"https:\/\/api.w.org\/{rel}","templated":true}]}}