{"id":1660,"date":"2018-05-08T15:43:24","date_gmt":"2018-05-08T07:43:24","guid":{"rendered":"https:\/\/believeindustry.company\/?post_type=product&#038;p=1660"},"modified":"2025-11-11T10:12:40","modified_gmt":"2025-11-11T02:12:40","slug":"maquina-de-tercas-c","status":"publish","type":"product","link":"https:\/\/believeindustry.company\/pt\/product\/c-purlin-machine\/","title":{"rendered":"M\u00e1quina de ter\u00e7as C"},"content":{"rendered":"<h1><span style=\"font-size: 18pt;\">M\u00e1quina de ter\u00e7as C<\/span><\/h1>\n<p>A m\u00e1quina de perfis C \u00e9 uma linha cont\u00ednua para produzir perfis C de diversos tamanhos, conforme as necessidades do cliente.<\/p>\n<h2><span style=\"font-size: 14pt;\">M\u00e1quina de ter\u00e7as M\/C<\/span><\/h2>\n<h2><span style=\"font-size: 12pt;\"><em><i>Desbobinador manual de 3 toneladas<\/i><\/em><\/span><\/h2>\n<ol>\n<li>Largura da bobina: 200-580 mm<\/li>\n<li>Di\u00e2metro interno da bobina: 480 mm a 560 mm<\/li>\n<li>Capacidade m\u00e1xima: 3 toneladas<\/li>\n<li>Estrutura: Placa de a\u00e7o e viga soldadas<\/li>\n<li>Fun\u00e7\u00e3o: Suportar e desenrolar as tiras de a\u00e7o.<\/li>\n<\/ol>\n<h3><span style=\"font-size: 12pt;\"><em><i>Alimenta\u00e7\u00e3o\u00a0<\/i><\/em><em><i>E Nivelamento<\/i><\/em><\/span><\/h3>\n<ol>\n<li>Tipo de alimenta\u00e7\u00e3o: Ajust\u00e1vel<\/li>\n<li>Faixa de largura: 200-400 mm<\/li>\n<li>Di\u00e2metro do rolo de alimenta\u00e7\u00e3o e guia: \uffe065 mm<\/li>\n<li>Material do rolo: A\u00e7o 45 # com tratamento t\u00e9rmico de t\u00eampera HRC 48-52, superf\u00edcie cromada.<\/li>\n<li>Rolo nivelador: 3 superiores, 4 inferiores (total de 7 rolos)<\/li>\n<li>Rolo nivelador: 45 # A\u00e7o com tratamento t\u00e9rmico de t\u00eampera HRC 48-52, cromado<\/li>\n<li>Di\u00e2metro da haste de nivelamento: 76 mm<\/li>\n<li>Material do eixo de nivelamento: a\u00e7o 45# temperado e revenido.<\/li>\n<\/ol>\n<h3><span style=\"font-size: 12pt;\">M\u00e1quina de perfilagem de rolos<\/span><\/h3>\n<ol>\n<li>Espessura do material: 0,8-2,5 mm<\/li>\n<li>Pot\u00eancia do motor principal: 11 kW<\/li>\n<li>Velocidade de forma\u00e7\u00e3o: 8-12 m\/min (sem incluir o tempo de corte)<\/li>\n<li>Quantidade de pontos de venda: 14 esta\u00e7\u00f5es<\/li>\n<li>Material e di\u00e2metro do eixo: a\u00e7o 45# de 70 mm<\/li>\n<li>Material dos rolos de conforma\u00e7\u00e3o: GCR 15<\/li>\n<li>Toler\u00e2ncia: +\/-5 mm<\/li>\n<li>Tipo de acionamento: corrente simples de 1,5 polegadas<\/li>\n<li>Peso total: Aproximadamente 10 toneladas<\/li>\n<li>A largura do perfil deve ser ajustada manualmente.<\/li>\n<\/ol>\n<h3><span style=\"font-size: 12pt;\">Dispositivo de corte hidr\u00e1ulico<\/span><\/h3>\n<ol>\n<li>Tipo de corte: Corte hidr\u00e1ulico<\/li>\n<li>Pot\u00eancia de corte: 5,5 kW<\/li>\n<li>Press\u00e3o de trabalho: 12-16 MPa<\/li>\n<li>Movimento de corte: A conforma\u00e7\u00e3o por rolos da pe\u00e7a ocorre sem interrup\u00e7\u00e3o durante o corte.<\/li>\n<li>Material do molde de corte: A\u00e7o Cr12 com tratamento t\u00e9rmico de t\u00eampera HRC 60-62, 3 grupos<\/li>\n<li>Comprimento e quantidade de corte: o cliente define o comprimento e a quantidade na tela sens\u00edvel ao toque do CLP.<\/li>\n<li>Toler\u00e2ncia de comprimento: +\/- 5 mm<\/li>\n<\/ol>\n<h3><span style=\"font-size: 12pt;\">Esta\u00e7\u00e3o Hidr\u00e1ulica<\/span><\/h3>\n<ol>\n<li>Pot\u00eancia hidr\u00e1ulica: 5 kW<\/li>\n<li>Press\u00e3o de trabalho: 12-16 MPa<\/li>\n<li>\u00d3leo hidr\u00e1ulico: \u00f3leo hidr\u00e1ulico 46#<\/li>\n<li>Cor: azul (ou conforme a necessidade)<b><i><\/i><\/b><\/li>\n<\/ol>\n<h3><span style=\"font-size: 12pt;\">Sistema controlado<\/span><\/h3>\n<ol>\n<li>O operador insere o comprimento e a quantidade do produto atrav\u00e9s da tela sens\u00edvel ao toque, num total de 20 grupos, e a tela sens\u00edvel ao toque exibe o status de funcionamento da m\u00e1quina.<\/li>\n<li>Adote o plugue de avia\u00e7\u00e3o para facilitar a conex\u00e3o.<\/li>\n<li>Sistema de controle computadorizado: PLC Panasonic<\/li>\n<li>Codificador: Marca Omron<\/li>\n<li>Conversor de frequ\u00eancia: Yaskawa<\/li>\n<li>Tela sens\u00edvel ao toque: MCSG<\/li>\n<li>Alimenta\u00e7\u00e3o do sistema controlado: Prote\u00e7\u00e3o contra sobrecarga<\/li>\n<li>Press\u00e3o da esta\u00e7\u00e3o hidr\u00e1ulica: \u226512 MPa<\/li>\n<li>Corrente: 380 V Corrente Cont\u00ednua, 50 Hz, Trif\u00e1sica<\/li>\n<\/ol>\n<p><a href=\"http:\/\/www.belirollform.com\" target=\"_blank\" rel=\"noopener\">Acredite na Empresa do Setor<\/a> Dispomos de v\u00e1rios tipos de m\u00e1quinas para perfis C para diferentes necessidades. Para mais informa\u00e7\u00f5es, por favor... <a href=\"https:\/\/believeindustry.company\/pt\/maquina-de-perfilagem-de-rolos\/maquina-de-perfilagem-de-tercas\/maquina-de-perfilagem-de-tercas-c\/\">Confira mais<\/a>!<\/p>","protected":false},"excerpt":{"rendered":"<p>C Purlin Machine C Purlin Machine is a continuous line to produce various sizes of C Purlins as per desired requirements M\/C of C Purlin Machine 3 Ton Manual Uncoiler Coil width: 200-580 mm Coil I.D: 480 mm to 560 mm Max.capacity: 3 Ton Structure: Steel plate and Beam Welded Function: Supporting and uncoiling the [&hellip;]<\/p>\n","protected":false},"featured_media":1663,"comment_status":"closed","ping_status":"closed","template":"","meta":{"_angie_page":false,"jetpack_publicize_message":"","jetpack_publicize_feature_enabled":true,"jetpack_social_post_already_shared":true,"jetpack_social_options":{"image_generator_settings":{"template":"highway","default_image_id":0,"font":"","enabled":false},"version":2},"_wpas_customize_per_network":false},"product_brand":[607850681],"product_cat":[607850688,607850687],"product_tag":[607846086,607846087,607846085,607846084,607846083],"class_list":{"0":"post-1660","1":"product","2":"type-product","3":"status-publish","4":"has-post-thumbnail","6":"product_brand-believe-industry-company","7":"product_cat-steel-structure","8":"product_cat-steel-structure-and-construction","9":"product_tag-c-purlin-machine","10":"product_tag-c-purlin-roll-forming","11":"product_tag-c-purlin-roll-forming-machine","12":"product_tag-roll-forming","13":"product_tag-roll-forming-machine","15":"first","16":"instock","17":"downloadable","18":"shipping-taxable","19":"purchasable","20":"product-type-simple"},"jetpack_publicize_connections":[],"jetpack_sharing_enabled":true,"jetpack_likes_enabled":true,"jetpack-related-posts":[{"id":1669,"url":"https:\/\/believeindustry.company\/pt\/product\/z-purlin-machine\/","url_meta":{"origin":1660,"position":0},"title":"M\u00e1quina de ter\u00e7as Z","author":"Believe Industry Group","date":"Maio 8, 2018","format":false,"excerpt":"A m\u00e1quina de perfil Z \u00e9 uma m\u00e1quina de perfilagem cont\u00ednua que produz perfis Z de diversos tamanhos, conforme as necessidades do cliente. As dimens\u00f5es da alma e da flange podem ser ajustadas manual ou automaticamente.","rel":"","context":"Similar post","block_context":{"text":"Similar post","link":""},"img":{"alt_text":"Z Purlin Roll Forming Machine Cutter","src":"https:\/\/i0.wp.com\/believeindustry.company\/wp-content\/uploads\/2018\/05\/Z-Purlin-Roll-Forming-Machine-Cutter.webp?resize=350%2C200&ssl=1","width":350,"height":200,"srcset":"https:\/\/i0.wp.com\/believeindustry.company\/wp-content\/uploads\/2018\/05\/Z-Purlin-Roll-Forming-Machine-Cutter.webp?resize=350%2C200&ssl=1 1x, https:\/\/i0.wp.com\/believeindustry.company\/wp-content\/uploads\/2018\/05\/Z-Purlin-Roll-Forming-Machine-Cutter.webp?resize=525%2C300&ssl=1 1.5x, https:\/\/i0.wp.com\/believeindustry.company\/wp-content\/uploads\/2018\/05\/Z-Purlin-Roll-Forming-Machine-Cutter.webp?resize=700%2C400&ssl=1 2x"},"classes":[]},{"id":1672,"url":"https:\/\/believeindustry.company\/pt\/product\/c-channel-roll-forming-machine\/","url_meta":{"origin":1660,"position":1},"title":"M\u00e1quina de perfilagem de canal C","author":"Believe Industry Group","date":"Maio 8, 2018","format":false,"excerpt":"The C Channel Roll Forming Machine automatically converts steel coil into precise, high-strength C-shaped purlins and profiles essential for structural building frames. Featuring an uncoiler, multiple forming stations, and a hydraulic cutter, this PLC-controlled line ensures efficient, continuous, and dimensionally accurate production of essential construction components.","rel":"","context":"Similar post","block_context":{"text":"Similar post","link":""},"img":{"alt_text":"Complete High-Efficiency C Channel Roll Forming Machine Line - Automated production line for C\/Z purlin or metal roof panels from Beli RollForming.","src":"https:\/\/i0.wp.com\/believeindustry.company\/wp-content\/uploads\/2018\/05\/C-Channel-Roll-Forming-Machine.webp?resize=350%2C200&ssl=1","width":350,"height":200,"srcset":"https:\/\/i0.wp.com\/believeindustry.company\/wp-content\/uploads\/2018\/05\/C-Channel-Roll-Forming-Machine.webp?resize=350%2C200&ssl=1 1x, https:\/\/i0.wp.com\/believeindustry.company\/wp-content\/uploads\/2018\/05\/C-Channel-Roll-Forming-Machine.webp?resize=525%2C300&ssl=1 1.5x, https:\/\/i0.wp.com\/believeindustry.company\/wp-content\/uploads\/2018\/05\/C-Channel-Roll-Forming-Machine.webp?resize=700%2C400&ssl=1 2x, https:\/\/i0.wp.com\/believeindustry.company\/wp-content\/uploads\/2018\/05\/C-Channel-Roll-Forming-Machine.webp?resize=1050%2C600&ssl=1 3x, https:\/\/i0.wp.com\/believeindustry.company\/wp-content\/uploads\/2018\/05\/C-Channel-Roll-Forming-Machine.webp?resize=1400%2C800&ssl=1 4x"},"classes":[]},{"id":3081,"url":"https:\/\/believeindustry.company\/pt\/product\/c-and-z-purlin-machine\/","url_meta":{"origin":1660,"position":2},"title":"M\u00e1quina de ter\u00e7as C e Z","author":"Believe Industry Group","date":"Outubro 4, 2018","format":false,"excerpt":"C and Z Purlin\u00a0 Machine can produce all the c and z purlins as desired sizes. The operator can adjust the size depend on the PLC control system. Just need input the size data ion the touch screen, the machine will automatically adjust the sizes. Machine Components and Technical Parameters\u2026","rel":"","context":"Similar post","block_context":{"text":"Similar post","link":""},"img":{"alt_text":"c and z purlin machine","src":"https:\/\/i0.wp.com\/believeindustry.company\/wp-content\/uploads\/2018\/10\/c-z-purlin-roll-forming-machine.jpg?resize=350%2C200&ssl=1","width":350,"height":200,"srcset":"https:\/\/i0.wp.com\/believeindustry.company\/wp-content\/uploads\/2018\/10\/c-z-purlin-roll-forming-machine.jpg?resize=350%2C200&ssl=1 1x, https:\/\/i0.wp.com\/believeindustry.company\/wp-content\/uploads\/2018\/10\/c-z-purlin-roll-forming-machine.jpg?resize=525%2C300&ssl=1 1.5x, https:\/\/i0.wp.com\/believeindustry.company\/wp-content\/uploads\/2018\/10\/c-z-purlin-roll-forming-machine.jpg?resize=700%2C400&ssl=1 2x"},"classes":[]},{"id":5085,"url":"https:\/\/believeindustry.company\/pt\/product\/c-z-purlin-roll-former\/","url_meta":{"origin":1660,"position":3},"title":"Formadora de perfil C\/Z","author":"Believe Industry Group","date":"Mar\u00e7o 15, 2019","format":false,"excerpt":"A C \/Z purlin roll former is a specialized industrial machine designed to continuously shape flat steel coil into C-shaped and Z-shaped profiles (purlins), which are primarily used as horizontal structural supports in the roofs and walls of metal buildings. C\/Z Purlin Roll Former Believe Industry Company's latest design of\u2026","rel":"","context":"Similar post","block_context":{"text":"Similar post","link":""},"img":{"alt_text":"A complete view of a blue and yellow C\/Z purlin roll former machine, stretching across a clean factory floor with a large coil of steel at the input and multiple roll forming stations.","src":"https:\/\/i0.wp.com\/believeindustry.company\/wp-content\/uploads\/2019\/03\/high-speed-c-z-purlin-roll-forming-machine.webp?resize=350%2C200&ssl=1","width":350,"height":200,"srcset":"https:\/\/i0.wp.com\/believeindustry.company\/wp-content\/uploads\/2019\/03\/high-speed-c-z-purlin-roll-forming-machine.webp?resize=350%2C200&ssl=1 1x, https:\/\/i0.wp.com\/believeindustry.company\/wp-content\/uploads\/2019\/03\/high-speed-c-z-purlin-roll-forming-machine.webp?resize=525%2C300&ssl=1 1.5x, https:\/\/i0.wp.com\/believeindustry.company\/wp-content\/uploads\/2019\/03\/high-speed-c-z-purlin-roll-forming-machine.webp?resize=700%2C400&ssl=1 2x"},"classes":[]},{"id":1707,"url":"https:\/\/believeindustry.company\/pt\/product\/tile-roll-forming-machine\/","url_meta":{"origin":1660,"position":4},"title":"M\u00e1quina de perfilagem de ladrilhos","author":"Believe Industry Group","date":"Maio 10, 2018","format":false,"excerpt":"Tile Roll Forming Machine Tile Roll Forming Machine is a whole automatic line to produce Tiles. The workers only need input the desired data( length, quantity, step length) on the touch screen. Profile Drawings of Tiles 25-200-1000 35-192-960 28-176-704 38-200-1000 \u00a0Layout of Tile Roll Forming Machine Technical Parameters of Tile\u2026","rel":"","context":"Similar post","block_context":{"text":"Similar post","link":""},"img":{"alt_text":"Tile Roll Forming Machine","src":"https:\/\/i0.wp.com\/believeindustry.company\/wp-content\/uploads\/2018\/05\/IMG_2766-e1525934403246.jpg?resize=350%2C200&ssl=1","width":350,"height":200,"srcset":"https:\/\/i0.wp.com\/believeindustry.company\/wp-content\/uploads\/2018\/05\/IMG_2766-e1525934403246.jpg?resize=350%2C200&ssl=1 1x, https:\/\/i0.wp.com\/believeindustry.company\/wp-content\/uploads\/2018\/05\/IMG_2766-e1525934403246.jpg?resize=525%2C300&ssl=1 1.5x, https:\/\/i0.wp.com\/believeindustry.company\/wp-content\/uploads\/2018\/05\/IMG_2766-e1525934403246.jpg?resize=700%2C400&ssl=1 2x"},"classes":[]},{"id":1765,"url":"https:\/\/believeindustry.company\/pt\/product\/890-ibr-sheet-roll-forming-machine\/","url_meta":{"origin":1660,"position":5},"title":"M\u00e1quina de perfilagem de chapas IBR 890","author":"Believe Industry Group","date":"Maio 14, 2018","format":false,"excerpt":"890 IBR Sheet Roll Forming Machine 890 IBR Sheet Roll Forming Machine is a whole line to produce IBR sheets as desired length. IBR sheet drawing Technical Specifications of 890 IBR Sheet Roll Forming Machine Layout of IBR Sheet Roll Forming Machine M\/C of 890 IBR Sheet Roll Forming Machine\u2026","rel":"","context":"Similar post","block_context":{"text":"Similar post","link":""},"img":{"alt_text":"890 ibr sheet roll forming machine","src":"https:\/\/i0.wp.com\/believeindustry.company\/wp-content\/uploads\/2018\/05\/890-ibr-sheet-roll-forming-machine.jpg?resize=350%2C200&ssl=1","width":350,"height":200,"srcset":"https:\/\/i0.wp.com\/believeindustry.company\/wp-content\/uploads\/2018\/05\/890-ibr-sheet-roll-forming-machine.jpg?resize=350%2C200&ssl=1 1x, https:\/\/i0.wp.com\/believeindustry.company\/wp-content\/uploads\/2018\/05\/890-ibr-sheet-roll-forming-machine.jpg?resize=525%2C300&ssl=1 1.5x, https:\/\/i0.wp.com\/believeindustry.company\/wp-content\/uploads\/2018\/05\/890-ibr-sheet-roll-forming-machine.jpg?resize=700%2C400&ssl=1 2x"},"classes":[]}],"amp_enabled":true,"_links":{"self":[{"href":"https:\/\/believeindustry.company\/pt\/wp-json\/wp\/v2\/product\/1660","targetHints":{"allow":["GET"]}}],"collection":[{"href":"https:\/\/believeindustry.company\/pt\/wp-json\/wp\/v2\/product"}],"about":[{"href":"https:\/\/believeindustry.company\/pt\/wp-json\/wp\/v2\/types\/product"}],"replies":[{"embeddable":true,"href":"https:\/\/believeindustry.company\/pt\/wp-json\/wp\/v2\/comments?post=1660"}],"version-history":[{"count":1,"href":"https:\/\/believeindustry.company\/pt\/wp-json\/wp\/v2\/product\/1660\/revisions"}],"predecessor-version":[{"id":19345,"href":"https:\/\/believeindustry.company\/pt\/wp-json\/wp\/v2\/product\/1660\/revisions\/19345"}],"wp:featuredmedia":[{"embeddable":true,"href":"https:\/\/believeindustry.company\/pt\/wp-json\/wp\/v2\/media\/1663"}],"wp:attachment":[{"href":"https:\/\/believeindustry.company\/pt\/wp-json\/wp\/v2\/media?parent=1660"}],"wp:term":[{"taxonomy":"product_brand","embeddable":true,"href":"https:\/\/believeindustry.company\/pt\/wp-json\/wp\/v2\/product_brand?post=1660"},{"taxonomy":"product_cat","embeddable":true,"href":"https:\/\/believeindustry.company\/pt\/wp-json\/wp\/v2\/product_cat?post=1660"},{"taxonomy":"product_tag","embeddable":true,"href":"https:\/\/believeindustry.company\/pt\/wp-json\/wp\/v2\/product_tag?post=1660"}],"curies":[{"name":"wp","href":"https:\/\/api.w.org\/{rel}","templated":true}]}}