{"id":1765,"date":"2018-05-14T16:21:08","date_gmt":"2018-05-14T08:21:08","guid":{"rendered":"https:\/\/believeindustry.company\/?post_type=product&#038;p=1765"},"modified":"2025-11-11T10:10:58","modified_gmt":"2025-11-11T02:10:58","slug":"maquina-de-perfilagem-de-chapas-890-ibr","status":"publish","type":"product","link":"https:\/\/believeindustry.company\/pt\/product\/890-ibr-sheet-roll-forming-machine\/","title":{"rendered":"M\u00e1quina de perfilagem de chapas IBR 890"},"content":{"rendered":"<h1><span style=\"font-size: 18pt;\">M\u00e1quina de perfilagem de chapas IBR 890<\/span><\/h1>\n<p>A m\u00e1quina de perfilagem de chapas IBR 890 \u00e9 uma linha completa para produzir chapas IBR no comprimento desejado.<\/p>\n<h2><span style=\"font-size: 14pt;\">desenho da folha IBR<\/span><\/h2>\n<figure id=\"attachment_1762\" aria-describedby=\"caption-attachment-1762\" style=\"width: 680px\" class=\"wp-caption alignnone\"><img fetchpriority=\"high\" decoding=\"async\" data-attachment-id=\"1762\" data-permalink=\"https:\/\/believeindustry.company\/pt\/?attachment_id=1762\" data-orig-file=\"https:\/\/believeindustry.company\/wp-content\/uploads\/2018\/05\/890-IBR-sheets.png\" data-orig-size=\"680,198\" data-comments-opened=\"1\" data-image-meta=\"{&quot;aperture&quot;:&quot;0&quot;,&quot;credit&quot;:&quot;&quot;,&quot;camera&quot;:&quot;&quot;,&quot;caption&quot;:&quot;&quot;,&quot;created_timestamp&quot;:&quot;0&quot;,&quot;copyright&quot;:&quot;&quot;,&quot;focal_length&quot;:&quot;0&quot;,&quot;iso&quot;:&quot;0&quot;,&quot;shutter_speed&quot;:&quot;0&quot;,&quot;title&quot;:&quot;&quot;,&quot;orientation&quot;:&quot;0&quot;}\" data-image-title=\"890 IBR sheets\" data-image-description=\"\" data-image-caption=\"&lt;p&gt;New type of IBR Sheet&lt;\/p&gt;\" data-large-file=\"https:\/\/believeindustry.company\/wp-content\/uploads\/2018\/05\/890-IBR-sheets.png\" class=\"size-full wp-image-1762\" src=\"https:\/\/believeindustry.company\/wp-content\/uploads\/2018\/05\/890-IBR-sheets.png\" alt=\"Folha IBR\" width=\"680\" height=\"198\" srcset=\"https:\/\/believeindustry.company\/wp-content\/uploads\/2018\/05\/890-IBR-sheets.png 680w, https:\/\/believeindustry.company\/wp-content\/uploads\/2018\/05\/890-IBR-sheets-600x175.png 600w, https:\/\/believeindustry.company\/wp-content\/uploads\/2018\/05\/890-IBR-sheets-300x87.png 300w\" sizes=\"(max-width: 680px) 100vw, 680px\" \/><figcaption id=\"caption-attachment-1762\" class=\"wp-caption-text\">Novo tipo de folha IBR<\/figcaption><\/figure>\n<h2><span style=\"font-size: 14pt;\">Especifica\u00e7\u00f5es t\u00e9cnicas da m\u00e1quina de perfilagem de chapas IBR 890<\/span><\/h2>\n<h3><span style=\"font-size: 12pt;\">Layout da m\u00e1quina de perfilagem de chapas IBR<\/span><\/h3>\n<figure id=\"attachment_1763\" aria-describedby=\"caption-attachment-1763\" style=\"width: 629px\" class=\"wp-caption alignnone\"><img decoding=\"async\" data-attachment-id=\"1763\" data-permalink=\"https:\/\/believeindustry.company\/pt\/?attachment_id=1763\" data-orig-file=\"https:\/\/believeindustry.company\/wp-content\/uploads\/2018\/05\/ibr-sheet-roll-forming-machine-layout.jpg\" data-orig-size=\"629,153\" data-comments-opened=\"1\" data-image-meta=\"{&quot;aperture&quot;:&quot;0&quot;,&quot;credit&quot;:&quot;&quot;,&quot;camera&quot;:&quot;&quot;,&quot;caption&quot;:&quot;&quot;,&quot;created_timestamp&quot;:&quot;0&quot;,&quot;copyright&quot;:&quot;&quot;,&quot;focal_length&quot;:&quot;0&quot;,&quot;iso&quot;:&quot;0&quot;,&quot;shutter_speed&quot;:&quot;0&quot;,&quot;title&quot;:&quot;&quot;,&quot;orientation&quot;:&quot;0&quot;}\" data-image-title=\"ibr sheet roll forming machine layout\" data-image-description=\"\" data-image-caption=\"&lt;p&gt;Uncoiling&amp;#8211;Feeding and Guiding&amp;#8211;Roll Forming&amp;#8211;Cutting&amp;#8211;Collecting&lt;\/p&gt;\" data-large-file=\"https:\/\/believeindustry.company\/wp-content\/uploads\/2018\/05\/ibr-sheet-roll-forming-machine-layout.jpg\" class=\"size-full wp-image-1763\" src=\"https:\/\/believeindustry.company\/wp-content\/uploads\/2018\/05\/ibr-sheet-roll-forming-machine-layout.jpg\" alt=\"Layout da m\u00e1quina de perfilagem de chapas IBR\" width=\"629\" height=\"153\" srcset=\"https:\/\/believeindustry.company\/wp-content\/uploads\/2018\/05\/ibr-sheet-roll-forming-machine-layout.jpg 629w, https:\/\/believeindustry.company\/wp-content\/uploads\/2018\/05\/ibr-sheet-roll-forming-machine-layout-600x146.jpg 600w, https:\/\/believeindustry.company\/wp-content\/uploads\/2018\/05\/ibr-sheet-roll-forming-machine-layout-300x73.jpg 300w\" sizes=\"(max-width: 629px) 100vw, 629px\" \/><figcaption id=\"caption-attachment-1763\" class=\"wp-caption-text\">Desenrolamento \u2013 Alimenta\u00e7\u00e3o e Guiamento \u2013 Conforma\u00e7\u00e3o por Rolos \u2013 Corte \u2013 Coleta<\/figcaption><\/figure>\n<h3><span style=\"font-size: 12pt;\">M\u00e1quina de perfilagem de chapas IBR 890<\/span><\/h3>\n<ol>\n<li>Desbobinador hidr\u00e1ulico<\/li>\n<li>M\u00e1quina de perfilagem de rolos<\/li>\n<li>Unidade de corte<\/li>\n<li>Mesa de coleta<\/li>\n<li>Esta\u00e7\u00e3o Hidr\u00e1ulica<\/li>\n<li>Caixa Controlada<\/li>\n<li>M\u00e1quina de costura autom\u00e1tica<\/li>\n<\/ol>\n<p>Especifica\u00e7\u00f5es da m\u00e1quina de perfilagem de chapas IBR 890<\/p>\n<h4><span style=\"font-size: 12pt;\">Desbobinador hidr\u00e1ulico de 5 toneladas<\/span><\/h4>\n<ol>\n<li>A unidade de alimenta\u00e7\u00e3o \u00e9 separada mecanicamente do restante da linha de produ\u00e7\u00e3o.<\/li>\n<li>Suporte da bobina: Mecanismo hidr\u00e1ulico para fixa\u00e7\u00e3o do a\u00e7o em bobina no dispositivo, adequado ao peso da bobina exigido;<\/li>\n<li>Largura da bobina de a\u00e7o: 1200 mm<\/li>\n<li>Di\u00e2metro interno da bobina: Vari\u00e1vel, de 480 mm a 600 mm<\/li>\n<li>Di\u00e2metro externo m\u00e1ximo: 1200 mm<\/li>\n<li>Peso m\u00e1ximo da bobina: 5000 kg;<\/li>\n<li>Posicionamento da bobina no suporte: Guincho hidr\u00e1ulico;<\/li>\n<li>Tra\u00e7\u00e3o do a\u00e7o da bobina para o mecanismo de partida: Manual;<\/li>\n<li>Dispositivo que impede o desenrolamento da bobina do suporte: Inclu\u00eddo;<\/li>\n<li>Di\u00e2metro do cilindro de \u00f3leo: 100 mm<\/li>\n<li>Velocidade de trabalho: 0-15 m\/min ajust\u00e1vel<\/li>\n<li>Pot\u00eancia do motor principal: motor CA de 5,5 kW<\/li>\n<li>Pot\u00eancia hidr\u00e1ulica: 4 kW<\/li>\n<li>Velocidade controlada por conversor de frequ\u00eancia da marca Yaskawa.<\/li>\n<\/ol>\n<h4><a href=\"https:\/\/believeindustry.company\/pt\/equipamento-de-conformacao-de-rolos\/\">M\u00e1quina de perfilagem de rolos<\/a><\/h4>\n<ol>\n<li>A estrutura de base da m\u00e1quina adota vigas em H e chapas de a\u00e7o de 20 mm soldadas.<\/li>\n<li>Esta\u00e7\u00e3o de rolos: 22 suportes<\/li>\n<li>Material do rolo: a\u00e7o 45# (ASTM 1045) com superf\u00edcie cromada e dureza de 58 a 62 graus, usinado em CNC.,<\/li>\n<li>Di\u00e2metro do eixo: 80 mm, a\u00e7o 45# (ASTM1045)<\/li>\n<li>Todas as superf\u00edcies dos espa\u00e7adores s\u00e3o cromadas.<\/li>\n<li>Pot\u00eancia do motor principal: 7,5 kW<\/li>\n<li>Transmiss\u00e3o: corrente de 1,0 polegada<\/li>\n<li>Para evitar acidentes, todas as pe\u00e7as da transmiss\u00e3o possuem cobertura protetora.<\/li>\n<li>Velocidade da linha: M\u00e1x. 15m\/min, sem incluir o corte.<\/li>\n<li>Para evitar acidentes, todas as pe\u00e7as da transmiss\u00e3o possuem capa protetora.<\/li>\n<\/ol>\n<h4>Dispositivo de corte<\/h4>\n<ol>\n<li>Tipo de corte: Hidr\u00e1ulico, conectar com a unidade hidr\u00e1ulica de puncionamento.<\/li>\n<li>Material da l\u00e2mina: Cr12 com tratamento t\u00e9rmico 58-62<\/li>\n<li>Medi\u00e7\u00e3o de comprimento: Medi\u00e7\u00e3o autom\u00e1tica de comprimento por codificador, marca: Omron<\/li>\n<li>Toler\u00e2ncia de comprimento: +\/- 1,5 mm por pe\u00e7a do produto final.<\/li>\n<\/ol>\n<h4>Esta\u00e7\u00e3o hidr\u00e1ulica com ventilador de refrigera\u00e7\u00e3o<\/h4>\n<ol>\n<li>Pot\u00eancia hidr\u00e1ulica: 5,5 kW<\/li>\n<li>Press\u00e3o de trabalho: 12-16 MPa ajust\u00e1vel<\/li>\n<li>\u00d3leo hidr\u00e1ulico: \u00f3leo hidr\u00e1ulico 46#<\/li>\n<li>V\u00e1lvula solenoide: 2 grupos<\/li>\n<\/ol>\n<h4>Tabela de sa\u00edda<\/h4>\n<ol>\n<li>Mesa para recebimento dos perfis cortados: Com transportador de rolos que permite descarregar o perfil cortado livremente.<\/li>\n<li>Descarregamento dos produtos acabados da mesa de corte de perfis: Manual<\/li>\n<li>Estrutura: Soldagem por tubo<\/li>\n<li>Dimens\u00f5es: Aproximadamente 2,0 m de comprimento * 0,6 m de largura * 0,9 m de altura<\/li>\n<li>Uma mesa externa com alguns roletes de apoio (com base no projeto final)<\/li>\n<li>Rolo de suporte: ASTM 1045 com cromo<\/li>\n<li>Di\u00e2metro dos rolos: 55 mm<\/li>\n<li>Cor: Azul ou conforme solicita\u00e7\u00e3o do cliente<\/li>\n<\/ol>\n<h4>Sistema de controle<\/h4>\n<ol>\n<li>Parada autom\u00e1tica do equipamento ap\u00f3s a conclus\u00e3o do programa de corte.<\/li>\n<li>Idioma do sistema operacional: ingl\u00eas e chin\u00eas.<\/li>\n<li>Tens\u00e3o, frequ\u00eancia, fase: 415V, 50 Hz, trif\u00e1sico<\/li>\n<li>A imprecis\u00e3o no comprimento pode ser corrigida facilmente.<\/li>\n<li>Painel de controle: Interruptor tipo bot\u00e3o e tela sens\u00edvel ao toque (MCGS)<\/li>\n<li>Unidade de comprimento: Mil\u00edmetro (selecion\u00e1vel no painel de controle)<\/li>\n<li>Marca do PLC: Panasonic<\/li>\n<li>Marca do conversor de frequ\u00eancia: Yaskawa<\/li>\n<li>Codificador Omron<\/li>\n<li>Principais componentes el\u00e9tricos: Schneider<\/li>\n<li>Adote conectores de avia\u00e7\u00e3o para facilitar a conex\u00e3o dos fios.<\/li>\n<\/ol>\n<p><a href=\"http:\/\/www.belirollform.com\" target=\"_blank\" rel=\"noopener\">Acredite na Empresa do Setor<\/a> possuem designs diferentes de <a href=\"https:\/\/believeindustry.company\/pt\/maquina-de-perfilagem-de-rolos\/maquina-de-perfilagem-de-chapas-metalicas\/maquina-de-perfilagem-de-chapas-ibr\/\">M\u00e1quina de perfilagem de chapas IBR<\/a>, e tamb\u00e9m possuem v\u00e1rios tipos de s\u00e9ries de <a href=\"https:\/\/believeindustry.company\/pt\/maquina-de-perfilagem-personalizada-3\/\">m\u00e1quina de perfilagem personalizada<\/a>. Entre em contato conosco agora mesmo.<\/p>\n<p>&nbsp;<\/p>\n<p>&nbsp;<\/p>\n<p>&nbsp;<\/p>\n<p>&nbsp;<\/p>","protected":false},"excerpt":{"rendered":"<p>890 IBR Sheet Roll Forming Machine 890 IBR Sheet Roll Forming Machine is a whole line to produce IBR sheets as desired length. IBR sheet drawing Technical Specifications of 890 IBR Sheet Roll Forming Machine Layout of IBR Sheet Roll Forming Machine M\/C of 890 IBR Sheet Roll Forming Machine Hydraulic Uncoiler Roll Forming Machine [&hellip;]<\/p>\n","protected":false},"featured_media":1766,"comment_status":"closed","ping_status":"closed","template":"","meta":{"_angie_page":false,"jetpack_publicize_message":"","jetpack_publicize_feature_enabled":true,"jetpack_social_post_already_shared":true,"jetpack_social_options":{"image_generator_settings":{"template":"highway","default_image_id":0,"font":"","enabled":false},"version":2},"_wpas_customize_per_network":false},"product_brand":[607850681],"product_cat":[607850689],"product_tag":[607846453,607846440,607846439,607846084,607846083],"class_list":{"0":"post-1765","1":"product","2":"type-product","3":"status-publish","4":"has-post-thumbnail","6":"product_brand-believe-industry-company","7":"product_cat-metal-panel","8":"product_tag-890-ibr-sheet-roll-forming-machine","9":"product_tag-ibr-roll-forming-machine","10":"product_tag-ibr-sheet-roll-forming-machine","11":"product_tag-roll-forming","12":"product_tag-roll-forming-machine","14":"first","15":"instock","16":"sale","17":"shipping-taxable","18":"purchasable","19":"product-type-simple"},"jetpack_publicize_connections":[],"jetpack_sharing_enabled":true,"jetpack_likes_enabled":false,"jetpack-related-posts":[],"amp_enabled":true,"_links":{"self":[{"href":"https:\/\/believeindustry.company\/pt\/wp-json\/wp\/v2\/product\/1765","targetHints":{"allow":["GET"]}}],"collection":[{"href":"https:\/\/believeindustry.company\/pt\/wp-json\/wp\/v2\/product"}],"about":[{"href":"https:\/\/believeindustry.company\/pt\/wp-json\/wp\/v2\/types\/product"}],"replies":[{"embeddable":true,"href":"https:\/\/believeindustry.company\/pt\/wp-json\/wp\/v2\/comments?post=1765"}],"version-history":[{"count":1,"href":"https:\/\/believeindustry.company\/pt\/wp-json\/wp\/v2\/product\/1765\/revisions"}],"predecessor-version":[{"id":19337,"href":"https:\/\/believeindustry.company\/pt\/wp-json\/wp\/v2\/product\/1765\/revisions\/19337"}],"wp:featuredmedia":[{"embeddable":true,"href":"https:\/\/believeindustry.company\/pt\/wp-json\/wp\/v2\/media\/1766"}],"wp:attachment":[{"href":"https:\/\/believeindustry.company\/pt\/wp-json\/wp\/v2\/media?parent=1765"}],"wp:term":[{"taxonomy":"product_brand","embeddable":true,"href":"https:\/\/believeindustry.company\/pt\/wp-json\/wp\/v2\/product_brand?post=1765"},{"taxonomy":"product_cat","embeddable":true,"href":"https:\/\/believeindustry.company\/pt\/wp-json\/wp\/v2\/product_cat?post=1765"},{"taxonomy":"product_tag","embeddable":true,"href":"https:\/\/believeindustry.company\/pt\/wp-json\/wp\/v2\/product_tag?post=1765"}],"curies":[{"name":"wp","href":"https:\/\/api.w.org\/{rel}","templated":true}]}}