{"id":19082,"date":"2025-10-30T11:49:28","date_gmt":"2025-10-30T03:49:28","guid":{"rendered":"https:\/\/believeindustry.company\/?post_type=product&#038;p=19082"},"modified":"2025-11-12T15:20:31","modified_gmt":"2025-11-12T07:20:31","slug":"maquina-de-perfilagem-de-vigas-horizontais-para-racks-de-armazenamento","status":"publish","type":"product","link":"https:\/\/believeindustry.company\/pt\/product\/storage-rack-horizontal-box-beam-roll-forming-machine\/","title":{"rendered":"M\u00e1quina de perfilagem de vigas horizontais para racks de armazenamento"},"content":{"rendered":"<div data-elementor-type=\"product-post\" data-elementor-id=\"19082\" class=\"elementor elementor-19082\" data-elementor-post-type=\"product\">\n\t\t\t\t<div data-particle_enable=\"false\" data-particle-mobile-disabled=\"false\" class=\"elementor-element elementor-element-c1a9f62 e-flex e-con-boxed e-con e-parent\" data-id=\"c1a9f62\" data-element_type=\"container\" data-e-type=\"container\">\n\t\t\t\t\t<div class=\"e-con-inner\">\n\t\t\t\t<div class=\"elementor-element elementor-element-3a84c59 elementor-widget elementor-widget-heading\" data-id=\"3a84c59\" data-element_type=\"widget\" data-e-type=\"widget\" data-widget_type=\"heading.default\">\n\t\t\t\t<div class=\"elementor-widget-container\">\n\t\t\t\t\t<h2 class=\"elementor-heading-title elementor-size-default\">Descri\u00e7\u00e3o de uma m\u00e1quina de perfilagem horizontal de vigas de estante para armazenamento<\/h2>\t\t\t\t<\/div>\n\t\t\t\t<\/div>\n\t\t\t\t\t<\/div>\n\t\t\t\t<\/div>\n\t\t<div data-particle_enable=\"false\" data-particle-mobile-disabled=\"false\" class=\"elementor-element elementor-element-92db307 e-flex e-con-boxed e-con e-parent\" data-id=\"92db307\" data-element_type=\"container\" data-e-type=\"container\">\n\t\t\t\t\t<div class=\"e-con-inner\">\n\t\t\t\t<div class=\"elementor-element elementor-element-851607e elementor-widget elementor-widget-text-editor\" data-id=\"851607e\" data-element_type=\"widget\" data-e-type=\"widget\" data-widget_type=\"text-editor.default\">\n\t\t\t\t<div class=\"elementor-widget-container\">\n\t\t\t\t\t\t\t\t\t<p>Esse <strong>M\u00e1quina de perfilagem de vigas horizontais para racks de armazenamento<\/strong> Consiste basicamente em dois componentes: uma m\u00e1quina de perfilagem de vigas em C e uma m\u00e1quina de jun\u00e7\u00e3o de vigas em caixa. A m\u00e1quina de perfilagem de vigas em C produz perfis em forma de C de acordo com as dimens\u00f5es e desenhos de projeto especificados pelo cliente, enquanto a m\u00e1quina de jun\u00e7\u00e3o une dois perfis em C separados para formar uma viga em caixa completa.<\/p><p>Todo o processo de produ\u00e7\u00e3o \u2014 desde a bobina de mat\u00e9ria-prima at\u00e9 a viga caix\u00e3o acabada \u2014 envolve diversas etapas: desenrolamento da bobina, alimenta\u00e7\u00e3o e guia, nivelamento, conforma\u00e7\u00e3o por rolos, corte e jun\u00e7\u00e3o. Vigas caix\u00e3o com perfil C s\u00e3o amplamente utilizadas em sistemas de estantes para armazenamento em armaz\u00e9ns.<\/p>\t\t\t\t\t\t\t\t<\/div>\n\t\t\t\t<\/div>\n\t\t\t\t\t<\/div>\n\t\t\t\t<\/div>\n\t\t<div data-particle_enable=\"false\" data-particle-mobile-disabled=\"false\" class=\"elementor-element elementor-element-ada5c43 e-flex e-con-boxed e-con e-parent\" data-id=\"ada5c43\" data-element_type=\"container\" data-e-type=\"container\">\n\t\t\t\t\t<div class=\"e-con-inner\">\n\t\t\t\t<div class=\"elementor-element elementor-element-bf9631d elementor-widget elementor-widget-heading\" data-id=\"bf9631d\" data-element_type=\"widget\" data-e-type=\"widget\" data-widget_type=\"heading.default\">\n\t\t\t\t<div class=\"elementor-widget-container\">\n\t\t\t\t\t<h2 class=\"elementor-heading-title elementor-size-default\">O que esta m\u00e1quina produz?<\/h2>\t\t\t\t<\/div>\n\t\t\t\t<\/div>\n\t\t\t\t<div class=\"elementor-element elementor-element-3684108 elementor-widget elementor-widget-text-editor\" data-id=\"3684108\" data-element_type=\"widget\" data-e-type=\"widget\" data-widget_type=\"text-editor.default\">\n\t\t\t\t<div class=\"elementor-widget-container\">\n\t\t\t\t\t\t\t\t\t<p>A m\u00e1quina de perfilagem de vigas horizontais para estantes de armazenamento \u00e9 projetada para converter bobinas de a\u00e7o bruto em vigas horizontais dur\u00e1veis e de alta resist\u00eancia. Essas vigas constituem os n\u00edveis de prateleiras dos sistemas de estantes porta-paletes, que servem como a espinha dorsal estrutural de armaz\u00e9ns, centros de distribui\u00e7\u00e3o e instala\u00e7\u00f5es log\u00edsticas em todo o mundo.<\/p>\t\t\t\t\t\t\t\t<\/div>\n\t\t\t\t<\/div>\n\t\t\t\t<div class=\"elementor-element elementor-element-a059f84 elementor-widget elementor-widget-image\" data-id=\"a059f84\" data-element_type=\"widget\" data-e-type=\"widget\" data-widget_type=\"image.default\">\n\t\t\t\t<div class=\"elementor-widget-container\">\n\t\t\t\t\t\t\t\t\t\t\t\t\t\t\t<img fetchpriority=\"high\" decoding=\"async\" data-attachment-id=\"19090\" data-permalink=\"https:\/\/believeindustry.company\/pt\/?attachment_id=19090\" data-orig-file=\"https:\/\/believeindustry.company\/wp-content\/uploads\/2025\/10\/box-beam-profiles.webp\" data-orig-size=\"1772,313\" data-comments-opened=\"1\" data-image-meta=\"{&quot;aperture&quot;:&quot;0&quot;,&quot;credit&quot;:&quot;&quot;,&quot;camera&quot;:&quot;&quot;,&quot;caption&quot;:&quot;&quot;,&quot;created_timestamp&quot;:&quot;0&quot;,&quot;copyright&quot;:&quot;&quot;,&quot;focal_length&quot;:&quot;0&quot;,&quot;iso&quot;:&quot;0&quot;,&quot;shutter_speed&quot;:&quot;0&quot;,&quot;title&quot;:&quot;&quot;,&quot;orientation&quot;:&quot;0&quot;}\" data-image-title=\"box beam profiles\" data-image-description=\"\" data-image-caption=\"\" data-medium-file=\"https:\/\/believeindustry.company\/wp-content\/uploads\/2025\/10\/box-beam-profiles-300x53.webp\" data-large-file=\"https:\/\/believeindustry.company\/wp-content\/uploads\/2025\/10\/box-beam-profiles-1024x181.webp\" width=\"1024\" height=\"181\" src=\"https:\/\/believeindustry.company\/wp-content\/uploads\/2025\/10\/box-beam-profiles-1024x181.webp\" class=\"attachment-large size-large wp-image-19090\" alt=\"perfis de viga-caixa\" srcset=\"https:\/\/believeindustry.company\/wp-content\/uploads\/2025\/10\/box-beam-profiles-1024x181.webp 1024w, https:\/\/believeindustry.company\/wp-content\/uploads\/2025\/10\/box-beam-profiles-300x53.webp 300w, https:\/\/believeindustry.company\/wp-content\/uploads\/2025\/10\/box-beam-profiles-768x136.webp 768w, https:\/\/believeindustry.company\/wp-content\/uploads\/2025\/10\/box-beam-profiles-1536x271.webp 1536w, https:\/\/believeindustry.company\/wp-content\/uploads\/2025\/10\/box-beam-profiles-600x106.webp 600w, https:\/\/believeindustry.company\/wp-content\/uploads\/2025\/10\/box-beam-profiles.webp 1772w\" sizes=\"(max-width: 1024px) 100vw, 1024px\" \/>\t\t\t\t\t\t\t\t\t\t\t\t\t\t\t<\/div>\n\t\t\t\t<\/div>\n\t\t\t\t\t<\/div>\n\t\t\t\t<\/div>\n\t\t<div data-particle_enable=\"false\" data-particle-mobile-disabled=\"false\" class=\"elementor-element elementor-element-dfa3ac7 e-flex e-con-boxed e-con e-parent\" data-id=\"dfa3ac7\" data-element_type=\"container\" data-e-type=\"container\">\n\t\t\t\t\t<div class=\"e-con-inner\">\n\t\t\t\t<div class=\"elementor-element elementor-element-bcec971 elementor-widget elementor-widget-text-editor\" data-id=\"bcec971\" data-element_type=\"widget\" data-e-type=\"widget\" data-widget_type=\"text-editor.default\">\n\t\t\t\t<div class=\"elementor-widget-container\">\n\t\t\t\t\t\t\t\t\t<table><tbody><tr><td width=\"200\"><p>Espessura do material<\/p><\/td><td width=\"509\"><p>1,0-2,0 mm<\/p><\/td><\/tr><tr><td width=\"200\"><p>Altura da viga caix\u00e3o<\/p><\/td><td width=\"509\"><p>40 mm, 50 mm<\/p><\/td><\/tr><tr><td width=\"200\"><p>Largura da viga caix\u00e3o<\/p><\/td><td width=\"509\"><p>80 mm, 90 mm, 100 mm, 110 mm, 120 mm<\/p><\/td><\/tr><\/tbody><\/table>\t\t\t\t\t\t\t\t<\/div>\n\t\t\t\t<\/div>\n\t\t\t\t<div class=\"elementor-element elementor-element-029c5c5 elementor-widget elementor-widget-image\" data-id=\"029c5c5\" data-element_type=\"widget\" data-e-type=\"widget\" data-widget_type=\"image.default\">\n\t\t\t\t<div class=\"elementor-widget-container\">\n\t\t\t\t\t\t\t\t\t\t\t\t\t\t\t<img decoding=\"async\" data-attachment-id=\"19153\" data-permalink=\"https:\/\/believeindustry.company\/pt\/?attachment_id=19153\" data-orig-file=\"https:\/\/believeindustry.company\/wp-content\/uploads\/2025\/10\/Box-Beam-Finished-Products.webp\" data-orig-size=\"1009,287\" data-comments-opened=\"1\" data-image-meta=\"{&quot;aperture&quot;:&quot;0&quot;,&quot;credit&quot;:&quot;&quot;,&quot;camera&quot;:&quot;&quot;,&quot;caption&quot;:&quot;&quot;,&quot;created_timestamp&quot;:&quot;0&quot;,&quot;copyright&quot;:&quot;&quot;,&quot;focal_length&quot;:&quot;0&quot;,&quot;iso&quot;:&quot;0&quot;,&quot;shutter_speed&quot;:&quot;0&quot;,&quot;title&quot;:&quot;&quot;,&quot;orientation&quot;:&quot;0&quot;}\" data-image-title=\"Box Beam Finished Products\" data-image-description=\"\" data-image-caption=\"\" data-medium-file=\"https:\/\/believeindustry.company\/wp-content\/uploads\/2025\/10\/Box-Beam-Finished-Products-300x85.webp\" data-large-file=\"https:\/\/believeindustry.company\/wp-content\/uploads\/2025\/10\/Box-Beam-Finished-Products.webp\" width=\"1009\" height=\"287\" src=\"https:\/\/believeindustry.company\/wp-content\/uploads\/2025\/10\/Box-Beam-Finished-Products.webp\" class=\"attachment-large size-large wp-image-19153\" alt=\"m\u00e1quina-de-viga-caixa-de-rack-de-armazenamento\" srcset=\"https:\/\/believeindustry.company\/wp-content\/uploads\/2025\/10\/Box-Beam-Finished-Products.webp 1009w, https:\/\/believeindustry.company\/wp-content\/uploads\/2025\/10\/Box-Beam-Finished-Products-300x85.webp 300w, https:\/\/believeindustry.company\/wp-content\/uploads\/2025\/10\/Box-Beam-Finished-Products-768x218.webp 768w, https:\/\/believeindustry.company\/wp-content\/uploads\/2025\/10\/Box-Beam-Finished-Products-600x171.webp 600w\" sizes=\"(max-width: 1009px) 100vw, 1009px\" \/>\t\t\t\t\t\t\t\t\t\t\t\t\t\t\t<\/div>\n\t\t\t\t<\/div>\n\t\t\t\t\t<\/div>\n\t\t\t\t<\/div>\n\t\t<div data-particle_enable=\"false\" data-particle-mobile-disabled=\"false\" class=\"elementor-element elementor-element-3eb301f e-flex e-con-boxed e-con e-parent\" data-id=\"3eb301f\" data-element_type=\"container\" data-e-type=\"container\">\n\t\t\t\t\t<div class=\"e-con-inner\">\n\t\t\t\t<div class=\"elementor-element elementor-element-8d486e9 elementor-widget elementor-widget-heading\" data-id=\"8d486e9\" data-element_type=\"widget\" data-e-type=\"widget\" data-widget_type=\"heading.default\">\n\t\t\t\t<div class=\"elementor-widget-container\">\n\t\t\t\t\t<h2 class=\"elementor-heading-title elementor-size-default\">Componentes-chave da m\u00e1quina e par\u00e2metros t\u00e9cnicos<\/h2>\t\t\t\t<\/div>\n\t\t\t\t<\/div>\n\t\t\t\t\t<\/div>\n\t\t\t\t<\/div>\n\t\t<div data-particle_enable=\"false\" data-particle-mobile-disabled=\"false\" class=\"elementor-element elementor-element-6dbd9a6 e-flex e-con-boxed e-con e-parent\" data-id=\"6dbd9a6\" data-element_type=\"container\" data-e-type=\"container\">\n\t\t\t\t\t<div class=\"e-con-inner\">\n\t\t\t\t<div class=\"elementor-element elementor-element-5e5ff6f elementor-widget elementor-widget-text-editor\" data-id=\"5e5ff6f\" data-element_type=\"widget\" data-e-type=\"widget\" data-widget_type=\"text-editor.default\">\n\t\t\t\t<div class=\"elementor-widget-container\">\n\t\t\t\t\t\t\t\t\t<table><tbody><tr><td rowspan=\"2\" width=\"175\"><p>Desbobinador<\/p><\/td><td width=\"218\"><p>Capacidade de carga<\/p><\/td><td width=\"248\"><p>5000 kg<\/p><\/td><\/tr><tr><td width=\"218\"><p>Pot\u00eancia para desenrolar<\/p><\/td><td width=\"248\"><p>3 kW<\/p><\/td><\/tr><tr><td width=\"175\"><p>Unidade de nivelamento<\/p><\/td><td width=\"218\"><p>Material dos rolos niveladores<\/p><\/td><td width=\"248\"><p>40Cr, 55 mm de di\u00e2metro<\/p><\/td><\/tr><tr><td rowspan=\"7\" width=\"175\"><p>Unidade de conforma\u00e7\u00e3o de rolos<\/p><\/td><td width=\"218\"><p>Transmiss\u00e3o e acionamento<\/p><\/td><td width=\"248\"><p>Transmiss\u00e3o por corrente el\u00e9trica<\/p><\/td><\/tr><tr><td width=\"218\"><p>Formando etapas<\/p><\/td><td width=\"248\"><p>18 passos<\/p><\/td><\/tr><tr><td width=\"218\"><p>Velocidade de forma\u00e7\u00e3o<\/p><\/td><td width=\"248\"><p>0-15 m\/min<\/p><\/td><\/tr><tr><td width=\"218\"><p>Material do rolo<\/p><\/td><td width=\"248\"><p>GCr15, HRC58-62<\/p><\/td><\/tr><tr><td width=\"218\"><p>Material do eixo<\/p><\/td><td width=\"248\"><p>40Cr; 80 mm de di\u00e2metro<\/p><\/td><\/tr><tr><td width=\"218\"><p>Pot\u00eancia de conforma\u00e7\u00e3o de rolos<\/p><\/td><td width=\"248\"><p>15 kW<\/p><\/td><\/tr><tr><td width=\"218\"><p>Pot\u00eancia de ajuste de tamanho<\/p><\/td><td width=\"248\"><p>1,5 kW<\/p><\/td><\/tr><tr><td rowspan=\"3\" width=\"175\"><p>Corte de voo do servo<\/p><\/td><td width=\"218\"><p>Pot\u00eancia de rastreamento Servo<\/p><\/td><td width=\"248\"><p>2,2 kW<\/p><\/td><\/tr><tr><td width=\"218\"><p>Poder de corte<\/p><\/td><td width=\"248\"><p>5,5 kW<\/p><\/td><\/tr><tr><td width=\"218\"><p>Material da l\u00e2mina de corte<\/p><\/td><td width=\"248\"><p>Cr12Movimento<\/p><\/td><\/tr><tr><td rowspan=\"2\" width=\"175\"><p>M\u00e1quina de costura<\/p><\/td><td width=\"218\"><p>Etapas de Costura<\/p><\/td><td width=\"248\"><p>5 passos<\/p><\/td><\/tr><tr><td width=\"218\"><p>Poder de costura<\/p><\/td><td width=\"248\"><p>11 kW<\/p><\/td><\/tr><\/tbody><\/table>\t\t\t\t\t\t\t\t<\/div>\n\t\t\t\t<\/div>\n\t\t\t\t\t<\/div>\n\t\t\t\t<\/div>\n\t\t<div data-particle_enable=\"false\" data-particle-mobile-disabled=\"false\" class=\"elementor-element elementor-element-a28243d e-flex e-con-boxed e-con e-parent\" data-id=\"a28243d\" data-element_type=\"container\" data-e-type=\"container\">\n\t\t\t\t\t<div class=\"e-con-inner\">\n\t\t\t\t<div class=\"elementor-element elementor-element-26cbc6c elementor-widget elementor-widget-heading\" data-id=\"26cbc6c\" data-element_type=\"widget\" data-e-type=\"widget\" data-widget_type=\"heading.default\">\n\t\t\t\t<div class=\"elementor-widget-container\">\n\t\t\t\t\t<h2 class=\"elementor-heading-title elementor-size-default\">Design inovador: M\u00e1quina de perfilagem de vigas de se\u00e7\u00e3o caix\u00e3o com costura autom\u00e1tica<\/h2>\t\t\t\t<\/div>\n\t\t\t\t<\/div>\n\t\t\t\t<div class=\"elementor-element elementor-element-c083f64 elementor-widget elementor-widget-text-editor\" data-id=\"c083f64\" data-element_type=\"widget\" data-e-type=\"widget\" data-widget_type=\"text-editor.default\">\n\t\t\t\t<div class=\"elementor-widget-container\">\n\t\t\t\t\t\t\t\t\t<p>Al\u00e9m disso, oferecemos uma m\u00e1quina alternativa para vigas de se\u00e7\u00e3o caix\u00e3o, projetada para produzir vigas de se\u00e7\u00e3o caix\u00e3o com costura pr\u00f3pria (ou travamento autom\u00e1tico). Devido \u00e0s suas vantagens \u2014 como menor consumo de material, maior efici\u00eancia de produ\u00e7\u00e3o, custos gerais mais baixos e desempenho estrutural confi\u00e1vel \u2014, essas m\u00e1quinas s\u00e3o a escolha ideal. <span style=\"color: #ffcc99;\"><strong><span style=\"text-decoration: underline;\"><em>m\u00e1quinas de perfilagem de vigas de caixa com costura integrada<\/em> <\/span><\/strong><\/span>despertaram um interesse significativo por parte dos clientes.<\/p>\t\t\t\t\t\t\t\t<\/div>\n\t\t\t\t<\/div>\n\t\t\t\t\t<\/div>\n\t\t\t\t<\/div>\n\t\t\t\t<\/div>","protected":false},"excerpt":{"rendered":"<p>A m\u00e1quina de perfilagem de vigas horizontais para estantes de armazenamento \u00e9 um pilar fundamental na fabrica\u00e7\u00e3o moderna de solu\u00e7\u00f5es de armazenamento industrial. Este equipamento altamente especializado foi projetado para a produ\u00e7\u00e3o cont\u00ednua e em grande volume de vigas horizontais essenciais utilizadas em sistemas de estanteria para paletes. Na Beli RollForming, aprimoramos esta m\u00e1quina para oferecer precis\u00e3o, velocidade e confiabilidade excepcionais, tornando-a um ativo essencial para fabricantes de solu\u00e7\u00f5es de armazenamento que buscam manter uma vantagem competitiva no mercado.<\/p>","protected":false},"featured_media":19084,"comment_status":"closed","ping_status":"closed","template":"","meta":{"_angie_page":false,"jetpack_post_was_ever_published":false,"jetpack_publicize_message":"","jetpack_publicize_feature_enabled":true,"jetpack_social_post_already_shared":true,"jetpack_social_options":{"image_generator_settings":{"template":"highway","default_image_id":0,"font":"","enabled":false},"version":2},"_wpas_customize_per_network":false},"product_brand":[607850681],"product_cat":[],"product_tag":[],"class_list":{"0":"post-19082","1":"product","2":"type-product","3":"status-publish","4":"has-post-thumbnail","6":"product_brand-believe-industry-company","8":"first","9":"instock","10":"sale","11":"shipping-taxable","12":"purchasable","13":"product-type-simple"},"jetpack_publicize_connections":[],"jetpack_sharing_enabled":true,"jetpack_likes_enabled":false,"jetpack-related-posts":[{"id":18884,"url":"https:\/\/believeindustry.company\/pt\/product\/storage-rack-column-roll-forming-machine\/","url_meta":{"origin":19082,"position":0},"title":"M\u00e1quina de perfilagem de colunas para estantes de armazenamento","author":"Believe Industry Group","date":"Outubro 23, 2025","format":false,"excerpt":"Storage Rack Column Roll Forming Machine\u200b is the cornerstone of modern industrial storage solutions manufacturing. At Beli RollForming, we have engineered a high-precision, fully automated system designed specifically to produce the robust, high-tolerance upright columns essential for pallet racking systems.","rel":"","context":"Similar post","block_context":{"text":"Similar post","link":""},"img":{"alt_text":"storage rack column roll forming machine","src":"https:\/\/i0.wp.com\/believeindustry.company\/wp-content\/uploads\/2025\/10\/Storage-Rack-Bolted-Column-Roll-Forming-Machine.webp?resize=350%2C200&ssl=1","width":350,"height":200,"srcset":"https:\/\/i0.wp.com\/believeindustry.company\/wp-content\/uploads\/2025\/10\/Storage-Rack-Bolted-Column-Roll-Forming-Machine.webp?resize=350%2C200&ssl=1 1x, https:\/\/i0.wp.com\/believeindustry.company\/wp-content\/uploads\/2025\/10\/Storage-Rack-Bolted-Column-Roll-Forming-Machine.webp?resize=525%2C300&ssl=1 1.5x, https:\/\/i0.wp.com\/believeindustry.company\/wp-content\/uploads\/2025\/10\/Storage-Rack-Bolted-Column-Roll-Forming-Machine.webp?resize=700%2C400&ssl=1 2x"},"classes":[]},{"id":19055,"url":"https:\/\/believeindustry.company\/pt\/product\/shelf-panel-roll-forming-machine\/","url_meta":{"origin":19082,"position":1},"title":"M\u00e1quina de perfilagem de pain\u00e9is de prateleiras","author":"Believe Industry Group","date":"Outubro 29, 2025","format":false,"excerpt":"A Believe Industry Company oferece uma gama completa de m\u00e1quinas de perfilagem de metal, projetadas especificamente para sistemas de armazenamento em armaz\u00e9ns e supermercados. Esta m\u00e1quina de perfilagem para pain\u00e9is de prateleiras foi especialmente concebida e fabricada para produzir pain\u00e9is com larguras que variam de 100 mm a 600 mm.","rel":"","context":"Similar post","block_context":{"text":"Similar post","link":""},"img":{"alt_text":"shelf-panel-roll-forming-machine","src":"https:\/\/i0.wp.com\/believeindustry.company\/wp-content\/uploads\/2025\/10\/Shelf-Panel-Roll-Forming-Machine-1.webp?resize=350%2C200&ssl=1","width":350,"height":200,"srcset":"https:\/\/i0.wp.com\/believeindustry.company\/wp-content\/uploads\/2025\/10\/Shelf-Panel-Roll-Forming-Machine-1.webp?resize=350%2C200&ssl=1 1x, https:\/\/i0.wp.com\/believeindustry.company\/wp-content\/uploads\/2025\/10\/Shelf-Panel-Roll-Forming-Machine-1.webp?resize=525%2C300&ssl=1 1.5x, https:\/\/i0.wp.com\/believeindustry.company\/wp-content\/uploads\/2025\/10\/Shelf-Panel-Roll-Forming-Machine-1.webp?resize=700%2C400&ssl=1 2x"},"classes":[]},{"id":5085,"url":"https:\/\/believeindustry.company\/pt\/product\/c-z-purlin-roll-former\/","url_meta":{"origin":19082,"position":2},"title":"Formadora de perfil C\/Z","author":"Believe Industry Group","date":"Mar\u00e7o 15, 2019","format":false,"excerpt":"A C \/Z purlin roll former is a specialized industrial machine designed to continuously shape flat steel coil into C-shaped and Z-shaped profiles (purlins), which are primarily used as horizontal structural supports in the roofs and walls of metal buildings. C\/Z Purlin Roll Former Believe Industry Company's latest design of\u2026","rel":"","context":"Similar post","block_context":{"text":"Similar post","link":""},"img":{"alt_text":"A complete view of a blue and yellow C\/Z purlin roll former machine, stretching across a clean factory floor with a large coil of steel at the input and multiple roll forming stations.","src":"https:\/\/i0.wp.com\/believeindustry.company\/wp-content\/uploads\/2019\/03\/high-speed-c-z-purlin-roll-forming-machine.webp?resize=350%2C200&ssl=1","width":350,"height":200,"srcset":"https:\/\/i0.wp.com\/believeindustry.company\/wp-content\/uploads\/2019\/03\/high-speed-c-z-purlin-roll-forming-machine.webp?resize=350%2C200&ssl=1 1x, https:\/\/i0.wp.com\/believeindustry.company\/wp-content\/uploads\/2019\/03\/high-speed-c-z-purlin-roll-forming-machine.webp?resize=525%2C300&ssl=1 1.5x, https:\/\/i0.wp.com\/believeindustry.company\/wp-content\/uploads\/2019\/03\/high-speed-c-z-purlin-roll-forming-machine.webp?resize=700%2C400&ssl=1 2x"},"classes":[]},{"id":1777,"url":"https:\/\/believeindustry.company\/pt\/product\/ibr-roof-sheeting-roll-forming-machine\/","url_meta":{"origin":19082,"position":3},"title":"M\u00e1quina de perfilagem de chapas de cobertura IBR","author":"Believe Industry Group","date":"Maio 15, 2018","format":false,"excerpt":"IBR Roof Sheeting Roll Forming Machine IBR Roof Sheeting Roll Forming Machine is a whole line to produce IBR Roof Sheeting as desired length. IBR sheet drawing Technical Specifications of IBR Roof Sheeting Roll Forming Machine Layout of IBR Sheet Roll Forming Machine M\/C of IBR Roof Sheeting Roll Forming\u2026","rel":"","context":"Similar post","block_context":{"text":"Similar post","link":""},"img":{"alt_text":"ibr roof sheeting roll forming machine","src":"https:\/\/i0.wp.com\/believeindustry.company\/wp-content\/uploads\/2018\/05\/ibr-roof-sheeting-roll-forming-machine.jpg?resize=350%2C200&ssl=1","width":350,"height":200,"srcset":"https:\/\/i0.wp.com\/believeindustry.company\/wp-content\/uploads\/2018\/05\/ibr-roof-sheeting-roll-forming-machine.jpg?resize=350%2C200&ssl=1 1x, https:\/\/i0.wp.com\/believeindustry.company\/wp-content\/uploads\/2018\/05\/ibr-roof-sheeting-roll-forming-machine.jpg?resize=525%2C300&ssl=1 1.5x, https:\/\/i0.wp.com\/believeindustry.company\/wp-content\/uploads\/2018\/05\/ibr-roof-sheeting-roll-forming-machine.jpg?resize=700%2C400&ssl=1 2x"},"classes":[]},{"id":5105,"url":"https:\/\/believeindustry.company\/pt\/product\/metal-roof-deck-roll-forming-machine\/","url_meta":{"origin":19082,"position":4},"title":"M\u00e1quina de perfilagem de telhas met\u00e1licas","author":"Believe Industry Group","date":"Mar\u00e7o 18, 2019","format":false,"excerpt":"Metal roof deck roll forming machine is for producing metal\/steel\/aluminum roof decks as per requirements. \u00a0 Metal Roof Deck Roll Forming Machine What's Metal Roof Deck? Metal deck is a cold formed corrugated steel sheet supported by steel joists\u00a0or beams. It is used to support concrete or insulating membrane of\u2026","rel":"","context":"Similar post","block_context":{"text":"Similar post","link":""},"img":{"alt_text":"Complete automated metal roof deck roll forming machine production line by Beli.","src":"https:\/\/i0.wp.com\/believeindustry.company\/wp-content\/uploads\/2019\/03\/metal-roof-deck-roll-forming-machine-1.webp?resize=350%2C200&ssl=1","width":350,"height":200,"srcset":"https:\/\/i0.wp.com\/believeindustry.company\/wp-content\/uploads\/2019\/03\/metal-roof-deck-roll-forming-machine-1.webp?resize=350%2C200&ssl=1 1x, https:\/\/i0.wp.com\/believeindustry.company\/wp-content\/uploads\/2019\/03\/metal-roof-deck-roll-forming-machine-1.webp?resize=525%2C300&ssl=1 1.5x, https:\/\/i0.wp.com\/believeindustry.company\/wp-content\/uploads\/2019\/03\/metal-roof-deck-roll-forming-machine-1.webp?resize=700%2C400&ssl=1 2x, https:\/\/i0.wp.com\/believeindustry.company\/wp-content\/uploads\/2019\/03\/metal-roof-deck-roll-forming-machine-1.webp?resize=1050%2C600&ssl=1 3x, https:\/\/i0.wp.com\/believeindustry.company\/wp-content\/uploads\/2019\/03\/metal-roof-deck-roll-forming-machine-1.webp?resize=1400%2C800&ssl=1 4x"},"classes":[]},{"id":1760,"url":"https:\/\/believeindustry.company\/pt\/product\/686-ibr-sheet-roll-forming-machine\/","url_meta":{"origin":19082,"position":5},"title":"M\u00e1quina de perfilagem de chapas IBR 686","author":"Believe Industry Group","date":"Maio 14, 2018","format":false,"excerpt":"686 IBR Sheet Roll Forming Machine 686 IBR Sheet Roll Forming Machine is a whole line to produce IBR sheets as desired length. IBR sheet drawing Technical Specifications of 686 IBR Sheet Roll Forming Machine Layout of IBR Sheet Roll Forming Machine M\/C of 686 IBR Sheet Roll Forming Machine\u2026","rel":"","context":"Similar post","block_context":{"text":"Similar post","link":""},"img":{"alt_text":"686 ibr sheet roll forming machine","src":"https:\/\/i0.wp.com\/believeindustry.company\/wp-content\/uploads\/2018\/05\/686-ibr-sheet-roll-forming-machine.jpg?resize=350%2C200&ssl=1","width":350,"height":200,"srcset":"https:\/\/i0.wp.com\/believeindustry.company\/wp-content\/uploads\/2018\/05\/686-ibr-sheet-roll-forming-machine.jpg?resize=350%2C200&ssl=1 1x, https:\/\/i0.wp.com\/believeindustry.company\/wp-content\/uploads\/2018\/05\/686-ibr-sheet-roll-forming-machine.jpg?resize=525%2C300&ssl=1 1.5x, https:\/\/i0.wp.com\/believeindustry.company\/wp-content\/uploads\/2018\/05\/686-ibr-sheet-roll-forming-machine.jpg?resize=700%2C400&ssl=1 2x"},"classes":[]}],"amp_enabled":true,"_links":{"self":[{"href":"https:\/\/believeindustry.company\/pt\/wp-json\/wp\/v2\/product\/19082","targetHints":{"allow":["GET"]}}],"collection":[{"href":"https:\/\/believeindustry.company\/pt\/wp-json\/wp\/v2\/product"}],"about":[{"href":"https:\/\/believeindustry.company\/pt\/wp-json\/wp\/v2\/types\/product"}],"replies":[{"embeddable":true,"href":"https:\/\/believeindustry.company\/pt\/wp-json\/wp\/v2\/comments?post=19082"}],"version-history":[{"count":11,"href":"https:\/\/believeindustry.company\/pt\/wp-json\/wp\/v2\/product\/19082\/revisions"}],"predecessor-version":[{"id":19156,"href":"https:\/\/believeindustry.company\/pt\/wp-json\/wp\/v2\/product\/19082\/revisions\/19156"}],"wp:featuredmedia":[{"embeddable":true,"href":"https:\/\/believeindustry.company\/pt\/wp-json\/wp\/v2\/media\/19084"}],"wp:attachment":[{"href":"https:\/\/believeindustry.company\/pt\/wp-json\/wp\/v2\/media?parent=19082"}],"wp:term":[{"taxonomy":"product_brand","embeddable":true,"href":"https:\/\/believeindustry.company\/pt\/wp-json\/wp\/v2\/product_brand?post=19082"},{"taxonomy":"product_cat","embeddable":true,"href":"https:\/\/believeindustry.company\/pt\/wp-json\/wp\/v2\/product_cat?post=19082"},{"taxonomy":"product_tag","embeddable":true,"href":"https:\/\/believeindustry.company\/pt\/wp-json\/wp\/v2\/product_tag?post=19082"}],"curies":[{"name":"wp","href":"https:\/\/api.w.org\/{rel}","templated":true}]}}