{"id":19165,"date":"2025-11-04T11:06:14","date_gmt":"2025-11-04T03:06:14","guid":{"rendered":"https:\/\/believeindustry.company\/?post_type=product&#038;p=19165"},"modified":"2025-11-12T15:19:35","modified_gmt":"2025-11-12T07:19:35","slug":"maquina-de-perfilagem-de-canaletas-para-perfis-solares-de-41x41mm-e-41x82mm","status":"publish","type":"product","link":"https:\/\/believeindustry.company\/pt\/product\/41x41mm-41x82mm-solar-strut-channel-roll-forming-machine\/","title":{"rendered":"M\u00e1quina de perfilagem de canaletas para estrutura solar de 41x41mm e 41x82mm"},"content":{"rendered":"<div data-elementor-type=\"product-post\" data-elementor-id=\"19165\" class=\"elementor elementor-19165\" data-elementor-post-type=\"product\">\n\t\t\t\t<div data-particle_enable=\"false\" data-particle-mobile-disabled=\"false\" class=\"elementor-element elementor-element-0433072 e-flex e-con-boxed e-con e-parent\" data-id=\"0433072\" data-element_type=\"container\" data-e-type=\"container\">\n\t\t\t\t\t<div class=\"e-con-inner\">\n\t\t\t\t<div class=\"elementor-element elementor-element-fc4b933 elementor-widget elementor-widget-heading\" data-id=\"fc4b933\" data-element_type=\"widget\" data-e-type=\"widget\" data-widget_type=\"heading.default\">\n\t\t\t\t<div class=\"elementor-widget-container\">\n\t\t\t\t\t<h2 class=\"elementor-heading-title elementor-size-default\">Descri\u00e7\u00e3o da M\u00e1quina<\/h2>\t\t\t\t<\/div>\n\t\t\t\t<\/div>\n\t\t\t\t\t<\/div>\n\t\t\t\t<\/div>\n\t\t<div data-particle_enable=\"false\" data-particle-mobile-disabled=\"false\" class=\"elementor-element elementor-element-188c2a3 e-flex e-con-boxed e-con e-parent\" data-id=\"188c2a3\" data-element_type=\"container\" data-e-type=\"container\">\n\t\t\t\t\t<div class=\"e-con-inner\">\n\t\t\t\t<div class=\"elementor-element elementor-element-5aad749 elementor-widget elementor-widget-text-editor\" data-id=\"5aad749\" data-element_type=\"widget\" data-e-type=\"widget\" data-widget_type=\"text-editor.default\">\n\t\t\t\t<div class=\"elementor-widget-container\">\n\t\t\t\t\t\t\t\t\t<p>O <strong>M\u00e1quina de perfilagem de canaletas para estrutura solar de 41x41mm e 41x82mm<\/strong>\u00a0\u00c9 uma solu\u00e7\u00e3o de fabrica\u00e7\u00e3o altamente vers\u00e1til, projetada para m\u00e1xima produtividade e flexibilidade operacional. Esta m\u00e1quina inovadora permite transi\u00e7\u00f5es perfeitas entre diferentes dimens\u00f5es de suportes solares em uma \u00fanica linha de produ\u00e7\u00e3o.<\/p><p>Na Beli RollForming, projetamos este equipamento para eliminar a necessidade de v\u00e1rias m\u00e1quinas dedicadas, reduzindo assim a necessidade de espa\u00e7o f\u00edsico, o investimento inicial e os custos operacionais, ao mesmo tempo que ampliamos a adaptabilidade ao mercado.<\/p>\t\t\t\t\t\t\t\t<\/div>\n\t\t\t\t<\/div>\n\t\t\t\t<div class=\"elementor-element elementor-element-8b632d5 elementor-widget elementor-widget-text-editor\" data-id=\"8b632d5\" data-element_type=\"widget\" data-e-type=\"widget\" data-widget_type=\"text-editor.default\">\n\t\t\t\t<div class=\"elementor-widget-container\">\n\t\t\t\t\t\t\t\t\t<p>Esta m\u00e1quina de canaletas solares totalmente autom\u00e1tica pode produzir se\u00e7\u00f5es com dimens\u00f5es de<strong> 41 \u00d7 41 mm, 41 \u00d7 52 mm, 41 \u00d7 62 mm, 41 \u00d7 72 mm e 41 \u00d7 82 mm<\/strong> por meio de ajuste autom\u00e1tico. Equipada com uma prensa hidr\u00e1ulica de alta velocidade, transmiss\u00e3o por caixa de engrenagens e sistema de corte em movimento, toda a linha de produ\u00e7\u00e3o pode atingir velocidades de at\u00e9 30\u201340 m\/min.<\/p>\t\t\t\t\t\t\t\t<\/div>\n\t\t\t\t<\/div>\n\t\t\t\t<div class=\"elementor-element elementor-element-383455d elementor-widget elementor-widget-image\" data-id=\"383455d\" data-element_type=\"widget\" data-e-type=\"widget\" data-widget_type=\"image.default\">\n\t\t\t\t<div class=\"elementor-widget-container\">\n\t\t\t\t\t\t\t\t\t\t\t\t\t\t\t<img fetchpriority=\"high\" decoding=\"async\" data-attachment-id=\"19168\" data-permalink=\"https:\/\/believeindustry.company\/pt\/?attachment_id=19168\" data-orig-file=\"https:\/\/believeindustry.company\/wp-content\/uploads\/2025\/10\/Solar-Strut-Channel-Profiles.webp\" data-orig-size=\"1000,298\" data-comments-opened=\"1\" data-image-meta=\"{&quot;aperture&quot;:&quot;0&quot;,&quot;credit&quot;:&quot;&quot;,&quot;camera&quot;:&quot;&quot;,&quot;caption&quot;:&quot;&quot;,&quot;created_timestamp&quot;:&quot;0&quot;,&quot;copyright&quot;:&quot;&quot;,&quot;focal_length&quot;:&quot;0&quot;,&quot;iso&quot;:&quot;0&quot;,&quot;shutter_speed&quot;:&quot;0&quot;,&quot;title&quot;:&quot;&quot;,&quot;orientation&quot;:&quot;0&quot;}\" data-image-title=\"Solar Strut Channel Profiles\" data-image-description=\"\" data-image-caption=\"\" data-large-file=\"https:\/\/believeindustry.company\/wp-content\/uploads\/2025\/10\/Solar-Strut-Channel-Profiles.webp\" width=\"1000\" height=\"298\" src=\"https:\/\/believeindustry.company\/wp-content\/uploads\/2025\/10\/Solar-Strut-Channel-Profiles.webp\" class=\"attachment-large size-large wp-image-19168\" alt=\"perfis de canaleta para suporte solar\" srcset=\"https:\/\/believeindustry.company\/wp-content\/uploads\/2025\/10\/Solar-Strut-Channel-Profiles.webp 1000w, https:\/\/believeindustry.company\/wp-content\/uploads\/2025\/10\/Solar-Strut-Channel-Profiles-300x89.webp 300w, https:\/\/believeindustry.company\/wp-content\/uploads\/2025\/10\/Solar-Strut-Channel-Profiles-768x229.webp 768w, https:\/\/believeindustry.company\/wp-content\/uploads\/2025\/10\/Solar-Strut-Channel-Profiles-600x179.webp 600w\" sizes=\"(max-width: 1000px) 100vw, 1000px\" \/>\t\t\t\t\t\t\t\t\t\t\t\t\t\t\t<\/div>\n\t\t\t\t<\/div>\n\t\t\t\t<div class=\"elementor-element elementor-element-d4bf3df elementor-widget elementor-widget-heading\" data-id=\"d4bf3df\" data-element_type=\"widget\" data-e-type=\"widget\" data-widget_type=\"heading.default\">\n\t\t\t\t<div class=\"elementor-widget-container\">\n\t\t\t\t\t<h2 class=\"elementor-heading-title elementor-size-default\">Componentes-chave da m\u00e1quina e layout da m\u00e1quina<\/h2>\t\t\t\t<\/div>\n\t\t\t\t<\/div>\n\t\t\t\t<div class=\"elementor-element elementor-element-6c38d25 elementor-widget elementor-widget-text-editor\" data-id=\"6c38d25\" data-element_type=\"widget\" data-e-type=\"widget\" data-widget_type=\"text-editor.default\">\n\t\t\t\t<div class=\"elementor-widget-container\">\n\t\t\t\t\t\t\t\t\t<p>A robustez do nosso<strong>M\u00e1quina de perfilagem de canaletas para estrutura solar de 41x41mm e 41x82mm<\/strong>prov\u00e9m de seus componentes de alta qualidade:<\/p><p>1. Desbobinador e nivelador com design 2 em 1 <br \/>2. M\u00e1quina de puncionamento de alta precis\u00e3o e alta velocidade com alimentador servo <br \/>3. Acumulador (Estante de armazenamento de materiais) <br \/>4. Unidade principal de conforma\u00e7\u00e3o de rolos <br \/>5. Dispositivo de corte de rastreamento servo <br \/>6. Sistemas El\u00e9tricos e Hidr\u00e1ulicos <br \/>7. Mesa de Coleta<\/p>\t\t\t\t\t\t\t\t<\/div>\n\t\t\t\t<\/div>\n\t\t\t\t<div class=\"elementor-element elementor-element-4cce50f elementor-widget elementor-widget-image\" data-id=\"4cce50f\" data-element_type=\"widget\" data-e-type=\"widget\" data-widget_type=\"image.default\">\n\t\t\t\t<div class=\"elementor-widget-container\">\n\t\t\t\t\t\t\t\t\t\t\t\t\t\t\t<img decoding=\"async\" data-attachment-id=\"19170\" data-permalink=\"https:\/\/believeindustry.company\/?attachment_id=19170\" data-orig-file=\"https:\/\/believeindustry.company\/wp-content\/uploads\/2025\/10\/41x82mm-solar-strut-channel-roll-forming-machine-layout.webp\" data-orig-size=\"1476,393\" data-comments-opened=\"1\" data-image-meta=\"{&quot;aperture&quot;:&quot;0&quot;,&quot;credit&quot;:&quot;&quot;,&quot;camera&quot;:&quot;&quot;,&quot;caption&quot;:&quot;&quot;,&quot;created_timestamp&quot;:&quot;0&quot;,&quot;copyright&quot;:&quot;&quot;,&quot;focal_length&quot;:&quot;0&quot;,&quot;iso&quot;:&quot;0&quot;,&quot;shutter_speed&quot;:&quot;0&quot;,&quot;title&quot;:&quot;&quot;,&quot;orientation&quot;:&quot;0&quot;}\" data-image-title=\"41x82mm solar strut channel roll forming machine layout\" data-image-description=\"\" data-image-caption=\"\" data-large-file=\"https:\/\/believeindustry.company\/wp-content\/uploads\/2025\/10\/41x82mm-solar-strut-channel-roll-forming-machine-layout-1024x273.webp\" width=\"1024\" height=\"273\" src=\"https:\/\/believeindustry.company\/wp-content\/uploads\/2025\/10\/41x82mm-solar-strut-channel-roll-forming-machine-layout-1024x273.webp\" class=\"attachment-large size-large wp-image-19170\" alt=\"\" srcset=\"https:\/\/believeindustry.company\/wp-content\/uploads\/2025\/10\/41x82mm-solar-strut-channel-roll-forming-machine-layout-1024x273.webp 1024w, https:\/\/believeindustry.company\/wp-content\/uploads\/2025\/10\/41x82mm-solar-strut-channel-roll-forming-machine-layout-300x80.webp 300w, https:\/\/believeindustry.company\/wp-content\/uploads\/2025\/10\/41x82mm-solar-strut-channel-roll-forming-machine-layout-768x204.webp 768w, https:\/\/believeindustry.company\/wp-content\/uploads\/2025\/10\/41x82mm-solar-strut-channel-roll-forming-machine-layout-600x160.webp 600w, https:\/\/believeindustry.company\/wp-content\/uploads\/2025\/10\/41x82mm-solar-strut-channel-roll-forming-machine-layout.webp 1476w\" sizes=\"(max-width: 1024px) 100vw, 1024px\">\t\t\t\t\t\t\t\t\t\t\t\t\t\t\t<\/div>\n\t\t\t\t<\/div>\n\t\t\t\t<div class=\"elementor-element elementor-element-bf08af5 elementor-widget elementor-widget-text-editor\" data-id=\"bf08af5\" data-element_type=\"widget\" data-e-type=\"widget\" data-widget_type=\"text-editor.default\">\n\t\t\t\t<div class=\"elementor-widget-container\">\n\t\t\t\t\t\t\t\t\t<p><strong>Processo de trabalho<\/strong>: desenrolamento \u2014 nivelamento \u2014 alimenta\u00e7\u00e3o servo \u2014 puncionamento \u2014 guiamento \u2014 conforma\u00e7\u00e3o por rolos \u2014 corte \u2014 coleta<\/p>\t\t\t\t\t\t\t\t<\/div>\n\t\t\t\t<\/div>\n\t\t\t\t\t<\/div>\n\t\t\t\t<\/div>\n\t\t<div data-particle_enable=\"false\" data-particle-mobile-disabled=\"false\" class=\"elementor-element elementor-element-e751ff5 e-flex e-con-boxed e-con e-parent\" data-id=\"e751ff5\" data-element_type=\"container\" data-e-type=\"container\">\n\t\t\t\t\t<div class=\"e-con-inner\">\n\t\t\t\t<div class=\"elementor-element elementor-element-8f8a5a7 elementor-widget elementor-widget-heading\" data-id=\"8f8a5a7\" data-element_type=\"widget\" data-e-type=\"widget\" data-widget_type=\"heading.default\">\n\t\t\t\t<div class=\"elementor-widget-container\">\n\t\t\t\t\t<h2 class=\"elementor-heading-title elementor-size-default\">Par\u00e2metros de especifica\u00e7\u00e3o resumida<\/h2>\t\t\t\t<\/div>\n\t\t\t\t<\/div>\n\t\t\t\t<div class=\"elementor-element elementor-element-964dd90 elementor-widget elementor-widget-text-editor\" data-id=\"964dd90\" data-element_type=\"widget\" data-e-type=\"widget\" data-widget_type=\"text-editor.default\">\n\t\t\t\t<div class=\"elementor-widget-container\">\n\t\t\t\t\t\t\t\t\t<table><tbody><tr><td width=\"275\"><p>Capacidade de carga do desbobinador<\/p><\/td><td width=\"434\"><p>3.000 kg<\/p><\/td><\/tr><tr><td width=\"275\"><p>Tipo de desenrolamento<\/p><\/td><td width=\"434\"><p>Controle de expans\u00e3o e tens\u00e3o hidr\u00e1ulica<\/p><\/td><\/tr><tr><td width=\"275\"><p>Tipo de perfura\u00e7\u00e3o<\/p><\/td><td width=\"434\"><p>M\u00e1quina perfuradora Yangli 110Ton<\/p><\/td><\/tr><tr><td width=\"275\"><p>Material dos moldes de estampagem<\/p><\/td><td width=\"434\"><p>Cr12MoV, endurecido a HRC 58\u201362 \u00a0<\/p><\/td><\/tr><tr><td width=\"275\"><p>Alimentador Servo<\/p><\/td><td width=\"434\"><p>Garante um posicionamento de alta precis\u00e3o para opera\u00e7\u00f5es de puncionamento.<\/p><\/td><\/tr><tr><td width=\"275\"><p>Etapas de conforma\u00e7\u00e3o de rolos<\/p><\/td><td width=\"434\"><p>18 suportes de forma\u00e7\u00e3o, incluindo rolos laterais auxiliares<\/p><\/td><\/tr><tr><td width=\"275\"><p>Motor e transmiss\u00e3o<\/p><\/td><td width=\"434\"><p>Acionamento do motor el\u00e9trico por meio de caixa de engrenagens e transmiss\u00e3o por corrente.<\/p><\/td><\/tr><tr><td width=\"275\"><p>Material dos rolos<\/p><\/td><td width=\"434\"><p>GCr15, endurecido a HRC 58\u201362, superf\u00edcie cromada \u00a0<\/p><\/td><\/tr><tr><td width=\"275\"><p>Material dos eixos<\/p><\/td><td width=\"434\"><p>A\u00e7o de alta qualidade 40Cr, HB220-260<\/p><\/td><\/tr><tr><td width=\"275\"><p>Pot\u00eancia para conforma\u00e7\u00e3o de rolos<\/p><\/td><td width=\"434\"><p>15 kW<\/p><\/td><\/tr><tr><td width=\"275\"><p>Pot\u00eancia para ajuste da largura da web<\/p><\/td><td width=\"434\"><p>1,5 kW<\/p><\/td><\/tr><tr><td width=\"275\"><p>Alimenta\u00e7\u00e3o para ajuste da altura do flange<\/p><\/td><td width=\"434\"><p>0,75 kW \u00d7 2<\/p><\/td><\/tr><tr><td width=\"275\"><p>Velocidade da linha<\/p><\/td><td width=\"434\"><p>0\u201320 m\/min<\/p><\/td><\/tr><tr><td width=\"275\"><p>Pot\u00eancia para rastreamento servo<\/p><\/td><td width=\"434\"><p>Servomotor YASKAWA de 2,9 kW<\/p><\/td><\/tr><tr><td width=\"275\"><p>Poder de corte<\/p><\/td><td width=\"434\"><p>7,5 kW<\/p><\/td><\/tr><\/tbody><\/table>\t\t\t\t\t\t\t\t<\/div>\n\t\t\t\t<\/div>\n\t\t\t\t\t<\/div>\n\t\t\t\t<\/div>\n\t\t<div data-particle_enable=\"false\" data-particle-mobile-disabled=\"false\" class=\"elementor-element elementor-element-39e6892 e-flex e-con-boxed e-con e-parent\" data-id=\"39e6892\" data-element_type=\"container\" data-e-type=\"container\">\n\t\t\t\t\t<div class=\"e-con-inner\">\n\t\t\t\t<div class=\"elementor-element elementor-element-63bfafd elementor-widget elementor-widget-heading\" data-id=\"63bfafd\" data-element_type=\"widget\" data-e-type=\"widget\" data-widget_type=\"heading.default\">\n\t\t\t\t<div class=\"elementor-widget-container\">\n\t\t\t\t\t<h2 class=\"elementor-heading-title elementor-size-default\">Potencialize sua produ\u00e7\u00e3o com precis\u00e3o.<\/h2>\t\t\t\t<\/div>\n\t\t\t\t<\/div>\n\t\t\t\t\t<\/div>\n\t\t\t\t<\/div>\n\t\t<div data-particle_enable=\"false\" data-particle-mobile-disabled=\"false\" class=\"elementor-element elementor-element-1c04054 e-flex e-con-boxed e-con e-parent\" data-id=\"1c04054\" data-element_type=\"container\" data-e-type=\"container\">\n\t\t\t\t\t<div class=\"e-con-inner\">\n\t\t\t\t<div class=\"elementor-element elementor-element-862577e elementor-widget elementor-widget-text-editor\" data-id=\"862577e\" data-element_type=\"widget\" data-e-type=\"widget\" data-widget_type=\"text-editor.default\">\n\t\t\t\t<div class=\"elementor-widget-container\">\n\t\t\t\t\t\t\t\t\t<p>Investir em maquin\u00e1rio adequado \u00e9 fundamental para se manter competitivo no setor de energia solar, que est\u00e1 em r\u00e1pido crescimento. Nossa equipe est\u00e1 preparada para investir em solu\u00e7\u00f5es completas e inovadoras para atender \u00e0s suas necessidades de energia.<strong>M\u00e1quina de perfilagem de canaletas para estrutura solar de 41x41mm e 41x82mm<\/strong>Oferece uma combina\u00e7\u00e3o perfeita de alta produtividade, flexibilidade operacional e constru\u00e7\u00e3o robusta. \u00c9 projetado para minimizar o custo por unidade e maximizar a qualidade da produ\u00e7\u00e3o, garantindo que suas estruturas de montagem solar atendam aos mais altos padr\u00f5es de durabilidade e desempenho.<\/p>\t\t\t\t\t\t\t\t<\/div>\n\t\t\t\t<\/div>\n\t\t\t\t\t<\/div>\n\t\t\t\t<\/div>\n\t\t\t\t<\/div>","protected":false},"excerpt":{"rendered":"<p><strong>M\u00e1quina de perfilagem de canaletas para estrutura solar de 41x41mm e 41x82mm<\/strong>A conforma\u00e7\u00e3o a frio \u00e9 a pedra angular da fabrica\u00e7\u00e3o moderna e em larga escala de estruturas de montagem para pain\u00e9is solares. Na Beli RollForming, projetamos este sistema de \u00faltima gera\u00e7\u00e3o para oferecer precis\u00e3o, velocidade e confiabilidade incompar\u00e1veis, permitindo que voc\u00ea produza os componentes estruturais essenciais para projetos solares de grande escala e comerciais. Esta m\u00e1quina n\u00e3o \u00e9 apenas uma aquisi\u00e7\u00e3o de equipamento; \u00e9 um investimento no futuro da infraestrutura de energia renov\u00e1vel.<\/p>","protected":false},"featured_media":19208,"comment_status":"closed","ping_status":"closed","template":"","meta":{"_angie_page":false,"jetpack_publicize_message":"","jetpack_publicize_feature_enabled":true,"jetpack_social_post_already_shared":true,"jetpack_social_options":{"image_generator_settings":{"template":"highway","default_image_id":0,"font":"","enabled":false},"version":2},"_wpas_customize_per_network":false},"product_brand":[607850681],"product_cat":[607850685,607850694],"product_tag":[],"class_list":{"0":"post-19165","1":"product","2":"type-product","3":"status-publish","4":"has-post-thumbnail","6":"product_brand-believe-industry-company","7":"product_cat-energy-and-electric","8":"product_cat-solar-industry","9":"product_shipping_class-destination-and-container-quantity","11":"first","12":"instock","13":"sale","14":"shipping-taxable","15":"purchasable","16":"product-type-simple"},"jetpack_publicize_connections":[],"jetpack_sharing_enabled":true,"jetpack_likes_enabled":false,"jetpack-related-posts":[{"id":9535,"url":"https:\/\/believeindustry.company\/pt\/product\/slotted-strut-channel-roll-forming-machine\/","url_meta":{"origin":19165,"position":0},"title":"M\u00e1quina de perfilagem de canaletas com ranhuras","author":"Believe Industry Group","date":"Novembro 20, 2023","format":false,"excerpt":"Believe Industry Company have different solution of roll forming machines for soltted strut channel: Economic solution: Speed is 10 FPM Post hydraulic punching and cutting, speed is 40 FPM Punch Press pre punching: 80 SPM","rel":"","context":"Similar post","block_context":{"text":"Similar post","link":""},"img":{"alt_text":"Strut Channel Roll Forming Machine","src":"https:\/\/i0.wp.com\/believeindustry.company\/wp-content\/uploads\/2021\/12\/Strut-Channel-Roll-Forming-Machine.jpg?resize=350%2C200&ssl=1","width":350,"height":200,"srcset":"https:\/\/i0.wp.com\/believeindustry.company\/wp-content\/uploads\/2021\/12\/Strut-Channel-Roll-Forming-Machine.jpg?resize=350%2C200&ssl=1 1x, https:\/\/i0.wp.com\/believeindustry.company\/wp-content\/uploads\/2021\/12\/Strut-Channel-Roll-Forming-Machine.jpg?resize=525%2C300&ssl=1 1.5x, https:\/\/i0.wp.com\/believeindustry.company\/wp-content\/uploads\/2021\/12\/Strut-Channel-Roll-Forming-Machine.jpg?resize=700%2C400&ssl=1 2x, https:\/\/i0.wp.com\/believeindustry.company\/wp-content\/uploads\/2021\/12\/Strut-Channel-Roll-Forming-Machine.jpg?resize=1050%2C600&ssl=1 3x, https:\/\/i0.wp.com\/believeindustry.company\/wp-content\/uploads\/2021\/12\/Strut-Channel-Roll-Forming-Machine.jpg?resize=1400%2C800&ssl=1 4x"},"classes":[]},{"id":1672,"url":"https:\/\/believeindustry.company\/pt\/product\/c-channel-roll-forming-machine\/","url_meta":{"origin":19165,"position":1},"title":"M\u00e1quina de perfilagem de canal C","author":"Believe Industry Group","date":"Maio 8, 2018","format":false,"excerpt":"The C Channel Roll Forming Machine automatically converts steel coil into precise, high-strength C-shaped purlins and profiles essential for structural building frames. Featuring an uncoiler, multiple forming stations, and a hydraulic cutter, this PLC-controlled line ensures efficient, continuous, and dimensionally accurate production of essential construction components.","rel":"","context":"Similar post","block_context":{"text":"Similar post","link":""},"img":{"alt_text":"Complete High-Efficiency C Channel Roll Forming Machine Line - Automated production line for C\/Z purlin or metal roof panels from Beli RollForming.","src":"https:\/\/i0.wp.com\/believeindustry.company\/wp-content\/uploads\/2018\/05\/C-Channel-Roll-Forming-Machine.webp?resize=350%2C200&ssl=1","width":350,"height":200,"srcset":"https:\/\/i0.wp.com\/believeindustry.company\/wp-content\/uploads\/2018\/05\/C-Channel-Roll-Forming-Machine.webp?resize=350%2C200&ssl=1 1x, https:\/\/i0.wp.com\/believeindustry.company\/wp-content\/uploads\/2018\/05\/C-Channel-Roll-Forming-Machine.webp?resize=525%2C300&ssl=1 1.5x, https:\/\/i0.wp.com\/believeindustry.company\/wp-content\/uploads\/2018\/05\/C-Channel-Roll-Forming-Machine.webp?resize=700%2C400&ssl=1 2x, https:\/\/i0.wp.com\/believeindustry.company\/wp-content\/uploads\/2018\/05\/C-Channel-Roll-Forming-Machine.webp?resize=1050%2C600&ssl=1 3x, https:\/\/i0.wp.com\/believeindustry.company\/wp-content\/uploads\/2018\/05\/C-Channel-Roll-Forming-Machine.webp?resize=1400%2C800&ssl=1 4x"},"classes":[]},{"id":1669,"url":"https:\/\/believeindustry.company\/pt\/product\/z-purlin-machine\/","url_meta":{"origin":19165,"position":2},"title":"M\u00e1quina de ter\u00e7as Z","author":"Believe Industry Group","date":"Maio 8, 2018","format":false,"excerpt":"A m\u00e1quina de perfil Z \u00e9 uma m\u00e1quina de perfilagem cont\u00ednua que produz perfis Z de diversos tamanhos, conforme as necessidades do cliente. As dimens\u00f5es da alma e da flange podem ser ajustadas manual ou automaticamente.","rel":"","context":"Similar post","block_context":{"text":"Similar post","link":""},"img":{"alt_text":"Z Purlin Roll Forming Machine Cutter","src":"https:\/\/i0.wp.com\/believeindustry.company\/wp-content\/uploads\/2018\/05\/Z-Purlin-Roll-Forming-Machine-Cutter.webp?resize=350%2C200&ssl=1","width":350,"height":200,"srcset":"https:\/\/i0.wp.com\/believeindustry.company\/wp-content\/uploads\/2018\/05\/Z-Purlin-Roll-Forming-Machine-Cutter.webp?resize=350%2C200&ssl=1 1x, https:\/\/i0.wp.com\/believeindustry.company\/wp-content\/uploads\/2018\/05\/Z-Purlin-Roll-Forming-Machine-Cutter.webp?resize=525%2C300&ssl=1 1.5x, https:\/\/i0.wp.com\/believeindustry.company\/wp-content\/uploads\/2018\/05\/Z-Purlin-Roll-Forming-Machine-Cutter.webp?resize=700%2C400&ssl=1 2x"},"classes":[]},{"id":1765,"url":"https:\/\/believeindustry.company\/pt\/product\/890-ibr-sheet-roll-forming-machine\/","url_meta":{"origin":19165,"position":3},"title":"M\u00e1quina de perfilagem de chapas IBR 890","author":"Believe Industry Group","date":"Maio 14, 2018","format":false,"excerpt":"890 IBR Sheet Roll Forming Machine 890 IBR Sheet Roll Forming Machine is a whole line to produce IBR sheets as desired length. IBR sheet drawing Technical Specifications of 890 IBR Sheet Roll Forming Machine Layout of IBR Sheet Roll Forming Machine M\/C of 890 IBR Sheet Roll Forming Machine\u2026","rel":"","context":"Similar post","block_context":{"text":"Similar post","link":""},"img":{"alt_text":"890 ibr sheet roll forming machine","src":"https:\/\/i0.wp.com\/believeindustry.company\/wp-content\/uploads\/2018\/05\/890-ibr-sheet-roll-forming-machine.jpg?resize=350%2C200&ssl=1","width":350,"height":200,"srcset":"https:\/\/i0.wp.com\/believeindustry.company\/wp-content\/uploads\/2018\/05\/890-ibr-sheet-roll-forming-machine.jpg?resize=350%2C200&ssl=1 1x, https:\/\/i0.wp.com\/believeindustry.company\/wp-content\/uploads\/2018\/05\/890-ibr-sheet-roll-forming-machine.jpg?resize=525%2C300&ssl=1 1.5x, https:\/\/i0.wp.com\/believeindustry.company\/wp-content\/uploads\/2018\/05\/890-ibr-sheet-roll-forming-machine.jpg?resize=700%2C400&ssl=1 2x"},"classes":[]},{"id":1760,"url":"https:\/\/believeindustry.company\/pt\/product\/686-ibr-sheet-roll-forming-machine\/","url_meta":{"origin":19165,"position":4},"title":"M\u00e1quina de perfilagem de chapas IBR 686","author":"Believe Industry Group","date":"Maio 14, 2018","format":false,"excerpt":"686 IBR Sheet Roll Forming Machine 686 IBR Sheet Roll Forming Machine is a whole line to produce IBR sheets as desired length. IBR sheet drawing Technical Specifications of 686 IBR Sheet Roll Forming Machine Layout of IBR Sheet Roll Forming Machine M\/C of 686 IBR Sheet Roll Forming Machine\u2026","rel":"","context":"Similar post","block_context":{"text":"Similar post","link":""},"img":{"alt_text":"686 ibr sheet roll forming machine","src":"https:\/\/i0.wp.com\/believeindustry.company\/wp-content\/uploads\/2018\/05\/686-ibr-sheet-roll-forming-machine.jpg?resize=350%2C200&ssl=1","width":350,"height":200,"srcset":"https:\/\/i0.wp.com\/believeindustry.company\/wp-content\/uploads\/2018\/05\/686-ibr-sheet-roll-forming-machine.jpg?resize=350%2C200&ssl=1 1x, https:\/\/i0.wp.com\/believeindustry.company\/wp-content\/uploads\/2018\/05\/686-ibr-sheet-roll-forming-machine.jpg?resize=525%2C300&ssl=1 1.5x, https:\/\/i0.wp.com\/believeindustry.company\/wp-content\/uploads\/2018\/05\/686-ibr-sheet-roll-forming-machine.jpg?resize=700%2C400&ssl=1 2x"},"classes":[]},{"id":2814,"url":"https:\/\/believeindustry.company\/pt\/product\/metal-glazed-tile-machine\/","url_meta":{"origin":19165,"position":5},"title":"M\u00e1quina de Azulejos Met\u00e1licos Esmaltados","author":"Believe Industry Group","date":"Setembro 8, 2018","format":false,"excerpt":"Metal Glazed Tile Machine Metal Glazed Tile Machine is a whole automatic line to produce Glazed Tiles. The workers only need input the desired data( length, quantity, step length) on the touch screen. Profile Drawings of Glazed Tiles Glazed Tile Roll Forming Machine is a whole automatic line to produce\u2026","rel":"","context":"Similar post","block_context":{"text":"Similar post","link":""},"img":{"alt_text":"metal glazed tile machine","src":"https:\/\/i0.wp.com\/believeindustry.company\/wp-content\/uploads\/2018\/09\/metal-glazed-tile-machine.jpg?resize=350%2C200&ssl=1","width":350,"height":200,"srcset":"https:\/\/i0.wp.com\/believeindustry.company\/wp-content\/uploads\/2018\/09\/metal-glazed-tile-machine.jpg?resize=350%2C200&ssl=1 1x, https:\/\/i0.wp.com\/believeindustry.company\/wp-content\/uploads\/2018\/09\/metal-glazed-tile-machine.jpg?resize=525%2C300&ssl=1 1.5x, https:\/\/i0.wp.com\/believeindustry.company\/wp-content\/uploads\/2018\/09\/metal-glazed-tile-machine.jpg?resize=700%2C400&ssl=1 2x, https:\/\/i0.wp.com\/believeindustry.company\/wp-content\/uploads\/2018\/09\/metal-glazed-tile-machine.jpg?resize=1050%2C600&ssl=1 3x, https:\/\/i0.wp.com\/believeindustry.company\/wp-content\/uploads\/2018\/09\/metal-glazed-tile-machine.jpg?resize=1400%2C800&ssl=1 4x"},"classes":[]}],"amp_enabled":true,"_links":{"self":[{"href":"https:\/\/believeindustry.company\/pt\/wp-json\/wp\/v2\/product\/19165","targetHints":{"allow":["GET"]}}],"collection":[{"href":"https:\/\/believeindustry.company\/pt\/wp-json\/wp\/v2\/product"}],"about":[{"href":"https:\/\/believeindustry.company\/pt\/wp-json\/wp\/v2\/types\/product"}],"replies":[{"embeddable":true,"href":"https:\/\/believeindustry.company\/pt\/wp-json\/wp\/v2\/comments?post=19165"}],"version-history":[{"count":18,"href":"https:\/\/believeindustry.company\/pt\/wp-json\/wp\/v2\/product\/19165\/revisions"}],"predecessor-version":[{"id":19267,"href":"https:\/\/believeindustry.company\/pt\/wp-json\/wp\/v2\/product\/19165\/revisions\/19267"}],"wp:featuredmedia":[{"embeddable":true,"href":"https:\/\/believeindustry.company\/pt\/wp-json\/wp\/v2\/media\/19208"}],"wp:attachment":[{"href":"https:\/\/believeindustry.company\/pt\/wp-json\/wp\/v2\/media?parent=19165"}],"wp:term":[{"taxonomy":"product_brand","embeddable":true,"href":"https:\/\/believeindustry.company\/pt\/wp-json\/wp\/v2\/product_brand?post=19165"},{"taxonomy":"product_cat","embeddable":true,"href":"https:\/\/believeindustry.company\/pt\/wp-json\/wp\/v2\/product_cat?post=19165"},{"taxonomy":"product_tag","embeddable":true,"href":"https:\/\/believeindustry.company\/pt\/wp-json\/wp\/v2\/product_tag?post=19165"}],"curies":[{"name":"wp","href":"https:\/\/api.w.org\/{rel}","templated":true}]}}