{"id":3081,"date":"2018-10-04T17:01:16","date_gmt":"2018-10-04T09:01:16","guid":{"rendered":"https:\/\/believeindustry.company\/?post_type=product&#038;p=3081"},"modified":"2025-10-16T11:29:46","modified_gmt":"2025-10-16T03:29:46","slug":"maquina-de-tercas-c-e-z","status":"publish","type":"product","link":"https:\/\/believeindustry.company\/pt\/product\/c-and-z-purlin-machine\/","title":{"rendered":"M\u00e1quina de ter\u00e7as C e Z"},"content":{"rendered":"<p><strong>M\u00e1quina de ter\u00e7as C e Z<\/strong> \u00c9 poss\u00edvel produzir todos os perfis C e Z nas dimens\u00f5es desejadas. O operador pode ajustar as dimens\u00f5es de acordo com o sistema de controle PLC. Basta inserir os dados de tamanho na tela sens\u00edvel ao toque e a m\u00e1quina ajustar\u00e1 as dimens\u00f5es automaticamente.<!--more--><\/p>\n<h1><span style=\"font-size: 18pt;\">Componentes da m\u00e1quina e par\u00e2metros t\u00e9cnicos<\/span><\/h1>\n<h2><span style=\"font-size: 14pt;\">Desbobinador hidr\u00e1ulico de 5 toneladas<\/span><\/h2>\n<ol>\n<li>Pot\u00eancia do motor principal: 4 kW<\/li>\n<li>Material do eixo: a\u00e7o S45C<\/li>\n<li>Transmiss\u00e3o: correntes de 1,2 polegadas<\/li>\n<li>Di\u00e2metro do eixo: 130 mm<\/li>\n<li>Motor hidr\u00e1ulico: 3 kW<\/li>\n<li>Tipo de bomba hidr\u00e1ulica: CB-E310, di\u00e2metro da bomba: 110 mm. Capacidade da bomba: 16 L\/min, press\u00e3o: 10 MPa.<\/li>\n<li>Dist\u00e2ncia do reservat\u00f3rio de \u00f3leo: 120 mm<\/li>\n<li>Press\u00e3o: 10 MPa<\/li>\n<li>Di\u00e2metro interno: 450-550 mm<\/li>\n<li>Di\u00e2metro m\u00e1ximo: 1400 mm<\/li>\n<li>Dimens\u00f5es: 1800 mm * 1200 mm * 1000 mm<\/li>\n<li>Peso: 4 toneladas<\/li>\n<li>Capacidade: 6 toneladas<\/li>\n<li>Desbobinador com 4 l\u00e2minas e bloco<\/li>\n<li>O desenrolador possui um bra\u00e7o para controlar a velocidade.<\/li>\n<li>Bobina de carro: 3KW<\/li>\n<li>O vag\u00e3o-bobina pode carregar bobinas de 5 toneladas.<\/li>\n<\/ol>\n<h2><span style=\"font-size: 18.6667px;\">Fresadora de Ter\u00e7as C e Z<\/span><\/h2>\n<ol>\n<li>Largura da bobina: depende do perfil.<\/li>\n<li>Velocidade de trabalho: 12m\u201415m\/min (sem incluir corte)<\/li>\n<li>esta\u00e7\u00e3o de rolos:\n<ol>\n<li>Alimenta\u00e7\u00e3o em 2 esta\u00e7\u00f5es (alimenta\u00e7\u00e3o manual)<\/li>\n<li>Nivelamento com 7 roletes (3 roletes para cima, 4 roletes para baixo)<\/li>\n<li>Esta\u00e7\u00e3o principal de rolos 20 esta\u00e7\u00f5es<\/li>\n<li>Esta\u00e7\u00e3o de retifica\u00e7\u00e3o 1 (para deixar o produto mais reto)<\/li>\n<\/ol>\n<\/li>\n<li>Material do rolo: Gcr15, polido e revestido com cromo HRC58-62\u00b0<\/li>\n<li>Material do eixo principal: a\u00e7o forjado 45; di\u00e2metro do rolo: \u042485mm<\/li>\n<li>Pot\u00eancia principal: 15 kW<\/li>\n<li>Espessura de conforma\u00e7\u00e3o: 1,5 mm a 3,0 mm<\/li>\n<li>Transmiss\u00e3o: por corrente dupla de 1,2 polegadas<\/li>\n<li>Dimens\u00f5es da m\u00e1quina: aproximadamente 12000\u00d71400\u00d71000mm<\/li>\n<li>Peso: aproximadamente 14.000 kg<\/li>\n<li>Cor da m\u00e1quina: azul<\/li>\n<li>Corte:\n<ol>\n<li>A m\u00e1quina adota pr\u00e9-corte hidr\u00e1ulico.<\/li>\n<li>Corte ap\u00f3s a conforma\u00e7\u00e3o: Corte a chapa antes da conforma\u00e7\u00e3o por rolos no comprimento necess\u00e1rio.<\/li>\n<li>Movimento de corte: A m\u00e1quina principal para automaticamente e o corte \u00e9 realizado. Ap\u00f3s o corte, a m\u00e1quina principal inicia automaticamente.<\/li>\n<li>Material da l\u00e2mina: CR12 com tratamento t\u00e9rmico<\/li>\n<li>Medi\u00e7\u00e3o de comprimento: Medi\u00e7\u00e3o autom\u00e1tica de comprimento<\/li>\n<li>Toler\u00e2ncia de comprimento: 3 m +\/- 1,5 mm<\/li>\n<\/ol>\n<\/li>\n<li>\u00a0socos\n<ol>\n<li>Este or\u00e7amento inclui uma perfura\u00e7\u00e3o, conforme nosso or\u00e7amento padr\u00e3o.<\/li>\n<li>Molde de estampagem: utiliza CR12 com tratamento t\u00e9rmico.<\/li>\n<li>A dist\u00e2ncia de perfura\u00e7\u00e3o \u00e9 ajust\u00e1vel por meio de um sistema de controle PLC.<\/li>\n<li>Di\u00e2metro da bomba de \u00f3leo: 120 mm<\/li>\n<li>dist\u00e2ncia\u201450mm<\/li>\n<li>press\u00e3o nominal \u2014 -20MP<\/li>\n<li>Tamanho do furo: o di\u00e2metro do furo redondo \u00e9 de 12 mm.<\/li>\n<li>desenho de perfura\u00e7\u00e3o conforme o desenho a seguir<\/li>\n<\/ol>\n<\/li>\n<li>Ajuste o tamanho ou a espessura da pe\u00e7a; a m\u00e1quina deve ter uma r\u00e9gua para facilitar a verifica\u00e7\u00e3o.<\/li>\n<\/ol>\n<h2><span style=\"font-size: 12pt;\">Painel e caixa controlados<\/span><\/h2>\n<ol>\n<li>Tens\u00e3o, Frequ\u00eancia, Fase: 380 V, 50 Hz, Trif\u00e1sico<\/li>\n<li>Medi\u00e7\u00e3o autom\u00e1tica de comprimento:<\/li>\n<li>Medi\u00e7\u00e3o autom\u00e1tica de quantidade<\/li>\n<li>O computador controla o comprimento e a quantidade. A m\u00e1quina corta automaticamente no comprimento desejado e para quando a quantidade necess\u00e1ria \u00e9 atingida.<\/li>\n<li>A imprecis\u00e3o no comprimento pode ser corrigida facilmente.<\/li>\n<li>Painel de controle: Interruptor tipo bot\u00e3o e tela sens\u00edvel ao toque<\/li>\n<li>Unidade de comprimento: mil\u00edmetro (selecion\u00e1vel no painel de controle)<\/li>\n<li>Idiomas: chin\u00eas e ingl\u00eas<\/li>\n<li>A conex\u00e3o da fia\u00e7\u00e3o da m\u00e1quina de perfis C e Z utiliza plugue de avia\u00e7\u00e3o para facilitar a instala\u00e7\u00e3o.<\/li>\n<\/ol>\n<p>Para obter mais detalhes, voc\u00ea pode consultar: <a href=\"https:\/\/believeindustry.company\/pt\/maquina-de-perfilagem-de-rolos\/maquina-de-perfilagem-de-tercas\/maquina-de-perfilagem-de-tercas-cz\/\">M\u00e1quina de perfilagem de ter\u00e7as C e Z<\/a>, ou <a href=\"https:\/\/believeindustry.company\/pt\/contato\/\">Contate-nos<\/a> diretamente. <a href=\"http:\/\/www.belirollform.com\" target=\"_blank\" rel=\"noopener\">Acredite na Empresa do Setor<\/a> Dispomos de uma gama completa de m\u00e1quinas de perfilagem para perfis C e Z. Todas as nossas m\u00e1quinas s\u00e3o personalizadas de acordo com as necessidades espec\u00edficas de cada cliente.<\/p>\n<p>&nbsp;<\/p>\n<p>&nbsp;<\/p>\n<p>&nbsp;<\/p>\n<p>&nbsp;<\/p>\n<p>&nbsp;<\/p>\n<p>&nbsp;<\/p>","protected":false},"excerpt":{"rendered":"<p>C and Z Purlin\u00a0 Machine can produce all the c and z purlins as desired sizes. The operator can adjust the size depend on the PLC control system. Just need input the size data ion the touch screen, the machine will automatically adjust the sizes.<\/p>","protected":false},"featured_media":3082,"comment_status":"closed","ping_status":"closed","template":"","meta":{"_angie_page":false,"jetpack_publicize_message":"","jetpack_publicize_feature_enabled":true,"jetpack_social_post_already_shared":true,"jetpack_social_options":{"image_generator_settings":{"template":"highway","default_image_id":0,"font":"","enabled":false},"version":2},"_wpas_customize_per_network":false},"product_brand":[],"product_cat":[],"product_tag":[607848558,607846086,607848559,607848560,607846090],"class_list":{"0":"post-3081","1":"product","2":"type-product","3":"status-publish","4":"has-post-thumbnail","6":"product_tag-c-and-z-purlin-machine","7":"product_tag-c-purlin-machine","8":"product_tag-c-z-purlin-machine","9":"product_tag-purlin-machine","10":"product_tag-z-purlin-machine","12":"first","13":"onbackorder","14":"sale","15":"shipping-taxable","16":"purchasable","17":"product-type-simple"},"jetpack_publicize_connections":[],"jetpack_sharing_enabled":true,"jetpack_likes_enabled":false,"jetpack-related-posts":[{"id":1669,"url":"https:\/\/believeindustry.company\/pt\/product\/z-purlin-machine\/","url_meta":{"origin":3081,"position":0},"title":"M\u00e1quina de ter\u00e7as Z","author":"Believe Industry Group","date":"Maio 8, 2018","format":false,"excerpt":"A m\u00e1quina de perfil Z \u00e9 uma m\u00e1quina de perfilagem cont\u00ednua que produz perfis Z de diversos tamanhos, conforme as necessidades do cliente. As dimens\u00f5es da alma e da flange podem ser ajustadas manual ou automaticamente.","rel":"","context":"Similar post","block_context":{"text":"Similar post","link":""},"img":{"alt_text":"Z Purlin Roll Forming Machine Cutter","src":"https:\/\/i0.wp.com\/believeindustry.company\/wp-content\/uploads\/2018\/05\/Z-Purlin-Roll-Forming-Machine-Cutter.webp?resize=350%2C200&ssl=1","width":350,"height":200,"srcset":"https:\/\/i0.wp.com\/believeindustry.company\/wp-content\/uploads\/2018\/05\/Z-Purlin-Roll-Forming-Machine-Cutter.webp?resize=350%2C200&ssl=1 1x, https:\/\/i0.wp.com\/believeindustry.company\/wp-content\/uploads\/2018\/05\/Z-Purlin-Roll-Forming-Machine-Cutter.webp?resize=525%2C300&ssl=1 1.5x, https:\/\/i0.wp.com\/believeindustry.company\/wp-content\/uploads\/2018\/05\/Z-Purlin-Roll-Forming-Machine-Cutter.webp?resize=700%2C400&ssl=1 2x"},"classes":[]},{"id":1660,"url":"https:\/\/believeindustry.company\/pt\/product\/c-purlin-machine\/","url_meta":{"origin":3081,"position":1},"title":"M\u00e1quina de ter\u00e7as C","author":"Believe Industry Group","date":"Maio 8, 2018","format":false,"excerpt":"C Purlin Machine C Purlin Machine is a continuous line to produce various sizes of C Purlins as per desired requirements M\/C of C Purlin Machine 3 Ton Manual Uncoiler Coil width: 200-580 mm Coil I.D: 480 mm to 560 mm Max.capacity: 3 Ton Structure: Steel plate and Beam Welded\u2026","rel":"","context":"Similar post","block_context":{"text":"Similar post","link":""},"img":{"alt_text":"c purlin machine","src":"https:\/\/i0.wp.com\/believeindustry.company\/wp-content\/uploads\/2018\/05\/c-purlin-machine.jpg?resize=350%2C200&ssl=1","width":350,"height":200,"srcset":"https:\/\/i0.wp.com\/believeindustry.company\/wp-content\/uploads\/2018\/05\/c-purlin-machine.jpg?resize=350%2C200&ssl=1 1x, https:\/\/i0.wp.com\/believeindustry.company\/wp-content\/uploads\/2018\/05\/c-purlin-machine.jpg?resize=525%2C300&ssl=1 1.5x, https:\/\/i0.wp.com\/believeindustry.company\/wp-content\/uploads\/2018\/05\/c-purlin-machine.jpg?resize=700%2C400&ssl=1 2x"},"classes":[]},{"id":1672,"url":"https:\/\/believeindustry.company\/pt\/product\/c-channel-roll-forming-machine\/","url_meta":{"origin":3081,"position":2},"title":"M\u00e1quina de perfilagem de canal C","author":"Believe Industry Group","date":"Maio 8, 2018","format":false,"excerpt":"The C Channel Roll Forming Machine automatically converts steel coil into precise, high-strength C-shaped purlins and profiles essential for structural building frames. Featuring an uncoiler, multiple forming stations, and a hydraulic cutter, this PLC-controlled line ensures efficient, continuous, and dimensionally accurate production of essential construction components.","rel":"","context":"Similar post","block_context":{"text":"Similar post","link":""},"img":{"alt_text":"Complete High-Efficiency C Channel Roll Forming Machine Line - Automated production line for C\/Z purlin or metal roof panels from Beli RollForming.","src":"https:\/\/i0.wp.com\/believeindustry.company\/wp-content\/uploads\/2018\/05\/C-Channel-Roll-Forming-Machine.webp?resize=350%2C200&ssl=1","width":350,"height":200,"srcset":"https:\/\/i0.wp.com\/believeindustry.company\/wp-content\/uploads\/2018\/05\/C-Channel-Roll-Forming-Machine.webp?resize=350%2C200&ssl=1 1x, https:\/\/i0.wp.com\/believeindustry.company\/wp-content\/uploads\/2018\/05\/C-Channel-Roll-Forming-Machine.webp?resize=525%2C300&ssl=1 1.5x, https:\/\/i0.wp.com\/believeindustry.company\/wp-content\/uploads\/2018\/05\/C-Channel-Roll-Forming-Machine.webp?resize=700%2C400&ssl=1 2x, https:\/\/i0.wp.com\/believeindustry.company\/wp-content\/uploads\/2018\/05\/C-Channel-Roll-Forming-Machine.webp?resize=1050%2C600&ssl=1 3x, https:\/\/i0.wp.com\/believeindustry.company\/wp-content\/uploads\/2018\/05\/C-Channel-Roll-Forming-Machine.webp?resize=1400%2C800&ssl=1 4x"},"classes":[]},{"id":5085,"url":"https:\/\/believeindustry.company\/pt\/product\/c-z-purlin-roll-former\/","url_meta":{"origin":3081,"position":3},"title":"Formadora de perfil C\/Z","author":"Believe Industry Group","date":"Mar\u00e7o 15, 2019","format":false,"excerpt":"A C \/Z purlin roll former is a specialized industrial machine designed to continuously shape flat steel coil into C-shaped and Z-shaped profiles (purlins), which are primarily used as horizontal structural supports in the roofs and walls of metal buildings. C\/Z Purlin Roll Former Believe Industry Company's latest design of\u2026","rel":"","context":"Similar post","block_context":{"text":"Similar post","link":""},"img":{"alt_text":"A complete view of a blue and yellow C\/Z purlin roll former machine, stretching across a clean factory floor with a large coil of steel at the input and multiple roll forming stations.","src":"https:\/\/i0.wp.com\/believeindustry.company\/wp-content\/uploads\/2019\/03\/high-speed-c-z-purlin-roll-forming-machine.webp?resize=350%2C200&ssl=1","width":350,"height":200,"srcset":"https:\/\/i0.wp.com\/believeindustry.company\/wp-content\/uploads\/2019\/03\/high-speed-c-z-purlin-roll-forming-machine.webp?resize=350%2C200&ssl=1 1x, https:\/\/i0.wp.com\/believeindustry.company\/wp-content\/uploads\/2019\/03\/high-speed-c-z-purlin-roll-forming-machine.webp?resize=525%2C300&ssl=1 1.5x, https:\/\/i0.wp.com\/believeindustry.company\/wp-content\/uploads\/2019\/03\/high-speed-c-z-purlin-roll-forming-machine.webp?resize=700%2C400&ssl=1 2x"},"classes":[]},{"id":1707,"url":"https:\/\/believeindustry.company\/pt\/product\/tile-roll-forming-machine\/","url_meta":{"origin":3081,"position":4},"title":"M\u00e1quina de perfilagem de ladrilhos","author":"Believe Industry Group","date":"Maio 10, 2018","format":false,"excerpt":"Tile Roll Forming Machine Tile Roll Forming Machine is a whole automatic line to produce Tiles. The workers only need input the desired data( length, quantity, step length) on the touch screen. Profile Drawings of Tiles 25-200-1000 35-192-960 28-176-704 38-200-1000 \u00a0Layout of Tile Roll Forming Machine Technical Parameters of Tile\u2026","rel":"","context":"Similar post","block_context":{"text":"Similar post","link":""},"img":{"alt_text":"Tile Roll Forming Machine","src":"https:\/\/i0.wp.com\/believeindustry.company\/wp-content\/uploads\/2018\/05\/IMG_2766-e1525934403246.jpg?resize=350%2C200&ssl=1","width":350,"height":200,"srcset":"https:\/\/i0.wp.com\/believeindustry.company\/wp-content\/uploads\/2018\/05\/IMG_2766-e1525934403246.jpg?resize=350%2C200&ssl=1 1x, https:\/\/i0.wp.com\/believeindustry.company\/wp-content\/uploads\/2018\/05\/IMG_2766-e1525934403246.jpg?resize=525%2C300&ssl=1 1.5x, https:\/\/i0.wp.com\/believeindustry.company\/wp-content\/uploads\/2018\/05\/IMG_2766-e1525934403246.jpg?resize=700%2C400&ssl=1 2x"},"classes":[]},{"id":2814,"url":"https:\/\/believeindustry.company\/pt\/product\/metal-glazed-tile-machine\/","url_meta":{"origin":3081,"position":5},"title":"M\u00e1quina de Azulejos Met\u00e1licos Esmaltados","author":"Believe Industry Group","date":"Setembro 8, 2018","format":false,"excerpt":"Metal Glazed Tile Machine Metal Glazed Tile Machine is a whole automatic line to produce Glazed Tiles. The workers only need input the desired data( length, quantity, step length) on the touch screen. Profile Drawings of Glazed Tiles Glazed Tile Roll Forming Machine is a whole automatic line to produce\u2026","rel":"","context":"Similar post","block_context":{"text":"Similar post","link":""},"img":{"alt_text":"metal glazed tile machine","src":"https:\/\/i0.wp.com\/believeindustry.company\/wp-content\/uploads\/2018\/09\/metal-glazed-tile-machine.jpg?resize=350%2C200&ssl=1","width":350,"height":200,"srcset":"https:\/\/i0.wp.com\/believeindustry.company\/wp-content\/uploads\/2018\/09\/metal-glazed-tile-machine.jpg?resize=350%2C200&ssl=1 1x, https:\/\/i0.wp.com\/believeindustry.company\/wp-content\/uploads\/2018\/09\/metal-glazed-tile-machine.jpg?resize=525%2C300&ssl=1 1.5x, https:\/\/i0.wp.com\/believeindustry.company\/wp-content\/uploads\/2018\/09\/metal-glazed-tile-machine.jpg?resize=700%2C400&ssl=1 2x, https:\/\/i0.wp.com\/believeindustry.company\/wp-content\/uploads\/2018\/09\/metal-glazed-tile-machine.jpg?resize=1050%2C600&ssl=1 3x, https:\/\/i0.wp.com\/believeindustry.company\/wp-content\/uploads\/2018\/09\/metal-glazed-tile-machine.jpg?resize=1400%2C800&ssl=1 4x"},"classes":[]}],"amp_enabled":true,"_links":{"self":[{"href":"https:\/\/believeindustry.company\/pt\/wp-json\/wp\/v2\/product\/3081","targetHints":{"allow":["GET"]}}],"collection":[{"href":"https:\/\/believeindustry.company\/pt\/wp-json\/wp\/v2\/product"}],"about":[{"href":"https:\/\/believeindustry.company\/pt\/wp-json\/wp\/v2\/types\/product"}],"replies":[{"embeddable":true,"href":"https:\/\/believeindustry.company\/pt\/wp-json\/wp\/v2\/comments?post=3081"}],"version-history":[{"count":0,"href":"https:\/\/believeindustry.company\/pt\/wp-json\/wp\/v2\/product\/3081\/revisions"}],"wp:featuredmedia":[{"embeddable":true,"href":"https:\/\/believeindustry.company\/pt\/wp-json\/wp\/v2\/media\/3082"}],"wp:attachment":[{"href":"https:\/\/believeindustry.company\/pt\/wp-json\/wp\/v2\/media?parent=3081"}],"wp:term":[{"taxonomy":"product_brand","embeddable":true,"href":"https:\/\/believeindustry.company\/pt\/wp-json\/wp\/v2\/product_brand?post=3081"},{"taxonomy":"product_cat","embeddable":true,"href":"https:\/\/believeindustry.company\/pt\/wp-json\/wp\/v2\/product_cat?post=3081"},{"taxonomy":"product_tag","embeddable":true,"href":"https:\/\/believeindustry.company\/pt\/wp-json\/wp\/v2\/product_tag?post=3081"}],"curies":[{"name":"wp","href":"https:\/\/api.w.org\/{rel}","templated":true}]}}