{"id":5079,"date":"2025-10-30T12:12:30","date_gmt":"2025-10-30T04:12:30","guid":{"rendered":"https:\/\/believeindustry.company\/?post_type=product&#038;p=5079"},"modified":"2025-11-12T15:20:15","modified_gmt":"2025-11-12T07:20:15","slug":"maquina-de-perfilagem-de-alta-velocidade-para-telhas-onduladas","status":"publish","type":"product","link":"https:\/\/believeindustry.company\/pt\/product\/high-speed-corrugated-roof-sheet-roll-forming-machine\/","title":{"rendered":"M\u00e1quina de perfilagem de alta velocidade para telhas onduladas"},"content":{"rendered":"<p><strong>M\u00e1quina de perfilagem de alta velocidade para telhas onduladas<\/strong> \u00c9 destinada \u00e0 produ\u00e7\u00e3o de chapas onduladas conforme os desenhos desejados. De acordo com o projeto padr\u00e3o, a linha de produ\u00e7\u00e3o opera a uma velocidade de 15 a 20 metros por minuto. Para clientes que necessitam de maior produtividade, aprimoramos o projeto da m\u00e1quina para atingir uma velocidade operacional de <em><span style=\"color: #993300;\">at\u00e9 45 metros por minuto<\/span><\/em>. Para suportar essa maior velocidade, a capacidade de pot\u00eancia da unidade de desenrolamento e conforma\u00e7\u00e3o de rolos foi aprimorada. Al\u00e9m disso, o sistema de transmiss\u00e3o foi melhorado, passando de acionamento por corrente para acionamento por caixa de engrenagens, para maior estabilidade e confiabilidade. O mecanismo de corte tamb\u00e9m foi atualizado, de um sistema de parada de corte para um sistema de corte com servo-rastreamento, garantindo precis\u00e3o e efici\u00eancia em altas velocidades.<\/p>\n<p><strong>Layout de uma m\u00e1quina de perfilagem de alta velocidade para telhas onduladas.<br \/>\n<img fetchpriority=\"high\" decoding=\"async\" data-attachment-id=\"18876\" data-permalink=\"https:\/\/believeindustry.company\/pt\/?attachment_id=18876\" data-orig-file=\"https:\/\/believeindustry.company\/wp-content\/uploads\/2025\/10\/High-Speed-Corrugated-Roof-Sheet-Roll-Forming-Machine-1.webp\" data-orig-size=\"1299,460\" data-comments-opened=\"1\" data-image-meta=\"{&quot;aperture&quot;:&quot;0&quot;,&quot;credit&quot;:&quot;&quot;,&quot;camera&quot;:&quot;&quot;,&quot;caption&quot;:&quot;&quot;,&quot;created_timestamp&quot;:&quot;0&quot;,&quot;copyright&quot;:&quot;&quot;,&quot;focal_length&quot;:&quot;0&quot;,&quot;iso&quot;:&quot;0&quot;,&quot;shutter_speed&quot;:&quot;0&quot;,&quot;title&quot;:&quot;&quot;,&quot;orientation&quot;:&quot;0&quot;}\" data-image-title=\"High Speed Corrugated Roof Sheet Roll Forming Machine (1)\" data-image-description=\"\" data-image-caption=\"\" data-large-file=\"https:\/\/believeindustry.company\/wp-content\/uploads\/2025\/10\/High-Speed-Corrugated-Roof-Sheet-Roll-Forming-Machine-1-1024x363.webp\" class=\"aligncenter size-large wp-image-18876\" src=\"https:\/\/believeindustry.company\/wp-content\/uploads\/2025\/10\/High-Speed-Corrugated-Roof-Sheet-Roll-Forming-Machine-1-1024x363.webp\" alt=\"m\u00e1quina-de-formar-rolamentos-de-telhado-ondulado-de-alta-velocidade\" width=\"1024\" height=\"363\" srcset=\"https:\/\/believeindustry.company\/wp-content\/uploads\/2025\/10\/High-Speed-Corrugated-Roof-Sheet-Roll-Forming-Machine-1-1024x363.webp 1024w, https:\/\/believeindustry.company\/wp-content\/uploads\/2025\/10\/High-Speed-Corrugated-Roof-Sheet-Roll-Forming-Machine-1-300x106.webp 300w, https:\/\/believeindustry.company\/wp-content\/uploads\/2025\/10\/High-Speed-Corrugated-Roof-Sheet-Roll-Forming-Machine-1-768x272.webp 768w, https:\/\/believeindustry.company\/wp-content\/uploads\/2025\/10\/High-Speed-Corrugated-Roof-Sheet-Roll-Forming-Machine-1-600x212.webp 600w, https:\/\/believeindustry.company\/wp-content\/uploads\/2025\/10\/High-Speed-Corrugated-Roof-Sheet-Roll-Forming-Machine-1.webp 1299w\" sizes=\"(max-width: 1024px) 100vw, 1024px\" \/><br \/>\n<\/strong><\/p>\n<p><strong>Processo de trabalho<\/strong>: desenrolamento \u2014 alimenta\u00e7\u00e3o e guia \u2014 conforma\u00e7\u00e3o por rolos \u2014 corte com rastreamento servo \u2014 transporte \u2014 empilhamento<\/p>\n<p><strong>Informa\u00e7\u00f5es sobre os materiais aplic\u00e1veis<\/strong><br \/>\n1. Tipo de material: bobinas de a\u00e7o colorido, bobinas de a\u00e7o galvanizado<br \/>\n2. Espessura do material: 0,3-0,8 mm<br \/>\n3. Resist\u00eancia do material: 235-345 MPa<\/p>\n<p><strong>Principais par\u00e2metros t\u00e9cnicos de uma m\u00e1quina de perfilagem de alta velocidade para telhas onduladas<br \/>\n1. Desbobinador hidr\u00e1ulico<\/strong><br \/>\nO desenrolador hidr\u00e1ulico foi projetado para suportar a bobina durante a opera\u00e7\u00e3o. Ele incorpora um bra\u00e7o de press\u00e3o e um mecanismo de frenagem para evitar o desenrolamento excessivo e garantir uma alimenta\u00e7\u00e3o controlada do material.<br \/>\n1.1 Capacidade de carga do desbobinador: M\u00e1x. 5000 kg<br \/>\n1.2 Aperto e afrouxamento interno da bobina: tipo hidr\u00e1ulico, 4 kW<br \/>\n1.3 Desenrolamento da bobina: desenrolamento el\u00e9trico, 3 kW<\/p>\n<p><strong>2. Unidade principal de conforma\u00e7\u00e3o de rolos<\/strong><br \/>\nAp\u00f3s o desenrolamento, o material \u00e9 inicialmente alimentado na unidade de alimenta\u00e7\u00e3o e guia para garantir o alinhamento preciso do centro com a m\u00e1quina. Em seguida, ele segue para a unidade de perfilagem, onde \u00e9 gradualmente moldado por meio de uma s\u00e9rie de est\u00e1gios incrementais de conforma\u00e7\u00e3o at\u00e9 que o perfil desejado seja alcan\u00e7ado.<br \/>\n2.1 Velocidade da m\u00e1quina: M\u00e1x. 45 m\/min<br \/>\n2.2 M\u00e9todo de acionamento: acionado eletricamente por caixa de engrenagens<br \/>\n2.3 Etapas de forma\u00e7\u00e3o: 20 etapas (com base nos perfis dos clientes e no projeto final)<br \/>\n2.4 Pot\u00eancia para conforma\u00e7\u00e3o de rolos: 7,5 kW<br \/>\n2.5 Material dos rolos: a\u00e7o n\u00ba 45 de alta qualidade, cromado com 0,05 mm de espessura.<br \/>\n2.6 Material dos eixos: 40Cr, 75 mm de di\u00e2metro<\/p>\n<p><strong>3. Corte de rastreamento do servo<\/strong><br \/>\nO sistema de corte com rastreamento servo \u00e9 utilizado para cortar as telhas no comprimento desejado ap\u00f3s a conforma\u00e7\u00e3o por rolos. Atualizamos a unidade de corte estacion\u00e1ria para um sistema de corte com rastreamento servo, permitindo a opera\u00e7\u00e3o cont\u00ednua de toda a linha de produ\u00e7\u00e3o sem interrup\u00e7\u00f5es.<br \/>\n3.1 Pot\u00eancia do servomotor: 3 kW<br \/>\n3.2 Pot\u00eancia de corte hidr\u00e1ulico: 5,5 kW<br \/>\n3.3 Material da l\u00e2mina de corte: Cr12Mov, HRC58-62<\/p>\n<p><strong>4. Mesa transportadora e empilhadeira autom\u00e1tica<\/strong><br \/>\nA mesa de coleta foi modernizada e transformada em uma mesa transportadora integrada a um sistema de empilhamento autom\u00e1tico, permitindo uma coordena\u00e7\u00e3o perfeita com uma linha de produ\u00e7\u00e3o de alta velocidade.<br \/>\n4.1 Pot\u00eancia para transporte: 1,5 kW<br \/>\n4.2 Autostacker tipo inferior: abaixa hidraulicamente as telhas.<\/p>\n<p><strong>5. Sistema de Controle El\u00e9trico e Sistema Hidr\u00e1ulico<br \/>\n<\/strong>O sistema de controle PLC permite que os usu\u00e1rios operem a m\u00e1quina de perfilagem de chapas onduladas de alta velocidade com facilidade. O sistema hidr\u00e1ulico fornece energia tanto para a unidade de corte quanto para a unidade de empilhamento.<br \/>\n5.1 Marca do sistema de controle PLC: Siemens\/Panasonic<br \/>\n5.2 Inversor de Frequ\u00eancia: YASKAWA<br \/>\n5.3 Codificador: Omron<br \/>\nTela sens\u00edvel ao toque de 5,4 polegadas: Siemens\/MCGS<br \/>\n5.5 Esta\u00e7\u00e3o Hidr\u00e1ulica: Pequim Huade<br \/>\n5.6 V\u00e1lvula hidr\u00e1ulica:<\/p>\n<p><strong>Fa\u00e7a parceria com a Beli RollForming para obter qualidade imbat\u00edvel.<\/strong><br \/>\nInvestir em um(a)<strong>M\u00e1quina de perfilagem de alta velocidade para telhas onduladas<\/strong>A aquisi\u00e7\u00e3o de uma m\u00e1quina de conforma\u00e7\u00e3o a rolo da Beli \u00e9 uma decis\u00e3o estrat\u00e9gica para o crescimento do seu neg\u00f3cio. Voc\u00ea n\u00e3o est\u00e1 apenas comprando uma m\u00e1quina; est\u00e1 adquirindo um parceiro de produtividade dedicado ao seu sucesso. Nossas m\u00e1quinas s\u00e3o constru\u00eddas para durar, com suporte t\u00e9cnico 24 horas por dia, 7 dias por semana, garantindo que sua opera\u00e7\u00e3o funcione sem problemas por muitos anos.<\/p>","protected":false},"excerpt":{"rendered":"<p><strong>M\u00e1quina de perfilagem de alta velocidade para telhas onduladas<\/strong> Serve para produzir chapas onduladas conforme os desenhos desejados.<\/p>","protected":false},"featured_media":18869,"comment_status":"closed","ping_status":"closed","template":"","meta":{"_angie_page":false,"jetpack_publicize_message":"","jetpack_publicize_feature_enabled":true,"jetpack_social_post_already_shared":true,"jetpack_social_options":{"image_generator_settings":{"template":"highway","default_image_id":0,"font":"","enabled":false},"version":2},"_wpas_customize_per_network":false},"product_brand":[607850681],"product_cat":[607850689,607850687],"product_tag":[607850669,607850670],"class_list":{"0":"post-5079","1":"product","2":"type-product","3":"status-publish","4":"has-post-thumbnail","6":"product_brand-believe-industry-company","7":"product_cat-metal-panel","8":"product_cat-steel-structure-and-construction","9":"product_tag-metal-roofing-sheet-roll-forming-machine","10":"product_tag-steel-roof-panel-roll-forming-machine","12":"first","13":"instock","14":"sale","15":"shipping-taxable","16":"purchasable","17":"product-type-simple"},"jetpack_publicize_connections":[],"jetpack_sharing_enabled":true,"jetpack_likes_enabled":false,"jetpack-related-posts":[{"id":1819,"url":"https:\/\/believeindustry.company\/pt\/product\/corrugated-roof-sheet-roll-forming-machine\/","url_meta":{"origin":5079,"position":0},"title":"M\u00e1quina de perfilagem de chapas onduladas para telhados","author":"Believe Industry Group","date":"Maio 17, 2018","format":false,"excerpt":"A corrugated roof sheet roll forming machine is a continuous metal processing system that bends flat steel or aluminum coils into corrugated roofing panels through a series of sequential roller stations. The machine feeds raw coil stock through 16 to 22 forming stations, where each pair of rollers incrementally bends\u2026","rel":"","context":"Similar post","block_context":{"text":"Similar post","link":""},"img":{"alt_text":"Fully Automatic Corrugated Roof Sheet Roll Forming Machine Production Line by Beli RollForming","src":"https:\/\/i0.wp.com\/believeindustry.company\/wp-content\/uploads\/2018\/05\/corrugated-roof-sheet-roll-forming-machine.webp?resize=350%2C200&ssl=1","width":350,"height":200,"srcset":"https:\/\/i0.wp.com\/believeindustry.company\/wp-content\/uploads\/2018\/05\/corrugated-roof-sheet-roll-forming-machine.webp?resize=350%2C200&ssl=1 1x, https:\/\/i0.wp.com\/believeindustry.company\/wp-content\/uploads\/2018\/05\/corrugated-roof-sheet-roll-forming-machine.webp?resize=525%2C300&ssl=1 1.5x, https:\/\/i0.wp.com\/believeindustry.company\/wp-content\/uploads\/2018\/05\/corrugated-roof-sheet-roll-forming-machine.webp?resize=700%2C400&ssl=1 2x, https:\/\/i0.wp.com\/believeindustry.company\/wp-content\/uploads\/2018\/05\/corrugated-roof-sheet-roll-forming-machine.webp?resize=1050%2C600&ssl=1 3x, https:\/\/i0.wp.com\/believeindustry.company\/wp-content\/uploads\/2018\/05\/corrugated-roof-sheet-roll-forming-machine.webp?resize=1400%2C800&ssl=1 4x"},"classes":[]},{"id":5105,"url":"https:\/\/believeindustry.company\/pt\/product\/metal-roof-deck-roll-forming-machine\/","url_meta":{"origin":5079,"position":1},"title":"M\u00e1quina de perfilagem de telhas met\u00e1licas","author":"Believe Industry Group","date":"Mar\u00e7o 18, 2019","format":false,"excerpt":"Metal roof deck roll forming machine is for producing metal\/steel\/aluminum roof decks as per requirements. \u00a0 Metal Roof Deck Roll Forming Machine What's Metal Roof Deck? Metal deck is a cold formed corrugated steel sheet supported by steel joists\u00a0or beams. It is used to support concrete or insulating membrane of\u2026","rel":"","context":"Similar post","block_context":{"text":"Similar post","link":""},"img":{"alt_text":"Complete automated metal roof deck roll forming machine production line by Beli.","src":"https:\/\/i0.wp.com\/believeindustry.company\/wp-content\/uploads\/2019\/03\/metal-roof-deck-roll-forming-machine-1.webp?resize=350%2C200&ssl=1","width":350,"height":200,"srcset":"https:\/\/i0.wp.com\/believeindustry.company\/wp-content\/uploads\/2019\/03\/metal-roof-deck-roll-forming-machine-1.webp?resize=350%2C200&ssl=1 1x, https:\/\/i0.wp.com\/believeindustry.company\/wp-content\/uploads\/2019\/03\/metal-roof-deck-roll-forming-machine-1.webp?resize=525%2C300&ssl=1 1.5x, https:\/\/i0.wp.com\/believeindustry.company\/wp-content\/uploads\/2019\/03\/metal-roof-deck-roll-forming-machine-1.webp?resize=700%2C400&ssl=1 2x, https:\/\/i0.wp.com\/believeindustry.company\/wp-content\/uploads\/2019\/03\/metal-roof-deck-roll-forming-machine-1.webp?resize=1050%2C600&ssl=1 3x, https:\/\/i0.wp.com\/believeindustry.company\/wp-content\/uploads\/2019\/03\/metal-roof-deck-roll-forming-machine-1.webp?resize=1400%2C800&ssl=1 4x"},"classes":[]},{"id":19368,"url":"https:\/\/believeindustry.company\/pt\/product\/trapezoidal-ribbed-spandeck-roof-and-wall-cladding-roll-forming-machine\/","url_meta":{"origin":5079,"position":2},"title":"M\u00e1quina de perfilagem para revestimento de telhados e paredes com nervuras trapezoidais","author":"Believe Industry Group","date":"Novembro 12, 2025","format":false,"excerpt":"Trapezoidal Ribbed Spandeck Roof and Wall Cladding Roll Forming Machine\u200b from Beli RollForming is the ultimate industrial solution for manufacturers seeking to produce high-quality, durable building panels with unmatched precision and speed. This advanced machine is engineered to transform raw metal coils into robust spandeck profiles, a cornerstone of modern\u2026","rel":"","context":"Similar post","block_context":{"text":"Similar post","link":""},"img":{"alt_text":"Trapezoidal Ribbed Spandeck Roof and Wall Cladding Roll Forming Machine","src":"https:\/\/i0.wp.com\/believeindustry.company\/wp-content\/uploads\/2025\/11\/Trapezoidal-Ribbed-Spandeck-Roof-and-Wall-Cladding-Roll-Forming-Machine.webp?resize=350%2C200&ssl=1","width":350,"height":200,"srcset":"https:\/\/i0.wp.com\/believeindustry.company\/wp-content\/uploads\/2025\/11\/Trapezoidal-Ribbed-Spandeck-Roof-and-Wall-Cladding-Roll-Forming-Machine.webp?resize=350%2C200&ssl=1 1x, https:\/\/i0.wp.com\/believeindustry.company\/wp-content\/uploads\/2025\/11\/Trapezoidal-Ribbed-Spandeck-Roof-and-Wall-Cladding-Roll-Forming-Machine.webp?resize=525%2C300&ssl=1 1.5x, https:\/\/i0.wp.com\/believeindustry.company\/wp-content\/uploads\/2025\/11\/Trapezoidal-Ribbed-Spandeck-Roof-and-Wall-Cladding-Roll-Forming-Machine.webp?resize=700%2C400&ssl=1 2x"},"classes":[]},{"id":18712,"url":"https:\/\/believeindustry.company\/pt\/product\/double-layer-roofing-sheet-roll-forming-machine\/","url_meta":{"origin":5079,"position":3},"title":"M\u00e1quina de perfilagem de chapas de cobertura de dupla camada","author":"Believe Industry Group","date":"Outubro 16, 2025","format":false,"excerpt":"A m\u00e1quina de perfilagem de chapas de cobertura de dupla camada, como o nome indica, incorpora duas camadas de perfilagem independentes, cada uma capaz de produzir um perfil de cobertura distinto.","rel":"","context":"Similar post","block_context":{"text":"Similar post","link":""},"img":{"alt_text":"Double Layer Roofing Roll Forming Machine","src":"https:\/\/i0.wp.com\/believeindustry.company\/wp-content\/uploads\/2025\/10\/Double-Layer-Roofing-Roll-Forming-Machine.webp?resize=350%2C200&ssl=1","width":350,"height":200,"srcset":"https:\/\/i0.wp.com\/believeindustry.company\/wp-content\/uploads\/2025\/10\/Double-Layer-Roofing-Roll-Forming-Machine.webp?resize=350%2C200&ssl=1 1x, https:\/\/i0.wp.com\/believeindustry.company\/wp-content\/uploads\/2025\/10\/Double-Layer-Roofing-Roll-Forming-Machine.webp?resize=525%2C300&ssl=1 1.5x, https:\/\/i0.wp.com\/believeindustry.company\/wp-content\/uploads\/2025\/10\/Double-Layer-Roofing-Roll-Forming-Machine.webp?resize=700%2C400&ssl=1 2x, https:\/\/i0.wp.com\/believeindustry.company\/wp-content\/uploads\/2025\/10\/Double-Layer-Roofing-Roll-Forming-Machine.webp?resize=1050%2C600&ssl=1 3x, https:\/\/i0.wp.com\/believeindustry.company\/wp-content\/uploads\/2025\/10\/Double-Layer-Roofing-Roll-Forming-Machine.webp?resize=1400%2C800&ssl=1 4x"},"classes":[]},{"id":19273,"url":"https:\/\/believeindustry.company\/pt\/product\/75mm-deep-galvanized-steel-floor-decking-sheet-roll-forming-machine\/","url_meta":{"origin":5079,"position":4},"title":"M\u00e1quina de perfilagem de chapas de a\u00e7o galvanizado para lajes de piso com 75 mm de profundidade","author":"Believe Industry Group","date":"Novembro 11, 2025","format":false,"excerpt":"The \u200b75mm Deep Galvanized Steel Floor Decking Sheet Roll Forming Machine\u200b is a precision-engineered solution for manufacturing one of the most robust profiles in modern construction. At Beli RollForming, we design this machine to deliver unmatched reliability, speed, and consistency, enabling producers to meet the stringent demands of large-scale commercial\u2026","rel":"","context":"Similar post","block_context":{"text":"Similar post","link":""},"img":{"alt_text":"75mm Deep Galvanized Steel Floor Decking Sheet Roll Forming Machine","src":"https:\/\/i0.wp.com\/believeindustry.company\/wp-content\/uploads\/2025\/11\/75mm-Deep-Galvanized-Steel-Floor-Decking-Sheet-Roll-Forming-Machine.webp?resize=350%2C200&ssl=1","width":350,"height":200,"srcset":"https:\/\/i0.wp.com\/believeindustry.company\/wp-content\/uploads\/2025\/11\/75mm-Deep-Galvanized-Steel-Floor-Decking-Sheet-Roll-Forming-Machine.webp?resize=350%2C200&ssl=1 1x, https:\/\/i0.wp.com\/believeindustry.company\/wp-content\/uploads\/2025\/11\/75mm-Deep-Galvanized-Steel-Floor-Decking-Sheet-Roll-Forming-Machine.webp?resize=525%2C300&ssl=1 1.5x, https:\/\/i0.wp.com\/believeindustry.company\/wp-content\/uploads\/2025\/11\/75mm-Deep-Galvanized-Steel-Floor-Decking-Sheet-Roll-Forming-Machine.webp?resize=700%2C400&ssl=1 2x"},"classes":[]},{"id":19473,"url":"https:\/\/believeindustry.company\/pt\/product\/metal-tile-roof-panel-roll-forming-machine\/","url_meta":{"origin":5079,"position":5},"title":"M\u00e1quina de perfilagem de pain\u00e9is de telha met\u00e1lica","author":"Believe Industry Group","date":"Novembro 13, 2025","format":false,"excerpt":"As m\u00e1quinas de perfilagem de telhas met\u00e1licas s\u00e3o a base da fabrica\u00e7\u00e3o moderna e eficiente de materiais de constru\u00e7\u00e3o. Na Beli RollForming, projetamos esses sistemas avan\u00e7ados para converter bobinas de a\u00e7o bruto em telhas met\u00e1licas de alta precis\u00e3o e com um acabamento esteticamente agrad\u00e1vel, com excepcional consist\u00eancia e rapidez.","rel":"","context":"Similar post","block_context":{"text":"Similar post","link":""},"img":{"alt_text":"metal tile roof panel roll forming machine","src":"https:\/\/i0.wp.com\/believeindustry.company\/wp-content\/uploads\/2025\/11\/Metal-Tile-Roof-Panel-Roll-Forming-Machine.webp?resize=350%2C200&ssl=1","width":350,"height":200,"srcset":"https:\/\/i0.wp.com\/believeindustry.company\/wp-content\/uploads\/2025\/11\/Metal-Tile-Roof-Panel-Roll-Forming-Machine.webp?resize=350%2C200&ssl=1 1x, https:\/\/i0.wp.com\/believeindustry.company\/wp-content\/uploads\/2025\/11\/Metal-Tile-Roof-Panel-Roll-Forming-Machine.webp?resize=525%2C300&ssl=1 1.5x, https:\/\/i0.wp.com\/believeindustry.company\/wp-content\/uploads\/2025\/11\/Metal-Tile-Roof-Panel-Roll-Forming-Machine.webp?resize=700%2C400&ssl=1 2x"},"classes":[]}],"amp_enabled":true,"_links":{"self":[{"href":"https:\/\/believeindustry.company\/pt\/wp-json\/wp\/v2\/product\/5079","targetHints":{"allow":["GET"]}}],"collection":[{"href":"https:\/\/believeindustry.company\/pt\/wp-json\/wp\/v2\/product"}],"about":[{"href":"https:\/\/believeindustry.company\/pt\/wp-json\/wp\/v2\/types\/product"}],"replies":[{"embeddable":true,"href":"https:\/\/believeindustry.company\/pt\/wp-json\/wp\/v2\/comments?post=5079"}],"version-history":[{"count":16,"href":"https:\/\/believeindustry.company\/pt\/wp-json\/wp\/v2\/product\/5079\/revisions"}],"predecessor-version":[{"id":18880,"href":"https:\/\/believeindustry.company\/pt\/wp-json\/wp\/v2\/product\/5079\/revisions\/18880"}],"wp:featuredmedia":[{"embeddable":true,"href":"https:\/\/believeindustry.company\/pt\/wp-json\/wp\/v2\/media\/18869"}],"wp:attachment":[{"href":"https:\/\/believeindustry.company\/pt\/wp-json\/wp\/v2\/media?parent=5079"}],"wp:term":[{"taxonomy":"product_brand","embeddable":true,"href":"https:\/\/believeindustry.company\/pt\/wp-json\/wp\/v2\/product_brand?post=5079"},{"taxonomy":"product_cat","embeddable":true,"href":"https:\/\/believeindustry.company\/pt\/wp-json\/wp\/v2\/product_cat?post=5079"},{"taxonomy":"product_tag","embeddable":true,"href":"https:\/\/believeindustry.company\/pt\/wp-json\/wp\/v2\/product_tag?post=5079"}],"curies":[{"name":"wp","href":"https:\/\/api.w.org\/{rel}","templated":true}]}}