{"id":742,"date":"2018-03-28T16:18:39","date_gmt":"2018-03-28T08:18:39","guid":{"rendered":"https:\/\/believeindustry.company\/?page_id=742"},"modified":"2025-12-05T15:14:43","modified_gmt":"2025-12-05T07:14:43","slug":"light-gauge-cut-to-length-line","status":"publish","type":"page","link":"https:\/\/believeindustry.company\/th\/coil-process-equipment\/cut-to-length-lines\/light-gauge-cut-to-length-line\/","title":{"rendered":"Light Gauge Cut To Length Line"},"content":{"rendered":"<p>BELI\u00ae have full range of Coil Process Equipment: Slitting Lines, Cut To Length Lines, Blank Lines. And the Cut To Length Line is classified\u00a0into 3 classes: \u00a0Heavy Gauge, \u00a0Medium Gauge and \u00a0Light Gauge Cut To Length Line. All our lines are customized for different demands<\/p>\r\n\r\n\r\n\r\n<p><!--more--><\/p>\r\n\r\n\r\n\r\n<h1 class=\"wp-block-heading\"><span style=\"font-size: 18pt;\">Light Gauge Cut To Length Line<\/span><\/h1>\r\n\r\n\r\n\r\n<h6 class=\"wp-block-heading\"><strong><b>Suitable Coil Material of Light Gauge Cut To Length Line<\/b><\/strong><\/h6>\r\n\r\n\r\n\r\n<ol class=\"wp-block-list\">\r\n<li>Coil material: cold roll coils, galvanized coils, stainless steel coils<\/li>\r\n<li>Strength: \u03b4s\u2264350MPa, \u03b4b\u2264600MPa<\/li>\r\n<li>Coil thickness: 0.8mm-3mm<\/li>\r\n<li>Mother Coil width: Max. 1600mm<\/li>\r\n<li>Coil I.D: 508mm<\/li>\r\n<li>Coil O.D: Max. 1800mm<\/li>\r\n<li>Coil weight: 25000kg<\/li>\r\n<\/ol>\r\n\r\n\r\n\r\n<h6 class=\"wp-block-heading\"><strong><b>Main Technical Parameters of Cut to length line<\/b><\/strong><\/h6>\r\n\r\n\r\n\r\n<ol class=\"wp-block-list\">\r\n<li>Line speed: 0-60 m\/min<\/li>\r\n<li>Cutting length: 500-4000 mm<\/li>\r\n<li>Cutting rate: 15 pieces\/min (when cutting length is 2000mm)<\/li>\r\n<li>Length tolerance: \u00b10.5 mm (when cutting length is 1000mm)<\/li>\r\n<li>Diagonal tolerance: \u00b10.5 mm (when cutting length is 1000mm)<\/li>\r\n<li>Straightening tolerance: \u00b11 mm\/m<sup>2<\/sup><\/li>\r\n<li>Total power: about 80 KW<\/li>\r\n<li>Total weight: about 50 T<\/li>\r\n<li>Space required: About 20 m\u00d78 m\u00d73 m(L\u00d7W\u00d7H)<\/li>\r\n<\/ol>\r\n\r\n\r\n\r\n<h6 class=\"wp-block-heading\"><strong><b>Main Components of the Line:<\/b><\/strong><\/h6>\r\n\r\n\r\n\r\n<ol class=\"wp-block-list\">\r\n<li>\u0e42\u0e15\u0e4a\u0e30\u0e40\u0e15\u0e23\u0e35\u0e22\u0e21\u0e02\u0e14\u0e25\u0e27\u0e14\u0e23\u0e39\u0e1b\u0e15\u0e31\u0e27\u0e27\u0e35<\/li>\r\n<li>\u0e23\u0e16\u0e02\u0e19\u0e02\u0e14\u0e25\u0e27\u0e14<\/li>\r\n<li>\u0e40\u0e04\u0e23\u0e37\u0e48\u0e2d\u0e07\u0e04\u0e25\u0e32\u0e22\u0e02\u0e14\u0e25\u0e27\u0e14\u0e44\u0e2e\u0e14\u0e23\u0e2d\u0e25\u0e34\u0e01\u0e41\u0e1a\u0e1a\u0e41\u0e02\u0e19\u0e40\u0e14\u0e35\u0e48\u0e22\u0e27<\/li>\r\n<li>\u0e2d\u0e38\u0e1b\u0e01\u0e23\u0e13\u0e4c\u0e19\u0e33\u0e17\u0e32\u0e07 \u0e15\u0e31\u0e01 \u0e41\u0e25\u0e30\u0e08\u0e31\u0e14\u0e40\u0e23\u0e35\u0e22\u0e07\u0e02\u0e14\u0e25\u0e27\u0e14\u0e43\u0e2b\u0e49\u0e15\u0e23\u0e07<\/li>\r\n<li>Pinch roll feeding device and 17-roller straightening device<\/li>\r\n<li>\u0e42\u0e15\u0e4a\u0e30\u0e2a\u0e30\u0e1e\u0e32\u0e19\u0e2b\u0e25\u0e38\u0e21\u0e27\u0e19<\/li>\r\n<li>\u0e2d\u0e38\u0e1b\u0e01\u0e23\u0e13\u0e4c\u0e19\u0e33\u0e17\u0e32\u0e07<\/li>\r\n<li>9-roller finish straightening device<\/li>\r\n<li>\u0e2d\u0e38\u0e1b\u0e01\u0e23\u0e13\u0e4c\u0e15\u0e31\u0e14\u0e44\u0e2e\u0e14\u0e23\u0e2d\u0e25\u0e34\u0e01<\/li>\r\n<li>\u0e2d\u0e38\u0e1b\u0e01\u0e23\u0e13\u0e4c\u0e25\u0e33\u0e40\u0e25\u0e35\u0e22\u0e07\u0e41\u0e25\u0e30\u0e27\u0e32\u0e07\u0e41\u0e1c\u0e48\u0e19<\/li>\r\n<li>\u0e2d\u0e38\u0e1b\u0e01\u0e23\u0e13\u0e4c\u0e1b\u0e23\u0e31\u0e1a\u0e23\u0e30\u0e14\u0e31\u0e1a\u0e41\u0e25\u0e30\u0e02\u0e19\u0e32\u0e19\u0e41\u0e1a\u0e1a\u0e43\u0e0a\u0e49\u0e25\u0e21<\/li>\r\n<li>\u0e42\u0e15\u0e4a\u0e30\u0e08\u0e31\u0e14\u0e40\u0e01\u0e47\u0e1a\u0e44\u0e2e\u0e14\u0e23\u0e2d\u0e25\u0e34\u0e01<\/li>\r\n<li>\u0e02\u0e19\u0e16\u0e48\u0e32\u0e22\u0e2a\u0e34\u0e19\u0e04\u0e49\u0e32\u0e2d\u0e2d\u0e01\u0e08\u0e32\u0e01\u0e23\u0e16<\/li>\r\n<li>\u0e23\u0e30\u0e1a\u0e1a\u0e44\u0e2e\u0e14\u0e23\u0e2d\u0e25\u0e34\u0e01<\/li>\r\n<li>\u0e23\u0e30\u0e1a\u0e1a\u0e19\u0e34\u0e27\u0e41\u0e21\u0e15\u0e34\u0e01<\/li>\r\n<li>\u0e23\u0e30\u0e1a\u0e1a\u0e44\u0e1f\u0e1f\u0e49\u0e32<\/li>\r\n<\/ol>\r\n\r\n\r\n\r\n<figure class=\"wp-block-image\"><img fetchpriority=\"high\" decoding=\"async\" width=\"750\" height=\"499\" data-attachment-id=\"48\" data-permalink=\"https:\/\/believeindustry.company\/th\/?attachment_id=48\" data-orig-file=\"https:\/\/believeindustry.company\/wp-content\/uploads\/2018\/03\/Layout-of-slitting-line.jpg\" data-orig-size=\"750,499\" data-comments-opened=\"1\" data-image-meta=\"{&quot;aperture&quot;:&quot;0&quot;,&quot;credit&quot;:&quot;&quot;,&quot;camera&quot;:&quot;&quot;,&quot;caption&quot;:&quot;&quot;,&quot;created_timestamp&quot;:&quot;0&quot;,&quot;copyright&quot;:&quot;&quot;,&quot;focal_length&quot;:&quot;0&quot;,&quot;iso&quot;:&quot;0&quot;,&quot;shutter_speed&quot;:&quot;0&quot;,&quot;title&quot;:&quot;&quot;,&quot;orientation&quot;:&quot;0&quot;}\" data-image-title=\"2\" data-image-description=\"\" data-image-caption=\"\" data-large-file=\"https:\/\/believeindustry.company\/wp-content\/uploads\/2018\/03\/Layout-of-slitting-line.jpg\" class=\"wp-image-48\" src=\"https:\/\/believeindustry.company\/wp-content\/uploads\/2018\/03\/Layout-of-slitting-line.jpg\" alt=\"\" srcset=\"https:\/\/believeindustry.company\/wp-content\/uploads\/2018\/03\/Layout-of-slitting-line.jpg 750w, https:\/\/believeindustry.company\/wp-content\/uploads\/2018\/03\/Layout-of-slitting-line-600x399.jpg 600w\" sizes=\"(max-width: 750px) 100vw, 750px\" \/><\/figure>\r\n\r\n\r\n\r\n<h6 class=\"wp-block-heading\">\u0e04\u0e33\u0e16\u0e32\u0e21\u0e17\u0e35\u0e48\u0e1e\u0e1a\u0e1a\u0e48\u0e2d\u0e22<\/h6>\r\n\r\n\r\n\r\n<ul class=\"wp-block-list\">\r\n<li><strong>Q: What information you should know before quote to us?<\/strong><br \/>A: Material Details: thickness, width, strength. and also the maximum length of the sheet you want to cut.<\/li>\r\n<li><strong>Q: Is it possible to cut the sheet thickness range from 0.2 to 5mm<\/strong><br \/>A: Better choose 2 straightening device for such thickness range, one is for 0.2-2 mm, anther is for 2-5 mm. cutting is ok, but the flatness degree is also important<\/li>\r\n<\/ul>\r\n\r\n\r\n\r\n<p>BELI\u00ae also have series kind of roll forming machines: <a title=\"Information of roofing sheets roll forming machine\" href=\"https:\/\/believeindustry.company\/th\/%e0%b9%80%e0%b8%84%e0%b8%a3%e0%b8%b7%e0%b9%88%e0%b8%ad%e0%b8%87%e0%b8%82%e0%b8%b6%e0%b9%89%e0%b8%99%e0%b8%a3%e0%b8%b9%e0%b8%9b%e0%b8%a1%e0%b9%89%e0%b8%a7%e0%b8%99\/%e0%b9%80%e0%b8%84%e0%b8%a3%e0%b8%b7%e0%b9%88%e0%b8%ad%e0%b8%87%e0%b8%82%e0%b8%b6%e0%b9%89%e0%b8%99%e0%b8%a3%e0%b8%b9%e0%b8%9b%e0%b9%81%e0%b8%9c%e0%b9%88%e0%b8%99%e0%b9%82%e0%b8%a5%e0%b8%ab%e0%b8%b0\/%e0%b9%80%e0%b8%84%e0%b8%a3%e0%b8%b7%e0%b9%88%e0%b8%ad%e0%b8%87%e0%b8%82%e0%b8%b6%e0%b9%89%e0%b8%99%e0%b8%a3%e0%b8%b9%e0%b8%9b%e0%b8%a1%e0%b9%89%e0%b8%a7%e0%b8%99%e0%b9%81%e0%b8%9c%e0%b9%88%e0%b8%99-4\/\" rel=\"\">\u0e40\u0e04\u0e23\u0e37\u0e48\u0e2d\u0e07\u0e02\u0e36\u0e49\u0e19\u0e23\u0e39\u0e1b\u0e21\u0e49\u0e27\u0e19\u0e41\u0e1c\u0e48\u0e19\u0e2b\u0e25\u0e31\u0e07\u0e04\u0e32<\/a>, Wall Cladding Roll Forming Machine, <a title=\"Information oif steel door roll forming machine\" href=\"https:\/\/believeindustry.company\/th\/%e0%b9%80%e0%b8%84%e0%b8%a3%e0%b8%b7%e0%b9%88%e0%b8%ad%e0%b8%87%e0%b8%82%e0%b8%b6%e0%b9%89%e0%b8%99%e0%b8%a3%e0%b8%b9%e0%b8%9b%e0%b8%a1%e0%b9%89%e0%b8%a7%e0%b8%99\/%e0%b9%80%e0%b8%84%e0%b8%a3%e0%b8%b7%e0%b9%88%e0%b8%ad%e0%b8%87%e0%b8%82%e0%b8%b6%e0%b9%89%e0%b8%99%e0%b8%a3%e0%b8%b9%e0%b8%9b%e0%b8%a1%e0%b9%89%e0%b8%a7%e0%b8%99%e0%b8%9b%e0%b8%a3%e0%b8%b0%e0%b8%95\/\" rel=\"\">\u0e40\u0e04\u0e23\u0e37\u0e48\u0e2d\u0e07\u0e02\u0e36\u0e49\u0e19\u0e23\u0e39\u0e1b\u0e21\u0e49\u0e27\u0e19\u0e1b\u0e23\u0e30\u0e15\u0e39\u0e40\u0e2b\u0e25\u0e47\u0e01<\/a>, <a title=\"More information of Purlin Roll Forming Machina\" href=\"https:\/\/believeindustry.company\/th\/%e0%b9%80%e0%b8%84%e0%b8%a3%e0%b8%b7%e0%b9%88%e0%b8%ad%e0%b8%87%e0%b8%82%e0%b8%b6%e0%b9%89%e0%b8%99%e0%b8%a3%e0%b8%b9%e0%b8%9b%e0%b8%a1%e0%b9%89%e0%b8%a7%e0%b8%99\/%e0%b9%80%e0%b8%84%e0%b8%a3%e0%b8%b7%e0%b9%88%e0%b8%ad%e0%b8%87%e0%b8%82%e0%b8%b6%e0%b9%89%e0%b8%99%e0%b8%a3%e0%b8%b9%e0%b8%9b%e0%b8%a1%e0%b9%89%e0%b8%a7%e0%b8%99%e0%b9%81%e0%b8%9b\/%e0%b9%80%e0%b8%84%e0%b8%a3%e0%b8%b7%e0%b9%88%e0%b8%ad%e0%b8%87%e0%b8%82%e0%b8%b6%e0%b9%89%e0%b8%99%e0%b8%a3%e0%b8%b9%e0%b8%9b%e0%b9%80%e0%b8%ab%e0%b8%a5%e0%b9%87%e0%b8%81%e0%b9%81%e0%b8%9b-cz-2\/\" rel=\"\">\u0e40\u0e04\u0e23\u0e37\u0e48\u0e2d\u0e07\u0e02\u0e36\u0e49\u0e19\u0e23\u0e39\u0e1b\u0e21\u0e49\u0e27\u0e19\u0e41\u0e1b<\/a>, Stud and Track Roll Forming Machine. \u00a0and we also accept Customized Profile to Manufacturer Roll Forming Machine.<\/p>","protected":false},"excerpt":{"rendered":"<p>BELI\u00ae have full range of Coil Process Equipment: Slitting Lines, Cut To Length Lines, Blank Lines. And the Cut To Length Line is classified\u00a0into 3 classes: \u00a0Heavy Gauge, \u00a0Medium Gauge and \u00a0Light Gauge Cut To Length Line. All our lines are customized for different demands<\/p>","protected":false},"author":2,"featured_media":745,"parent":407,"menu_order":0,"comment_status":"closed","ping_status":"closed","template":"","meta":{"_angie_page":false,"footnotes":"","big_sky_generated":false},"tags":[],"class_list":["post-742","page","type-page","status-publish","has-post-thumbnail","hentry"],"blocksy_meta":[],"jetpack_sharing_enabled":true,"jetpack_shortlink":"https:\/\/wp.me\/P9K5n8-bY","jetpack_likes_enabled":false,"jetpack-related-posts":[{"id":407,"url":"https:\/\/believeindustry.company\/th\/coil-process-equipment\/cut-to-length-lines\/","url_meta":{"origin":742,"position":0},"title":"\u0e40\u0e2a\u0e49\u0e19\u0e15\u0e31\u0e14\u0e15\u0e32\u0e21\u0e04\u0e27\u0e32\u0e21\u0e22\u0e32\u0e27","author":"Believe Industry Group","date":"\u0e21\u0e35\u0e19\u0e32\u0e04\u0e21 16, 2018","format":false,"excerpt":"BELI\u00ae Cut To Length Lines(One of coil process equipment) is \u00a0used to cut the straightening metal strip into metal sheet and stack it automatically, Cut To Length Lines Depending on the requirements, we have 3 kinds or range cut to length line: Light Gauge Cut To Length Lines: (0.3-4mm)*2000mm Medium\u2026","rel":"","context":"In \"CR CTL Line\"","block_context":{"text":"CR CTL Line","link":"https:\/\/believeindustry.company\/th\/tag\/cr-ctl-line\/"},"img":{"alt_text":"cut to length line","src":"https:\/\/i0.wp.com\/believeindustry.company\/wp-content\/uploads\/2018\/03\/26231297_150092292446410_1585691537264983272_n-e1522734138474.jpg?resize=350%2C200&ssl=1","width":350,"height":200,"srcset":"https:\/\/i0.wp.com\/believeindustry.company\/wp-content\/uploads\/2018\/03\/26231297_150092292446410_1585691537264983272_n-e1522734138474.jpg?resize=350%2C200&ssl=1 1x, https:\/\/i0.wp.com\/believeindustry.company\/wp-content\/uploads\/2018\/03\/26231297_150092292446410_1585691537264983272_n-e1522734138474.jpg?resize=525%2C300&ssl=1 1.5x, https:\/\/i0.wp.com\/believeindustry.company\/wp-content\/uploads\/2018\/03\/26231297_150092292446410_1585691537264983272_n-e1522734138474.jpg?resize=700%2C400&ssl=1 2x"},"classes":[]},{"id":2477,"url":"https:\/\/believeindustry.company\/th\/coil-process-equipment\/cut-to-length-lines\/heavy-gauge-ctl-line\/","url_meta":{"origin":742,"position":1},"title":"Heavy Gauge Ctl Line","author":"Believe Industry Group","date":"\u0e01\u0e23\u0e01\u0e0e\u0e32\u0e04\u0e21 19, 2018","format":false,"excerpt":"Heavy Gauge CTL Line is for cut 3.2mm -15mm thickness carbon steel coils into sheets. which coil weight is up to 25 Ton. Heavy Gauge CTL Line Work Flow and Layout of Cut-To-Length Line Heavy Gauge CTL Line \u00a0Parameters ITEM PARAMETER Specifications Material carbon steel plate Thickness 3.2mm\u201415mm Width 600mm\u20141600mm\u2026","rel":"","context":"In \"CR CTL Line\"","block_context":{"text":"CR CTL Line","link":"https:\/\/believeindustry.company\/th\/tag\/cr-ctl-line\/"},"img":{"alt_text":"heavy gauge ctl line","src":"https:\/\/i0.wp.com\/believeindustry.company\/wp-content\/uploads\/2018\/07\/heavy-gauge-ctl-line.jpg?resize=350%2C200&ssl=1","width":350,"height":200,"srcset":"https:\/\/i0.wp.com\/believeindustry.company\/wp-content\/uploads\/2018\/07\/heavy-gauge-ctl-line.jpg?resize=350%2C200&ssl=1 1x, https:\/\/i0.wp.com\/believeindustry.company\/wp-content\/uploads\/2018\/07\/heavy-gauge-ctl-line.jpg?resize=525%2C300&ssl=1 1.5x, https:\/\/i0.wp.com\/believeindustry.company\/wp-content\/uploads\/2018\/07\/heavy-gauge-ctl-line.jpg?resize=700%2C400&ssl=1 2x, https:\/\/i0.wp.com\/believeindustry.company\/wp-content\/uploads\/2018\/07\/heavy-gauge-ctl-line.jpg?resize=1050%2C600&ssl=1 3x"},"classes":[]},{"id":475,"url":"https:\/\/believeindustry.company\/th\/coil-process-equipment\/slitting-line\/medium-gauge-slitting-line\/","url_meta":{"origin":742,"position":2},"title":"\u0e2a\u0e32\u0e22\u0e15\u0e31\u0e14\u0e41\u0e1c\u0e48\u0e19\u0e40\u0e2b\u0e25\u0e47\u0e01\u0e02\u0e19\u0e32\u0e14\u0e01\u0e25\u0e32\u0e07","author":"Believe Industry Group","date":"\u0e21\u0e35\u0e19\u0e32\u0e04\u0e21 16, 2018","format":false,"excerpt":"Medium Gauge Slitting Line, which is used to slitting the coils\/rolls(Thickness is 2-8mm, width: 500-2600mm, weight is 15-25 Ton) \u00a0into desired narrow coils\/rolls, Medium Gauge Slitting Line BELI\u00ae\u00a0is one of slitting line manufacturers in Wuxi, China, we have full range of Light Gauge Slitting Lines for different demands. please refer\u2026","rel":"","context":"In \"Coil Slitting Line\"","block_context":{"text":"Coil Slitting Line","link":"https:\/\/believeindustry.company\/th\/tag\/coil-slitting-line\/"},"img":{"alt_text":"Medium Gauge Slitting Line","src":"https:\/\/i0.wp.com\/believeindustry.company\/wp-content\/uploads\/2018\/03\/Medium-Gauge-Slitting-Line-1.jpg?resize=350%2C200&ssl=1","width":350,"height":200,"srcset":"https:\/\/i0.wp.com\/believeindustry.company\/wp-content\/uploads\/2018\/03\/Medium-Gauge-Slitting-Line-1.jpg?resize=350%2C200&ssl=1 1x, https:\/\/i0.wp.com\/believeindustry.company\/wp-content\/uploads\/2018\/03\/Medium-Gauge-Slitting-Line-1.jpg?resize=525%2C300&ssl=1 1.5x, https:\/\/i0.wp.com\/believeindustry.company\/wp-content\/uploads\/2018\/03\/Medium-Gauge-Slitting-Line-1.jpg?resize=700%2C400&ssl=1 2x, https:\/\/i0.wp.com\/believeindustry.company\/wp-content\/uploads\/2018\/03\/Medium-Gauge-Slitting-Line-1.jpg?resize=1050%2C600&ssl=1 3x"},"classes":[]},{"id":1289,"url":"https:\/\/believeindustry.company\/th\/coil-process-equipment\/slitting-line\/heavy-gauge-slitting-line\/","url_meta":{"origin":742,"position":3},"title":"\u0e2a\u0e32\u0e22\u0e01\u0e32\u0e23\u0e1c\u0e25\u0e34\u0e15\u0e15\u0e31\u0e14\u0e41\u0e1c\u0e48\u0e19\u0e42\u0e25\u0e2b\u0e30\u0e2b\u0e19\u0e32","author":"Believe Industry Group","date":"\u0e40\u0e21\u0e29\u0e32\u0e22\u0e19 16, 2018","format":false,"excerpt":"Heavy Gauge Slitting Line, which is used to slitting the coils\/rolls(Thickness is 8-20 mm, width: 600-2600mm, weight is 15-35Ton) \u00a0into desired narrow coils\/rolls, Heavy Gauge Slitting Line Details BELI\u00ae is engage in designing and manufacturing full range of Slitting Lines as per demands. We have a professional team with years'\u2026","rel":"","context":"In \"Coil Slitting Line\"","block_context":{"text":"Coil Slitting Line","link":"https:\/\/believeindustry.company\/th\/tag\/coil-slitting-line\/"},"img":{"alt_text":"Heavy Gauge Slitting Line","src":"https:\/\/i0.wp.com\/believeindustry.company\/wp-content\/uploads\/2018\/03\/Heavy-Gauge-Slitting-Line-1.jpg?resize=350%2C200&ssl=1","width":350,"height":200,"srcset":"https:\/\/i0.wp.com\/believeindustry.company\/wp-content\/uploads\/2018\/03\/Heavy-Gauge-Slitting-Line-1.jpg?resize=350%2C200&ssl=1 1x, https:\/\/i0.wp.com\/believeindustry.company\/wp-content\/uploads\/2018\/03\/Heavy-Gauge-Slitting-Line-1.jpg?resize=525%2C300&ssl=1 1.5x, https:\/\/i0.wp.com\/believeindustry.company\/wp-content\/uploads\/2018\/03\/Heavy-Gauge-Slitting-Line-1.jpg?resize=700%2C400&ssl=1 2x, https:\/\/i0.wp.com\/believeindustry.company\/wp-content\/uploads\/2018\/03\/Heavy-Gauge-Slitting-Line-1.jpg?resize=1050%2C600&ssl=1 3x"},"classes":[]},{"id":472,"url":"https:\/\/believeindustry.company\/th\/coil-process-equipment\/slitting-line\/light-gauge-slitting-line\/","url_meta":{"origin":742,"position":4},"title":"\u0e2a\u0e32\u0e22\u0e01\u0e32\u0e23\u0e1c\u0e25\u0e34\u0e15\u0e15\u0e31\u0e14\u0e41\u0e1c\u0e48\u0e19\u0e42\u0e25\u0e2b\u0e30\u0e1a\u0e32\u0e07","author":"Believe Industry Group","date":"\u0e21\u0e35\u0e19\u0e32\u0e04\u0e21 16, 2018","format":false,"excerpt":"Light Gauge Slitting Line, which is used to slitting the coils\/rolls(Thickness is 0.2-4mm, width: 500-2000mm, weight is 55-25 Ton) \u00a0into desired narrow coils\/rolls, Light Gauge Slitting Line Usually, light gauge slitting line is high precision and speed is up to 120m\/min or more. this line widely used in steel roofing\u2026","rel":"","context":"In \"Coil Slitting Line\"","block_context":{"text":"Coil Slitting Line","link":"https:\/\/believeindustry.company\/th\/tag\/coil-slitting-line\/"},"img":{"alt_text":"Light Gauge Slitting Line","src":"https:\/\/i0.wp.com\/believeindustry.company\/wp-content\/uploads\/2018\/03\/Light-Gauge-Slitting-Line.jpg?resize=350%2C200&ssl=1","width":350,"height":200,"srcset":"https:\/\/i0.wp.com\/believeindustry.company\/wp-content\/uploads\/2018\/03\/Light-Gauge-Slitting-Line.jpg?resize=350%2C200&ssl=1 1x, https:\/\/i0.wp.com\/believeindustry.company\/wp-content\/uploads\/2018\/03\/Light-Gauge-Slitting-Line.jpg?resize=525%2C300&ssl=1 1.5x, https:\/\/i0.wp.com\/believeindustry.company\/wp-content\/uploads\/2018\/03\/Light-Gauge-Slitting-Line.jpg?resize=700%2C400&ssl=1 2x, https:\/\/i0.wp.com\/believeindustry.company\/wp-content\/uploads\/2018\/03\/Light-Gauge-Slitting-Line.jpg?resize=1050%2C600&ssl=1 3x"},"classes":[]},{"id":214,"url":"https:\/\/believeindustry.company\/th\/why-choose-us\/","url_meta":{"origin":742,"position":5},"title":"\u0e17\u0e33\u0e44\u0e21\u0e15\u0e49\u0e2d\u0e07\u0e40\u0e25\u0e37\u0e2d\u0e01\u0e40\u0e23\u0e32","author":"Believe Industry Group","date":"\u0e21\u0e35\u0e19\u0e32\u0e04\u0e21 15, 2018","format":false,"excerpt":"Believe Industry is\u00a0dedicated to producing high-quality, productivity-enhancing metal processing equipment for customers around the world. we have all the types of slitting lines and cut to length lines for different requirements. We should cosider the thickness of the material, the type of material, the weight of the coils to be\u2026","rel":"","context":"In \"Believe Industry\"","block_context":{"text":"Believe Industry","link":"https:\/\/believeindustry.company\/th\/tag\/believe-industry\/"},"img":{"alt_text":"pexels-photo-886465","src":"https:\/\/i0.wp.com\/believeindustry.company\/wp-content\/uploads\/2018\/03\/pexels-photo-886465.jpeg?resize=350%2C200&ssl=1","width":350,"height":200,"srcset":"https:\/\/i0.wp.com\/believeindustry.company\/wp-content\/uploads\/2018\/03\/pexels-photo-886465.jpeg?resize=350%2C200&ssl=1 1x, https:\/\/i0.wp.com\/believeindustry.company\/wp-content\/uploads\/2018\/03\/pexels-photo-886465.jpeg?resize=525%2C300&ssl=1 1.5x, https:\/\/i0.wp.com\/believeindustry.company\/wp-content\/uploads\/2018\/03\/pexels-photo-886465.jpeg?resize=700%2C400&ssl=1 2x"},"classes":[]}],"amp_enabled":true,"_links":{"self":[{"href":"https:\/\/believeindustry.company\/th\/wp-json\/wp\/v2\/pages\/742","targetHints":{"allow":["GET"]}}],"collection":[{"href":"https:\/\/believeindustry.company\/th\/wp-json\/wp\/v2\/pages"}],"about":[{"href":"https:\/\/believeindustry.company\/th\/wp-json\/wp\/v2\/types\/page"}],"author":[{"embeddable":true,"href":"https:\/\/believeindustry.company\/th\/wp-json\/wp\/v2\/users\/2"}],"replies":[{"embeddable":true,"href":"https:\/\/believeindustry.company\/th\/wp-json\/wp\/v2\/comments?post=742"}],"version-history":[{"count":1,"href":"https:\/\/believeindustry.company\/th\/wp-json\/wp\/v2\/pages\/742\/revisions"}],"predecessor-version":[{"id":19702,"href":"https:\/\/believeindustry.company\/th\/wp-json\/wp\/v2\/pages\/742\/revisions\/19702"}],"up":[{"embeddable":true,"href":"https:\/\/believeindustry.company\/th\/wp-json\/wp\/v2\/pages\/407"}],"wp:featuredmedia":[{"embeddable":true,"href":"https:\/\/believeindustry.company\/th\/wp-json\/wp\/v2\/media\/745"}],"wp:attachment":[{"href":"https:\/\/believeindustry.company\/th\/wp-json\/wp\/v2\/media?parent=742"}],"wp:term":[{"taxonomy":"post_tag","embeddable":true,"href":"https:\/\/believeindustry.company\/th\/wp-json\/wp\/v2\/tags?post=742"}],"curies":[{"name":"wp","href":"https:\/\/api.w.org\/{rel}","templated":true}]}}