{"id":170,"date":"2018-03-14T18:00:46","date_gmt":"2018-03-14T10:00:46","guid":{"rendered":"https:\/\/believeindustry.company\/?page_id=170"},"modified":"2026-04-06T12:46:19","modified_gmt":"2026-04-06T04:46:19","slug":"bobin-proses-ekipmani","status":"publish","type":"page","link":"https:\/\/believeindustry.company\/tr\/coil-process-equipment\/","title":{"rendered":"Bobin Proses Ekipmanlar\u0131"},"content":{"rendered":"<h1>COIL PROCESS EQUIPMENT<\/h1>\n<p>If you are looking for a suitable <strong>bobin proses ekipman\u0131<\/strong>, such as Slitting Line, Cut To Length Line, or just a new leveler or slitters, or just want to replace some old requirements, BELI\u00ae has your solution. we are the leading manufacturer of Slitting Lines, Cut To Length Lines, etc in China, and our equipments are reliable and durable . It is designed for long time use, and (<a href=\"https:\/\/www.belirollforming.com\" target=\"_blank\" rel=\"noopener\">\u0130nan\u00e7 End\u00fcstrisi<\/a> BELI\u00ae) is engaged with &#8220;ONE STOP AFTER SALE SERVICE&#8221; for the whole life of the machine for free. We have compete equipments of Uncoilers, Entry Equipments, Leveler Machines, Mechanical Shears, Slitters, Rewinders, And also <a title=\"Click to know more info of roll forming machine\" href=\"https:\/\/believeindustry.company\/tr\/rulo-sekillendirme-makinesi\/\" rel=\"\">Rulo \u015eekillendirme Makineleri<\/a>, Punch Press.<\/p>\n<p>&nbsp;<\/p>\n<p>You will find the suitable a\u00a0<strong>Bobin Proses Ekipmanlar\u0131<\/strong> from Below<\/p>","protected":false},"excerpt":{"rendered":"<p>COIL PROCESS EQUIPMENT If you are looking for a suitable coil process equipment, such as Slitting Line, Cut To Length Line, or just a new leveler or slitters, or just want to replace some old requirements, BELI\u00ae has your solution. we are the leading manufacturer of Slitting Lines, Cut To Length Lines, etc in China, [&hellip;]<\/p>\n","protected":false},"author":2,"featured_media":1620,"parent":0,"menu_order":0,"comment_status":"closed","ping_status":"closed","template":"","meta":{"_angie_page":false,"footnotes":"","big_sky_generated":false},"tags":[607845923,607846208,607846211,607844988,607846324,607846212,607846323,607844987,607846203,607846206,607846322],"class_list":["post-170","page","type-page","status-publish","has-post-thumbnail","hentry","tag-coil-process-equipment","tag-coil-slitting-line","tag-cr-slitting-line","tag-cut-to-length-line","tag-cutter","tag-hr-slitting-line","tag-leveler","tag-slitting-line","tag-slitting-line-machine","tag-steel-slitting-line","tag-uncoiler"],"blocksy_meta":[],"jetpack_sharing_enabled":false,"jetpack_shortlink":"https:\/\/wp.me\/P9K5n8-2K","jetpack_likes_enabled":false,"jetpack-related-posts":[{"id":1289,"url":"https:\/\/believeindustry.company\/tr\/coil-process-equipment\/slitting-line\/heavy-gauge-slitting-line\/","url_meta":{"origin":170,"position":0},"title":"Kal\u0131n Tel Dilme Hatt\u0131","author":"Believe Industry Group","date":"Nisan 16, 2018","format":false,"excerpt":"Heavy Gauge Slitting Line, which is used to slitting the coils\/rolls(Thickness is 8-20 mm, width: 600-2600mm, weight is 15-35Ton) \u00a0into desired narrow coils\/rolls, Heavy Gauge Slitting Line Details BELI\u00ae is engage in designing and manufacturing full range of Slitting Lines as per demands. We have a professional team with years'\u2026","rel":"","context":"\"Coil Slitting Line\" i\u00e7inde","block_context":{"text":"Coil Slitting Line","link":"https:\/\/believeindustry.company\/tr\/tag\/coil-slitting-line\/"},"img":{"alt_text":"Heavy Gauge Slitting Line","src":"https:\/\/i0.wp.com\/believeindustry.company\/wp-content\/uploads\/2018\/03\/Heavy-Gauge-Slitting-Line-1.jpg?resize=350%2C200&ssl=1","width":350,"height":200,"srcset":"https:\/\/i0.wp.com\/believeindustry.company\/wp-content\/uploads\/2018\/03\/Heavy-Gauge-Slitting-Line-1.jpg?resize=350%2C200&ssl=1 1x, https:\/\/i0.wp.com\/believeindustry.company\/wp-content\/uploads\/2018\/03\/Heavy-Gauge-Slitting-Line-1.jpg?resize=525%2C300&ssl=1 1.5x, https:\/\/i0.wp.com\/believeindustry.company\/wp-content\/uploads\/2018\/03\/Heavy-Gauge-Slitting-Line-1.jpg?resize=700%2C400&ssl=1 2x, https:\/\/i0.wp.com\/believeindustry.company\/wp-content\/uploads\/2018\/03\/Heavy-Gauge-Slitting-Line-1.jpg?resize=1050%2C600&ssl=1 3x"},"classes":[]},{"id":475,"url":"https:\/\/believeindustry.company\/tr\/coil-process-equipment\/slitting-line\/medium-gauge-slitting-line\/","url_meta":{"origin":170,"position":1},"title":"Orta Kal\u0131nl\u0131kta Dilme Hatt\u0131","author":"Believe Industry Group","date":"Mart 16, 2018","format":false,"excerpt":"Medium Gauge Slitting Line, which is used to slitting the coils\/rolls(Thickness is 2-8mm, width: 500-2600mm, weight is 15-25 Ton) \u00a0into desired narrow coils\/rolls, Medium Gauge Slitting Line BELI\u00ae\u00a0is one of slitting line manufacturers in Wuxi, China, we have full range of Light Gauge Slitting Lines for different demands. please refer\u2026","rel":"","context":"\"Coil Slitting Line\" i\u00e7inde","block_context":{"text":"Coil Slitting Line","link":"https:\/\/believeindustry.company\/tr\/tag\/coil-slitting-line\/"},"img":{"alt_text":"Medium Gauge Slitting Line","src":"https:\/\/i0.wp.com\/believeindustry.company\/wp-content\/uploads\/2018\/03\/Medium-Gauge-Slitting-Line-1.jpg?resize=350%2C200&ssl=1","width":350,"height":200,"srcset":"https:\/\/i0.wp.com\/believeindustry.company\/wp-content\/uploads\/2018\/03\/Medium-Gauge-Slitting-Line-1.jpg?resize=350%2C200&ssl=1 1x, https:\/\/i0.wp.com\/believeindustry.company\/wp-content\/uploads\/2018\/03\/Medium-Gauge-Slitting-Line-1.jpg?resize=525%2C300&ssl=1 1.5x, https:\/\/i0.wp.com\/believeindustry.company\/wp-content\/uploads\/2018\/03\/Medium-Gauge-Slitting-Line-1.jpg?resize=700%2C400&ssl=1 2x, https:\/\/i0.wp.com\/believeindustry.company\/wp-content\/uploads\/2018\/03\/Medium-Gauge-Slitting-Line-1.jpg?resize=1050%2C600&ssl=1 3x"},"classes":[]},{"id":2277,"url":"https:\/\/believeindustry.company\/tr\/coil-process-equipment\/slitting-line\/simple-slitting-line-price\/","url_meta":{"origin":170,"position":2},"title":"Simple Slitting Line","author":"Believe Industry Group","date":"Haziran 19, 2018","format":false,"excerpt":"Want to know more information of simple slitting line price. Which line speed is around 20m\/min. And which is a good choice for a small business. Simple Slitting Line Price Layout of Simple Slitting Line Brief information of Simple Slitting Line Coil Width: Max 1250mm Thickness: 0.5-1.5 mm Line Speed:\u2026","rel":"","context":"\"mini slitting line\" i\u00e7inde","block_context":{"text":"mini slitting line","link":"https:\/\/believeindustry.company\/tr\/tag\/mini-slitting-line\/"},"img":{"alt_text":"simple slitting line price","src":"https:\/\/i0.wp.com\/believeindustry.company\/wp-content\/uploads\/2018\/06\/simple-slitting-line.jpg?resize=350%2C200&ssl=1","width":350,"height":200,"srcset":"https:\/\/i0.wp.com\/believeindustry.company\/wp-content\/uploads\/2018\/06\/simple-slitting-line.jpg?resize=350%2C200&ssl=1 1x, https:\/\/i0.wp.com\/believeindustry.company\/wp-content\/uploads\/2018\/06\/simple-slitting-line.jpg?resize=525%2C300&ssl=1 1.5x, https:\/\/i0.wp.com\/believeindustry.company\/wp-content\/uploads\/2018\/06\/simple-slitting-line.jpg?resize=700%2C400&ssl=1 2x, https:\/\/i0.wp.com\/believeindustry.company\/wp-content\/uploads\/2018\/06\/simple-slitting-line.jpg?resize=1050%2C600&ssl=1 3x"},"classes":[]},{"id":214,"url":"https:\/\/believeindustry.company\/tr\/why-choose-us\/","url_meta":{"origin":170,"position":3},"title":"Neden Bizi Se\u00e7melisiniz?","author":"Believe Industry Group","date":"Mart 15, 2018","format":false,"excerpt":"Believe Industry is\u00a0dedicated to producing high-quality, productivity-enhancing metal processing equipment for customers around the world. we have all the types of slitting lines and cut to length lines for different requirements. We should cosider the thickness of the material, the type of material, the weight of the coils to be\u2026","rel":"","context":"\"Believe Industry\" i\u00e7inde","block_context":{"text":"Believe Industry","link":"https:\/\/believeindustry.company\/tr\/tag\/believe-industry\/"},"img":{"alt_text":"pexels-photo-886465","src":"https:\/\/i0.wp.com\/believeindustry.company\/wp-content\/uploads\/2018\/03\/pexels-photo-886465.jpeg?resize=350%2C200&ssl=1","width":350,"height":200,"srcset":"https:\/\/i0.wp.com\/believeindustry.company\/wp-content\/uploads\/2018\/03\/pexels-photo-886465.jpeg?resize=350%2C200&ssl=1 1x, https:\/\/i0.wp.com\/believeindustry.company\/wp-content\/uploads\/2018\/03\/pexels-photo-886465.jpeg?resize=525%2C300&ssl=1 1.5x, https:\/\/i0.wp.com\/believeindustry.company\/wp-content\/uploads\/2018\/03\/pexels-photo-886465.jpeg?resize=700%2C400&ssl=1 2x"},"classes":[]},{"id":6801,"url":"https:\/\/believeindustry.company\/tr\/coil-process-equipment\/slitting-line\/silicon-steel-slitting-line\/","url_meta":{"origin":170,"position":4},"title":"Silicon Steel Slitting Line","author":"Believe Industry Group","date":"Haziran 17, 2019","format":false,"excerpt":"The Silicon Steel slitting line is used to longitudinal cutting the wide CRGO coil into required width of strips and wind into rolled coil. It is necessary for transformer industry. Silicon Steel Slitting Line Parameters Input Coil Parameters MaterialSilicon, CR, HRThickness0.2-0.8 mmWidth800-1500 mmMechanical CharacterMax 550 MpaCoil I.D508 mmCoil O.DMax 2000\u2026","rel":"","context":"Benzer yaz\u0131","block_context":{"text":"Benzer yaz\u0131","link":""},"img":{"alt_text":"Silicon Slitting Line Machine","src":"https:\/\/i0.wp.com\/believeindustry.company\/wp-content\/uploads\/2019\/06\/Silicon-Slitting-Line-Machine.jpg?resize=350%2C200&ssl=1","width":350,"height":200,"srcset":"https:\/\/i0.wp.com\/believeindustry.company\/wp-content\/uploads\/2019\/06\/Silicon-Slitting-Line-Machine.jpg?resize=350%2C200&ssl=1 1x, https:\/\/i0.wp.com\/believeindustry.company\/wp-content\/uploads\/2019\/06\/Silicon-Slitting-Line-Machine.jpg?resize=525%2C300&ssl=1 1.5x, https:\/\/i0.wp.com\/believeindustry.company\/wp-content\/uploads\/2019\/06\/Silicon-Slitting-Line-Machine.jpg?resize=700%2C400&ssl=1 2x, https:\/\/i0.wp.com\/believeindustry.company\/wp-content\/uploads\/2019\/06\/Silicon-Slitting-Line-Machine.jpg?resize=1050%2C600&ssl=1 3x, https:\/\/i0.wp.com\/believeindustry.company\/wp-content\/uploads\/2019\/06\/Silicon-Slitting-Line-Machine.jpg?resize=1400%2C800&ssl=1 4x"},"classes":[]},{"id":403,"url":"https:\/\/believeindustry.company\/tr\/coil-process-equipment\/slitting-line\/","url_meta":{"origin":170,"position":5},"title":"Kesme Hatt\u0131","author":"Believe Industry Group","date":"Mart 16, 2018","format":false,"excerpt":"BELI \u00ae Slitting Line is used\u00a0to slit the big wide rolls\/coils into narrow rolls, and packaging it automatically. Slitting Line Information Coil\u00a0Slitting line Machine\u00a0from BELI\u00ae \u00a0are well-known \u00a0full range production: Light Gauge Coil Slitting Line Machine :(0.2-4mm)*2000mm, 20 Ton Weight. Medium\u00a0Gauge Slitting Line : (2-8 mm)*2000mm, 20 Ton Weight Heavy\u2026","rel":"","context":"Benzer yaz\u0131","block_context":{"text":"Benzer yaz\u0131","link":""},"img":{"alt_text":"pre-devider","src":"https:\/\/i0.wp.com\/believeindustry.company\/wp-content\/uploads\/2018\/04\/Pre-devider.jpg?resize=350%2C200&ssl=1","width":350,"height":200,"srcset":"https:\/\/i0.wp.com\/believeindustry.company\/wp-content\/uploads\/2018\/04\/Pre-devider.jpg?resize=350%2C200&ssl=1 1x, https:\/\/i0.wp.com\/believeindustry.company\/wp-content\/uploads\/2018\/04\/Pre-devider.jpg?resize=525%2C300&ssl=1 1.5x, https:\/\/i0.wp.com\/believeindustry.company\/wp-content\/uploads\/2018\/04\/Pre-devider.jpg?resize=700%2C400&ssl=1 2x"},"classes":[]}],"amp_enabled":true,"_links":{"self":[{"href":"https:\/\/believeindustry.company\/tr\/wp-json\/wp\/v2\/pages\/170","targetHints":{"allow":["GET"]}}],"collection":[{"href":"https:\/\/believeindustry.company\/tr\/wp-json\/wp\/v2\/pages"}],"about":[{"href":"https:\/\/believeindustry.company\/tr\/wp-json\/wp\/v2\/types\/page"}],"author":[{"embeddable":true,"href":"https:\/\/believeindustry.company\/tr\/wp-json\/wp\/v2\/users\/2"}],"replies":[{"embeddable":true,"href":"https:\/\/believeindustry.company\/tr\/wp-json\/wp\/v2\/comments?post=170"}],"version-history":[{"count":1,"href":"https:\/\/believeindustry.company\/tr\/wp-json\/wp\/v2\/pages\/170\/revisions"}],"predecessor-version":[{"id":19695,"href":"https:\/\/believeindustry.company\/tr\/wp-json\/wp\/v2\/pages\/170\/revisions\/19695"}],"wp:featuredmedia":[{"embeddable":true,"href":"https:\/\/believeindustry.company\/tr\/wp-json\/wp\/v2\/media\/1620"}],"wp:attachment":[{"href":"https:\/\/believeindustry.company\/tr\/wp-json\/wp\/v2\/media?parent=170"}],"wp:term":[{"taxonomy":"post_tag","embeddable":true,"href":"https:\/\/believeindustry.company\/tr\/wp-json\/wp\/v2\/tags?post=170"}],"curies":[{"name":"wp","href":"https:\/\/api.w.org\/{rel}","templated":true}]}}