{"id":1715,"date":"2018-05-10T17:02:24","date_gmt":"2018-05-10T09:02:24","guid":{"rendered":"https:\/\/believeindustry.company\/?page_id=1715"},"modified":"2019-05-06T15:19:21","modified_gmt":"2019-05-06T07:19:21","slug":"celik-kapi-rulo-sekillendirme-makinesi-videosu","status":"publish","type":"page","link":"https:\/\/believeindustry.company\/tr\/video\/steel-door-roll-forming-machine-video\/","title":{"rendered":"\u00c7elik Kap\u0131 Rulo \u015eekillendirme Makinesi Videosu"},"content":{"rendered":"<p><strong>\u00c7elik Kap\u0131 Rulo \u015eekillendirme Makinesi Videosu<\/strong> Bu, size rulo \u015fekillendirme makinesinin nas\u0131l \u00e7al\u0131\u015ft\u0131\u011f\u0131n\u0131 ve \u00e7elik kap\u0131 makinelerinin nas\u0131l \u00e7al\u0131\u015ft\u0131r\u0131laca\u011f\u0131n\u0131 anlaman\u0131za yard\u0131mc\u0131 olacakt\u0131r.<\/p>\n\n\n\n<!--more-->\n\n\n\n<p><a href=\"http:\/\/www.belirollform.com\" target=\"_blank\" rel=\"noopener\">Believe Industry Company<\/a> Kap\u0131 bile\u015fenleri i\u00e7in eksiksiz bir yelpazede rulo \u015fekillendirme makinelerimiz mevcuttur: panjur kap\u0131 \u00e7\u0131talar\u0131, kap\u0131 raylar\u0131, kap\u0131 \u00e7er\u00e7eveleri, garaj kap\u0131s\u0131 panelleri vb. <a href=\"https:\/\/believeindustry.company\/tr\/bize-ulasin\/\">Bize Ula\u015f\u0131n<\/a> daha fazla bilgi i\u00e7in<\/p>\n\n\n<div class=\"epyt-gallery\" data-currpage=\"1\" id=\"epyt_gallery_61501\"><figure class=\"wp-block-embed wp-block-embed-youtube is-type-video is-provider-youtube epyt-figure\"><div class=\"wp-block-embed__wrapper\"><iframe  id=\"_ytid_66545\"  width=\"1290\" height=\"726\"  data-origwidth=\"1290\" data-origheight=\"726\" src=\"https:\/\/www.youtube.com\/embed\/vSJ7GZARG3o?enablejsapi=1&autoplay=0&cc_load_policy=0&cc_lang_pref=&iv_load_policy=1&loop=0&rel=1&fs=1&playsinline=0&autohide=2&theme=dark&color=red&controls=1&disablekb=0&\" class=\"__youtube_prefs__  no-lazyload\" title=\"YouTube oynat\u0131c\u0131s\u0131\"  data-epytgalleryid=\"epyt_gallery_61501\"  allow=\"fullscreen; accelerometer; autoplay; clipboard-write; encrypted-media; gyroscope; picture-in-picture; web-share\" referrerpolicy=\"strict-origin-when-cross-origin\" allowfullscreen data-no-lazy=\"1\" data-skipgform_ajax_framebjll=\"\"><\/iframe><\/div><\/figure><div class=\"epyt-gallery-subscribe\"><a target=\"_blank\" class=\"epyt-gallery-subbutton\" href=\"https:\/\/www.youtube.com\/channel\/UC-yZD2eqy_NPQTl0tvGVnsw?sub_confirmation=1\" rel=\"noopener\"><img decoding=\"async\" alt=\"abone\" src=\"https:\/\/believeindustry.company\/wp-content\/plugins\/youtube-embed-plus\/images\/play-subscribe.png\" \/>Kanal\u0131ma abone olun<\/a><\/div><div class=\"epyt-gallery-list\"><div class=\"epyt-pagination\"><div tabindex=\"0\" role=\"button\" class=\"epyt-pagebutton epyt-prev  hide\" data-playlistid=\"PLIdLHSelevdJVhbMxACBXU0EvnLtj26zb\" data-pagesize=\"9\" data-pagetoken=\"\" data-epcolumns=\"3\" data-showtitle=\"1\" data-showpaging=\"1\" data-autonext=\"0\" data-thumbplay=\"1\"><div class=\"epyt-arrow\">\u00ab<\/div> <div>\u00d6nceki<\/div><\/div><div class=\"epyt-pagenumbers\"><div class=\"epyt-current\">1<\/div><div class=\"epyt-pageseparator\"> \/ <\/div><div class=\"epyt-totalpages\">2<\/div><\/div><div tabindex=\"0\" role=\"button\" class=\"epyt-pagebutton epyt-next\" data-playlistid=\"PLIdLHSelevdJVhbMxACBXU0EvnLtj26zb\" data-pagesize=\"9\" data-pagetoken=\"EAAaHlBUOkNBa2lFRFEzTmtJd1JFTXlOVVEzUkVWRk9FRQ\" data-epcolumns=\"3\" data-showtitle=\"1\" data-showpaging=\"1\" data-autonext=\"0\" data-thumbplay=\"1\"><div>Sonraki<\/div> <div class=\"epyt-arrow\">\u00bb<\/div><\/div><div class=\"epyt-loader\"><img decoding=\"async\" alt=\"y\u00fckleniyor\" width=\"16\" height=\"11\" src=\"https:\/\/believeindustry.company\/wp-content\/plugins\/youtube-embed-plus\/images\/gallery-page-loader.gif\"><\/div><\/div><div class=\"epyt-gallery-allthumbs  epyt-cols-3\"><div tabindex=\"0\" role=\"button\" data-videoid=\"vSJ7GZARG3o\" class=\"epyt-gallery-thumb\"><div class=\"epyt-gallery-img-box\"><div class=\"epyt-gallery-img\" style=\"background-image: url(https:\/\/i.ytimg.com\/vi\/vSJ7GZARG3o\/hqdefault.jpg)\"><div class=\"epyt-gallery-playhover\"><img decoding=\"async\" alt=\"oynamak\" class=\"epyt-play-img\" width=\"30\" height=\"23\" src=\"https:\/\/believeindustry.company\/wp-content\/plugins\/youtube-embed-plus\/images\/playhover.png\" data-no-lazy=\"1\" data-skipgform_ajax_framebjll=\"\" \/><div class=\"epyt-gallery-playcrutch\"><\/div><\/div><\/div><\/div><div class=\"epyt-gallery-title\">\u00c7elik Kap\u0131 \u00c7er\u00e7evesi Rulo \u015eekillendirme Makinesi, Believe Industry<\/div><\/div><div tabindex=\"0\" role=\"button\" data-videoid=\"zG1C87SSyMc\" class=\"epyt-gallery-thumb\"><div class=\"epyt-gallery-img-box\"><div class=\"epyt-gallery-img\" style=\"background-image: url(https:\/\/i.ytimg.com\/vi\/zG1C87SSyMc\/hqdefault.jpg)\"><div class=\"epyt-gallery-playhover\"><img decoding=\"async\" alt=\"oynamak\" class=\"epyt-play-img\" width=\"30\" height=\"23\" src=\"https:\/\/believeindustry.company\/wp-content\/plugins\/youtube-embed-plus\/images\/playhover.png\" data-no-lazy=\"1\" data-skipgform_ajax_framebjll=\"\" \/><div class=\"epyt-gallery-playcrutch\"><\/div><\/div><\/div><\/div><div class=\"epyt-gallery-title\">Panjur K\u0131lavuz Rulo \u015eekillendirme Makinesi\/Ray Rulo \u015eekillendirme Makinesi\/Ray Rulo \u015eekillendirme Makinesi<\/div><\/div><div tabindex=\"0\" role=\"button\" data-videoid=\"ur1ZQDJmS14\" class=\"epyt-gallery-thumb\"><div class=\"epyt-gallery-img-box\"><div class=\"epyt-gallery-img\" style=\"background-image: url(https:\/\/i.ytimg.com\/vi\/ur1ZQDJmS14\/hqdefault.jpg)\"><div class=\"epyt-gallery-playhover\"><img decoding=\"async\" alt=\"oynamak\" class=\"epyt-play-img\" width=\"30\" height=\"23\" src=\"https:\/\/believeindustry.company\/wp-content\/plugins\/youtube-embed-plus\/images\/playhover.png\" data-no-lazy=\"1\" data-skipgform_ajax_framebjll=\"\" \/><div class=\"epyt-gallery-playcrutch\"><\/div><\/div><\/div><\/div><div class=\"epyt-gallery-title\">Beli-100 panjur kap\u0131 rulo \u015fekillendirme makinesi<\/div><\/div><div class=\"epyt-gallery-rowbreak\"><\/div><div tabindex=\"0\" role=\"button\" data-videoid=\"OWN4TKfNyR0\" class=\"epyt-gallery-thumb\"><div class=\"epyt-gallery-img-box\"><div class=\"epyt-gallery-img\" style=\"background-image: url(https:\/\/i.ytimg.com\/vi\/OWN4TKfNyR0\/hqdefault.jpg)\"><div class=\"epyt-gallery-playhover\"><img decoding=\"async\" alt=\"oynamak\" class=\"epyt-play-img\" width=\"30\" height=\"23\" src=\"https:\/\/believeindustry.company\/wp-content\/plugins\/youtube-embed-plus\/images\/playhover.png\" data-no-lazy=\"1\" data-skipgform_ajax_framebjll=\"\" \/><div class=\"epyt-gallery-playcrutch\"><\/div><\/div><\/div><\/div><div class=\"epyt-gallery-title\">Kal\u0131n Panjur Kap\u0131 Lamelleri Rulo \u015eekillendirme Makinesi | Believe Industry<\/div><\/div><div tabindex=\"0\" role=\"button\" data-videoid=\"ngZ5xrCBTBs\" class=\"epyt-gallery-thumb\"><div class=\"epyt-gallery-img-box\"><div class=\"epyt-gallery-img\" style=\"background-image: url(https:\/\/i.ytimg.com\/vi\/ngZ5xrCBTBs\/hqdefault.jpg)\"><div class=\"epyt-gallery-playhover\"><img decoding=\"async\" alt=\"oynamak\" class=\"epyt-play-img\" width=\"30\" height=\"23\" src=\"https:\/\/believeindustry.company\/wp-content\/plugins\/youtube-embed-plus\/images\/playhover.png\" data-no-lazy=\"1\" data-skipgform_ajax_framebjll=\"\" \/><div class=\"epyt-gallery-playcrutch\"><\/div><\/div><\/div><\/div><div class=\"epyt-gallery-title\">Panjur k\u0131lavuzu i\u00e7in rulo \u015fekillendirme makinesi -- SHANGHAI BELIEVE INDUSTRY CO., LTD.<\/div><\/div><div tabindex=\"0\" role=\"button\" data-videoid=\"L8L8O3rZlDk\" class=\"epyt-gallery-thumb\"><div class=\"epyt-gallery-img-box\"><div class=\"epyt-gallery-img\" style=\"background-image: url(https:\/\/i.ytimg.com\/vi\/L8L8O3rZlDk\/hqdefault.jpg)\"><div class=\"epyt-gallery-playhover\"><img decoding=\"async\" alt=\"oynamak\" class=\"epyt-play-img\" width=\"30\" height=\"23\" src=\"https:\/\/believeindustry.company\/wp-content\/plugins\/youtube-embed-plus\/images\/playhover.png\" data-no-lazy=\"1\" data-skipgform_ajax_framebjll=\"\" \/><div class=\"epyt-gallery-playcrutch\"><\/div><\/div><\/div><\/div><div class=\"epyt-gallery-title\">zincir tipi poli\u00fcretan panjur \u00e7\u0131talar\u0131 rulo \u015fekillendirme makinesi<\/div><\/div><div class=\"epyt-gallery-rowbreak\"><\/div><div tabindex=\"0\" role=\"button\" data-videoid=\"JJs1zmU02_8\" class=\"epyt-gallery-thumb\"><div class=\"epyt-gallery-img-box\"><div class=\"epyt-gallery-img\" style=\"background-image: url(https:\/\/i.ytimg.com\/vi\/JJs1zmU02_8\/hqdefault.jpg)\"><div class=\"epyt-gallery-playhover\"><img decoding=\"async\" alt=\"oynamak\" class=\"epyt-play-img\" width=\"30\" height=\"23\" src=\"https:\/\/believeindustry.company\/wp-content\/plugins\/youtube-embed-plus\/images\/playhover.png\" data-no-lazy=\"1\" data-skipgform_ajax_framebjll=\"\" \/><div class=\"epyt-gallery-playcrutch\"><\/div><\/div><\/div><\/div><div class=\"epyt-gallery-title\">Sarmal\u0131 kap\u0131lar nas\u0131l \u00e7al\u0131\u015f\u0131r?<\/div><\/div><div tabindex=\"0\" role=\"button\" data-videoid=\"M7zOjl7LL6c\" class=\"epyt-gallery-thumb\"><div class=\"epyt-gallery-img-box\"><div class=\"epyt-gallery-img\" style=\"background-image: url(https:\/\/i.ytimg.com\/vi\/M7zOjl7LL6c\/hqdefault.jpg)\"><div class=\"epyt-gallery-playhover\"><img decoding=\"async\" alt=\"oynamak\" class=\"epyt-play-img\" width=\"30\" height=\"23\" src=\"https:\/\/believeindustry.company\/wp-content\/plugins\/youtube-embed-plus\/images\/playhover.png\" data-no-lazy=\"1\" data-skipgform_ajax_framebjll=\"\" \/><div class=\"epyt-gallery-playcrutch\"><\/div><\/div><\/div><\/div><div class=\"epyt-gallery-title\">Believe Industry Company taraf\u0131ndan \u00fcretilen panjur \u00e7\u0131tas\u0131 \u015fekillendirme makinesi.<\/div><\/div><div tabindex=\"0\" role=\"button\" data-videoid=\"uLaYOQIoK7A\" class=\"epyt-gallery-thumb\"><div class=\"epyt-gallery-img-box\"><div class=\"epyt-gallery-img\" style=\"background-image: url(https:\/\/i.ytimg.com\/vi\/uLaYOQIoK7A\/hqdefault.jpg)\"><div class=\"epyt-gallery-playhover\"><img decoding=\"async\" alt=\"oynamak\" class=\"epyt-play-img\" width=\"30\" height=\"23\" src=\"https:\/\/believeindustry.company\/wp-content\/plugins\/youtube-embed-plus\/images\/playhover.png\" data-no-lazy=\"1\" data-skipgform_ajax_framebjll=\"\" \/><div class=\"epyt-gallery-playcrutch\"><\/div><\/div><\/div><\/div><div class=\"epyt-gallery-title\">Panjur Rulo \u015eekillendirme Makinesi Videosu | Believe Industry<\/div><\/div><div class=\"epyt-gallery-rowbreak\"><\/div><div class=\"epyt-gallery-clear\"><\/div><\/div><div class=\"epyt-pagination\"><div tabindex=\"0\" role=\"button\" class=\"epyt-pagebutton epyt-prev  hide\" data-playlistid=\"PLIdLHSelevdJVhbMxACBXU0EvnLtj26zb\" data-pagesize=\"9\" data-pagetoken=\"\" data-epcolumns=\"3\" data-showtitle=\"1\" data-showpaging=\"1\" data-autonext=\"0\" data-thumbplay=\"1\"><div class=\"epyt-arrow\">\u00ab<\/div> <div>\u00d6nceki<\/div><\/div><div class=\"epyt-pagenumbers\"><div class=\"epyt-current\">1<\/div><div class=\"epyt-pageseparator\"> \/ <\/div><div class=\"epyt-totalpages\">2<\/div><\/div><div tabindex=\"0\" role=\"button\" class=\"epyt-pagebutton epyt-next\" data-playlistid=\"PLIdLHSelevdJVhbMxACBXU0EvnLtj26zb\" data-pagesize=\"9\" data-pagetoken=\"EAAaHlBUOkNBa2lFRFEzTmtJd1JFTXlOVVEzUkVWRk9FRQ\" data-epcolumns=\"3\" data-showtitle=\"1\" data-showpaging=\"1\" data-autonext=\"0\" data-thumbplay=\"1\"><div>Sonraki<\/div> <div class=\"epyt-arrow\">\u00bb<\/div><\/div><div class=\"epyt-loader\"><img decoding=\"async\" alt=\"y\u00fckleniyor\" width=\"16\" height=\"11\" src=\"https:\/\/believeindustry.company\/wp-content\/plugins\/youtube-embed-plus\/images\/gallery-page-loader.gif\"><\/div><\/div><\/div><\/div>","protected":false},"excerpt":{"rendered":"<p>\u00c7elik Kap\u0131 Rulo \u015eekillendirme Makinesi Videosu, rulo \u015fekillendirme makinesinin nas\u0131l \u00e7al\u0131\u015ft\u0131\u011f\u0131n\u0131 ve \u00e7elik kap\u0131 makinelerinin nas\u0131l \u00e7al\u0131\u015ft\u0131r\u0131laca\u011f\u0131n\u0131 anlaman\u0131za yard\u0131mc\u0131 olacakt\u0131r.<\/p>","protected":false},"author":2,"featured_media":2018,"parent":1272,"menu_order":5,"comment_status":"closed","ping_status":"closed","template":"","meta":{"_angie_page":false,"footnotes":"","big_sky_generated":false},"tags":[607846743,607846747,607846748,607848005],"class_list":["post-1715","page","type-page","status-publish","has-post-thumbnail","hentry","tag-roll-forming-machine-video","tag-steel-door-roll-forming-machine","tag-steel-door-roll-forming-machine-video","tag-video"],"blocksy_meta":[],"jetpack_sharing_enabled":true,"jetpack_shortlink":"https:\/\/wp.me\/P9K5n8-rF","jetpack_likes_enabled":false,"jetpack-related-posts":[{"id":809,"url":"https:\/\/believeindustry.company\/tr\/roll-forming-machine\/steel-door-roll-forming-machine\/","url_meta":{"origin":1715,"position":0},"title":"\u00c7elik Kap\u0131 Rulo \u015eekillendirme Makinesi","author":"Believe Industry Group","date":"Nisan 1, 2018","format":false,"excerpt":"Nowadays, Steel Doors are widely used in \u00a0architecture. \u00a0BELI have the full range of roll forming machines for Security Door System, Garage Door System, Roller Shutter System. \u00a0We also have a professional\u00a0team to design and manufacturer customized profiles for steel doors.","rel":"","context":"\"believe industry machine\" i\u00e7inde","block_context":{"text":"believe industry machine","link":"https:\/\/believeindustry.company\/tr\/tag\/believe-industry-machine\/"},"img":{"alt_text":"Industrial-Roller-Shutter door","src":"https:\/\/i0.wp.com\/believeindustry.company\/wp-content\/uploads\/2018\/04\/Industrial-Roller-Shutter.jpg?resize=350%2C200&ssl=1","width":350,"height":200,"srcset":"https:\/\/i0.wp.com\/believeindustry.company\/wp-content\/uploads\/2018\/04\/Industrial-Roller-Shutter.jpg?resize=350%2C200&ssl=1 1x, https:\/\/i0.wp.com\/believeindustry.company\/wp-content\/uploads\/2018\/04\/Industrial-Roller-Shutter.jpg?resize=525%2C300&ssl=1 1.5x, https:\/\/i0.wp.com\/believeindustry.company\/wp-content\/uploads\/2018\/04\/Industrial-Roller-Shutter.jpg?resize=700%2C400&ssl=1 2x, https:\/\/i0.wp.com\/believeindustry.company\/wp-content\/uploads\/2018\/04\/Industrial-Roller-Shutter.jpg?resize=1050%2C600&ssl=1 3x"},"classes":[]},{"id":814,"url":"https:\/\/believeindustry.company\/tr\/roll-forming-machine\/steel-door-roll-forming-machine\/steel-rolling-shutter-slat-roll-forming-machine\/","url_meta":{"origin":1715,"position":1},"title":"\u00c7elik Kepenk \u00c7ubuk \u015eekillendirme Makinesi","author":"Believe Industry Group","date":"Nisan 1, 2018","format":false,"excerpt":"Steel Rolling Shutter Slat Roll Forming Machine is for producing roller shutter slats for Roller-Up Door System.\u00a0 Introduction of Steel Rolling Shutter Slat Roll Forming Machine What's Rolling Shutter Slat and Door? A Roller Shutter, Rolling Shutter Door is one type of door or windows shutter consisting of many horizontal\u2026","rel":"","context":"\"door lines\" i\u00e7inde","block_context":{"text":"door lines","link":"https:\/\/believeindustry.company\/tr\/tag\/door-lines\/"},"img":{"alt_text":"steel rolling shutter slat roll forming machine","src":"https:\/\/i0.wp.com\/believeindustry.company\/wp-content\/uploads\/2018\/04\/steel-rolling-shutter-slat-roll-forming-machine.jpg?resize=350%2C200&ssl=1","width":350,"height":200,"srcset":"https:\/\/i0.wp.com\/believeindustry.company\/wp-content\/uploads\/2018\/04\/steel-rolling-shutter-slat-roll-forming-machine.jpg?resize=350%2C200&ssl=1 1x, https:\/\/i0.wp.com\/believeindustry.company\/wp-content\/uploads\/2018\/04\/steel-rolling-shutter-slat-roll-forming-machine.jpg?resize=525%2C300&ssl=1 1.5x, https:\/\/i0.wp.com\/believeindustry.company\/wp-content\/uploads\/2018\/04\/steel-rolling-shutter-slat-roll-forming-machine.jpg?resize=700%2C400&ssl=1 2x"},"classes":[]},{"id":979,"url":"https:\/\/believeindustry.company\/tr\/roll-forming-machine\/steel-door-roll-forming-machine\/steel-door-frame-roll-forming-machine\/","url_meta":{"origin":1715,"position":2},"title":"\u00c7elik Kap\u0131 \u00c7er\u00e7evesi Rulo \u015eekillendirme Makinesi","author":"Believe Industry Group","date":"May\u0131s 23, 2018","format":false,"excerpt":"A Steel Door Frame Roll Forming Machine is for produce door frames as desired sizes. with multifunctional punch holes and notches for folding into frame. Steel Door Frame Roll Forming Machine Steel Door Frame The Steel Door Frame are light weight, sturdy, and manufactured from Galvanized steel with the thickness\u2026","rel":"","context":"&quot;Company News&quot; i\u00e7inde","block_context":{"text":"Company News","link":"https:\/\/believeindustry.company\/tr\/category\/company-news\/"},"img":{"alt_text":"door frame roll forming machine","src":"https:\/\/i0.wp.com\/believeindustry.company\/wp-content\/uploads\/2018\/06\/door-frame-roll-forming-machine.jpg?resize=350%2C200&ssl=1","width":350,"height":200,"srcset":"https:\/\/i0.wp.com\/believeindustry.company\/wp-content\/uploads\/2018\/06\/door-frame-roll-forming-machine.jpg?resize=350%2C200&ssl=1 1x, https:\/\/i0.wp.com\/believeindustry.company\/wp-content\/uploads\/2018\/06\/door-frame-roll-forming-machine.jpg?resize=525%2C300&ssl=1 1.5x, https:\/\/i0.wp.com\/believeindustry.company\/wp-content\/uploads\/2018\/06\/door-frame-roll-forming-machine.jpg?resize=700%2C400&ssl=1 2x, https:\/\/i0.wp.com\/believeindustry.company\/wp-content\/uploads\/2018\/06\/door-frame-roll-forming-machine.jpg?resize=1050%2C600&ssl=1 3x, https:\/\/i0.wp.com\/believeindustry.company\/wp-content\/uploads\/2018\/06\/door-frame-roll-forming-machine.jpg?resize=1400%2C800&ssl=1 4x"},"classes":[]},{"id":22033,"url":"https:\/\/believeindustry.company\/tr\/door-and-window\/","url_meta":{"origin":1715,"position":3},"title":"Kap\u0131 ve Pencere","author":"Believe Industry Group","date":"Nisan 12, 2026","format":false,"excerpt":"A roll forming machine for door and window systems is highly precise manufacturing equipment utilized to create the structural and functional metal profiles required for modern residential and commercial building openings.Operating as a continuous production line, these machines transform steel or aluminum coils into complex, exact-tolerance components. Common applications include\u2026","rel":"","context":"Benzer yaz\u0131","block_context":{"text":"Benzer yaz\u0131","link":""},"img":{"alt_text":"door and window","src":"https:\/\/i0.wp.com\/believeindustry.company\/wp-content\/uploads\/2026\/04\/door-and-window.webp?resize=350%2C200&ssl=1","width":350,"height":200,"srcset":"https:\/\/i0.wp.com\/believeindustry.company\/wp-content\/uploads\/2026\/04\/door-and-window.webp?resize=350%2C200&ssl=1 1x, https:\/\/i0.wp.com\/believeindustry.company\/wp-content\/uploads\/2026\/04\/door-and-window.webp?resize=525%2C300&ssl=1 1.5x, https:\/\/i0.wp.com\/believeindustry.company\/wp-content\/uploads\/2026\/04\/door-and-window.webp?resize=700%2C400&ssl=1 2x, https:\/\/i0.wp.com\/believeindustry.company\/wp-content\/uploads\/2026\/04\/door-and-window.webp?resize=1050%2C600&ssl=1 3x, https:\/\/i0.wp.com\/believeindustry.company\/wp-content\/uploads\/2026\/04\/door-and-window.webp?resize=1400%2C800&ssl=1 4x"},"classes":[]},{"id":888,"url":"https:\/\/believeindustry.company\/tr\/roll-forming-machine\/steel-door-roll-forming-machine\/roller-shutter-door-track-roll-forming-machine\/","url_meta":{"origin":1715,"position":4},"title":"Panjur Kap\u0131 Ray\u0131 Rulo \u015eekillendirme Makinesi","author":"Believe Industry Group","date":"Nisan 4, 2018","format":false,"excerpt":"Roller Shutter Door Track Roll Forming Machine is for producing rolling shutter track rail for raising and lowering the doors Introduction of Roller Shutter Door Track Roll Forming Machine What's Rolling Shutter Door Track? Curved roller shutter door track for Roller-Up door and garage door The Roller Shutter Track Rail\u2026","rel":"","context":"\"door lines\" i\u00e7inde","block_context":{"text":"door lines","link":"https:\/\/believeindustry.company\/tr\/tag\/door-lines\/"},"img":{"alt_text":"door track roll forming machine","src":"https:\/\/i0.wp.com\/believeindustry.company\/wp-content\/uploads\/2018\/04\/door-track-roll-forming-machine-1-e1522828125688.jpg?resize=350%2C200&ssl=1","width":350,"height":200,"srcset":"https:\/\/i0.wp.com\/believeindustry.company\/wp-content\/uploads\/2018\/04\/door-track-roll-forming-machine-1-e1522828125688.jpg?resize=350%2C200&ssl=1 1x, https:\/\/i0.wp.com\/believeindustry.company\/wp-content\/uploads\/2018\/04\/door-track-roll-forming-machine-1-e1522828125688.jpg?resize=525%2C300&ssl=1 1.5x, https:\/\/i0.wp.com\/believeindustry.company\/wp-content\/uploads\/2018\/04\/door-track-roll-forming-machine-1-e1522828125688.jpg?resize=700%2C400&ssl=1 2x"},"classes":[]},{"id":1014,"url":"https:\/\/believeindustry.company\/tr\/roll-forming-machine\/steel-door-roll-forming-machine\/garage-door-roll-forming-machine\/","url_meta":{"origin":1715,"position":5},"title":"Garaj Kap\u0131s\u0131 Rulo \u015eekillendirme Makinesi","author":"Believe Industry Group","date":"Nisan 10, 2018","format":false,"excerpt":"Garage Door Roll Forming Machine is for produce Garage Door Panel as per designs. And also the machine can emboss\u00a0and punch pattern of the surface of the door panel. What is Garage Door? A whole garage door system is include door panel, guide rack, controlled system, security system, etc A\u2026","rel":"","context":"\"door lines\" i\u00e7inde","block_context":{"text":"door lines","link":"https:\/\/believeindustry.company\/tr\/tag\/door-lines\/"},"img":{"alt_text":"garage door roll forming machine","src":"https:\/\/i0.wp.com\/believeindustry.company\/wp-content\/uploads\/2018\/04\/garage-door-roll-forming-machine-e1523344274653.jpg?resize=350%2C200&ssl=1","width":350,"height":200,"srcset":"https:\/\/i0.wp.com\/believeindustry.company\/wp-content\/uploads\/2018\/04\/garage-door-roll-forming-machine-e1523344274653.jpg?resize=350%2C200&ssl=1 1x, https:\/\/i0.wp.com\/believeindustry.company\/wp-content\/uploads\/2018\/04\/garage-door-roll-forming-machine-e1523344274653.jpg?resize=525%2C300&ssl=1 1.5x, https:\/\/i0.wp.com\/believeindustry.company\/wp-content\/uploads\/2018\/04\/garage-door-roll-forming-machine-e1523344274653.jpg?resize=700%2C400&ssl=1 2x"},"classes":[]}],"amp_enabled":true,"_links":{"self":[{"href":"https:\/\/believeindustry.company\/tr\/wp-json\/wp\/v2\/pages\/1715","targetHints":{"allow":["GET"]}}],"collection":[{"href":"https:\/\/believeindustry.company\/tr\/wp-json\/wp\/v2\/pages"}],"about":[{"href":"https:\/\/believeindustry.company\/tr\/wp-json\/wp\/v2\/types\/page"}],"author":[{"embeddable":true,"href":"https:\/\/believeindustry.company\/tr\/wp-json\/wp\/v2\/users\/2"}],"replies":[{"embeddable":true,"href":"https:\/\/believeindustry.company\/tr\/wp-json\/wp\/v2\/comments?post=1715"}],"version-history":[{"count":0,"href":"https:\/\/believeindustry.company\/tr\/wp-json\/wp\/v2\/pages\/1715\/revisions"}],"up":[{"embeddable":true,"href":"https:\/\/believeindustry.company\/tr\/wp-json\/wp\/v2\/pages\/1272"}],"wp:featuredmedia":[{"embeddable":true,"href":"https:\/\/believeindustry.company\/tr\/wp-json\/wp\/v2\/media\/2018"}],"wp:attachment":[{"href":"https:\/\/believeindustry.company\/tr\/wp-json\/wp\/v2\/media?parent=1715"}],"wp:term":[{"taxonomy":"post_tag","embeddable":true,"href":"https:\/\/believeindustry.company\/tr\/wp-json\/wp\/v2\/tags?post=1715"}],"curies":[{"name":"wp","href":"https:\/\/api.w.org\/{rel}","templated":true}]}}