{"id":2193,"date":"2018-06-07T14:53:44","date_gmt":"2018-06-07T06:53:44","guid":{"rendered":"https:\/\/believeindustry.company\/?page_id=2193"},"modified":"2025-12-05T15:26:19","modified_gmt":"2025-12-05T07:26:19","slug":"metal-duvar-paneli-rulo-sekillendirme-makinesi","status":"publish","type":"page","link":"https:\/\/believeindustry.company\/tr\/roll-forming-machine\/metal-sheet-roll-forming-machine\/metal-wall-panel-roll-forming-machine\/","title":{"rendered":"Metal Duvar Paneli Rulo \u015eekillendirme Makinesi"},"content":{"rendered":"<p>Metal Duvar Paneli Rulo \u015eekillendirme Makinesi, duvar panellerini otomatik olarak \u00fcretmek i\u00e7in kullan\u0131l\u0131r. Makine, duvar paneli profillerini istenilen uzunlukta kesebilir.<\/p>\n\n\n\n<!--more-->\n\n\n\n<h2 class=\"wp-block-heading\"><strong><span style=\"font-size: 18pt;\">Metal Duvar Paneli Rulo \u015eekillendirme Makinesi<\/span><\/strong><\/h2>\n\n\n\n<h3 class=\"wp-block-heading\"><strong><span style=\"font-size: 14pt;\">Metal Duvar Paneli<\/span><\/strong><\/h3>\n\n\n\n<p>Bildi\u011fimiz gibi, geleneksel duvar panelleri kil, kum ve kire\u00e7ten olu\u015fan tu\u011fla veya beton malzemelerden yap\u0131l\u0131r. G\u00fcn\u00fcm\u00fczde ise metal duvar panelleri stadyum, kongre merkezi, sergi salonu, tren istasyonu, l\u00fcks villa, havaalan\u0131, tiyatro ve di\u011fer bir\u00e7ok mimari alanda yayg\u0131n olarak kullan\u0131lmaktad\u0131r.<\/p>\n\n\n\n<p>Metal duvar panelleri (\u00e7at\u0131 levhalar\u0131), farkl\u0131 kesitlere sahip yayg\u0131n metal malzemelerden rulo \u015feklinde \u00fcretilir. Ayr\u0131ca \u0131s\u0131 yal\u0131t\u0131m\u0131, su ge\u00e7irmezlik ve ses yal\u0131t\u0131m\u0131 gibi \u00f6zelliklere sahip kompozit malzemeler de geni\u015f bir kullan\u0131m alan\u0131na sahiptir. Malzeme olarak galvanizli \u00e7elik, \u00f6nceden boyanm\u0131\u015f galvanizli \u00e7elik, al\u00fcminyum ve paslanmaz \u00e7elik kullan\u0131labilir. Kal\u0131nl\u0131k genellikle 0,2-0,8 mm aras\u0131ndad\u0131r. Believe Industry Company, farkl\u0131 profiller i\u00e7in \u00e7e\u015fitli duvar paneli rulo \u015fekillendirme makinelerine sahiptir. Ayr\u0131ca \u00f6zel profiller de kabul ediyoruz.<\/p>\n\n\n\n<h3 class=\"wp-block-heading\"><strong><span style=\"font-size: 14pt;\">Metal Duvar Paneli S\u0131n\u0131fland\u0131rmas\u0131<\/span><\/strong><\/h3>\n\n\n\n<ol class=\"wp-block-list\"><li>Kullan\u0131m Alanlar\u0131: \u0130\u00e7 duvar paneli, d\u0131\u015f duvar paneli, dekoratif duvar paneli<\/li><li>Kurulum y\u00f6ntemi: Kendinden kilitli, yatay, dikey.<\/li><li>\u0130\u015flev: S\u0131cak tutmak, g\u00fczellik vb.<\/li><li>Malzeme: al\u00fcminyum ala\u015f\u0131m\u0131, PPGI, GI, bak\u0131r, vb.<\/li><\/ol>\n\n\n\n<p>Believe Industry Company, metal duvar panelleri i\u00e7in eksiksiz bir rulo \u015fekillendirme makinesi yelpazesi sunmaktad\u0131r; bunlar aras\u0131nda mini orb oluklu levha rulo \u015fekillendirme makinesi, klipsli kilitli rulo \u015fekillendirme makinesi, dekoratif duvar paneli rulo \u015fekillendirme makinesi vb. bulunmaktad\u0131r.<\/p>\n\n\n\n<h3 class=\"wp-block-heading\"><strong><span style=\"font-size: 14pt;\">Metal Duvar Paneli Rulo \u015eekillendirme Makinesi Bile\u015fenleri ve \u00d6zellikleri.<\/span><\/strong><\/h3>\n\n\n\n<h4 class=\"wp-block-heading\"><strong><span style=\"font-size: 12pt;\">Manuel Bobin A\u00e7\u0131c\u0131<\/span><\/strong><figure><img fetchpriority=\"high\" decoding=\"async\" data-attachment-id=\"2194\" data-permalink=\"https:\/\/believeindustry.company\/tr\/roll-forming-machine\/metal-sheet-roll-forming-machine\/metal-wall-panel-roll-forming-machine\/manual-uncoiler\/\" data-orig-file=\"https:\/\/believeindustry.company\/wp-content\/uploads\/2018\/06\/Manual-Uncoiler.jpg\" data-orig-size=\"604,423\" data-comments-opened=\"1\" data-image-meta=\"{&quot;aperture&quot;:&quot;0&quot;,&quot;credit&quot;:&quot;&quot;,&quot;camera&quot;:&quot;&quot;,&quot;caption&quot;:&quot;&quot;,&quot;created_timestamp&quot;:&quot;0&quot;,&quot;copyright&quot;:&quot;&quot;,&quot;focal_length&quot;:&quot;0&quot;,&quot;iso&quot;:&quot;0&quot;,&quot;shutter_speed&quot;:&quot;0&quot;,&quot;title&quot;:&quot;&quot;,&quot;orientation&quot;:&quot;0&quot;}\" data-image-title=\"Manual Uncoiler\" data-image-description=\"\" data-image-caption=\"\" data-large-file=\"https:\/\/believeindustry.company\/wp-content\/uploads\/2018\/06\/Manual-Uncoiler.jpg\" class=\"size-medium wp-image-2194 alignright\" style=\"font-family: Lato, 'Helvetica Neue', Helvetica, Arial, sans-serif; font-size: 16px;\" src=\"https:\/\/believeindustry.company\/wp-content\/uploads\/2018\/06\/Manual-Uncoiler-300x210.jpg\" alt=\"5 Tonluk Manuel Bobin A\u00e7\u0131c\u0131\" width=\"300\" height=\"210\" srcset=\"https:\/\/believeindustry.company\/wp-content\/uploads\/2018\/06\/Manual-Uncoiler-300x210.jpg 300w, https:\/\/believeindustry.company\/wp-content\/uploads\/2018\/06\/Manual-Uncoiler-600x420.jpg 600w, https:\/\/believeindustry.company\/wp-content\/uploads\/2018\/06\/Manual-Uncoiler.jpg 604w\" sizes=\"(max-width: 300px) 100vw, 300px\" \/><\/figure><\/h4>\n\n\n\n<ul class=\"wp-block-list\"><li>Bobin \u0130\u00e7 \u00c7ap\u0131: 460-520 mm<\/li><li>Bobin D\u0131\u015f \u00c7ap\u0131: maksimum 1300 mm<\/li><li>Maksimum Y\u00fckleme Kapasitesi: 5 Ton<\/li><li>Manuel Gev\u015fetme ve Gerdirme, Pasif A\u00e7ma.<\/li><\/ul>\n\n\n\n<h4 class=\"wp-block-heading\"><strong><span style=\"font-size: 12pt;\">Duvar Paneli Rulo \u015eekillendirme Fabrikas\u0131<\/span><\/strong><\/h4>\n\n\n\n<ul class=\"wp-block-list\"><li>Makinenin Ana Yap\u0131s\u0131: 350 H \u00c7elik, 25 mm \u00e7elik levha kaynakl\u0131.<\/li><li>Rulo \u015eekillendirme Stand\u0131 Numaras\u0131:<b>18 grup<\/b><\/li><li>\u015eekillendirme H\u0131z\u0131: Yakla\u015f\u0131k 15 m\/dak.<\/li><li>Mil \u00c7ap\u0131: 80 mm<\/li><li>Mil Malzemesi: Y\u00fczey \u0131s\u0131l i\u015flem g\u00f6rm\u00fc\u015f 45# \u00e7elik<\/li><li>Silindir Malzemesi: ASTM 1045 \u00e7elik, sertle\u015ftirme i\u015flemi uygulanm\u0131\u015f (HRC58-60) ve 0,05 mm kal\u0131nl\u0131\u011f\u0131nda krom kaplama.<\/li><li>Aktar\u0131m: Zincir ve ilk ve son 2 mil, hem \u00fcst hem de alt milleri tahrik etmek i\u00e7in di\u015fli kullan\u0131r.<\/li><li><b><\/b><strong><b>Motor<\/b><\/strong><strong><b>G\u00fc\u00e7<\/b><\/strong><strong><b>:<\/b><\/strong><strong><b>7,5 kW<\/b><\/strong><\/li><li>Duvar sac\u0131 rulo \u015fekillendirme makinesinin tahrik edilen t\u00fcm par\u00e7alar\u0131 g\u00fcvenlik korumas\u0131yla kaplanm\u0131\u015ft\u0131r.<\/li><\/ul>\n\n\n\n<figure class=\"wp-block-image\"><img decoding=\"async\" width=\"960\" height=\"640\" data-attachment-id=\"2195\" data-permalink=\"https:\/\/believeindustry.company\/tr\/roll-forming-machine\/metal-sheet-roll-forming-machine\/metal-wall-panel-roll-forming-machine\/1-3\/\" data-orig-file=\"https:\/\/believeindustry.company\/wp-content\/uploads\/2018\/06\/1.jpg\" data-orig-size=\"960,640\" data-comments-opened=\"1\" data-image-meta=\"{&quot;aperture&quot;:&quot;0&quot;,&quot;credit&quot;:&quot;&quot;,&quot;camera&quot;:&quot;&quot;,&quot;caption&quot;:&quot;&quot;,&quot;created_timestamp&quot;:&quot;0&quot;,&quot;copyright&quot;:&quot;&quot;,&quot;focal_length&quot;:&quot;0&quot;,&quot;iso&quot;:&quot;0&quot;,&quot;shutter_speed&quot;:&quot;0&quot;,&quot;title&quot;:&quot;&quot;,&quot;orientation&quot;:&quot;0&quot;}\" data-image-title=\"1\" data-image-description=\"\" data-image-caption=\"\" data-large-file=\"https:\/\/believeindustry.company\/wp-content\/uploads\/2018\/06\/1.jpg\" src=\"https:\/\/believeindustry.company\/wp-content\/uploads\/2018\/06\/1.jpg\" alt=\"Metal Duvar Paneli Rulo \u015eekillendirme Makinesi\" class=\"wp-image-2195\" srcset=\"https:\/\/believeindustry.company\/wp-content\/uploads\/2018\/06\/1.jpg 960w, https:\/\/believeindustry.company\/wp-content\/uploads\/2018\/06\/1-600x400.jpg 600w, https:\/\/believeindustry.company\/wp-content\/uploads\/2018\/06\/1-300x200.jpg 300w, https:\/\/believeindustry.company\/wp-content\/uploads\/2018\/06\/1-272x182.jpg 272w\" sizes=\"(max-width: 960px) 100vw, 960px\" \/><\/figure>\n\n\n\n<h4 class=\"wp-block-heading\"><span style=\"font-size: 12pt;\"><strong><b>Hidrolik Kesme Cihaz\u0131<\/b><\/strong><\/span><\/h4>\n\n\n\n<div class=\"wp-block-image wp-image-2051 size-medium\"><figure class=\"alignright\"><img decoding=\"async\" width=\"225\" height=\"300\" data-attachment-id=\"2051\" data-permalink=\"https:\/\/believeindustry.company\/tr\/roll-forming-machine\/customized-profile-roll-forming-machine\/highway-guardrail-roll-forming-machine\/cof-2\/\" data-orig-file=\"https:\/\/believeindustry.company\/wp-content\/uploads\/2018\/06\/controlled-cabinet-2.jpg\" data-orig-size=\"2976,3968\" data-comments-opened=\"1\" data-image-meta=\"{&quot;aperture&quot;:&quot;2.2&quot;,&quot;credit&quot;:&quot;&quot;,&quot;camera&quot;:&quot;VIE-AL10&quot;,&quot;caption&quot;:&quot;cof&quot;,&quot;created_timestamp&quot;:&quot;1497688628&quot;,&quot;copyright&quot;:&quot;&quot;,&quot;focal_length&quot;:&quot;4.5&quot;,&quot;iso&quot;:&quot;200&quot;,&quot;shutter_speed&quot;:&quot;0.02&quot;,&quot;title&quot;:&quot;cof&quot;,&quot;orientation&quot;:&quot;0&quot;}\" data-image-title=\"PLC Controlled Cabinet\" data-image-description=\"\" data-image-caption=\"&lt;p&gt;The worker can set all the data of length, quantity, holes position on the touch screen which will controll the machnne&lt;\/p&gt;\" data-large-file=\"https:\/\/believeindustry.company\/wp-content\/uploads\/2018\/06\/controlled-cabinet-2-768x1024.jpg\" src=\"https:\/\/believeindustry.company\/wp-content\/uploads\/2018\/06\/controlled-cabinet-2-225x300.jpg\" alt=\"korkuluk makinesi kontroll\u00fc kabin\" class=\"wp-image-2051\" srcset=\"https:\/\/believeindustry.company\/wp-content\/uploads\/2018\/06\/controlled-cabinet-2-225x300.jpg 225w, https:\/\/believeindustry.company\/wp-content\/uploads\/2018\/06\/controlled-cabinet-2-600x800.jpg 600w, https:\/\/believeindustry.company\/wp-content\/uploads\/2018\/06\/controlled-cabinet-2-768x1024.jpg 768w\" sizes=\"(max-width: 225px) 100vw, 225px\" \/><figcaption>\u0130\u015f\u00e7i, makinenin kontrol\u00fcn\u00fc sa\u011flayacak olan dokunmatik ekran \u00fczerinden uzunluk, miktar ve delik konumu gibi t\u00fcm verileri ayarlayabilir.<\/figcaption><\/figure><\/div>\n\n\n\n<ul class=\"wp-block-list\"><li>Tip: Hidrolik kesmeyi durdurun<\/li><li>Kesme Kal\u0131b\u0131 Malzemesi: Sertle\u015ftirilmi\u015f i\u015flem g\u00f6rm\u00fc\u015f Cr12 \u00c7elik, HRC 60-62, 2 grup<\/li><li>Kesim Uzunlu\u011fu ve Miktar\u0131: M\u00fc\u015fteriler PLC dokunmatik ekran\u0131ndan uzunlu\u011fu ve miktar\u0131 ayarlayabilirler.<\/li><li>Hidrolik \u0130stasyon G\u00fcc\u00fc: 5,5 KW\n<p><\/p><\/li><\/ul>\n\n\n\n<h4 class=\"wp-block-heading\"><b><i><\/i><\/b><span style=\"font-size: 12pt;\"><strong><em><b><i>Kontrol Sistemi<\/i><\/b><\/em><\/strong><\/span><\/h4>\n\n\n\n<ul class=\"wp-block-list\"><li>Bilgisayar Kontrol Sistemi: Panasonic PLC<\/li><li>Dokunmatik ekran: Kunluntongtai MCSG<\/li><li>Kodlay\u0131c\u0131: Omron Markas\u0131<\/li><li>\u0130nverter: YASKAWA<\/li><li>Limit \u015falteri: Omron Markas\u0131<\/li><li>Hidrolik \u0130stasyonun Bas\u0131nc\u0131: 16 MPa<\/li><li>Ak\u0131m: 380V do\u011fru ak\u0131m, 50Hz, 3 faz<\/li><li>Kablolar\u0131n kolayca ba\u011flanmas\u0131 i\u00e7in havac\u0131l\u0131k tipi fi\u015f kullan\u0131lm\u0131\u015ft\u0131r.<\/li><\/ul>\n\n\n\n<p>Duvar panelleri i\u00e7in rulo \u015fekillendirme makinesinin yan\u0131 s\u0131ra, <a href=\"http:\/\/www.belirollform.com\" target=\"_blank\" rel=\"noopener\">\u0130nan\u00e7 End\u00fcstrisi<\/a> Ayr\u0131ca rulo \u015fekillendirme makinemiz de bulunmaktad\u0131r. <a href=\"https:\/\/believeindustry.company\/tr\/rulo-sekillendirme-makinesi\/metal-levha-rulo-sekillendirme-makinesi\/bemo-sac-rulo-sekillendirme-makinesi\/\">bemo sayfalar\u0131<\/a>, <a href=\"https:\/\/believeindustry.company\/tr\/rulo-sekillendirme-makinesi\/metal-levha-rulo-sekillendirme-makinesi\/ibr-sac-rulo-sekillendirme-makinesi\/\">IBR levhalar\u0131<\/a>, <a href=\"https:\/\/believeindustry.company\/tr\/rulo-sekillendirme-makinesi\/ozellestirilmis-profil-rulo-sekillendirme-makinesi\/uni-destek-kanali-rulo-sekillendirme-makinesi\/\">destek kanal\u0131,<\/a> <a href=\"https:\/\/believeindustry.company\/tr\/rulo-sekillendirme-makinesi\/palet-rafi-rulo-sekillendirme-makinesi\/dikey-rafli-rulo-sekillendirme-makinesi\/\">dik raf<\/a>, <a href=\"https:\/\/believeindustry.company\/tr\/rulo-sekillendirme-makinesi\/ozellestirilmis-profil-rulo-sekillendirme-makinesi\/karayolu-bariyeri-rulo-sekillendirme-makinesi\/\">korkuluklar<\/a>, vesaire.<\/p>\n\n\n\n<p><a href=\"https:\/\/believeindustry.company\/tr\/urun\/celik-dilme-hatti-makinesi\/\">Bize Ula\u015f\u0131n<\/a> Rulo \u015fekillendirme makinesi hakk\u0131nda daha fazla bilgi i\u00e7in ve <a href=\"https:\/\/believeindustry.company\/tr\/bobin-proses-ekipmani\/\">bobin proses ekipmanlar\u0131<\/a><\/p>","protected":false},"excerpt":{"rendered":"<p>Metal Duvar Paneli Rulo \u015eekillendirme Makinesi, duvar panellerini otomatik olarak \u00fcretmek i\u00e7in kullan\u0131l\u0131r. Makine, duvar paneli profillerini istenilen uzunlukta kesebilir.<\/p>","protected":false},"author":2,"featured_media":2199,"parent":724,"menu_order":8,"comment_status":"closed","ping_status":"closed","template":"","meta":{"_angie_page":false,"footnotes":"","big_sky_generated":false},"tags":[607846024,607845980,607849628,607847026,607848169,607848170,607848168],"class_list":["post-2193","page","type-page","status-publish","has-post-thumbnail","hentry","tag-cold-roll-forming-machine","tag-metal-sheet-roll-forming-machine","tag-panel-lines","tag-wall-panel-roll-forming-machine","tag-wall-sheet-machine","tag-wall-sheet-roll-former","tag-wall-sheet-roll-forming-machine"],"blocksy_meta":[],"jetpack_sharing_enabled":true,"jetpack_shortlink":"https:\/\/wp.me\/P9K5n8-zn","jetpack_likes_enabled":false,"jetpack-related-posts":[{"id":593,"url":"https:\/\/believeindustry.company\/tr\/roll-forming-machine\/metal-sheet-roll-forming-machine\/roofing-sheet-roll-forming-machine\/","url_meta":{"origin":2193,"position":0},"title":"\u00c7at\u0131 Sac Rulo \u015eekillendirme Makinesi","author":"Believe Industry Group","date":"Mart 22, 2018","format":false,"excerpt":"Roofing Sheet Roll Forming Machine is designed to produce various kinds of roofing sheets, wall cladding as per design drawing with desired length. The thickness is normal from 0.2 to 0.8mm and the strength is from 235 Mpa to 550 Mpa. Introduction of Roofing Sheet Roll Forming Machine Where to\u2026","rel":"","context":"\"Construction and Steel Structure\" i\u00e7inde","block_context":{"text":"Construction and Steel Structure","link":"https:\/\/believeindustry.company\/tr\/tag\/construction-and-steel-structure\/"},"img":{"alt_text":"roof sheet roll forming machine","src":"https:\/\/i0.wp.com\/believeindustry.company\/wp-content\/uploads\/2018\/06\/roof-sheet-roll-forming-machine_%E5%89%AF%E6%9C%AC.jpg?resize=350%2C200&ssl=1","width":350,"height":200,"srcset":"https:\/\/i0.wp.com\/believeindustry.company\/wp-content\/uploads\/2018\/06\/roof-sheet-roll-forming-machine_%E5%89%AF%E6%9C%AC.jpg?resize=350%2C200&ssl=1 1x, https:\/\/i0.wp.com\/believeindustry.company\/wp-content\/uploads\/2018\/06\/roof-sheet-roll-forming-machine_%E5%89%AF%E6%9C%AC.jpg?resize=525%2C300&ssl=1 1.5x, https:\/\/i0.wp.com\/believeindustry.company\/wp-content\/uploads\/2018\/06\/roof-sheet-roll-forming-machine_%E5%89%AF%E6%9C%AC.jpg?resize=700%2C400&ssl=1 2x, https:\/\/i0.wp.com\/believeindustry.company\/wp-content\/uploads\/2018\/06\/roof-sheet-roll-forming-machine_%E5%89%AF%E6%9C%AC.jpg?resize=1050%2C600&ssl=1 3x"},"classes":[]},{"id":724,"url":"https:\/\/believeindustry.company\/tr\/roll-forming-machine\/metal-sheet-roll-forming-machine\/","url_meta":{"origin":2193,"position":1},"title":"Metal Sac Rulo \u015eekillendirme Makinesi","author":"Believe Industry Group","date":"Mart 28, 2018","format":false,"excerpt":"Metal Sheet Roll Forming Machines, also named Steel Sheet Roll Forming Machines are widely used in Steel Structure Systems Manufacturers or Builders.Believe Industry Company have full range of Metal Sheet Roll Forming Machine to produce Roof Panels, Wall Cladding Sheets, Step Tiles with different types. Such as: Standing seamming Panel.\u2026","rel":"","context":"\"believe industry machine\" i\u00e7inde","block_context":{"text":"believe industry machine","link":"https:\/\/believeindustry.company\/tr\/tag\/believe-industry-machine\/"},"img":{"alt_text":"sheet roll forming machine","src":"https:\/\/i0.wp.com\/believeindustry.company\/wp-content\/uploads\/2018\/03\/metal-sheet-roll-forming-machine.jpg?resize=350%2C200&ssl=1","width":350,"height":200,"srcset":"https:\/\/i0.wp.com\/believeindustry.company\/wp-content\/uploads\/2018\/03\/metal-sheet-roll-forming-machine.jpg?resize=350%2C200&ssl=1 1x, https:\/\/i0.wp.com\/believeindustry.company\/wp-content\/uploads\/2018\/03\/metal-sheet-roll-forming-machine.jpg?resize=525%2C300&ssl=1 1.5x, https:\/\/i0.wp.com\/believeindustry.company\/wp-content\/uploads\/2018\/03\/metal-sheet-roll-forming-machine.jpg?resize=700%2C400&ssl=1 2x"},"classes":[]},{"id":19437,"url":"https:\/\/believeindustry.company\/tr\/product-2\/","url_meta":{"origin":2193,"position":2},"title":"\u00dcr\u00fcn","author":"Believe Industry Group","date":"Kas\u0131m 12, 2025","format":false,"excerpt":"Energy and Electric Construction and Steel Structure Rack and Shelving Sale Rated 0 out of 5 Energy and Electric 41x41mm 41x82mm Solar Strut Channel Roll Forming Machine $85,000.00 Original price was: $85,000.00.$80,000.00Current price is: $80,000.00. View Product Sale Rated 0 out of 5 Metal Panel Trapezoidal Ribbed Spandeck Roof and\u2026","rel":"","context":"Benzer yaz\u0131","block_context":{"text":"Benzer yaz\u0131","link":""},"img":{"alt_text":"41x41mm 41x82mm Solar Strut Channel Roll Forming Machine","src":"https:\/\/i0.wp.com\/believeindustry.company\/wp-content\/uploads\/2025\/10\/41x41-41X82-Solar-Strut-Channel-Roll-Forming-Machine-300x214.webp?resize=350%2C200&ssl=1","width":350,"height":200},"classes":[]},{"id":6731,"url":"https:\/\/believeindustry.company\/tr\/roll-forming-machine\/metal-sheet-roll-forming-machine\/ag-panel-roll-forming-machine\/","url_meta":{"origin":2193,"position":3},"title":"AG Panel Rulo \u015eekillendirme Makinesi","author":"Believe Industry Group","date":"May\u0131s 9, 2019","format":false,"excerpt":"An AG Panel Roll Forming Machine is an industrial machine that continuously shapes flat metal coils (typically steel or aluminum) into the finished, ribbed profile known as the AG (Agricultural) Panel. What\u2019s AG Panel? AG Panel Metal Roof, a low depth profile, economical panel solution for residential, commercial and agricultural\u2026","rel":"","context":"\"Construction and Steel Structure\" i\u00e7inde","block_context":{"text":"Construction and Steel Structure","link":"https:\/\/believeindustry.company\/tr\/tag\/construction-and-steel-structure\/"},"img":{"alt_text":"AG Panel Roll Forming Machine","src":"https:\/\/i0.wp.com\/believeindustry.company\/wp-content\/uploads\/2023\/06\/AG-Panel-Roll-Forming-Machine.jpg?resize=350%2C200&ssl=1","width":350,"height":200,"srcset":"https:\/\/i0.wp.com\/believeindustry.company\/wp-content\/uploads\/2023\/06\/AG-Panel-Roll-Forming-Machine.jpg?resize=350%2C200&ssl=1 1x, https:\/\/i0.wp.com\/believeindustry.company\/wp-content\/uploads\/2023\/06\/AG-Panel-Roll-Forming-Machine.jpg?resize=525%2C300&ssl=1 1.5x, https:\/\/i0.wp.com\/believeindustry.company\/wp-content\/uploads\/2023\/06\/AG-Panel-Roll-Forming-Machine.jpg?resize=700%2C400&ssl=1 2x, https:\/\/i0.wp.com\/believeindustry.company\/wp-content\/uploads\/2023\/06\/AG-Panel-Roll-Forming-Machine.jpg?resize=1050%2C600&ssl=1 3x"},"classes":[]},{"id":1003,"url":"https:\/\/believeindustry.company\/tr\/roll-forming-machine\/metal-sheet-roll-forming-machine\/bemo-sheet-roll-forming-machine\/","url_meta":{"origin":2193,"position":4},"title":"Bemo Sac Rulo \u015eekillendirme Makinesi","author":"Believe Industry Group","date":"Nisan 9, 2018","format":false,"excerpt":"A Bemo sheet roll forming machine is a large, powerful system that bends flat metal coils into special Bemo roof panels. This fast machine stops the need for slow hand-bending. It uses hard steel rollers to shape the metal perfectly without heat. Because of this speed and accuracy, top builders\u2026","rel":"","context":"\"Bemo Sheet Machine\" i\u00e7inde","block_context":{"text":"Bemo Sheet Machine","link":"https:\/\/believeindustry.company\/tr\/tag\/bemo-sheet-machine\/"},"img":{"alt_text":"bemo sheet roll forming machine","src":"https:\/\/i0.wp.com\/believeindustry.company\/wp-content\/uploads\/2026\/04\/bemo-sheet-roll-forming-machine.webp?resize=350%2C200&ssl=1","width":350,"height":200,"srcset":"https:\/\/i0.wp.com\/believeindustry.company\/wp-content\/uploads\/2026\/04\/bemo-sheet-roll-forming-machine.webp?resize=350%2C200&ssl=1 1x, https:\/\/i0.wp.com\/believeindustry.company\/wp-content\/uploads\/2026\/04\/bemo-sheet-roll-forming-machine.webp?resize=525%2C300&ssl=1 1.5x, https:\/\/i0.wp.com\/believeindustry.company\/wp-content\/uploads\/2026\/04\/bemo-sheet-roll-forming-machine.webp?resize=700%2C400&ssl=1 2x, https:\/\/i0.wp.com\/believeindustry.company\/wp-content\/uploads\/2026\/04\/bemo-sheet-roll-forming-machine.webp?resize=1050%2C600&ssl=1 3x, https:\/\/i0.wp.com\/believeindustry.company\/wp-content\/uploads\/2026\/04\/bemo-sheet-roll-forming-machine.webp?resize=1400%2C800&ssl=1 4x"},"classes":[]},{"id":2853,"url":"https:\/\/believeindustry.company\/tr\/roll-forming-machine\/customized-profile-roll-forming-machine\/metal-stud-and-track-roll-forming-machine\/","url_meta":{"origin":2193,"position":5},"title":"\u00c7ivi ve Ray Rulo \u015eekillendirme Makinesi","author":"Believe Industry Group","date":"Ekim 2, 2018","format":false,"excerpt":"Metal Stud and Track Roll Forming Machine is for produce studs and tracks with various types. Which is widely used in light steel construction industry. Metal Stud and Track Roll Forming Machine What's Stud and Track? The stud and track are very easy to install with the minimum of knowledge\u2026","rel":"","context":"&quot;Company News&quot; i\u00e7inde","block_context":{"text":"Company News","link":"https:\/\/believeindustry.company\/tr\/category\/company-news\/"},"img":{"alt_text":"metal stud and track roll forming machine","src":"https:\/\/i0.wp.com\/believeindustry.company\/wp-content\/uploads\/2018\/10\/stud-and-track-roll-forming-machines-1.jpg?resize=350%2C200&ssl=1","width":350,"height":200,"srcset":"https:\/\/i0.wp.com\/believeindustry.company\/wp-content\/uploads\/2018\/10\/stud-and-track-roll-forming-machines-1.jpg?resize=350%2C200&ssl=1 1x, https:\/\/i0.wp.com\/believeindustry.company\/wp-content\/uploads\/2018\/10\/stud-and-track-roll-forming-machines-1.jpg?resize=525%2C300&ssl=1 1.5x, https:\/\/i0.wp.com\/believeindustry.company\/wp-content\/uploads\/2018\/10\/stud-and-track-roll-forming-machines-1.jpg?resize=700%2C400&ssl=1 2x, https:\/\/i0.wp.com\/believeindustry.company\/wp-content\/uploads\/2018\/10\/stud-and-track-roll-forming-machines-1.jpg?resize=1050%2C600&ssl=1 3x"},"classes":[]}],"amp_enabled":true,"_links":{"self":[{"href":"https:\/\/believeindustry.company\/tr\/wp-json\/wp\/v2\/pages\/2193","targetHints":{"allow":["GET"]}}],"collection":[{"href":"https:\/\/believeindustry.company\/tr\/wp-json\/wp\/v2\/pages"}],"about":[{"href":"https:\/\/believeindustry.company\/tr\/wp-json\/wp\/v2\/types\/page"}],"author":[{"embeddable":true,"href":"https:\/\/believeindustry.company\/tr\/wp-json\/wp\/v2\/users\/2"}],"replies":[{"embeddable":true,"href":"https:\/\/believeindustry.company\/tr\/wp-json\/wp\/v2\/comments?post=2193"}],"version-history":[{"count":2,"href":"https:\/\/believeindustry.company\/tr\/wp-json\/wp\/v2\/pages\/2193\/revisions"}],"predecessor-version":[{"id":19720,"href":"https:\/\/believeindustry.company\/tr\/wp-json\/wp\/v2\/pages\/2193\/revisions\/19720"}],"up":[{"embeddable":true,"href":"https:\/\/believeindustry.company\/tr\/wp-json\/wp\/v2\/pages\/724"}],"wp:featuredmedia":[{"embeddable":true,"href":"https:\/\/believeindustry.company\/tr\/wp-json\/wp\/v2\/media\/2199"}],"wp:attachment":[{"href":"https:\/\/believeindustry.company\/tr\/wp-json\/wp\/v2\/media?parent=2193"}],"wp:term":[{"taxonomy":"post_tag","embeddable":true,"href":"https:\/\/believeindustry.company\/tr\/wp-json\/wp\/v2\/tags?post=2193"}],"curies":[{"name":"wp","href":"https:\/\/api.w.org\/{rel}","templated":true}]}}