{"id":2264,"date":"2018-06-19T13:03:09","date_gmt":"2018-06-19T05:03:09","guid":{"rendered":"https:\/\/believeindustry.company\/?page_id=2264"},"modified":"2025-12-05T15:43:47","modified_gmt":"2025-12-05T07:43:47","slug":"tasinabilir-oluk-temizleme-makinesi-satilik","status":"publish","type":"page","link":"https:\/\/believeindustry.company\/tr\/roll-forming-machine\/downspoutgutter-roll-forming-machine\/portable-gutter-machine-for-sale\/","title":{"rendered":"Ta\u015f\u0131nabilir Oluk Temizleme Makinesi"},"content":{"rendered":"<p>Believe Industry Company, ta\u015f\u0131nabilir oluk makinelerinin tam bir yelpazesini sat\u0131\u015fa sunmaktad\u0131r. 5&quot; ve 6&quot; K tipi, 6&quot; yar\u0131m yuvarlak oluk ve 7&quot; end\u00fcstriyel oluk makineleri mevcuttur.<\/p>\n\n\n\n<!--more-->\n\n\n\n<h1 class=\"wp-block-heading\">Ta\u015f\u0131nabilir Oluk Temizleme Makinesi Sat\u0131l\u0131k<\/h1>\n\n\n\n<h2 class=\"wp-block-heading\">Ya\u011fmur olu\u011fu nedir?<\/h2>\n\n\n\n<p>Ya\u011fmur olu\u011fu, bir binan\u0131n su tahliye sisteminin bir bile\u015fenidir. \u00c7at\u0131dan gelen su, vadi olu\u011funa akar ve oradan da ini\u015f borusundan a\u015fa\u011f\u0131 iner. Oluk yap\u0131m\u0131nda bir\u00e7ok malzeme kullan\u0131lm\u0131\u015ft\u0131r: D\u00f6kme demir, UPVC, al\u00fcminyum, \u00e7elik, ah\u015fap, bak\u0131r vb.<\/p>\n\n\n\n<p><a href=\"http:\/\/www.belirollform.com\" target=\"_blank\" rel=\"noopener\">Believe Industry Company<\/a> Ta\u015f\u0131nabilir oluk makinesi, 0,3-0,5 mm kal\u0131nl\u0131\u011f\u0131nda bak\u0131r, al\u00fcminyum s\u00fclfat, PPGI ve galvanizli \u00e7elik malzemelerden oluk \u00fcretebilmektedir.<\/p>\n\n\n\n<h3 class=\"wp-block-heading\">Oluklar\u0131n \u00c7izimleri<\/h3>\n\n\n\n<figure class=\"wp-block-image\"><img fetchpriority=\"high\" decoding=\"async\" width=\"236\" height=\"300\" data-attachment-id=\"2266\" data-permalink=\"https:\/\/believeindustry.company\/tr\/roll-forming-machine\/downspoutgutter-roll-forming-machine\/portable-gutter-machine-for-sale\/half-round-gutter\/\" data-orig-file=\"https:\/\/believeindustry.company\/wp-content\/uploads\/2018\/06\/Half-Round-Gutter.jpg\" data-orig-size=\"556,706\" data-comments-opened=\"1\" data-image-meta=\"{&quot;aperture&quot;:&quot;0&quot;,&quot;credit&quot;:&quot;&quot;,&quot;camera&quot;:&quot;&quot;,&quot;caption&quot;:&quot;&quot;,&quot;created_timestamp&quot;:&quot;0&quot;,&quot;copyright&quot;:&quot;&quot;,&quot;focal_length&quot;:&quot;0&quot;,&quot;iso&quot;:&quot;0&quot;,&quot;shutter_speed&quot;:&quot;0&quot;,&quot;title&quot;:&quot;&quot;,&quot;orientation&quot;:&quot;0&quot;}\" data-image-title=\"Half Round Gutter\" data-image-description=\"\" data-image-caption=\"\" data-large-file=\"https:\/\/believeindustry.company\/wp-content\/uploads\/2018\/06\/Half-Round-Gutter.jpg\" src=\"https:\/\/believeindustry.company\/wp-content\/uploads\/2018\/06\/Half-Round-Gutter-236x300.jpg\" alt=\"Hale Yuvarlak Oluklar\" class=\"wp-image-2266\" srcset=\"https:\/\/believeindustry.company\/wp-content\/uploads\/2018\/06\/Half-Round-Gutter-236x300.jpg 236w, https:\/\/believeindustry.company\/wp-content\/uploads\/2018\/06\/Half-Round-Gutter.jpg 556w\" sizes=\"(max-width: 236px) 100vw, 236px\" \/><\/figure>\n\n\n\n<figure class=\"wp-block-image\"><img decoding=\"async\" width=\"167\" height=\"300\" data-attachment-id=\"2267\" data-permalink=\"https:\/\/believeindustry.company\/tr\/roll-forming-machine\/downspoutgutter-roll-forming-machine\/portable-gutter-machine-for-sale\/k-style-gutter\/\" data-orig-file=\"https:\/\/believeindustry.company\/wp-content\/uploads\/2018\/06\/K-style-Gutter.gif\" data-orig-size=\"317,571\" data-comments-opened=\"1\" data-image-meta=\"{&quot;aperture&quot;:&quot;0&quot;,&quot;credit&quot;:&quot;&quot;,&quot;camera&quot;:&quot;&quot;,&quot;caption&quot;:&quot;&quot;,&quot;created_timestamp&quot;:&quot;0&quot;,&quot;copyright&quot;:&quot;&quot;,&quot;focal_length&quot;:&quot;0&quot;,&quot;iso&quot;:&quot;0&quot;,&quot;shutter_speed&quot;:&quot;0&quot;,&quot;title&quot;:&quot;&quot;,&quot;orientation&quot;:&quot;0&quot;}\" data-image-title=\"K style Gutter\" data-image-description=\"\" data-image-caption=\"\" data-large-file=\"https:\/\/believeindustry.company\/wp-content\/uploads\/2018\/06\/K-style-Gutter.gif\" src=\"https:\/\/believeindustry.company\/wp-content\/uploads\/2018\/06\/K-style-Gutter-167x300.gif\" alt=\"K tipi oluk\" class=\"wp-image-2267\"\/><\/figure>\n\n\n\n<h3 class=\"wp-block-heading\">Ta\u015f\u0131nabilir Oluk Temizleme Makinesinin 3 Boyutlu G\u00f6r\u00fcn\u00fcm\u00fc<\/h3>\n\n\n\n<figure class=\"wp-block-image\"><img decoding=\"async\" width=\"664\" height=\"362\" data-attachment-id=\"2268\" data-permalink=\"https:\/\/believeindustry.company\/tr\/roll-forming-machine\/downspoutgutter-roll-forming-machine\/portable-gutter-machine-for-sale\/portable-gutter-machine-3d-view\/\" data-orig-file=\"https:\/\/believeindustry.company\/wp-content\/uploads\/2018\/06\/portable-gutter-machine-3d-view.jpg\" data-orig-size=\"664,362\" data-comments-opened=\"1\" data-image-meta=\"{&quot;aperture&quot;:&quot;0&quot;,&quot;credit&quot;:&quot;&quot;,&quot;camera&quot;:&quot;&quot;,&quot;caption&quot;:&quot;&quot;,&quot;created_timestamp&quot;:&quot;0&quot;,&quot;copyright&quot;:&quot;&quot;,&quot;focal_length&quot;:&quot;0&quot;,&quot;iso&quot;:&quot;0&quot;,&quot;shutter_speed&quot;:&quot;0&quot;,&quot;title&quot;:&quot;&quot;,&quot;orientation&quot;:&quot;0&quot;}\" data-image-title=\"portable gutter machine 3d view\" data-image-description=\"\" data-image-caption=\"\" data-large-file=\"https:\/\/believeindustry.company\/wp-content\/uploads\/2018\/06\/portable-gutter-machine-3d-view.jpg\" src=\"https:\/\/believeindustry.company\/wp-content\/uploads\/2018\/06\/portable-gutter-machine-3d-view.jpg\" alt=\"Ta\u015f\u0131nabilir oluk temizleme makinesinin 3 boyutlu g\u00f6r\u00fcn\u00fcm\u00fc\" class=\"wp-image-2268\" srcset=\"https:\/\/believeindustry.company\/wp-content\/uploads\/2018\/06\/portable-gutter-machine-3d-view.jpg 664w, https:\/\/believeindustry.company\/wp-content\/uploads\/2018\/06\/portable-gutter-machine-3d-view-600x327.jpg 600w, https:\/\/believeindustry.company\/wp-content\/uploads\/2018\/06\/portable-gutter-machine-3d-view-300x164.jpg 300w\" sizes=\"(max-width: 664px) 100vw, 664px\" \/><\/figure>\n\n\n\n<figure class=\"wp-block-image\"><img loading=\"lazy\" decoding=\"async\" width=\"784\" height=\"337\" data-attachment-id=\"2269\" data-permalink=\"https:\/\/believeindustry.company\/tr\/roll-forming-machine\/downspoutgutter-roll-forming-machine\/portable-gutter-machine-for-sale\/portable-gutter-machine-for-sale\/\" data-orig-file=\"https:\/\/believeindustry.company\/wp-content\/uploads\/2018\/06\/portable-gutter-machine-for-sale.jpg\" data-orig-size=\"784,337\" data-comments-opened=\"1\" data-image-meta=\"{&quot;aperture&quot;:&quot;0&quot;,&quot;credit&quot;:&quot;&quot;,&quot;camera&quot;:&quot;&quot;,&quot;caption&quot;:&quot;&quot;,&quot;created_timestamp&quot;:&quot;0&quot;,&quot;copyright&quot;:&quot;&quot;,&quot;focal_length&quot;:&quot;0&quot;,&quot;iso&quot;:&quot;0&quot;,&quot;shutter_speed&quot;:&quot;0&quot;,&quot;title&quot;:&quot;&quot;,&quot;orientation&quot;:&quot;0&quot;}\" data-image-title=\"portable gutter machine for sale\" data-image-description=\"\" data-image-caption=\"\" data-large-file=\"https:\/\/believeindustry.company\/wp-content\/uploads\/2018\/06\/portable-gutter-machine-for-sale.jpg\" src=\"https:\/\/believeindustry.company\/wp-content\/uploads\/2018\/06\/portable-gutter-machine-for-sale.jpg\" alt=\"ta\u015f\u0131nabilir oluk temizleme makinesi sat\u0131l\u0131k\" class=\"wp-image-2269\" srcset=\"https:\/\/believeindustry.company\/wp-content\/uploads\/2018\/06\/portable-gutter-machine-for-sale.jpg 784w, https:\/\/believeindustry.company\/wp-content\/uploads\/2018\/06\/portable-gutter-machine-for-sale-600x258.jpg 600w, https:\/\/believeindustry.company\/wp-content\/uploads\/2018\/06\/portable-gutter-machine-for-sale-300x129.jpg 300w\" sizes=\"(max-width: 784px) 100vw, 784px\" \/><\/figure>\n\n\n\n<h2 class=\"wp-block-heading\"><strong>Ta\u015f\u0131nabilir Oluk Temizleme Makinesi \u00d6zellikleri<\/strong><\/h2>\n\n\n\n<table class=\"wp-block-table has-fixed-layout\"><tbody><tr><td><strong>Ana \u015fekillendirme<\/strong> makine<\/td><\/tr><tr><td>\u00dcr\u00fcn Yelpazesi<\/td><td>G5\/6\/5&amp;6K<\/td><\/tr><tr><td>Olu\u015fturma istasyonu<\/td><td>Serbest y\u00fczer, 45# \u00e7elik, \u0131s\u0131l i\u015flem g\u00f6rm\u00fc\u015f, krom kaplama.<\/td><\/tr><tr><td>Ana mil malzemesi<\/td><td>S45C, \u0131s\u0131l i\u015flem HRC42~44, \u03a650mm<\/td><\/tr><tr><td>Kesim sayfas\u0131<\/td><td>\u015eekillendirme sonras\u0131 kesme, \u0130leri \u00c7ekmeli Manuel Kremayer ve Di\u015fli Mekanizmas\u0131, Sertle\u015ftirilmi\u015f Tak\u0131m \u00c7eli\u011fi Kal\u0131plar ile<\/td><\/tr><tr><td>\u015eekillendirme h\u0131z\u0131<\/td><td>0-10 m\/dak<\/td><\/tr><tr><td>\u00dcretim h\u0131z\u0131<\/td><td>0-6 m\/dak<\/td><\/tr><tr><td>Ana motor g\u00fcc\u00fc<\/td><td>AC2.2KW, \u00c7in&#039;in \u00fcnl\u00fc markas\u0131<\/td><\/tr><tr><td>\u0130letim sistemi<\/td><td>D\u00fczg\u00fcn, e\u015fit ve b\u00fck\u00fclme yapmayan tahrik i\u00e7in poli\u00fcretan \u00fcst ve alt tahrik silindirleri.<\/td><\/tr><tr><td>Kontrol sistemi<\/td><td>Basit elektrik kontrol kutusu<\/td><\/tr><tr><td>Boyutlar (Uzunluk \u00d7 Geni\u015flik \u00d7 Y\u00fckseklik)<\/td><td>Yakla\u015f\u0131k 3040\u00d7610\u00d7480 mm (paket hari\u00e7)<\/td><\/tr><tr><td>A\u011f\u0131rl\u0131k<\/td><td>Yakla\u015f\u0131k 490 kg<\/td><\/tr><tr><td><strong>Dekoiler <\/strong><\/td><\/tr><tr><td>Bobin a\u00e7\u0131c\u0131 tipi<\/td><td>Pasif bobin \u00e7\u00f6z\u00fcc\u00fc, ana makine g\u00f6vdesine entegre edilmi\u015ftir.<\/td><\/tr><tr><td>Bobin a\u00e7\u0131c\u0131 d\u00fczeni<\/td><td>Ana \u015fekillendirme makinesinin g\u00f6vdesine entegre edilmi\u015ftir.<\/td><\/tr><tr><td>Kapasite<\/td><td>Maksimum 200 kg<\/td><\/tr><tr><td>Geni\u015fleyen tip<\/td><td>manuel olarak<\/td><\/tr><tr><td>Y\u00fckleme bobini<\/td><td>manuel olarak<\/td><\/tr><tr><td>Bobin Kimli\u011fi<\/td><td>\u03a6390-420mm<\/td><\/tr><tr><td>Bobin d\u0131\u015f \u00e7ap\u0131<\/td><td>Maks.\u03a61000mm<\/td><\/tr><tr><td>Bobin geni\u015fli\u011fi<\/td><td>Maks. 400 mm<\/td><\/tr><tr><td>Boyutlar (Uzunluk \u00d7 Geni\u015flik \u00d7 Y\u00fckseklik)<\/td><td>Yakla\u015f\u0131k 500\u00d7400\u00d7800 mm<\/td><\/tr><tr><td>A\u011f\u0131rl\u0131k<\/td><td>Yakla\u015f\u0131k 30 kg<\/td><\/tr><tr><td><strong>Elektrik sistemi<\/strong><\/td><\/tr><tr><td>PLC markas\u0131<\/td><td>HAYIR<\/td><\/tr><tr><td>Ameliyat masas\u0131<\/td><td>D\u00fc\u011fme<\/td><\/tr><tr><td>Uzunluk Kontrol\u00fc<\/td><td>Kodlay\u0131c\u0131<\/td><\/tr><tr><td>Miktar kontrol\u00fc<\/td><td>HAYIR<\/td><\/tr><tr><td>Kesme hareketi kontrol\u00fc<\/td><td>Yar\u0131 otomatik<\/td><\/tr><tr><td>Elektrik bile\u015fenleri<\/td><td>Siemens\/Schneider<\/td><\/tr><tr><td>Kodlay\u0131c\u0131 markas\u0131<\/td><td>Omron, Japonya<\/td><\/tr><tr><td>\u0130nverter markas\u0131<\/td><td>HAYIR<\/td><\/tr><tr><td>G\u00fc\u00e7 kayna\u011f\u0131<\/td><td>3\/4 HP; 110 VAC\/50 Hz Tek fazl\u0131<\/td><\/tr><tr><td><strong>Masa d\u0131\u015f\u0131 <\/strong><\/td><\/tr><tr><td>Ba\u015fvuru<\/td><td>\u00dcr\u00fcnlere destek<\/td><\/tr><tr><td>Yap\u0131<\/td><td>K\u00f6\u015febent \u00e7elikten kaynak yap\u0131larak, yuvarlak \u00e7ubuk \u00e7elikle birlikte monte edilmi\u015ftir.<\/td><\/tr><tr><td>Boyutlar (Uzunluk \u00d7 Geni\u015flik \u00d7 Y\u00fckseklik)<\/td><td>Yakla\u015f\u0131k 2000 mm \u00d7 500 mm \u00d7 400 mm<\/td><\/tr><tr><td>Miktar<\/td><td>1 adet<\/td><\/tr><tr><td>G\u00fc\u00e7<\/td><td>HAYIR<\/td><\/tr><\/tbody><\/table>\n\n\n\n<p><a href=\"https:\/\/believeindustry.company\/tr\/bize-ulasin\/\">Bize Ula\u015f\u0131n<\/a> \u015eimdi daha fazla bilgi i\u00e7in.<\/p>","protected":false},"excerpt":{"rendered":"<p>Believe Industry Company, ta\u015f\u0131nabilir oluk makinelerinin tam bir yelpazesini sat\u0131\u015fa sunmaktad\u0131r. 5&quot; ve 6&quot; K tipi, 6&quot; yar\u0131m yuvarlak oluk ve 7&quot; end\u00fcstriyel oluk makineleri mevcuttur.<\/p>","protected":false},"author":2,"featured_media":2273,"parent":1078,"menu_order":0,"comment_status":"closed","ping_status":"closed","template":"","meta":{"_angie_page":false,"footnotes":"","big_sky_generated":false},"tags":[607849633,607847042,607847043,607847044],"class_list":["post-2264","page","type-page","status-publish","has-post-thumbnail","hentry","tag-downspout-lines","tag-gutter-machine","tag-gutter-machine-for-sale","tag-portable-gutter-machine-for-sale"],"blocksy_meta":[],"jetpack_sharing_enabled":true,"jetpack_shortlink":"https:\/\/wp.me\/P9K5n8-Aw","jetpack_likes_enabled":false,"jetpack-related-posts":[{"id":22021,"url":"https:\/\/believeindustry.company\/tr\/elementor-page-22021\/","url_meta":{"origin":2264,"position":0},"title":"Ya\u011fmur olu\u011fu ve ini\u015f borusu","author":"Believe Industry Group","date":"Nisan 12, 2026","format":false,"excerpt":"A roll forming machine for rain downspout and gutter is specialized manufacturing equipment designed to produce the vital components of residential and commercial roof drainage systems.These machines continuously profile flat coils of aluminum, galvanized steel, or copper into functional, weather-resistant water management products. The equipment generally falls into two categories:\u2026","rel":"","context":"Benzer yaz\u0131","block_context":{"text":"Benzer yaz\u0131","link":""},"img":{"alt_text":"downspout and gutter","src":"https:\/\/i0.wp.com\/believeindustry.company\/wp-content\/uploads\/2026\/04\/downspout-and-gutter.webp?resize=350%2C200&ssl=1","width":350,"height":200,"srcset":"https:\/\/i0.wp.com\/believeindustry.company\/wp-content\/uploads\/2026\/04\/downspout-and-gutter.webp?resize=350%2C200&ssl=1 1x, https:\/\/i0.wp.com\/believeindustry.company\/wp-content\/uploads\/2026\/04\/downspout-and-gutter.webp?resize=525%2C300&ssl=1 1.5x, https:\/\/i0.wp.com\/believeindustry.company\/wp-content\/uploads\/2026\/04\/downspout-and-gutter.webp?resize=700%2C400&ssl=1 2x, https:\/\/i0.wp.com\/believeindustry.company\/wp-content\/uploads\/2026\/04\/downspout-and-gutter.webp?resize=1050%2C600&ssl=1 3x, https:\/\/i0.wp.com\/believeindustry.company\/wp-content\/uploads\/2026\/04\/downspout-and-gutter.webp?resize=1400%2C800&ssl=1 4x"},"classes":[]},{"id":2954,"url":"https:\/\/believeindustry.company\/tr\/roll-forming-machine\/downspoutgutter-roll-forming-machine\/gutter-roll-forming-machine-2\/","url_meta":{"origin":2264,"position":1},"title":"Oluk Rulo \u015eekillendirme Makinesi","author":"Believe Industry Group","date":"Eyl\u00fcl 27, 2018","format":false,"excerpt":"Gutter roll forming machine is for producing gutters as desired drawings and thickness.\u00a0 Gutter Roll Forming Machine Types of Gutters There are many different types of gutters, such as K-style Gutter, Fascia Gutter, Half Round Gutter, European Gutter.\u00a0 Believe Industry Company have a full range of Gutter roll forming machine\u2026","rel":"","context":"&quot;Company News&quot; i\u00e7inde","block_context":{"text":"Company News","link":"https:\/\/believeindustry.company\/tr\/category\/company-news\/"},"img":{"alt_text":"water gutter roll forming machine","src":"https:\/\/i0.wp.com\/believeindustry.company\/wp-content\/uploads\/2018\/09\/water-gutter-roll-forming-machine.jpg?resize=350%2C200&ssl=1","width":350,"height":200,"srcset":"https:\/\/i0.wp.com\/believeindustry.company\/wp-content\/uploads\/2018\/09\/water-gutter-roll-forming-machine.jpg?resize=350%2C200&ssl=1 1x, https:\/\/i0.wp.com\/believeindustry.company\/wp-content\/uploads\/2018\/09\/water-gutter-roll-forming-machine.jpg?resize=525%2C300&ssl=1 1.5x, https:\/\/i0.wp.com\/believeindustry.company\/wp-content\/uploads\/2018\/09\/water-gutter-roll-forming-machine.jpg?resize=700%2C400&ssl=1 2x, https:\/\/i0.wp.com\/believeindustry.company\/wp-content\/uploads\/2018\/09\/water-gutter-roll-forming-machine.jpg?resize=1050%2C600&ssl=1 3x"},"classes":[]},{"id":8080,"url":"https:\/\/believeindustry.company\/tr\/cultivation-gutter-system-and-machine\/","url_meta":{"origin":2264,"position":2},"title":"Toprak \u0130\u015fleme Oluk Sistemi ve Makinesi","author":"Believe Industry Group","date":"Temmuz 8, 2024","format":false,"excerpt":"Greenhouse Cultivation Gutter System Believe Industry has been developing and implementing crop-specific gutter systems and machines. Over the years we have developed various cultivation gutter models. Believe Industry therefore supplies a complete range of gutters for every crop. In close consultation we can supply the right gutter, components and also\u2026","rel":"","context":"Benzer yaz\u0131","block_context":{"text":"Benzer yaz\u0131","link":""},"img":{"alt_text":"Beli-205-Gutter","src":"https:\/\/i0.wp.com\/believeindustry.company\/wp-content\/uploads\/2021\/09\/Beli-205-Gutter-150x150.jpg?resize=350%2C200&ssl=1","width":350,"height":200,"srcset":"https:\/\/i0.wp.com\/believeindustry.company\/wp-content\/uploads\/2021\/09\/Beli-205-Gutter-150x150.jpg?resize=350%2C200&ssl=1 1x, https:\/\/i0.wp.com\/believeindustry.company\/wp-content\/uploads\/2021\/09\/Beli-205-Gutter-150x150.jpg?resize=525%2C300&ssl=1 1.5x"},"classes":[]},{"id":7463,"url":"https:\/\/believeindustry.company\/tr\/hydroponic-hanging-gutter-roll-former\/","url_meta":{"origin":2264,"position":3},"title":"Hidroponik Asma Oluk Rulosu \u015eekillendirici","author":"Believe Industry Group","date":"Mart 18, 2020","format":false,"excerpt":"Hydroponic Hanging Gutter Roll Former is designed to manufacture suspended gutters for hydroponic growing with recirculation in the farm and customizable to the measure of each farm in length.\u00a0And makes it easier to install and transport to the greenhouse and reduces storage and logistics problems. Our new design hanging gutter\u2026","rel":"","context":"\"downspout lines\" i\u00e7inde","block_context":{"text":"downspout lines","link":"https:\/\/believeindustry.company\/tr\/tag\/downspout-lines\/"},"img":{"alt_text":"Beli RollForming mobile Cultivation Gutter Roll Former for greenhouse installation","src":"https:\/\/i0.wp.com\/believeindustry.company\/wp-content\/uploads\/2020\/03\/Hydroponic-Hanging-Gutter-Roll-Former.jpg?resize=350%2C200&ssl=1","width":350,"height":200,"srcset":"https:\/\/i0.wp.com\/believeindustry.company\/wp-content\/uploads\/2020\/03\/Hydroponic-Hanging-Gutter-Roll-Former.jpg?resize=350%2C200&ssl=1 1x, https:\/\/i0.wp.com\/believeindustry.company\/wp-content\/uploads\/2020\/03\/Hydroponic-Hanging-Gutter-Roll-Former.jpg?resize=525%2C300&ssl=1 1.5x, https:\/\/i0.wp.com\/believeindustry.company\/wp-content\/uploads\/2020\/03\/Hydroponic-Hanging-Gutter-Roll-Former.jpg?resize=700%2C400&ssl=1 2x, https:\/\/i0.wp.com\/believeindustry.company\/wp-content\/uploads\/2020\/03\/Hydroponic-Hanging-Gutter-Roll-Former.jpg?resize=1050%2C600&ssl=1 3x, https:\/\/i0.wp.com\/believeindustry.company\/wp-content\/uploads\/2020\/03\/Hydroponic-Hanging-Gutter-Roll-Former.jpg?resize=1400%2C800&ssl=1 4x"},"classes":[]},{"id":1078,"url":"https:\/\/believeindustry.company\/tr\/roll-forming-machine\/downspoutgutter-roll-forming-machine\/","url_meta":{"origin":2264,"position":4},"title":"Ya\u011fmur Oluklar\u0131 ve Boru Borusu Rulo \u015eekillendirme Makinesi","author":"Believe Industry Group","date":"Nisan 10, 2018","format":false,"excerpt":"","rel":"","context":"\"believe industry machine\" i\u00e7inde","block_context":{"text":"believe industry machine","link":"https:\/\/believeindustry.company\/tr\/tag\/believe-industry-machine\/"},"img":{"alt_text":"DownspoutGutter Roll Forming Machines","src":"https:\/\/i0.wp.com\/believeindustry.company\/wp-content\/uploads\/2018\/04\/copper-gutter-outlet-elbows-scupper-and-downspout.jpg?resize=350%2C200&ssl=1","width":350,"height":200,"srcset":"https:\/\/i0.wp.com\/believeindustry.company\/wp-content\/uploads\/2018\/04\/copper-gutter-outlet-elbows-scupper-and-downspout.jpg?resize=350%2C200&ssl=1 1x, https:\/\/i0.wp.com\/believeindustry.company\/wp-content\/uploads\/2018\/04\/copper-gutter-outlet-elbows-scupper-and-downspout.jpg?resize=525%2C300&ssl=1 1.5x, https:\/\/i0.wp.com\/believeindustry.company\/wp-content\/uploads\/2018\/04\/copper-gutter-outlet-elbows-scupper-and-downspout.jpg?resize=700%2C400&ssl=1 2x"},"classes":[]},{"id":19437,"url":"https:\/\/believeindustry.company\/tr\/product-2\/","url_meta":{"origin":2264,"position":5},"title":"\u00dcr\u00fcn","author":"Believe Industry Group","date":"Kas\u0131m 12, 2025","format":false,"excerpt":"Energy and Electric Construction and Steel Structure Rack and Shelving Sale Rated 0 out of 5 Energy and Electric 41x41mm 41x82mm Solar Strut Channel Roll Forming Machine $85,000.00 Original price was: $85,000.00.$80,000.00Current price is: $80,000.00. View Product Sale Rated 0 out of 5 Metal Panel Trapezoidal Ribbed Spandeck Roof and\u2026","rel":"","context":"Benzer yaz\u0131","block_context":{"text":"Benzer yaz\u0131","link":""},"img":{"alt_text":"41x41mm 41x82mm Solar Strut Channel Roll Forming Machine","src":"https:\/\/i0.wp.com\/believeindustry.company\/wp-content\/uploads\/2025\/10\/41x41-41X82-Solar-Strut-Channel-Roll-Forming-Machine-300x214.webp?resize=350%2C200&ssl=1","width":350,"height":200},"classes":[]}],"amp_enabled":true,"_links":{"self":[{"href":"https:\/\/believeindustry.company\/tr\/wp-json\/wp\/v2\/pages\/2264","targetHints":{"allow":["GET"]}}],"collection":[{"href":"https:\/\/believeindustry.company\/tr\/wp-json\/wp\/v2\/pages"}],"about":[{"href":"https:\/\/believeindustry.company\/tr\/wp-json\/wp\/v2\/types\/page"}],"author":[{"embeddable":true,"href":"https:\/\/believeindustry.company\/tr\/wp-json\/wp\/v2\/users\/2"}],"replies":[{"embeddable":true,"href":"https:\/\/believeindustry.company\/tr\/wp-json\/wp\/v2\/comments?post=2264"}],"version-history":[{"count":1,"href":"https:\/\/believeindustry.company\/tr\/wp-json\/wp\/v2\/pages\/2264\/revisions"}],"predecessor-version":[{"id":19748,"href":"https:\/\/believeindustry.company\/tr\/wp-json\/wp\/v2\/pages\/2264\/revisions\/19748"}],"up":[{"embeddable":true,"href":"https:\/\/believeindustry.company\/tr\/wp-json\/wp\/v2\/pages\/1078"}],"wp:featuredmedia":[{"embeddable":true,"href":"https:\/\/believeindustry.company\/tr\/wp-json\/wp\/v2\/media\/2273"}],"wp:attachment":[{"href":"https:\/\/believeindustry.company\/tr\/wp-json\/wp\/v2\/media?parent=2264"}],"wp:term":[{"taxonomy":"post_tag","embeddable":true,"href":"https:\/\/believeindustry.company\/tr\/wp-json\/wp\/v2\/tags?post=2264"}],"curies":[{"name":"wp","href":"https:\/\/api.w.org\/{rel}","templated":true}]}}