{"id":2440,"date":"2018-07-09T11:51:27","date_gmt":"2018-07-09T03:51:27","guid":{"rendered":"https:\/\/believeindustry.company\/?page_id=2440"},"modified":"2025-12-05T15:51:58","modified_gmt":"2025-12-05T07:51:58","slug":"metal-embossing-machine-line","status":"publish","type":"page","link":"https:\/\/believeindustry.company\/tr\/roll-forming-machine\/customized-profile-roll-forming-machine\/metal-embossing-machine-line\/","title":{"rendered":"METAL EMBOSSING MACHINE LINE"},"content":{"rendered":"<p>A Metal Embossing Machine Line &nbsp;is a metal forming process unit that emboss a series of straight or parallel ridges onto a metal sheet or strip.<\/p>\n\n\n\n<h1 class=\"wp-block-heading\"><span style=\"font-size: 18pt;\">Metal Embossing Machine Line<\/span><\/h1>\n\n\n\n<p><strong>A Metal coil embossing<\/strong>&nbsp;line is&nbsp;a stamping process to produce various designed patterns in metal sheet by passing the sheet in roll or a strip of metal between rolls of the desired patterns. The thickness of the sheet is from 0.2mm to 5.0mm.<\/p>\n\n\n\n<p>For the metal embossing machine, we could design for you as single embossing machine. Or part of roll forming line. Or a embossing line which is &nbsp;consist of Uncoiler, Embossing Machine, Recoiler.<\/p>\n\n\n\n<p>Although some embossed patterns are simply decorative, one major benefit is that embossing increases the strength-to-weight ratio of the formed sheet metal.<\/p>\n\n\n\n<p>The users can buy light gauge metal sheet and then embossed to provide adequate strength requirements. Embossing can be done by either stamping or rolling. And the rolling method is faster, as it uses mating pairs of rotary tooling to do the embossing, thus completing the task at a much higher speed.<\/p>\n\n\n\n<h2 class=\"wp-block-heading\"><span style=\"font-size: 14pt;\">Technical Specifications of Metal Embossing Machine Line<\/span><\/h2>\n\n\n\n<h3 class=\"wp-block-heading\">&nbsp;<span style=\"font-size: 12pt;\">5 Tonluk Hidrolik Bobin A\u00e7\u0131c\u0131<\/span><\/h3>\n\n\n\n<figure class=\"wp-block-image alignright\"><img fetchpriority=\"high\" decoding=\"async\" width=\"300\" height=\"225\" data-attachment-id=\"2241\" data-permalink=\"https:\/\/believeindustry.company\/tr\/roll-forming-machine\/metal-sheet-roll-forming-machine\/corrugated-sheet-roll-forming-machine\/uncoiler-5\/\" data-orig-file=\"https:\/\/believeindustry.company\/wp-content\/uploads\/2018\/06\/Uncoiler-1.jpg\" data-orig-size=\"750,562\" data-comments-opened=\"1\" data-image-meta=\"{&quot;aperture&quot;:&quot;0&quot;,&quot;credit&quot;:&quot;&quot;,&quot;camera&quot;:&quot;&quot;,&quot;caption&quot;:&quot;&quot;,&quot;created_timestamp&quot;:&quot;0&quot;,&quot;copyright&quot;:&quot;&quot;,&quot;focal_length&quot;:&quot;0&quot;,&quot;iso&quot;:&quot;0&quot;,&quot;shutter_speed&quot;:&quot;0&quot;,&quot;title&quot;:&quot;&quot;,&quot;orientation&quot;:&quot;0&quot;}\" data-image-title=\"Uncoiler\" data-image-description=\"\" data-image-caption=\"\" data-large-file=\"https:\/\/believeindustry.company\/wp-content\/uploads\/2018\/06\/Uncoiler-1.jpg\" src=\"https:\/\/believeindustry.company\/wp-content\/uploads\/2018\/06\/Uncoiler-1-300x225.jpg\" alt=\"A\u00e7\u0131c\u0131\" class=\"wp-image-2241\" srcset=\"https:\/\/believeindustry.company\/wp-content\/uploads\/2018\/06\/Uncoiler-1-300x225.jpg 300w, https:\/\/believeindustry.company\/wp-content\/uploads\/2018\/06\/Uncoiler-1-600x450.jpg 600w, https:\/\/believeindustry.company\/wp-content\/uploads\/2018\/06\/Uncoiler-1.jpg 750w\" sizes=\"(max-width: 300px) 100vw, 300px\" \/><figcaption><\/figcaption><\/figure>\n\n\n\n<p><\/p>\n\n\n\n<ol class=\"wp-block-list\">\n<li>Electric uncoiling, hydraulic loosen and tension<\/li>\n\n\n\n<li>Maximum capacity 6 Ton<\/li>\n\n\n\n<li>I.D\uff1a508mm O.D\uff1a1350mm<\/li>\n\n\n\n<li>Maximum width: 350mm<\/li>\n\n\n\n<li>Hydraulic Motor Power: 3 KW<\/li>\n\n\n\n<li>Electric Motor Power: 5.5KW<\/li>\n\n\n\n<li>Structure:Steel plate and Beam Welded<\/li>\n\n\n\n<li>supporting and uncoiling the steel strips.<\/li>\n<\/ol>\n\n\n\n<h3 class=\"wp-block-heading\"><span style=\"font-size: 12pt;\">Embossing Machine<\/span><\/h3>\n\n\n\n<ol class=\"wp-block-list\">\n<li>Outer Diameter of Embossing Rollers: \u00a0450~500mm,<\/li>\n\n\n\n<li>Embossing Rollers Width: 1000~2000mm.<\/li>\n\n\n\n<li>Suitable for pressing plate: 2-6 mm<\/li>\n\n\n\n<li>Frame steel plate welded structure, polished, tempering, machining, solid wall plate Q235 90 mm thick<\/li>\n\n\n\n<li>The pattern making: as desired drawings or samples<\/li>\n\n\n\n<li>Adjust the thickness of the sheet by manual<\/li>\n\n\n\n<li>Working speed: 1~20m\/min, speed changed by\u00a0frequency converter\u00a0.<\/li>\n\n\n\n<li>Motor Power: 11KW<\/li>\n\n\n\n<li>Voltage 380V\/50Hz\/3PH ( Subjected to customer supply)<\/li>\n<\/ol>\n\n\n\n<figure class=\"wp-block-image aligncenter\"><img decoding=\"async\" width=\"840\" height=\"542\" data-attachment-id=\"2441\" data-permalink=\"https:\/\/believeindustry.company\/tr\/roll-forming-machine\/customized-profile-roll-forming-machine\/metal-embossing-machine-line\/embossing-machine\/\" data-orig-file=\"https:\/\/believeindustry.company\/wp-content\/uploads\/2018\/07\/embossing-machine.jpg\" data-orig-size=\"840,542\" data-comments-opened=\"1\" data-image-meta=\"{&quot;aperture&quot;:&quot;0&quot;,&quot;credit&quot;:&quot;&quot;,&quot;camera&quot;:&quot;&quot;,&quot;caption&quot;:&quot;&quot;,&quot;created_timestamp&quot;:&quot;0&quot;,&quot;copyright&quot;:&quot;&quot;,&quot;focal_length&quot;:&quot;0&quot;,&quot;iso&quot;:&quot;0&quot;,&quot;shutter_speed&quot;:&quot;0&quot;,&quot;title&quot;:&quot;&quot;,&quot;orientation&quot;:&quot;0&quot;}\" data-image-title=\"embossing machine\" data-image-description=\"\" data-image-caption=\"\" data-large-file=\"https:\/\/believeindustry.company\/wp-content\/uploads\/2018\/07\/embossing-machine.jpg\" src=\"https:\/\/believeindustry.company\/wp-content\/uploads\/2018\/07\/embossing-machine.jpg\" alt=\"embossing machine\" class=\"wp-image-2441\" srcset=\"https:\/\/believeindustry.company\/wp-content\/uploads\/2018\/07\/embossing-machine.jpg 840w, https:\/\/believeindustry.company\/wp-content\/uploads\/2018\/07\/embossing-machine-600x387.jpg 600w, https:\/\/believeindustry.company\/wp-content\/uploads\/2018\/07\/embossing-machine-300x194.jpg 300w\" sizes=\"(max-width: 840px) 100vw, 840px\" \/><figcaption><\/figcaption><\/figure>\n\n\n\n<h3 class=\"wp-block-heading\"><span style=\"font-size: 12pt;\">Recoiler<\/span><\/h3>\n\n\n\n<ol class=\"wp-block-list\">\n<li>Max width: 2000 mm<\/li>\n\n\n\n<li>Max load capacity: 6 Ton<\/li>\n\n\n\n<li>Recoiling Power: 11KW<\/li>\n<\/ol>\n\n\n\n<p><a href=\"http:\/\/www.belirollform.com\" target=\"_blank\" rel=\"noopener\">\u0130nan\u00e7 End\u00fcstrisi<\/a> have a full range of <a href=\"https:\/\/believeindustry.company\/tr\/rulo-sekillendirme-makine-hatti\/\">rulo \u015fekillendirme makinesi<\/a> and auxiliary equipments. Contact us now for more information.<\/p>\n\n\n\n<p>&nbsp;<\/p>\n\n\n\n<p>&nbsp;<\/p>","protected":false},"excerpt":{"rendered":"<p>A Metal Embossing Machine Line &nbsp;is a metal forming process unit that emboss a series of straight or parallel ridges onto a metal sheet or strip. Metal Embossing Machine Line A Metal coil embossing&nbsp;line is&nbsp;a stamping process to produce various designed patterns in metal sheet by passing the sheet in roll or a strip of [&hellip;]<\/p>\n","protected":false},"author":2,"featured_media":2442,"parent":1257,"menu_order":10,"comment_status":"closed","ping_status":"closed","template":"","meta":{"_angie_page":false,"footnotes":"","big_sky_generated":false},"tags":[607849634,607847231,607846685],"class_list":["post-2440","page","type-page","status-publish","has-post-thumbnail","hentry","tag-custom-designs","tag-metal-embossing-machine-line","tag-roll-forming-machine-components"],"blocksy_meta":[],"jetpack_sharing_enabled":true,"jetpack_shortlink":"https:\/\/wp.me\/P9K5n8-Dm","jetpack_likes_enabled":false,"jetpack-related-posts":[{"id":22047,"url":"https:\/\/believeindustry.company\/tr\/customized-profiles\/","url_meta":{"origin":2440,"position":0},"title":"\u00d6zelle\u015ftirilmi\u015f Profiller","author":"Believe Industry Group","date":"Nisan 12, 2026","format":false,"excerpt":"A roll forming machine for customized profiles is highly specialized manufacturing equipment engineered to produce unique, non-standard metal cross-sections tailored to specific proprietary designs or niche applications.Unlike standard machines built for common shapes like roofing or studs, these systems are custom-designed from the ground up. They utilize uniquely engineered roller\u2026","rel":"","context":"Benzer yaz\u0131","block_context":{"text":"Benzer yaz\u0131","link":""},"img":{"alt_text":"custom roll forming machine","src":"https:\/\/i0.wp.com\/believeindustry.company\/wp-content\/uploads\/2018\/05\/custom-roll-forming-machine.jpg?resize=350%2C200&ssl=1","width":350,"height":200,"srcset":"https:\/\/i0.wp.com\/believeindustry.company\/wp-content\/uploads\/2018\/05\/custom-roll-forming-machine.jpg?resize=350%2C200&ssl=1 1x, https:\/\/i0.wp.com\/believeindustry.company\/wp-content\/uploads\/2018\/05\/custom-roll-forming-machine.jpg?resize=525%2C300&ssl=1 1.5x, https:\/\/i0.wp.com\/believeindustry.company\/wp-content\/uploads\/2018\/05\/custom-roll-forming-machine.jpg?resize=700%2C400&ssl=1 2x, https:\/\/i0.wp.com\/believeindustry.company\/wp-content\/uploads\/2018\/05\/custom-roll-forming-machine.jpg?resize=1050%2C600&ssl=1 3x"},"classes":[]},{"id":1014,"url":"https:\/\/believeindustry.company\/tr\/roll-forming-machine\/steel-door-roll-forming-machine\/garage-door-roll-forming-machine\/","url_meta":{"origin":2440,"position":1},"title":"Garaj Kap\u0131s\u0131 Rulo \u015eekillendirme Makinesi","author":"Believe Industry Group","date":"Nisan 10, 2018","format":false,"excerpt":"Garage Door Roll Forming Machine is for produce Garage Door Panel as per designs. And also the machine can emboss\u00a0and punch pattern of the surface of the door panel. What is Garage Door? A whole garage door system is include door panel, guide rack, controlled system, security system, etc A\u2026","rel":"","context":"\"door lines\" i\u00e7inde","block_context":{"text":"door lines","link":"https:\/\/believeindustry.company\/tr\/tag\/door-lines\/"},"img":{"alt_text":"garage door roll forming machine","src":"https:\/\/i0.wp.com\/believeindustry.company\/wp-content\/uploads\/2018\/04\/garage-door-roll-forming-machine-e1523344274653.jpg?resize=350%2C200&ssl=1","width":350,"height":200,"srcset":"https:\/\/i0.wp.com\/believeindustry.company\/wp-content\/uploads\/2018\/04\/garage-door-roll-forming-machine-e1523344274653.jpg?resize=350%2C200&ssl=1 1x, https:\/\/i0.wp.com\/believeindustry.company\/wp-content\/uploads\/2018\/04\/garage-door-roll-forming-machine-e1523344274653.jpg?resize=525%2C300&ssl=1 1.5x, https:\/\/i0.wp.com\/believeindustry.company\/wp-content\/uploads\/2018\/04\/garage-door-roll-forming-machine-e1523344274653.jpg?resize=700%2C400&ssl=1 2x"},"classes":[]},{"id":8060,"url":"https:\/\/believeindustry.company\/tr\/roll-forming-machine\/customized-profile-roll-forming-machine\/b-deck-roll-forming-machine\/","url_meta":{"origin":2440,"position":2},"title":"B Deck Roll Forming Machine","author":"Believe Industry Group","date":"A\u011fustos 9, 2021","format":false,"excerpt":"B Deck Roll Forming Machine( also named as\u00a0B deck roll former) is for producing B Deck. Which is the most common structural metal decking in the industry in US market.. What's B Deck? B Deck is an ideal structural substrate on short to medium span conditions that range from three\u2026","rel":"","context":"\"Construction and Steel Structure\" i\u00e7inde","block_context":{"text":"Construction and Steel Structure","link":"https:\/\/believeindustry.company\/tr\/tag\/construction-and-steel-structure\/"},"img":{"alt_text":"B Deck Roll Forming Machine","src":"https:\/\/i0.wp.com\/believeindustry.company\/wp-content\/uploads\/2021\/08\/B-Deck-Roll-Forming-Machine.jpg?resize=350%2C200&ssl=1","width":350,"height":200,"srcset":"https:\/\/i0.wp.com\/believeindustry.company\/wp-content\/uploads\/2021\/08\/B-Deck-Roll-Forming-Machine.jpg?resize=350%2C200&ssl=1 1x, https:\/\/i0.wp.com\/believeindustry.company\/wp-content\/uploads\/2021\/08\/B-Deck-Roll-Forming-Machine.jpg?resize=525%2C300&ssl=1 1.5x, https:\/\/i0.wp.com\/believeindustry.company\/wp-content\/uploads\/2021\/08\/B-Deck-Roll-Forming-Machine.jpg?resize=700%2C400&ssl=1 2x, https:\/\/i0.wp.com\/believeindustry.company\/wp-content\/uploads\/2021\/08\/B-Deck-Roll-Forming-Machine.jpg?resize=1050%2C600&ssl=1 3x"},"classes":[]},{"id":1281,"url":"https:\/\/believeindustry.company\/tr\/video\/metal-sheet-roll-forming-machine-video\/","url_meta":{"origin":2440,"position":3},"title":"Metal Sheet Roll Forming Machine Video","author":"Believe Industry Group","date":"Nisan 16, 2018","format":false,"excerpt":"From the Metal Sheet Roll Forming Machine Video, you will be easy to know how the machines work, and also the different designs of metal roofing sheet machine. Contact us for more details about Believe Industry Company\u00a0 machines.","rel":"","context":"\"Metal Sheet Roll Forming Machine\" i\u00e7inde","block_context":{"text":"Metal Sheet Roll Forming Machine","link":"https:\/\/believeindustry.company\/tr\/tag\/metal-sheet-roll-forming-machine\/"},"img":{"alt_text":"metal sheet roll forming machine video","src":"https:\/\/i0.wp.com\/believeindustry.company\/wp-content\/uploads\/2018\/05\/metal-roofing-sheets.jpg?resize=350%2C200&ssl=1","width":350,"height":200,"srcset":"https:\/\/i0.wp.com\/believeindustry.company\/wp-content\/uploads\/2018\/05\/metal-roofing-sheets.jpg?resize=350%2C200&ssl=1 1x, https:\/\/i0.wp.com\/believeindustry.company\/wp-content\/uploads\/2018\/05\/metal-roofing-sheets.jpg?resize=525%2C300&ssl=1 1.5x, https:\/\/i0.wp.com\/believeindustry.company\/wp-content\/uploads\/2018\/05\/metal-roofing-sheets.jpg?resize=700%2C400&ssl=1 2x, https:\/\/i0.wp.com\/believeindustry.company\/wp-content\/uploads\/2018\/05\/metal-roofing-sheets.jpg?resize=1050%2C600&ssl=1 3x"},"classes":[]},{"id":724,"url":"https:\/\/believeindustry.company\/tr\/roll-forming-machine\/metal-sheet-roll-forming-machine\/","url_meta":{"origin":2440,"position":4},"title":"Metal Sac Rulo \u015eekillendirme Makinesi","author":"Believe Industry Group","date":"Mart 28, 2018","format":false,"excerpt":"Metal Sheet Roll Forming Machines, also named Steel Sheet Roll Forming Machines are widely used in Steel Structure Systems Manufacturers or Builders.Believe Industry Company have full range of Metal Sheet Roll Forming Machine to produce Roof Panels, Wall Cladding Sheets, Step Tiles with different types. Such as: Standing seamming Panel.\u2026","rel":"","context":"\"believe industry machine\" i\u00e7inde","block_context":{"text":"believe industry machine","link":"https:\/\/believeindustry.company\/tr\/tag\/believe-industry-machine\/"},"img":{"alt_text":"sheet roll forming machine","src":"https:\/\/i0.wp.com\/believeindustry.company\/wp-content\/uploads\/2018\/03\/metal-sheet-roll-forming-machine.jpg?resize=350%2C200&ssl=1","width":350,"height":200,"srcset":"https:\/\/i0.wp.com\/believeindustry.company\/wp-content\/uploads\/2018\/03\/metal-sheet-roll-forming-machine.jpg?resize=350%2C200&ssl=1 1x, https:\/\/i0.wp.com\/believeindustry.company\/wp-content\/uploads\/2018\/03\/metal-sheet-roll-forming-machine.jpg?resize=525%2C300&ssl=1 1.5x, https:\/\/i0.wp.com\/believeindustry.company\/wp-content\/uploads\/2018\/03\/metal-sheet-roll-forming-machine.jpg?resize=700%2C400&ssl=1 2x"},"classes":[]},{"id":777,"url":"https:\/\/believeindustry.company\/tr\/roll-forming-machine\/metal-sheet-roll-forming-machine\/metal-roof-tile-roll-forming-machine\/","url_meta":{"origin":2440,"position":5},"title":"Metal Roof Tile Roll Forming Machine","author":"Believe Industry Group","date":"Mart 29, 2018","format":false,"excerpt":"Metal Roof Tile Roll Forming Machine\u00a0is for producing the metal tiles which is similar to traditional tiles. While the quality and life is better. Introduction of Metal Roof Tile Roll Forming Machine Roof Tiles\u00a0are to keep out rain. And traditional made from locally available materials such as slate and terracotta.\u2026","rel":"","context":"\"Construction and Steel Structure\" i\u00e7inde","block_context":{"text":"Construction and Steel Structure","link":"https:\/\/believeindustry.company\/tr\/tag\/construction-and-steel-structure\/"},"img":{"alt_text":"roof tile roll forming machine","src":"https:\/\/i0.wp.com\/believeindustry.company\/wp-content\/uploads\/2018\/04\/roof-tile-roll-forming-machine-e1522726193554.jpg?resize=350%2C200&ssl=1","width":350,"height":200,"srcset":"https:\/\/i0.wp.com\/believeindustry.company\/wp-content\/uploads\/2018\/04\/roof-tile-roll-forming-machine-e1522726193554.jpg?resize=350%2C200&ssl=1 1x, https:\/\/i0.wp.com\/believeindustry.company\/wp-content\/uploads\/2018\/04\/roof-tile-roll-forming-machine-e1522726193554.jpg?resize=525%2C300&ssl=1 1.5x, https:\/\/i0.wp.com\/believeindustry.company\/wp-content\/uploads\/2018\/04\/roof-tile-roll-forming-machine-e1522726193554.jpg?resize=700%2C400&ssl=1 2x, https:\/\/i0.wp.com\/believeindustry.company\/wp-content\/uploads\/2018\/04\/roof-tile-roll-forming-machine-e1522726193554.jpg?resize=1050%2C600&ssl=1 3x"},"classes":[]}],"amp_enabled":true,"_links":{"self":[{"href":"https:\/\/believeindustry.company\/tr\/wp-json\/wp\/v2\/pages\/2440","targetHints":{"allow":["GET"]}}],"collection":[{"href":"https:\/\/believeindustry.company\/tr\/wp-json\/wp\/v2\/pages"}],"about":[{"href":"https:\/\/believeindustry.company\/tr\/wp-json\/wp\/v2\/types\/page"}],"author":[{"embeddable":true,"href":"https:\/\/believeindustry.company\/tr\/wp-json\/wp\/v2\/users\/2"}],"replies":[{"embeddable":true,"href":"https:\/\/believeindustry.company\/tr\/wp-json\/wp\/v2\/comments?post=2440"}],"version-history":[{"count":1,"href":"https:\/\/believeindustry.company\/tr\/wp-json\/wp\/v2\/pages\/2440\/revisions"}],"predecessor-version":[{"id":19761,"href":"https:\/\/believeindustry.company\/tr\/wp-json\/wp\/v2\/pages\/2440\/revisions\/19761"}],"up":[{"embeddable":true,"href":"https:\/\/believeindustry.company\/tr\/wp-json\/wp\/v2\/pages\/1257"}],"wp:featuredmedia":[{"embeddable":true,"href":"https:\/\/believeindustry.company\/tr\/wp-json\/wp\/v2\/media\/2442"}],"wp:attachment":[{"href":"https:\/\/believeindustry.company\/tr\/wp-json\/wp\/v2\/media?parent=2440"}],"wp:term":[{"taxonomy":"post_tag","embeddable":true,"href":"https:\/\/believeindustry.company\/tr\/wp-json\/wp\/v2\/tags?post=2440"}],"curies":[{"name":"wp","href":"https:\/\/api.w.org\/{rel}","templated":true}]}}