{"id":2465,"date":"2018-07-12T14:08:48","date_gmt":"2018-07-12T06:08:48","guid":{"rendered":"https:\/\/believeindustry.company\/?page_id=2465"},"modified":"2019-02-15T15:32:06","modified_gmt":"2019-02-15T07:32:06","slug":"kablo-kanali-rulo-sekillendirme-makinesi-videosu","status":"publish","type":"page","link":"https:\/\/believeindustry.company\/tr\/video\/cable-tray-roll-forming-machine-video\/","title":{"rendered":"Kablo Kanal\u0131 Rulo \u015eekillendirme Makinesi Videosu"},"content":{"rendered":"<p>Cable Tray Roll Forming Machine Video will show you what <a href=\"https:\/\/believeindustry.company\/tr\/rulo-sekillendirme-makinesi\/ozellestirilmis-profil-rulo-sekillendirme-makinesi\/cable-tray-roll-forming-machine\/\">cable tray machines <\/a>we made before.\u00a0<!--more--><\/p>\n<p><a href=\"http:\/\/www.belirollform.com\" target=\"_blank\" rel=\"noopener\">Believe Industry Company<\/a> have a full range <a href=\"https:\/\/believeindustry.company\/tr\/rulo-sekillendirme-makine-hatti\/\">rulo \u015fekillendirme makineleri<\/a> for Cable Tray, Cable Tray Ladder, Cable Tray Cover, Cable Tray Channel. And all the machines can be customized.<\/p>\n<div class=\"epyt-gallery\" data-currpage=\"1\" id=\"epyt_gallery_54605\"><figure class=\"wp-block-embed wp-block-embed-youtube is-type-video is-provider-youtube epyt-figure\"><div class=\"wp-block-embed__wrapper\"><iframe  id=\"_ytid_18466\"  width=\"1290\" height=\"726\"  data-origwidth=\"1290\" data-origheight=\"726\" src=\"https:\/\/www.youtube.com\/embed\/iDRX3LzvnXU?enablejsapi=1&autoplay=0&cc_load_policy=0&cc_lang_pref=&iv_load_policy=1&loop=0&rel=1&fs=1&playsinline=0&autohide=2&theme=dark&color=red&controls=1&disablekb=0&\" class=\"__youtube_prefs__  no-lazyload\" title=\"YouTube oynat\u0131c\u0131s\u0131\"  data-epytgalleryid=\"epyt_gallery_54605\"  allow=\"fullscreen; accelerometer; autoplay; clipboard-write; encrypted-media; gyroscope; picture-in-picture; web-share\" referrerpolicy=\"strict-origin-when-cross-origin\" allowfullscreen data-no-lazy=\"1\" data-skipgform_ajax_framebjll=\"\"><\/iframe><\/div><\/figure><div class=\"epyt-gallery-subscribe\"><a target=\"_blank\" class=\"epyt-gallery-subbutton\" href=\"https:\/\/www.youtube.com\/channel\/UC-yZD2eqy_NPQTl0tvGVnsw?sub_confirmation=1\" rel=\"noopener\"><img decoding=\"async\" alt=\"abone\" src=\"https:\/\/believeindustry.company\/wp-content\/plugins\/youtube-embed-plus\/images\/play-subscribe.png\" \/>Kanal\u0131ma abone olun<\/a><\/div><div class=\"epyt-gallery-list\"><div class=\"epyt-pagination\"><div tabindex=\"0\" role=\"button\" class=\"epyt-pagebutton epyt-prev  hide\" data-playlistid=\"PLIdLHSelevdKUD6dMOWc5x3pDRvPbSWFP\" data-pagesize=\"9\" data-pagetoken=\"\" data-epcolumns=\"3\" data-showtitle=\"1\" data-showpaging=\"1\" data-autonext=\"0\" data-thumbplay=\"1\"><div class=\"epyt-arrow\">\u00ab<\/div> <div>\u00d6nceki<\/div><\/div><div class=\"epyt-pagenumbers hide\"><div class=\"epyt-current\">1<\/div><div class=\"epyt-pageseparator\"> \/ <\/div><div class=\"epyt-totalpages\">1<\/div><\/div><div tabindex=\"0\" role=\"button\" class=\"epyt-pagebutton epyt-next hide\" data-playlistid=\"PLIdLHSelevdKUD6dMOWc5x3pDRvPbSWFP\" data-pagesize=\"9\" data-pagetoken=\"\" data-epcolumns=\"3\" data-showtitle=\"1\" data-showpaging=\"1\" data-autonext=\"0\" data-thumbplay=\"1\"><div>Sonraki<\/div> <div class=\"epyt-arrow\">\u00bb<\/div><\/div><div class=\"epyt-loader\"><img decoding=\"async\" alt=\"y\u00fckleniyor\" width=\"16\" height=\"11\" src=\"https:\/\/believeindustry.company\/wp-content\/plugins\/youtube-embed-plus\/images\/gallery-page-loader.gif\"><\/div><\/div><div class=\"epyt-gallery-allthumbs  epyt-cols-3\"><div tabindex=\"0\" role=\"button\" data-videoid=\"iDRX3LzvnXU\" class=\"epyt-gallery-thumb\"><div class=\"epyt-gallery-img-box\"><div class=\"epyt-gallery-img\" style=\"background-image: url(https:\/\/i.ytimg.com\/vi\/iDRX3LzvnXU\/hqdefault.jpg)\"><div class=\"epyt-gallery-playhover\"><img decoding=\"async\" alt=\"oynamak\" class=\"epyt-play-img\" width=\"30\" height=\"23\" src=\"https:\/\/believeindustry.company\/wp-content\/plugins\/youtube-embed-plus\/images\/playhover.png\" data-no-lazy=\"1\" data-skipgform_ajax_framebjll=\"\" \/><div class=\"epyt-gallery-playcrutch\"><\/div><\/div><\/div><\/div><div class=\"epyt-gallery-title\">Cable Tray Ladder Roll Forming Machine | Believe Industry<\/div><\/div><div tabindex=\"0\" role=\"button\" data-videoid=\"Q90RduI-KjY\" class=\"epyt-gallery-thumb\"><div class=\"epyt-gallery-img-box\"><div class=\"epyt-gallery-img\" style=\"background-image: url(https:\/\/i.ytimg.com\/vi\/Q90RduI-KjY\/hqdefault.jpg)\"><div class=\"epyt-gallery-playhover\"><img decoding=\"async\" alt=\"oynamak\" class=\"epyt-play-img\" width=\"30\" height=\"23\" src=\"https:\/\/believeindustry.company\/wp-content\/plugins\/youtube-embed-plus\/images\/playhover.png\" data-no-lazy=\"1\" data-skipgform_ajax_framebjll=\"\" \/><div class=\"epyt-gallery-playcrutch\"><\/div><\/div><\/div><\/div><div class=\"epyt-gallery-title\">Shrinked Ends Cable Tray Roll Forming Machine | Believe Industry Company<\/div><\/div><div tabindex=\"0\" role=\"button\" data-videoid=\"ICzPEg8BTgg\" class=\"epyt-gallery-thumb\"><div class=\"epyt-gallery-img-box\"><div class=\"epyt-gallery-img\" style=\"background-image: url(https:\/\/i.ytimg.com\/vi\/ICzPEg8BTgg\/hqdefault.jpg)\"><div class=\"epyt-gallery-playhover\"><img decoding=\"async\" alt=\"oynamak\" class=\"epyt-play-img\" width=\"30\" height=\"23\" src=\"https:\/\/believeindustry.company\/wp-content\/plugins\/youtube-embed-plus\/images\/playhover.png\" data-no-lazy=\"1\" data-skipgform_ajax_framebjll=\"\" \/><div class=\"epyt-gallery-playcrutch\"><\/div><\/div><\/div><\/div><div class=\"epyt-gallery-title\">Cable ladder roll forming machine, \u0e27\u0e32\u0e07\u0e2a\u0e32\u0e22\u0e40\u0e04\u0e40\u0e1a\u0e34\u0e49\u0e25 \/ \u0e2a\u0e32\u0e22\u0e40\u0e04\u0e40\u0e1a\u0e34\u0e49\u0e25\u0e21\u0e49\u0e27\u0e19\u0e40\u0e04\u0e23\u0e37\u0e48\u0e2d\u0e07\u0e02\u0e36\u0e49\u0e19\u0e23\u0e39\u0e1b<\/div><\/div><div class=\"epyt-gallery-rowbreak\"><\/div><div tabindex=\"0\" role=\"button\" data-videoid=\"zoT2AASrfiU\" class=\"epyt-gallery-thumb\"><div class=\"epyt-gallery-img-box\"><div class=\"epyt-gallery-img\" style=\"background-image: url(https:\/\/i.ytimg.com\/vi\/zoT2AASrfiU\/hqdefault.jpg)\"><div class=\"epyt-gallery-playhover\"><img decoding=\"async\" alt=\"oynamak\" class=\"epyt-play-img\" width=\"30\" height=\"23\" src=\"https:\/\/believeindustry.company\/wp-content\/plugins\/youtube-embed-plus\/images\/playhover.png\" data-no-lazy=\"1\" data-skipgform_ajax_framebjll=\"\" \/><div class=\"epyt-gallery-playcrutch\"><\/div><\/div><\/div><\/div><div class=\"epyt-gallery-title\">Cable Tray Cold Roll Forming Machine | Believe Industry<\/div><\/div><div tabindex=\"0\" role=\"button\" data-videoid=\"TekSk_Sgkeo\" class=\"epyt-gallery-thumb\"><div class=\"epyt-gallery-img-box\"><div class=\"epyt-gallery-img\" style=\"background-image: url(https:\/\/i.ytimg.com\/vi\/TekSk_Sgkeo\/hqdefault.jpg)\"><div class=\"epyt-gallery-playhover\"><img decoding=\"async\" alt=\"oynamak\" class=\"epyt-play-img\" width=\"30\" height=\"23\" src=\"https:\/\/believeindustry.company\/wp-content\/plugins\/youtube-embed-plus\/images\/playhover.png\" data-no-lazy=\"1\" data-skipgform_ajax_framebjll=\"\" \/><div class=\"epyt-gallery-playcrutch\"><\/div><\/div><\/div><\/div><div class=\"epyt-gallery-title\">Cable Tray Production Line, Cable Tray Roll Forming Machine | Believe Industry Company<\/div><\/div><div tabindex=\"0\" role=\"button\" data-videoid=\"V2Chs9gDwb4\" class=\"epyt-gallery-thumb\"><div class=\"epyt-gallery-img-box\"><div class=\"epyt-gallery-img\" style=\"background-image: url(https:\/\/i.ytimg.com\/vi\/V2Chs9gDwb4\/hqdefault.jpg)\"><div class=\"epyt-gallery-playhover\"><img decoding=\"async\" alt=\"oynamak\" class=\"epyt-play-img\" width=\"30\" height=\"23\" src=\"https:\/\/believeindustry.company\/wp-content\/plugins\/youtube-embed-plus\/images\/playhover.png\" data-no-lazy=\"1\" data-skipgform_ajax_framebjll=\"\" \/><div class=\"epyt-gallery-playcrutch\"><\/div><\/div><\/div><\/div><div class=\"epyt-gallery-title\">100-600mm Perforated Cable Tray Roll Forming Machine<\/div><\/div><div class=\"epyt-gallery-rowbreak\"><\/div><div tabindex=\"0\" role=\"button\" data-videoid=\"PiFIqMFVJvo\" class=\"epyt-gallery-thumb\"><div class=\"epyt-gallery-img-box\"><div class=\"epyt-gallery-img\" style=\"background-image: url(https:\/\/i.ytimg.com\/vi\/PiFIqMFVJvo\/hqdefault.jpg)\"><div class=\"epyt-gallery-playhover\"><img decoding=\"async\" alt=\"oynamak\" class=\"epyt-play-img\" width=\"30\" height=\"23\" src=\"https:\/\/believeindustry.company\/wp-content\/plugins\/youtube-embed-plus\/images\/playhover.png\" data-no-lazy=\"1\" data-skipgform_ajax_framebjll=\"\" \/><div class=\"epyt-gallery-playcrutch\"><\/div><\/div><\/div><\/div><div class=\"epyt-gallery-title\">Cable Tray Roll Forming Machine Video | Believe Industry<\/div><\/div><div class=\"epyt-gallery-clear\"><\/div><\/div><div class=\"epyt-pagination\"><div tabindex=\"0\" role=\"button\" class=\"epyt-pagebutton epyt-prev  hide\" data-playlistid=\"PLIdLHSelevdKUD6dMOWc5x3pDRvPbSWFP\" data-pagesize=\"9\" data-pagetoken=\"\" data-epcolumns=\"3\" data-showtitle=\"1\" data-showpaging=\"1\" data-autonext=\"0\" data-thumbplay=\"1\"><div class=\"epyt-arrow\">\u00ab<\/div> <div>\u00d6nceki<\/div><\/div><div class=\"epyt-pagenumbers hide\"><div class=\"epyt-current\">1<\/div><div class=\"epyt-pageseparator\"> \/ <\/div><div class=\"epyt-totalpages\">1<\/div><\/div><div tabindex=\"0\" role=\"button\" class=\"epyt-pagebutton epyt-next hide\" data-playlistid=\"PLIdLHSelevdKUD6dMOWc5x3pDRvPbSWFP\" data-pagesize=\"9\" data-pagetoken=\"\" data-epcolumns=\"3\" data-showtitle=\"1\" data-showpaging=\"1\" data-autonext=\"0\" data-thumbplay=\"1\"><div>Sonraki<\/div> <div class=\"epyt-arrow\">\u00bb<\/div><\/div><div class=\"epyt-loader\"><img decoding=\"async\" alt=\"y\u00fckleniyor\" width=\"16\" height=\"11\" src=\"https:\/\/believeindustry.company\/wp-content\/plugins\/youtube-embed-plus\/images\/gallery-page-loader.gif\"><\/div><\/div><\/div><\/div>","protected":false},"excerpt":{"rendered":"<p>Kablo Kanal\u0131 Rulo \u015eekillendirme Makinesi Videosu, daha \u00f6nce \u00fcretti\u011fimiz kablo kanal\u0131 makinelerini size g\u00f6sterecektir.\u00a0<\/p>","protected":false},"author":2,"featured_media":2468,"parent":1272,"menu_order":8,"comment_status":"closed","ping_status":"closed","template":"","meta":{"_angie_page":false,"footnotes":"","big_sky_generated":false},"tags":[607847980,607847979,607848005],"class_list":["post-2465","page","type-page","status-publish","has-post-thumbnail","hentry","tag-cable-tray-roll-former","tag-cable-tray-roll-forming-machine-video","tag-video"],"blocksy_meta":[],"jetpack_sharing_enabled":true,"jetpack_shortlink":"https:\/\/wp.me\/P9K5n8-DL","jetpack_likes_enabled":false,"jetpack-related-posts":[{"id":6710,"url":"https:\/\/believeindustry.company\/tr\/cable-tray-rolling-machine\/","url_meta":{"origin":2465,"position":0},"title":"Kablo Kanal\u0131 Sarma Makinesi","author":"Believe Industry Group","date":"May\u0131s 7, 2019","format":false,"excerpt":"Cable Tray Rolling Machine Introduction Cable Tray Rolling Machine is for producing Cable Trays, Cable Tray Ladders, Cable Tray Covers as per desired requirements. Line Layout Working Prcess: Uncoiling-- Leveling-- Servo Feeding and Punching-- Roll Forming Machine-- Cutting-- Collecting Machine Components Hydraulic UncoilerLevelerServo Feeder and Punch PressRoll FormerCutter Collection TableControlled\u2026","rel":"","context":"Benzer yaz\u0131","block_context":{"text":"Benzer yaz\u0131","link":""},"img":{"alt_text":"cable tray roll former","src":"https:\/\/i0.wp.com\/believeindustry.company\/wp-content\/uploads\/2019\/04\/cable-tray-roll-former.png?resize=350%2C200&ssl=1","width":350,"height":200,"srcset":"https:\/\/i0.wp.com\/believeindustry.company\/wp-content\/uploads\/2019\/04\/cable-tray-roll-former.png?resize=350%2C200&ssl=1 1x, https:\/\/i0.wp.com\/believeindustry.company\/wp-content\/uploads\/2019\/04\/cable-tray-roll-former.png?resize=525%2C300&ssl=1 1.5x, https:\/\/i0.wp.com\/believeindustry.company\/wp-content\/uploads\/2019\/04\/cable-tray-roll-former.png?resize=700%2C400&ssl=1 2x"},"classes":[]},{"id":5158,"url":"https:\/\/believeindustry.company\/tr\/cable-tray-roll-forming-machine-working-video\/","url_meta":{"origin":2465,"position":1},"title":"Kablo Kanal\u0131 Rulo \u015eekillendirme Makinesi \u00c7al\u0131\u015fma Videosu","author":"Believe Industry Group","date":"Mart 22, 2019","format":false,"excerpt":"","rel":"","context":"Benzer yaz\u0131","block_context":{"text":"Benzer yaz\u0131","link":""},"img":{"alt_text":"","src":"https:\/\/videos.files.wordpress.com\/OO6cYdKc\/cable-tray-roll-forming-machine_hd.original.jpg?w=350&h=200&crop=1","width":350,"height":200},"classes":[]},{"id":7271,"url":"https:\/\/believeindustry.company\/tr\/shrinked-ends-cable-tray-roll-forming-machine-video\/","url_meta":{"origin":2465,"position":2},"title":"Shrinked Ends Cable Tray Roll Forming Machine Video","author":"Believe Industry Group","date":"Aral\u0131k 16, 2019","format":false,"excerpt":"50-100mm Width Cable Tray Roll Forming Machine Video https:\/\/videopress.com\/v\/FKtQIRzR?resizeToParent=true&cover=true&preloadContent=metadata https:\/\/videopress.com\/v\/Xpl6o7D1?resizeToParent=true&cover=true&preloadContent=metadata","rel":"","context":"Benzer yaz\u0131","block_context":{"text":"Benzer yaz\u0131","link":""},"img":{"alt_text":"","src":"","width":0,"height":0},"classes":[]},{"id":5368,"url":"https:\/\/believeindustry.company\/tr\/cable-tray-roll-forming-machine-width-adjust-video\/","url_meta":{"origin":2465,"position":3},"title":"Kablo Kanal\u0131 Rulo \u015eekillendirme Makinesi Geni\u015flik Ayar\u0131 Videosu","author":"Believe Industry Group","date":"Nisan 4, 2019","format":false,"excerpt":"","rel":"","context":"Benzer yaz\u0131","block_context":{"text":"Benzer yaz\u0131","link":""},"img":{"alt_text":"","src":"https:\/\/videos.files.wordpress.com\/zyLgukq6\/cable-tray-roll-forming-machine-width-adjust_hd.original.jpg?w=350&h=200&crop=1","width":350,"height":200},"classes":[]},{"id":1546,"url":"https:\/\/believeindustry.company\/tr\/roll-forming-machine\/customized-profile-roll-forming-machine\/cable-tray-roll-forming-machine\/","url_meta":{"origin":2465,"position":4},"title":"Kablo Kanal\u0131 Rulo \u015eekillendirme Makinesi","author":"Believe Industry Group","date":"Temmuz 11, 2018","format":false,"excerpt":"A cable tray roll forming machine is a fully automated, continuous industrial production line designed for mass manufacturing cable management components. \u00a0 It processes raw metal coils \u2014 mainly galvanized steel, stainless steel, or aluminum coils \u2014 at room temperature using a continuous cold-forming process. \u00a0 By passing the metal\u2026","rel":"","context":"\"Cable Ladder Roll Forming Machine\" i\u00e7inde","block_context":{"text":"Cable Ladder Roll Forming Machine","link":"https:\/\/believeindustry.company\/tr\/tag\/cable-ladder-roll-forming-machine\/"},"img":{"alt_text":"Cable Tray Roll Forming Machine","src":"https:\/\/i0.wp.com\/believeindustry.company\/wp-content\/uploads\/2022\/03\/cable-tray-roll-forming-machine15-1.jpg?resize=350%2C200&ssl=1","width":350,"height":200,"srcset":"https:\/\/i0.wp.com\/believeindustry.company\/wp-content\/uploads\/2022\/03\/cable-tray-roll-forming-machine15-1.jpg?resize=350%2C200&ssl=1 1x, https:\/\/i0.wp.com\/believeindustry.company\/wp-content\/uploads\/2022\/03\/cable-tray-roll-forming-machine15-1.jpg?resize=525%2C300&ssl=1 1.5x, https:\/\/i0.wp.com\/believeindustry.company\/wp-content\/uploads\/2022\/03\/cable-tray-roll-forming-machine15-1.jpg?resize=700%2C400&ssl=1 2x"},"classes":[]},{"id":22002,"url":"https:\/\/believeindustry.company\/tr\/energy-and-electric\/","url_meta":{"origin":2465,"position":5},"title":"Enerji ve Elektrik","author":"Believe Industry Group","date":"Nisan 12, 2026","format":false,"excerpt":"A roll forming machine for energy and electrical applications is a specialized, automated manufacturing system designed to produce the critical metal infrastructure used in power generation, solar farms, and electrical distribution.In these sectors, precision and high-volume production are paramount. These roll forming lines continuously shape flat steel or aluminum coils\u2026","rel":"","context":"Benzer yaz\u0131","block_context":{"text":"Benzer yaz\u0131","link":""},"img":{"alt_text":"engery and electric","src":"https:\/\/i0.wp.com\/believeindustry.company\/wp-content\/uploads\/2026\/04\/engery-and-electric.webp?resize=350%2C200&ssl=1","width":350,"height":200,"srcset":"https:\/\/i0.wp.com\/believeindustry.company\/wp-content\/uploads\/2026\/04\/engery-and-electric.webp?resize=350%2C200&ssl=1 1x, https:\/\/i0.wp.com\/believeindustry.company\/wp-content\/uploads\/2026\/04\/engery-and-electric.webp?resize=525%2C300&ssl=1 1.5x, https:\/\/i0.wp.com\/believeindustry.company\/wp-content\/uploads\/2026\/04\/engery-and-electric.webp?resize=700%2C400&ssl=1 2x, https:\/\/i0.wp.com\/believeindustry.company\/wp-content\/uploads\/2026\/04\/engery-and-electric.webp?resize=1050%2C600&ssl=1 3x, https:\/\/i0.wp.com\/believeindustry.company\/wp-content\/uploads\/2026\/04\/engery-and-electric.webp?resize=1400%2C800&ssl=1 4x"},"classes":[]}],"amp_enabled":true,"_links":{"self":[{"href":"https:\/\/believeindustry.company\/tr\/wp-json\/wp\/v2\/pages\/2465","targetHints":{"allow":["GET"]}}],"collection":[{"href":"https:\/\/believeindustry.company\/tr\/wp-json\/wp\/v2\/pages"}],"about":[{"href":"https:\/\/believeindustry.company\/tr\/wp-json\/wp\/v2\/types\/page"}],"author":[{"embeddable":true,"href":"https:\/\/believeindustry.company\/tr\/wp-json\/wp\/v2\/users\/2"}],"replies":[{"embeddable":true,"href":"https:\/\/believeindustry.company\/tr\/wp-json\/wp\/v2\/comments?post=2465"}],"version-history":[{"count":0,"href":"https:\/\/believeindustry.company\/tr\/wp-json\/wp\/v2\/pages\/2465\/revisions"}],"up":[{"embeddable":true,"href":"https:\/\/believeindustry.company\/tr\/wp-json\/wp\/v2\/pages\/1272"}],"wp:featuredmedia":[{"embeddable":true,"href":"https:\/\/believeindustry.company\/tr\/wp-json\/wp\/v2\/media\/2468"}],"wp:attachment":[{"href":"https:\/\/believeindustry.company\/tr\/wp-json\/wp\/v2\/media?parent=2465"}],"wp:term":[{"taxonomy":"post_tag","embeddable":true,"href":"https:\/\/believeindustry.company\/tr\/wp-json\/wp\/v2\/tags?post=2465"}],"curies":[{"name":"wp","href":"https:\/\/api.w.org\/{rel}","templated":true}]}}