{"id":2677,"date":"2018-08-09T17:51:44","date_gmt":"2018-08-09T09:51:44","guid":{"rendered":"https:\/\/believeindustry.company\/?page_id=2677"},"modified":"2026-04-12T13:31:36","modified_gmt":"2026-04-12T05:31:36","slug":"cift-krankli-zimba-presi","status":"publish","type":"page","link":"https:\/\/believeindustry.company\/tr\/mechanical-punch-press\/double-crank-punch-press\/","title":{"rendered":"\u00c7ift Kollu Z\u0131mba Presi (110-315 Ton)"},"content":{"rendered":"<div data-elementor-type=\"wp-post\" data-elementor-id=\"2677\" class=\"elementor elementor-2677 elementor-bc-flex-widget\" data-elementor-post-type=\"page\">\n\t\t\t\t\t\t<section data-particle_enable=\"false\" data-particle-mobile-disabled=\"false\" class=\"elementor-section elementor-top-section elementor-element elementor-element-2973e9d0 elementor-section-boxed elementor-section-height-default elementor-section-height-default\" data-id=\"2973e9d0\" data-element_type=\"section\" data-e-type=\"section\">\n\t\t\t\t\t\t<div class=\"elementor-container elementor-column-gap-default\">\n\t\t\t\t\t<div class=\"elementor-column elementor-col-100 elementor-top-column elementor-element elementor-element-65c510c8\" data-id=\"65c510c8\" data-element_type=\"column\" data-e-type=\"column\">\n\t\t\t<div class=\"elementor-widget-wrap elementor-element-populated\">\n\t\t\t\t\t\t<div class=\"elementor-element elementor-element-4a42de2e elementor-widget elementor-widget-text-editor\" data-id=\"4a42de2e\" data-element_type=\"widget\" data-e-type=\"widget\" data-widget_type=\"text-editor.default\">\n\t\t\t\t<div class=\"elementor-widget-container\">\n\t\t\t\t\t\t\t\t\t<strong>\u00c7ift Kollu Z\u0131mba Presi<\/strong> bunun i\u00e7indir<em>\u00a0\u0130nce \u00e7elik levha ve kademeli kal\u0131p par\u00e7alar\u0131n\u0131n k\u00fc\u00e7\u00fck tek par\u00e7a halinde i\u015flenmesi, delinmesi, b\u00fck\u00fclmesi ve \u015fekillendirilmesi i\u015flemlerini ger\u00e7ekle\u015ftirebilen, tek pres, kademeli kal\u0131p, mekanik kol ile ba\u011flant\u0131 kurulabilen veya transfer sistemi eklenebilen bir cihazd\u0131r.<\/em>\r\n\r\n<\/div><\/div><\/div><\/div><\/div><\/section><\/div> <a href=\"https:\/\/believeindustry.company\/tr\/mechanical-punch-press\/double-crank-punch-press\/#more-2677\" class=\"more-link elementor-more-link\"><span aria-label=\"Okumaya devam et Double Crank Punch Press (110-315 Ton)\">(daha&amp;helliip;)<\/span><\/a>","protected":false},"excerpt":{"rendered":"<p>Double Crank Punch Press is for\u00a0blanking, punching, bending and forming process on small single work of thin steel plate and progressive die parts, which can connect with single press, progressive die, mechanical arm or added with transfer system<\/p>","protected":false},"author":2,"featured_media":2683,"parent":2674,"menu_order":1,"comment_status":"closed","ping_status":"closed","template":"","meta":{"_angie_page":false,"footnotes":"","big_sky_generated":false},"tags":[607849634,607848041,607848009,607848040,607848008],"class_list":["post-2677","page","type-page","status-publish","has-post-thumbnail","hentry","tag-custom-designs","tag-mechanical-punch-press","tag-press","tag-press-machine","tag-punch-press"],"blocksy_meta":[],"jetpack_sharing_enabled":true,"jetpack_shortlink":"https:\/\/wp.me\/P9K5n8-Hb","jetpack_likes_enabled":false,"jetpack-related-posts":[{"id":2674,"url":"https:\/\/believeindustry.company\/tr\/mechanical-punch-press\/","url_meta":{"origin":2677,"position":0},"title":"Mekanik Z\u0131mba Presi","author":"Believe Industry Group","date":"A\u011fustos 9, 2018","format":false,"excerpt":"Mechanical Punch Press is large machine with either a \"C\" types frame or a \"H\" frame. Believe Industry Company have a full range of punch press for different requirement. Contact us for more information.","rel":"","context":"\"press\" i\u00e7inde","block_context":{"text":"press","link":"https:\/\/believeindustry.company\/tr\/tag\/press\/"},"img":{"alt_text":"Mechanical Punch Press","src":"https:\/\/i0.wp.com\/believeindustry.company\/wp-content\/uploads\/2018\/08\/Mechnical-Punch-Press.jpg?resize=350%2C200&ssl=1","width":350,"height":200,"srcset":"https:\/\/i0.wp.com\/believeindustry.company\/wp-content\/uploads\/2018\/08\/Mechnical-Punch-Press.jpg?resize=350%2C200&ssl=1 1x, https:\/\/i0.wp.com\/believeindustry.company\/wp-content\/uploads\/2018\/08\/Mechnical-Punch-Press.jpg?resize=525%2C300&ssl=1 1.5x, https:\/\/i0.wp.com\/believeindustry.company\/wp-content\/uploads\/2018\/08\/Mechnical-Punch-Press.jpg?resize=700%2C400&ssl=1 2x, https:\/\/i0.wp.com\/believeindustry.company\/wp-content\/uploads\/2018\/08\/Mechnical-Punch-Press.jpg?resize=1050%2C600&ssl=1 3x"},"classes":[]},{"id":7304,"url":"https:\/\/believeindustry.company\/tr\/upright-post-roll-forming-machine\/","url_meta":{"origin":2677,"position":1},"title":"Upright Post Roll Forming Machine","author":"Believe Industry Group","date":"Ocak 8, 2020","format":false,"excerpt":"Upright Post Roll Forming Machine is for producing upright post as per requirement Upright Post Machine Components UncoilerLevrling MachineServo Feeder and Punch PressQuick replace punch die deviceAdjustable Roll Forming MachineServo Tracking Cutting DeviceCollection TableHydraulic StationController Panel Technical Parameters of Post Machine Line Speed: 10-15m\/minUncoiler Capacity: 5 TonPunch Press Capacity: 110\u2026","rel":"","context":"Benzer yaz\u0131","block_context":{"text":"Benzer yaz\u0131","link":""},"img":{"alt_text":"upright post roll forming machine","src":"https:\/\/i0.wp.com\/believeindustry.company\/wp-content\/uploads\/2020\/01\/upright-post-roll-forming-machine.jpg?resize=350%2C200&ssl=1","width":350,"height":200,"srcset":"https:\/\/i0.wp.com\/believeindustry.company\/wp-content\/uploads\/2020\/01\/upright-post-roll-forming-machine.jpg?resize=350%2C200&ssl=1 1x, https:\/\/i0.wp.com\/believeindustry.company\/wp-content\/uploads\/2020\/01\/upright-post-roll-forming-machine.jpg?resize=525%2C300&ssl=1 1.5x, https:\/\/i0.wp.com\/believeindustry.company\/wp-content\/uploads\/2020\/01\/upright-post-roll-forming-machine.jpg?resize=700%2C400&ssl=1 2x, https:\/\/i0.wp.com\/believeindustry.company\/wp-content\/uploads\/2020\/01\/upright-post-roll-forming-machine.jpg?resize=1050%2C600&ssl=1 3x, https:\/\/i0.wp.com\/believeindustry.company\/wp-content\/uploads\/2020\/01\/upright-post-roll-forming-machine.jpg?resize=1400%2C800&ssl=1 4x"},"classes":[]},{"id":6603,"url":"https:\/\/believeindustry.company\/tr\/cable-tray-roll-former\/","url_meta":{"origin":2677,"position":2},"title":"Kablo Kanal\u0131 Rulo \u015eekillendirme Makinesi","author":"Believe Industry Group","date":"Nisan 30, 2019","format":false,"excerpt":"Cable Tray Roll Former is for producing various width of cable trays, cable tray covers, cable tray ladders as per requirements. Technical Parameters of Cable Tray Roll Former Cable Tray Line Layout Uncoiling-- Leveling-- Feeding and Punching-- Roll Forming-- Cutting-- Collecting Cable Tray Machine Components Hydraulic UncoilerLeveling MachineServo Feeder and\u2026","rel":"","context":"Benzer yaz\u0131","block_context":{"text":"Benzer yaz\u0131","link":""},"img":{"alt_text":"cable tray production line","src":"https:\/\/i0.wp.com\/believeindustry.company\/wp-content\/uploads\/2019\/04\/cable-tray-production-line.jpg?resize=350%2C200&ssl=1","width":350,"height":200,"srcset":"https:\/\/i0.wp.com\/believeindustry.company\/wp-content\/uploads\/2019\/04\/cable-tray-production-line.jpg?resize=350%2C200&ssl=1 1x, https:\/\/i0.wp.com\/believeindustry.company\/wp-content\/uploads\/2019\/04\/cable-tray-production-line.jpg?resize=525%2C300&ssl=1 1.5x, https:\/\/i0.wp.com\/believeindustry.company\/wp-content\/uploads\/2019\/04\/cable-tray-production-line.jpg?resize=700%2C400&ssl=1 2x, https:\/\/i0.wp.com\/believeindustry.company\/wp-content\/uploads\/2019\/04\/cable-tray-production-line.jpg?resize=1050%2C600&ssl=1 3x, https:\/\/i0.wp.com\/believeindustry.company\/wp-content\/uploads\/2019\/04\/cable-tray-production-line.jpg?resize=1400%2C800&ssl=1 4x"},"classes":[]},{"id":6710,"url":"https:\/\/believeindustry.company\/tr\/cable-tray-rolling-machine\/","url_meta":{"origin":2677,"position":3},"title":"Kablo Kanal\u0131 Sarma Makinesi","author":"Believe Industry Group","date":"May\u0131s 7, 2019","format":false,"excerpt":"Cable Tray Rolling Machine Introduction Cable Tray Rolling Machine is for producing Cable Trays, Cable Tray Ladders, Cable Tray Covers as per desired requirements. Line Layout Working Prcess: Uncoiling-- Leveling-- Servo Feeding and Punching-- Roll Forming Machine-- Cutting-- Collecting Machine Components Hydraulic UncoilerLevelerServo Feeder and Punch PressRoll FormerCutter Collection TableControlled\u2026","rel":"","context":"Benzer yaz\u0131","block_context":{"text":"Benzer yaz\u0131","link":""},"img":{"alt_text":"cable tray roll former","src":"https:\/\/i0.wp.com\/believeindustry.company\/wp-content\/uploads\/2019\/04\/cable-tray-roll-former.png?resize=350%2C200&ssl=1","width":350,"height":200,"srcset":"https:\/\/i0.wp.com\/believeindustry.company\/wp-content\/uploads\/2019\/04\/cable-tray-roll-former.png?resize=350%2C200&ssl=1 1x, https:\/\/i0.wp.com\/believeindustry.company\/wp-content\/uploads\/2019\/04\/cable-tray-roll-former.png?resize=525%2C300&ssl=1 1.5x, https:\/\/i0.wp.com\/believeindustry.company\/wp-content\/uploads\/2019\/04\/cable-tray-roll-former.png?resize=700%2C400&ssl=1 2x"},"classes":[]},{"id":1298,"url":"https:\/\/believeindustry.company\/tr\/roll-forming-machine\/pallet-racking-roll-forming-machine\/upright-rack-roll-forming-machine\/","url_meta":{"origin":2677,"position":4},"title":"Dikey Rafl\u0131 Rulo \u015eekillendirme Makinesi","author":"Believe Industry Group","date":"Nisan 17, 2018","format":false,"excerpt":"Upright rack roll forming machine technology is the backbone of modern warehouse logistics. At Beli RollForming, we specialize in manufacturing high-precision machinery designed to produce durable upright racks for warehouse pallet rack systems. Our machines are engineered to handle various sizes and thicknesses, ensuring your production line is both adjustable\u2026","rel":"","context":"\"Rack Roll Forming\" i\u00e7inde","block_context":{"text":"Rack Roll Forming","link":"https:\/\/believeindustry.company\/tr\/tag\/rack-roll-forming\/"},"img":{"alt_text":"upright rack roll forming machine","src":"https:\/\/i0.wp.com\/believeindustry.company\/wp-content\/uploads\/2024\/02\/upright-rack-roll-forming-machine.jpg?resize=350%2C200&ssl=1","width":350,"height":200,"srcset":"https:\/\/i0.wp.com\/believeindustry.company\/wp-content\/uploads\/2024\/02\/upright-rack-roll-forming-machine.jpg?resize=350%2C200&ssl=1 1x, https:\/\/i0.wp.com\/believeindustry.company\/wp-content\/uploads\/2024\/02\/upright-rack-roll-forming-machine.jpg?resize=525%2C300&ssl=1 1.5x, https:\/\/i0.wp.com\/believeindustry.company\/wp-content\/uploads\/2024\/02\/upright-rack-roll-forming-machine.jpg?resize=700%2C400&ssl=1 2x, https:\/\/i0.wp.com\/believeindustry.company\/wp-content\/uploads\/2024\/02\/upright-rack-roll-forming-machine.jpg?resize=1050%2C600&ssl=1 3x"},"classes":[]},{"id":6869,"url":"https:\/\/believeindustry.company\/tr\/roll-forming-machine\/customized-profile-roll-forming-machine\/greenhouse-profile-roll-forming-machine\/","url_meta":{"origin":2677,"position":5},"title":"Sera Profili Rulo \u015eekillendirme Makinesi","author":"Believe Industry Group","date":"Temmuz 2, 2019","format":false,"excerpt":"Greenhouse Profile Roll Forming Machine is for producing greenhouse profiles. Such as steel angle, channel, conduit, or a hat-shaped fastener. Believe Industry Company help you roll your profiles with precision. Making a greenhouse frame that is sturdy is essential. Keeping your or your customers' greenhouse sturdy stands through all weather,\u2026","rel":"","context":"\"custom designs\" i\u00e7inde","block_context":{"text":"custom designs","link":"https:\/\/believeindustry.company\/tr\/tag\/custom-designs\/"},"img":{"alt_text":"cropped greenhouse profile roll forming machine","src":"https:\/\/i0.wp.com\/believeindustry.company\/wp-content\/uploads\/2019\/07\/cropped-greenhouse-profile-roll-forming-machine.jpg?resize=350%2C200&ssl=1","width":350,"height":200,"srcset":"https:\/\/i0.wp.com\/believeindustry.company\/wp-content\/uploads\/2019\/07\/cropped-greenhouse-profile-roll-forming-machine.jpg?resize=350%2C200&ssl=1 1x, https:\/\/i0.wp.com\/believeindustry.company\/wp-content\/uploads\/2019\/07\/cropped-greenhouse-profile-roll-forming-machine.jpg?resize=525%2C300&ssl=1 1.5x, https:\/\/i0.wp.com\/believeindustry.company\/wp-content\/uploads\/2019\/07\/cropped-greenhouse-profile-roll-forming-machine.jpg?resize=700%2C400&ssl=1 2x"},"classes":[]}],"amp_enabled":true,"_links":{"self":[{"href":"https:\/\/believeindustry.company\/tr\/wp-json\/wp\/v2\/pages\/2677","targetHints":{"allow":["GET"]}}],"collection":[{"href":"https:\/\/believeindustry.company\/tr\/wp-json\/wp\/v2\/pages"}],"about":[{"href":"https:\/\/believeindustry.company\/tr\/wp-json\/wp\/v2\/types\/page"}],"author":[{"embeddable":true,"href":"https:\/\/believeindustry.company\/tr\/wp-json\/wp\/v2\/users\/2"}],"replies":[{"embeddable":true,"href":"https:\/\/believeindustry.company\/tr\/wp-json\/wp\/v2\/comments?post=2677"}],"version-history":[{"count":1,"href":"https:\/\/believeindustry.company\/tr\/wp-json\/wp\/v2\/pages\/2677\/revisions"}],"predecessor-version":[{"id":19706,"href":"https:\/\/believeindustry.company\/tr\/wp-json\/wp\/v2\/pages\/2677\/revisions\/19706"}],"up":[{"embeddable":true,"href":"https:\/\/believeindustry.company\/tr\/wp-json\/wp\/v2\/pages\/2674"}],"wp:featuredmedia":[{"embeddable":true,"href":"https:\/\/believeindustry.company\/tr\/wp-json\/wp\/v2\/media\/2683"}],"wp:attachment":[{"href":"https:\/\/believeindustry.company\/tr\/wp-json\/wp\/v2\/media?parent=2677"}],"wp:term":[{"taxonomy":"post_tag","embeddable":true,"href":"https:\/\/believeindustry.company\/tr\/wp-json\/wp\/v2\/tags?post=2677"}],"curies":[{"name":"wp","href":"https:\/\/api.w.org\/{rel}","templated":true}]}}