{"id":2954,"date":"2018-09-27T14:18:24","date_gmt":"2018-09-27T06:18:24","guid":{"rendered":"https:\/\/believeindustry.company\/?page_id=2954"},"modified":"2025-12-05T15:43:27","modified_gmt":"2025-12-05T07:43:27","slug":"oluk-rulo-sekillendirme-makinesi-2","status":"publish","type":"page","link":"https:\/\/believeindustry.company\/tr\/roll-forming-machine\/downspoutgutter-roll-forming-machine\/gutter-roll-forming-machine-2\/","title":{"rendered":"Oluk Rulo \u015eekillendirme Makinesi"},"content":{"rendered":"<p><strong>Oluk rulo \u015fekillendirme makinesi <\/strong>\u0130stenilen \u00e7izimlere ve kal\u0131nl\u0131klara uygun oluklar \u00fcretmek i\u00e7indir.&nbsp;<\/p>\n\n\n\n<!--more-->\n\n\n\n<h2 class=\"wp-block-heading\"><span style=\"font-size: 18pt;\">Oluk Rulo \u015eekillendirme Makinesi<\/span><\/h2>\n\n\n\n<h3 class=\"wp-block-heading\"><span style=\"font-size: 14pt;\">Oluk \u00c7e\u015fitleri<\/span><\/h3>\n\n\n\n<p>\u00c7at\u0131 oluklar\u0131n\u0131n bir\u00e7ok farkl\u0131 \u00e7e\u015fidi vard\u0131r; \u00f6rne\u011fin K tipi oluk, al\u0131nl\u0131k olu\u011fu, yar\u0131m daire oluk, Avrupa tipi oluk.&nbsp; <a href=\"http:\/\/www.belirollform.com\" target=\"_blank\" rel=\"noopener\">Believe Industry Company<\/a> Oluklar i\u00e7in eksiksiz bir oluk rulo \u015fekillendirme makinesi (rulo \u015fekillendirici) yelpazemiz bulunmaktad\u0131r.&nbsp;<a href=\"https:\/\/believeindustry.company\/tr\/rulo-sekillendirme-makinesi\/yagmur-olugu-rulo-sekillendirme-makinesi\/tasinabilir-oluk-temizleme-makinesi-satilik\/\">&nbsp;ta\u015f\u0131nabilir oluk makineleri<\/a> Bu makineler r\u00f6morklarla \u015fantiyelere ta\u015f\u0131nabilir ve yerinde ya\u011fmur oluklar\u0131 \u00fcretebilir. Ta\u015f\u0131nabilir bir oluk makinesi genellikle yaln\u0131zca tek tip ve genellikle tek boyutta oluk \u00fcretmek \u00fczere tasarlanm\u0131\u015ft\u0131r.<\/p>\n\n\n\n<h3 class=\"wp-block-heading\"><span style=\"font-size: 14pt;\">Oluk Malzemesi<\/span><\/h3>\n\n\n\n<ul class=\"wp-block-list\"><li>Al\u00fcminyum<\/li><li>Bak\u0131r<\/li><li>Galvanizli<\/li><li>\u00d6nceden Boyanm\u0131\u015f Galvanizli<\/li><li>Paslanmaz \u00e7elik<\/li><\/ul>\n\n\n\n<h2 class=\"wp-block-heading\"><span style=\"font-size: 14pt;\">&nbsp;Oluk Makinesi Par\u00e7alar\u0131<\/span><\/h2>\n\n\n\n<ol class=\"wp-block-list\"><li>3 Tonluk hidrolik bobin a\u00e7\u0131c\u0131<\/li><li>Rulo \u015fekillendirme de\u011firmeni<\/li><li>D\u00fczle\u015ftirici<\/li><li>Kesme cihaz\u0131<\/li><li>Hidrolik \u0130stasyon<\/li><li>Kontrol Kutusu<\/li><li>Koleksiyon Tablosu<\/li><\/ol>\n\n\n\n<h3 class=\"wp-block-heading\"><span style=\"font-size: 14pt;\">Oluk Rulo \u015eekillendirme Makinesi Parametreleri<\/span><\/h3>\n\n\n\n<h4 class=\"wp-block-heading\"><span style=\"font-size: 12pt;\">3 Tonluk hidrolik bobin a\u00e7\u0131c\u0131<\/span><\/h4>\n\n\n\n<ol class=\"wp-block-list\"><li>Yap\u0131 ve \u0130\u015flev: \u00c7elik levha ve kiri\u015f kaynakl\u0131 yap\u0131, \u00e7elik bobinleri desteklemek ve a\u00e7mak i\u00e7in kullan\u0131l\u0131r.<\/li><li>Dekoyler Mandreni Geni\u015fletme ve Gerdirme: Hidrolik geni\u015fletme ve gerdirme, 3 kW&#039;l\u0131k elektrik motoru taraf\u0131ndan sa\u011flanan hidrolik g\u00fc\u00e7.<\/li><li>Mil Geni\u015fleme Aral\u0131\u011f\u0131: 480 mm - 520 mm<\/li><li>Sarmal a\u00e7ma: Sarmal a\u00e7ma i\u00e7in 3 kW motor g\u00fcc\u00fc<\/li><li>Sarmal A\u00e7ma H\u0131z\u0131: 0-15 m\/dak, ayarlanabilir<\/li><li>H\u0131z Kontrol\u00fc: Frekans d\u00f6n\u00fc\u015ft\u00fcr\u00fcc\u00fc ile, YASKAWA marka<\/li><li>Maksimum Ta\u015f\u0131ma Kapasitesi: 3000 kg<\/li><li>Bobin \u0130\u00e7 \u00c7ap\u0131: 508 mm; Maksimum Bobin D\u0131\u015f \u00c7ap\u0131: 1350 mm<\/li><\/ol>\n\n\n\n<h4 class=\"wp-block-heading\"><span style=\"font-size: 12pt;\">Rulo \u015eekillendirme De\u011firmeni<\/span><\/h4>\n\n\n\n<ol class=\"wp-block-list\"><li>Makine Yap\u0131s\u0131: Makine taban\u0131 olarak H kiri\u015fli \u00e7elik kaynakl\u0131 \u00e7er\u00e7eve; CNC portal freze tezgah\u0131 ile i\u015fleme.<\/li><li>Makaral\u0131 Yan Ayaklar: Makine taban\u0131na vidalanan k\u0131lavuz direk tipi ayaklar.<\/li><li>Silindir \u0130stasyonlar\u0131\/\u015eekillendirme Basamaklar\u0131: 22 basamak<\/li><li>Mil Malzemesi: 40Cr; \u00c7ap: 75 mm<\/li><li>Silindir Malzemesi: 45 numaral\u0131 \u00e7elik, hassas i\u015fleme, sertle\u015ftirme ve temperleme; silindir y\u00fczeyi 0,05 mm krom kaplama.<\/li><li>Rulman: NSK Rulman<\/li><li>Ana Motor G\u00fcc\u00fc: 7,5 kW<\/li><li>Rulo \u015eekillendirme H\u0131z\u0131: 10-15 m\/dak<\/li><li>Tahrik sistemi: 1,2 in\u00e7 zincir tahriki<\/li><li>H\u0131z Kontrol\u00fc: Frekans \u0130nvert\u00f6r\u00fc ile<\/li><\/ol>\n\n\n\n<h4 class=\"wp-block-heading\"><span style=\"font-size: 12pt;\">Hidrolik Kesme Cihaz\u0131<\/span><\/h4>\n\n\n\n<ol class=\"wp-block-list\"><li>Kesim Uzunlu\u011fu ve Miktar\u0131: PLC kontrol sistemi taraf\u0131ndan kontrol edilen bu i\u015flemde, kullan\u0131c\u0131lar dokunmatik ekrandan gerekli uzunluk ve miktar\u0131 girerler.<\/li><li>Kesme Kal\u0131b\u0131 Malzemesi: Cr12Mov, HRC 58-62<\/li><li>Kesme Uzunlu\u011fu \u00d6l\u00e7\u00fcm\u00fc: Enkoder \u00f6l\u00e7\u00fcm\u00fc; Omron Markas\u0131<\/li><li>Hidrolik \u0130stasyon G\u00fcc\u00fc: 4 kW<\/li><li>Kesme Uzunlu\u011fu Tolerans\u0131: +\/-1,5 mm<\/li><\/ol>\n\n\n\n<h4 class=\"wp-block-heading\"><span style=\"font-size: 12pt;\">Kontroll\u00fc Sistem<\/span><\/h4>\n\n\n\n<ol class=\"wp-block-list\"><li>Kontrol Sistemi: Siemens PLC kontrol sistemi<\/li><li>Kodlay\u0131c\u0131: Omron Markas\u0131<\/li><li>\u0130nverter: Yaskawa Markas\u0131<\/li><li>Motor: Siemens Markas\u0131<\/li><li>Dokunmatik Ekran: Siemens<\/li><li>Hidrolik \u0130stasyonun Bas\u0131nc\u0131: \u226712 MPa<\/li><li>Ak\u0131m: 380V Do\u011fru Ak\u0131m, 50Hz, 3 Faz<\/li><li>Kullan\u0131c\u0131lar \u00fcr\u00fcn\u00fcn uzunlu\u011funu ve miktar\u0131n\u0131 dokunmatik ekran \u00fczerinden girer; dokunmatik ekran makinenin \u00e7al\u0131\u015fma durumunu g\u00f6sterir.<\/li><\/ol>\n\n\n\n<div class=\"wp-block-image\"><figure class=\"aligncenter is-resized\"><img fetchpriority=\"high\" decoding=\"async\" data-attachment-id=\"2962\" data-permalink=\"https:\/\/believeindustry.company\/tr\/rain-gutter-roll-forming-machine\/\" data-orig-file=\"https:\/\/believeindustry.company\/wp-content\/uploads\/2018\/09\/rain-gutter-roll-forming-machine.jpg\" data-orig-size=\"447,497\" data-comments-opened=\"1\" data-image-meta=\"{&quot;aperture&quot;:&quot;0&quot;,&quot;credit&quot;:&quot;&quot;,&quot;camera&quot;:&quot;&quot;,&quot;caption&quot;:&quot;&quot;,&quot;created_timestamp&quot;:&quot;0&quot;,&quot;copyright&quot;:&quot;&quot;,&quot;focal_length&quot;:&quot;0&quot;,&quot;iso&quot;:&quot;0&quot;,&quot;shutter_speed&quot;:&quot;0&quot;,&quot;title&quot;:&quot;&quot;,&quot;orientation&quot;:&quot;0&quot;}\" data-image-title=\"rain gutter roll forming machine\" data-image-description=\"\" data-image-caption=\"\" data-large-file=\"https:\/\/believeindustry.company\/wp-content\/uploads\/2018\/09\/rain-gutter-roll-forming-machine.jpg\" src=\"https:\/\/believeindustry.company\/wp-content\/uploads\/2018\/09\/rain-gutter-roll-forming-machine.jpg\" alt=\"ya\u011fmur olu\u011fu rulo \u015fekillendirme makinesi\" class=\"wp-image-2962\" width=\"580\" height=\"645\" srcset=\"https:\/\/believeindustry.company\/wp-content\/uploads\/2018\/09\/rain-gutter-roll-forming-machine.jpg 447w, https:\/\/believeindustry.company\/wp-content\/uploads\/2018\/09\/rain-gutter-roll-forming-machine-270x300.jpg 270w\" sizes=\"(max-width: 580px) 100vw, 580px\" \/><\/figure><\/div>\n\n\n\n<p>&nbsp;<\/p>","protected":false},"excerpt":{"rendered":"<p>Oluk \u015fekillendirme makinesi, istenilen \u00e7izimlere ve kal\u0131nl\u0131klara uygun oluklar \u00fcretmek i\u00e7in kullan\u0131l\u0131r.&nbsp;<\/p>","protected":false},"author":2,"featured_media":2966,"parent":1078,"menu_order":0,"comment_status":"closed","ping_status":"closed","template":"","meta":{"_angie_page":false,"footnotes":"","big_sky_generated":false},"tags":[607849633,607847042,607848464,607848465,607848463,607848467,607848466],"class_list":["post-2954","page","type-page","status-publish","has-post-thumbnail","hentry","tag-downspout-lines","tag-gutter-machine","tag-gutter-roll-former","tag-gutter-roll-forming-machine","tag-portable-gutter-machine","tag-rain-gutter-roll-forming-machine","tag-water-gutter-roll-forming-machine"],"blocksy_meta":[],"jetpack_sharing_enabled":true,"jetpack_shortlink":"https:\/\/wp.me\/P9K5n8-LE","jetpack_likes_enabled":false,"jetpack-related-posts":[{"id":22021,"url":"https:\/\/believeindustry.company\/tr\/elementor-page-22021\/","url_meta":{"origin":2954,"position":0},"title":"Ya\u011fmur olu\u011fu ve ini\u015f borusu","author":"Believe Industry Group","date":"Nisan 12, 2026","format":false,"excerpt":"A roll forming machine for rain downspout and gutter is specialized manufacturing equipment designed to produce the vital components of residential and commercial roof drainage systems.These machines continuously profile flat coils of aluminum, galvanized steel, or copper into functional, weather-resistant water management products. The equipment generally falls into two categories:\u2026","rel":"","context":"Benzer yaz\u0131","block_context":{"text":"Benzer yaz\u0131","link":""},"img":{"alt_text":"downspout and gutter","src":"https:\/\/i0.wp.com\/believeindustry.company\/wp-content\/uploads\/2026\/04\/downspout-and-gutter.webp?resize=350%2C200&ssl=1","width":350,"height":200,"srcset":"https:\/\/i0.wp.com\/believeindustry.company\/wp-content\/uploads\/2026\/04\/downspout-and-gutter.webp?resize=350%2C200&ssl=1 1x, https:\/\/i0.wp.com\/believeindustry.company\/wp-content\/uploads\/2026\/04\/downspout-and-gutter.webp?resize=525%2C300&ssl=1 1.5x, https:\/\/i0.wp.com\/believeindustry.company\/wp-content\/uploads\/2026\/04\/downspout-and-gutter.webp?resize=700%2C400&ssl=1 2x, https:\/\/i0.wp.com\/believeindustry.company\/wp-content\/uploads\/2026\/04\/downspout-and-gutter.webp?resize=1050%2C600&ssl=1 3x, https:\/\/i0.wp.com\/believeindustry.company\/wp-content\/uploads\/2026\/04\/downspout-and-gutter.webp?resize=1400%2C800&ssl=1 4x"},"classes":[]},{"id":2264,"url":"https:\/\/believeindustry.company\/tr\/roll-forming-machine\/downspoutgutter-roll-forming-machine\/portable-gutter-machine-for-sale\/","url_meta":{"origin":2954,"position":1},"title":"Ta\u015f\u0131nabilir Oluk Temizleme Makinesi","author":"Believe Industry Group","date":"Haziran 19, 2018","format":false,"excerpt":"Believe Industry Company have a full range of portable gutter machine for sale. 5\" and 6\" K style, 6\" half round gutter and 7\" industrial gutter machines. Portable Gutter Machine For Sale What's A Gutter? A rain gutter is a components of water discharge system for a building. Water from\u2026","rel":"","context":"\"downspout lines\" i\u00e7inde","block_context":{"text":"downspout lines","link":"https:\/\/believeindustry.company\/tr\/tag\/downspout-lines\/"},"img":{"alt_text":"portable gutter machine for sale (2)","src":"https:\/\/i0.wp.com\/believeindustry.company\/wp-content\/uploads\/2018\/06\/portable-gutter-machine-for-sale-2.jpg?resize=350%2C200&ssl=1","width":350,"height":200,"srcset":"https:\/\/i0.wp.com\/believeindustry.company\/wp-content\/uploads\/2018\/06\/portable-gutter-machine-for-sale-2.jpg?resize=350%2C200&ssl=1 1x, https:\/\/i0.wp.com\/believeindustry.company\/wp-content\/uploads\/2018\/06\/portable-gutter-machine-for-sale-2.jpg?resize=525%2C300&ssl=1 1.5x, https:\/\/i0.wp.com\/believeindustry.company\/wp-content\/uploads\/2018\/06\/portable-gutter-machine-for-sale-2.jpg?resize=700%2C400&ssl=1 2x, https:\/\/i0.wp.com\/believeindustry.company\/wp-content\/uploads\/2018\/06\/portable-gutter-machine-for-sale-2.jpg?resize=1050%2C600&ssl=1 3x"},"classes":[]},{"id":7463,"url":"https:\/\/believeindustry.company\/tr\/hydroponic-hanging-gutter-roll-former\/","url_meta":{"origin":2954,"position":2},"title":"Hidroponik Asma Oluk Rulosu \u015eekillendirici","author":"Believe Industry Group","date":"Mart 18, 2020","format":false,"excerpt":"Hydroponic Hanging Gutter Roll Former is designed to manufacture suspended gutters for hydroponic growing with recirculation in the farm and customizable to the measure of each farm in length.\u00a0And makes it easier to install and transport to the greenhouse and reduces storage and logistics problems. Our new design hanging gutter\u2026","rel":"","context":"\"downspout lines\" i\u00e7inde","block_context":{"text":"downspout lines","link":"https:\/\/believeindustry.company\/tr\/tag\/downspout-lines\/"},"img":{"alt_text":"Beli RollForming mobile Cultivation Gutter Roll Former for greenhouse installation","src":"https:\/\/i0.wp.com\/believeindustry.company\/wp-content\/uploads\/2020\/03\/Hydroponic-Hanging-Gutter-Roll-Former.jpg?resize=350%2C200&ssl=1","width":350,"height":200,"srcset":"https:\/\/i0.wp.com\/believeindustry.company\/wp-content\/uploads\/2020\/03\/Hydroponic-Hanging-Gutter-Roll-Former.jpg?resize=350%2C200&ssl=1 1x, https:\/\/i0.wp.com\/believeindustry.company\/wp-content\/uploads\/2020\/03\/Hydroponic-Hanging-Gutter-Roll-Former.jpg?resize=525%2C300&ssl=1 1.5x, https:\/\/i0.wp.com\/believeindustry.company\/wp-content\/uploads\/2020\/03\/Hydroponic-Hanging-Gutter-Roll-Former.jpg?resize=700%2C400&ssl=1 2x, https:\/\/i0.wp.com\/believeindustry.company\/wp-content\/uploads\/2020\/03\/Hydroponic-Hanging-Gutter-Roll-Former.jpg?resize=1050%2C600&ssl=1 3x, https:\/\/i0.wp.com\/believeindustry.company\/wp-content\/uploads\/2020\/03\/Hydroponic-Hanging-Gutter-Roll-Former.jpg?resize=1400%2C800&ssl=1 4x"},"classes":[]},{"id":8080,"url":"https:\/\/believeindustry.company\/tr\/cultivation-gutter-system-and-machine\/","url_meta":{"origin":2954,"position":3},"title":"Toprak \u0130\u015fleme Oluk Sistemi ve Makinesi","author":"Believe Industry Group","date":"Temmuz 8, 2024","format":false,"excerpt":"Greenhouse Cultivation Gutter System Believe Industry has been developing and implementing crop-specific gutter systems and machines. Over the years we have developed various cultivation gutter models. Believe Industry therefore supplies a complete range of gutters for every crop. In close consultation we can supply the right gutter, components and also\u2026","rel":"","context":"Benzer yaz\u0131","block_context":{"text":"Benzer yaz\u0131","link":""},"img":{"alt_text":"Beli-205-Gutter","src":"https:\/\/i0.wp.com\/believeindustry.company\/wp-content\/uploads\/2021\/09\/Beli-205-Gutter-150x150.jpg?resize=350%2C200&ssl=1","width":350,"height":200,"srcset":"https:\/\/i0.wp.com\/believeindustry.company\/wp-content\/uploads\/2021\/09\/Beli-205-Gutter-150x150.jpg?resize=350%2C200&ssl=1 1x, https:\/\/i0.wp.com\/believeindustry.company\/wp-content\/uploads\/2021\/09\/Beli-205-Gutter-150x150.jpg?resize=525%2C300&ssl=1 1.5x"},"classes":[]},{"id":19437,"url":"https:\/\/believeindustry.company\/tr\/product-2\/","url_meta":{"origin":2954,"position":4},"title":"\u00dcr\u00fcn","author":"Believe Industry Group","date":"Kas\u0131m 12, 2025","format":false,"excerpt":"Energy and Electric Construction and Steel Structure Rack and Shelving Sale Rated 0 out of 5 Energy and Electric 41x41mm 41x82mm Solar Strut Channel Roll Forming Machine $85,000.00 Original price was: $85,000.00.$80,000.00Current price is: $80,000.00. View Product Sale Rated 0 out of 5 Metal Panel Trapezoidal Ribbed Spandeck Roof and\u2026","rel":"","context":"Benzer yaz\u0131","block_context":{"text":"Benzer yaz\u0131","link":""},"img":{"alt_text":"41x41mm 41x82mm Solar Strut Channel Roll Forming Machine","src":"https:\/\/i0.wp.com\/believeindustry.company\/wp-content\/uploads\/2025\/10\/41x41-41X82-Solar-Strut-Channel-Roll-Forming-Machine-300x214.webp?resize=350%2C200&ssl=1","width":350,"height":200},"classes":[]},{"id":1078,"url":"https:\/\/believeindustry.company\/tr\/roll-forming-machine\/downspoutgutter-roll-forming-machine\/","url_meta":{"origin":2954,"position":5},"title":"Ya\u011fmur Oluklar\u0131 ve Boru Borusu Rulo \u015eekillendirme Makinesi","author":"Believe Industry Group","date":"Nisan 10, 2018","format":false,"excerpt":"","rel":"","context":"\"believe industry machine\" i\u00e7inde","block_context":{"text":"believe industry machine","link":"https:\/\/believeindustry.company\/tr\/tag\/believe-industry-machine\/"},"img":{"alt_text":"DownspoutGutter Roll Forming Machines","src":"https:\/\/i0.wp.com\/believeindustry.company\/wp-content\/uploads\/2018\/04\/copper-gutter-outlet-elbows-scupper-and-downspout.jpg?resize=350%2C200&ssl=1","width":350,"height":200,"srcset":"https:\/\/i0.wp.com\/believeindustry.company\/wp-content\/uploads\/2018\/04\/copper-gutter-outlet-elbows-scupper-and-downspout.jpg?resize=350%2C200&ssl=1 1x, https:\/\/i0.wp.com\/believeindustry.company\/wp-content\/uploads\/2018\/04\/copper-gutter-outlet-elbows-scupper-and-downspout.jpg?resize=525%2C300&ssl=1 1.5x, https:\/\/i0.wp.com\/believeindustry.company\/wp-content\/uploads\/2018\/04\/copper-gutter-outlet-elbows-scupper-and-downspout.jpg?resize=700%2C400&ssl=1 2x"},"classes":[]}],"amp_enabled":true,"_links":{"self":[{"href":"https:\/\/believeindustry.company\/tr\/wp-json\/wp\/v2\/pages\/2954","targetHints":{"allow":["GET"]}}],"collection":[{"href":"https:\/\/believeindustry.company\/tr\/wp-json\/wp\/v2\/pages"}],"about":[{"href":"https:\/\/believeindustry.company\/tr\/wp-json\/wp\/v2\/types\/page"}],"author":[{"embeddable":true,"href":"https:\/\/believeindustry.company\/tr\/wp-json\/wp\/v2\/users\/2"}],"replies":[{"embeddable":true,"href":"https:\/\/believeindustry.company\/tr\/wp-json\/wp\/v2\/comments?post=2954"}],"version-history":[{"count":1,"href":"https:\/\/believeindustry.company\/tr\/wp-json\/wp\/v2\/pages\/2954\/revisions"}],"predecessor-version":[{"id":19747,"href":"https:\/\/believeindustry.company\/tr\/wp-json\/wp\/v2\/pages\/2954\/revisions\/19747"}],"up":[{"embeddable":true,"href":"https:\/\/believeindustry.company\/tr\/wp-json\/wp\/v2\/pages\/1078"}],"wp:featuredmedia":[{"embeddable":true,"href":"https:\/\/believeindustry.company\/tr\/wp-json\/wp\/v2\/media\/2966"}],"wp:attachment":[{"href":"https:\/\/believeindustry.company\/tr\/wp-json\/wp\/v2\/media?parent=2954"}],"wp:term":[{"taxonomy":"post_tag","embeddable":true,"href":"https:\/\/believeindustry.company\/tr\/wp-json\/wp\/v2\/tags?post=2954"}],"curies":[{"name":"wp","href":"https:\/\/api.w.org\/{rel}","templated":true}]}}