{"id":3099,"date":"2018-10-06T15:20:23","date_gmt":"2018-10-06T07:20:23","guid":{"rendered":"https:\/\/believeindustry.company\/?page_id=3099"},"modified":"2025-08-25T09:59:02","modified_gmt":"2025-08-25T01:59:02","slug":"c-asik-rulosu-kalibi","status":"publish","type":"page","link":"https:\/\/believeindustry.company\/tr\/c-purlin-roll-former\/","title":{"rendered":"C A\u015f\u0131k Rulosu Kal\u0131b\u0131"},"content":{"rendered":"<p>C tipi a\u015f\u0131k \u015fekillendirme makinesi, gereksinimlere g\u00f6re C tipi a\u015f\u0131k \u00fcretmek i\u00e7in kullan\u0131l\u0131r. A\u015f\u0131k g\u00f6vde \u00e7ap\u0131 80-350 mm, flan\u015f \u00e7ap\u0131 40-60 mm ve kal\u0131nl\u0131\u011f\u0131 1,0-3,5 mm aras\u0131ndad\u0131r.&nbsp;<\/p>\n\n\n\n<h2 class=\"wp-block-heading\"><span style=\"font-size: 18pt;\">C A\u015f\u0131k Rulosu Kal\u0131b\u0131<\/span><\/h2>\n\n\n\n<h3 class=\"wp-block-heading\">C A\u015f\u0131k \u00d6zellikleri<\/h3>\n\n\n\n<figure class=\"wp-block-image\"><img fetchpriority=\"high\" decoding=\"async\" width=\"618\" height=\"230\" data-attachment-id=\"2762\" data-permalink=\"https:\/\/believeindustry.company\/tr\/roll-forming-machine\/purlin-roll-forming-machine\/c-z-purlin-roll-forming-machine\/c-purlin\/\" data-orig-file=\"https:\/\/believeindustry.company\/wp-content\/uploads\/2018\/08\/c-purlin.png\" data-orig-size=\"618,230\" data-comments-opened=\"1\" data-image-meta=\"{&quot;aperture&quot;:&quot;0&quot;,&quot;credit&quot;:&quot;&quot;,&quot;camera&quot;:&quot;&quot;,&quot;caption&quot;:&quot;&quot;,&quot;created_timestamp&quot;:&quot;0&quot;,&quot;copyright&quot;:&quot;&quot;,&quot;focal_length&quot;:&quot;0&quot;,&quot;iso&quot;:&quot;0&quot;,&quot;shutter_speed&quot;:&quot;0&quot;,&quot;title&quot;:&quot;&quot;,&quot;orientation&quot;:&quot;0&quot;}\" data-image-title=\"c purlin\" data-image-description=\"\" data-image-caption=\"\" data-large-file=\"https:\/\/believeindustry.company\/wp-content\/uploads\/2018\/08\/c-purlin.png\" src=\"https:\/\/believeindustry.company\/wp-content\/uploads\/2018\/08\/c-purlin.png\" alt=\"c a\u015f\u0131k\" class=\"wp-image-2762\" srcset=\"https:\/\/believeindustry.company\/wp-content\/uploads\/2018\/08\/c-purlin.png 618w, https:\/\/believeindustry.company\/wp-content\/uploads\/2018\/08\/c-purlin-600x223.png 600w, https:\/\/believeindustry.company\/wp-content\/uploads\/2018\/08\/c-purlin-300x112.png 300w\" sizes=\"(max-width: 618px) 100vw, 618px\" \/><\/figure>\n\n\n\n<ol class=\"wp-block-list\">\n<li>Malzeme: CR, HR, Galvanizli \u00c7elik<\/li>\n\n\n\n<li>Akma Dayan\u0131m\u0131: 235-400 MPa<\/li>\n\n\n\n<li>Delik tasar\u0131mlar\u0131 \u00f6zelle\u015ftirilebilir.<\/li>\n<\/ol>\n\n\n\n<h3 class=\"wp-block-heading\"><span style=\"font-size: 14pt;\">C A\u015f\u0131k Rulo \u015eekillendirme Makinesi Bile\u015fenleri<\/span><\/h3>\n\n\n\n<ol class=\"wp-block-list\">\n<li>Manuel Bobin A\u00e7\u0131c\u0131<\/li>\n\n\n\n<li>Rulo \u015eekillendirme Makinesi De\u011firmeni<\/li>\n\n\n\n<li>Hidrolik Delme ve Kesme Sistemi<\/li>\n\n\n\n<li>Koleksiyon Tablosu<\/li>\n\n\n\n<li>PLC kontroll\u00fc sistem<\/li>\n\n\n\n<li>Hidrolik \u0130stasyon<\/li>\n<\/ol>\n\n\n\n<h3 class=\"wp-block-heading\"><span style=\"font-size: 14pt;\">A\u015f\u0131k Makinesinin Ak\u0131\u015f \u015eemas\u0131<\/span><\/h3>\n\n\n\n<figure class=\"wp-block-image\"><img decoding=\"async\" width=\"700\" height=\"138\" data-attachment-id=\"3102\" data-permalink=\"https:\/\/believeindustry.company\/tr\/c-purlin-roll-former-layout\/\" data-orig-file=\"https:\/\/believeindustry.company\/wp-content\/uploads\/2018\/10\/c-purlin-roll-former-layout.jpg\" data-orig-size=\"700,138\" data-comments-opened=\"1\" data-image-meta=\"{&quot;aperture&quot;:&quot;0&quot;,&quot;credit&quot;:&quot;&quot;,&quot;camera&quot;:&quot;&quot;,&quot;caption&quot;:&quot;&quot;,&quot;created_timestamp&quot;:&quot;0&quot;,&quot;copyright&quot;:&quot;&quot;,&quot;focal_length&quot;:&quot;0&quot;,&quot;iso&quot;:&quot;0&quot;,&quot;shutter_speed&quot;:&quot;0&quot;,&quot;title&quot;:&quot;&quot;,&quot;orientation&quot;:&quot;1&quot;}\" data-image-title=\"c purlin roll former layout\" data-image-description=\"\" data-image-caption=\"\" data-large-file=\"https:\/\/believeindustry.company\/wp-content\/uploads\/2018\/10\/c-purlin-roll-former-layout.jpg\" src=\"https:\/\/believeindustry.company\/wp-content\/uploads\/2018\/10\/c-purlin-roll-former-layout.jpg\" alt=\"c a\u015f\u0131k rulosu eski d\u00fczeni\" class=\"wp-image-3102\" srcset=\"https:\/\/believeindustry.company\/wp-content\/uploads\/2018\/10\/c-purlin-roll-former-layout.jpg 700w, https:\/\/believeindustry.company\/wp-content\/uploads\/2018\/10\/c-purlin-roll-former-layout-600x118.jpg 600w, https:\/\/believeindustry.company\/wp-content\/uploads\/2018\/10\/c-purlin-roll-former-layout-300x59.jpg 300w\" sizes=\"(max-width: 700px) 100vw, 700px\" \/><\/figure>\n\n\n\n<h3 class=\"wp-block-heading\"><span style=\"font-size: 14pt;\">C Tipi A\u015f\u0131k Rulosu \u015eekillendiricisinin Teknik Parametreleri<\/span><\/h3>\n\n\n\n<h4 class=\"wp-block-heading\"><span style=\"font-size: 12pt;\">A\u00e7\u0131c\u0131<\/span><\/h4>\n\n\n\n<ol class=\"wp-block-list\">\n<li>Tip: Mekanik a\u00e7\u0131c\u0131, Pasif a\u00e7\u0131c\u0131, manuel gev\u015fetme ve gerdirme<\/li>\n\n\n\n<li>Y\u00fckleme Kapasitesi: 5000 kg<\/li>\n\n\n\n<li>Bobinin i\u00e7 \u00e7ap\u0131: 400-600 mm<\/li>\n\n\n\n<li>Bobinin d\u0131\u015f \u00e7ap\u0131: 1600 mm, Maks.<\/li>\n<\/ol>\n\n\n\n<h4 class=\"wp-block-heading\"><span style=\"font-size: 12pt;\">Rulo \u015eekillendirme Makinesi De\u011firmeni<\/span><\/h4>\n\n\n\n<ol class=\"wp-block-list\">\n<li>Besleme ve D\u00fczle\u015ftirme Cihaz\u0131: Malzemeyi rulo \u015fekillendirme makinesine beslemeden \u00f6nce d\u00fczle\u015ftirmek i\u00e7in kullan\u0131l\u0131r.<\/li>\n\n\n\n<li>Ana Motor Tipi: 3 fazl\u0131 asenkron motor<\/li>\n\n\n\n<li>Ana Motor G\u00fcc\u00fc: 18,5 kW<\/li>\n\n\n\n<li>Rulo \u015eekillendirme H\u0131z\u0131: 0-20 m\/dak<\/li>\n\n\n\n<li>Makaral\u0131 \u0130stasyonlar: 16 istasyon<\/li>\n\n\n\n<li>Silindir Malzemesi: CR12 Mov, sertle\u015ftirme i\u015flemi uygulanm\u0131\u015f, HRC 58-62 derece.<\/li>\n\n\n\n<li>Mil: Makaralar\u0131n milleri, C tipi kiri\u015flerin hassasiyetini sa\u011flamak i\u00e7in ta\u015flama makinesiyle 2 kez i\u015flenir.\u00a0<\/li>\n\n\n\n<li>Mil \u00c7ap\u0131: 75 mm<\/li>\n\n\n\n<li>Mil Malzemesi: 40 CR<\/li>\n\n\n\n<li>Boyut De\u011fi\u015ftirme: Manuel, Yar\u0131 Otomatik, Otomatik<\/li>\n<\/ol>\n\n\n\n<h4 class=\"wp-block-heading\"><span style=\"font-size: 12pt;\">Hidrolik Delme ve Kesme<\/span><\/h4>\n\n\n\n<ol class=\"wp-block-list\">\n<li>Delme Tipi: Hidrolik Delme.<\/li>\n\n\n\n<li>Delme Kal\u0131b\u0131 Malzemesi: CR12<\/li>\n\n\n\n<li>Kesme Tipi: Hidrolik Kesme, \u00e7ok fonksiyonlu tasar\u0131m<\/li>\n\n\n\n<li>Kesim Kal\u0131b\u0131 Malzemesi: CR12<\/li>\n\n\n\n<li>Hidrolik G\u00fc\u00e7: 7,5 kW<\/li>\n\n\n\n<li>Hidrolik Bas\u0131n\u00e7: 16 MPa<\/li>\n<\/ol>\n\n\n\n<h4 class=\"wp-block-heading\"><span style=\"font-size: 12pt;\">PLC Kontroll\u00fc Panel<\/span><\/h4>\n\n\n\n<ol class=\"wp-block-list\">\n<li>Miktar, uzunluk ve delik konumunu otomatik olarak kontrol edin.<\/li>\n\n\n\n<li>Delme ve kesme i\u015flemleri s\u0131ras\u0131nda makine durdurulacakt\u0131r.<\/li>\n\n\n\n<li>Voltaj: 380V, 50Hz, 3 Faz<\/li>\n\n\n\n<li>PLC markas\u0131: Siemens veya Panasonic<\/li>\n\n\n\n<li>Solenoid valf: Pekin hadisi<\/li>\n\n\n\n<li>\u00a0Dokunmatik ekran \u00fcreticisi: MCGS veya Siemens<\/li>\n\n\n\n<li>Kodlay\u0131c\u0131: Omron<\/li>\n\n\n\n<li>\u00a0Frekans d\u00f6n\u00fc\u015ft\u00fcr\u00fcc\u00fc: Japonya Yaskawa<\/li>\n<\/ol>\n\n\n\n<p><a href=\"http:\/\/www.belirollform.com\" target=\"_blank\" rel=\"noopener\">Believe Industry Company<\/a> C tipi a\u015f\u0131klar i\u00e7in eksiksiz bir rulo \u015fekillendirme makinesi yelpazemiz var. Birka\u00e7 farkl\u0131 tasar\u0131m\u0131m\u0131z mevcut. Ve art\u0131k giderek daha fazla m\u00fc\u015fteri bu makineleri sat\u0131n almay\u0131 tercih ediyor. <a href=\"https:\/\/believeindustry.company\/tr\/rulo-sekillendirme-makinesi\/asik-rulo-sekillendirme-makinesi\/cz-asik-rulo-sekillendirme-makinesi\/\">C ve Z A\u015f\u0131k Rulo \u015eekillendirme Makinesi<\/a> Hem c hem de z a\u015f\u0131k kiri\u015fleri \u00fcretebilen bir sistem. Daha fazla bilgi i\u00e7in bizimle ileti\u015fime ge\u00e7in.<\/p>\n\n\n\n<figure class=\"wp-block-gallery has-nested-images columns-default is-cropped wp-block-gallery-1 is-layout-flex wp-block-gallery-is-layout-flex\">\n<figure class=\"wp-block-image\"><img decoding=\"async\" width=\"1024\" height=\"768\" data-attachment-id=\"3107\" data-permalink=\"https:\/\/believeindustry.company\/tr\/mde-4\/\" data-orig-file=\"https:\/\/believeindustry.company\/wp-content\/uploads\/2018\/10\/c-purlin-machine-feeding-and-leveling-e1538810715805.jpg\" data-orig-size=\"500,375\" data-comments-opened=\"1\" data-image-meta=\"{&quot;aperture&quot;:&quot;0&quot;,&quot;credit&quot;:&quot;&quot;,&quot;camera&quot;:&quot;&quot;,&quot;caption&quot;:&quot;&quot;,&quot;created_timestamp&quot;:&quot;0&quot;,&quot;copyright&quot;:&quot;&quot;,&quot;focal_length&quot;:&quot;0&quot;,&quot;iso&quot;:&quot;0&quot;,&quot;shutter_speed&quot;:&quot;0&quot;,&quot;title&quot;:&quot;&quot;,&quot;orientation&quot;:&quot;0&quot;}\" data-image-title=\"c purlin machine leveling and feeding\" data-image-description=\"\" data-image-caption=\"\" data-large-file=\"https:\/\/believeindustry.company\/wp-content\/uploads\/2018\/10\/c-purlin-machine-feeding-and-leveling-1024x768.jpg\" data-id=\"3107\" src=\"https:\/\/believeindustry.company\/wp-content\/uploads\/2018\/10\/c-purlin-machine-feeding-and-leveling-1024x768.jpg\" alt=\"c a\u015f\u0131k makinesi tesviyesi ve beslemesi\" class=\"wp-image-3107\"\/><\/figure>\n\n\n\n<figure class=\"wp-block-image\"><img loading=\"lazy\" decoding=\"async\" width=\"1024\" height=\"768\" data-attachment-id=\"3108\" data-permalink=\"https:\/\/believeindustry.company\/tr\/mde-5\/\" data-orig-file=\"https:\/\/believeindustry.company\/wp-content\/uploads\/2018\/10\/c-purlin-roll-former-punching-e1538810735765.jpg\" data-orig-size=\"500,375\" data-comments-opened=\"1\" data-image-meta=\"{&quot;aperture&quot;:&quot;0&quot;,&quot;credit&quot;:&quot;&quot;,&quot;camera&quot;:&quot;&quot;,&quot;caption&quot;:&quot;&quot;,&quot;created_timestamp&quot;:&quot;0&quot;,&quot;copyright&quot;:&quot;&quot;,&quot;focal_length&quot;:&quot;0&quot;,&quot;iso&quot;:&quot;0&quot;,&quot;shutter_speed&quot;:&quot;0&quot;,&quot;title&quot;:&quot;&quot;,&quot;orientation&quot;:&quot;0&quot;}\" data-image-title=\"c purlin roll former punching\" data-image-description=\"\" data-image-caption=\"\" data-large-file=\"https:\/\/believeindustry.company\/wp-content\/uploads\/2018\/10\/c-purlin-roll-former-punching-1024x768.jpg\" data-id=\"3108\" src=\"https:\/\/believeindustry.company\/wp-content\/uploads\/2018\/10\/c-purlin-roll-former-punching-1024x768.jpg\" alt=\"c a\u015f\u0131k rulosu eski delme\" class=\"wp-image-3108\"\/><\/figure>\n\n\n\n<figure class=\"wp-block-image\"><img loading=\"lazy\" decoding=\"async\" width=\"1024\" height=\"768\" data-attachment-id=\"3106\" data-permalink=\"https:\/\/believeindustry.company\/tr\/mde-3\/\" data-orig-file=\"https:\/\/believeindustry.company\/wp-content\/uploads\/2018\/10\/c-purlin-roll-forming-machine-straightening-e1538810747628.jpg\" data-orig-size=\"500,375\" data-comments-opened=\"1\" data-image-meta=\"{&quot;aperture&quot;:&quot;0&quot;,&quot;credit&quot;:&quot;&quot;,&quot;camera&quot;:&quot;&quot;,&quot;caption&quot;:&quot;&quot;,&quot;created_timestamp&quot;:&quot;0&quot;,&quot;copyright&quot;:&quot;&quot;,&quot;focal_length&quot;:&quot;0&quot;,&quot;iso&quot;:&quot;0&quot;,&quot;shutter_speed&quot;:&quot;0&quot;,&quot;title&quot;:&quot;&quot;,&quot;orientation&quot;:&quot;0&quot;}\" data-image-title=\"c purlin roll forming machine straightening\" data-image-description=\"\" data-image-caption=\"\" data-large-file=\"https:\/\/believeindustry.company\/wp-content\/uploads\/2018\/10\/c-purlin-roll-forming-machine-straightening-1024x768.jpg\" data-id=\"3106\" src=\"https:\/\/believeindustry.company\/wp-content\/uploads\/2018\/10\/c-purlin-roll-forming-machine-straightening-1024x768.jpg\" alt=\"c a\u015f\u0131k rulo \u015fekillendirme makinesi do\u011frultma\" class=\"wp-image-3106\"\/><\/figure>\n\n\n\n<figure class=\"wp-block-image\"><img loading=\"lazy\" decoding=\"async\" width=\"1024\" height=\"768\" data-attachment-id=\"3109\" data-permalink=\"https:\/\/believeindustry.company\/tr\/mde-6\/\" data-orig-file=\"https:\/\/believeindustry.company\/wp-content\/uploads\/2018\/10\/c-purlin-roll-former-e1538810763224.jpg\" data-orig-size=\"1000,750\" data-comments-opened=\"1\" data-image-meta=\"{&quot;aperture&quot;:&quot;0&quot;,&quot;credit&quot;:&quot;&quot;,&quot;camera&quot;:&quot;&quot;,&quot;caption&quot;:&quot;&quot;,&quot;created_timestamp&quot;:&quot;0&quot;,&quot;copyright&quot;:&quot;&quot;,&quot;focal_length&quot;:&quot;0&quot;,&quot;iso&quot;:&quot;0&quot;,&quot;shutter_speed&quot;:&quot;0&quot;,&quot;title&quot;:&quot;&quot;,&quot;orientation&quot;:&quot;0&quot;}\" data-image-title=\"c purlin roll former\" data-image-description=\"\" data-image-caption=\"\" data-large-file=\"https:\/\/believeindustry.company\/wp-content\/uploads\/2018\/10\/c-purlin-roll-former-1024x768.jpg\" data-id=\"3109\" src=\"https:\/\/believeindustry.company\/wp-content\/uploads\/2018\/10\/c-purlin-roll-former-1024x768.jpg\" alt=\"c a\u015f\u0131k rulosu kal\u0131b\u0131\" class=\"wp-image-3109\"\/><\/figure>\n<\/figure>","protected":false},"excerpt":{"rendered":"<p>C Purlin Roll Former is for produce C Purlins as per requirements. The Purlin web size is from 80-350mm, flange size is from 40-60mm, and thickness is 1.0-3.5mm.&nbsp; C Purlin Roll Former C Purlin Specifications C Purlin Roll Former Machine Components Flow Chat of Purlin Machine Technical Parameters of C Purlin Roll Former Uncoiler Roll [&hellip;]<\/p>\n","protected":false},"author":2,"featured_media":3109,"parent":0,"menu_order":0,"comment_status":"closed","ping_status":"closed","template":"","meta":{"_angie_page":false,"footnotes":"","big_sky_generated":false},"tags":[607846036],"class_list":["post-3099","page","type-page","status-publish","has-post-thumbnail","hentry","tag-c-purlin-machine"],"blocksy_meta":[],"jetpack_sharing_enabled":true,"jetpack_shortlink":"https:\/\/wp.me\/P9K5n8-NZ","jetpack_likes_enabled":false,"jetpack-related-posts":[{"id":838,"url":"https:\/\/believeindustry.company\/tr\/roll-forming-machine\/purlin-roll-forming-machine\/z-purlin-roll-forming-machine\/","url_meta":{"origin":3099,"position":0},"title":"Z A\u015f\u0131k Rulo \u015eekillendirme Makinesi","author":"Believe Industry Group","date":"Nisan 2, 2018","format":false,"excerpt":"Z \u00a0Purlin Roll Forming Machine is used to produce Z Purlins, which webs width is 80-350mm, flange width is 35-80mm, thickness is 1.5-5mm. Introduction of Z Purlin Roll Forming Machine What's Z Purlin? Z Purlin, \u00a0which point symmetric sections that are shaped similar to the letter \"Z\" are referenced as\u2026","rel":"","context":"\"Construction and Steel Structure\" i\u00e7inde","block_context":{"text":"Construction and Steel Structure","link":"https:\/\/believeindustry.company\/tr\/tag\/construction-and-steel-structure\/"},"img":{"alt_text":"z purlin roll forming machine","src":"https:\/\/i0.wp.com\/believeindustry.company\/wp-content\/uploads\/2018\/04\/z-purlin-roll-forming-machine-e1522733510258.jpg?resize=350%2C200&ssl=1","width":350,"height":200,"srcset":"https:\/\/i0.wp.com\/believeindustry.company\/wp-content\/uploads\/2018\/04\/z-purlin-roll-forming-machine-e1522733510258.jpg?resize=350%2C200&ssl=1 1x, https:\/\/i0.wp.com\/believeindustry.company\/wp-content\/uploads\/2018\/04\/z-purlin-roll-forming-machine-e1522733510258.jpg?resize=525%2C300&ssl=1 1.5x, https:\/\/i0.wp.com\/believeindustry.company\/wp-content\/uploads\/2018\/04\/z-purlin-roll-forming-machine-e1522733510258.jpg?resize=700%2C400&ssl=1 2x"},"classes":[]},{"id":800,"url":"https:\/\/believeindustry.company\/tr\/roll-forming-machine\/purlin-roll-forming-machine\/c-purlin-roll-forming-machine\/","url_meta":{"origin":3099,"position":1},"title":"C A\u015f\u0131k Rulo \u015eekillendirme Makinesi","author":"Believe Industry Group","date":"Mart 31, 2018","format":false,"excerpt":"C Purlin Roll Forming Machine is the primary solution for manufacturing high-quality structural steel profiles used in modern industrial buildings. At Beli RollForming, we take pride in being a leading manufacturer and exporter in China, delivering machines that produce C-purlins with a web width of 75-350mm, flange width of 35-80mm,\u2026","rel":"","context":"\"C Purlin Machine\" i\u00e7inde","block_context":{"text":"C Purlin Machine","link":"https:\/\/believeindustry.company\/tr\/tag\/c-purlin-machine\/"},"img":{"alt_text":"c purlin roll forming machine","src":"https:\/\/i0.wp.com\/believeindustry.company\/wp-content\/uploads\/2025\/12\/cee-purlin-roll-former.webp?resize=350%2C200&ssl=1","width":350,"height":200,"srcset":"https:\/\/i0.wp.com\/believeindustry.company\/wp-content\/uploads\/2025\/12\/cee-purlin-roll-former.webp?resize=350%2C200&ssl=1 1x, https:\/\/i0.wp.com\/believeindustry.company\/wp-content\/uploads\/2025\/12\/cee-purlin-roll-former.webp?resize=525%2C300&ssl=1 1.5x, https:\/\/i0.wp.com\/believeindustry.company\/wp-content\/uploads\/2025\/12\/cee-purlin-roll-former.webp?resize=700%2C400&ssl=1 2x, https:\/\/i0.wp.com\/believeindustry.company\/wp-content\/uploads\/2025\/12\/cee-purlin-roll-former.webp?resize=1050%2C600&ssl=1 3x, https:\/\/i0.wp.com\/believeindustry.company\/wp-content\/uploads\/2025\/12\/cee-purlin-roll-former.webp?resize=1400%2C800&ssl=1 4x"},"classes":[]},{"id":1279,"url":"https:\/\/believeindustry.company\/tr\/video\/purlin-roll-forming-machine-video\/","url_meta":{"origin":3099,"position":2},"title":"A\u015f\u0131k Rulo \u015eekillendirme Makinesi Videosu","author":"Believe Industry Group","date":"Nisan 16, 2018","format":false,"excerpt":"Purlin Roll Forming Machine Video will help you to know how the machine working and how to operate the c z purlin roll forming machine. requirements. Believe Industry Company have a full range of purlin roll forming machines for different:\u00a0C Purlin Roll Forming Machine, Z Purlin Roll Forming Machine. C\u2026","rel":"","context":"\"Purlin Roll Forming Machine\" i\u00e7inde","block_context":{"text":"Purlin Roll Forming Machine","link":"https:\/\/believeindustry.company\/tr\/tag\/purlin-roll-forming-machine\/"},"img":{"alt_text":"c z purlin","src":"https:\/\/i0.wp.com\/believeindustry.company\/wp-content\/uploads\/2018\/05\/c-z-purlin.jpg?resize=350%2C200&ssl=1","width":350,"height":200,"srcset":"https:\/\/i0.wp.com\/believeindustry.company\/wp-content\/uploads\/2018\/05\/c-z-purlin.jpg?resize=350%2C200&ssl=1 1x, https:\/\/i0.wp.com\/believeindustry.company\/wp-content\/uploads\/2018\/05\/c-z-purlin.jpg?resize=525%2C300&ssl=1 1.5x, https:\/\/i0.wp.com\/believeindustry.company\/wp-content\/uploads\/2018\/05\/c-z-purlin.jpg?resize=700%2C400&ssl=1 2x, https:\/\/i0.wp.com\/believeindustry.company\/wp-content\/uploads\/2018\/05\/c-z-purlin.jpg?resize=1050%2C600&ssl=1 3x"},"classes":[]},{"id":659,"url":"https:\/\/believeindustry.company\/tr\/roll-forming-machine\/purlin-roll-forming-machine\/c-z-purlin-roll-forming-machine\/","url_meta":{"origin":3099,"position":3},"title":"CZ A\u015f\u0131k Rulo \u015eekillendirme Makinesi","author":"Believe Industry Group","date":"Mart 24, 2018","format":false,"excerpt":"C \u00a0Z Purlin Roll Forming Machine is for producing C and Z Purlins with less change over time. \u00a0BELI\u00ae new technology design, exchange time is only 2 minutes. Our latest design c and z purlin machine price is only around 35000$ EXW factory. Contact us for more inforamtion. Believe Industry\u2026","rel":"","context":"&quot;Company News&quot; i\u00e7inde","block_context":{"text":"Company News","link":"https:\/\/believeindustry.company\/tr\/category\/company-news\/"},"img":{"alt_text":"A wide shot displaying the entire integrated C Z Purlin Roll Forming Machine production line, showcasing all components from decoiling to final cut-off in a professional factory setting.","src":"https:\/\/i0.wp.com\/believeindustry.company\/wp-content\/uploads\/2025\/12\/high-speed-c-z-purlin-roll-forming-machine.webp?resize=350%2C200&ssl=1","width":350,"height":200,"srcset":"https:\/\/i0.wp.com\/believeindustry.company\/wp-content\/uploads\/2025\/12\/high-speed-c-z-purlin-roll-forming-machine.webp?resize=350%2C200&ssl=1 1x, https:\/\/i0.wp.com\/believeindustry.company\/wp-content\/uploads\/2025\/12\/high-speed-c-z-purlin-roll-forming-machine.webp?resize=525%2C300&ssl=1 1.5x, https:\/\/i0.wp.com\/believeindustry.company\/wp-content\/uploads\/2025\/12\/high-speed-c-z-purlin-roll-forming-machine.webp?resize=700%2C400&ssl=1 2x"},"classes":[]},{"id":4625,"url":"https:\/\/believeindustry.company\/tr\/c-z-purlin-cold-roll-forming-machine-video\/","url_meta":{"origin":3099,"position":4},"title":"CZ A\u015f\u0131k So\u011fuk Haddeleme \u015eekillendirme Makinesi Videosu","author":"Believe Industry Group","date":"Mart 8, 2019","format":false,"excerpt":"The C Z Purlin Cold Roll Forming Machine Video will show the working process of purlin machine. And you will easy to find out the machine components. The layout of c z purlin cold roll forming machine C Z Purlin Cold Roll Forming Machine Components Single Mandrel Uncoiler Feeder and\u2026","rel":"","context":"Benzer yaz\u0131","block_context":{"text":"Benzer yaz\u0131","link":""},"img":{"alt_text":"interchangeable c\/z purlin roll forming machine","src":"https:\/\/i0.wp.com\/believeindustry.company\/wp-content\/uploads\/2018\/10\/interchangeable-c-z-purlin-roll-forming-machine.png?resize=350%2C200&ssl=1","width":350,"height":200,"srcset":"https:\/\/i0.wp.com\/believeindustry.company\/wp-content\/uploads\/2018\/10\/interchangeable-c-z-purlin-roll-forming-machine.png?resize=350%2C200&ssl=1 1x, https:\/\/i0.wp.com\/believeindustry.company\/wp-content\/uploads\/2018\/10\/interchangeable-c-z-purlin-roll-forming-machine.png?resize=525%2C300&ssl=1 1.5x, https:\/\/i0.wp.com\/believeindustry.company\/wp-content\/uploads\/2018\/10\/interchangeable-c-z-purlin-roll-forming-machine.png?resize=700%2C400&ssl=1 2x"},"classes":[]},{"id":3167,"url":"https:\/\/believeindustry.company\/tr\/interchangeable-c-z-purlin-roll-forming-machine-2\/","url_meta":{"origin":3099,"position":5},"title":"De\u011fi\u015ftirilebilir C\/Z A\u015f\u0131k Rulo \u015eekillendirme Makinesi","author":"Believe Industry Group","date":"Ekim 17, 2018","format":false,"excerpt":"Interchangeable c\/z purlin roll forming machine produce cee and zed purlins with various sizes. And the size adjustment is whole automatic A traditional c or z purlin roll forming machine only can produce various sizes of c or z purlins. The web size 80-350mm, flange size 50-100mm and the lip\u2026","rel":"","context":"\"c z purlin cold roll forming machine\" i\u00e7inde","block_context":{"text":"c z purlin cold roll forming machine","link":"https:\/\/believeindustry.company\/tr\/tag\/c-z-purlin-cold-roll-forming-machine\/"},"img":{"alt_text":"","src":"https:\/\/i0.wp.com\/believeindustry.company\/wp-content\/uploads\/2018\/10\/cutoff-device-of-c-and-z-purlin-machine.png?resize=350%2C200&ssl=1","width":350,"height":200},"classes":[]}],"amp_enabled":true,"_links":{"self":[{"href":"https:\/\/believeindustry.company\/tr\/wp-json\/wp\/v2\/pages\/3099","targetHints":{"allow":["GET"]}}],"collection":[{"href":"https:\/\/believeindustry.company\/tr\/wp-json\/wp\/v2\/pages"}],"about":[{"href":"https:\/\/believeindustry.company\/tr\/wp-json\/wp\/v2\/types\/page"}],"author":[{"embeddable":true,"href":"https:\/\/believeindustry.company\/tr\/wp-json\/wp\/v2\/users\/2"}],"replies":[{"embeddable":true,"href":"https:\/\/believeindustry.company\/tr\/wp-json\/wp\/v2\/comments?post=3099"}],"version-history":[{"count":2,"href":"https:\/\/believeindustry.company\/tr\/wp-json\/wp\/v2\/pages\/3099\/revisions"}],"predecessor-version":[{"id":18519,"href":"https:\/\/believeindustry.company\/tr\/wp-json\/wp\/v2\/pages\/3099\/revisions\/18519"}],"wp:featuredmedia":[{"embeddable":true,"href":"https:\/\/believeindustry.company\/tr\/wp-json\/wp\/v2\/media\/3109"}],"wp:attachment":[{"href":"https:\/\/believeindustry.company\/tr\/wp-json\/wp\/v2\/media?parent=3099"}],"wp:term":[{"taxonomy":"post_tag","embeddable":true,"href":"https:\/\/believeindustry.company\/tr\/wp-json\/wp\/v2\/tags?post=3099"}],"curies":[{"name":"wp","href":"https:\/\/api.w.org\/{rel}","templated":true}]}}