{"id":3148,"date":"2018-10-15T13:54:11","date_gmt":"2018-10-15T05:54:11","guid":{"rendered":"https:\/\/believeindustry.company\/?page_id=3148"},"modified":"2026-04-11T22:01:13","modified_gmt":"2026-04-11T14:01:13","slug":"sirli-karo-rulo-sekillendirme-makinesi","status":"publish","type":"page","link":"https:\/\/believeindustry.company\/tr\/roll-forming-machine\/metal-sheet-roll-forming-machine\/glazed-tile-roll-forming-machine\/","title":{"rendered":"S\u0131rl\u0131 Karo Rulo \u015eekillendirme Makinesi"},"content":{"rendered":"<p><strong>S\u0131rl\u0131 Karo Rulo \u015eekillendirme Makinesi<\/strong> Bu makine, istenilen \u00e7izimlere g\u00f6re metal s\u0131rl\u0131 karo \u00fcretmek i\u00e7in kullan\u0131l\u0131r. Believe Industry Company&#039;nin yeni tasar\u0131m karo makinesinin h\u0131z\u0131 dakikada 6 metreye kadar \u00e7\u0131kabilmektedir.<\/p>\n\n\n\n<h2 class=\"wp-block-heading\"><p><span style=\"font-size: inherit;\"> <\/span><strong style=\"font-size: inherit;\"><span style=\"font-size: 18pt;\">S\u0131rl\u0131 Karo Rulo \u015eekillendirme Makinesi<\/span><\/strong><\/p><\/h2>\n\n\n\n<h3 class=\"wp-block-heading\"><strong><span style=\"font-size: 14pt;\">Makine Bile\u015fenleri<\/span><\/strong><\/h3>\n\n\n\n<ol class=\"wp-block-list\">\n<li>Hidrolik Bobin A\u00e7\u0131c\u0131<\/li>\n\n\n\n<li>K\u0131lavuz ve Besleyici<\/li>\n\n\n\n<li>\u00d6n kesici<\/li>\n\n\n\n<li>Rulo \u015eekillendirme De\u011firmeni<\/li>\n\n\n\n<li>Tek G\u00f6vdeli Hidrolik Delme ve Kesme Cihaz\u0131<\/li>\n\n\n\n<li>Koleksiyon Tablosu<\/li>\n\n\n\n<li>Hidrolik \u0130stasyon<\/li>\n\n\n\n<li>Kontrol Paneli<\/li>\n<\/ol>\n\n\n\n<h3 class=\"wp-block-heading\"><strong><span style=\"font-size: 14pt;\">\u0130\u015f Ak\u0131\u015f\u0131<\/span><\/strong><\/h3>\n\n\n\n<figure class=\"wp-block-image\"><img fetchpriority=\"high\" decoding=\"async\" width=\"1374\" height=\"397\" data-attachment-id=\"2558\" data-permalink=\"https:\/\/believeindustry.company\/tr\/roll-forming-machine\/metal-sheet-roll-forming-machine\/steel-tile-profile-roll-forming-machine\/layout-of-steel-tile-profile-roll-forming-machine\/\" data-orig-file=\"https:\/\/believeindustry.company\/wp-content\/uploads\/2018\/08\/Layout-of-Steel-Tile-Profile-Roll-Forming-Machine.jpg\" data-orig-size=\"1374,397\" data-comments-opened=\"1\" data-image-meta=\"{&quot;aperture&quot;:&quot;0&quot;,&quot;credit&quot;:&quot;&quot;,&quot;camera&quot;:&quot;&quot;,&quot;caption&quot;:&quot;&quot;,&quot;created_timestamp&quot;:&quot;0&quot;,&quot;copyright&quot;:&quot;&quot;,&quot;focal_length&quot;:&quot;0&quot;,&quot;iso&quot;:&quot;0&quot;,&quot;shutter_speed&quot;:&quot;0&quot;,&quot;title&quot;:&quot;&quot;,&quot;orientation&quot;:&quot;0&quot;}\" data-image-title=\"Layout of Steel Tile Profile Roll Forming Machine\" data-image-description=\"\" data-image-caption=\"\" data-large-file=\"https:\/\/believeindustry.company\/wp-content\/uploads\/2018\/08\/Layout-of-Steel-Tile-Profile-Roll-Forming-Machine-1024x296.jpg\" src=\"https:\/\/believeindustry.company\/wp-content\/uploads\/2018\/08\/Layout-of-Steel-Tile-Profile-Roll-Forming-Machine.jpg\" alt=\"\u00c7elik Karo Profil Rulo \u015eekillendirme Makinesinin Yerle\u015fim Plan\u0131\" class=\"wp-image-2558\" srcset=\"https:\/\/believeindustry.company\/wp-content\/uploads\/2018\/08\/Layout-of-Steel-Tile-Profile-Roll-Forming-Machine.jpg 1374w, https:\/\/believeindustry.company\/wp-content\/uploads\/2018\/08\/Layout-of-Steel-Tile-Profile-Roll-Forming-Machine-600x173.jpg 600w, https:\/\/believeindustry.company\/wp-content\/uploads\/2018\/08\/Layout-of-Steel-Tile-Profile-Roll-Forming-Machine-300x87.jpg 300w, https:\/\/believeindustry.company\/wp-content\/uploads\/2018\/08\/Layout-of-Steel-Tile-Profile-Roll-Forming-Machine-1024x296.jpg 1024w\" sizes=\"(max-width: 1374px) 100vw, 1374px\" \/><\/figure>\n\n\n\n<p>Metal s\u0131rl\u0131 karo rulo \u015fekillendirme makinesinin \u00fcretim s\u00fcreci \u015fu \u015fekildedir: A\u00e7ma \u2013 Besleme ve Y\u00f6nlendirme \u2013 Rulo \u015eekillendirme \u2013 Delme \u2013 Kesme \u2013 Toplama<\/p>\n\n\n\n<h3 class=\"wp-block-heading\"><strong><span style=\"font-size: 14pt;\">S\u0131rl\u0131 Karo Rulo \u015eekillendirme Makinesi \u00d6zellikleri<\/span><\/strong><\/h3>\n\n\n\n<h4 class=\"wp-block-heading\"><strong><span style=\"font-size: 12pt;\">5 Tonluk Hidrolik Bobin A\u00e7\u0131c\u0131<\/span><\/strong><\/h4>\n\n\n\n<p>Bobin a\u00e7\u0131c\u0131, bobinleri tutmak ve ana metal karo makinesine a\u00e7mak i\u00e7in kullan\u0131l\u0131r.<\/p>\n\n\n\n<ol class=\"wp-block-list\">\n<li> Ana motor g\u00fcc\u00fc: 4 kW<\/li>\n\n\n\n<li> Mil malzemesi: ASTM1045 \u00e7elik\u00a0<\/li>\n\n\n\n<li>Aktar\u0131m tahriki: 1,2 in\u00e7 zincirler<\/li>\n\n\n\n<li>Mil \u00e7ap\u0131: 130 mm<\/li>\n\n\n\n<li>Hidrolik motor: 3 kW\u00a0<\/li>\n\n\n\n<li>Ya\u011f kab\u0131n\u0131n yolculu\u011fu: 120 mm\u00a0<\/li>\n\n\n\n<li>Bas\u0131n\u00e7: 10 MPa<\/li>\n\n\n\n<li>\u0130\u00e7 \u00e7ap: 480-530 mm<\/li>\n\n\n\n<li>Maksimum \u00e7ap: 1600 mm<\/li>\n\n\n\n<li>Kapasite: 5 ton<\/li>\n<\/ol>\n\n\n\n<h4 class=\"wp-block-heading\"><strong><span style=\"font-size: 12pt;\">Rulo \u015eekillendirme De\u011firmeni<\/span><\/strong><\/h4>\n\n\n\n<ol class=\"wp-block-list\">\n<li>Makine Yap\u0131s\u0131: H \u00e7elik kaynakl\u0131, krom kapl\u0131 destek kollar\u0131.<\/li>\n\n\n\n<li>Profil \u00e7elik kal\u0131nl\u0131\u011f\u0131 0,3-0,6 mm; karbon \u00e7elik ve paslanmaz \u00e7elik.<\/li>\n\n\n\n<li>Ana motor g\u00fcc\u00fc: 7,5 KW, AC motor,\u00a0<\/li>\n\n\n\n<li>Makine Gerilimi, Frekans\u0131, Faz\u0131: 380 V, 50 Hz, 3 Faz,\u00a0<\/li>\n\n\n\n<li>Yuvarlanma istasyonu: 16 istasyon<\/li>\n\n\n\n<li>Silindir malzemesi: ASTM1045, sertlik ve krom kaplama y\u00fczey.<\/li>\n\n\n\n<li>Mil \u00e7ap\u0131: 76 mm, malzeme: ASTM1045\u00a0<\/li>\n\n\n\n<li>Metal Karo Makinesi H\u0131z\u0131: 6-8 m\/dak<\/li>\n\n\n\n<li>Aktar\u0131m: zincirle<\/li>\n<\/ol>\n\n\n\n<h4 class=\"wp-block-heading\"><strong><span style=\"font-size: 12pt;\">Hidrolik Delme ve Kesme<\/span><\/strong><\/h4>\n\n\n\n<ol class=\"wp-block-list\">\n<li>Tek par\u00e7a g\u00f6vde ve d\u00f6rt direkli tasar\u0131m benimsenmi\u015ftir, daha g\u00fc\u00e7l\u00fc ve \u015f\u0131k bir g\u00f6r\u00fcn\u00fcme sahiptir.<\/li>\n\n\n\n<li>Delme ve Kesme Kal\u0131p Malzemesi: CR12, 58-62 derece s\u0131cakl\u0131kta sertle\u015ftirilmi\u015f<\/li>\n\n\n\n<li>Uzunluk \u00f6l\u00e7me cihaz\u0131, marka: Omron<\/li>\n\n\n\n<li>Uzunluk tolerans\u0131: 3000 mm +\/- 1,5 mm<\/li>\n<\/ol>\n\n\n\n<h4 class=\"wp-block-heading\"><strong><span style=\"font-size: 12pt;\">Hidrolik \u0130stasyon<\/span><\/strong><\/h4>\n\n\n\n<ol class=\"wp-block-list\">\n<li>Hidrolik g\u00fc\u00e7: Enerji depolama tank\u0131 ile birlikte 11 kW<\/li>\n\n\n\n<li>\u00c7al\u0131\u015fma bas\u0131nc\u0131: 10-12 MPa ayarlanabilir<\/li>\n\n\n\n<li>Solenoid valf: 2 grup<\/li>\n\n\n\n<li>Hidrolik ya\u011f: 46 # hidrolik ya\u011f<\/li>\n<\/ol>\n\n\n\n<h4 class=\"wp-block-heading\"><strong><span style=\"font-size: 12pt;\">Kontrol Paneli<\/span><\/strong><\/h4>\n\n\n\n<ol class=\"wp-block-list\">\n<li>Dokunmatik ekrandan \u00e7elik karolar\u0131n \u00e7al\u0131\u015fma h\u0131z\u0131n\u0131\/uzunlu\u011funu\/parti say\u0131s\u0131n\u0131\/miktar\u0131n\u0131 ayarlayabilirsiniz. Ard\u0131ndan makine otomatik olarak \u00e7al\u0131\u015facakt\u0131r. Veya manuel modu se\u00e7ebilirsiniz.<\/li>\n\n\n\n<li>Bilgisayar Kontrol Sistemi: Panasonic PLC<\/li>\n\n\n\n<li>Dokunmatik ekran: Kunluntongtai MCSG<\/li>\n\n\n\n<li>Kodlay\u0131c\u0131: Omron Markas\u0131<\/li>\n\n\n\n<li>\u0130nverter: YASKAWA<\/li>\n\n\n\n<li>Limit \u015falteri: Omron Markas\u0131<\/li>\n\n\n\n<li>Hidrolik \u0130stasyonun Bas\u0131nc\u0131: 16 MPa<\/li>\n\n\n\n<li>Ak\u0131m: 380V do\u011fru ak\u0131m, 50Hz, 3 faz<\/li>\n\n\n\n<li>Kablolar\u0131n kolayca ba\u011flanmas\u0131 i\u00e7in havac\u0131l\u0131k tipi fi\u015f kullan\u0131lm\u0131\u015ft\u0131r.<\/li>\n<\/ol>\n\n\n\n<p><strong><a href=\"http:\/\/www.belirollform.com\" target=\"_blank\" rel=\"noopener\">Believe Industry Company<\/a><\/strong> tam bir yelpazeye sahip olmak <a href=\"https:\/\/believeindustry.company\/tr\/rulo-sekillendirme-makinesi\/\">rulo \u015fekillendirme makineleri<\/a> kiremitler ve metal \u00e7at\u0131 levhalar\u0131 i\u00e7in. <a href=\"https:\/\/believeindustry.company\/tr\/contact\/\">Bize Ula\u015f\u0131n<\/a> Daha fazla bilgi i\u00e7in.<\/p>\n\n\n\n<h3 class=\"wp-block-heading\"><strong>\u00c7elik kiremit makinesinin foto\u011fraflar\u0131<\/strong><\/h3>\n\n\n\n<figure class=\"wp-block-image is-resized\"><img decoding=\"async\" width=\"497\" height=\"677\" data-attachment-id=\"2559\" data-permalink=\"https:\/\/believeindustry.company\/tr\/roll-forming-machine\/metal-sheet-roll-forming-machine\/steel-tile-profile-roll-forming-machine\/steel-tile-profile-roll-forming-machine\/\" data-orig-file=\"https:\/\/believeindustry.company\/wp-content\/uploads\/2018\/08\/steel-tile-profile-roll-forming-machine.jpg\" data-orig-size=\"497,677\" data-comments-opened=\"1\" data-image-meta=\"{&quot;aperture&quot;:&quot;0&quot;,&quot;credit&quot;:&quot;&quot;,&quot;camera&quot;:&quot;&quot;,&quot;caption&quot;:&quot;&quot;,&quot;created_timestamp&quot;:&quot;0&quot;,&quot;copyright&quot;:&quot;&quot;,&quot;focal_length&quot;:&quot;0&quot;,&quot;iso&quot;:&quot;0&quot;,&quot;shutter_speed&quot;:&quot;0&quot;,&quot;title&quot;:&quot;&quot;,&quot;orientation&quot;:&quot;0&quot;}\" data-image-title=\"steel tile profile roll forming machine\" data-image-description=\"\" data-image-caption=\"\" data-large-file=\"https:\/\/believeindustry.company\/wp-content\/uploads\/2018\/08\/steel-tile-profile-roll-forming-machine.jpg\" src=\"https:\/\/believeindustry.company\/wp-content\/uploads\/2018\/08\/steel-tile-profile-roll-forming-machine.jpg\" alt=\"\u00e7elik karo profil rulo \u015fekillendirme makinesi\" class=\"wp-image-2559\" style=\"width:580px;height:790px\" srcset=\"https:\/\/believeindustry.company\/wp-content\/uploads\/2018\/08\/steel-tile-profile-roll-forming-machine.jpg 497w, https:\/\/believeindustry.company\/wp-content\/uploads\/2018\/08\/steel-tile-profile-roll-forming-machine-220x300.jpg 220w\" sizes=\"(max-width: 497px) 100vw, 497px\" \/><figcaption><\/figcaption><\/figure>\n\n\n\n<p>&nbsp;<\/p>","protected":false},"excerpt":{"rendered":"<p>Glazed Tile Roll Forming Machine is for produce metal glazed tiles as desired drawings. Believe Industry Company new design tile machine speed can be up to 6m per minute. Glazed Tile Roll Forming Machine Machine Components Work Flow The production process of the metal glazed tile roll forming machine is: Uncoiling&#8211; Feeding&amp;Guiding&#8211; Roll Forming&#8211; Punching&#8211; [&hellip;]<\/p>\n","protected":false},"author":2,"featured_media":3150,"parent":724,"menu_order":15,"comment_status":"closed","ping_status":"closed","template":"","meta":{"_angie_page":false,"footnotes":"","big_sky_generated":false},"tags":[607851244,607848639,607848642,607848641,607849628,607848640],"class_list":["post-3148","page","type-page","status-publish","has-post-thumbnail","hentry","tag-construction-and-steel-structure","tag-glazed-tile-machine","tag-glazed-tile-roll-forming-machine","tag-metal-glazed-tile-machine","tag-panel-lines","tag-steel-glazed-tile-machine"],"blocksy_meta":[],"jetpack_sharing_enabled":true,"jetpack_shortlink":"https:\/\/wp.me\/P9K5n8-OM","jetpack_likes_enabled":false,"jetpack-related-posts":[],"amp_enabled":true,"_links":{"self":[{"href":"https:\/\/believeindustry.company\/tr\/wp-json\/wp\/v2\/pages\/3148","targetHints":{"allow":["GET"]}}],"collection":[{"href":"https:\/\/believeindustry.company\/tr\/wp-json\/wp\/v2\/pages"}],"about":[{"href":"https:\/\/believeindustry.company\/tr\/wp-json\/wp\/v2\/types\/page"}],"author":[{"embeddable":true,"href":"https:\/\/believeindustry.company\/tr\/wp-json\/wp\/v2\/users\/2"}],"replies":[{"embeddable":true,"href":"https:\/\/believeindustry.company\/tr\/wp-json\/wp\/v2\/comments?post=3148"}],"version-history":[{"count":2,"href":"https:\/\/believeindustry.company\/tr\/wp-json\/wp\/v2\/pages\/3148\/revisions"}],"predecessor-version":[{"id":19726,"href":"https:\/\/believeindustry.company\/tr\/wp-json\/wp\/v2\/pages\/3148\/revisions\/19726"}],"up":[{"embeddable":true,"href":"https:\/\/believeindustry.company\/tr\/wp-json\/wp\/v2\/pages\/724"}],"wp:featuredmedia":[{"embeddable":true,"href":"https:\/\/believeindustry.company\/tr\/wp-json\/wp\/v2\/media\/3150"}],"wp:attachment":[{"href":"https:\/\/believeindustry.company\/tr\/wp-json\/wp\/v2\/media?parent=3148"}],"wp:term":[{"taxonomy":"post_tag","embeddable":true,"href":"https:\/\/believeindustry.company\/tr\/wp-json\/wp\/v2\/tags?post=3148"}],"curies":[{"name":"wp","href":"https:\/\/api.w.org\/{rel}","templated":true}]}}